{"id":5184,"date":"2021-10-01T15:22:46","date_gmt":"2021-10-01T13:22:46","guid":{"rendered":"http:\/\/localhost\/ins-test\/?post_type=product&#038;p=5184"},"modified":"2026-03-17T23:07:36","modified_gmt":"2026-03-17T22:07:36","slug":"euphrynichus-bacillifer-geisselspinne","status":"publish","type":"product","link":"https:\/\/insektenliebe.com\/de\/shop\/produkt\/euphrynichus-bacillifer-geisselspinne\/","title":{"rendered":"Euphrynichus bacillifer \"Gei\u00dfelspinne\""},"content":{"rendered":"<h3><span style=\"color: #99cc33\">Kurzbeschreibung Euphrynichus bacillifer \"Gei\u00dfelspinne\":<\/span><\/h3>\n<p><strong>Euphrynichus bacillifer \"Gei\u00dfelspinne\"<\/strong> kommt urspr\u00fcnglich aus einem relativ gro\u00dfen Verbreitungsgebiet zwischen Mittel- und S\u00fcdafrika vor. Gro\u00dfe, etwas unterschiedliche Herkunftsgebiete bedeuten f\u00fcr die Haltung im Terrarium auch, dass sich die Tiere auch etwas den Gegebenheiten anpassen k\u00f6nnen. Selbstverst\u00e4ndlich bedeutet das keine 90 Grad Kehrtwende in den Haltungsanspr\u00fcchen aber sie vertr\u00e4gt auf jeden Fall gewisse Schwankungen.<\/p>\n<p>Typisch f\u00fcr Gei\u00dfelspinnen hat auch<strong>Euphrynichus bacillifer<\/strong>\u00a0einen relativ flachen K\u00f6rper. Dadurch passt sie in jede Ritze und genau das macht sie auch an liebsten. Es ist faszinierend, wenn die nachtaktive Gei\u00dfelspinnen-Art mit ihren Gei\u00dfeln ihre Umgebung abtastet und sich dabei seitw\u00e4rts bewegt. Dabei sollte man auch darauf achten, dass sie gen\u00fcgend Platz im Terrarium haben, damit sie sich frei bewegen k\u00f6nnen. Die Lauffl\u00e4che kann man mit geschichteter Korkrinde oder geh\u00e4uften Lavasteinen erh\u00f6hen. Letztere speichern gleichzeitig die Feuchtigkeit gut und geben sie langsam an die Umgebung wieder ab. Die Tiere sollten bei 28\u201330 \u00b0C und einer konstant hohen Luftfeuchtigkeit (80-95%) gehalten werden. Eine flache Wasserschale mit Steinen anzubieten ist ebenfalls sinnvoll, da wir \u00f6fter beobachten konnte, dass die Tiere auch tats\u00e4chlich diese annehmen und daraus trinken.<\/p>\n<p>Als Bodengrund verwenden wir ein Waldhumus, wei\u00dffaules Holz und Laub Gemisch. Dieses haben wir mit Springschw\u00e4nzen angeimpft und als Bodenpolizei und gleichzeitige Futterquelle haben wir Porcellionides pruinosus (Kubanische Asseln) im Einsatz. Diese weichschalige Asselart wird von den <strong>Euphrynichus bacillifer \"Gei\u00dfelspinne\"<\/strong> sehr gut angenommen und man hat eine Art autarke Symbiose im Terrarium.<\/p>\n<p><strong>Euphrynichus bacillifer \"Gei\u00dfelspinne\"<\/strong> ist sehr sozial und wir konnten noch nie einen Fall von Kannibalismus feststellen, daher kann man die Tiere sehr gut in Gruppen halten. Sobald man beide Geschlechter h\u00e4lt, kommt es auch ganz automatisch zu Nachwuchs. Die Jungtiere verharren bis zur ersten H\u00e4utung auf dem R\u00fccken der Weibchen. Danach trennen wir den Nachwuchs von der Gruppe und siedeln sie in einer separaten Gruppe an.<\/p>\n","protected":false},"excerpt":{"rendered":"<p>Kurzbeschreibung Euphrynichus bacillifer \"Gei\u00dfelspinne\": Euphrynichus bacillifer \"Gei\u00dfelspinne\" kommt urspr\u00fcnglich aus einem relativ gro\u00dfen Verbreitungsgebiet zwischen Mittel- und S\u00fcdafrika vor. Gro\u00dfe, etwas unterschiedliche Herkunftsgebiete bedeuten f\u00fcr die Haltung im Terrarium auch, dass sich die Tiere auch etwas den Gegebenheiten anpassen k\u00f6nnen. Selbstverst\u00e4ndlich bedeutet das keine 90 Grad Kehrtwende in den Haltungsanspr\u00fcchen aber sie vertr\u00e4gt auf jeden [&hellip;]<\/p>\n","protected":false},"featured_media":5213,"template":"","meta":{"_acf_changed":false},"product-supplier":[],"product_brand":[],"product_cat":[79,626],"product_tag":[],"lce-checkout-addons":[1202],"class_list":{"0":"post-5184","1":"product","2":"type-product","3":"status-publish","4":"has-post-thumbnail","6":"product_cat-sonstige-spinnen","7":"product_cat-spinnen","8":"product_shipping_class-animal-shipping","9":"pa_geschlecht-unbestimmt","10":"pa_herkunft-suedafrika","11":"pa_kontinent-afrika","12":"lce-checkout-addons-winterverpackung","14":"first","15":"outofstock","16":"taxable","17":"shipping-taxable","18":"purchasable","19":"product-type-variable"},"acf":[],"yoast_head":"<!-- This site is optimized with the Yoast SEO plugin v27.3 - https:\/\/yoast.com\/product\/yoast-seo-wordpress\/ -->\n<title>Euphrynichus bacillifer &quot;Gei\u00dfelspinne&quot; - Insektenliebe<\/title>\n<meta name=\"description\" content=\"G\u00fcnstige Euphrynichus bacillifer &quot;Gei\u00dfelspinne&quot; Nachzuchten direkt online kaufen! Mit ausf\u00fchrlicher Haltungsbeschreibung!\" \/>\n<meta name=\"robots\" content=\"index, follow, max-snippet:-1, max-image-preview:large, max-video-preview:-1\" \/>\n<link rel=\"canonical\" href=\"https:\/\/insektenliebe.com\/de\/shop\/produkt\/euphrynichus-bacillifer-geisselspinne\/\" \/>\n<meta property=\"og:locale\" content=\"de_DE\" \/>\n<meta property=\"og:type\" content=\"article\" \/>\n<meta property=\"og:title\" content=\"Euphrynichus bacillifer &quot;Gei\u00dfelspinne&quot; - Insektenliebe\" \/>\n<meta property=\"og:description\" content=\"G\u00fcnstige Euphrynichus bacillifer &quot;Gei\u00dfelspinne&quot; Nachzuchten direkt online kaufen! Mit ausf\u00fchrlicher Haltungsbeschreibung!\" \/>\n<meta property=\"og:url\" content=\"https:\/\/insektenliebe.com\/de\/shop\/produkt\/euphrynichus-bacillifer-geisselspinne\/\" \/>\n<meta property=\"og:site_name\" content=\"Insektenliebe\" \/>\n<meta property=\"article:modified_time\" content=\"2026-03-17T22:07:36+00:00\" \/>\n<meta property=\"og:image\" content=\"https:\/\/insektenliebe.com\/wp-content\/uploads\/2025\/05\/Euphrynichus-bacillifer-2.jpg\" \/>\n\t<meta property=\"og:image:width\" content=\"820\" \/>\n\t<meta property=\"og:image:height\" content=\"820\" \/>\n\t<meta property=\"og:image:type\" content=\"image\/jpeg\" \/>\n<meta name=\"twitter:card\" content=\"summary_large_image\" \/>\n<meta name=\"twitter:label1\" content=\"Gesch\u00e4tzte Lesezeit\" \/>\n\t<meta name=\"twitter:data1\" content=\"2\u00a0Minuten\" \/>\n<script type=\"application\/ld+json\" class=\"yoast-schema-graph\">{\"@context\":\"https:\\\/\\\/schema.org\",\"@graph\":[{\"@type\":\"WebPage\",\"@id\":\"https:\\\/\\\/insektenliebe.com\\\/de\\\/shop\\\/produkt\\\/euphrynichus-bacillifer-geisselspinne\\\/\",\"url\":\"https:\\\/\\\/insektenliebe.com\\\/de\\\/shop\\\/produkt\\\/euphrynichus-bacillifer-geisselspinne\\\/\",\"name\":\"Euphrynichus bacillifer \\\"Gei\u00dfelspinne\\\" - Insektenliebe\",\"isPartOf\":{\"@id\":\"https:\\\/\\\/insektenliebe.com\\\/de\\\/#website\"},\"primaryImageOfPage\":{\"@id\":\"https:\\\/\\\/insektenliebe.com\\\/de\\\/shop\\\/produkt\\\/euphrynichus-bacillifer-geisselspinne\\\/#primaryimage\"},\"image\":{\"@id\":\"https:\\\/\\\/insektenliebe.com\\\/de\\\/shop\\\/produkt\\\/euphrynichus-bacillifer-geisselspinne\\\/#primaryimage\"},\"thumbnailUrl\":\"https:\\\/\\\/insektenliebe.com\\\/wp-content\\\/uploads\\\/2025\\\/05\\\/Euphrynichus-bacillifer-2.jpg\",\"datePublished\":\"2021-10-01T13:22:46+00:00\",\"dateModified\":\"2026-03-17T22:07:36+00:00\",\"description\":\"G\u00fcnstige Euphrynichus bacillifer \\\"Gei\u00dfelspinne\\\" Nachzuchten direkt online kaufen! Mit ausf\u00fchrlicher Haltungsbeschreibung!\",\"breadcrumb\":{\"@id\":\"https:\\\/\\\/insektenliebe.com\\\/de\\\/shop\\\/produkt\\\/euphrynichus-bacillifer-geisselspinne\\\/#breadcrumb\"},\"inLanguage\":\"de\",\"potentialAction\":[{\"@type\":\"ReadAction\",\"target\":[\"https:\\\/\\\/insektenliebe.com\\\/de\\\/shop\\\/produkt\\\/euphrynichus-bacillifer-geisselspinne\\\/\"]}]},{\"@type\":\"ImageObject\",\"inLanguage\":\"de\",\"@id\":\"https:\\\/\\\/insektenliebe.com\\\/de\\\/shop\\\/produkt\\\/euphrynichus-bacillifer-geisselspinne\\\/#primaryimage\",\"url\":\"https:\\\/\\\/insektenliebe.com\\\/wp-content\\\/uploads\\\/2025\\\/05\\\/Euphrynichus-bacillifer-2.jpg\",\"contentUrl\":\"https:\\\/\\\/insektenliebe.com\\\/wp-content\\\/uploads\\\/2025\\\/05\\\/Euphrynichus-bacillifer-2.jpg\",\"width\":820,\"height\":820,\"caption\":\"Euphrynichus-bacillifer-2.jpg\"},{\"@type\":\"BreadcrumbList\",\"@id\":\"https:\\\/\\\/insektenliebe.com\\\/de\\\/shop\\\/produkt\\\/euphrynichus-bacillifer-geisselspinne\\\/#breadcrumb\",\"itemListElement\":[{\"@type\":\"ListItem\",\"position\":1,\"name\":\"Startseite\",\"item\":\"https:\\\/\\\/insektenliebe.com\\\/de\\\/\"},{\"@type\":\"ListItem\",\"position\":2,\"name\":\"Shop\",\"item\":\"https:\\\/\\\/insektenliebe.com\\\/de\\\/shop\\\/\"},{\"@type\":\"ListItem\",\"position\":3,\"name\":\"Euphrynichus bacillifer &#8222;Gei\u00dfelspinne&#8220;\"}]},{\"@type\":\"WebSite\",\"@id\":\"https:\\\/\\\/insektenliebe.com\\\/de\\\/#website\",\"url\":\"https:\\\/\\\/insektenliebe.com\\\/de\\\/\",\"name\":\"Insektenliebe\",\"description\":\"Dein Zuhause f\u00fcr die kleinen Lebewesen\",\"publisher\":{\"@id\":\"https:\\\/\\\/insektenliebe.com\\\/de\\\/#organization\"},\"potentialAction\":[{\"@type\":\"SearchAction\",\"target\":{\"@type\":\"EntryPoint\",\"urlTemplate\":\"https:\\\/\\\/insektenliebe.com\\\/de\\\/?s={search_term_string}\"},\"query-input\":{\"@type\":\"PropertyValueSpecification\",\"valueRequired\":true,\"valueName\":\"search_term_string\"}}],\"inLanguage\":\"de\"},{\"@type\":\"Organization\",\"@id\":\"https:\\\/\\\/insektenliebe.com\\\/de\\\/#organization\",\"name\":\"Insektenliebe\",\"url\":\"https:\\\/\\\/insektenliebe.com\\\/de\\\/\",\"logo\":{\"@type\":\"ImageObject\",\"inLanguage\":\"de\",\"@id\":\"https:\\\/\\\/insektenliebe.com\\\/de\\\/#\\\/schema\\\/logo\\\/image\\\/\",\"url\":\"https:\\\/\\\/insektenliebe.com\\\/wp-content\\\/uploads\\\/2025\\\/03\\\/logo-white.png\",\"contentUrl\":\"https:\\\/\\\/insektenliebe.com\\\/wp-content\\\/uploads\\\/2025\\\/03\\\/logo-white.png\",\"width\":288,\"height\":188,\"caption\":\"Insektenliebe\"},\"image\":{\"@id\":\"https:\\\/\\\/insektenliebe.com\\\/de\\\/#\\\/schema\\\/logo\\\/image\\\/\"}}]}<\/script>\n<!-- \/ Yoast SEO plugin. -->","yoast_head_json":{"title":"Euphrynichus bacillifer \"Gei\u00dfelspinne\" - Insektenliebe","description":"G\u00fcnstige Euphrynichus bacillifer \"Gei\u00dfelspinne\" Nachzuchten direkt online kaufen! Mit ausf\u00fchrlicher Haltungsbeschreibung!","robots":{"index":"index","follow":"follow","max-snippet":"max-snippet:-1","max-image-preview":"max-image-preview:large","max-video-preview":"max-video-preview:-1"},"canonical":"https:\/\/insektenliebe.com\/de\/shop\/produkt\/euphrynichus-bacillifer-geisselspinne\/","og_locale":"de_DE","og_type":"article","og_title":"Euphrynichus bacillifer \"Gei\u00dfelspinne\" - Insektenliebe","og_description":"G\u00fcnstige Euphrynichus bacillifer \"Gei\u00dfelspinne\" Nachzuchten direkt online kaufen! Mit ausf\u00fchrlicher Haltungsbeschreibung!","og_url":"https:\/\/insektenliebe.com\/de\/shop\/produkt\/euphrynichus-bacillifer-geisselspinne\/","og_site_name":"Insektenliebe","article_modified_time":"2026-03-17T22:07:36+00:00","og_image":[{"width":820,"height":820,"url":"https:\/\/insektenliebe.com\/wp-content\/uploads\/2025\/05\/Euphrynichus-bacillifer-2.jpg","type":"image\/jpeg"}],"twitter_card":"summary_large_image","twitter_misc":{"Gesch\u00e4tzte Lesezeit":"2\u00a0Minuten"},"schema":{"@context":"https:\/\/schema.org","@graph":[{"@type":"WebPage","@id":"https:\/\/insektenliebe.com\/de\/shop\/produkt\/euphrynichus-bacillifer-geisselspinne\/","url":"https:\/\/insektenliebe.com\/de\/shop\/produkt\/euphrynichus-bacillifer-geisselspinne\/","name":"Euphrynichus bacillifer \"Gei\u00dfelspinne\" - Insektenliebe","isPartOf":{"@id":"https:\/\/insektenliebe.com\/de\/#website"},"primaryImageOfPage":{"@id":"https:\/\/insektenliebe.com\/de\/shop\/produkt\/euphrynichus-bacillifer-geisselspinne\/#primaryimage"},"image":{"@id":"https:\/\/insektenliebe.com\/de\/shop\/produkt\/euphrynichus-bacillifer-geisselspinne\/#primaryimage"},"thumbnailUrl":"https:\/\/insektenliebe.com\/wp-content\/uploads\/2025\/05\/Euphrynichus-bacillifer-2.jpg","datePublished":"2021-10-01T13:22:46+00:00","dateModified":"2026-03-17T22:07:36+00:00","description":"G\u00fcnstige Euphrynichus bacillifer \"Gei\u00dfelspinne\" Nachzuchten direkt online kaufen! Mit ausf\u00fchrlicher Haltungsbeschreibung!","breadcrumb":{"@id":"https:\/\/insektenliebe.com\/de\/shop\/produkt\/euphrynichus-bacillifer-geisselspinne\/#breadcrumb"},"inLanguage":"de","potentialAction":[{"@type":"ReadAction","target":["https:\/\/insektenliebe.com\/de\/shop\/produkt\/euphrynichus-bacillifer-geisselspinne\/"]}]},{"@type":"ImageObject","inLanguage":"de","@id":"https:\/\/insektenliebe.com\/de\/shop\/produkt\/euphrynichus-bacillifer-geisselspinne\/#primaryimage","url":"https:\/\/insektenliebe.com\/wp-content\/uploads\/2025\/05\/Euphrynichus-bacillifer-2.jpg","contentUrl":"https:\/\/insektenliebe.com\/wp-content\/uploads\/2025\/05\/Euphrynichus-bacillifer-2.jpg","width":820,"height":820,"caption":"Euphrynichus-bacillifer-2.jpg"},{"@type":"BreadcrumbList","@id":"https:\/\/insektenliebe.com\/de\/shop\/produkt\/euphrynichus-bacillifer-geisselspinne\/#breadcrumb","itemListElement":[{"@type":"ListItem","position":1,"name":"Startseite","item":"https:\/\/insektenliebe.com\/de\/"},{"@type":"ListItem","position":2,"name":"Shop","item":"https:\/\/insektenliebe.com\/de\/shop\/"},{"@type":"ListItem","position":3,"name":"Euphrynichus bacillifer &#8222;Gei\u00dfelspinne&#8220;"}]},{"@type":"WebSite","@id":"https:\/\/insektenliebe.com\/de\/#website","url":"https:\/\/insektenliebe.com\/de\/","name":"Insektenliebe","description":"Dein Zuhause f\u00fcr die kleinen Lebewesen","publisher":{"@id":"https:\/\/insektenliebe.com\/de\/#organization"},"potentialAction":[{"@type":"SearchAction","target":{"@type":"EntryPoint","urlTemplate":"https:\/\/insektenliebe.com\/de\/?s={search_term_string}"},"query-input":{"@type":"PropertyValueSpecification","valueRequired":true,"valueName":"search_term_string"}}],"inLanguage":"de"},{"@type":"Organization","@id":"https:\/\/insektenliebe.com\/de\/#organization","name":"Insektenliebe","url":"https:\/\/insektenliebe.com\/de\/","logo":{"@type":"ImageObject","inLanguage":"de","@id":"https:\/\/insektenliebe.com\/de\/#\/schema\/logo\/image\/","url":"https:\/\/insektenliebe.com\/wp-content\/uploads\/2025\/03\/logo-white.png","contentUrl":"https:\/\/insektenliebe.com\/wp-content\/uploads\/2025\/03\/logo-white.png","width":288,"height":188,"caption":"Insektenliebe"},"image":{"@id":"https:\/\/insektenliebe.com\/de\/#\/schema\/logo\/image\/"}}]}},"_links":{"self":[{"href":"https:\/\/insektenliebe.com\/de\/wp-json\/wp\/v2\/product\/5184","targetHints":{"allow":["GET"]}}],"collection":[{"href":"https:\/\/insektenliebe.com\/de\/wp-json\/wp\/v2\/product"}],"about":[{"href":"https:\/\/insektenliebe.com\/de\/wp-json\/wp\/v2\/types\/product"}],"wp:featuredmedia":[{"embeddable":true,"href":"https:\/\/insektenliebe.com\/de\/wp-json\/wp\/v2\/media\/5213"}],"wp:attachment":[{"href":"https:\/\/insektenliebe.com\/de\/wp-json\/wp\/v2\/media?parent=5184"}],"wp:term":[{"taxonomy":"product-supplier","embeddable":true,"href":"https:\/\/insektenliebe.com\/de\/wp-json\/wp\/v2\/product-supplier?post=5184"},{"taxonomy":"product_brand","embeddable":true,"href":"https:\/\/insektenliebe.com\/de\/wp-json\/wp\/v2\/product_brand?post=5184"},{"taxonomy":"product_cat","embeddable":true,"href":"https:\/\/insektenliebe.com\/de\/wp-json\/wp\/v2\/product_cat?post=5184"},{"taxonomy":"product_tag","embeddable":true,"href":"https:\/\/insektenliebe.com\/de\/wp-json\/wp\/v2\/product_tag?post=5184"},{"taxonomy":"lce-checkout-addons","embeddable":true,"href":"https:\/\/insektenliebe.com\/de\/wp-json\/wp\/v2\/lce-checkout-addons?post=5184"}],"curies":[{"name":"wp","href":"https:\/\/api.w.org\/{rel}","templated":true}]}}