{"id":5182,"date":"2021-09-09T12:01:11","date_gmt":"2021-09-09T10:01:11","guid":{"rendered":"http:\/\/localhost\/ins-test\/?post_type=product&#038;p=5182"},"modified":"2026-01-29T08:20:36","modified_gmt":"2026-01-29T07:20:36","slug":"gyna-caffrorum","status":"publish","type":"product","link":"https:\/\/insektenliebe.com\/de\/shop\/produkt\/gyna-caffrorum\/","title":{"rendered":"Gyna caffrorum"},"content":{"rendered":"<h3 class=\"p1\"><span style=\"color: #99cc33\"><strong><span class=\"s1\">Gyna caffrorum \u2013 Die edle Porzellanschabe aus Afrika<\/span><\/strong><\/span><\/h3>\n<p class=\"p1\"><span class=\"s1\"><strong>Gyna caffrorum<\/strong>, auch als Porzellanschabe bekannt, ist eine der sch\u00f6nsten Schabenarten \u00fcberhaupt und stammt aus verschiedenen Regionen Afrikas, unter anderem S\u00fcdafrika, Mosambik und Simbabwe. Ihr Name \u201ePorzellanschabe\u201c kommt nicht von ungef\u00e4hr \u2013 die Tiere besitzen eine gl\u00e4nzende, fast glasige Oberfl\u00e4chenstruktur und eine sanft schimmernde F\u00e4rbung, die von zarten Creme- und Beiget\u00f6nen bis zu eleganten Braunschattierungen reicht. Jedes Tier ist ein kleines Unikat, da die Musterung individuell variiert.<\/span><\/p>\n<p class=\"p1\"><span class=\"s1\">Mit einer Gr\u00f6\u00dfe von etwa 2\u20133 cm geh\u00f6rt <strong>Gyna caffrorum<\/strong> zu den kleineren Schabenarten. Trotz ihrer Gr\u00f6\u00dfe sind sie sehr aktiv, flink und wahre Kletterk\u00fcnstler. Sie nutzen jede Struktur im Terrarium, fliegen jedoch nur selten, was sie f\u00fcr die Haltung besonders angenehm macht.<\/span><\/p>\n<p class=\"p1\"><span class=\"s1\">In der Haltung bevorzugen diese Schaben Temperaturen von 24\u201328 \u00b0C und eine moderate Luftfeuchtigkeit um die 60\u201370 %. Als Bodengrund eignet sich eine Mischung aus Walderde, Laub und etwas verrottetem Holz. Da die Tiere sich gerne zwischen Laub und Rinde verstecken, sollte das Terrarium gut strukturiert sein und gen\u00fcgend R\u00fcckzugsm\u00f6glichkeiten bieten.<\/span><\/p>\n<p class=\"p1\"><span class=\"s1\"><strong>Gyna caffrorum<\/strong> sind Allesfresser mit einer Vorliebe f\u00fcr s\u00fc\u00dfes, weiches Obst wie Banane oder Mango, fressen aber auch Gem\u00fcse oder spezielles Schabenfutter. Sie gelten als sehr friedlich und k\u00f6nnen problemlos in Gruppen gehalten werden.<\/span><\/p>\n<p class=\"p1\"><span class=\"s1\">Die Zucht ist einfach: Die Weibchen tragen ihre Ootheken bis zum Schlupf im K\u00f6rper, wodurch die Jungtiere sofort schl\u00fcpfen und im Terrarium verteilt werden. Da sie sich schnell vermehren k\u00f6nnen, eignen sie sich sowohl als Zuchtprojekt f\u00fcr Liebhaber*innen als auch als dekorative und aktive Bereicherung in einem gut bepflanzten Terrarium.<\/span><\/p>\n<p class=\"p1\"><span class=\"s1\">Mit ihrem eleganten Erscheinungsbild, ihrem friedlichen Wesen und der unkomplizierten Haltung ist <strong>Gyna caffrorum<\/strong> eine Schabenart, die auch Menschen begeistert, die normalerweise keine Fans dieser Insekten sind.<\/span><\/p>\n","protected":false},"excerpt":{"rendered":"<p>Gyna caffrorum \u2013 Die edle Porzellanschabe aus Afrika Gyna caffrorum, auch als Porzellanschabe bekannt, ist eine der sch\u00f6nsten Schabenarten \u00fcberhaupt und stammt aus verschiedenen Regionen Afrikas, unter anderem S\u00fcdafrika, Mosambik und Simbabwe. Ihr Name \u201ePorzellanschabe\u201c kommt nicht von ungef\u00e4hr \u2013 die Tiere besitzen eine gl\u00e4nzende, fast glasige Oberfl\u00e4chenstruktur und eine sanft schimmernde F\u00e4rbung, die von [&hellip;]<\/p>\n","protected":false},"featured_media":5211,"template":"","meta":{"_acf_changed":false},"product-supplier":[],"product_brand":[],"product_cat":[214],"product_tag":[],"lce-checkout-addons":[1202],"class_list":{"0":"post-5182","1":"product","2":"type-product","3":"status-publish","4":"has-post-thumbnail","6":"product_cat-schaben","7":"product_shipping_class-animal-shipping","8":"pa_herkunft-kosmopolitisch","9":"pa_kontinent-afrika","10":"lce-checkout-addons-winterverpackung","12":"first","13":"instock","14":"taxable","15":"shipping-taxable","16":"purchasable","17":"product-type-simple"},"acf":[],"yoast_head":"<!-- This site is optimized with the Yoast SEO Premium plugin v26.8 (Yoast SEO v27.3) - https:\/\/yoast.com\/product\/yoast-seo-premium-wordpress\/ -->\n<title>Gyna caffrorum - Insektenliebe<\/title>\n<meta name=\"description\" content=\"G\u00fcnstige Gyna caffrorum direkt online kaufen. Diese wundersch\u00f6n gezeichnete exotische Schabenart, kann man hier direkt vom Z\u00fcchter kaufen.\" \/>\n<meta name=\"robots\" content=\"index, follow, max-snippet:-1, max-image-preview:large, max-video-preview:-1\" \/>\n<link rel=\"canonical\" href=\"https:\/\/insektenliebe.com\/de\/shop\/produkt\/gyna-caffrorum\/\" \/>\n<meta property=\"og:locale\" content=\"de_DE\" \/>\n<meta property=\"og:type\" content=\"article\" \/>\n<meta property=\"og:title\" content=\"Gyna caffrorum\" \/>\n<meta property=\"og:description\" content=\"G\u00fcnstige Gyna caffrorum direkt online kaufen. Diese wundersch\u00f6n gezeichnete exotische Schabenart, kann man hier direkt vom Z\u00fcchter kaufen.\" \/>\n<meta property=\"og:url\" content=\"https:\/\/insektenliebe.com\/de\/shop\/produkt\/gyna-caffrorum\/\" \/>\n<meta property=\"og:site_name\" content=\"Insektenliebe\" \/>\n<meta property=\"article:modified_time\" content=\"2026-01-29T07:20:36+00:00\" \/>\n<meta property=\"og:image\" content=\"https:\/\/insektenliebe.com\/wp-content\/uploads\/2025\/05\/Gyna-caffrorum-2.jpg\" \/>\n\t<meta property=\"og:image:width\" content=\"820\" \/>\n\t<meta property=\"og:image:height\" content=\"820\" \/>\n\t<meta property=\"og:image:type\" content=\"image\/jpeg\" \/>\n<meta name=\"twitter:card\" content=\"summary_large_image\" \/>\n<meta name=\"twitter:label1\" content=\"Preis\" \/>\n\t<meta name=\"twitter:data1\" content=\"10,99&nbsp;&euro; inkl. MwSt. zzgl. Versand\" \/>\n\t<meta name=\"twitter:label2\" content=\"Verf\u00fcgbarkeit\" \/>\n\t<meta name=\"twitter:data2\" content=\"Auf Lager\" \/>\n<script type=\"application\/ld+json\" class=\"yoast-schema-graph\">{\"@context\":\"https:\\\/\\\/schema.org\",\"@graph\":[{\"@type\":\"WebPage\",\"@id\":\"https:\\\/\\\/insektenliebe.com\\\/de\\\/shop\\\/produkt\\\/gyna-caffrorum\\\/\",\"url\":\"https:\\\/\\\/insektenliebe.com\\\/de\\\/shop\\\/produkt\\\/gyna-caffrorum\\\/\",\"name\":\"Gyna caffrorum - Insektenliebe\",\"isPartOf\":{\"@id\":\"https:\\\/\\\/insektenliebe.com\\\/de\\\/#website\"},\"primaryImageOfPage\":{\"@id\":\"https:\\\/\\\/insektenliebe.com\\\/de\\\/shop\\\/produkt\\\/gyna-caffrorum\\\/#primaryimage\"},\"image\":{\"@id\":\"https:\\\/\\\/insektenliebe.com\\\/de\\\/shop\\\/produkt\\\/gyna-caffrorum\\\/#primaryimage\"},\"thumbnailUrl\":\"https:\\\/\\\/insektenliebe.com\\\/wp-content\\\/uploads\\\/2025\\\/05\\\/Gyna-caffrorum-2.jpg\",\"datePublished\":\"2021-09-09T10:01:11+00:00\",\"dateModified\":\"2026-01-29T07:20:36+00:00\",\"description\":\"G\u00fcnstige Gyna caffrorum direkt online kaufen. Diese wundersch\u00f6n gezeichnete exotische Schabenart, kann man hier direkt vom Z\u00fcchter kaufen.\",\"breadcrumb\":{\"@id\":\"https:\\\/\\\/insektenliebe.com\\\/de\\\/shop\\\/produkt\\\/gyna-caffrorum\\\/#breadcrumb\"},\"inLanguage\":\"de\",\"potentialAction\":[{\"@type\":\"ReadAction\",\"target\":[\"https:\\\/\\\/insektenliebe.com\\\/de\\\/shop\\\/produkt\\\/gyna-caffrorum\\\/\"]}]},{\"@type\":\"ImageObject\",\"inLanguage\":\"de\",\"@id\":\"https:\\\/\\\/insektenliebe.com\\\/de\\\/shop\\\/produkt\\\/gyna-caffrorum\\\/#primaryimage\",\"url\":\"https:\\\/\\\/insektenliebe.com\\\/wp-content\\\/uploads\\\/2025\\\/05\\\/Gyna-caffrorum-2.jpg\",\"contentUrl\":\"https:\\\/\\\/insektenliebe.com\\\/wp-content\\\/uploads\\\/2025\\\/05\\\/Gyna-caffrorum-2.jpg\",\"width\":820,\"height\":820,\"caption\":\"Gyna-caffrorum-2.jpg\"},{\"@type\":\"BreadcrumbList\",\"@id\":\"https:\\\/\\\/insektenliebe.com\\\/de\\\/shop\\\/produkt\\\/gyna-caffrorum\\\/#breadcrumb\",\"itemListElement\":[{\"@type\":\"ListItem\",\"position\":1,\"name\":\"Startseite\",\"item\":\"https:\\\/\\\/insektenliebe.com\\\/de\\\/\"},{\"@type\":\"ListItem\",\"position\":2,\"name\":\"Shop\",\"item\":\"https:\\\/\\\/insektenliebe.com\\\/de\\\/shop\\\/\"},{\"@type\":\"ListItem\",\"position\":3,\"name\":\"Gyna caffrorum\"}]},{\"@type\":\"WebSite\",\"@id\":\"https:\\\/\\\/insektenliebe.com\\\/de\\\/#website\",\"url\":\"https:\\\/\\\/insektenliebe.com\\\/de\\\/\",\"name\":\"Insektenliebe\",\"description\":\"Dein Zuhause f\u00fcr die kleinen Lebewesen\",\"publisher\":{\"@id\":\"https:\\\/\\\/insektenliebe.com\\\/de\\\/#organization\"},\"potentialAction\":[{\"@type\":\"SearchAction\",\"target\":{\"@type\":\"EntryPoint\",\"urlTemplate\":\"https:\\\/\\\/insektenliebe.com\\\/de\\\/?s={search_term_string}\"},\"query-input\":{\"@type\":\"PropertyValueSpecification\",\"valueRequired\":true,\"valueName\":\"search_term_string\"}}],\"inLanguage\":\"de\"},{\"@type\":\"Organization\",\"@id\":\"https:\\\/\\\/insektenliebe.com\\\/de\\\/#organization\",\"name\":\"Insektenliebe\",\"url\":\"https:\\\/\\\/insektenliebe.com\\\/de\\\/\",\"logo\":{\"@type\":\"ImageObject\",\"inLanguage\":\"de\",\"@id\":\"https:\\\/\\\/insektenliebe.com\\\/de\\\/#\\\/schema\\\/logo\\\/image\\\/\",\"url\":\"https:\\\/\\\/insektenliebe.com\\\/wp-content\\\/uploads\\\/2025\\\/03\\\/logo-white.png\",\"contentUrl\":\"https:\\\/\\\/insektenliebe.com\\\/wp-content\\\/uploads\\\/2025\\\/03\\\/logo-white.png\",\"width\":288,\"height\":188,\"caption\":\"Insektenliebe\"},\"image\":{\"@id\":\"https:\\\/\\\/insektenliebe.com\\\/de\\\/#\\\/schema\\\/logo\\\/image\\\/\"}}]}<\/script>\n<meta property=\"product:price:amount\" content=\"10.99\" \/>\n<meta property=\"product:price:currency\" content=\"EUR\" \/>\n<meta property=\"og:availability\" content=\"instock\" \/>\n<meta property=\"product:availability\" content=\"instock\" \/>\n<meta property=\"product:retailer_item_id\" content=\"556\" \/>\n<meta property=\"product:condition\" content=\"new\" \/>\n<!-- \/ Yoast SEO Premium plugin. -->","yoast_head_json":{"title":"Gyna caffrorum - Insektenliebe","description":"G\u00fcnstige Gyna caffrorum direkt online kaufen. Diese wundersch\u00f6n gezeichnete exotische Schabenart, kann man hier direkt vom Z\u00fcchter kaufen.","robots":{"index":"index","follow":"follow","max-snippet":"max-snippet:-1","max-image-preview":"max-image-preview:large","max-video-preview":"max-video-preview:-1"},"canonical":"https:\/\/insektenliebe.com\/de\/shop\/produkt\/gyna-caffrorum\/","og_locale":"de_DE","og_type":"article","og_title":"Gyna caffrorum","og_description":"G\u00fcnstige Gyna caffrorum direkt online kaufen. Diese wundersch\u00f6n gezeichnete exotische Schabenart, kann man hier direkt vom Z\u00fcchter kaufen.","og_url":"https:\/\/insektenliebe.com\/de\/shop\/produkt\/gyna-caffrorum\/","og_site_name":"Insektenliebe","article_modified_time":"2026-01-29T07:20:36+00:00","og_image":[{"width":820,"height":820,"url":"https:\/\/insektenliebe.com\/wp-content\/uploads\/2025\/05\/Gyna-caffrorum-2.jpg","type":"image\/jpeg"}],"twitter_card":"summary_large_image","twitter_misc":{"Preis":"10,99&nbsp;&euro; inkl. MwSt. zzgl. Versand","Verf\u00fcgbarkeit":"Auf Lager"},"schema":{"@context":"https:\/\/schema.org","@graph":[{"@type":"WebPage","@id":"https:\/\/insektenliebe.com\/de\/shop\/produkt\/gyna-caffrorum\/","url":"https:\/\/insektenliebe.com\/de\/shop\/produkt\/gyna-caffrorum\/","name":"Gyna caffrorum - Insektenliebe","isPartOf":{"@id":"https:\/\/insektenliebe.com\/de\/#website"},"primaryImageOfPage":{"@id":"https:\/\/insektenliebe.com\/de\/shop\/produkt\/gyna-caffrorum\/#primaryimage"},"image":{"@id":"https:\/\/insektenliebe.com\/de\/shop\/produkt\/gyna-caffrorum\/#primaryimage"},"thumbnailUrl":"https:\/\/insektenliebe.com\/wp-content\/uploads\/2025\/05\/Gyna-caffrorum-2.jpg","datePublished":"2021-09-09T10:01:11+00:00","dateModified":"2026-01-29T07:20:36+00:00","description":"G\u00fcnstige Gyna caffrorum direkt online kaufen. Diese wundersch\u00f6n gezeichnete exotische Schabenart, kann man hier direkt vom Z\u00fcchter kaufen.","breadcrumb":{"@id":"https:\/\/insektenliebe.com\/de\/shop\/produkt\/gyna-caffrorum\/#breadcrumb"},"inLanguage":"de","potentialAction":[{"@type":"ReadAction","target":["https:\/\/insektenliebe.com\/de\/shop\/produkt\/gyna-caffrorum\/"]}]},{"@type":"ImageObject","inLanguage":"de","@id":"https:\/\/insektenliebe.com\/de\/shop\/produkt\/gyna-caffrorum\/#primaryimage","url":"https:\/\/insektenliebe.com\/wp-content\/uploads\/2025\/05\/Gyna-caffrorum-2.jpg","contentUrl":"https:\/\/insektenliebe.com\/wp-content\/uploads\/2025\/05\/Gyna-caffrorum-2.jpg","width":820,"height":820,"caption":"Gyna-caffrorum-2.jpg"},{"@type":"BreadcrumbList","@id":"https:\/\/insektenliebe.com\/de\/shop\/produkt\/gyna-caffrorum\/#breadcrumb","itemListElement":[{"@type":"ListItem","position":1,"name":"Startseite","item":"https:\/\/insektenliebe.com\/de\/"},{"@type":"ListItem","position":2,"name":"Shop","item":"https:\/\/insektenliebe.com\/de\/shop\/"},{"@type":"ListItem","position":3,"name":"Gyna caffrorum"}]},{"@type":"WebSite","@id":"https:\/\/insektenliebe.com\/de\/#website","url":"https:\/\/insektenliebe.com\/de\/","name":"Insektenliebe","description":"Dein Zuhause f\u00fcr die kleinen Lebewesen","publisher":{"@id":"https:\/\/insektenliebe.com\/de\/#organization"},"potentialAction":[{"@type":"SearchAction","target":{"@type":"EntryPoint","urlTemplate":"https:\/\/insektenliebe.com\/de\/?s={search_term_string}"},"query-input":{"@type":"PropertyValueSpecification","valueRequired":true,"valueName":"search_term_string"}}],"inLanguage":"de"},{"@type":"Organization","@id":"https:\/\/insektenliebe.com\/de\/#organization","name":"Insektenliebe","url":"https:\/\/insektenliebe.com\/de\/","logo":{"@type":"ImageObject","inLanguage":"de","@id":"https:\/\/insektenliebe.com\/de\/#\/schema\/logo\/image\/","url":"https:\/\/insektenliebe.com\/wp-content\/uploads\/2025\/03\/logo-white.png","contentUrl":"https:\/\/insektenliebe.com\/wp-content\/uploads\/2025\/03\/logo-white.png","width":288,"height":188,"caption":"Insektenliebe"},"image":{"@id":"https:\/\/insektenliebe.com\/de\/#\/schema\/logo\/image\/"}}]},"product_price_amount":"10.99","product_price_currency":"EUR","og_availability":"instock","product_availability":"instock","product_retailer_item_id":"556","product_condition":"new"},"_links":{"self":[{"href":"https:\/\/insektenliebe.com\/de\/wp-json\/wp\/v2\/product\/5182","targetHints":{"allow":["GET"]}}],"collection":[{"href":"https:\/\/insektenliebe.com\/de\/wp-json\/wp\/v2\/product"}],"about":[{"href":"https:\/\/insektenliebe.com\/de\/wp-json\/wp\/v2\/types\/product"}],"wp:featuredmedia":[{"embeddable":true,"href":"https:\/\/insektenliebe.com\/de\/wp-json\/wp\/v2\/media\/5211"}],"wp:attachment":[{"href":"https:\/\/insektenliebe.com\/de\/wp-json\/wp\/v2\/media?parent=5182"}],"wp:term":[{"taxonomy":"product-supplier","embeddable":true,"href":"https:\/\/insektenliebe.com\/de\/wp-json\/wp\/v2\/product-supplier?post=5182"},{"taxonomy":"product_brand","embeddable":true,"href":"https:\/\/insektenliebe.com\/de\/wp-json\/wp\/v2\/product_brand?post=5182"},{"taxonomy":"product_cat","embeddable":true,"href":"https:\/\/insektenliebe.com\/de\/wp-json\/wp\/v2\/product_cat?post=5182"},{"taxonomy":"product_tag","embeddable":true,"href":"https:\/\/insektenliebe.com\/de\/wp-json\/wp\/v2\/product_tag?post=5182"},{"taxonomy":"lce-checkout-addons","embeddable":true,"href":"https:\/\/insektenliebe.com\/de\/wp-json\/wp\/v2\/lce-checkout-addons?post=5182"}],"curies":[{"name":"wp","href":"https:\/\/api.w.org\/{rel}","templated":true}]}}