{"id":5180,"date":"2021-09-03T11:57:27","date_gmt":"2021-09-03T09:57:27","guid":{"rendered":"http:\/\/localhost\/ins-test\/?post_type=product&#038;p=5180"},"modified":"2026-01-31T21:27:59","modified_gmt":"2026-01-31T20:27:59","slug":"phidippus-audax","status":"publish","type":"product","link":"https:\/\/insektenliebe.com\/de\/shop\/produkt\/phidippus-audax\/","title":{"rendered":"Phidippus audax"},"content":{"rendered":"<h3><span style=\"color: #99cc33\">Kurzbeschreibung:<\/span><\/h3>\n<p>Phidippus audax sind stark behaart. Das Kopfsegmente (Cephalon) und das Brustsegmenten (Thorax) und der Hinterleib (Abdomen) haben eine schwarze Grundf\u00e4rbung, die mit kleinen wei\u00dfen Haaren aufgehellt wird. Der Hinterleib besitzt eine deutlich ausgepr\u00e4gte Zeichnung. In der Mitte des Hinterleibs befindet sich ein gro\u00dfer, dreieckiger wei\u00dfer Fleck mit zwei kleineren Flecken hinter und seitlich des gro\u00dfen Flecks. Der gro\u00dfe Fleck kann bei Jungtieren auch orange sein, und das Fleckenmuster variiert innerhalb der Art, ist jedoch immer wei\u00df, gelb oder orange. Bei einigen Exemplaren gibt es zwei schr\u00e4ge Seitenstreifen. Die Chelizeren sind gr\u00fcn schillernd. Die M\u00e4nnchen sind mit 1,3 cm etwas kleiner als die Weibchen, haben eine kontrastreichere Zeichnung und schillern ausgepr\u00e4gter auf den Chelizeren.<\/p>\n<p>Wie die meisten Springspinnen jagt auch Phidippus audax tags\u00fcber. Phidippus audax beobachtet ihre Beute aktiv mit ihrem scharfen Blick. Dann schleicht sie sich an ihre Beute heran und st\u00fcrzt sich auf das Futtertier. Wenn Springspinnen springen, spinnen sie zur Sicherheit eine Reihe F\u00e4den. Dadurch wird sichergestellt, dass die Spinne im Falle eines missgl\u00fcckten Sprungs von einer Sicherheitsleine aufgefangen wird, bevor sie f\u00e4llt. Springspinnen haben ein viel besseres Sehverm\u00f6gen als andere Spinnen und sind immer auf der Hut vor Beute und Raubtieren. Dadurch entsteht der Eindruck beim Betrachten der Tiere, dass sie sehr aufgeweckt sind und ihre Umgebung ausgiebig beobachten.<\/p>\n<p>Ein Weibchen kann bis zu 6 Gelege mit jeweils 30\u2013170 Eiern produzieren. Die durchschnittliche Gesamtgelegegr\u00f6\u00dfe liegt bei etwa 200 Eiern pro Weibchen. Sp\u00e4tere Gelege sind in der Regel kleiner als fr\u00fchere Gelege.<\/p>\n","protected":false},"excerpt":{"rendered":"<p>Schwarz-wei\u00dfe Springspinne!<\/p>\n","protected":false},"featured_media":5209,"template":"","meta":{"_acf_changed":false},"product-supplier":[],"product_brand":[],"product_cat":[626,49],"product_tag":[],"lce-checkout-addons":[1202],"class_list":{"0":"post-5180","1":"product","2":"type-product","3":"status-publish","4":"has-post-thumbnail","6":"product_cat-spinnen","7":"product_cat-springspinnen","8":"product_shipping_class-animal-shipping","9":"pa_geschlecht-maennlich","10":"pa_geschlecht-unbestimmt","11":"pa_geschlecht-weiblich","12":"pa_herkunft-nordamerika","13":"pa_kontinent-nordamerika","14":"lce-checkout-addons-winterverpackung","16":"first","17":"outofstock","18":"taxable","19":"shipping-taxable","20":"purchasable","21":"product-type-variable"},"acf":[],"yoast_head":"<!-- This site is optimized with the Yoast SEO plugin v27.3 - https:\/\/yoast.com\/product\/yoast-seo-wordpress\/ -->\n<title>Phidippus audax - Insektenliebe<\/title>\n<meta name=\"description\" content=\"G\u00fcnstige Phidippus audax direkt online kaufen! Eine wundersch\u00f6ne Springspinne die man hier direkt vom Z\u00fcchter kaufen kann.\" \/>\n<meta name=\"robots\" content=\"index, follow, max-snippet:-1, max-image-preview:large, max-video-preview:-1\" \/>\n<link rel=\"canonical\" href=\"https:\/\/insektenliebe.com\/de\/shop\/produkt\/phidippus-audax\/\" \/>\n<meta property=\"og:locale\" content=\"de_DE\" \/>\n<meta property=\"og:type\" content=\"article\" \/>\n<meta property=\"og:title\" content=\"Phidippus audax - Insektenliebe\" \/>\n<meta property=\"og:description\" content=\"G\u00fcnstige Phidippus audax direkt online kaufen! Eine wundersch\u00f6ne Springspinne die man hier direkt vom Z\u00fcchter kaufen kann.\" \/>\n<meta property=\"og:url\" content=\"https:\/\/insektenliebe.com\/de\/shop\/produkt\/phidippus-audax\/\" \/>\n<meta property=\"og:site_name\" content=\"Insektenliebe\" \/>\n<meta property=\"article:modified_time\" content=\"2026-01-31T20:27:59+00:00\" \/>\n<meta property=\"og:image\" content=\"https:\/\/insektenliebe.com\/wp-content\/uploads\/2025\/05\/Phidippus-audax-2.jpg\" \/>\n\t<meta property=\"og:image:width\" content=\"820\" \/>\n\t<meta property=\"og:image:height\" content=\"820\" \/>\n\t<meta property=\"og:image:type\" content=\"image\/jpeg\" \/>\n<meta name=\"twitter:card\" content=\"summary_large_image\" \/>\n<meta name=\"twitter:label1\" content=\"Gesch\u00e4tzte Lesezeit\" \/>\n\t<meta name=\"twitter:data1\" content=\"2\u00a0Minuten\" \/>\n<script type=\"application\/ld+json\" class=\"yoast-schema-graph\">{\"@context\":\"https:\\\/\\\/schema.org\",\"@graph\":[{\"@type\":\"WebPage\",\"@id\":\"https:\\\/\\\/insektenliebe.com\\\/de\\\/shop\\\/produkt\\\/phidippus-audax\\\/\",\"url\":\"https:\\\/\\\/insektenliebe.com\\\/de\\\/shop\\\/produkt\\\/phidippus-audax\\\/\",\"name\":\"Phidippus audax - Insektenliebe\",\"isPartOf\":{\"@id\":\"https:\\\/\\\/insektenliebe.com\\\/de\\\/#website\"},\"primaryImageOfPage\":{\"@id\":\"https:\\\/\\\/insektenliebe.com\\\/de\\\/shop\\\/produkt\\\/phidippus-audax\\\/#primaryimage\"},\"image\":{\"@id\":\"https:\\\/\\\/insektenliebe.com\\\/de\\\/shop\\\/produkt\\\/phidippus-audax\\\/#primaryimage\"},\"thumbnailUrl\":\"https:\\\/\\\/insektenliebe.com\\\/wp-content\\\/uploads\\\/2025\\\/05\\\/Phidippus-audax-2.jpg\",\"datePublished\":\"2021-09-03T09:57:27+00:00\",\"dateModified\":\"2026-01-31T20:27:59+00:00\",\"description\":\"G\u00fcnstige Phidippus audax direkt online kaufen! Eine wundersch\u00f6ne Springspinne die man hier direkt vom Z\u00fcchter kaufen kann.\",\"breadcrumb\":{\"@id\":\"https:\\\/\\\/insektenliebe.com\\\/de\\\/shop\\\/produkt\\\/phidippus-audax\\\/#breadcrumb\"},\"inLanguage\":\"de\",\"potentialAction\":[{\"@type\":\"ReadAction\",\"target\":[\"https:\\\/\\\/insektenliebe.com\\\/de\\\/shop\\\/produkt\\\/phidippus-audax\\\/\"]}]},{\"@type\":\"ImageObject\",\"inLanguage\":\"de\",\"@id\":\"https:\\\/\\\/insektenliebe.com\\\/de\\\/shop\\\/produkt\\\/phidippus-audax\\\/#primaryimage\",\"url\":\"https:\\\/\\\/insektenliebe.com\\\/wp-content\\\/uploads\\\/2025\\\/05\\\/Phidippus-audax-2.jpg\",\"contentUrl\":\"https:\\\/\\\/insektenliebe.com\\\/wp-content\\\/uploads\\\/2025\\\/05\\\/Phidippus-audax-2.jpg\",\"width\":820,\"height\":820,\"caption\":\"Phidippus-audax-2.jpg\"},{\"@type\":\"BreadcrumbList\",\"@id\":\"https:\\\/\\\/insektenliebe.com\\\/de\\\/shop\\\/produkt\\\/phidippus-audax\\\/#breadcrumb\",\"itemListElement\":[{\"@type\":\"ListItem\",\"position\":1,\"name\":\"Startseite\",\"item\":\"https:\\\/\\\/insektenliebe.com\\\/de\\\/\"},{\"@type\":\"ListItem\",\"position\":2,\"name\":\"Shop\",\"item\":\"https:\\\/\\\/insektenliebe.com\\\/de\\\/shop\\\/\"},{\"@type\":\"ListItem\",\"position\":3,\"name\":\"Phidippus audax\"}]},{\"@type\":\"WebSite\",\"@id\":\"https:\\\/\\\/insektenliebe.com\\\/de\\\/#website\",\"url\":\"https:\\\/\\\/insektenliebe.com\\\/de\\\/\",\"name\":\"Insektenliebe\",\"description\":\"Dein Zuhause f\u00fcr die kleinen Lebewesen\",\"publisher\":{\"@id\":\"https:\\\/\\\/insektenliebe.com\\\/de\\\/#organization\"},\"potentialAction\":[{\"@type\":\"SearchAction\",\"target\":{\"@type\":\"EntryPoint\",\"urlTemplate\":\"https:\\\/\\\/insektenliebe.com\\\/de\\\/?s={search_term_string}\"},\"query-input\":{\"@type\":\"PropertyValueSpecification\",\"valueRequired\":true,\"valueName\":\"search_term_string\"}}],\"inLanguage\":\"de\"},{\"@type\":\"Organization\",\"@id\":\"https:\\\/\\\/insektenliebe.com\\\/de\\\/#organization\",\"name\":\"Insektenliebe\",\"url\":\"https:\\\/\\\/insektenliebe.com\\\/de\\\/\",\"logo\":{\"@type\":\"ImageObject\",\"inLanguage\":\"de\",\"@id\":\"https:\\\/\\\/insektenliebe.com\\\/de\\\/#\\\/schema\\\/logo\\\/image\\\/\",\"url\":\"https:\\\/\\\/insektenliebe.com\\\/wp-content\\\/uploads\\\/2025\\\/03\\\/logo-white.png\",\"contentUrl\":\"https:\\\/\\\/insektenliebe.com\\\/wp-content\\\/uploads\\\/2025\\\/03\\\/logo-white.png\",\"width\":288,\"height\":188,\"caption\":\"Insektenliebe\"},\"image\":{\"@id\":\"https:\\\/\\\/insektenliebe.com\\\/de\\\/#\\\/schema\\\/logo\\\/image\\\/\"}}]}<\/script>\n<!-- \/ Yoast SEO plugin. -->","yoast_head_json":{"title":"Phidippus audax - Insektenliebe","description":"G\u00fcnstige Phidippus audax direkt online kaufen! Eine wundersch\u00f6ne Springspinne die man hier direkt vom Z\u00fcchter kaufen kann.","robots":{"index":"index","follow":"follow","max-snippet":"max-snippet:-1","max-image-preview":"max-image-preview:large","max-video-preview":"max-video-preview:-1"},"canonical":"https:\/\/insektenliebe.com\/de\/shop\/produkt\/phidippus-audax\/","og_locale":"de_DE","og_type":"article","og_title":"Phidippus audax - Insektenliebe","og_description":"G\u00fcnstige Phidippus audax direkt online kaufen! Eine wundersch\u00f6ne Springspinne die man hier direkt vom Z\u00fcchter kaufen kann.","og_url":"https:\/\/insektenliebe.com\/de\/shop\/produkt\/phidippus-audax\/","og_site_name":"Insektenliebe","article_modified_time":"2026-01-31T20:27:59+00:00","og_image":[{"width":820,"height":820,"url":"https:\/\/insektenliebe.com\/wp-content\/uploads\/2025\/05\/Phidippus-audax-2.jpg","type":"image\/jpeg"}],"twitter_card":"summary_large_image","twitter_misc":{"Gesch\u00e4tzte Lesezeit":"2\u00a0Minuten"},"schema":{"@context":"https:\/\/schema.org","@graph":[{"@type":"WebPage","@id":"https:\/\/insektenliebe.com\/de\/shop\/produkt\/phidippus-audax\/","url":"https:\/\/insektenliebe.com\/de\/shop\/produkt\/phidippus-audax\/","name":"Phidippus audax - Insektenliebe","isPartOf":{"@id":"https:\/\/insektenliebe.com\/de\/#website"},"primaryImageOfPage":{"@id":"https:\/\/insektenliebe.com\/de\/shop\/produkt\/phidippus-audax\/#primaryimage"},"image":{"@id":"https:\/\/insektenliebe.com\/de\/shop\/produkt\/phidippus-audax\/#primaryimage"},"thumbnailUrl":"https:\/\/insektenliebe.com\/wp-content\/uploads\/2025\/05\/Phidippus-audax-2.jpg","datePublished":"2021-09-03T09:57:27+00:00","dateModified":"2026-01-31T20:27:59+00:00","description":"G\u00fcnstige Phidippus audax direkt online kaufen! Eine wundersch\u00f6ne Springspinne die man hier direkt vom Z\u00fcchter kaufen kann.","breadcrumb":{"@id":"https:\/\/insektenliebe.com\/de\/shop\/produkt\/phidippus-audax\/#breadcrumb"},"inLanguage":"de","potentialAction":[{"@type":"ReadAction","target":["https:\/\/insektenliebe.com\/de\/shop\/produkt\/phidippus-audax\/"]}]},{"@type":"ImageObject","inLanguage":"de","@id":"https:\/\/insektenliebe.com\/de\/shop\/produkt\/phidippus-audax\/#primaryimage","url":"https:\/\/insektenliebe.com\/wp-content\/uploads\/2025\/05\/Phidippus-audax-2.jpg","contentUrl":"https:\/\/insektenliebe.com\/wp-content\/uploads\/2025\/05\/Phidippus-audax-2.jpg","width":820,"height":820,"caption":"Phidippus-audax-2.jpg"},{"@type":"BreadcrumbList","@id":"https:\/\/insektenliebe.com\/de\/shop\/produkt\/phidippus-audax\/#breadcrumb","itemListElement":[{"@type":"ListItem","position":1,"name":"Startseite","item":"https:\/\/insektenliebe.com\/de\/"},{"@type":"ListItem","position":2,"name":"Shop","item":"https:\/\/insektenliebe.com\/de\/shop\/"},{"@type":"ListItem","position":3,"name":"Phidippus audax"}]},{"@type":"WebSite","@id":"https:\/\/insektenliebe.com\/de\/#website","url":"https:\/\/insektenliebe.com\/de\/","name":"Insektenliebe","description":"Dein Zuhause f\u00fcr die kleinen Lebewesen","publisher":{"@id":"https:\/\/insektenliebe.com\/de\/#organization"},"potentialAction":[{"@type":"SearchAction","target":{"@type":"EntryPoint","urlTemplate":"https:\/\/insektenliebe.com\/de\/?s={search_term_string}"},"query-input":{"@type":"PropertyValueSpecification","valueRequired":true,"valueName":"search_term_string"}}],"inLanguage":"de"},{"@type":"Organization","@id":"https:\/\/insektenliebe.com\/de\/#organization","name":"Insektenliebe","url":"https:\/\/insektenliebe.com\/de\/","logo":{"@type":"ImageObject","inLanguage":"de","@id":"https:\/\/insektenliebe.com\/de\/#\/schema\/logo\/image\/","url":"https:\/\/insektenliebe.com\/wp-content\/uploads\/2025\/03\/logo-white.png","contentUrl":"https:\/\/insektenliebe.com\/wp-content\/uploads\/2025\/03\/logo-white.png","width":288,"height":188,"caption":"Insektenliebe"},"image":{"@id":"https:\/\/insektenliebe.com\/de\/#\/schema\/logo\/image\/"}}]}},"_links":{"self":[{"href":"https:\/\/insektenliebe.com\/de\/wp-json\/wp\/v2\/product\/5180","targetHints":{"allow":["GET"]}}],"collection":[{"href":"https:\/\/insektenliebe.com\/de\/wp-json\/wp\/v2\/product"}],"about":[{"href":"https:\/\/insektenliebe.com\/de\/wp-json\/wp\/v2\/types\/product"}],"wp:featuredmedia":[{"embeddable":true,"href":"https:\/\/insektenliebe.com\/de\/wp-json\/wp\/v2\/media\/5209"}],"wp:attachment":[{"href":"https:\/\/insektenliebe.com\/de\/wp-json\/wp\/v2\/media?parent=5180"}],"wp:term":[{"taxonomy":"product-supplier","embeddable":true,"href":"https:\/\/insektenliebe.com\/de\/wp-json\/wp\/v2\/product-supplier?post=5180"},{"taxonomy":"product_brand","embeddable":true,"href":"https:\/\/insektenliebe.com\/de\/wp-json\/wp\/v2\/product_brand?post=5180"},{"taxonomy":"product_cat","embeddable":true,"href":"https:\/\/insektenliebe.com\/de\/wp-json\/wp\/v2\/product_cat?post=5180"},{"taxonomy":"product_tag","embeddable":true,"href":"https:\/\/insektenliebe.com\/de\/wp-json\/wp\/v2\/product_tag?post=5180"},{"taxonomy":"lce-checkout-addons","embeddable":true,"href":"https:\/\/insektenliebe.com\/de\/wp-json\/wp\/v2\/lce-checkout-addons?post=5180"}],"curies":[{"name":"wp","href":"https:\/\/api.w.org\/{rel}","templated":true}]}}