{"id":5178,"date":"2021-08-27T11:58:26","date_gmt":"2021-08-27T09:58:26","guid":{"rendered":"http:\/\/localhost\/ins-test\/?post_type=product&#038;p=5178"},"modified":"2026-04-18T07:30:46","modified_gmt":"2026-04-18T05:30:46","slug":"lasiodora-parahybana","status":"publish","type":"product","link":"https:\/\/insektenliebe.com\/de\/shop\/produkt\/lasiodora-parahybana\/","title":{"rendered":"Lasiodora parahybana"},"content":{"rendered":"<h3 class=\"p1\"><span style=\"color: #99cc33;\"><strong><span class=\"s1\">Lasiodora parahybana \u2013 Majest\u00e4tische Riesin aus Brasilien<\/span><\/strong><\/span><\/h3>\n<p>Mit einer K\u00f6rpergr\u00f6\u00dfe von bis zu zehn Zentimeter ist <strong>Lasiodora parahybana<\/strong> eine der gr\u00f6\u00dften Spinnen weltweit. Sie erreicht Beinspannweiten von bis zu 30 cm. Die Spinne hat ein struppiges Erscheinungsbild mit l\u00e4ngeren und dichten Haaren. Die F\u00e4rbung variiert sehr stark bei dieser Vogelspinne. Kurz nach der H\u00e4utung ist die Grundf\u00e4rbung wie im Foto zu erkennen ein r\u00f6tliches Braun. Nach ein paar Wochen verf\u00e4rbt sie sich allerdings stark und sie wird immer dunkler in ihrer F\u00e4rbung. Daher muss man sich nicht wundern, wenn man gef\u00fchlt nach einer H\u00e4utung eine komplett andere Spinne im Terrarium erblickt.<\/p>\n<p>Die bodenbewohnende <strong>Lasiodora parahybana<\/strong> lebt in Erdh\u00f6hlen oder versteckt sich unter Wurzeln, Rindenst\u00fccken, Steinen oder Laub. In k\u00e4lteren Monaten sowie w\u00e4hrend der H\u00e4utung und Brutpflege zieht sie sich in ihre Erdh\u00f6hlen zur\u00fcck, die sie zum Schutz mit Spinnseide auskleidet. Man sollte sich nicht vom Herkunftsland t\u00e4uschen lassen und mit dem Gedanken spielen, ihr ein tropisches Terrarium einzurichten. In Brasilien bewohnt sie den \u00f6stlichen Teil und ist dort in Trockenw\u00e4lder und Steppen zu finden. Daher reicht eine Luftfeuchtigkeit von 60 bis 70 % vollkommen aus.<\/p>\n<p>Dabei darf wie bei jeder Vogelspinne ein Wassernapf zur Wasseraufnahme nicht fehlen. Das Terrarium f\u00fcr ein adultes Tier sollte die Masse 60 \u00d7 40 \u00d7 40 cm haben. Die Substrath\u00f6he sollte 20 cm betragen, so kann sie sich eine sch\u00f6ne Erdh\u00f6hle graben und ihr nat\u00fcrliches Verhalten ausleben. Das Verhalten von Lasiodora parahybana kann man als ruhig einstufen. Sie zieht sich bei einer St\u00f6rung eher zur\u00fcck, als das sie in den Angriffsmodus gehen w\u00fcrde. Trotzdem sollte man vorsichtig im Umgang mit ihr sein, aber das versteht sich ja von selbst.<\/p>\n","protected":false},"excerpt":{"rendered":"<p>Lasiodora parahybana \u2013 Majest\u00e4tische Riesin aus Brasilien Mit einer K\u00f6rpergr\u00f6\u00dfe von bis zu zehn Zentimeter ist Lasiodora parahybana eine der gr\u00f6\u00dften Spinnen weltweit. Sie erreicht Beinspannweiten von bis zu 30 cm. Die Spinne hat ein struppiges Erscheinungsbild mit l\u00e4ngeren und dichten Haaren. Die F\u00e4rbung variiert sehr stark bei dieser Vogelspinne. Kurz nach der H\u00e4utung ist [&hellip;]<\/p>\n","protected":false},"featured_media":5207,"template":"","meta":{"_acf_changed":false},"product-supplier":[],"product_brand":[],"product_cat":[626,48],"product_tag":[],"lce-checkout-addons":[1202],"class_list":{"0":"post-5178","1":"product","2":"type-product","3":"status-publish","4":"has-post-thumbnail","6":"product_cat-spinnen","7":"product_cat-vogelspinnen","8":"product_shipping_class-animal-shipping","9":"pa_geschlecht-maennlich","10":"pa_geschlecht-unbestimmt","11":"pa_geschlecht-weiblich","12":"pa_herkunft-brasilien","13":"pa_kontinent-suedamerika","14":"lce-checkout-addons-winterverpackung","16":"first","17":"instock","18":"sale","19":"taxable","20":"shipping-taxable","21":"purchasable","22":"product-type-variable","23":"has-default-attributes"},"acf":[],"yoast_head":"<!-- This site is optimized with the Yoast SEO plugin v27.3 - https:\/\/yoast.com\/product\/yoast-seo-wordpress\/ -->\n<title>Lasiodora parahybana - Insektenliebe<\/title>\n<meta name=\"description\" content=\"G\u00fcnstige Lasiodora parahybana direkt direkt online kaufen! Man bezeichnet sie auch als sogenannte Brasilianische Riesenvogelspinne.\" \/>\n<meta name=\"robots\" content=\"index, follow, max-snippet:-1, max-image-preview:large, max-video-preview:-1\" \/>\n<link rel=\"canonical\" href=\"https:\/\/insektenliebe.com\/de\/shop\/produkt\/lasiodora-parahybana\/\" \/>\n<meta property=\"og:locale\" content=\"de_DE\" \/>\n<meta property=\"og:type\" content=\"article\" \/>\n<meta property=\"og:title\" content=\"Lasiodora parahybana - Insektenliebe\" \/>\n<meta property=\"og:description\" content=\"G\u00fcnstige Lasiodora parahybana direkt direkt online kaufen! Man bezeichnet sie auch als sogenannte Brasilianische Riesenvogelspinne.\" \/>\n<meta property=\"og:url\" content=\"https:\/\/insektenliebe.com\/de\/shop\/produkt\/lasiodora-parahybana\/\" \/>\n<meta property=\"og:site_name\" content=\"Insektenliebe\" \/>\n<meta property=\"article:modified_time\" content=\"2026-04-18T05:30:46+00:00\" \/>\n<meta property=\"og:image\" content=\"https:\/\/insektenliebe.com\/wp-content\/uploads\/2025\/05\/Lasiodora-parahybana-adultes-Weibchen-2.jpg\" \/>\n\t<meta property=\"og:image:width\" content=\"820\" \/>\n\t<meta property=\"og:image:height\" content=\"820\" \/>\n\t<meta property=\"og:image:type\" content=\"image\/jpeg\" \/>\n<meta name=\"twitter:card\" content=\"summary_large_image\" \/>\n<meta name=\"twitter:label1\" content=\"Gesch\u00e4tzte Lesezeit\" \/>\n\t<meta name=\"twitter:data1\" content=\"2\u00a0Minuten\" \/>\n<script type=\"application\/ld+json\" class=\"yoast-schema-graph\">{\"@context\":\"https:\\\/\\\/schema.org\",\"@graph\":[{\"@type\":\"WebPage\",\"@id\":\"https:\\\/\\\/insektenliebe.com\\\/de\\\/shop\\\/produkt\\\/lasiodora-parahybana\\\/\",\"url\":\"https:\\\/\\\/insektenliebe.com\\\/de\\\/shop\\\/produkt\\\/lasiodora-parahybana\\\/\",\"name\":\"Lasiodora parahybana - Insektenliebe\",\"isPartOf\":{\"@id\":\"https:\\\/\\\/insektenliebe.com\\\/de\\\/#website\"},\"primaryImageOfPage\":{\"@id\":\"https:\\\/\\\/insektenliebe.com\\\/de\\\/shop\\\/produkt\\\/lasiodora-parahybana\\\/#primaryimage\"},\"image\":{\"@id\":\"https:\\\/\\\/insektenliebe.com\\\/de\\\/shop\\\/produkt\\\/lasiodora-parahybana\\\/#primaryimage\"},\"thumbnailUrl\":\"https:\\\/\\\/insektenliebe.com\\\/wp-content\\\/uploads\\\/2025\\\/05\\\/Lasiodora-parahybana-adultes-Weibchen-2.jpg\",\"datePublished\":\"2021-08-27T09:58:26+00:00\",\"dateModified\":\"2026-04-18T05:30:46+00:00\",\"description\":\"G\u00fcnstige Lasiodora parahybana direkt direkt online kaufen! Man bezeichnet sie auch als sogenannte Brasilianische Riesenvogelspinne.\",\"breadcrumb\":{\"@id\":\"https:\\\/\\\/insektenliebe.com\\\/de\\\/shop\\\/produkt\\\/lasiodora-parahybana\\\/#breadcrumb\"},\"inLanguage\":\"de\",\"potentialAction\":[{\"@type\":\"ReadAction\",\"target\":[\"https:\\\/\\\/insektenliebe.com\\\/de\\\/shop\\\/produkt\\\/lasiodora-parahybana\\\/\"]}]},{\"@type\":\"ImageObject\",\"inLanguage\":\"de\",\"@id\":\"https:\\\/\\\/insektenliebe.com\\\/de\\\/shop\\\/produkt\\\/lasiodora-parahybana\\\/#primaryimage\",\"url\":\"https:\\\/\\\/insektenliebe.com\\\/wp-content\\\/uploads\\\/2025\\\/05\\\/Lasiodora-parahybana-adultes-Weibchen-2.jpg\",\"contentUrl\":\"https:\\\/\\\/insektenliebe.com\\\/wp-content\\\/uploads\\\/2025\\\/05\\\/Lasiodora-parahybana-adultes-Weibchen-2.jpg\",\"width\":820,\"height\":820,\"caption\":\"Lasiodora-parahybana-adultes-Weibchen-2.jpg\"},{\"@type\":\"BreadcrumbList\",\"@id\":\"https:\\\/\\\/insektenliebe.com\\\/de\\\/shop\\\/produkt\\\/lasiodora-parahybana\\\/#breadcrumb\",\"itemListElement\":[{\"@type\":\"ListItem\",\"position\":1,\"name\":\"Startseite\",\"item\":\"https:\\\/\\\/insektenliebe.com\\\/de\\\/\"},{\"@type\":\"ListItem\",\"position\":2,\"name\":\"Shop\",\"item\":\"https:\\\/\\\/insektenliebe.com\\\/de\\\/shop\\\/\"},{\"@type\":\"ListItem\",\"position\":3,\"name\":\"Lasiodora parahybana\"}]},{\"@type\":\"WebSite\",\"@id\":\"https:\\\/\\\/insektenliebe.com\\\/de\\\/#website\",\"url\":\"https:\\\/\\\/insektenliebe.com\\\/de\\\/\",\"name\":\"Insektenliebe\",\"description\":\"Dein Zuhause f\u00fcr die kleinen Lebewesen\",\"publisher\":{\"@id\":\"https:\\\/\\\/insektenliebe.com\\\/de\\\/#organization\"},\"potentialAction\":[{\"@type\":\"SearchAction\",\"target\":{\"@type\":\"EntryPoint\",\"urlTemplate\":\"https:\\\/\\\/insektenliebe.com\\\/de\\\/?s={search_term_string}\"},\"query-input\":{\"@type\":\"PropertyValueSpecification\",\"valueRequired\":true,\"valueName\":\"search_term_string\"}}],\"inLanguage\":\"de\"},{\"@type\":\"Organization\",\"@id\":\"https:\\\/\\\/insektenliebe.com\\\/de\\\/#organization\",\"name\":\"Insektenliebe\",\"url\":\"https:\\\/\\\/insektenliebe.com\\\/de\\\/\",\"logo\":{\"@type\":\"ImageObject\",\"inLanguage\":\"de\",\"@id\":\"https:\\\/\\\/insektenliebe.com\\\/de\\\/#\\\/schema\\\/logo\\\/image\\\/\",\"url\":\"https:\\\/\\\/insektenliebe.com\\\/wp-content\\\/uploads\\\/2025\\\/03\\\/logo-white.png\",\"contentUrl\":\"https:\\\/\\\/insektenliebe.com\\\/wp-content\\\/uploads\\\/2025\\\/03\\\/logo-white.png\",\"width\":288,\"height\":188,\"caption\":\"Insektenliebe\"},\"image\":{\"@id\":\"https:\\\/\\\/insektenliebe.com\\\/de\\\/#\\\/schema\\\/logo\\\/image\\\/\"}}]}<\/script>\n<!-- \/ Yoast SEO plugin. -->","yoast_head_json":{"title":"Lasiodora parahybana - Insektenliebe","description":"G\u00fcnstige Lasiodora parahybana direkt direkt online kaufen! Man bezeichnet sie auch als sogenannte Brasilianische Riesenvogelspinne.","robots":{"index":"index","follow":"follow","max-snippet":"max-snippet:-1","max-image-preview":"max-image-preview:large","max-video-preview":"max-video-preview:-1"},"canonical":"https:\/\/insektenliebe.com\/de\/shop\/produkt\/lasiodora-parahybana\/","og_locale":"de_DE","og_type":"article","og_title":"Lasiodora parahybana - Insektenliebe","og_description":"G\u00fcnstige Lasiodora parahybana direkt direkt online kaufen! Man bezeichnet sie auch als sogenannte Brasilianische Riesenvogelspinne.","og_url":"https:\/\/insektenliebe.com\/de\/shop\/produkt\/lasiodora-parahybana\/","og_site_name":"Insektenliebe","article_modified_time":"2026-04-18T05:30:46+00:00","og_image":[{"width":820,"height":820,"url":"https:\/\/insektenliebe.com\/wp-content\/uploads\/2025\/05\/Lasiodora-parahybana-adultes-Weibchen-2.jpg","type":"image\/jpeg"}],"twitter_card":"summary_large_image","twitter_misc":{"Gesch\u00e4tzte Lesezeit":"2\u00a0Minuten"},"schema":{"@context":"https:\/\/schema.org","@graph":[{"@type":"WebPage","@id":"https:\/\/insektenliebe.com\/de\/shop\/produkt\/lasiodora-parahybana\/","url":"https:\/\/insektenliebe.com\/de\/shop\/produkt\/lasiodora-parahybana\/","name":"Lasiodora parahybana - Insektenliebe","isPartOf":{"@id":"https:\/\/insektenliebe.com\/de\/#website"},"primaryImageOfPage":{"@id":"https:\/\/insektenliebe.com\/de\/shop\/produkt\/lasiodora-parahybana\/#primaryimage"},"image":{"@id":"https:\/\/insektenliebe.com\/de\/shop\/produkt\/lasiodora-parahybana\/#primaryimage"},"thumbnailUrl":"https:\/\/insektenliebe.com\/wp-content\/uploads\/2025\/05\/Lasiodora-parahybana-adultes-Weibchen-2.jpg","datePublished":"2021-08-27T09:58:26+00:00","dateModified":"2026-04-18T05:30:46+00:00","description":"G\u00fcnstige Lasiodora parahybana direkt direkt online kaufen! Man bezeichnet sie auch als sogenannte Brasilianische Riesenvogelspinne.","breadcrumb":{"@id":"https:\/\/insektenliebe.com\/de\/shop\/produkt\/lasiodora-parahybana\/#breadcrumb"},"inLanguage":"de","potentialAction":[{"@type":"ReadAction","target":["https:\/\/insektenliebe.com\/de\/shop\/produkt\/lasiodora-parahybana\/"]}]},{"@type":"ImageObject","inLanguage":"de","@id":"https:\/\/insektenliebe.com\/de\/shop\/produkt\/lasiodora-parahybana\/#primaryimage","url":"https:\/\/insektenliebe.com\/wp-content\/uploads\/2025\/05\/Lasiodora-parahybana-adultes-Weibchen-2.jpg","contentUrl":"https:\/\/insektenliebe.com\/wp-content\/uploads\/2025\/05\/Lasiodora-parahybana-adultes-Weibchen-2.jpg","width":820,"height":820,"caption":"Lasiodora-parahybana-adultes-Weibchen-2.jpg"},{"@type":"BreadcrumbList","@id":"https:\/\/insektenliebe.com\/de\/shop\/produkt\/lasiodora-parahybana\/#breadcrumb","itemListElement":[{"@type":"ListItem","position":1,"name":"Startseite","item":"https:\/\/insektenliebe.com\/de\/"},{"@type":"ListItem","position":2,"name":"Shop","item":"https:\/\/insektenliebe.com\/de\/shop\/"},{"@type":"ListItem","position":3,"name":"Lasiodora parahybana"}]},{"@type":"WebSite","@id":"https:\/\/insektenliebe.com\/de\/#website","url":"https:\/\/insektenliebe.com\/de\/","name":"Insektenliebe","description":"Dein Zuhause f\u00fcr die kleinen Lebewesen","publisher":{"@id":"https:\/\/insektenliebe.com\/de\/#organization"},"potentialAction":[{"@type":"SearchAction","target":{"@type":"EntryPoint","urlTemplate":"https:\/\/insektenliebe.com\/de\/?s={search_term_string}"},"query-input":{"@type":"PropertyValueSpecification","valueRequired":true,"valueName":"search_term_string"}}],"inLanguage":"de"},{"@type":"Organization","@id":"https:\/\/insektenliebe.com\/de\/#organization","name":"Insektenliebe","url":"https:\/\/insektenliebe.com\/de\/","logo":{"@type":"ImageObject","inLanguage":"de","@id":"https:\/\/insektenliebe.com\/de\/#\/schema\/logo\/image\/","url":"https:\/\/insektenliebe.com\/wp-content\/uploads\/2025\/03\/logo-white.png","contentUrl":"https:\/\/insektenliebe.com\/wp-content\/uploads\/2025\/03\/logo-white.png","width":288,"height":188,"caption":"Insektenliebe"},"image":{"@id":"https:\/\/insektenliebe.com\/de\/#\/schema\/logo\/image\/"}}]}},"_links":{"self":[{"href":"https:\/\/insektenliebe.com\/de\/wp-json\/wp\/v2\/product\/5178","targetHints":{"allow":["GET"]}}],"collection":[{"href":"https:\/\/insektenliebe.com\/de\/wp-json\/wp\/v2\/product"}],"about":[{"href":"https:\/\/insektenliebe.com\/de\/wp-json\/wp\/v2\/types\/product"}],"wp:featuredmedia":[{"embeddable":true,"href":"https:\/\/insektenliebe.com\/de\/wp-json\/wp\/v2\/media\/5207"}],"wp:attachment":[{"href":"https:\/\/insektenliebe.com\/de\/wp-json\/wp\/v2\/media?parent=5178"}],"wp:term":[{"taxonomy":"product-supplier","embeddable":true,"href":"https:\/\/insektenliebe.com\/de\/wp-json\/wp\/v2\/product-supplier?post=5178"},{"taxonomy":"product_brand","embeddable":true,"href":"https:\/\/insektenliebe.com\/de\/wp-json\/wp\/v2\/product_brand?post=5178"},{"taxonomy":"product_cat","embeddable":true,"href":"https:\/\/insektenliebe.com\/de\/wp-json\/wp\/v2\/product_cat?post=5178"},{"taxonomy":"product_tag","embeddable":true,"href":"https:\/\/insektenliebe.com\/de\/wp-json\/wp\/v2\/product_tag?post=5178"},{"taxonomy":"lce-checkout-addons","embeddable":true,"href":"https:\/\/insektenliebe.com\/de\/wp-json\/wp\/v2\/lce-checkout-addons?post=5178"}],"curies":[{"name":"wp","href":"https:\/\/api.w.org\/{rel}","templated":true}]}}