{"id":5176,"date":"2023-07-19T14:57:00","date_gmt":"2023-07-19T12:57:00","guid":{"rendered":"http:\/\/localhost\/ins-test\/?post_type=product&#038;p=5176"},"modified":"2026-03-29T20:13:50","modified_gmt":"2026-03-29T18:13:50","slug":"die-martinique-baumvogelspinne","status":"publish","type":"product","link":"https:\/\/insektenliebe.com\/de\/shop\/produkt\/die-martinique-baumvogelspinne\/","title":{"rendered":"Die Martinique-Baumvogelspinne"},"content":{"rendered":"<div id=\"hikashop_product_bottom_part\" class=\"hikashop_product_bottom_part\">\n<div id=\"hikashop_product_description_main\" class=\"hikashop_product_description_main\">\n<h1><span id=\"hikashop_product_name_main\" class=\"hikashop_product_name_main\">Die Martinique-Baumvogelspinne<\/span><\/h1>\n<div id=\"hikashop_product_contact_main\" class=\"hikashop_product_contact_main\"><\/div>\n<div id=\"hikashop_product_bottom_part\" class=\"hikashop_product_bottom_part\">\n<div id=\"hikashop_product_description_main\" class=\"hikashop_product_description_main\">\n<p><strong><em>Caribena versicolor &amp; Caribena laeta, Avicularia minatrix &amp; Avicularia purpurea<\/em><\/strong><\/p>\n<p>Seit langem geh\u00f6ren neuweltliche Vogelspinnen zu den beliebtesten wirbellosen Terrarientieren. Dies ist nicht nur auf die sehr h\u00fcbsche F\u00e4rbung, sondern auch auf das zumeist sehr ruhige Wesen dieser Spinnen zur\u00fcckzuf\u00fchren. Aufgrund der recht einheitlichen K\u00f6rpermerkmale sind die \u201etypischen\u201c rotf\u00fc\u00dfigen Arten auch f\u00fcr den Fachmann nur sehr schwierig zu unterscheiden. Im vorliegenden Buch stellt Autor\u00a0<strong>Boris F. Striffler<\/strong> die eindeutig zu identifizierenden, im Handel verf\u00fcgbaren Arten exemplarisch anhand von Caribena versicolor und einiger anderer Vertreter vor.<\/p>\n<\/div>\n<\/div>\n<\/div>\n<\/div>\n<p><strong>Boris F. Striffler<\/strong>\u00a0besch\u00e4ftigt sich seit langem wissenschaftlich und als Terrarianer mit Vogelspinnen. In diesem Band der Reihe \u201eArt f\u00fcr Art\u201c geht er im Detail und leicht verst\u00e4ndlich auf s\u00e4mtliche wissenswerten Aspekte der Haltung und Pflege von Martinique-Baumvogelspinnen ein. Und selbstverst\u00e4ndlich vermittelt er Ihnen auch, wie Sie Ihre Lieblinge zur Vermehrung bringen und die Jungspinnen aufziehen k\u00f6nnen.<\/p>\n<p><span class=\"readonlytext\">Art f\u00fcr Art stellen Ihnen die B\u00fccher dieser Reihe die beliebtesten Terrarientiere vor. Jeder Band bietet Ihnen detaillierte, praxisnahe Pflegeanleitungen und Sie finden alle Informationen, die Sie brauchen, um Ihre Tiere\u00a0erfolgreich zu vermehren. Alle wichtigen Fragen von der erforderlichen Beckengr\u00f6\u00dfe \u00fcber die Terrarieneinrichtung, die technische Ausstattung, die artgerechte Ern\u00e4hrung bis zur Vorbeugung von Krankheiten werden mit zahlreichen Tricks und Kniffen beantwortet. Erfahrene, langj\u00e4hrige Z\u00fcchter verraten, wie Sie die Tiere zur Fortpflanzung bewegen und die Jungtiere gesund aufziehen k\u00f6nnen.<\/span><\/p>\n<p>Das alles durchg\u00e4ngig farbig, gro\u00dfz\u00fcgig bebildert und attraktiv gestaltet nur \u00fcber Ihr Terrarientier \u2013 Art f\u00fcr Art!<\/p>\n","protected":false},"excerpt":{"rendered":"<p>Die Martinique-Baumvogelspinne Caribena versicolor &amp; Caribena laeta, Avicularia minatrix &amp; Avicularia purpurea Seit langem geh\u00f6ren neuweltliche Vogelspinnen zu den beliebtesten wirbellosen Terrarientieren. Dies ist nicht nur auf die sehr h\u00fcbsche F\u00e4rbung, sondern auch auf das zumeist sehr ruhige Wesen dieser Spinnen zur\u00fcckzuf\u00fchren. Aufgrund der recht einheitlichen K\u00f6rpermerkmale sind die \u201etypischen\u201c rotf\u00fc\u00dfigen Arten auch f\u00fcr den [&hellip;]<\/p>\n","protected":false},"featured_media":5586,"template":"","meta":{"_acf_changed":false},"product-supplier":[],"product_brand":[],"product_cat":[183],"product_tag":[],"lce-checkout-addons":[],"class_list":{"0":"post-5176","1":"product","2":"type-product","3":"status-publish","4":"has-post-thumbnail","6":"product_cat-merchandising-literatur","7":"product_shipping_class-equipment-shipping","9":"first","10":"instock","11":"taxable","12":"shipping-taxable","13":"purchasable","14":"product-type-simple"},"acf":[],"yoast_head":"<!-- This site is optimized with the Yoast SEO plugin v27.3 - https:\/\/yoast.com\/product\/yoast-seo-wordpress\/ -->\n<title>Die Martinique-Baumvogelspinne - Insektenliebe<\/title>\n<meta name=\"description\" content=\"Hier kannst du das Buch &quot;Die Martinique-Baumvogelspinne&quot; direkt online kaufen. Das Buch erkl\u00e4rt dir diese Art mit anschaulichen Fotos.\" \/>\n<meta name=\"robots\" content=\"index, follow, max-snippet:-1, max-image-preview:large, max-video-preview:-1\" \/>\n<link rel=\"canonical\" href=\"https:\/\/insektenliebe.com\/de\/shop\/produkt\/die-martinique-baumvogelspinne\/\" \/>\n<meta property=\"og:locale\" content=\"de_DE\" \/>\n<meta property=\"og:type\" content=\"article\" \/>\n<meta property=\"og:title\" content=\"Die Martinique-Baumvogelspinne - Insektenliebe\" \/>\n<meta property=\"og:description\" content=\"Hier kannst du das Buch &quot;Die Martinique-Baumvogelspinne&quot; direkt online kaufen. Das Buch erkl\u00e4rt dir diese Art mit anschaulichen Fotos.\" \/>\n<meta property=\"og:url\" content=\"https:\/\/insektenliebe.com\/de\/shop\/produkt\/die-martinique-baumvogelspinne\/\" \/>\n<meta property=\"og:site_name\" content=\"Insektenliebe\" \/>\n<meta property=\"article:modified_time\" content=\"2026-03-29T18:13:50+00:00\" \/>\n<meta property=\"og:image\" content=\"https:\/\/insektenliebe.com\/wp-content\/uploads\/2025\/05\/Die-Martinique-Baumvogelspinne-2.jpg\" \/>\n\t<meta property=\"og:image:width\" content=\"820\" \/>\n\t<meta property=\"og:image:height\" content=\"820\" \/>\n\t<meta property=\"og:image:type\" content=\"image\/jpeg\" \/>\n<meta name=\"twitter:card\" content=\"summary_large_image\" \/>\n<meta name=\"twitter:label1\" content=\"Gesch\u00e4tzte Lesezeit\" \/>\n\t<meta name=\"twitter:data1\" content=\"2\u00a0Minuten\" \/>\n<script type=\"application\/ld+json\" class=\"yoast-schema-graph\">{\"@context\":\"https:\\\/\\\/schema.org\",\"@graph\":[{\"@type\":\"WebPage\",\"@id\":\"https:\\\/\\\/insektenliebe.com\\\/de\\\/shop\\\/produkt\\\/die-martinique-baumvogelspinne\\\/\",\"url\":\"https:\\\/\\\/insektenliebe.com\\\/de\\\/shop\\\/produkt\\\/die-martinique-baumvogelspinne\\\/\",\"name\":\"Die Martinique-Baumvogelspinne - Insektenliebe\",\"isPartOf\":{\"@id\":\"https:\\\/\\\/insektenliebe.com\\\/de\\\/#website\"},\"primaryImageOfPage\":{\"@id\":\"https:\\\/\\\/insektenliebe.com\\\/de\\\/shop\\\/produkt\\\/die-martinique-baumvogelspinne\\\/#primaryimage\"},\"image\":{\"@id\":\"https:\\\/\\\/insektenliebe.com\\\/de\\\/shop\\\/produkt\\\/die-martinique-baumvogelspinne\\\/#primaryimage\"},\"thumbnailUrl\":\"https:\\\/\\\/insektenliebe.com\\\/wp-content\\\/uploads\\\/2025\\\/05\\\/Die-Martinique-Baumvogelspinne-2.jpg\",\"datePublished\":\"2023-07-19T12:57:00+00:00\",\"dateModified\":\"2026-03-29T18:13:50+00:00\",\"description\":\"Hier kannst du das Buch \\\"Die Martinique-Baumvogelspinne\\\" direkt online kaufen. Das Buch erkl\u00e4rt dir diese Art mit anschaulichen Fotos.\",\"breadcrumb\":{\"@id\":\"https:\\\/\\\/insektenliebe.com\\\/de\\\/shop\\\/produkt\\\/die-martinique-baumvogelspinne\\\/#breadcrumb\"},\"inLanguage\":\"de\",\"potentialAction\":[{\"@type\":\"ReadAction\",\"target\":[\"https:\\\/\\\/insektenliebe.com\\\/de\\\/shop\\\/produkt\\\/die-martinique-baumvogelspinne\\\/\"]}]},{\"@type\":\"ImageObject\",\"inLanguage\":\"de\",\"@id\":\"https:\\\/\\\/insektenliebe.com\\\/de\\\/shop\\\/produkt\\\/die-martinique-baumvogelspinne\\\/#primaryimage\",\"url\":\"https:\\\/\\\/insektenliebe.com\\\/wp-content\\\/uploads\\\/2025\\\/05\\\/Die-Martinique-Baumvogelspinne-2.jpg\",\"contentUrl\":\"https:\\\/\\\/insektenliebe.com\\\/wp-content\\\/uploads\\\/2025\\\/05\\\/Die-Martinique-Baumvogelspinne-2.jpg\",\"width\":820,\"height\":820,\"caption\":\"Die-Martinique-Baumvogelspinne-2.jpg\"},{\"@type\":\"BreadcrumbList\",\"@id\":\"https:\\\/\\\/insektenliebe.com\\\/de\\\/shop\\\/produkt\\\/die-martinique-baumvogelspinne\\\/#breadcrumb\",\"itemListElement\":[{\"@type\":\"ListItem\",\"position\":1,\"name\":\"Startseite\",\"item\":\"https:\\\/\\\/insektenliebe.com\\\/de\\\/\"},{\"@type\":\"ListItem\",\"position\":2,\"name\":\"Shop\",\"item\":\"https:\\\/\\\/insektenliebe.com\\\/de\\\/shop\\\/\"},{\"@type\":\"ListItem\",\"position\":3,\"name\":\"Die Martinique-Baumvogelspinne\"}]},{\"@type\":\"WebSite\",\"@id\":\"https:\\\/\\\/insektenliebe.com\\\/de\\\/#website\",\"url\":\"https:\\\/\\\/insektenliebe.com\\\/de\\\/\",\"name\":\"Insektenliebe\",\"description\":\"Dein Zuhause f\u00fcr die kleinen Lebewesen\",\"publisher\":{\"@id\":\"https:\\\/\\\/insektenliebe.com\\\/de\\\/#organization\"},\"potentialAction\":[{\"@type\":\"SearchAction\",\"target\":{\"@type\":\"EntryPoint\",\"urlTemplate\":\"https:\\\/\\\/insektenliebe.com\\\/de\\\/?s={search_term_string}\"},\"query-input\":{\"@type\":\"PropertyValueSpecification\",\"valueRequired\":true,\"valueName\":\"search_term_string\"}}],\"inLanguage\":\"de\"},{\"@type\":\"Organization\",\"@id\":\"https:\\\/\\\/insektenliebe.com\\\/de\\\/#organization\",\"name\":\"Insektenliebe\",\"url\":\"https:\\\/\\\/insektenliebe.com\\\/de\\\/\",\"logo\":{\"@type\":\"ImageObject\",\"inLanguage\":\"de\",\"@id\":\"https:\\\/\\\/insektenliebe.com\\\/de\\\/#\\\/schema\\\/logo\\\/image\\\/\",\"url\":\"https:\\\/\\\/insektenliebe.com\\\/wp-content\\\/uploads\\\/2025\\\/03\\\/logo-white.png\",\"contentUrl\":\"https:\\\/\\\/insektenliebe.com\\\/wp-content\\\/uploads\\\/2025\\\/03\\\/logo-white.png\",\"width\":288,\"height\":188,\"caption\":\"Insektenliebe\"},\"image\":{\"@id\":\"https:\\\/\\\/insektenliebe.com\\\/de\\\/#\\\/schema\\\/logo\\\/image\\\/\"}}]}<\/script>\n<!-- \/ Yoast SEO plugin. -->","yoast_head_json":{"title":"Die Martinique-Baumvogelspinne - Insektenliebe","description":"Hier kannst du das Buch \"Die Martinique-Baumvogelspinne\" direkt online kaufen. Das Buch erkl\u00e4rt dir diese Art mit anschaulichen Fotos.","robots":{"index":"index","follow":"follow","max-snippet":"max-snippet:-1","max-image-preview":"max-image-preview:large","max-video-preview":"max-video-preview:-1"},"canonical":"https:\/\/insektenliebe.com\/de\/shop\/produkt\/die-martinique-baumvogelspinne\/","og_locale":"de_DE","og_type":"article","og_title":"Die Martinique-Baumvogelspinne - Insektenliebe","og_description":"Hier kannst du das Buch \"Die Martinique-Baumvogelspinne\" direkt online kaufen. Das Buch erkl\u00e4rt dir diese Art mit anschaulichen Fotos.","og_url":"https:\/\/insektenliebe.com\/de\/shop\/produkt\/die-martinique-baumvogelspinne\/","og_site_name":"Insektenliebe","article_modified_time":"2026-03-29T18:13:50+00:00","og_image":[{"width":820,"height":820,"url":"https:\/\/insektenliebe.com\/wp-content\/uploads\/2025\/05\/Die-Martinique-Baumvogelspinne-2.jpg","type":"image\/jpeg"}],"twitter_card":"summary_large_image","twitter_misc":{"Gesch\u00e4tzte Lesezeit":"2\u00a0Minuten"},"schema":{"@context":"https:\/\/schema.org","@graph":[{"@type":"WebPage","@id":"https:\/\/insektenliebe.com\/de\/shop\/produkt\/die-martinique-baumvogelspinne\/","url":"https:\/\/insektenliebe.com\/de\/shop\/produkt\/die-martinique-baumvogelspinne\/","name":"Die Martinique-Baumvogelspinne - Insektenliebe","isPartOf":{"@id":"https:\/\/insektenliebe.com\/de\/#website"},"primaryImageOfPage":{"@id":"https:\/\/insektenliebe.com\/de\/shop\/produkt\/die-martinique-baumvogelspinne\/#primaryimage"},"image":{"@id":"https:\/\/insektenliebe.com\/de\/shop\/produkt\/die-martinique-baumvogelspinne\/#primaryimage"},"thumbnailUrl":"https:\/\/insektenliebe.com\/wp-content\/uploads\/2025\/05\/Die-Martinique-Baumvogelspinne-2.jpg","datePublished":"2023-07-19T12:57:00+00:00","dateModified":"2026-03-29T18:13:50+00:00","description":"Hier kannst du das Buch \"Die Martinique-Baumvogelspinne\" direkt online kaufen. Das Buch erkl\u00e4rt dir diese Art mit anschaulichen Fotos.","breadcrumb":{"@id":"https:\/\/insektenliebe.com\/de\/shop\/produkt\/die-martinique-baumvogelspinne\/#breadcrumb"},"inLanguage":"de","potentialAction":[{"@type":"ReadAction","target":["https:\/\/insektenliebe.com\/de\/shop\/produkt\/die-martinique-baumvogelspinne\/"]}]},{"@type":"ImageObject","inLanguage":"de","@id":"https:\/\/insektenliebe.com\/de\/shop\/produkt\/die-martinique-baumvogelspinne\/#primaryimage","url":"https:\/\/insektenliebe.com\/wp-content\/uploads\/2025\/05\/Die-Martinique-Baumvogelspinne-2.jpg","contentUrl":"https:\/\/insektenliebe.com\/wp-content\/uploads\/2025\/05\/Die-Martinique-Baumvogelspinne-2.jpg","width":820,"height":820,"caption":"Die-Martinique-Baumvogelspinne-2.jpg"},{"@type":"BreadcrumbList","@id":"https:\/\/insektenliebe.com\/de\/shop\/produkt\/die-martinique-baumvogelspinne\/#breadcrumb","itemListElement":[{"@type":"ListItem","position":1,"name":"Startseite","item":"https:\/\/insektenliebe.com\/de\/"},{"@type":"ListItem","position":2,"name":"Shop","item":"https:\/\/insektenliebe.com\/de\/shop\/"},{"@type":"ListItem","position":3,"name":"Die Martinique-Baumvogelspinne"}]},{"@type":"WebSite","@id":"https:\/\/insektenliebe.com\/de\/#website","url":"https:\/\/insektenliebe.com\/de\/","name":"Insektenliebe","description":"Dein Zuhause f\u00fcr die kleinen Lebewesen","publisher":{"@id":"https:\/\/insektenliebe.com\/de\/#organization"},"potentialAction":[{"@type":"SearchAction","target":{"@type":"EntryPoint","urlTemplate":"https:\/\/insektenliebe.com\/de\/?s={search_term_string}"},"query-input":{"@type":"PropertyValueSpecification","valueRequired":true,"valueName":"search_term_string"}}],"inLanguage":"de"},{"@type":"Organization","@id":"https:\/\/insektenliebe.com\/de\/#organization","name":"Insektenliebe","url":"https:\/\/insektenliebe.com\/de\/","logo":{"@type":"ImageObject","inLanguage":"de","@id":"https:\/\/insektenliebe.com\/de\/#\/schema\/logo\/image\/","url":"https:\/\/insektenliebe.com\/wp-content\/uploads\/2025\/03\/logo-white.png","contentUrl":"https:\/\/insektenliebe.com\/wp-content\/uploads\/2025\/03\/logo-white.png","width":288,"height":188,"caption":"Insektenliebe"},"image":{"@id":"https:\/\/insektenliebe.com\/de\/#\/schema\/logo\/image\/"}}]}},"_links":{"self":[{"href":"https:\/\/insektenliebe.com\/de\/wp-json\/wp\/v2\/product\/5176","targetHints":{"allow":["GET"]}}],"collection":[{"href":"https:\/\/insektenliebe.com\/de\/wp-json\/wp\/v2\/product"}],"about":[{"href":"https:\/\/insektenliebe.com\/de\/wp-json\/wp\/v2\/types\/product"}],"wp:featuredmedia":[{"embeddable":true,"href":"https:\/\/insektenliebe.com\/de\/wp-json\/wp\/v2\/media\/5586"}],"wp:attachment":[{"href":"https:\/\/insektenliebe.com\/de\/wp-json\/wp\/v2\/media?parent=5176"}],"wp:term":[{"taxonomy":"product-supplier","embeddable":true,"href":"https:\/\/insektenliebe.com\/de\/wp-json\/wp\/v2\/product-supplier?post=5176"},{"taxonomy":"product_brand","embeddable":true,"href":"https:\/\/insektenliebe.com\/de\/wp-json\/wp\/v2\/product_brand?post=5176"},{"taxonomy":"product_cat","embeddable":true,"href":"https:\/\/insektenliebe.com\/de\/wp-json\/wp\/v2\/product_cat?post=5176"},{"taxonomy":"product_tag","embeddable":true,"href":"https:\/\/insektenliebe.com\/de\/wp-json\/wp\/v2\/product_tag?post=5176"},{"taxonomy":"lce-checkout-addons","embeddable":true,"href":"https:\/\/insektenliebe.com\/de\/wp-json\/wp\/v2\/lce-checkout-addons?post=5176"}],"curies":[{"name":"wp","href":"https:\/\/api.w.org\/{rel}","templated":true}]}}