{"id":5175,"date":"2021-08-22T13:00:25","date_gmt":"2021-08-22T11:00:25","guid":{"rendered":"http:\/\/localhost\/ins-test\/?post_type=product&#038;p=5175"},"modified":"2026-04-05T23:24:10","modified_gmt":"2026-04-05T21:24:10","slug":"caribena-versicolor","status":"publish","type":"product","link":"https:\/\/insektenliebe.com\/de\/shop\/produkt\/caribena-versicolor\/","title":{"rendered":"Caribena versicolor"},"content":{"rendered":"<h3 class=\"p1\"><span style=\"color: #99cc33;\"><strong><span class=\"s1\">Caribena versicolor \u2013 die farbenpr\u00e4chtige Schmuckvogelspinne von Martinique<\/span><\/strong><\/span><\/h3>\n<p><strong>Caribena versicolor<\/strong> ist ohne Zweifel eine der farbenpr\u00e4chtigsten Vogelspinne der Welt. Die Art wurde neu bestimmt und war fr\u00fcher unter dem Namen Avicularia versicolor bekannt. Im deutschsprachigen Raum wird sie zudem bez\u00fcglich ihrer Herkunft auch \"Martinique Baumvogelspinne\" genannt.<\/p>\n<p>Die relativ klein bleibende Art w\u00e4chst relativ schnell und ist bereits nach zwei bis zweieinhalb Jahren adult. Dabei \u00e4ndert sie auch ihr Aussehen. Die metallisch blauen Spiderlinge verwandeln sich im Laufe der Zeit zu t\u00fcrkisfarbene, rot und lilafarbene Sch\u00f6nheiten.<\/p>\n<p>Damit man diese Entwicklung ohne negative \u00dcberraschungen miterleben kann, sollte man ein paar Dinge bei der Haltung beachten. Die Tiere ben\u00f6tigen zur Wasseraufnahme alle zwei Tage Wassertropfen. Daher sollte man regelm\u00e4\u00dfig etwas Wasser in eine Ecke des Beh\u00e4lters spr\u00fchen. Dabei ist allerdings Vorsicht geboten, da <strong>Caribena versicolor<\/strong> absolut keine Staun\u00e4sse vertr\u00e4gt. Am besten eignet sich ein Beh\u00e4lter mit einer guten Luftzirkulation und einem Substrat, dass die Feuchtigkeit gut aufnehmen kann. Wir verwenden dazu ein Waldhumus Spaghnummoos Gemisch mit einem Anteil von 3:1.<\/p>\n<p>F\u00fcr eine ausgewachsene <strong>Caribena versicolor<\/strong> empfiehlt sich ein Terrarium mit den Massen 20 \u00d7 20 \u00d7 30 cm. Daher eignet sich auch perfekt unser Springspinnen Komplettset f\u00fcr diese Art. Die Tiere nehmen gerne \u00c4ste oder Korkrinden die diagonal in das Terrarium gestellt werden an, um ihr Wohngespinst darin einzubauen. Beim Futter sind sie nicht w\u00e4hlerisch. Es wird alles angenommen, was ihrer Gr\u00f6\u00dfe entspricht. \u00dcbrig gebliebene Futtertiere sollten allerdings unverz\u00fcglich wieder entfernt werden. Caribena versicolor ist eine sehr friedliche und ruhige Art, die auch f\u00fcr Anf\u00e4nger zu empfehlen ist.<\/p>\n<p class=\"p1\"><strong>Hinweis zur Meldepflicht:<\/strong><b><\/b><\/p>\n<p class=\"p1\">Diese Vogelspinnenart unterliegt der Meldepflicht. F\u00fcr dieses Tier ist ein Herkunftsnachweis gesetzlich vorgeschrieben. Wenn du eine meldepflichtige Art bei uns bestellst, erh\u00e4ltst du automatisch mit deiner Bestellbest\u00e4tigung einen Link zum Download des entsprechenden Nachweises. So hast du alle notwendigen Unterlagen sofort griffbereit und kannst sie digital oder ausgedruckt bei dir ablegen.<\/p>\n","protected":false},"excerpt":{"rendered":"<p>Caribena versicolor \u2013 die farbenpr\u00e4chtige Schmuckvogelspinne von Martinique Caribena versicolor ist ohne Zweifel eine der farbenpr\u00e4chtigsten Vogelspinne der Welt. Die Art wurde neu bestimmt und war fr\u00fcher unter dem Namen Avicularia versicolor bekannt. Im deutschsprachigen Raum wird sie zudem bez\u00fcglich ihrer Herkunft auch \"Martinique Baumvogelspinne\" genannt. Die relativ klein bleibende Art w\u00e4chst relativ schnell und [&hellip;]<\/p>\n","protected":false},"featured_media":5205,"template":"","meta":{"_acf_changed":false},"product-supplier":[],"product_brand":[],"product_cat":[626,48],"product_tag":[],"lce-checkout-addons":[1202],"class_list":{"0":"post-5175","1":"product","2":"type-product","3":"status-publish","4":"has-post-thumbnail","6":"product_cat-spinnen","7":"product_cat-vogelspinnen","8":"product_shipping_class-animal-shipping","9":"pa_geschlecht-maennlich","10":"pa_geschlecht-unbestimmt","11":"pa_geschlecht-weiblich","12":"pa_herkunft-martinique","13":"pa_kontinent-nordamerika","14":"lce-checkout-addons-winterverpackung","16":"first","17":"outofstock","18":"taxable","19":"shipping-taxable","20":"purchasable","21":"product-type-variable"},"acf":[],"yoast_head":"<!-- This site is optimized with the Yoast SEO Premium plugin v26.8 (Yoast SEO v27.3) - https:\/\/yoast.com\/product\/yoast-seo-premium-wordpress\/ -->\n<title>Caribena versicolor - Insektenliebe<\/title>\n<meta name=\"description\" content=\"G\u00fcnstige Caribena versicolor direkt direkt online kaufen! Eine der sch\u00f6nsten baumbewohnende Vogelspinne der Welt! Direkt vom Z\u00fcchter kaufen!\" \/>\n<meta name=\"robots\" content=\"index, follow, max-snippet:-1, max-image-preview:large, max-video-preview:-1\" \/>\n<link rel=\"canonical\" href=\"https:\/\/insektenliebe.com\/de\/shop\/produkt\/caribena-versicolor\/\" \/>\n<meta property=\"og:locale\" content=\"de_DE\" \/>\n<meta property=\"og:type\" content=\"article\" \/>\n<meta property=\"og:title\" content=\"Caribena versicolor\" \/>\n<meta property=\"og:description\" content=\"G\u00fcnstige Caribena versicolor direkt direkt online kaufen! Eine der sch\u00f6nsten baumbewohnende Vogelspinne der Welt! Direkt vom Z\u00fcchter kaufen!\" \/>\n<meta property=\"og:url\" content=\"https:\/\/insektenliebe.com\/de\/shop\/produkt\/caribena-versicolor\/\" \/>\n<meta property=\"og:site_name\" content=\"Insektenliebe\" \/>\n<meta property=\"article:modified_time\" content=\"2026-04-05T21:24:10+00:00\" \/>\n<meta property=\"og:image\" content=\"https:\/\/insektenliebe.com\/wp-content\/uploads\/2025\/05\/Caribena-versicolor-2.jpg\" \/>\n\t<meta property=\"og:image:width\" content=\"820\" \/>\n\t<meta property=\"og:image:height\" content=\"820\" \/>\n\t<meta property=\"og:image:type\" content=\"image\/jpeg\" \/>\n<meta name=\"twitter:card\" content=\"summary_large_image\" \/>\n<meta name=\"twitter:label1\" content=\"Verf\u00fcgbarkeit\" \/>\n\t<meta name=\"twitter:data1\" content=\"ausverkauft\" \/>\n<script type=\"application\/ld+json\" class=\"yoast-schema-graph\">{\"@context\":\"https:\\\/\\\/schema.org\",\"@graph\":[{\"@type\":\"WebPage\",\"@id\":\"https:\\\/\\\/insektenliebe.com\\\/de\\\/shop\\\/produkt\\\/caribena-versicolor\\\/\",\"url\":\"https:\\\/\\\/insektenliebe.com\\\/de\\\/shop\\\/produkt\\\/caribena-versicolor\\\/\",\"name\":\"Caribena versicolor - Insektenliebe\",\"isPartOf\":{\"@id\":\"https:\\\/\\\/insektenliebe.com\\\/de\\\/#website\"},\"primaryImageOfPage\":{\"@id\":\"https:\\\/\\\/insektenliebe.com\\\/de\\\/shop\\\/produkt\\\/caribena-versicolor\\\/#primaryimage\"},\"image\":{\"@id\":\"https:\\\/\\\/insektenliebe.com\\\/de\\\/shop\\\/produkt\\\/caribena-versicolor\\\/#primaryimage\"},\"thumbnailUrl\":\"https:\\\/\\\/insektenliebe.com\\\/wp-content\\\/uploads\\\/2025\\\/05\\\/Caribena-versicolor-2.jpg\",\"datePublished\":\"2021-08-22T11:00:25+00:00\",\"dateModified\":\"2026-04-05T21:24:10+00:00\",\"description\":\"G\u00fcnstige Caribena versicolor direkt direkt online kaufen! Eine der sch\u00f6nsten baumbewohnende Vogelspinne der Welt! Direkt vom Z\u00fcchter kaufen!\",\"breadcrumb\":{\"@id\":\"https:\\\/\\\/insektenliebe.com\\\/de\\\/shop\\\/produkt\\\/caribena-versicolor\\\/#breadcrumb\"},\"inLanguage\":\"de\",\"potentialAction\":[{\"@type\":\"ReadAction\",\"target\":[\"https:\\\/\\\/insektenliebe.com\\\/de\\\/shop\\\/produkt\\\/caribena-versicolor\\\/\"]}]},{\"@type\":\"ImageObject\",\"inLanguage\":\"de\",\"@id\":\"https:\\\/\\\/insektenliebe.com\\\/de\\\/shop\\\/produkt\\\/caribena-versicolor\\\/#primaryimage\",\"url\":\"https:\\\/\\\/insektenliebe.com\\\/wp-content\\\/uploads\\\/2025\\\/05\\\/Caribena-versicolor-2.jpg\",\"contentUrl\":\"https:\\\/\\\/insektenliebe.com\\\/wp-content\\\/uploads\\\/2025\\\/05\\\/Caribena-versicolor-2.jpg\",\"width\":820,\"height\":820,\"caption\":\"Caribena-versicolor-2.jpg\"},{\"@type\":\"BreadcrumbList\",\"@id\":\"https:\\\/\\\/insektenliebe.com\\\/de\\\/shop\\\/produkt\\\/caribena-versicolor\\\/#breadcrumb\",\"itemListElement\":[{\"@type\":\"ListItem\",\"position\":1,\"name\":\"Startseite\",\"item\":\"https:\\\/\\\/insektenliebe.com\\\/de\\\/\"},{\"@type\":\"ListItem\",\"position\":2,\"name\":\"Shop\",\"item\":\"https:\\\/\\\/insektenliebe.com\\\/de\\\/shop\\\/\"},{\"@type\":\"ListItem\",\"position\":3,\"name\":\"Caribena versicolor\"}]},{\"@type\":\"WebSite\",\"@id\":\"https:\\\/\\\/insektenliebe.com\\\/de\\\/#website\",\"url\":\"https:\\\/\\\/insektenliebe.com\\\/de\\\/\",\"name\":\"Insektenliebe\",\"description\":\"Dein Zuhause f\u00fcr die kleinen Lebewesen\",\"publisher\":{\"@id\":\"https:\\\/\\\/insektenliebe.com\\\/de\\\/#organization\"},\"potentialAction\":[{\"@type\":\"SearchAction\",\"target\":{\"@type\":\"EntryPoint\",\"urlTemplate\":\"https:\\\/\\\/insektenliebe.com\\\/de\\\/?s={search_term_string}\"},\"query-input\":{\"@type\":\"PropertyValueSpecification\",\"valueRequired\":true,\"valueName\":\"search_term_string\"}}],\"inLanguage\":\"de\"},{\"@type\":\"Organization\",\"@id\":\"https:\\\/\\\/insektenliebe.com\\\/de\\\/#organization\",\"name\":\"Insektenliebe\",\"url\":\"https:\\\/\\\/insektenliebe.com\\\/de\\\/\",\"logo\":{\"@type\":\"ImageObject\",\"inLanguage\":\"de\",\"@id\":\"https:\\\/\\\/insektenliebe.com\\\/de\\\/#\\\/schema\\\/logo\\\/image\\\/\",\"url\":\"https:\\\/\\\/insektenliebe.com\\\/wp-content\\\/uploads\\\/2025\\\/03\\\/logo-white.png\",\"contentUrl\":\"https:\\\/\\\/insektenliebe.com\\\/wp-content\\\/uploads\\\/2025\\\/03\\\/logo-white.png\",\"width\":288,\"height\":188,\"caption\":\"Insektenliebe\"},\"image\":{\"@id\":\"https:\\\/\\\/insektenliebe.com\\\/de\\\/#\\\/schema\\\/logo\\\/image\\\/\"}}]}<\/script>\n<meta property=\"og:availability\" content=\"out of stock\" \/>\n<meta property=\"product:availability\" content=\"out of stock\" \/>\n<meta property=\"product:retailer_item_id\" content=\"350\" \/>\n<meta property=\"product:condition\" content=\"new\" \/>\n<!-- \/ Yoast SEO Premium plugin. -->","yoast_head_json":{"title":"Caribena versicolor - Insektenliebe","description":"G\u00fcnstige Caribena versicolor direkt direkt online kaufen! Eine der sch\u00f6nsten baumbewohnende Vogelspinne der Welt! Direkt vom Z\u00fcchter kaufen!","robots":{"index":"index","follow":"follow","max-snippet":"max-snippet:-1","max-image-preview":"max-image-preview:large","max-video-preview":"max-video-preview:-1"},"canonical":"https:\/\/insektenliebe.com\/de\/shop\/produkt\/caribena-versicolor\/","og_locale":"de_DE","og_type":"article","og_title":"Caribena versicolor","og_description":"G\u00fcnstige Caribena versicolor direkt direkt online kaufen! Eine der sch\u00f6nsten baumbewohnende Vogelspinne der Welt! Direkt vom Z\u00fcchter kaufen!","og_url":"https:\/\/insektenliebe.com\/de\/shop\/produkt\/caribena-versicolor\/","og_site_name":"Insektenliebe","article_modified_time":"2026-04-05T21:24:10+00:00","og_image":[{"width":820,"height":820,"url":"https:\/\/insektenliebe.com\/wp-content\/uploads\/2025\/05\/Caribena-versicolor-2.jpg","type":"image\/jpeg"}],"twitter_card":"summary_large_image","twitter_misc":{"Verf\u00fcgbarkeit":"ausverkauft"},"schema":{"@context":"https:\/\/schema.org","@graph":[{"@type":"WebPage","@id":"https:\/\/insektenliebe.com\/de\/shop\/produkt\/caribena-versicolor\/","url":"https:\/\/insektenliebe.com\/de\/shop\/produkt\/caribena-versicolor\/","name":"Caribena versicolor - Insektenliebe","isPartOf":{"@id":"https:\/\/insektenliebe.com\/de\/#website"},"primaryImageOfPage":{"@id":"https:\/\/insektenliebe.com\/de\/shop\/produkt\/caribena-versicolor\/#primaryimage"},"image":{"@id":"https:\/\/insektenliebe.com\/de\/shop\/produkt\/caribena-versicolor\/#primaryimage"},"thumbnailUrl":"https:\/\/insektenliebe.com\/wp-content\/uploads\/2025\/05\/Caribena-versicolor-2.jpg","datePublished":"2021-08-22T11:00:25+00:00","dateModified":"2026-04-05T21:24:10+00:00","description":"G\u00fcnstige Caribena versicolor direkt direkt online kaufen! Eine der sch\u00f6nsten baumbewohnende Vogelspinne der Welt! Direkt vom Z\u00fcchter kaufen!","breadcrumb":{"@id":"https:\/\/insektenliebe.com\/de\/shop\/produkt\/caribena-versicolor\/#breadcrumb"},"inLanguage":"de","potentialAction":[{"@type":"ReadAction","target":["https:\/\/insektenliebe.com\/de\/shop\/produkt\/caribena-versicolor\/"]}]},{"@type":"ImageObject","inLanguage":"de","@id":"https:\/\/insektenliebe.com\/de\/shop\/produkt\/caribena-versicolor\/#primaryimage","url":"https:\/\/insektenliebe.com\/wp-content\/uploads\/2025\/05\/Caribena-versicolor-2.jpg","contentUrl":"https:\/\/insektenliebe.com\/wp-content\/uploads\/2025\/05\/Caribena-versicolor-2.jpg","width":820,"height":820,"caption":"Caribena-versicolor-2.jpg"},{"@type":"BreadcrumbList","@id":"https:\/\/insektenliebe.com\/de\/shop\/produkt\/caribena-versicolor\/#breadcrumb","itemListElement":[{"@type":"ListItem","position":1,"name":"Startseite","item":"https:\/\/insektenliebe.com\/de\/"},{"@type":"ListItem","position":2,"name":"Shop","item":"https:\/\/insektenliebe.com\/de\/shop\/"},{"@type":"ListItem","position":3,"name":"Caribena versicolor"}]},{"@type":"WebSite","@id":"https:\/\/insektenliebe.com\/de\/#website","url":"https:\/\/insektenliebe.com\/de\/","name":"Insektenliebe","description":"Dein Zuhause f\u00fcr die kleinen Lebewesen","publisher":{"@id":"https:\/\/insektenliebe.com\/de\/#organization"},"potentialAction":[{"@type":"SearchAction","target":{"@type":"EntryPoint","urlTemplate":"https:\/\/insektenliebe.com\/de\/?s={search_term_string}"},"query-input":{"@type":"PropertyValueSpecification","valueRequired":true,"valueName":"search_term_string"}}],"inLanguage":"de"},{"@type":"Organization","@id":"https:\/\/insektenliebe.com\/de\/#organization","name":"Insektenliebe","url":"https:\/\/insektenliebe.com\/de\/","logo":{"@type":"ImageObject","inLanguage":"de","@id":"https:\/\/insektenliebe.com\/de\/#\/schema\/logo\/image\/","url":"https:\/\/insektenliebe.com\/wp-content\/uploads\/2025\/03\/logo-white.png","contentUrl":"https:\/\/insektenliebe.com\/wp-content\/uploads\/2025\/03\/logo-white.png","width":288,"height":188,"caption":"Insektenliebe"},"image":{"@id":"https:\/\/insektenliebe.com\/de\/#\/schema\/logo\/image\/"}}]},"og_availability":"out of stock","product_availability":"out of stock","product_retailer_item_id":"350","product_condition":"new"},"_links":{"self":[{"href":"https:\/\/insektenliebe.com\/de\/wp-json\/wp\/v2\/product\/5175","targetHints":{"allow":["GET"]}}],"collection":[{"href":"https:\/\/insektenliebe.com\/de\/wp-json\/wp\/v2\/product"}],"about":[{"href":"https:\/\/insektenliebe.com\/de\/wp-json\/wp\/v2\/types\/product"}],"wp:featuredmedia":[{"embeddable":true,"href":"https:\/\/insektenliebe.com\/de\/wp-json\/wp\/v2\/media\/5205"}],"wp:attachment":[{"href":"https:\/\/insektenliebe.com\/de\/wp-json\/wp\/v2\/media?parent=5175"}],"wp:term":[{"taxonomy":"product-supplier","embeddable":true,"href":"https:\/\/insektenliebe.com\/de\/wp-json\/wp\/v2\/product-supplier?post=5175"},{"taxonomy":"product_brand","embeddable":true,"href":"https:\/\/insektenliebe.com\/de\/wp-json\/wp\/v2\/product_brand?post=5175"},{"taxonomy":"product_cat","embeddable":true,"href":"https:\/\/insektenliebe.com\/de\/wp-json\/wp\/v2\/product_cat?post=5175"},{"taxonomy":"product_tag","embeddable":true,"href":"https:\/\/insektenliebe.com\/de\/wp-json\/wp\/v2\/product_tag?post=5175"},{"taxonomy":"lce-checkout-addons","embeddable":true,"href":"https:\/\/insektenliebe.com\/de\/wp-json\/wp\/v2\/lce-checkout-addons?post=5175"}],"curies":[{"name":"wp","href":"https:\/\/api.w.org\/{rel}","templated":true}]}}