{"id":5174,"date":"2021-08-19T16:59:30","date_gmt":"2021-08-19T14:59:30","guid":{"rendered":"http:\/\/localhost\/ins-test\/?post_type=product&#038;p=5174"},"modified":"2026-02-10T21:14:30","modified_gmt":"2026-02-10T20:14:30","slug":"insektenliebe-aufzuchtterrarium","status":"publish","type":"product","link":"https:\/\/insektenliebe.com\/de\/shop\/produkt\/insektenliebe-aufzuchtterrarium\/","title":{"rendered":"Insektenliebe Aufzuchtterrarium"},"content":{"rendered":"<p>Das <strong>Insektenliebe Aufzuchtterrarium<\/strong> eignet sich perfekt f\u00fcr die Aufzucht von Mantiden, Springspinnen, Vogelspinnen, Skorpionen oder sonstigen Nachzuchten. Sie ist auch perfekt f\u00fcr die dauerhafte Unterbringung von kleinbleibenden Arten geeignet.<\/p>\n<p>Die Beh\u00e4lter k\u00f6nnen leicht \u00fcbereinander gestapelt werden, und das klare Design erm\u00f6glicht es, die Tiere sowohl von der Seite, als auch von oben zu beobachten. Der Clip-Verschluss ist mit einer Silikonlippe versehen und schlie\u00dft somit absolut dicht und l\u00e4sst sich bequem \u00f6ffnen. Allerdings ist das gar nicht n\u00f6tig, denn die Bel\u00fcftung ist mit einem Schraubgewinde versehen und erm\u00f6glicht so ein schnelles \u00d6ffnen des Beh\u00e4lters, um die Tiere zu versorgen.<\/p>\n<p>Mit dieser Technik kann man das <strong>Insektenliebe Aufzuchtterrarium<\/strong> stapeln, ohne es st\u00e4ndig wieder abbauen zu m\u00fcssen. Das transparente Bel\u00fcftungsgitter ist Trauer- und Fruchtfliegen dicht und h\u00e4lt somit alle St\u00f6renfriede aus dem Aufzuchtterrarium.<\/p>\n<p>Geliefert wird das <strong>Insektenliebe Aufzuchtterrarium<\/strong> mit einer 350 ml Dose Substrat. Das Substrat wird von uns gemischt und besteht aus 70 % Waldhumus und 30 % Sphagnummoos. Dieses Gemisch speichert die Feuchtigkeit perfekt und gibt sie langsam an die Umgebung weiter. Auch kann man in dieses Substrat problemlos eine Bodenpolizei einsetzen. Zus\u00e4tzlich hat man die Auswahl zwischen einem Korkst\u00fcck und einer Flusswurzel. Beide Produkte sind von uns so verarbeitet, dass sie problemlos in das Insektenliebe Aufzuchtterrarium passen. Ein Artnamen Aufkleber ist auch dabei, so l\u00e4sst sich auf den ersten Blick erkennen, welche Art sich im Terrarium befindet.<\/p>\n<p>Falls eine W\u00e4rmequelle in Form einer Lampe ben\u00f6tige wird, empfehlen wir den <strong>Exo Terra Reptile Dome NANO<\/strong> mit Halterung und den <strong>Exo Terra Daylight Basking Spot Strahler<\/strong>. Die Temperatur im <strong>Insektenliebe Aufzuchtterrarium <\/strong>sollte vorher gemessen werden und je nach Wunsch durch eine Verringerung oder Erh\u00f6hung des Abstandes angepasst werden.<\/p>\n<p><strong>Angaben:<\/strong><\/p>\n<div id=\"row-228989990\" class=\"row\">\n<div id=\"col-1740565588\" class=\"col medium-4 small-12 large-4\">\n<div class=\"col-inner\">\n<p>Breite:\u00a0168 mm<br \/>\nH\u00f6he: 145 mm<\/p>\n<\/div>\n<\/div>\n<div id=\"col-606039414\" class=\"col medium-4 small-12 large-4\">\n<div class=\"col-inner\">\n<p>L\u00e4nge:\u00a0109 mm<br \/>\nVolumen: 1.7 Liter<\/p>\n<\/div>\n<\/div>\n<div id=\"col-1260555048\" class=\"col medium-4 small-12 large-4\">\n<div class=\"col-inner\">\n<p>Material: NAS\/Silikon<\/p>\n<\/div>\n<\/div>\n<\/div>\n","protected":false},"excerpt":{"rendered":"<p>Das Insektenliebe Aufzuchtterrarium eignet sich perfekt f\u00fcr die Aufzucht von Mantiden, Springspinnen, Vogelspinnen, Skorpionen oder sonstigen Nachzuchten. Sie ist auch perfekt f\u00fcr die dauerhafte Unterbringung von kleinbleibenden Arten geeignet. Die Beh\u00e4lter k\u00f6nnen leicht \u00fcbereinander gestapelt werden, und das klare Design erm\u00f6glicht es, die Tiere sowohl von der Seite, als auch von oben zu beobachten. Der [&hellip;]<\/p>\n","protected":false},"featured_media":5204,"template":"","meta":{"_acf_changed":false},"product-supplier":[],"product_brand":[1414],"product_cat":[130],"product_tag":[],"lce-checkout-addons":[],"class_list":{"0":"post-5174","1":"product","2":"type-product","3":"status-publish","4":"has-post-thumbnail","6":"product_brand-insektenliebe","7":"product_cat-terrarien-behaelter","8":"product_shipping_class-equipment-shipping","10":"first","11":"instock","12":"taxable","13":"shipping-taxable","14":"purchasable","15":"product-type-variable"},"acf":[],"yoast_head":"<!-- This site is optimized with the Yoast SEO plugin v27.3 - https:\/\/yoast.com\/product\/yoast-seo-wordpress\/ -->\n<title>Insektenliebe Aufzuchtterrarium - Insektenliebe<\/title>\n<meta name=\"description\" content=\"G\u00fcnstiges Insektenliebe Aufzuchtterrarium direkt online kaufen. Perfektes Terrarium f\u00fcr die Aufzucht vieler Wirbellosen und kleinen Exoten.\" \/>\n<meta name=\"robots\" content=\"index, follow, max-snippet:-1, max-image-preview:large, max-video-preview:-1\" \/>\n<link rel=\"canonical\" href=\"https:\/\/insektenliebe.com\/de\/shop\/produkt\/insektenliebe-aufzuchtterrarium\/\" \/>\n<meta property=\"og:locale\" content=\"de_DE\" \/>\n<meta property=\"og:type\" content=\"article\" \/>\n<meta property=\"og:title\" content=\"Insektenliebe Aufzuchtterrarium - Insektenliebe\" \/>\n<meta property=\"og:description\" content=\"G\u00fcnstiges Insektenliebe Aufzuchtterrarium direkt online kaufen. Perfektes Terrarium f\u00fcr die Aufzucht vieler Wirbellosen und kleinen Exoten.\" \/>\n<meta property=\"og:url\" content=\"https:\/\/insektenliebe.com\/de\/shop\/produkt\/insektenliebe-aufzuchtterrarium\/\" \/>\n<meta property=\"og:site_name\" content=\"Insektenliebe\" \/>\n<meta property=\"article:modified_time\" content=\"2026-02-10T20:14:30+00:00\" \/>\n<meta property=\"og:image\" content=\"https:\/\/insektenliebe.com\/wp-content\/uploads\/2025\/05\/Insektenliebe-Aufzuchtterrarium-mit-Flusswurzel-2.jpg\" \/>\n\t<meta property=\"og:image:width\" content=\"820\" \/>\n\t<meta property=\"og:image:height\" content=\"820\" \/>\n\t<meta property=\"og:image:type\" content=\"image\/jpeg\" \/>\n<meta name=\"twitter:card\" content=\"summary_large_image\" \/>\n<meta name=\"twitter:label1\" content=\"Gesch\u00e4tzte Lesezeit\" \/>\n\t<meta name=\"twitter:data1\" content=\"2\u00a0Minuten\" \/>\n<script type=\"application\/ld+json\" class=\"yoast-schema-graph\">{\"@context\":\"https:\\\/\\\/schema.org\",\"@graph\":[{\"@type\":\"WebPage\",\"@id\":\"https:\\\/\\\/insektenliebe.com\\\/de\\\/shop\\\/produkt\\\/insektenliebe-aufzuchtterrarium\\\/\",\"url\":\"https:\\\/\\\/insektenliebe.com\\\/de\\\/shop\\\/produkt\\\/insektenliebe-aufzuchtterrarium\\\/\",\"name\":\"Insektenliebe Aufzuchtterrarium - Insektenliebe\",\"isPartOf\":{\"@id\":\"https:\\\/\\\/insektenliebe.com\\\/de\\\/#website\"},\"primaryImageOfPage\":{\"@id\":\"https:\\\/\\\/insektenliebe.com\\\/de\\\/shop\\\/produkt\\\/insektenliebe-aufzuchtterrarium\\\/#primaryimage\"},\"image\":{\"@id\":\"https:\\\/\\\/insektenliebe.com\\\/de\\\/shop\\\/produkt\\\/insektenliebe-aufzuchtterrarium\\\/#primaryimage\"},\"thumbnailUrl\":\"https:\\\/\\\/insektenliebe.com\\\/wp-content\\\/uploads\\\/2025\\\/05\\\/Insektenliebe-Aufzuchtterrarium-mit-Flusswurzel-2.jpg\",\"datePublished\":\"2021-08-19T14:59:30+00:00\",\"dateModified\":\"2026-02-10T20:14:30+00:00\",\"description\":\"G\u00fcnstiges Insektenliebe Aufzuchtterrarium direkt online kaufen. Perfektes Terrarium f\u00fcr die Aufzucht vieler Wirbellosen und kleinen Exoten.\",\"breadcrumb\":{\"@id\":\"https:\\\/\\\/insektenliebe.com\\\/de\\\/shop\\\/produkt\\\/insektenliebe-aufzuchtterrarium\\\/#breadcrumb\"},\"inLanguage\":\"de\",\"potentialAction\":[{\"@type\":\"ReadAction\",\"target\":[\"https:\\\/\\\/insektenliebe.com\\\/de\\\/shop\\\/produkt\\\/insektenliebe-aufzuchtterrarium\\\/\"]}]},{\"@type\":\"ImageObject\",\"inLanguage\":\"de\",\"@id\":\"https:\\\/\\\/insektenliebe.com\\\/de\\\/shop\\\/produkt\\\/insektenliebe-aufzuchtterrarium\\\/#primaryimage\",\"url\":\"https:\\\/\\\/insektenliebe.com\\\/wp-content\\\/uploads\\\/2025\\\/05\\\/Insektenliebe-Aufzuchtterrarium-mit-Flusswurzel-2.jpg\",\"contentUrl\":\"https:\\\/\\\/insektenliebe.com\\\/wp-content\\\/uploads\\\/2025\\\/05\\\/Insektenliebe-Aufzuchtterrarium-mit-Flusswurzel-2.jpg\",\"width\":820,\"height\":820,\"caption\":\"Insektenliebe-Aufzuchtterrarium-mit-Flusswurzel-2.jpg\"},{\"@type\":\"BreadcrumbList\",\"@id\":\"https:\\\/\\\/insektenliebe.com\\\/de\\\/shop\\\/produkt\\\/insektenliebe-aufzuchtterrarium\\\/#breadcrumb\",\"itemListElement\":[{\"@type\":\"ListItem\",\"position\":1,\"name\":\"Startseite\",\"item\":\"https:\\\/\\\/insektenliebe.com\\\/de\\\/\"},{\"@type\":\"ListItem\",\"position\":2,\"name\":\"Shop\",\"item\":\"https:\\\/\\\/insektenliebe.com\\\/de\\\/shop\\\/\"},{\"@type\":\"ListItem\",\"position\":3,\"name\":\"Insektenliebe Aufzuchtterrarium\"}]},{\"@type\":\"WebSite\",\"@id\":\"https:\\\/\\\/insektenliebe.com\\\/de\\\/#website\",\"url\":\"https:\\\/\\\/insektenliebe.com\\\/de\\\/\",\"name\":\"Insektenliebe\",\"description\":\"Dein Zuhause f\u00fcr die kleinen Lebewesen\",\"publisher\":{\"@id\":\"https:\\\/\\\/insektenliebe.com\\\/de\\\/#organization\"},\"potentialAction\":[{\"@type\":\"SearchAction\",\"target\":{\"@type\":\"EntryPoint\",\"urlTemplate\":\"https:\\\/\\\/insektenliebe.com\\\/de\\\/?s={search_term_string}\"},\"query-input\":{\"@type\":\"PropertyValueSpecification\",\"valueRequired\":true,\"valueName\":\"search_term_string\"}}],\"inLanguage\":\"de\"},{\"@type\":\"Organization\",\"@id\":\"https:\\\/\\\/insektenliebe.com\\\/de\\\/#organization\",\"name\":\"Insektenliebe\",\"url\":\"https:\\\/\\\/insektenliebe.com\\\/de\\\/\",\"logo\":{\"@type\":\"ImageObject\",\"inLanguage\":\"de\",\"@id\":\"https:\\\/\\\/insektenliebe.com\\\/de\\\/#\\\/schema\\\/logo\\\/image\\\/\",\"url\":\"https:\\\/\\\/insektenliebe.com\\\/wp-content\\\/uploads\\\/2025\\\/03\\\/logo-white.png\",\"contentUrl\":\"https:\\\/\\\/insektenliebe.com\\\/wp-content\\\/uploads\\\/2025\\\/03\\\/logo-white.png\",\"width\":288,\"height\":188,\"caption\":\"Insektenliebe\"},\"image\":{\"@id\":\"https:\\\/\\\/insektenliebe.com\\\/de\\\/#\\\/schema\\\/logo\\\/image\\\/\"}}]}<\/script>\n<!-- \/ Yoast SEO plugin. -->","yoast_head_json":{"title":"Insektenliebe Aufzuchtterrarium - Insektenliebe","description":"G\u00fcnstiges Insektenliebe Aufzuchtterrarium direkt online kaufen. Perfektes Terrarium f\u00fcr die Aufzucht vieler Wirbellosen und kleinen Exoten.","robots":{"index":"index","follow":"follow","max-snippet":"max-snippet:-1","max-image-preview":"max-image-preview:large","max-video-preview":"max-video-preview:-1"},"canonical":"https:\/\/insektenliebe.com\/de\/shop\/produkt\/insektenliebe-aufzuchtterrarium\/","og_locale":"de_DE","og_type":"article","og_title":"Insektenliebe Aufzuchtterrarium - Insektenliebe","og_description":"G\u00fcnstiges Insektenliebe Aufzuchtterrarium direkt online kaufen. Perfektes Terrarium f\u00fcr die Aufzucht vieler Wirbellosen und kleinen Exoten.","og_url":"https:\/\/insektenliebe.com\/de\/shop\/produkt\/insektenliebe-aufzuchtterrarium\/","og_site_name":"Insektenliebe","article_modified_time":"2026-02-10T20:14:30+00:00","og_image":[{"width":820,"height":820,"url":"https:\/\/insektenliebe.com\/wp-content\/uploads\/2025\/05\/Insektenliebe-Aufzuchtterrarium-mit-Flusswurzel-2.jpg","type":"image\/jpeg"}],"twitter_card":"summary_large_image","twitter_misc":{"Gesch\u00e4tzte Lesezeit":"2\u00a0Minuten"},"schema":{"@context":"https:\/\/schema.org","@graph":[{"@type":"WebPage","@id":"https:\/\/insektenliebe.com\/de\/shop\/produkt\/insektenliebe-aufzuchtterrarium\/","url":"https:\/\/insektenliebe.com\/de\/shop\/produkt\/insektenliebe-aufzuchtterrarium\/","name":"Insektenliebe Aufzuchtterrarium - Insektenliebe","isPartOf":{"@id":"https:\/\/insektenliebe.com\/de\/#website"},"primaryImageOfPage":{"@id":"https:\/\/insektenliebe.com\/de\/shop\/produkt\/insektenliebe-aufzuchtterrarium\/#primaryimage"},"image":{"@id":"https:\/\/insektenliebe.com\/de\/shop\/produkt\/insektenliebe-aufzuchtterrarium\/#primaryimage"},"thumbnailUrl":"https:\/\/insektenliebe.com\/wp-content\/uploads\/2025\/05\/Insektenliebe-Aufzuchtterrarium-mit-Flusswurzel-2.jpg","datePublished":"2021-08-19T14:59:30+00:00","dateModified":"2026-02-10T20:14:30+00:00","description":"G\u00fcnstiges Insektenliebe Aufzuchtterrarium direkt online kaufen. Perfektes Terrarium f\u00fcr die Aufzucht vieler Wirbellosen und kleinen Exoten.","breadcrumb":{"@id":"https:\/\/insektenliebe.com\/de\/shop\/produkt\/insektenliebe-aufzuchtterrarium\/#breadcrumb"},"inLanguage":"de","potentialAction":[{"@type":"ReadAction","target":["https:\/\/insektenliebe.com\/de\/shop\/produkt\/insektenliebe-aufzuchtterrarium\/"]}]},{"@type":"ImageObject","inLanguage":"de","@id":"https:\/\/insektenliebe.com\/de\/shop\/produkt\/insektenliebe-aufzuchtterrarium\/#primaryimage","url":"https:\/\/insektenliebe.com\/wp-content\/uploads\/2025\/05\/Insektenliebe-Aufzuchtterrarium-mit-Flusswurzel-2.jpg","contentUrl":"https:\/\/insektenliebe.com\/wp-content\/uploads\/2025\/05\/Insektenliebe-Aufzuchtterrarium-mit-Flusswurzel-2.jpg","width":820,"height":820,"caption":"Insektenliebe-Aufzuchtterrarium-mit-Flusswurzel-2.jpg"},{"@type":"BreadcrumbList","@id":"https:\/\/insektenliebe.com\/de\/shop\/produkt\/insektenliebe-aufzuchtterrarium\/#breadcrumb","itemListElement":[{"@type":"ListItem","position":1,"name":"Startseite","item":"https:\/\/insektenliebe.com\/de\/"},{"@type":"ListItem","position":2,"name":"Shop","item":"https:\/\/insektenliebe.com\/de\/shop\/"},{"@type":"ListItem","position":3,"name":"Insektenliebe Aufzuchtterrarium"}]},{"@type":"WebSite","@id":"https:\/\/insektenliebe.com\/de\/#website","url":"https:\/\/insektenliebe.com\/de\/","name":"Insektenliebe","description":"Dein Zuhause f\u00fcr die kleinen Lebewesen","publisher":{"@id":"https:\/\/insektenliebe.com\/de\/#organization"},"potentialAction":[{"@type":"SearchAction","target":{"@type":"EntryPoint","urlTemplate":"https:\/\/insektenliebe.com\/de\/?s={search_term_string}"},"query-input":{"@type":"PropertyValueSpecification","valueRequired":true,"valueName":"search_term_string"}}],"inLanguage":"de"},{"@type":"Organization","@id":"https:\/\/insektenliebe.com\/de\/#organization","name":"Insektenliebe","url":"https:\/\/insektenliebe.com\/de\/","logo":{"@type":"ImageObject","inLanguage":"de","@id":"https:\/\/insektenliebe.com\/de\/#\/schema\/logo\/image\/","url":"https:\/\/insektenliebe.com\/wp-content\/uploads\/2025\/03\/logo-white.png","contentUrl":"https:\/\/insektenliebe.com\/wp-content\/uploads\/2025\/03\/logo-white.png","width":288,"height":188,"caption":"Insektenliebe"},"image":{"@id":"https:\/\/insektenliebe.com\/de\/#\/schema\/logo\/image\/"}}]}},"_links":{"self":[{"href":"https:\/\/insektenliebe.com\/de\/wp-json\/wp\/v2\/product\/5174","targetHints":{"allow":["GET"]}}],"collection":[{"href":"https:\/\/insektenliebe.com\/de\/wp-json\/wp\/v2\/product"}],"about":[{"href":"https:\/\/insektenliebe.com\/de\/wp-json\/wp\/v2\/types\/product"}],"wp:featuredmedia":[{"embeddable":true,"href":"https:\/\/insektenliebe.com\/de\/wp-json\/wp\/v2\/media\/5204"}],"wp:attachment":[{"href":"https:\/\/insektenliebe.com\/de\/wp-json\/wp\/v2\/media?parent=5174"}],"wp:term":[{"taxonomy":"product-supplier","embeddable":true,"href":"https:\/\/insektenliebe.com\/de\/wp-json\/wp\/v2\/product-supplier?post=5174"},{"taxonomy":"product_brand","embeddable":true,"href":"https:\/\/insektenliebe.com\/de\/wp-json\/wp\/v2\/product_brand?post=5174"},{"taxonomy":"product_cat","embeddable":true,"href":"https:\/\/insektenliebe.com\/de\/wp-json\/wp\/v2\/product_cat?post=5174"},{"taxonomy":"product_tag","embeddable":true,"href":"https:\/\/insektenliebe.com\/de\/wp-json\/wp\/v2\/product_tag?post=5174"},{"taxonomy":"lce-checkout-addons","embeddable":true,"href":"https:\/\/insektenliebe.com\/de\/wp-json\/wp\/v2\/lce-checkout-addons?post=5174"}],"curies":[{"name":"wp","href":"https:\/\/api.w.org\/{rel}","templated":true}]}}