{"id":5172,"date":"2021-08-19T17:00:48","date_gmt":"2021-08-19T15:00:48","guid":{"rendered":"http:\/\/localhost\/ins-test\/?post_type=product&#038;p=5172"},"modified":"2026-04-07T12:12:05","modified_gmt":"2026-04-07T10:12:05","slug":"phidippus-regius-everglades","status":"publish","type":"product","link":"https:\/\/insektenliebe.com\/de\/shop\/produkt\/phidippus-regius-everglades\/","title":{"rendered":"Phidippus regius \"Everglades\""},"content":{"rendered":"<h3><span style=\"color: #99cc33\">Faszinierende Springspinnen aus dem Everglades-Nationalpark<\/span><\/h3>\n<p>Phidippus regius \"Everglades\" ist eine Springspinne aus dem Everglades-Nationalpark in Florida. Die weiblichen Springspinnen haben eine auff\u00e4llige orange F\u00e4rbung an Thorax und Abdomen.<\/p>\n<p>Die m\u00e4nnlichen Phidippus regius \"Everglades\" sind schwarz-wei\u00df gef\u00e4rbt und besitzen gr\u00fcn-metallisch schimmernde Chelizeren.Phidippus regius \"Everglades\" sind wie alle Springspinnen recht agil und man bekommt sie eigentlich immer zu sehen. Kurz vor der H\u00e4utung klettern sie in ihr Gespinst und verharren dort, bis der Prozess beendet ist. Die Tiere sind J\u00e4ger und erbeuten ihr Futter ohne Probleme. Dabei ist es immer ein Spektakel sie dabei zu beobachten.<\/p>\n<p>Als Futtertiere eignen sich Fruchtfliegen, Stubenfliegen oder Ofenfischchen. Alles, was innerhalb eines Tages nicht gefressen wird, sollte aus dem Terrarium entfernt werden. Wir f\u00fcttern und w\u00e4ssern Jungspinnen alle 3 Tage und adulte Tiere einmal in der Woche.Die Luftfeuchtigkeit sollte bei 70 % bei einer guten Durchl\u00fcftung liegen. Wir spr\u00fchen etwas Wasser in eine Ecke. Das gen\u00fcgt vollkommen und man sollte lieber etwas sp\u00e4rlicher spr\u00fchen als zu viel. Die Tiere nehmen die Wassertropfen bei Bedarf auf und stillen so ihren Durst.<\/p>\n","protected":false},"excerpt":{"rendered":"<p>Faszinierende Springspinnen aus dem Everglades-Nationalpark Phidippus regius \"Everglades\" ist eine Springspinne aus dem Everglades-Nationalpark in Florida. Die weiblichen Springspinnen haben eine auff\u00e4llige orange F\u00e4rbung an Thorax und Abdomen. Die m\u00e4nnlichen Phidippus regius \"Everglades\" sind schwarz-wei\u00df gef\u00e4rbt und besitzen gr\u00fcn-metallisch schimmernde Chelizeren.Phidippus regius \"Everglades\" sind wie alle Springspinnen recht agil und man bekommt sie eigentlich immer [&hellip;]<\/p>\n","protected":false},"featured_media":5202,"template":"","meta":{"_acf_changed":false},"product-supplier":[],"product_brand":[],"product_cat":[626,49],"product_tag":[],"lce-checkout-addons":[1202],"class_list":{"0":"post-5172","1":"product","2":"type-product","3":"status-publish","4":"has-post-thumbnail","6":"product_cat-spinnen","7":"product_cat-springspinnen","8":"product_shipping_class-animal-shipping","9":"pa_geschlecht-maennlich","10":"pa_geschlecht-unbestimmt","11":"pa_geschlecht-weiblich","12":"pa_herkunft-usa","13":"pa_kontinent-nordamerika","14":"lce-checkout-addons-winterverpackung","16":"first","17":"instock","18":"sale","19":"taxable","20":"shipping-taxable","21":"purchasable","22":"product-type-variable"},"acf":[],"yoast_head":"<!-- This site is optimized with the Yoast SEO plugin v27.3 - https:\/\/yoast.com\/product\/yoast-seo-wordpress\/ -->\n<title>Phidippus regius &quot;Everglades&quot; - Insektenliebe<\/title>\n<meta name=\"description\" content=\"G\u00fcnstige Phidippus regius &quot;Everglades&quot; direkt online kaufen! Eine wundersch\u00f6ne Springspinne die man hier direkt vom Z\u00fcchter kaufen kann.\" \/>\n<meta name=\"robots\" content=\"index, follow, max-snippet:-1, max-image-preview:large, max-video-preview:-1\" \/>\n<link rel=\"canonical\" href=\"https:\/\/insektenliebe.com\/de\/shop\/produkt\/phidippus-regius-everglades\/\" \/>\n<meta property=\"og:locale\" content=\"de_DE\" \/>\n<meta property=\"og:type\" content=\"article\" \/>\n<meta property=\"og:title\" content=\"Phidippus regius &quot;Everglades&quot; - Insektenliebe\" \/>\n<meta property=\"og:description\" content=\"G\u00fcnstige Phidippus regius &quot;Everglades&quot; direkt online kaufen! Eine wundersch\u00f6ne Springspinne die man hier direkt vom Z\u00fcchter kaufen kann.\" \/>\n<meta property=\"og:url\" content=\"https:\/\/insektenliebe.com\/de\/shop\/produkt\/phidippus-regius-everglades\/\" \/>\n<meta property=\"og:site_name\" content=\"Insektenliebe\" \/>\n<meta property=\"article:modified_time\" content=\"2026-04-07T10:12:05+00:00\" \/>\n<meta property=\"og:image\" content=\"https:\/\/insektenliebe.com\/wp-content\/uploads\/2025\/05\/Phidippus-regius-Everglades-1-2.jpg\" \/>\n\t<meta property=\"og:image:width\" content=\"820\" \/>\n\t<meta property=\"og:image:height\" content=\"820\" \/>\n\t<meta property=\"og:image:type\" content=\"image\/jpeg\" \/>\n<meta name=\"twitter:card\" content=\"summary_large_image\" \/>\n<meta name=\"twitter:label1\" content=\"Gesch\u00e4tzte Lesezeit\" \/>\n\t<meta name=\"twitter:data1\" content=\"2\u00a0Minuten\" \/>\n<script type=\"application\/ld+json\" class=\"yoast-schema-graph\">{\"@context\":\"https:\\\/\\\/schema.org\",\"@graph\":[{\"@type\":\"WebPage\",\"@id\":\"https:\\\/\\\/insektenliebe.com\\\/de\\\/shop\\\/produkt\\\/phidippus-regius-everglades\\\/\",\"url\":\"https:\\\/\\\/insektenliebe.com\\\/de\\\/shop\\\/produkt\\\/phidippus-regius-everglades\\\/\",\"name\":\"Phidippus regius \\\"Everglades\\\" - Insektenliebe\",\"isPartOf\":{\"@id\":\"https:\\\/\\\/insektenliebe.com\\\/de\\\/#website\"},\"primaryImageOfPage\":{\"@id\":\"https:\\\/\\\/insektenliebe.com\\\/de\\\/shop\\\/produkt\\\/phidippus-regius-everglades\\\/#primaryimage\"},\"image\":{\"@id\":\"https:\\\/\\\/insektenliebe.com\\\/de\\\/shop\\\/produkt\\\/phidippus-regius-everglades\\\/#primaryimage\"},\"thumbnailUrl\":\"https:\\\/\\\/insektenliebe.com\\\/wp-content\\\/uploads\\\/2025\\\/05\\\/Phidippus-regius-Everglades-1-2.jpg\",\"datePublished\":\"2021-08-19T15:00:48+00:00\",\"dateModified\":\"2026-04-07T10:12:05+00:00\",\"description\":\"G\u00fcnstige Phidippus regius \\\"Everglades\\\" direkt online kaufen! Eine wundersch\u00f6ne Springspinne die man hier direkt vom Z\u00fcchter kaufen kann.\",\"breadcrumb\":{\"@id\":\"https:\\\/\\\/insektenliebe.com\\\/de\\\/shop\\\/produkt\\\/phidippus-regius-everglades\\\/#breadcrumb\"},\"inLanguage\":\"de\",\"potentialAction\":[{\"@type\":\"ReadAction\",\"target\":[\"https:\\\/\\\/insektenliebe.com\\\/de\\\/shop\\\/produkt\\\/phidippus-regius-everglades\\\/\"]}]},{\"@type\":\"ImageObject\",\"inLanguage\":\"de\",\"@id\":\"https:\\\/\\\/insektenliebe.com\\\/de\\\/shop\\\/produkt\\\/phidippus-regius-everglades\\\/#primaryimage\",\"url\":\"https:\\\/\\\/insektenliebe.com\\\/wp-content\\\/uploads\\\/2025\\\/05\\\/Phidippus-regius-Everglades-1-2.jpg\",\"contentUrl\":\"https:\\\/\\\/insektenliebe.com\\\/wp-content\\\/uploads\\\/2025\\\/05\\\/Phidippus-regius-Everglades-1-2.jpg\",\"width\":820,\"height\":820,\"caption\":\"Phidippus-regius-Everglades-1-2.jpg\"},{\"@type\":\"BreadcrumbList\",\"@id\":\"https:\\\/\\\/insektenliebe.com\\\/de\\\/shop\\\/produkt\\\/phidippus-regius-everglades\\\/#breadcrumb\",\"itemListElement\":[{\"@type\":\"ListItem\",\"position\":1,\"name\":\"Startseite\",\"item\":\"https:\\\/\\\/insektenliebe.com\\\/de\\\/\"},{\"@type\":\"ListItem\",\"position\":2,\"name\":\"Shop\",\"item\":\"https:\\\/\\\/insektenliebe.com\\\/de\\\/shop\\\/\"},{\"@type\":\"ListItem\",\"position\":3,\"name\":\"Phidippus regius &#8222;Everglades&#8220;\"}]},{\"@type\":\"WebSite\",\"@id\":\"https:\\\/\\\/insektenliebe.com\\\/de\\\/#website\",\"url\":\"https:\\\/\\\/insektenliebe.com\\\/de\\\/\",\"name\":\"Insektenliebe\",\"description\":\"Dein Zuhause f\u00fcr die kleinen Lebewesen\",\"publisher\":{\"@id\":\"https:\\\/\\\/insektenliebe.com\\\/de\\\/#organization\"},\"potentialAction\":[{\"@type\":\"SearchAction\",\"target\":{\"@type\":\"EntryPoint\",\"urlTemplate\":\"https:\\\/\\\/insektenliebe.com\\\/de\\\/?s={search_term_string}\"},\"query-input\":{\"@type\":\"PropertyValueSpecification\",\"valueRequired\":true,\"valueName\":\"search_term_string\"}}],\"inLanguage\":\"de\"},{\"@type\":\"Organization\",\"@id\":\"https:\\\/\\\/insektenliebe.com\\\/de\\\/#organization\",\"name\":\"Insektenliebe\",\"url\":\"https:\\\/\\\/insektenliebe.com\\\/de\\\/\",\"logo\":{\"@type\":\"ImageObject\",\"inLanguage\":\"de\",\"@id\":\"https:\\\/\\\/insektenliebe.com\\\/de\\\/#\\\/schema\\\/logo\\\/image\\\/\",\"url\":\"https:\\\/\\\/insektenliebe.com\\\/wp-content\\\/uploads\\\/2025\\\/03\\\/logo-white.png\",\"contentUrl\":\"https:\\\/\\\/insektenliebe.com\\\/wp-content\\\/uploads\\\/2025\\\/03\\\/logo-white.png\",\"width\":288,\"height\":188,\"caption\":\"Insektenliebe\"},\"image\":{\"@id\":\"https:\\\/\\\/insektenliebe.com\\\/de\\\/#\\\/schema\\\/logo\\\/image\\\/\"}}]}<\/script>\n<!-- \/ Yoast SEO plugin. -->","yoast_head_json":{"title":"Phidippus regius \"Everglades\" - Insektenliebe","description":"G\u00fcnstige Phidippus regius \"Everglades\" direkt online kaufen! Eine wundersch\u00f6ne Springspinne die man hier direkt vom Z\u00fcchter kaufen kann.","robots":{"index":"index","follow":"follow","max-snippet":"max-snippet:-1","max-image-preview":"max-image-preview:large","max-video-preview":"max-video-preview:-1"},"canonical":"https:\/\/insektenliebe.com\/de\/shop\/produkt\/phidippus-regius-everglades\/","og_locale":"de_DE","og_type":"article","og_title":"Phidippus regius \"Everglades\" - Insektenliebe","og_description":"G\u00fcnstige Phidippus regius \"Everglades\" direkt online kaufen! Eine wundersch\u00f6ne Springspinne die man hier direkt vom Z\u00fcchter kaufen kann.","og_url":"https:\/\/insektenliebe.com\/de\/shop\/produkt\/phidippus-regius-everglades\/","og_site_name":"Insektenliebe","article_modified_time":"2026-04-07T10:12:05+00:00","og_image":[{"width":820,"height":820,"url":"https:\/\/insektenliebe.com\/wp-content\/uploads\/2025\/05\/Phidippus-regius-Everglades-1-2.jpg","type":"image\/jpeg"}],"twitter_card":"summary_large_image","twitter_misc":{"Gesch\u00e4tzte Lesezeit":"2\u00a0Minuten"},"schema":{"@context":"https:\/\/schema.org","@graph":[{"@type":"WebPage","@id":"https:\/\/insektenliebe.com\/de\/shop\/produkt\/phidippus-regius-everglades\/","url":"https:\/\/insektenliebe.com\/de\/shop\/produkt\/phidippus-regius-everglades\/","name":"Phidippus regius \"Everglades\" - Insektenliebe","isPartOf":{"@id":"https:\/\/insektenliebe.com\/de\/#website"},"primaryImageOfPage":{"@id":"https:\/\/insektenliebe.com\/de\/shop\/produkt\/phidippus-regius-everglades\/#primaryimage"},"image":{"@id":"https:\/\/insektenliebe.com\/de\/shop\/produkt\/phidippus-regius-everglades\/#primaryimage"},"thumbnailUrl":"https:\/\/insektenliebe.com\/wp-content\/uploads\/2025\/05\/Phidippus-regius-Everglades-1-2.jpg","datePublished":"2021-08-19T15:00:48+00:00","dateModified":"2026-04-07T10:12:05+00:00","description":"G\u00fcnstige Phidippus regius \"Everglades\" direkt online kaufen! Eine wundersch\u00f6ne Springspinne die man hier direkt vom Z\u00fcchter kaufen kann.","breadcrumb":{"@id":"https:\/\/insektenliebe.com\/de\/shop\/produkt\/phidippus-regius-everglades\/#breadcrumb"},"inLanguage":"de","potentialAction":[{"@type":"ReadAction","target":["https:\/\/insektenliebe.com\/de\/shop\/produkt\/phidippus-regius-everglades\/"]}]},{"@type":"ImageObject","inLanguage":"de","@id":"https:\/\/insektenliebe.com\/de\/shop\/produkt\/phidippus-regius-everglades\/#primaryimage","url":"https:\/\/insektenliebe.com\/wp-content\/uploads\/2025\/05\/Phidippus-regius-Everglades-1-2.jpg","contentUrl":"https:\/\/insektenliebe.com\/wp-content\/uploads\/2025\/05\/Phidippus-regius-Everglades-1-2.jpg","width":820,"height":820,"caption":"Phidippus-regius-Everglades-1-2.jpg"},{"@type":"BreadcrumbList","@id":"https:\/\/insektenliebe.com\/de\/shop\/produkt\/phidippus-regius-everglades\/#breadcrumb","itemListElement":[{"@type":"ListItem","position":1,"name":"Startseite","item":"https:\/\/insektenliebe.com\/de\/"},{"@type":"ListItem","position":2,"name":"Shop","item":"https:\/\/insektenliebe.com\/de\/shop\/"},{"@type":"ListItem","position":3,"name":"Phidippus regius &#8222;Everglades&#8220;"}]},{"@type":"WebSite","@id":"https:\/\/insektenliebe.com\/de\/#website","url":"https:\/\/insektenliebe.com\/de\/","name":"Insektenliebe","description":"Dein Zuhause f\u00fcr die kleinen Lebewesen","publisher":{"@id":"https:\/\/insektenliebe.com\/de\/#organization"},"potentialAction":[{"@type":"SearchAction","target":{"@type":"EntryPoint","urlTemplate":"https:\/\/insektenliebe.com\/de\/?s={search_term_string}"},"query-input":{"@type":"PropertyValueSpecification","valueRequired":true,"valueName":"search_term_string"}}],"inLanguage":"de"},{"@type":"Organization","@id":"https:\/\/insektenliebe.com\/de\/#organization","name":"Insektenliebe","url":"https:\/\/insektenliebe.com\/de\/","logo":{"@type":"ImageObject","inLanguage":"de","@id":"https:\/\/insektenliebe.com\/de\/#\/schema\/logo\/image\/","url":"https:\/\/insektenliebe.com\/wp-content\/uploads\/2025\/03\/logo-white.png","contentUrl":"https:\/\/insektenliebe.com\/wp-content\/uploads\/2025\/03\/logo-white.png","width":288,"height":188,"caption":"Insektenliebe"},"image":{"@id":"https:\/\/insektenliebe.com\/de\/#\/schema\/logo\/image\/"}}]}},"_links":{"self":[{"href":"https:\/\/insektenliebe.com\/de\/wp-json\/wp\/v2\/product\/5172","targetHints":{"allow":["GET"]}}],"collection":[{"href":"https:\/\/insektenliebe.com\/de\/wp-json\/wp\/v2\/product"}],"about":[{"href":"https:\/\/insektenliebe.com\/de\/wp-json\/wp\/v2\/types\/product"}],"wp:featuredmedia":[{"embeddable":true,"href":"https:\/\/insektenliebe.com\/de\/wp-json\/wp\/v2\/media\/5202"}],"wp:attachment":[{"href":"https:\/\/insektenliebe.com\/de\/wp-json\/wp\/v2\/media?parent=5172"}],"wp:term":[{"taxonomy":"product-supplier","embeddable":true,"href":"https:\/\/insektenliebe.com\/de\/wp-json\/wp\/v2\/product-supplier?post=5172"},{"taxonomy":"product_brand","embeddable":true,"href":"https:\/\/insektenliebe.com\/de\/wp-json\/wp\/v2\/product_brand?post=5172"},{"taxonomy":"product_cat","embeddable":true,"href":"https:\/\/insektenliebe.com\/de\/wp-json\/wp\/v2\/product_cat?post=5172"},{"taxonomy":"product_tag","embeddable":true,"href":"https:\/\/insektenliebe.com\/de\/wp-json\/wp\/v2\/product_tag?post=5172"},{"taxonomy":"lce-checkout-addons","embeddable":true,"href":"https:\/\/insektenliebe.com\/de\/wp-json\/wp\/v2\/lce-checkout-addons?post=5172"}],"curies":[{"name":"wp","href":"https:\/\/api.w.org\/{rel}","templated":true}]}}