{"id":5166,"date":"2021-08-06T14:00:00","date_gmt":"2021-08-06T12:00:00","guid":{"rendered":"http:\/\/localhost\/ins-test\/?post_type=product&#038;p=5166"},"modified":"2026-02-04T12:36:32","modified_gmt":"2026-02-04T11:36:32","slug":"armadillidium-granulatum-white-pearl","status":"publish","type":"product","link":"https:\/\/insektenliebe.com\/de\/shop\/produkt\/armadillidium-granulatum-white-pearl\/","title":{"rendered":"Armadillidium granulatum \"White Pearl\""},"content":{"rendered":"<h3><span style=\"color: #99cc33\">Kurzbeschreibung:<\/span><\/h3>\n<p>Armadillidium granulatum \"White Pearl\" ist die n\u00e4chste Farbmorph dieser Art. Da Armadillidium granulatum durch ihre Gr\u00f6\u00dfe und der einfachen Haltung schon zahlreiche Halter begeistert, ist es f\u00fcr alle eine tolle Nachricht f\u00fcr alle, die mit wenig Vorkenntnissen eine besondere Assel-Art haben m\u00f6chten.<\/p>\n<p>Die leuzistische Morphe hat eine komplett wei\u00dfe Grundf\u00e4rbung mit schwarzen Augen. Die Gr\u00f6\u00dfe und auch die einfache Haltung hat sich durch die Mutation nicht ver\u00e4ndert.<\/p>\n<p>Eine problemlose Haltung einer Gruppe Armadillidium granulatum \"White Pearl\" ist bereits in Beh\u00e4ltern ab einem Fassungsverm\u00f6gen von 5l m\u00f6glich. Wichtig zu wissen ist hierbei, dass sich diese Assel-Art nicht weiter vermehrt, wenn das Platzangebot nicht ausreichend ist. Da der nat\u00fcrliche Lebensraum die Streuschicht in Laubw\u00e4ldern ist, sollte hierauf besonders Wert gelegt werden. Will man das Terrarium naturnah gestalten, so w\u00e4hlt man als Substrat eine ca. 10 cm hohe Schicht aus Laubwaldhumus, Laub und wei\u00dffaulem Holz. Auf dieser Schicht Substrat sollte man Moose, Rindenst\u00fccke und Laub verteilen. Zum einen dienen diese Dinge als Unterschlupf, zum anderen als Futter und zum Halten der Feuchtigkeit im Becken. Das Becken f\u00fcr Armadillidium granulatum \"White Pearl\" sollte stets feucht gehalten werden. Staun\u00e4sse ist hierbei allerdings tunlichst zu vermeiden. Eine Luftfeuchtigkeit von 60 bis 80 % pendelt sich bei regelm\u00e4\u00dfigem Spr\u00fchen im Normalfall schnell von selbst ein. Die Tiere ben\u00f6tigen f\u00fcr den Aufbau ihres Panzers Kalk, welcher in Form von Sepia, zerriebenen Eierschalen oder \u00e4hnlichem gereicht werden kann. Als Futter dient wei\u00dffaules Holz, sowie das im Substrat befindliche Laub. Zus\u00e4tzlich dazu wird Gem\u00fcse, Obst, Bl\u00fcten und Asselfutter gerne angenommen.<\/p>\n<p>&nbsp;<\/p>\n","protected":false},"excerpt":{"rendered":"<p>Neue Farbmorph mit komplett wei\u00dfer Grundf\u00e4rbung!<\/p>\n","protected":false},"featured_media":5196,"template":"","meta":{"_acf_changed":false},"product-supplier":[],"product_brand":[],"product_cat":[627,126],"product_tag":[],"lce-checkout-addons":[1202],"class_list":{"0":"post-5166","1":"product","2":"type-product","3":"status-publish","4":"has-post-thumbnail","6":"product_cat-asseln","7":"product_cat-rollasseln-armadillidium","8":"product_shipping_class-animal-shipping","9":"pa_herkunft-spanien","10":"pa_kontinent-europa","11":"lce-checkout-addons-winterverpackung","13":"first","14":"outofstock","15":"sale","16":"taxable","17":"shipping-taxable","18":"purchasable","19":"product-type-simple"},"acf":[],"yoast_head":"<!-- This site is optimized with the Yoast SEO plugin v27.3 - https:\/\/yoast.com\/product\/yoast-seo-wordpress\/ -->\n<title>Armadillidium granulatum &quot;White Pearl&quot; - Insektenliebe<\/title>\n<meta name=\"description\" content=\"G\u00fcnstige Armadillidium granulatum &quot;White Pearl&quot; online kaufen. Neue Morph, mit komplett wei\u00dfem Erscheinungsbild. Direkt vom Z\u00fcchter!\" \/>\n<meta name=\"robots\" content=\"index, follow, max-snippet:-1, max-image-preview:large, max-video-preview:-1\" \/>\n<link rel=\"canonical\" href=\"https:\/\/insektenliebe.com\/de\/shop\/produkt\/armadillidium-granulatum-white-pearl\/\" \/>\n<meta property=\"og:locale\" content=\"de_DE\" \/>\n<meta property=\"og:type\" content=\"article\" \/>\n<meta property=\"og:title\" content=\"Armadillidium granulatum &quot;White Pearl&quot; - Insektenliebe\" \/>\n<meta property=\"og:description\" content=\"G\u00fcnstige Armadillidium granulatum &quot;White Pearl&quot; online kaufen. Neue Morph, mit komplett wei\u00dfem Erscheinungsbild. Direkt vom Z\u00fcchter!\" \/>\n<meta property=\"og:url\" content=\"https:\/\/insektenliebe.com\/de\/shop\/produkt\/armadillidium-granulatum-white-pearl\/\" \/>\n<meta property=\"og:site_name\" content=\"Insektenliebe\" \/>\n<meta property=\"article:modified_time\" content=\"2026-02-04T11:36:32+00:00\" \/>\n<meta property=\"og:image\" content=\"https:\/\/insektenliebe.com\/wp-content\/uploads\/2025\/05\/Armadillidium-granulatum-22White-Pearl22-2.jpg\" \/>\n\t<meta property=\"og:image:width\" content=\"820\" \/>\n\t<meta property=\"og:image:height\" content=\"820\" \/>\n\t<meta property=\"og:image:type\" content=\"image\/jpeg\" \/>\n<meta name=\"twitter:card\" content=\"summary_large_image\" \/>\n<meta name=\"twitter:label1\" content=\"Gesch\u00e4tzte Lesezeit\" \/>\n\t<meta name=\"twitter:data1\" content=\"2\u00a0Minuten\" \/>\n<script type=\"application\/ld+json\" class=\"yoast-schema-graph\">{\"@context\":\"https:\\\/\\\/schema.org\",\"@graph\":[{\"@type\":\"WebPage\",\"@id\":\"https:\\\/\\\/insektenliebe.com\\\/de\\\/shop\\\/produkt\\\/armadillidium-granulatum-white-pearl\\\/\",\"url\":\"https:\\\/\\\/insektenliebe.com\\\/de\\\/shop\\\/produkt\\\/armadillidium-granulatum-white-pearl\\\/\",\"name\":\"Armadillidium granulatum \\\"White Pearl\\\" - Insektenliebe\",\"isPartOf\":{\"@id\":\"https:\\\/\\\/insektenliebe.com\\\/de\\\/#website\"},\"primaryImageOfPage\":{\"@id\":\"https:\\\/\\\/insektenliebe.com\\\/de\\\/shop\\\/produkt\\\/armadillidium-granulatum-white-pearl\\\/#primaryimage\"},\"image\":{\"@id\":\"https:\\\/\\\/insektenliebe.com\\\/de\\\/shop\\\/produkt\\\/armadillidium-granulatum-white-pearl\\\/#primaryimage\"},\"thumbnailUrl\":\"https:\\\/\\\/insektenliebe.com\\\/wp-content\\\/uploads\\\/2025\\\/05\\\/Armadillidium-granulatum-22White-Pearl22-2.jpg\",\"datePublished\":\"2021-08-06T12:00:00+00:00\",\"dateModified\":\"2026-02-04T11:36:32+00:00\",\"description\":\"G\u00fcnstige Armadillidium granulatum \\\"White Pearl\\\" online kaufen. Neue Morph, mit komplett wei\u00dfem Erscheinungsbild. Direkt vom Z\u00fcchter!\",\"breadcrumb\":{\"@id\":\"https:\\\/\\\/insektenliebe.com\\\/de\\\/shop\\\/produkt\\\/armadillidium-granulatum-white-pearl\\\/#breadcrumb\"},\"inLanguage\":\"de\",\"potentialAction\":[{\"@type\":\"ReadAction\",\"target\":[\"https:\\\/\\\/insektenliebe.com\\\/de\\\/shop\\\/produkt\\\/armadillidium-granulatum-white-pearl\\\/\"]}]},{\"@type\":\"ImageObject\",\"inLanguage\":\"de\",\"@id\":\"https:\\\/\\\/insektenliebe.com\\\/de\\\/shop\\\/produkt\\\/armadillidium-granulatum-white-pearl\\\/#primaryimage\",\"url\":\"https:\\\/\\\/insektenliebe.com\\\/wp-content\\\/uploads\\\/2025\\\/05\\\/Armadillidium-granulatum-22White-Pearl22-2.jpg\",\"contentUrl\":\"https:\\\/\\\/insektenliebe.com\\\/wp-content\\\/uploads\\\/2025\\\/05\\\/Armadillidium-granulatum-22White-Pearl22-2.jpg\",\"width\":820,\"height\":820,\"caption\":\"Armadillidium-granulatum-22White-Pearl22-2.jpg\"},{\"@type\":\"BreadcrumbList\",\"@id\":\"https:\\\/\\\/insektenliebe.com\\\/de\\\/shop\\\/produkt\\\/armadillidium-granulatum-white-pearl\\\/#breadcrumb\",\"itemListElement\":[{\"@type\":\"ListItem\",\"position\":1,\"name\":\"Startseite\",\"item\":\"https:\\\/\\\/insektenliebe.com\\\/de\\\/\"},{\"@type\":\"ListItem\",\"position\":2,\"name\":\"Shop\",\"item\":\"https:\\\/\\\/insektenliebe.com\\\/de\\\/shop\\\/\"},{\"@type\":\"ListItem\",\"position\":3,\"name\":\"Armadillidium granulatum &#8222;White Pearl&#8220;\"}]},{\"@type\":\"WebSite\",\"@id\":\"https:\\\/\\\/insektenliebe.com\\\/de\\\/#website\",\"url\":\"https:\\\/\\\/insektenliebe.com\\\/de\\\/\",\"name\":\"Insektenliebe\",\"description\":\"Dein Zuhause f\u00fcr die kleinen Lebewesen\",\"publisher\":{\"@id\":\"https:\\\/\\\/insektenliebe.com\\\/de\\\/#organization\"},\"potentialAction\":[{\"@type\":\"SearchAction\",\"target\":{\"@type\":\"EntryPoint\",\"urlTemplate\":\"https:\\\/\\\/insektenliebe.com\\\/de\\\/?s={search_term_string}\"},\"query-input\":{\"@type\":\"PropertyValueSpecification\",\"valueRequired\":true,\"valueName\":\"search_term_string\"}}],\"inLanguage\":\"de\"},{\"@type\":\"Organization\",\"@id\":\"https:\\\/\\\/insektenliebe.com\\\/de\\\/#organization\",\"name\":\"Insektenliebe\",\"url\":\"https:\\\/\\\/insektenliebe.com\\\/de\\\/\",\"logo\":{\"@type\":\"ImageObject\",\"inLanguage\":\"de\",\"@id\":\"https:\\\/\\\/insektenliebe.com\\\/de\\\/#\\\/schema\\\/logo\\\/image\\\/\",\"url\":\"https:\\\/\\\/insektenliebe.com\\\/wp-content\\\/uploads\\\/2025\\\/03\\\/logo-white.png\",\"contentUrl\":\"https:\\\/\\\/insektenliebe.com\\\/wp-content\\\/uploads\\\/2025\\\/03\\\/logo-white.png\",\"width\":288,\"height\":188,\"caption\":\"Insektenliebe\"},\"image\":{\"@id\":\"https:\\\/\\\/insektenliebe.com\\\/de\\\/#\\\/schema\\\/logo\\\/image\\\/\"}}]}<\/script>\n<!-- \/ Yoast SEO plugin. -->","yoast_head_json":{"title":"Armadillidium granulatum \"White Pearl\" - Insektenliebe","description":"G\u00fcnstige Armadillidium granulatum \"White Pearl\" online kaufen. Neue Morph, mit komplett wei\u00dfem Erscheinungsbild. Direkt vom Z\u00fcchter!","robots":{"index":"index","follow":"follow","max-snippet":"max-snippet:-1","max-image-preview":"max-image-preview:large","max-video-preview":"max-video-preview:-1"},"canonical":"https:\/\/insektenliebe.com\/de\/shop\/produkt\/armadillidium-granulatum-white-pearl\/","og_locale":"de_DE","og_type":"article","og_title":"Armadillidium granulatum \"White Pearl\" - Insektenliebe","og_description":"G\u00fcnstige Armadillidium granulatum \"White Pearl\" online kaufen. Neue Morph, mit komplett wei\u00dfem Erscheinungsbild. Direkt vom Z\u00fcchter!","og_url":"https:\/\/insektenliebe.com\/de\/shop\/produkt\/armadillidium-granulatum-white-pearl\/","og_site_name":"Insektenliebe","article_modified_time":"2026-02-04T11:36:32+00:00","og_image":[{"width":820,"height":820,"url":"https:\/\/insektenliebe.com\/wp-content\/uploads\/2025\/05\/Armadillidium-granulatum-22White-Pearl22-2.jpg","type":"image\/jpeg"}],"twitter_card":"summary_large_image","twitter_misc":{"Gesch\u00e4tzte Lesezeit":"2\u00a0Minuten"},"schema":{"@context":"https:\/\/schema.org","@graph":[{"@type":"WebPage","@id":"https:\/\/insektenliebe.com\/de\/shop\/produkt\/armadillidium-granulatum-white-pearl\/","url":"https:\/\/insektenliebe.com\/de\/shop\/produkt\/armadillidium-granulatum-white-pearl\/","name":"Armadillidium granulatum \"White Pearl\" - Insektenliebe","isPartOf":{"@id":"https:\/\/insektenliebe.com\/de\/#website"},"primaryImageOfPage":{"@id":"https:\/\/insektenliebe.com\/de\/shop\/produkt\/armadillidium-granulatum-white-pearl\/#primaryimage"},"image":{"@id":"https:\/\/insektenliebe.com\/de\/shop\/produkt\/armadillidium-granulatum-white-pearl\/#primaryimage"},"thumbnailUrl":"https:\/\/insektenliebe.com\/wp-content\/uploads\/2025\/05\/Armadillidium-granulatum-22White-Pearl22-2.jpg","datePublished":"2021-08-06T12:00:00+00:00","dateModified":"2026-02-04T11:36:32+00:00","description":"G\u00fcnstige Armadillidium granulatum \"White Pearl\" online kaufen. Neue Morph, mit komplett wei\u00dfem Erscheinungsbild. Direkt vom Z\u00fcchter!","breadcrumb":{"@id":"https:\/\/insektenliebe.com\/de\/shop\/produkt\/armadillidium-granulatum-white-pearl\/#breadcrumb"},"inLanguage":"de","potentialAction":[{"@type":"ReadAction","target":["https:\/\/insektenliebe.com\/de\/shop\/produkt\/armadillidium-granulatum-white-pearl\/"]}]},{"@type":"ImageObject","inLanguage":"de","@id":"https:\/\/insektenliebe.com\/de\/shop\/produkt\/armadillidium-granulatum-white-pearl\/#primaryimage","url":"https:\/\/insektenliebe.com\/wp-content\/uploads\/2025\/05\/Armadillidium-granulatum-22White-Pearl22-2.jpg","contentUrl":"https:\/\/insektenliebe.com\/wp-content\/uploads\/2025\/05\/Armadillidium-granulatum-22White-Pearl22-2.jpg","width":820,"height":820,"caption":"Armadillidium-granulatum-22White-Pearl22-2.jpg"},{"@type":"BreadcrumbList","@id":"https:\/\/insektenliebe.com\/de\/shop\/produkt\/armadillidium-granulatum-white-pearl\/#breadcrumb","itemListElement":[{"@type":"ListItem","position":1,"name":"Startseite","item":"https:\/\/insektenliebe.com\/de\/"},{"@type":"ListItem","position":2,"name":"Shop","item":"https:\/\/insektenliebe.com\/de\/shop\/"},{"@type":"ListItem","position":3,"name":"Armadillidium granulatum &#8222;White Pearl&#8220;"}]},{"@type":"WebSite","@id":"https:\/\/insektenliebe.com\/de\/#website","url":"https:\/\/insektenliebe.com\/de\/","name":"Insektenliebe","description":"Dein Zuhause f\u00fcr die kleinen Lebewesen","publisher":{"@id":"https:\/\/insektenliebe.com\/de\/#organization"},"potentialAction":[{"@type":"SearchAction","target":{"@type":"EntryPoint","urlTemplate":"https:\/\/insektenliebe.com\/de\/?s={search_term_string}"},"query-input":{"@type":"PropertyValueSpecification","valueRequired":true,"valueName":"search_term_string"}}],"inLanguage":"de"},{"@type":"Organization","@id":"https:\/\/insektenliebe.com\/de\/#organization","name":"Insektenliebe","url":"https:\/\/insektenliebe.com\/de\/","logo":{"@type":"ImageObject","inLanguage":"de","@id":"https:\/\/insektenliebe.com\/de\/#\/schema\/logo\/image\/","url":"https:\/\/insektenliebe.com\/wp-content\/uploads\/2025\/03\/logo-white.png","contentUrl":"https:\/\/insektenliebe.com\/wp-content\/uploads\/2025\/03\/logo-white.png","width":288,"height":188,"caption":"Insektenliebe"},"image":{"@id":"https:\/\/insektenliebe.com\/de\/#\/schema\/logo\/image\/"}}]}},"_links":{"self":[{"href":"https:\/\/insektenliebe.com\/de\/wp-json\/wp\/v2\/product\/5166","targetHints":{"allow":["GET"]}}],"collection":[{"href":"https:\/\/insektenliebe.com\/de\/wp-json\/wp\/v2\/product"}],"about":[{"href":"https:\/\/insektenliebe.com\/de\/wp-json\/wp\/v2\/types\/product"}],"wp:featuredmedia":[{"embeddable":true,"href":"https:\/\/insektenliebe.com\/de\/wp-json\/wp\/v2\/media\/5196"}],"wp:attachment":[{"href":"https:\/\/insektenliebe.com\/de\/wp-json\/wp\/v2\/media?parent=5166"}],"wp:term":[{"taxonomy":"product-supplier","embeddable":true,"href":"https:\/\/insektenliebe.com\/de\/wp-json\/wp\/v2\/product-supplier?post=5166"},{"taxonomy":"product_brand","embeddable":true,"href":"https:\/\/insektenliebe.com\/de\/wp-json\/wp\/v2\/product_brand?post=5166"},{"taxonomy":"product_cat","embeddable":true,"href":"https:\/\/insektenliebe.com\/de\/wp-json\/wp\/v2\/product_cat?post=5166"},{"taxonomy":"product_tag","embeddable":true,"href":"https:\/\/insektenliebe.com\/de\/wp-json\/wp\/v2\/product_tag?post=5166"},{"taxonomy":"lce-checkout-addons","embeddable":true,"href":"https:\/\/insektenliebe.com\/de\/wp-json\/wp\/v2\/lce-checkout-addons?post=5166"}],"curies":[{"name":"wp","href":"https:\/\/api.w.org\/{rel}","templated":true}]}}