{"id":5165,"date":"2021-08-06T12:12:00","date_gmt":"2021-08-06T10:12:00","guid":{"rendered":"http:\/\/localhost\/ins-test\/?post_type=product&#038;p=5165"},"modified":"2026-03-19T08:28:03","modified_gmt":"2026-03-19T07:28:03","slug":"cristarmadillidium-muricatum","status":"publish","type":"product","link":"https:\/\/insektenliebe.com\/de\/shop\/produkt\/cristarmadillidium-muricatum\/","title":{"rendered":"Cristarmadillidium muricatum"},"content":{"rendered":"<h3><span style=\"color: #99cc33\">Kurzbeschreibung:<\/span><\/h3>\n<div dir=\"auto\">\n<p>Cristarmadillidium muricatum geh\u00f6rt zu der Gruppe der Spiny Forms (Stacheligen Asseln). Vermutlich sch\u00fctzten die Stacheln die Tiere vor Fressfeinden wie V\u00f6gel, Fr\u00f6sche und Echsen. (Quelle: The Biology of Terrestrial Isopods) Auf jeden Fall versch\u00f6nern die Stacheln die Tiere f\u00fcr den Betrachter. Die Grundfarbe der Tiere ist bei n\u00e4herer Betrachtung\u00a0ein leicht verwaschenes Orange.<\/p>\n<p>Die Haltung der Tiere ist einfach und erfordert keine spezifischen Erkenntnisse \u00fcber diese Art. Allerdings ist die Vermehrungsrate von Cristarmadillidium muricatum sehr gering und auch die Entwicklungszeit der Tiere erfordert Geduld. Sie haben ein sehr ruhiges Gem\u00fct, sind nicht hektisch und lassen sich prima beim Fressen von Laub, Falke Soil oder wei\u00dffaulem\u00a0Holz beobachten.<\/p>\n<p>Cristarmadillidium muricatum h\u00e4lt man am besten wie eine Porcellio-Art. Eine etwas feuchtere H\u00e4lfte mit Moos das als Unterschlupf f\u00fcr die H\u00e4utung dient und die andere H\u00e4lfte h\u00e4lt man eher trocken. Das Rindenst\u00fcck sollte man genau in die Mitte legen, damit die Tiere sich die Seite aussuchen k\u00f6nnen, welche sie im Moment bevorzugen.<\/p>\n<\/div>\n<div><\/div>\n","protected":false},"excerpt":{"rendered":"<p>Kurzbeschreibung: Cristarmadillidium muricatum geh\u00f6rt zu der Gruppe der Spiny Forms (Stacheligen Asseln). Vermutlich sch\u00fctzten die Stacheln die Tiere vor Fressfeinden wie V\u00f6gel, Fr\u00f6sche und Echsen. (Quelle: The Biology of Terrestrial Isopods) Auf jeden Fall versch\u00f6nern die Stacheln die Tiere f\u00fcr den Betrachter. Die Grundfarbe der Tiere ist bei n\u00e4herer Betrachtung\u00a0ein leicht verwaschenes Orange. Die Haltung [&hellip;]<\/p>\n","protected":false},"featured_media":5195,"template":"","meta":{"_acf_changed":false},"product-supplier":[],"product_brand":[],"product_cat":[627,125],"product_tag":[],"lce-checkout-addons":[1202],"class_list":{"0":"post-5165","1":"product","2":"type-product","3":"status-publish","4":"has-post-thumbnail","6":"product_cat-asseln","7":"product_cat-sonstige-asseln-merulanella-uvm","8":"product_shipping_class-animal-shipping","9":"pa_herkunft-spanien","10":"pa_kontinent-europa","11":"lce-checkout-addons-winterverpackung","13":"first","14":"instock","15":"sale","16":"taxable","17":"shipping-taxable","18":"purchasable","19":"product-type-simple"},"acf":[],"yoast_head":"<!-- This site is optimized with the Yoast SEO plugin v27.3 - https:\/\/yoast.com\/product\/yoast-seo-wordpress\/ -->\n<title>Cristarmadillidium muricatum - Insektenliebe<\/title>\n<meta name=\"description\" content=\"G\u00fcnstige Cristarmadillidium muricatum direkt online kaufen. Nachzuchten der wundersch\u00f6nen Assel-Art direkt vom Z\u00fcchter kaufen.\" \/>\n<meta name=\"robots\" content=\"index, follow, max-snippet:-1, max-image-preview:large, max-video-preview:-1\" \/>\n<link rel=\"canonical\" href=\"https:\/\/insektenliebe.com\/de\/shop\/produkt\/cristarmadillidium-muricatum\/\" \/>\n<meta property=\"og:locale\" content=\"de_DE\" \/>\n<meta property=\"og:type\" content=\"article\" \/>\n<meta property=\"og:title\" content=\"Cristarmadillidium muricatum - Insektenliebe\" \/>\n<meta property=\"og:description\" content=\"G\u00fcnstige Cristarmadillidium muricatum direkt online kaufen. Nachzuchten der wundersch\u00f6nen Assel-Art direkt vom Z\u00fcchter kaufen.\" \/>\n<meta property=\"og:url\" content=\"https:\/\/insektenliebe.com\/de\/shop\/produkt\/cristarmadillidium-muricatum\/\" \/>\n<meta property=\"og:site_name\" content=\"Insektenliebe\" \/>\n<meta property=\"article:modified_time\" content=\"2026-03-19T07:28:03+00:00\" \/>\n<meta property=\"og:image\" content=\"https:\/\/insektenliebe.com\/wp-content\/uploads\/2025\/05\/Cristarmadillidium-muricatum-2.jpg\" \/>\n\t<meta property=\"og:image:width\" content=\"820\" \/>\n\t<meta property=\"og:image:height\" content=\"820\" \/>\n\t<meta property=\"og:image:type\" content=\"image\/jpeg\" \/>\n<meta name=\"twitter:card\" content=\"summary_large_image\" \/>\n<meta name=\"twitter:label1\" content=\"Gesch\u00e4tzte Lesezeit\" \/>\n\t<meta name=\"twitter:data1\" content=\"2\u00a0Minuten\" \/>\n<script type=\"application\/ld+json\" class=\"yoast-schema-graph\">{\"@context\":\"https:\\\/\\\/schema.org\",\"@graph\":[{\"@type\":\"WebPage\",\"@id\":\"https:\\\/\\\/insektenliebe.com\\\/de\\\/shop\\\/produkt\\\/cristarmadillidium-muricatum\\\/\",\"url\":\"https:\\\/\\\/insektenliebe.com\\\/de\\\/shop\\\/produkt\\\/cristarmadillidium-muricatum\\\/\",\"name\":\"Cristarmadillidium muricatum - Insektenliebe\",\"isPartOf\":{\"@id\":\"https:\\\/\\\/insektenliebe.com\\\/de\\\/#website\"},\"primaryImageOfPage\":{\"@id\":\"https:\\\/\\\/insektenliebe.com\\\/de\\\/shop\\\/produkt\\\/cristarmadillidium-muricatum\\\/#primaryimage\"},\"image\":{\"@id\":\"https:\\\/\\\/insektenliebe.com\\\/de\\\/shop\\\/produkt\\\/cristarmadillidium-muricatum\\\/#primaryimage\"},\"thumbnailUrl\":\"https:\\\/\\\/insektenliebe.com\\\/wp-content\\\/uploads\\\/2025\\\/05\\\/Cristarmadillidium-muricatum-2.jpg\",\"datePublished\":\"2021-08-06T10:12:00+00:00\",\"dateModified\":\"2026-03-19T07:28:03+00:00\",\"description\":\"G\u00fcnstige Cristarmadillidium muricatum direkt online kaufen. Nachzuchten der wundersch\u00f6nen Assel-Art direkt vom Z\u00fcchter kaufen.\",\"breadcrumb\":{\"@id\":\"https:\\\/\\\/insektenliebe.com\\\/de\\\/shop\\\/produkt\\\/cristarmadillidium-muricatum\\\/#breadcrumb\"},\"inLanguage\":\"de\",\"potentialAction\":[{\"@type\":\"ReadAction\",\"target\":[\"https:\\\/\\\/insektenliebe.com\\\/de\\\/shop\\\/produkt\\\/cristarmadillidium-muricatum\\\/\"]}]},{\"@type\":\"ImageObject\",\"inLanguage\":\"de\",\"@id\":\"https:\\\/\\\/insektenliebe.com\\\/de\\\/shop\\\/produkt\\\/cristarmadillidium-muricatum\\\/#primaryimage\",\"url\":\"https:\\\/\\\/insektenliebe.com\\\/wp-content\\\/uploads\\\/2025\\\/05\\\/Cristarmadillidium-muricatum-2.jpg\",\"contentUrl\":\"https:\\\/\\\/insektenliebe.com\\\/wp-content\\\/uploads\\\/2025\\\/05\\\/Cristarmadillidium-muricatum-2.jpg\",\"width\":820,\"height\":820,\"caption\":\"Cristarmadillidium-muricatum-2.jpg\"},{\"@type\":\"BreadcrumbList\",\"@id\":\"https:\\\/\\\/insektenliebe.com\\\/de\\\/shop\\\/produkt\\\/cristarmadillidium-muricatum\\\/#breadcrumb\",\"itemListElement\":[{\"@type\":\"ListItem\",\"position\":1,\"name\":\"Startseite\",\"item\":\"https:\\\/\\\/insektenliebe.com\\\/de\\\/\"},{\"@type\":\"ListItem\",\"position\":2,\"name\":\"Shop\",\"item\":\"https:\\\/\\\/insektenliebe.com\\\/de\\\/shop\\\/\"},{\"@type\":\"ListItem\",\"position\":3,\"name\":\"Cristarmadillidium muricatum\"}]},{\"@type\":\"WebSite\",\"@id\":\"https:\\\/\\\/insektenliebe.com\\\/de\\\/#website\",\"url\":\"https:\\\/\\\/insektenliebe.com\\\/de\\\/\",\"name\":\"Insektenliebe\",\"description\":\"Dein Zuhause f\u00fcr die kleinen Lebewesen\",\"publisher\":{\"@id\":\"https:\\\/\\\/insektenliebe.com\\\/de\\\/#organization\"},\"potentialAction\":[{\"@type\":\"SearchAction\",\"target\":{\"@type\":\"EntryPoint\",\"urlTemplate\":\"https:\\\/\\\/insektenliebe.com\\\/de\\\/?s={search_term_string}\"},\"query-input\":{\"@type\":\"PropertyValueSpecification\",\"valueRequired\":true,\"valueName\":\"search_term_string\"}}],\"inLanguage\":\"de\"},{\"@type\":\"Organization\",\"@id\":\"https:\\\/\\\/insektenliebe.com\\\/de\\\/#organization\",\"name\":\"Insektenliebe\",\"url\":\"https:\\\/\\\/insektenliebe.com\\\/de\\\/\",\"logo\":{\"@type\":\"ImageObject\",\"inLanguage\":\"de\",\"@id\":\"https:\\\/\\\/insektenliebe.com\\\/de\\\/#\\\/schema\\\/logo\\\/image\\\/\",\"url\":\"https:\\\/\\\/insektenliebe.com\\\/wp-content\\\/uploads\\\/2025\\\/03\\\/logo-white.png\",\"contentUrl\":\"https:\\\/\\\/insektenliebe.com\\\/wp-content\\\/uploads\\\/2025\\\/03\\\/logo-white.png\",\"width\":288,\"height\":188,\"caption\":\"Insektenliebe\"},\"image\":{\"@id\":\"https:\\\/\\\/insektenliebe.com\\\/de\\\/#\\\/schema\\\/logo\\\/image\\\/\"}}]}<\/script>\n<!-- \/ Yoast SEO plugin. -->","yoast_head_json":{"title":"Cristarmadillidium muricatum - Insektenliebe","description":"G\u00fcnstige Cristarmadillidium muricatum direkt online kaufen. Nachzuchten der wundersch\u00f6nen Assel-Art direkt vom Z\u00fcchter kaufen.","robots":{"index":"index","follow":"follow","max-snippet":"max-snippet:-1","max-image-preview":"max-image-preview:large","max-video-preview":"max-video-preview:-1"},"canonical":"https:\/\/insektenliebe.com\/de\/shop\/produkt\/cristarmadillidium-muricatum\/","og_locale":"de_DE","og_type":"article","og_title":"Cristarmadillidium muricatum - Insektenliebe","og_description":"G\u00fcnstige Cristarmadillidium muricatum direkt online kaufen. Nachzuchten der wundersch\u00f6nen Assel-Art direkt vom Z\u00fcchter kaufen.","og_url":"https:\/\/insektenliebe.com\/de\/shop\/produkt\/cristarmadillidium-muricatum\/","og_site_name":"Insektenliebe","article_modified_time":"2026-03-19T07:28:03+00:00","og_image":[{"width":820,"height":820,"url":"https:\/\/insektenliebe.com\/wp-content\/uploads\/2025\/05\/Cristarmadillidium-muricatum-2.jpg","type":"image\/jpeg"}],"twitter_card":"summary_large_image","twitter_misc":{"Gesch\u00e4tzte Lesezeit":"2\u00a0Minuten"},"schema":{"@context":"https:\/\/schema.org","@graph":[{"@type":"WebPage","@id":"https:\/\/insektenliebe.com\/de\/shop\/produkt\/cristarmadillidium-muricatum\/","url":"https:\/\/insektenliebe.com\/de\/shop\/produkt\/cristarmadillidium-muricatum\/","name":"Cristarmadillidium muricatum - Insektenliebe","isPartOf":{"@id":"https:\/\/insektenliebe.com\/de\/#website"},"primaryImageOfPage":{"@id":"https:\/\/insektenliebe.com\/de\/shop\/produkt\/cristarmadillidium-muricatum\/#primaryimage"},"image":{"@id":"https:\/\/insektenliebe.com\/de\/shop\/produkt\/cristarmadillidium-muricatum\/#primaryimage"},"thumbnailUrl":"https:\/\/insektenliebe.com\/wp-content\/uploads\/2025\/05\/Cristarmadillidium-muricatum-2.jpg","datePublished":"2021-08-06T10:12:00+00:00","dateModified":"2026-03-19T07:28:03+00:00","description":"G\u00fcnstige Cristarmadillidium muricatum direkt online kaufen. Nachzuchten der wundersch\u00f6nen Assel-Art direkt vom Z\u00fcchter kaufen.","breadcrumb":{"@id":"https:\/\/insektenliebe.com\/de\/shop\/produkt\/cristarmadillidium-muricatum\/#breadcrumb"},"inLanguage":"de","potentialAction":[{"@type":"ReadAction","target":["https:\/\/insektenliebe.com\/de\/shop\/produkt\/cristarmadillidium-muricatum\/"]}]},{"@type":"ImageObject","inLanguage":"de","@id":"https:\/\/insektenliebe.com\/de\/shop\/produkt\/cristarmadillidium-muricatum\/#primaryimage","url":"https:\/\/insektenliebe.com\/wp-content\/uploads\/2025\/05\/Cristarmadillidium-muricatum-2.jpg","contentUrl":"https:\/\/insektenliebe.com\/wp-content\/uploads\/2025\/05\/Cristarmadillidium-muricatum-2.jpg","width":820,"height":820,"caption":"Cristarmadillidium-muricatum-2.jpg"},{"@type":"BreadcrumbList","@id":"https:\/\/insektenliebe.com\/de\/shop\/produkt\/cristarmadillidium-muricatum\/#breadcrumb","itemListElement":[{"@type":"ListItem","position":1,"name":"Startseite","item":"https:\/\/insektenliebe.com\/de\/"},{"@type":"ListItem","position":2,"name":"Shop","item":"https:\/\/insektenliebe.com\/de\/shop\/"},{"@type":"ListItem","position":3,"name":"Cristarmadillidium muricatum"}]},{"@type":"WebSite","@id":"https:\/\/insektenliebe.com\/de\/#website","url":"https:\/\/insektenliebe.com\/de\/","name":"Insektenliebe","description":"Dein Zuhause f\u00fcr die kleinen Lebewesen","publisher":{"@id":"https:\/\/insektenliebe.com\/de\/#organization"},"potentialAction":[{"@type":"SearchAction","target":{"@type":"EntryPoint","urlTemplate":"https:\/\/insektenliebe.com\/de\/?s={search_term_string}"},"query-input":{"@type":"PropertyValueSpecification","valueRequired":true,"valueName":"search_term_string"}}],"inLanguage":"de"},{"@type":"Organization","@id":"https:\/\/insektenliebe.com\/de\/#organization","name":"Insektenliebe","url":"https:\/\/insektenliebe.com\/de\/","logo":{"@type":"ImageObject","inLanguage":"de","@id":"https:\/\/insektenliebe.com\/de\/#\/schema\/logo\/image\/","url":"https:\/\/insektenliebe.com\/wp-content\/uploads\/2025\/03\/logo-white.png","contentUrl":"https:\/\/insektenliebe.com\/wp-content\/uploads\/2025\/03\/logo-white.png","width":288,"height":188,"caption":"Insektenliebe"},"image":{"@id":"https:\/\/insektenliebe.com\/de\/#\/schema\/logo\/image\/"}}]}},"_links":{"self":[{"href":"https:\/\/insektenliebe.com\/de\/wp-json\/wp\/v2\/product\/5165","targetHints":{"allow":["GET"]}}],"collection":[{"href":"https:\/\/insektenliebe.com\/de\/wp-json\/wp\/v2\/product"}],"about":[{"href":"https:\/\/insektenliebe.com\/de\/wp-json\/wp\/v2\/types\/product"}],"wp:featuredmedia":[{"embeddable":true,"href":"https:\/\/insektenliebe.com\/de\/wp-json\/wp\/v2\/media\/5195"}],"wp:attachment":[{"href":"https:\/\/insektenliebe.com\/de\/wp-json\/wp\/v2\/media?parent=5165"}],"wp:term":[{"taxonomy":"product-supplier","embeddable":true,"href":"https:\/\/insektenliebe.com\/de\/wp-json\/wp\/v2\/product-supplier?post=5165"},{"taxonomy":"product_brand","embeddable":true,"href":"https:\/\/insektenliebe.com\/de\/wp-json\/wp\/v2\/product_brand?post=5165"},{"taxonomy":"product_cat","embeddable":true,"href":"https:\/\/insektenliebe.com\/de\/wp-json\/wp\/v2\/product_cat?post=5165"},{"taxonomy":"product_tag","embeddable":true,"href":"https:\/\/insektenliebe.com\/de\/wp-json\/wp\/v2\/product_tag?post=5165"},{"taxonomy":"lce-checkout-addons","embeddable":true,"href":"https:\/\/insektenliebe.com\/de\/wp-json\/wp\/v2\/lce-checkout-addons?post=5165"}],"curies":[{"name":"wp","href":"https:\/\/api.w.org\/{rel}","templated":true}]}}