{"id":5163,"date":"2021-08-05T11:01:00","date_gmt":"2021-08-05T09:01:00","guid":{"rendered":"http:\/\/localhost\/ins-test\/?post_type=product&#038;p=5163"},"modified":"2026-02-07T21:52:31","modified_gmt":"2026-02-07T20:52:31","slug":"atopochetus-spinimargo","status":"publish","type":"product","link":"https:\/\/insektenliebe.com\/de\/shop\/produkt\/atopochetus-spinimargo\/","title":{"rendered":"Atopochetus spinimargo"},"content":{"rendered":"<h3><span style=\"color: #99cc33\">Kurzbeschreibung:<\/span><\/h3>\n<p>Atopochetus spinimargo stammt unter aus dem Osten Thailands bis Vietnam. Der OstenThailands wird auch Isaan bezeichnet und wird von vielen Fl\u00fcssen durchzogen, allen voran der Mekong und der Mun. Hier finden sich gr\u00fcne Flusslandschaften, dichte Regenw\u00e4lder mit Wasserf\u00e4llen wieder. In diesen feuchten bis na\u00dfen Standorten ist Atopochetus spinimargo zuhause. Zur H\u00e4utung gr\u00e4bt er sich regelm\u00e4\u00dfig in den Boden ein. Dabei kann das Substrat auch gerne so schlammig sein, wie man es aus den Schneckenterrarien kennt. Daher eignet sich Atopochetus spinimargo auch sehr gut als Gesellschaftstier in einem Schneckenterrarium.<\/p>\n<p>Die Beine sind relativ lang, wie man es von kletternden Tausendf\u00fc\u00dfer gewohnt ist. Daher sollten auch gen\u00fcgend Kletterm\u00f6glichkeiten im Terrarium vorhanden sein.<\/p>\n<p>Ein besonderes Merkmal bei Atopochetus spinimargo ist folgendes: Die beiden Geschlechter sind im adulten Stadium unterschiedlich gef\u00e4rbt. Die M\u00e4nnchen besitzen schwarze Beine und auch die Segmente sind tiefschwarz gef\u00e4rbt und stellen einen tollen Kontrast zum braun her. Dagegen haben die Weibchen r\u00f6tliche F\u00fc\u00dfe und die Segmente sind gr\u00e4ulich. Die Jungtiere sehen alle gleich aus und sind daher optisch nicht zu unterscheiden.<\/p>\n<p>Tagestemperaturen von 26-28 \u00b0C haben sich bei der Haltung dieser Art bew\u00e4hrt. Die Tiere sind in jungen Jahren d\u00e4mmerungs- und nachtaktiv. Dies \u00e4ndert sich allerdings, wenn sie erwachsen sind. Scheinbar legt dann ihr Selbstbewusstsein so dermassen zu, dass sie sich auch tags\u00fcber gerne auf \u00c4sten und am Boden umherlaufend sehen lassen. Beim Erreichen der Temperaturen im Terrarium ist es wichtig, die W\u00e4rmequelle immer von oben anzubringen und niemals von unten! Der Bodengrund sollte stets halb feucht gehalten werden. Eine Luftfeuchtigkeit von 75-90 % kommt am ehesten den Bedingungen ihres nat\u00fcrlichen Lebensraumes nach. Das Substrat kann man zus\u00e4tzlich mit Laub, Rindenst\u00fccken oder Moos abdecken. Das hilft dabei, es vor dem Austrocknen zu sch\u00fctzen.<\/p>\n<p>Diese Art ist auch f\u00fcr den Einsteiger geeignet, da sie sehr aktiv ist und auch l\u00e4ngere trockenere Perioden unbeschadet \u00fcbersteht. Ein Gesellschaftsbecken aus tropischen Schnecken\u00a0und die ebenfalls aus Thailand stammenden\u00a0<span class=\"hiddenSpellError\">Cubaris-<\/span>Arten bietet sich an.<\/p>\n","protected":false},"excerpt":{"rendered":"<p>Durch die unterschiedliche F\u00e4rbung bei M\u00e4nnchen und Weibchen kommt es einem so vor, als ob sich zwei Arten im Terrarium befinden!<\/p>\n","protected":false},"featured_media":5193,"template":"","meta":{"_acf_changed":false},"product-supplier":[],"product_brand":[],"product_cat":[144],"product_tag":[],"lce-checkout-addons":[1202],"class_list":{"0":"post-5163","1":"product","2":"type-product","3":"status-publish","4":"has-post-thumbnail","6":"product_cat-tausendfuesser","7":"product_shipping_class-animal-shipping","8":"pa_herkunft-thailand","9":"pa_kontinent-asien","10":"lce-checkout-addons-winterverpackung","12":"first","13":"instock","14":"taxable","15":"shipping-taxable","16":"purchasable","17":"product-type-simple"},"acf":[],"yoast_head":"<!-- This site is optimized with the Yoast SEO plugin v27.3 - https:\/\/yoast.com\/product\/yoast-seo-wordpress\/ -->\n<title>Atopochetus spinimargo - Insektenliebe<\/title>\n<meta name=\"description\" content=\"Wundersch\u00f6ne Atopochetus spinimargo online kaufen. Wir bieten Nachzuchten dieser tollen Tausendf\u00fcsser-Art an. Direkt beim Z\u00fcchter kaufen.\" \/>\n<meta name=\"robots\" content=\"index, follow, max-snippet:-1, max-image-preview:large, max-video-preview:-1\" \/>\n<link rel=\"canonical\" href=\"https:\/\/insektenliebe.com\/de\/shop\/produkt\/atopochetus-spinimargo\/\" \/>\n<meta property=\"og:locale\" content=\"de_DE\" \/>\n<meta property=\"og:type\" content=\"article\" \/>\n<meta property=\"og:title\" content=\"Atopochetus spinimargo - Insektenliebe\" \/>\n<meta property=\"og:description\" content=\"Wundersch\u00f6ne Atopochetus spinimargo online kaufen. Wir bieten Nachzuchten dieser tollen Tausendf\u00fcsser-Art an. Direkt beim Z\u00fcchter kaufen.\" \/>\n<meta property=\"og:url\" content=\"https:\/\/insektenliebe.com\/de\/shop\/produkt\/atopochetus-spinimargo\/\" \/>\n<meta property=\"og:site_name\" content=\"Insektenliebe\" \/>\n<meta property=\"article:modified_time\" content=\"2026-02-07T20:52:31+00:00\" \/>\n<meta property=\"og:image\" content=\"https:\/\/insektenliebe.com\/wp-content\/uploads\/2025\/05\/Atopochetus-spinimargo-2.jpg\" \/>\n\t<meta property=\"og:image:width\" content=\"820\" \/>\n\t<meta property=\"og:image:height\" content=\"820\" \/>\n\t<meta property=\"og:image:type\" content=\"image\/jpeg\" \/>\n<meta name=\"twitter:card\" content=\"summary_large_image\" \/>\n<meta name=\"twitter:label1\" content=\"Gesch\u00e4tzte Lesezeit\" \/>\n\t<meta name=\"twitter:data1\" content=\"2\u00a0Minuten\" \/>\n<script type=\"application\/ld+json\" class=\"yoast-schema-graph\">{\"@context\":\"https:\\\/\\\/schema.org\",\"@graph\":[{\"@type\":\"WebPage\",\"@id\":\"https:\\\/\\\/insektenliebe.com\\\/de\\\/shop\\\/produkt\\\/atopochetus-spinimargo\\\/\",\"url\":\"https:\\\/\\\/insektenliebe.com\\\/de\\\/shop\\\/produkt\\\/atopochetus-spinimargo\\\/\",\"name\":\"Atopochetus spinimargo - Insektenliebe\",\"isPartOf\":{\"@id\":\"https:\\\/\\\/insektenliebe.com\\\/de\\\/#website\"},\"primaryImageOfPage\":{\"@id\":\"https:\\\/\\\/insektenliebe.com\\\/de\\\/shop\\\/produkt\\\/atopochetus-spinimargo\\\/#primaryimage\"},\"image\":{\"@id\":\"https:\\\/\\\/insektenliebe.com\\\/de\\\/shop\\\/produkt\\\/atopochetus-spinimargo\\\/#primaryimage\"},\"thumbnailUrl\":\"https:\\\/\\\/insektenliebe.com\\\/wp-content\\\/uploads\\\/2025\\\/05\\\/Atopochetus-spinimargo-2.jpg\",\"datePublished\":\"2021-08-05T09:01:00+00:00\",\"dateModified\":\"2026-02-07T20:52:31+00:00\",\"description\":\"Wundersch\u00f6ne Atopochetus spinimargo online kaufen. Wir bieten Nachzuchten dieser tollen Tausendf\u00fcsser-Art an. Direkt beim Z\u00fcchter kaufen.\",\"breadcrumb\":{\"@id\":\"https:\\\/\\\/insektenliebe.com\\\/de\\\/shop\\\/produkt\\\/atopochetus-spinimargo\\\/#breadcrumb\"},\"inLanguage\":\"de\",\"potentialAction\":[{\"@type\":\"ReadAction\",\"target\":[\"https:\\\/\\\/insektenliebe.com\\\/de\\\/shop\\\/produkt\\\/atopochetus-spinimargo\\\/\"]}]},{\"@type\":\"ImageObject\",\"inLanguage\":\"de\",\"@id\":\"https:\\\/\\\/insektenliebe.com\\\/de\\\/shop\\\/produkt\\\/atopochetus-spinimargo\\\/#primaryimage\",\"url\":\"https:\\\/\\\/insektenliebe.com\\\/wp-content\\\/uploads\\\/2025\\\/05\\\/Atopochetus-spinimargo-2.jpg\",\"contentUrl\":\"https:\\\/\\\/insektenliebe.com\\\/wp-content\\\/uploads\\\/2025\\\/05\\\/Atopochetus-spinimargo-2.jpg\",\"width\":820,\"height\":820,\"caption\":\"Atopochetus-spinimargo-2.jpg\"},{\"@type\":\"BreadcrumbList\",\"@id\":\"https:\\\/\\\/insektenliebe.com\\\/de\\\/shop\\\/produkt\\\/atopochetus-spinimargo\\\/#breadcrumb\",\"itemListElement\":[{\"@type\":\"ListItem\",\"position\":1,\"name\":\"Startseite\",\"item\":\"https:\\\/\\\/insektenliebe.com\\\/de\\\/\"},{\"@type\":\"ListItem\",\"position\":2,\"name\":\"Shop\",\"item\":\"https:\\\/\\\/insektenliebe.com\\\/de\\\/shop\\\/\"},{\"@type\":\"ListItem\",\"position\":3,\"name\":\"Atopochetus spinimargo\"}]},{\"@type\":\"WebSite\",\"@id\":\"https:\\\/\\\/insektenliebe.com\\\/de\\\/#website\",\"url\":\"https:\\\/\\\/insektenliebe.com\\\/de\\\/\",\"name\":\"Insektenliebe\",\"description\":\"Dein Zuhause f\u00fcr die kleinen Lebewesen\",\"publisher\":{\"@id\":\"https:\\\/\\\/insektenliebe.com\\\/de\\\/#organization\"},\"potentialAction\":[{\"@type\":\"SearchAction\",\"target\":{\"@type\":\"EntryPoint\",\"urlTemplate\":\"https:\\\/\\\/insektenliebe.com\\\/de\\\/?s={search_term_string}\"},\"query-input\":{\"@type\":\"PropertyValueSpecification\",\"valueRequired\":true,\"valueName\":\"search_term_string\"}}],\"inLanguage\":\"de\"},{\"@type\":\"Organization\",\"@id\":\"https:\\\/\\\/insektenliebe.com\\\/de\\\/#organization\",\"name\":\"Insektenliebe\",\"url\":\"https:\\\/\\\/insektenliebe.com\\\/de\\\/\",\"logo\":{\"@type\":\"ImageObject\",\"inLanguage\":\"de\",\"@id\":\"https:\\\/\\\/insektenliebe.com\\\/de\\\/#\\\/schema\\\/logo\\\/image\\\/\",\"url\":\"https:\\\/\\\/insektenliebe.com\\\/wp-content\\\/uploads\\\/2025\\\/03\\\/logo-white.png\",\"contentUrl\":\"https:\\\/\\\/insektenliebe.com\\\/wp-content\\\/uploads\\\/2025\\\/03\\\/logo-white.png\",\"width\":288,\"height\":188,\"caption\":\"Insektenliebe\"},\"image\":{\"@id\":\"https:\\\/\\\/insektenliebe.com\\\/de\\\/#\\\/schema\\\/logo\\\/image\\\/\"}}]}<\/script>\n<!-- \/ Yoast SEO plugin. -->","yoast_head_json":{"title":"Atopochetus spinimargo - Insektenliebe","description":"Wundersch\u00f6ne Atopochetus spinimargo online kaufen. Wir bieten Nachzuchten dieser tollen Tausendf\u00fcsser-Art an. Direkt beim Z\u00fcchter kaufen.","robots":{"index":"index","follow":"follow","max-snippet":"max-snippet:-1","max-image-preview":"max-image-preview:large","max-video-preview":"max-video-preview:-1"},"canonical":"https:\/\/insektenliebe.com\/de\/shop\/produkt\/atopochetus-spinimargo\/","og_locale":"de_DE","og_type":"article","og_title":"Atopochetus spinimargo - Insektenliebe","og_description":"Wundersch\u00f6ne Atopochetus spinimargo online kaufen. Wir bieten Nachzuchten dieser tollen Tausendf\u00fcsser-Art an. Direkt beim Z\u00fcchter kaufen.","og_url":"https:\/\/insektenliebe.com\/de\/shop\/produkt\/atopochetus-spinimargo\/","og_site_name":"Insektenliebe","article_modified_time":"2026-02-07T20:52:31+00:00","og_image":[{"width":820,"height":820,"url":"https:\/\/insektenliebe.com\/wp-content\/uploads\/2025\/05\/Atopochetus-spinimargo-2.jpg","type":"image\/jpeg"}],"twitter_card":"summary_large_image","twitter_misc":{"Gesch\u00e4tzte Lesezeit":"2\u00a0Minuten"},"schema":{"@context":"https:\/\/schema.org","@graph":[{"@type":"WebPage","@id":"https:\/\/insektenliebe.com\/de\/shop\/produkt\/atopochetus-spinimargo\/","url":"https:\/\/insektenliebe.com\/de\/shop\/produkt\/atopochetus-spinimargo\/","name":"Atopochetus spinimargo - Insektenliebe","isPartOf":{"@id":"https:\/\/insektenliebe.com\/de\/#website"},"primaryImageOfPage":{"@id":"https:\/\/insektenliebe.com\/de\/shop\/produkt\/atopochetus-spinimargo\/#primaryimage"},"image":{"@id":"https:\/\/insektenliebe.com\/de\/shop\/produkt\/atopochetus-spinimargo\/#primaryimage"},"thumbnailUrl":"https:\/\/insektenliebe.com\/wp-content\/uploads\/2025\/05\/Atopochetus-spinimargo-2.jpg","datePublished":"2021-08-05T09:01:00+00:00","dateModified":"2026-02-07T20:52:31+00:00","description":"Wundersch\u00f6ne Atopochetus spinimargo online kaufen. Wir bieten Nachzuchten dieser tollen Tausendf\u00fcsser-Art an. Direkt beim Z\u00fcchter kaufen.","breadcrumb":{"@id":"https:\/\/insektenliebe.com\/de\/shop\/produkt\/atopochetus-spinimargo\/#breadcrumb"},"inLanguage":"de","potentialAction":[{"@type":"ReadAction","target":["https:\/\/insektenliebe.com\/de\/shop\/produkt\/atopochetus-spinimargo\/"]}]},{"@type":"ImageObject","inLanguage":"de","@id":"https:\/\/insektenliebe.com\/de\/shop\/produkt\/atopochetus-spinimargo\/#primaryimage","url":"https:\/\/insektenliebe.com\/wp-content\/uploads\/2025\/05\/Atopochetus-spinimargo-2.jpg","contentUrl":"https:\/\/insektenliebe.com\/wp-content\/uploads\/2025\/05\/Atopochetus-spinimargo-2.jpg","width":820,"height":820,"caption":"Atopochetus-spinimargo-2.jpg"},{"@type":"BreadcrumbList","@id":"https:\/\/insektenliebe.com\/de\/shop\/produkt\/atopochetus-spinimargo\/#breadcrumb","itemListElement":[{"@type":"ListItem","position":1,"name":"Startseite","item":"https:\/\/insektenliebe.com\/de\/"},{"@type":"ListItem","position":2,"name":"Shop","item":"https:\/\/insektenliebe.com\/de\/shop\/"},{"@type":"ListItem","position":3,"name":"Atopochetus spinimargo"}]},{"@type":"WebSite","@id":"https:\/\/insektenliebe.com\/de\/#website","url":"https:\/\/insektenliebe.com\/de\/","name":"Insektenliebe","description":"Dein Zuhause f\u00fcr die kleinen Lebewesen","publisher":{"@id":"https:\/\/insektenliebe.com\/de\/#organization"},"potentialAction":[{"@type":"SearchAction","target":{"@type":"EntryPoint","urlTemplate":"https:\/\/insektenliebe.com\/de\/?s={search_term_string}"},"query-input":{"@type":"PropertyValueSpecification","valueRequired":true,"valueName":"search_term_string"}}],"inLanguage":"de"},{"@type":"Organization","@id":"https:\/\/insektenliebe.com\/de\/#organization","name":"Insektenliebe","url":"https:\/\/insektenliebe.com\/de\/","logo":{"@type":"ImageObject","inLanguage":"de","@id":"https:\/\/insektenliebe.com\/de\/#\/schema\/logo\/image\/","url":"https:\/\/insektenliebe.com\/wp-content\/uploads\/2025\/03\/logo-white.png","contentUrl":"https:\/\/insektenliebe.com\/wp-content\/uploads\/2025\/03\/logo-white.png","width":288,"height":188,"caption":"Insektenliebe"},"image":{"@id":"https:\/\/insektenliebe.com\/de\/#\/schema\/logo\/image\/"}}]}},"_links":{"self":[{"href":"https:\/\/insektenliebe.com\/de\/wp-json\/wp\/v2\/product\/5163","targetHints":{"allow":["GET"]}}],"collection":[{"href":"https:\/\/insektenliebe.com\/de\/wp-json\/wp\/v2\/product"}],"about":[{"href":"https:\/\/insektenliebe.com\/de\/wp-json\/wp\/v2\/types\/product"}],"wp:featuredmedia":[{"embeddable":true,"href":"https:\/\/insektenliebe.com\/de\/wp-json\/wp\/v2\/media\/5193"}],"wp:attachment":[{"href":"https:\/\/insektenliebe.com\/de\/wp-json\/wp\/v2\/media?parent=5163"}],"wp:term":[{"taxonomy":"product-supplier","embeddable":true,"href":"https:\/\/insektenliebe.com\/de\/wp-json\/wp\/v2\/product-supplier?post=5163"},{"taxonomy":"product_brand","embeddable":true,"href":"https:\/\/insektenliebe.com\/de\/wp-json\/wp\/v2\/product_brand?post=5163"},{"taxonomy":"product_cat","embeddable":true,"href":"https:\/\/insektenliebe.com\/de\/wp-json\/wp\/v2\/product_cat?post=5163"},{"taxonomy":"product_tag","embeddable":true,"href":"https:\/\/insektenliebe.com\/de\/wp-json\/wp\/v2\/product_tag?post=5163"},{"taxonomy":"lce-checkout-addons","embeddable":true,"href":"https:\/\/insektenliebe.com\/de\/wp-json\/wp\/v2\/lce-checkout-addons?post=5163"}],"curies":[{"name":"wp","href":"https:\/\/api.w.org\/{rel}","templated":true}]}}