{"id":5160,"date":"2021-07-16T11:38:59","date_gmt":"2021-07-16T09:38:59","guid":{"rendered":"http:\/\/localhost\/ins-test\/?post_type=product&#038;p=5160"},"modified":"2026-01-25T21:33:26","modified_gmt":"2026-01-25T20:33:26","slug":"isopoda-spec-thailand-spiny","status":"publish","type":"product","link":"https:\/\/insektenliebe.com\/de\/shop\/produkt\/isopoda-spec-thailand-spiny\/","title":{"rendered":"Isopoda spec. \"Thailand Spiny\""},"content":{"rendered":"<h3><span style=\"color: #99cc33\">Kurzbeschreibung:<\/span><\/h3>\n<p>Isopoda spec. \"Thailand Spiny\" stammt unter anderem aus dem S\u00fcden Thailands. Die Art hat es aber auch \u00fcber das Sankarakhiri-Gebirge geschafft und kommt daher auch in Malaysia vor. In diesem Gebiet kommt der Monsun voll zum Zuge und bringt das ganze Jahr \u00fcber ergiebige Regenf\u00e4lle von Mai bis Oktober an der Westk\u00fcste und von Oktober bis Dezember an der Ostk\u00fcste.<\/p>\n<p>Isopoda spec. \"Thailand Spiny\" findet man vor allem in der N\u00e4he von Farne. Das l\u00e4\u00dft uns einige R\u00fcckschl\u00fcsse auf die Haltung im Terrarium ziehen. Sie m\u00f6gen es etwas feuchter, als Cubaris-Arten wie zum Beispiel Cubaris spec. \"Rubber Ducky\". Daher ist es sinnvoll, im Terrarium eine Drainageschicht anzubringen. Dazu f\u00fcllt man als untere Schicht eine 2 cm hohe Tongranulat oder Kiesschicht ein. Diese verhindert, dass sich Staun\u00e4sse im Substrat bildet und der Boden anf\u00e4ngt zu schimmeln. Pflanzen, die das \u00fcbersch\u00fcssige Wasser aus der Drainage herausziehen haben sich bew\u00e4hrt.<\/p>\n<p>Die Tiere fressen eifrig Laub und sind in der Nahrungsaufnahme nicht w\u00e4hlerisch. Gerne werden Verstecke genutzt die auch das soziale Verhalten von Isopoda spec. \"Thailand Spiny\" aufzeigt. Die Jungasseln halten sich fast ausschlie\u00dflich unter der Obhut der Elterntiere und gehen wenig Risiko ein, dass sichere Versteck und der Schutz der adulten Tiere zu verlassen.<\/p>\n<p>Ihr stacheliges Aussehen macht sie zu einer ganz besonderen Assel-Art. Auch ist der komplette K\u00f6rperbau sehr massig und wirkt etwas gedrungen. Daher wirkt sie auch, trotz ihrer kleinen Gesamtl\u00e4nge, gr\u00f6\u00dfer als sie tats\u00e4chlich ist. Also wer an eine kleine zierliche Assel denkt, liegt bei Isopoda spec. \"Thailand Spiny\" definitiv falsch.<\/p>\n<p>Wenn man die Feuchtigkeitsanforderungen erf\u00fcllt, hat man mit Isopoda spec. \"Thailand Spiny\" viel Freude. Die Tiere lassen sich z\u00fcchten und man kann das interessante Sozialverhalten beobachten. Durch die Bepflanzung im Terrarium l\u00e4sst sich ein wundersch\u00f6nes Regenwaldterrarium gestalten, dass in jedem Zimmer zum Blickfang wird.<\/p>\n<div><\/div>\n","protected":false},"excerpt":{"rendered":"<p>Achtung stachelig!<\/p>\n","protected":false},"featured_media":5190,"template":"","meta":{"_acf_changed":false},"product-supplier":[],"product_brand":[],"product_cat":[627,125],"product_tag":[],"lce-checkout-addons":[1202],"class_list":{"0":"post-5160","1":"product","2":"type-product","3":"status-publish","4":"has-post-thumbnail","6":"product_cat-asseln","7":"product_cat-sonstige-asseln-merulanella-uvm","8":"product_shipping_class-animal-shipping","9":"pa_herkunft-thailand","10":"pa_kontinent-asien","11":"lce-checkout-addons-winterverpackung","13":"first","14":"outofstock","15":"sale","16":"taxable","17":"shipping-taxable","18":"purchasable","19":"product-type-variable","20":"has-default-attributes"},"acf":[],"yoast_head":"<!-- This site is optimized with the Yoast SEO Premium plugin v26.8 (Yoast SEO v27.3) - https:\/\/yoast.com\/product\/yoast-seo-premium-wordpress\/ -->\n<title>Isopoda spec. &quot;Thailand Spiny&quot; - Insektenliebe<\/title>\n<meta name=\"description\" content=\"G\u00fcnstige Isopoda spec. &quot;Thailand Spiny&quot; direkt online kaufen. Nachzuchten der wundersch\u00f6nen Assel-Art direkt vom Z\u00fcchter kaufen.\" \/>\n<meta name=\"robots\" content=\"index, follow, max-snippet:-1, max-image-preview:large, max-video-preview:-1\" \/>\n<link rel=\"canonical\" href=\"https:\/\/insektenliebe.com\/de\/shop\/produkt\/isopoda-spec-thailand-spiny\/\" \/>\n<meta property=\"og:locale\" content=\"de_DE\" \/>\n<meta property=\"og:type\" content=\"article\" \/>\n<meta property=\"og:title\" content=\"Isopoda spec. &quot;Thailand Spiny&quot;\" \/>\n<meta property=\"og:description\" content=\"G\u00fcnstige Isopoda spec. &quot;Thailand Spiny&quot; direkt online kaufen. Nachzuchten der wundersch\u00f6nen Assel-Art direkt vom Z\u00fcchter kaufen.\" \/>\n<meta property=\"og:url\" content=\"https:\/\/insektenliebe.com\/de\/shop\/produkt\/isopoda-spec-thailand-spiny\/\" \/>\n<meta property=\"og:site_name\" content=\"Insektenliebe\" \/>\n<meta property=\"article:modified_time\" content=\"2026-01-25T20:33:26+00:00\" \/>\n<meta property=\"og:image\" content=\"https:\/\/insektenliebe.com\/wp-content\/uploads\/2025\/05\/Cubaris-spec.-22Thailand-Spiky22-2.jpg\" \/>\n\t<meta property=\"og:image:width\" content=\"820\" \/>\n\t<meta property=\"og:image:height\" content=\"820\" \/>\n\t<meta property=\"og:image:type\" content=\"image\/jpeg\" \/>\n<meta name=\"twitter:card\" content=\"summary_large_image\" \/>\n<meta name=\"twitter:label1\" content=\"Verf\u00fcgbarkeit\" \/>\n\t<meta name=\"twitter:data1\" content=\"ausverkauft\" \/>\n<script type=\"application\/ld+json\" class=\"yoast-schema-graph\">{\"@context\":\"https:\\\/\\\/schema.org\",\"@graph\":[{\"@type\":\"WebPage\",\"@id\":\"https:\\\/\\\/insektenliebe.com\\\/de\\\/shop\\\/produkt\\\/isopoda-spec-thailand-spiny\\\/\",\"url\":\"https:\\\/\\\/insektenliebe.com\\\/de\\\/shop\\\/produkt\\\/isopoda-spec-thailand-spiny\\\/\",\"name\":\"Isopoda spec. \\\"Thailand Spiny\\\" - Insektenliebe\",\"isPartOf\":{\"@id\":\"https:\\\/\\\/insektenliebe.com\\\/de\\\/#website\"},\"primaryImageOfPage\":{\"@id\":\"https:\\\/\\\/insektenliebe.com\\\/de\\\/shop\\\/produkt\\\/isopoda-spec-thailand-spiny\\\/#primaryimage\"},\"image\":{\"@id\":\"https:\\\/\\\/insektenliebe.com\\\/de\\\/shop\\\/produkt\\\/isopoda-spec-thailand-spiny\\\/#primaryimage\"},\"thumbnailUrl\":\"https:\\\/\\\/insektenliebe.com\\\/wp-content\\\/uploads\\\/2025\\\/05\\\/Cubaris-spec.-22Thailand-Spiky22-2.jpg\",\"datePublished\":\"2021-07-16T09:38:59+00:00\",\"dateModified\":\"2026-01-25T20:33:26+00:00\",\"description\":\"G\u00fcnstige Isopoda spec. \\\"Thailand Spiny\\\" direkt online kaufen. Nachzuchten der wundersch\u00f6nen Assel-Art direkt vom Z\u00fcchter kaufen.\",\"breadcrumb\":{\"@id\":\"https:\\\/\\\/insektenliebe.com\\\/de\\\/shop\\\/produkt\\\/isopoda-spec-thailand-spiny\\\/#breadcrumb\"},\"inLanguage\":\"de\",\"potentialAction\":[{\"@type\":\"ReadAction\",\"target\":[\"https:\\\/\\\/insektenliebe.com\\\/de\\\/shop\\\/produkt\\\/isopoda-spec-thailand-spiny\\\/\"]}]},{\"@type\":\"ImageObject\",\"inLanguage\":\"de\",\"@id\":\"https:\\\/\\\/insektenliebe.com\\\/de\\\/shop\\\/produkt\\\/isopoda-spec-thailand-spiny\\\/#primaryimage\",\"url\":\"https:\\\/\\\/insektenliebe.com\\\/wp-content\\\/uploads\\\/2025\\\/05\\\/Cubaris-spec.-22Thailand-Spiky22-2.jpg\",\"contentUrl\":\"https:\\\/\\\/insektenliebe.com\\\/wp-content\\\/uploads\\\/2025\\\/05\\\/Cubaris-spec.-22Thailand-Spiky22-2.jpg\",\"width\":820,\"height\":820,\"caption\":\"Cubaris-spec.-22Thailand-Spiky22-2.jpg\"},{\"@type\":\"BreadcrumbList\",\"@id\":\"https:\\\/\\\/insektenliebe.com\\\/de\\\/shop\\\/produkt\\\/isopoda-spec-thailand-spiny\\\/#breadcrumb\",\"itemListElement\":[{\"@type\":\"ListItem\",\"position\":1,\"name\":\"Startseite\",\"item\":\"https:\\\/\\\/insektenliebe.com\\\/de\\\/\"},{\"@type\":\"ListItem\",\"position\":2,\"name\":\"Shop\",\"item\":\"https:\\\/\\\/insektenliebe.com\\\/de\\\/shop\\\/\"},{\"@type\":\"ListItem\",\"position\":3,\"name\":\"Isopoda spec. &#8222;Thailand Spiny&#8220;\"}]},{\"@type\":\"WebSite\",\"@id\":\"https:\\\/\\\/insektenliebe.com\\\/de\\\/#website\",\"url\":\"https:\\\/\\\/insektenliebe.com\\\/de\\\/\",\"name\":\"Insektenliebe\",\"description\":\"Dein Zuhause f\u00fcr die kleinen Lebewesen\",\"publisher\":{\"@id\":\"https:\\\/\\\/insektenliebe.com\\\/de\\\/#organization\"},\"potentialAction\":[{\"@type\":\"SearchAction\",\"target\":{\"@type\":\"EntryPoint\",\"urlTemplate\":\"https:\\\/\\\/insektenliebe.com\\\/de\\\/?s={search_term_string}\"},\"query-input\":{\"@type\":\"PropertyValueSpecification\",\"valueRequired\":true,\"valueName\":\"search_term_string\"}}],\"inLanguage\":\"de\"},{\"@type\":\"Organization\",\"@id\":\"https:\\\/\\\/insektenliebe.com\\\/de\\\/#organization\",\"name\":\"Insektenliebe\",\"url\":\"https:\\\/\\\/insektenliebe.com\\\/de\\\/\",\"logo\":{\"@type\":\"ImageObject\",\"inLanguage\":\"de\",\"@id\":\"https:\\\/\\\/insektenliebe.com\\\/de\\\/#\\\/schema\\\/logo\\\/image\\\/\",\"url\":\"https:\\\/\\\/insektenliebe.com\\\/wp-content\\\/uploads\\\/2025\\\/03\\\/logo-white.png\",\"contentUrl\":\"https:\\\/\\\/insektenliebe.com\\\/wp-content\\\/uploads\\\/2025\\\/03\\\/logo-white.png\",\"width\":288,\"height\":188,\"caption\":\"Insektenliebe\"},\"image\":{\"@id\":\"https:\\\/\\\/insektenliebe.com\\\/de\\\/#\\\/schema\\\/logo\\\/image\\\/\"}}]}<\/script>\n<meta property=\"og:availability\" content=\"out of stock\" \/>\n<meta property=\"product:availability\" content=\"out of stock\" \/>\n<meta property=\"product:retailer_item_id\" content=\"335\" \/>\n<meta property=\"product:condition\" content=\"new\" \/>\n<!-- \/ Yoast SEO Premium plugin. -->","yoast_head_json":{"title":"Isopoda spec. \"Thailand Spiny\" - Insektenliebe","description":"G\u00fcnstige Isopoda spec. \"Thailand Spiny\" direkt online kaufen. Nachzuchten der wundersch\u00f6nen Assel-Art direkt vom Z\u00fcchter kaufen.","robots":{"index":"index","follow":"follow","max-snippet":"max-snippet:-1","max-image-preview":"max-image-preview:large","max-video-preview":"max-video-preview:-1"},"canonical":"https:\/\/insektenliebe.com\/de\/shop\/produkt\/isopoda-spec-thailand-spiny\/","og_locale":"de_DE","og_type":"article","og_title":"Isopoda spec. \"Thailand Spiny\"","og_description":"G\u00fcnstige Isopoda spec. \"Thailand Spiny\" direkt online kaufen. Nachzuchten der wundersch\u00f6nen Assel-Art direkt vom Z\u00fcchter kaufen.","og_url":"https:\/\/insektenliebe.com\/de\/shop\/produkt\/isopoda-spec-thailand-spiny\/","og_site_name":"Insektenliebe","article_modified_time":"2026-01-25T20:33:26+00:00","og_image":[{"width":820,"height":820,"url":"https:\/\/insektenliebe.com\/wp-content\/uploads\/2025\/05\/Cubaris-spec.-22Thailand-Spiky22-2.jpg","type":"image\/jpeg"}],"twitter_card":"summary_large_image","twitter_misc":{"Verf\u00fcgbarkeit":"ausverkauft"},"schema":{"@context":"https:\/\/schema.org","@graph":[{"@type":"WebPage","@id":"https:\/\/insektenliebe.com\/de\/shop\/produkt\/isopoda-spec-thailand-spiny\/","url":"https:\/\/insektenliebe.com\/de\/shop\/produkt\/isopoda-spec-thailand-spiny\/","name":"Isopoda spec. \"Thailand Spiny\" - Insektenliebe","isPartOf":{"@id":"https:\/\/insektenliebe.com\/de\/#website"},"primaryImageOfPage":{"@id":"https:\/\/insektenliebe.com\/de\/shop\/produkt\/isopoda-spec-thailand-spiny\/#primaryimage"},"image":{"@id":"https:\/\/insektenliebe.com\/de\/shop\/produkt\/isopoda-spec-thailand-spiny\/#primaryimage"},"thumbnailUrl":"https:\/\/insektenliebe.com\/wp-content\/uploads\/2025\/05\/Cubaris-spec.-22Thailand-Spiky22-2.jpg","datePublished":"2021-07-16T09:38:59+00:00","dateModified":"2026-01-25T20:33:26+00:00","description":"G\u00fcnstige Isopoda spec. \"Thailand Spiny\" direkt online kaufen. Nachzuchten der wundersch\u00f6nen Assel-Art direkt vom Z\u00fcchter kaufen.","breadcrumb":{"@id":"https:\/\/insektenliebe.com\/de\/shop\/produkt\/isopoda-spec-thailand-spiny\/#breadcrumb"},"inLanguage":"de","potentialAction":[{"@type":"ReadAction","target":["https:\/\/insektenliebe.com\/de\/shop\/produkt\/isopoda-spec-thailand-spiny\/"]}]},{"@type":"ImageObject","inLanguage":"de","@id":"https:\/\/insektenliebe.com\/de\/shop\/produkt\/isopoda-spec-thailand-spiny\/#primaryimage","url":"https:\/\/insektenliebe.com\/wp-content\/uploads\/2025\/05\/Cubaris-spec.-22Thailand-Spiky22-2.jpg","contentUrl":"https:\/\/insektenliebe.com\/wp-content\/uploads\/2025\/05\/Cubaris-spec.-22Thailand-Spiky22-2.jpg","width":820,"height":820,"caption":"Cubaris-spec.-22Thailand-Spiky22-2.jpg"},{"@type":"BreadcrumbList","@id":"https:\/\/insektenliebe.com\/de\/shop\/produkt\/isopoda-spec-thailand-spiny\/#breadcrumb","itemListElement":[{"@type":"ListItem","position":1,"name":"Startseite","item":"https:\/\/insektenliebe.com\/de\/"},{"@type":"ListItem","position":2,"name":"Shop","item":"https:\/\/insektenliebe.com\/de\/shop\/"},{"@type":"ListItem","position":3,"name":"Isopoda spec. &#8222;Thailand Spiny&#8220;"}]},{"@type":"WebSite","@id":"https:\/\/insektenliebe.com\/de\/#website","url":"https:\/\/insektenliebe.com\/de\/","name":"Insektenliebe","description":"Dein Zuhause f\u00fcr die kleinen Lebewesen","publisher":{"@id":"https:\/\/insektenliebe.com\/de\/#organization"},"potentialAction":[{"@type":"SearchAction","target":{"@type":"EntryPoint","urlTemplate":"https:\/\/insektenliebe.com\/de\/?s={search_term_string}"},"query-input":{"@type":"PropertyValueSpecification","valueRequired":true,"valueName":"search_term_string"}}],"inLanguage":"de"},{"@type":"Organization","@id":"https:\/\/insektenliebe.com\/de\/#organization","name":"Insektenliebe","url":"https:\/\/insektenliebe.com\/de\/","logo":{"@type":"ImageObject","inLanguage":"de","@id":"https:\/\/insektenliebe.com\/de\/#\/schema\/logo\/image\/","url":"https:\/\/insektenliebe.com\/wp-content\/uploads\/2025\/03\/logo-white.png","contentUrl":"https:\/\/insektenliebe.com\/wp-content\/uploads\/2025\/03\/logo-white.png","width":288,"height":188,"caption":"Insektenliebe"},"image":{"@id":"https:\/\/insektenliebe.com\/de\/#\/schema\/logo\/image\/"}}]},"og_availability":"out of stock","product_availability":"out of stock","product_retailer_item_id":"335","product_condition":"new"},"_links":{"self":[{"href":"https:\/\/insektenliebe.com\/de\/wp-json\/wp\/v2\/product\/5160","targetHints":{"allow":["GET"]}}],"collection":[{"href":"https:\/\/insektenliebe.com\/de\/wp-json\/wp\/v2\/product"}],"about":[{"href":"https:\/\/insektenliebe.com\/de\/wp-json\/wp\/v2\/types\/product"}],"wp:featuredmedia":[{"embeddable":true,"href":"https:\/\/insektenliebe.com\/de\/wp-json\/wp\/v2\/media\/5190"}],"wp:attachment":[{"href":"https:\/\/insektenliebe.com\/de\/wp-json\/wp\/v2\/media?parent=5160"}],"wp:term":[{"taxonomy":"product-supplier","embeddable":true,"href":"https:\/\/insektenliebe.com\/de\/wp-json\/wp\/v2\/product-supplier?post=5160"},{"taxonomy":"product_brand","embeddable":true,"href":"https:\/\/insektenliebe.com\/de\/wp-json\/wp\/v2\/product_brand?post=5160"},{"taxonomy":"product_cat","embeddable":true,"href":"https:\/\/insektenliebe.com\/de\/wp-json\/wp\/v2\/product_cat?post=5160"},{"taxonomy":"product_tag","embeddable":true,"href":"https:\/\/insektenliebe.com\/de\/wp-json\/wp\/v2\/product_tag?post=5160"},{"taxonomy":"lce-checkout-addons","embeddable":true,"href":"https:\/\/insektenliebe.com\/de\/wp-json\/wp\/v2\/lce-checkout-addons?post=5160"}],"curies":[{"name":"wp","href":"https:\/\/api.w.org\/{rel}","templated":true}]}}