{"id":5159,"date":"2021-07-15T07:58:00","date_gmt":"2021-07-15T05:58:00","guid":{"rendered":"http:\/\/localhost\/ins-test\/?post_type=product&#038;p=5159"},"modified":"2026-02-11T12:27:37","modified_gmt":"2026-02-11T11:27:37","slug":"wuestensand","status":"publish","type":"product","link":"https:\/\/insektenliebe.com\/de\/shop\/produkt\/wuestensand\/","title":{"rendered":"W\u00fcstensand"},"content":{"rendered":"<p>Unser W\u00fcstensand ist der ideale Bodengrund f\u00fcr eine nat\u00fcrliche Gestaltung von Terrarien f\u00fcr W\u00fcsten- und Sandbewohner. Die besonders naturnahe Beschaffenheit des Substrates und der enthaltene Lehmanteil stimuliert dabei das Grabverhalten der Tiere. Mit dem Terrariensand lassen sich interessante Landschaften, H\u00f6hlen und Felsformationen nachbilden. Die Tiere nutzen die handgemachten Aufbauten gerne als Sonnenplatz oder die gegrabenen H\u00f6hlen als Versteck zur Abk\u00fchlung oder als Schlafplatz. Unser W\u00fcstensand ist ein nat\u00fcrliches Substrat ohne chemische Farbzus\u00e4tze.<\/p>\n<ul>\n<li>idealer Bodengrund f\u00fcr eine nat\u00fcrliche Gestaltung von Terrarien<\/li>\n<li>f\u00fcr W\u00fcsten- und Sandbewohner geeignet<\/li>\n<li>Lehmanteil stimuliert das Grabverhalten der Tiere<\/li>\n<li>naturnahe Beschaffenheit, um interessante Landschaften, H\u00f6hlen und Felsformationen zu bilden<\/li>\n<li>die Tiere nutzen Aufbauten gerne als Sonnenplatz und gegrabene H\u00f6hlen als Versteck zur Abk\u00fchlung oder als Schlafplatz<\/li>\n<li>nat\u00fcrliches Substrat ohne chemische Farbzus\u00e4tze<\/li>\n<\/ul>\n","protected":false},"excerpt":{"rendered":"<p>Unser W\u00fcstensand ist der ideale Bodengrund f\u00fcr eine nat\u00fcrliche Gestaltung von Terrarien f\u00fcr W\u00fcsten- und Sandbewohner. Die besonders naturnahe Beschaffenheit des Substrates und der enthaltene Lehmanteil stimuliert dabei das Grabverhalten der Tiere. Mit dem Terrariensand lassen sich interessante Landschaften, H\u00f6hlen und Felsformationen nachbilden. Die Tiere nutzen die handgemachten Aufbauten gerne als Sonnenplatz oder die gegrabenen [&hellip;]<\/p>\n","protected":false},"featured_media":5189,"template":"","meta":{"_acf_changed":false},"product-supplier":[],"product_brand":[],"product_cat":[127],"product_tag":[],"lce-checkout-addons":[],"class_list":{"0":"post-5159","1":"product","2":"type-product","3":"status-publish","4":"has-post-thumbnail","6":"product_cat-substrate-moose","7":"product_shipping_class-equipment-shipping","9":"first","10":"instock","11":"taxable","12":"shipping-taxable","13":"purchasable","14":"product-type-simple"},"acf":[],"yoast_head":"<!-- This site is optimized with the Yoast SEO plugin v27.3 - https:\/\/yoast.com\/product\/yoast-seo-wordpress\/ -->\n<title>W\u00fcstensand - Insektenliebe<\/title>\n<meta name=\"description\" content=\"Hochwertiger W\u00fcstensand direkt g\u00fcnstig online kaufen. Der Lehmanteil stimuliert das Grabverhalten der Tiere. Ideal f\u00fcr W\u00fcstenbewohner!\" \/>\n<meta name=\"robots\" content=\"index, follow, max-snippet:-1, max-image-preview:large, max-video-preview:-1\" \/>\n<link rel=\"canonical\" href=\"https:\/\/insektenliebe.com\/de\/shop\/produkt\/wuestensand\/\" \/>\n<meta property=\"og:locale\" content=\"de_DE\" \/>\n<meta property=\"og:type\" content=\"article\" \/>\n<meta property=\"og:title\" content=\"W\u00fcstensand - Insektenliebe\" \/>\n<meta property=\"og:description\" content=\"Hochwertiger W\u00fcstensand direkt g\u00fcnstig online kaufen. Der Lehmanteil stimuliert das Grabverhalten der Tiere. Ideal f\u00fcr W\u00fcstenbewohner!\" \/>\n<meta property=\"og:url\" content=\"https:\/\/insektenliebe.com\/de\/shop\/produkt\/wuestensand\/\" \/>\n<meta property=\"og:site_name\" content=\"Insektenliebe\" \/>\n<meta property=\"article:modified_time\" content=\"2026-02-11T11:27:37+00:00\" \/>\n<meta property=\"og:image\" content=\"https:\/\/insektenliebe.com\/wp-content\/uploads\/2025\/05\/Terrariensand-2-2.jpg\" \/>\n\t<meta property=\"og:image:width\" content=\"820\" \/>\n\t<meta property=\"og:image:height\" content=\"820\" \/>\n\t<meta property=\"og:image:type\" content=\"image\/jpeg\" \/>\n<meta name=\"twitter:card\" content=\"summary_large_image\" \/>\n<meta name=\"twitter:label1\" content=\"Gesch\u00e4tzte Lesezeit\" \/>\n\t<meta name=\"twitter:data1\" content=\"1\u00a0Minute\" \/>\n<script type=\"application\/ld+json\" class=\"yoast-schema-graph\">{\"@context\":\"https:\\\/\\\/schema.org\",\"@graph\":[{\"@type\":\"WebPage\",\"@id\":\"https:\\\/\\\/insektenliebe.com\\\/de\\\/shop\\\/produkt\\\/wuestensand\\\/\",\"url\":\"https:\\\/\\\/insektenliebe.com\\\/de\\\/shop\\\/produkt\\\/wuestensand\\\/\",\"name\":\"W\u00fcstensand - Insektenliebe\",\"isPartOf\":{\"@id\":\"https:\\\/\\\/insektenliebe.com\\\/de\\\/#website\"},\"primaryImageOfPage\":{\"@id\":\"https:\\\/\\\/insektenliebe.com\\\/de\\\/shop\\\/produkt\\\/wuestensand\\\/#primaryimage\"},\"image\":{\"@id\":\"https:\\\/\\\/insektenliebe.com\\\/de\\\/shop\\\/produkt\\\/wuestensand\\\/#primaryimage\"},\"thumbnailUrl\":\"https:\\\/\\\/insektenliebe.com\\\/wp-content\\\/uploads\\\/2025\\\/05\\\/Terrariensand-2-2.jpg\",\"datePublished\":\"2021-07-15T05:58:00+00:00\",\"dateModified\":\"2026-02-11T11:27:37+00:00\",\"description\":\"Hochwertiger W\u00fcstensand direkt g\u00fcnstig online kaufen. Der Lehmanteil stimuliert das Grabverhalten der Tiere. Ideal f\u00fcr W\u00fcstenbewohner!\",\"breadcrumb\":{\"@id\":\"https:\\\/\\\/insektenliebe.com\\\/de\\\/shop\\\/produkt\\\/wuestensand\\\/#breadcrumb\"},\"inLanguage\":\"de\",\"potentialAction\":[{\"@type\":\"ReadAction\",\"target\":[\"https:\\\/\\\/insektenliebe.com\\\/de\\\/shop\\\/produkt\\\/wuestensand\\\/\"]}]},{\"@type\":\"ImageObject\",\"inLanguage\":\"de\",\"@id\":\"https:\\\/\\\/insektenliebe.com\\\/de\\\/shop\\\/produkt\\\/wuestensand\\\/#primaryimage\",\"url\":\"https:\\\/\\\/insektenliebe.com\\\/wp-content\\\/uploads\\\/2025\\\/05\\\/Terrariensand-2-2.jpg\",\"contentUrl\":\"https:\\\/\\\/insektenliebe.com\\\/wp-content\\\/uploads\\\/2025\\\/05\\\/Terrariensand-2-2.jpg\",\"width\":820,\"height\":820,\"caption\":\"Terrariensand-2-2.jpg\"},{\"@type\":\"BreadcrumbList\",\"@id\":\"https:\\\/\\\/insektenliebe.com\\\/de\\\/shop\\\/produkt\\\/wuestensand\\\/#breadcrumb\",\"itemListElement\":[{\"@type\":\"ListItem\",\"position\":1,\"name\":\"Startseite\",\"item\":\"https:\\\/\\\/insektenliebe.com\\\/de\\\/\"},{\"@type\":\"ListItem\",\"position\":2,\"name\":\"Shop\",\"item\":\"https:\\\/\\\/insektenliebe.com\\\/de\\\/shop\\\/\"},{\"@type\":\"ListItem\",\"position\":3,\"name\":\"W\u00fcstensand\"}]},{\"@type\":\"WebSite\",\"@id\":\"https:\\\/\\\/insektenliebe.com\\\/de\\\/#website\",\"url\":\"https:\\\/\\\/insektenliebe.com\\\/de\\\/\",\"name\":\"Insektenliebe\",\"description\":\"Dein Zuhause f\u00fcr die kleinen Lebewesen\",\"publisher\":{\"@id\":\"https:\\\/\\\/insektenliebe.com\\\/de\\\/#organization\"},\"potentialAction\":[{\"@type\":\"SearchAction\",\"target\":{\"@type\":\"EntryPoint\",\"urlTemplate\":\"https:\\\/\\\/insektenliebe.com\\\/de\\\/?s={search_term_string}\"},\"query-input\":{\"@type\":\"PropertyValueSpecification\",\"valueRequired\":true,\"valueName\":\"search_term_string\"}}],\"inLanguage\":\"de\"},{\"@type\":\"Organization\",\"@id\":\"https:\\\/\\\/insektenliebe.com\\\/de\\\/#organization\",\"name\":\"Insektenliebe\",\"url\":\"https:\\\/\\\/insektenliebe.com\\\/de\\\/\",\"logo\":{\"@type\":\"ImageObject\",\"inLanguage\":\"de\",\"@id\":\"https:\\\/\\\/insektenliebe.com\\\/de\\\/#\\\/schema\\\/logo\\\/image\\\/\",\"url\":\"https:\\\/\\\/insektenliebe.com\\\/wp-content\\\/uploads\\\/2025\\\/03\\\/logo-white.png\",\"contentUrl\":\"https:\\\/\\\/insektenliebe.com\\\/wp-content\\\/uploads\\\/2025\\\/03\\\/logo-white.png\",\"width\":288,\"height\":188,\"caption\":\"Insektenliebe\"},\"image\":{\"@id\":\"https:\\\/\\\/insektenliebe.com\\\/de\\\/#\\\/schema\\\/logo\\\/image\\\/\"}}]}<\/script>\n<!-- \/ Yoast SEO plugin. -->","yoast_head_json":{"title":"W\u00fcstensand - Insektenliebe","description":"Hochwertiger W\u00fcstensand direkt g\u00fcnstig online kaufen. Der Lehmanteil stimuliert das Grabverhalten der Tiere. Ideal f\u00fcr W\u00fcstenbewohner!","robots":{"index":"index","follow":"follow","max-snippet":"max-snippet:-1","max-image-preview":"max-image-preview:large","max-video-preview":"max-video-preview:-1"},"canonical":"https:\/\/insektenliebe.com\/de\/shop\/produkt\/wuestensand\/","og_locale":"de_DE","og_type":"article","og_title":"W\u00fcstensand - Insektenliebe","og_description":"Hochwertiger W\u00fcstensand direkt g\u00fcnstig online kaufen. Der Lehmanteil stimuliert das Grabverhalten der Tiere. Ideal f\u00fcr W\u00fcstenbewohner!","og_url":"https:\/\/insektenliebe.com\/de\/shop\/produkt\/wuestensand\/","og_site_name":"Insektenliebe","article_modified_time":"2026-02-11T11:27:37+00:00","og_image":[{"width":820,"height":820,"url":"https:\/\/insektenliebe.com\/wp-content\/uploads\/2025\/05\/Terrariensand-2-2.jpg","type":"image\/jpeg"}],"twitter_card":"summary_large_image","twitter_misc":{"Gesch\u00e4tzte Lesezeit":"1\u00a0Minute"},"schema":{"@context":"https:\/\/schema.org","@graph":[{"@type":"WebPage","@id":"https:\/\/insektenliebe.com\/de\/shop\/produkt\/wuestensand\/","url":"https:\/\/insektenliebe.com\/de\/shop\/produkt\/wuestensand\/","name":"W\u00fcstensand - Insektenliebe","isPartOf":{"@id":"https:\/\/insektenliebe.com\/de\/#website"},"primaryImageOfPage":{"@id":"https:\/\/insektenliebe.com\/de\/shop\/produkt\/wuestensand\/#primaryimage"},"image":{"@id":"https:\/\/insektenliebe.com\/de\/shop\/produkt\/wuestensand\/#primaryimage"},"thumbnailUrl":"https:\/\/insektenliebe.com\/wp-content\/uploads\/2025\/05\/Terrariensand-2-2.jpg","datePublished":"2021-07-15T05:58:00+00:00","dateModified":"2026-02-11T11:27:37+00:00","description":"Hochwertiger W\u00fcstensand direkt g\u00fcnstig online kaufen. Der Lehmanteil stimuliert das Grabverhalten der Tiere. Ideal f\u00fcr W\u00fcstenbewohner!","breadcrumb":{"@id":"https:\/\/insektenliebe.com\/de\/shop\/produkt\/wuestensand\/#breadcrumb"},"inLanguage":"de","potentialAction":[{"@type":"ReadAction","target":["https:\/\/insektenliebe.com\/de\/shop\/produkt\/wuestensand\/"]}]},{"@type":"ImageObject","inLanguage":"de","@id":"https:\/\/insektenliebe.com\/de\/shop\/produkt\/wuestensand\/#primaryimage","url":"https:\/\/insektenliebe.com\/wp-content\/uploads\/2025\/05\/Terrariensand-2-2.jpg","contentUrl":"https:\/\/insektenliebe.com\/wp-content\/uploads\/2025\/05\/Terrariensand-2-2.jpg","width":820,"height":820,"caption":"Terrariensand-2-2.jpg"},{"@type":"BreadcrumbList","@id":"https:\/\/insektenliebe.com\/de\/shop\/produkt\/wuestensand\/#breadcrumb","itemListElement":[{"@type":"ListItem","position":1,"name":"Startseite","item":"https:\/\/insektenliebe.com\/de\/"},{"@type":"ListItem","position":2,"name":"Shop","item":"https:\/\/insektenliebe.com\/de\/shop\/"},{"@type":"ListItem","position":3,"name":"W\u00fcstensand"}]},{"@type":"WebSite","@id":"https:\/\/insektenliebe.com\/de\/#website","url":"https:\/\/insektenliebe.com\/de\/","name":"Insektenliebe","description":"Dein Zuhause f\u00fcr die kleinen Lebewesen","publisher":{"@id":"https:\/\/insektenliebe.com\/de\/#organization"},"potentialAction":[{"@type":"SearchAction","target":{"@type":"EntryPoint","urlTemplate":"https:\/\/insektenliebe.com\/de\/?s={search_term_string}"},"query-input":{"@type":"PropertyValueSpecification","valueRequired":true,"valueName":"search_term_string"}}],"inLanguage":"de"},{"@type":"Organization","@id":"https:\/\/insektenliebe.com\/de\/#organization","name":"Insektenliebe","url":"https:\/\/insektenliebe.com\/de\/","logo":{"@type":"ImageObject","inLanguage":"de","@id":"https:\/\/insektenliebe.com\/de\/#\/schema\/logo\/image\/","url":"https:\/\/insektenliebe.com\/wp-content\/uploads\/2025\/03\/logo-white.png","contentUrl":"https:\/\/insektenliebe.com\/wp-content\/uploads\/2025\/03\/logo-white.png","width":288,"height":188,"caption":"Insektenliebe"},"image":{"@id":"https:\/\/insektenliebe.com\/de\/#\/schema\/logo\/image\/"}}]}},"_links":{"self":[{"href":"https:\/\/insektenliebe.com\/de\/wp-json\/wp\/v2\/product\/5159","targetHints":{"allow":["GET"]}}],"collection":[{"href":"https:\/\/insektenliebe.com\/de\/wp-json\/wp\/v2\/product"}],"about":[{"href":"https:\/\/insektenliebe.com\/de\/wp-json\/wp\/v2\/types\/product"}],"wp:featuredmedia":[{"embeddable":true,"href":"https:\/\/insektenliebe.com\/de\/wp-json\/wp\/v2\/media\/5189"}],"wp:attachment":[{"href":"https:\/\/insektenliebe.com\/de\/wp-json\/wp\/v2\/media?parent=5159"}],"wp:term":[{"taxonomy":"product-supplier","embeddable":true,"href":"https:\/\/insektenliebe.com\/de\/wp-json\/wp\/v2\/product-supplier?post=5159"},{"taxonomy":"product_brand","embeddable":true,"href":"https:\/\/insektenliebe.com\/de\/wp-json\/wp\/v2\/product_brand?post=5159"},{"taxonomy":"product_cat","embeddable":true,"href":"https:\/\/insektenliebe.com\/de\/wp-json\/wp\/v2\/product_cat?post=5159"},{"taxonomy":"product_tag","embeddable":true,"href":"https:\/\/insektenliebe.com\/de\/wp-json\/wp\/v2\/product_tag?post=5159"},{"taxonomy":"lce-checkout-addons","embeddable":true,"href":"https:\/\/insektenliebe.com\/de\/wp-json\/wp\/v2\/lce-checkout-addons?post=5159"}],"curies":[{"name":"wp","href":"https:\/\/api.w.org\/{rel}","templated":true}]}}