{"id":5158,"date":"2021-07-10T10:13:37","date_gmt":"2021-07-10T08:13:37","guid":{"rendered":"http:\/\/localhost\/ins-test\/?post_type=product&#038;p=5158"},"modified":"2026-01-29T08:47:32","modified_gmt":"2026-01-29T07:47:32","slug":"bilobella-braunerae-roetlicher-springschwanz","status":"publish","type":"product","link":"https:\/\/insektenliebe.com\/de\/shop\/produkt\/bilobella-braunerae-roetlicher-springschwanz\/","title":{"rendered":"Bilobella braunerae \"R\u00f6tlicher Springschwanz\""},"content":{"rendered":"<h3><span style=\"color: #99cc33\">Kurzbeschreibung:<\/span><\/h3>\n<div>F\u00fcr alle die etwas Farbe in ihre Reinigungstruppe bringen m\u00f6chten ist Bilobella braunerae perfekt geeignet. Die r\u00f6tlichen Springschw\u00e4nze sind keine Farbmutation, sondern sie kommen so in der Natur vor. Ziemlich auff\u00e4llig, k\u00f6nnte man meinen, jedoch wurde diese Art erst 1981 entdeckt und klassifiziert.<\/div>\n<div>Unsere Zuchttiere stammen urspr\u00fcnglich aus S\u00fcdspanien und ben\u00f6tigen somit keine Diapause. Als Diapause wird eine Absenkung der Temperatur im Winter bezeichnet. Bilobella braunerae kommt auch in Mitteleuropa vor und stellt somit keine hohen Anspr\u00fcche an die Temperatur.<\/div>\n<div><\/div>\n<div>Auch dort leben sie meist versteckt im Totholz unter Baumrinden. Im Terrarium leben sie relativ unerschrocken und man bekommt sie \u00f6fters zu Gesicht. Sie sind vergleichbar mit den bereits bekannten tropischen wei\u00dfen Springschw\u00e4nzen. Unterschiede findet man in der Gr\u00f6\u00dfe und auch in ihrem Verhalten. Bilobella braunerae springt zum Beispiel nicht! Sie besitzen keine Sprunggabel, was sie im Umgang sehr viel berechenbarer macht.<\/div>\n<div><\/div>\n<div>Selbstverst\u00e4ndlich ist der Anspruch der relativ kleinen Springschw\u00e4nze an ein gro\u00dfes Terrarium nicht gegeben. Man kann sie theoretisch schon in einer Heimchendose z\u00fcchten, was hingegen schade w\u00e4re, da diese Art in einem sch\u00f6nen Waldterrarium viel besser zur Geltung kommt. Dazu kann man alle m\u00f6glichen Arten mit Bilobella braunerae vergesellschaften. Egal ob Tausendf\u00fc\u00dfer, Asseln, Schnecken, Skorpione, Spinnen und alles, was noch in W\u00e4ldern lebt, sch\u00e4tzen die Begleitung eines Erstzersetzers der die Reste beseitigt.<\/div>\n<div><\/div>\n<div>Der Bodengrund sollte aus Waldhumus, wei\u00dffaulem Holz und Laub bestehen. Alternativ kann auch Flake Soil und Laub verwendet werden. Das Substrat sollte stets feucht gehalten werden und nicht austrocknen. Wir f\u00fcttern zus\u00e4tzlich noch alle zwei Tage eine kleine Prise Springschwanzfutter zu. Dadurch erh\u00f6ht sich die Reproduktionsrate und die Tiere entwickeln sich schneller. Selbstverst\u00e4ndlich kann man Gem\u00fcse und Obst zuf\u00fcttern.<\/div>\n<div><\/div>\n","protected":false},"excerpt":{"rendered":"<p>Kurzbeschreibung: F\u00fcr alle die etwas Farbe in ihre Reinigungstruppe bringen m\u00f6chten ist Bilobella braunerae perfekt geeignet. Die r\u00f6tlichen Springschw\u00e4nze sind keine Farbmutation, sondern sie kommen so in der Natur vor. Ziemlich auff\u00e4llig, k\u00f6nnte man meinen, jedoch wurde diese Art erst 1981 entdeckt und klassifiziert. Unsere Zuchttiere stammen urspr\u00fcnglich aus S\u00fcdspanien und ben\u00f6tigen somit keine Diapause. [&hellip;]<\/p>\n","protected":false},"featured_media":5188,"template":"","meta":{"_acf_changed":false},"product-supplier":[],"product_brand":[],"product_cat":[143],"product_tag":[],"lce-checkout-addons":[1202],"class_list":{"0":"post-5158","1":"product","2":"type-product","3":"status-publish","4":"has-post-thumbnail","6":"product_cat-sonstige-wirbellose","7":"product_shipping_class-animal-shipping","8":"pa_herkunft-spanien","9":"pa_kontinent-europa","10":"lce-checkout-addons-winterverpackung","12":"first","13":"outofstock","14":"taxable","15":"shipping-taxable","16":"purchasable","17":"product-type-simple"},"acf":[],"yoast_head":"<!-- This site is optimized with the Yoast SEO Premium plugin v26.8 (Yoast SEO v27.3) - https:\/\/yoast.com\/product\/yoast-seo-premium-wordpress\/ -->\n<title>Bilobella braunerae &quot;R\u00f6tlicher Springschwanz&quot; - Insektenliebe<\/title>\n<meta name=\"description\" content=\"G\u00fcnstige Bilobella braunerae direkt online kaufen. Eine ganz besondere r\u00f6tliche Springschwanz-Art die man direkt vom Z\u00fcchter kaufen kann!\" \/>\n<meta name=\"robots\" content=\"index, follow, max-snippet:-1, max-image-preview:large, max-video-preview:-1\" \/>\n<link rel=\"canonical\" href=\"https:\/\/insektenliebe.com\/de\/shop\/produkt\/bilobella-braunerae-roetlicher-springschwanz\/\" \/>\n<meta property=\"og:locale\" content=\"de_DE\" \/>\n<meta property=\"og:type\" content=\"article\" \/>\n<meta property=\"og:title\" content=\"Bilobella braunerae &quot;R\u00f6tlicher Springschwanz&quot;\" \/>\n<meta property=\"og:description\" content=\"G\u00fcnstige Bilobella braunerae direkt online kaufen. Eine ganz besondere r\u00f6tliche Springschwanz-Art die man direkt vom Z\u00fcchter kaufen kann!\" \/>\n<meta property=\"og:url\" content=\"https:\/\/insektenliebe.com\/de\/shop\/produkt\/bilobella-braunerae-roetlicher-springschwanz\/\" \/>\n<meta property=\"og:site_name\" content=\"Insektenliebe\" \/>\n<meta property=\"article:modified_time\" content=\"2026-01-29T07:47:32+00:00\" \/>\n<meta property=\"og:image\" content=\"https:\/\/insektenliebe.com\/wp-content\/uploads\/2025\/05\/Bilobella-braunerae-2.jpg\" \/>\n\t<meta property=\"og:image:width\" content=\"820\" \/>\n\t<meta property=\"og:image:height\" content=\"820\" \/>\n\t<meta property=\"og:image:type\" content=\"image\/jpeg\" \/>\n<meta name=\"twitter:card\" content=\"summary_large_image\" \/>\n<meta name=\"twitter:label1\" content=\"Preis\" \/>\n\t<meta name=\"twitter:data1\" content=\"3,00&nbsp;&euro; inkl. MwSt. zzgl. Versand\" \/>\n\t<meta name=\"twitter:label2\" content=\"Verf\u00fcgbarkeit\" \/>\n\t<meta name=\"twitter:data2\" content=\"ausverkauft\" \/>\n<script type=\"application\/ld+json\" class=\"yoast-schema-graph\">{\"@context\":\"https:\\\/\\\/schema.org\",\"@graph\":[{\"@type\":\"WebPage\",\"@id\":\"https:\\\/\\\/insektenliebe.com\\\/de\\\/shop\\\/produkt\\\/bilobella-braunerae-roetlicher-springschwanz\\\/\",\"url\":\"https:\\\/\\\/insektenliebe.com\\\/de\\\/shop\\\/produkt\\\/bilobella-braunerae-roetlicher-springschwanz\\\/\",\"name\":\"Bilobella braunerae \\\"R\u00f6tlicher Springschwanz\\\" - Insektenliebe\",\"isPartOf\":{\"@id\":\"https:\\\/\\\/insektenliebe.com\\\/de\\\/#website\"},\"primaryImageOfPage\":{\"@id\":\"https:\\\/\\\/insektenliebe.com\\\/de\\\/shop\\\/produkt\\\/bilobella-braunerae-roetlicher-springschwanz\\\/#primaryimage\"},\"image\":{\"@id\":\"https:\\\/\\\/insektenliebe.com\\\/de\\\/shop\\\/produkt\\\/bilobella-braunerae-roetlicher-springschwanz\\\/#primaryimage\"},\"thumbnailUrl\":\"https:\\\/\\\/insektenliebe.com\\\/wp-content\\\/uploads\\\/2025\\\/05\\\/Bilobella-braunerae-2.jpg\",\"datePublished\":\"2021-07-10T08:13:37+00:00\",\"dateModified\":\"2026-01-29T07:47:32+00:00\",\"description\":\"G\u00fcnstige Bilobella braunerae direkt online kaufen. Eine ganz besondere r\u00f6tliche Springschwanz-Art die man direkt vom Z\u00fcchter kaufen kann!\",\"breadcrumb\":{\"@id\":\"https:\\\/\\\/insektenliebe.com\\\/de\\\/shop\\\/produkt\\\/bilobella-braunerae-roetlicher-springschwanz\\\/#breadcrumb\"},\"inLanguage\":\"de\",\"potentialAction\":[{\"@type\":\"ReadAction\",\"target\":[\"https:\\\/\\\/insektenliebe.com\\\/de\\\/shop\\\/produkt\\\/bilobella-braunerae-roetlicher-springschwanz\\\/\"]}]},{\"@type\":\"ImageObject\",\"inLanguage\":\"de\",\"@id\":\"https:\\\/\\\/insektenliebe.com\\\/de\\\/shop\\\/produkt\\\/bilobella-braunerae-roetlicher-springschwanz\\\/#primaryimage\",\"url\":\"https:\\\/\\\/insektenliebe.com\\\/wp-content\\\/uploads\\\/2025\\\/05\\\/Bilobella-braunerae-2.jpg\",\"contentUrl\":\"https:\\\/\\\/insektenliebe.com\\\/wp-content\\\/uploads\\\/2025\\\/05\\\/Bilobella-braunerae-2.jpg\",\"width\":820,\"height\":820,\"caption\":\"Bilobella-braunerae-2.jpg\"},{\"@type\":\"BreadcrumbList\",\"@id\":\"https:\\\/\\\/insektenliebe.com\\\/de\\\/shop\\\/produkt\\\/bilobella-braunerae-roetlicher-springschwanz\\\/#breadcrumb\",\"itemListElement\":[{\"@type\":\"ListItem\",\"position\":1,\"name\":\"Startseite\",\"item\":\"https:\\\/\\\/insektenliebe.com\\\/de\\\/\"},{\"@type\":\"ListItem\",\"position\":2,\"name\":\"Shop\",\"item\":\"https:\\\/\\\/insektenliebe.com\\\/de\\\/shop\\\/\"},{\"@type\":\"ListItem\",\"position\":3,\"name\":\"Bilobella braunerae &#8222;R\u00f6tlicher Springschwanz&#8220;\"}]},{\"@type\":\"WebSite\",\"@id\":\"https:\\\/\\\/insektenliebe.com\\\/de\\\/#website\",\"url\":\"https:\\\/\\\/insektenliebe.com\\\/de\\\/\",\"name\":\"Insektenliebe\",\"description\":\"Dein Zuhause f\u00fcr die kleinen Lebewesen\",\"publisher\":{\"@id\":\"https:\\\/\\\/insektenliebe.com\\\/de\\\/#organization\"},\"potentialAction\":[{\"@type\":\"SearchAction\",\"target\":{\"@type\":\"EntryPoint\",\"urlTemplate\":\"https:\\\/\\\/insektenliebe.com\\\/de\\\/?s={search_term_string}\"},\"query-input\":{\"@type\":\"PropertyValueSpecification\",\"valueRequired\":true,\"valueName\":\"search_term_string\"}}],\"inLanguage\":\"de\"},{\"@type\":\"Organization\",\"@id\":\"https:\\\/\\\/insektenliebe.com\\\/de\\\/#organization\",\"name\":\"Insektenliebe\",\"url\":\"https:\\\/\\\/insektenliebe.com\\\/de\\\/\",\"logo\":{\"@type\":\"ImageObject\",\"inLanguage\":\"de\",\"@id\":\"https:\\\/\\\/insektenliebe.com\\\/de\\\/#\\\/schema\\\/logo\\\/image\\\/\",\"url\":\"https:\\\/\\\/insektenliebe.com\\\/wp-content\\\/uploads\\\/2025\\\/03\\\/logo-white.png\",\"contentUrl\":\"https:\\\/\\\/insektenliebe.com\\\/wp-content\\\/uploads\\\/2025\\\/03\\\/logo-white.png\",\"width\":288,\"height\":188,\"caption\":\"Insektenliebe\"},\"image\":{\"@id\":\"https:\\\/\\\/insektenliebe.com\\\/de\\\/#\\\/schema\\\/logo\\\/image\\\/\"}}]}<\/script>\n<meta property=\"product:price:amount\" content=\"3.00\" \/>\n<meta property=\"product:price:currency\" content=\"EUR\" \/>\n<meta property=\"og:availability\" content=\"out of stock\" \/>\n<meta property=\"product:availability\" content=\"out of stock\" \/>\n<meta property=\"product:retailer_item_id\" content=\"333\" \/>\n<meta property=\"product:condition\" content=\"new\" \/>\n<!-- \/ Yoast SEO Premium plugin. -->","yoast_head_json":{"title":"Bilobella braunerae \"R\u00f6tlicher Springschwanz\" - Insektenliebe","description":"G\u00fcnstige Bilobella braunerae direkt online kaufen. Eine ganz besondere r\u00f6tliche Springschwanz-Art die man direkt vom Z\u00fcchter kaufen kann!","robots":{"index":"index","follow":"follow","max-snippet":"max-snippet:-1","max-image-preview":"max-image-preview:large","max-video-preview":"max-video-preview:-1"},"canonical":"https:\/\/insektenliebe.com\/de\/shop\/produkt\/bilobella-braunerae-roetlicher-springschwanz\/","og_locale":"de_DE","og_type":"article","og_title":"Bilobella braunerae \"R\u00f6tlicher Springschwanz\"","og_description":"G\u00fcnstige Bilobella braunerae direkt online kaufen. Eine ganz besondere r\u00f6tliche Springschwanz-Art die man direkt vom Z\u00fcchter kaufen kann!","og_url":"https:\/\/insektenliebe.com\/de\/shop\/produkt\/bilobella-braunerae-roetlicher-springschwanz\/","og_site_name":"Insektenliebe","article_modified_time":"2026-01-29T07:47:32+00:00","og_image":[{"width":820,"height":820,"url":"https:\/\/insektenliebe.com\/wp-content\/uploads\/2025\/05\/Bilobella-braunerae-2.jpg","type":"image\/jpeg"}],"twitter_card":"summary_large_image","twitter_misc":{"Preis":"3,00&nbsp;&euro; inkl. MwSt. zzgl. Versand","Verf\u00fcgbarkeit":"ausverkauft"},"schema":{"@context":"https:\/\/schema.org","@graph":[{"@type":"WebPage","@id":"https:\/\/insektenliebe.com\/de\/shop\/produkt\/bilobella-braunerae-roetlicher-springschwanz\/","url":"https:\/\/insektenliebe.com\/de\/shop\/produkt\/bilobella-braunerae-roetlicher-springschwanz\/","name":"Bilobella braunerae \"R\u00f6tlicher Springschwanz\" - Insektenliebe","isPartOf":{"@id":"https:\/\/insektenliebe.com\/de\/#website"},"primaryImageOfPage":{"@id":"https:\/\/insektenliebe.com\/de\/shop\/produkt\/bilobella-braunerae-roetlicher-springschwanz\/#primaryimage"},"image":{"@id":"https:\/\/insektenliebe.com\/de\/shop\/produkt\/bilobella-braunerae-roetlicher-springschwanz\/#primaryimage"},"thumbnailUrl":"https:\/\/insektenliebe.com\/wp-content\/uploads\/2025\/05\/Bilobella-braunerae-2.jpg","datePublished":"2021-07-10T08:13:37+00:00","dateModified":"2026-01-29T07:47:32+00:00","description":"G\u00fcnstige Bilobella braunerae direkt online kaufen. Eine ganz besondere r\u00f6tliche Springschwanz-Art die man direkt vom Z\u00fcchter kaufen kann!","breadcrumb":{"@id":"https:\/\/insektenliebe.com\/de\/shop\/produkt\/bilobella-braunerae-roetlicher-springschwanz\/#breadcrumb"},"inLanguage":"de","potentialAction":[{"@type":"ReadAction","target":["https:\/\/insektenliebe.com\/de\/shop\/produkt\/bilobella-braunerae-roetlicher-springschwanz\/"]}]},{"@type":"ImageObject","inLanguage":"de","@id":"https:\/\/insektenliebe.com\/de\/shop\/produkt\/bilobella-braunerae-roetlicher-springschwanz\/#primaryimage","url":"https:\/\/insektenliebe.com\/wp-content\/uploads\/2025\/05\/Bilobella-braunerae-2.jpg","contentUrl":"https:\/\/insektenliebe.com\/wp-content\/uploads\/2025\/05\/Bilobella-braunerae-2.jpg","width":820,"height":820,"caption":"Bilobella-braunerae-2.jpg"},{"@type":"BreadcrumbList","@id":"https:\/\/insektenliebe.com\/de\/shop\/produkt\/bilobella-braunerae-roetlicher-springschwanz\/#breadcrumb","itemListElement":[{"@type":"ListItem","position":1,"name":"Startseite","item":"https:\/\/insektenliebe.com\/de\/"},{"@type":"ListItem","position":2,"name":"Shop","item":"https:\/\/insektenliebe.com\/de\/shop\/"},{"@type":"ListItem","position":3,"name":"Bilobella braunerae &#8222;R\u00f6tlicher Springschwanz&#8220;"}]},{"@type":"WebSite","@id":"https:\/\/insektenliebe.com\/de\/#website","url":"https:\/\/insektenliebe.com\/de\/","name":"Insektenliebe","description":"Dein Zuhause f\u00fcr die kleinen Lebewesen","publisher":{"@id":"https:\/\/insektenliebe.com\/de\/#organization"},"potentialAction":[{"@type":"SearchAction","target":{"@type":"EntryPoint","urlTemplate":"https:\/\/insektenliebe.com\/de\/?s={search_term_string}"},"query-input":{"@type":"PropertyValueSpecification","valueRequired":true,"valueName":"search_term_string"}}],"inLanguage":"de"},{"@type":"Organization","@id":"https:\/\/insektenliebe.com\/de\/#organization","name":"Insektenliebe","url":"https:\/\/insektenliebe.com\/de\/","logo":{"@type":"ImageObject","inLanguage":"de","@id":"https:\/\/insektenliebe.com\/de\/#\/schema\/logo\/image\/","url":"https:\/\/insektenliebe.com\/wp-content\/uploads\/2025\/03\/logo-white.png","contentUrl":"https:\/\/insektenliebe.com\/wp-content\/uploads\/2025\/03\/logo-white.png","width":288,"height":188,"caption":"Insektenliebe"},"image":{"@id":"https:\/\/insektenliebe.com\/de\/#\/schema\/logo\/image\/"}}]},"product_price_amount":"3.00","product_price_currency":"EUR","og_availability":"out of stock","product_availability":"out of stock","product_retailer_item_id":"333","product_condition":"new"},"_links":{"self":[{"href":"https:\/\/insektenliebe.com\/de\/wp-json\/wp\/v2\/product\/5158","targetHints":{"allow":["GET"]}}],"collection":[{"href":"https:\/\/insektenliebe.com\/de\/wp-json\/wp\/v2\/product"}],"about":[{"href":"https:\/\/insektenliebe.com\/de\/wp-json\/wp\/v2\/types\/product"}],"wp:featuredmedia":[{"embeddable":true,"href":"https:\/\/insektenliebe.com\/de\/wp-json\/wp\/v2\/media\/5188"}],"wp:attachment":[{"href":"https:\/\/insektenliebe.com\/de\/wp-json\/wp\/v2\/media?parent=5158"}],"wp:term":[{"taxonomy":"product-supplier","embeddable":true,"href":"https:\/\/insektenliebe.com\/de\/wp-json\/wp\/v2\/product-supplier?post=5158"},{"taxonomy":"product_brand","embeddable":true,"href":"https:\/\/insektenliebe.com\/de\/wp-json\/wp\/v2\/product_brand?post=5158"},{"taxonomy":"product_cat","embeddable":true,"href":"https:\/\/insektenliebe.com\/de\/wp-json\/wp\/v2\/product_cat?post=5158"},{"taxonomy":"product_tag","embeddable":true,"href":"https:\/\/insektenliebe.com\/de\/wp-json\/wp\/v2\/product_tag?post=5158"},{"taxonomy":"lce-checkout-addons","embeddable":true,"href":"https:\/\/insektenliebe.com\/de\/wp-json\/wp\/v2\/lce-checkout-addons?post=5158"}],"curies":[{"name":"wp","href":"https:\/\/api.w.org\/{rel}","templated":true}]}}