{"id":5128,"date":"2021-08-13T11:38:00","date_gmt":"2021-08-13T09:38:00","guid":{"rendered":"http:\/\/localhost\/ins-test\/?post_type=product&#038;p=5128"},"modified":"2026-04-06T07:51:49","modified_gmt":"2026-04-06T05:51:49","slug":"hobby-torfplatten","status":"publish","type":"product","link":"https:\/\/insektenliebe.com\/de\/shop\/produkt\/hobby-torfplatten\/","title":{"rendered":"Hobby Torfplatten"},"content":{"rendered":"<h3><span class=\"s1\" style=\"color: #99cc33;\">Perfekt als R\u00fcckwand oder Bodengrund<\/span><\/h3>\n<p class=\"p1\"><span class=\"s1\">Die <\/span><strong><span class=\"s2\">Hobby Torfplatten<\/span><\/strong><span class=\"s1\"> sind eine nat\u00fcrliche und vielseitige L\u00f6sung zur Feuchtigkeitsregulierung im Terrarium. Sie speichern Wasser zuverl\u00e4ssig und geben es langsam an die Umgebung ab. Dadurch entsteht ein gleichm\u00e4\u00dfiges und stabiles Mikroklima, das besonders in Regenwald-Terrarien von Vorteil ist.<\/span><\/p>\n<p class=\"p1\"><span class=\"s1\">Durch ihre hohe Speicherf\u00e4higkeit erh\u00f6hen die Torfplatten die Luftfeuchtigkeit nachhaltig. Gleichzeitig verhindern sie starke Schwankungen, da sie Feuchtigkeit nicht schlagartig abgeben. Gerade tropische Pflanzen wie Moose, Farne oder Bromelien profitieren von dieser konstanten Feuchte. Sie wachsen auf den Platten besonders gut und entwickeln kr\u00e4ftige Wurzeln.<\/span><\/p>\n<p class=\"p1\"><span class=\"s1\">Du kannst die <strong>Hobby Torfplatten<\/strong> flexibel einsetzen. Sie eignen sich sowohl als Bodengrund als auch als dekorative R\u00fcckwand. Als R\u00fcckwand bieten sie eine nat\u00fcrliche Oberfl\u00e4che, auf der Moose und Aufsitzerpflanzen hervorragend haften. Als Bodenelement integrierst du sie direkt ins Substrat und nutzt ihre feuchtigkeitsregulierenden Eigenschaften optimal.<\/span><\/p>\n<p class=\"p1\"><span class=\"s1\">Ein weiterer Vorteil liegt in der leichten Ans\u00e4uerung des Substrats. Die Torfplatten verleihen dem Boden einen nat\u00fcrlichen, leicht sauren pH-Wert. Viele tropische Arten bevorzugen genau dieses Milieu, da es ihrem nat\u00fcrlichen Lebensraum entspricht.<\/span><\/p>\n<p class=\"p1\"><span class=\"s1\">Da es sich um ein reines Naturprodukt handelt, besitzt jede Platte eine individuelle Struktur. Dadurch wirkt dein Terrarium besonders authentisch und naturnah. Gleichzeitig bleibt das Material frei von k\u00fcnstlichen Zus\u00e4tzen.<\/span><\/p>\n<p class=\"p1\"><span class=\"s1\">Die <strong>Hobby Torfplatten<\/strong> werden im praktischen Dreierpack geliefert. So kannst du gr\u00f6\u00dfere Fl\u00e4chen gestalten oder mehrere Bereiche im Terrarium ausstatten.<\/span><\/p>\n<p class=\"p1\"><span class=\"s1\">Mit den <\/span><strong><span class=\"s2\">Hobby Torfplatten<\/span><\/strong><span class=\"s1\"> kombinierst du nat\u00fcrliche Optik mit funktionaler Feuchtigkeitsregulierung \u2013 ideal f\u00fcr Regenwald-Terrarien und anspruchsvolle Pflanzen-Setups.<\/span><\/p>\n","protected":false},"excerpt":{"rendered":"<p>Perfekt als R\u00fcckwand oder Bodengrund Die Hobby Torfplatten sind eine nat\u00fcrliche und vielseitige L\u00f6sung zur Feuchtigkeitsregulierung im Terrarium. Sie speichern Wasser zuverl\u00e4ssig und geben es langsam an die Umgebung ab. Dadurch entsteht ein gleichm\u00e4\u00dfiges und stabiles Mikroklima, das besonders in Regenwald-Terrarien von Vorteil ist. Durch ihre hohe Speicherf\u00e4higkeit erh\u00f6hen die Torfplatten die Luftfeuchtigkeit nachhaltig. Gleichzeitig [&hellip;]<\/p>\n","protected":false},"featured_media":5155,"template":"","meta":{"_acf_changed":false},"product-supplier":[2555],"product_brand":[92],"product_cat":[253,127],"product_tag":[],"lce-checkout-addons":[],"class_list":{"0":"post-5128","1":"product","2":"type-product","3":"status-publish","4":"has-post-thumbnail","6":"product_brand-hobby-terraristik","7":"product_cat-einrichtung-dekoration","8":"product_cat-substrate-moose","9":"product_shipping_class-equipment-shipping","11":"first","12":"instock","13":"sale","14":"taxable","15":"shipping-taxable","16":"purchasable","17":"product-type-simple"},"acf":[],"yoast_head":"<!-- This site is optimized with the Yoast SEO Premium plugin v26.8 (Yoast SEO v27.3) - https:\/\/yoast.com\/product\/yoast-seo-premium-wordpress\/ -->\n<title>Hobby Torfplatten - Insektenliebe<\/title>\n<meta name=\"description\" content=\"G\u00fcnstige Hobby Torfplatten direkt online kaufen. Sekundengenaue Zeitschaltuhr mit bis zu neun Programmierungen t\u00e4glich!\" \/>\n<meta name=\"robots\" content=\"index, follow, max-snippet:-1, max-image-preview:large, max-video-preview:-1\" \/>\n<link rel=\"canonical\" href=\"https:\/\/insektenliebe.com\/de\/shop\/produkt\/hobby-torfplatten\/\" \/>\n<meta property=\"og:locale\" content=\"de_DE\" \/>\n<meta property=\"og:type\" content=\"article\" \/>\n<meta property=\"og:title\" content=\"Hobby Torfplatten\" \/>\n<meta property=\"og:description\" content=\"G\u00fcnstige Hobby Torfplatten direkt online kaufen. Sekundengenaue Zeitschaltuhr mit bis zu neun Programmierungen t\u00e4glich!\" \/>\n<meta property=\"og:url\" content=\"https:\/\/insektenliebe.com\/de\/shop\/produkt\/hobby-torfplatten\/\" \/>\n<meta property=\"og:site_name\" content=\"Insektenliebe\" \/>\n<meta property=\"article:modified_time\" content=\"2026-04-06T05:51:49+00:00\" \/>\n<meta property=\"og:image\" content=\"https:\/\/insektenliebe.com\/wp-content\/uploads\/2025\/05\/Hobby-Torfplatten-2.jpg\" \/>\n\t<meta property=\"og:image:width\" content=\"820\" \/>\n\t<meta property=\"og:image:height\" content=\"820\" \/>\n\t<meta property=\"og:image:type\" content=\"image\/jpeg\" \/>\n<meta name=\"twitter:card\" content=\"summary_large_image\" \/>\n<meta name=\"twitter:label1\" content=\"Preis\" \/>\n\t<meta name=\"twitter:data1\" content=\"5,99&nbsp;&euro; inkl. MwSt. zzgl. Versand\" \/>\n\t<meta name=\"twitter:label2\" content=\"Verf\u00fcgbarkeit\" \/>\n\t<meta name=\"twitter:data2\" content=\"Auf Lager\" \/>\n<script type=\"application\/ld+json\" class=\"yoast-schema-graph\">{\"@context\":\"https:\\\/\\\/schema.org\",\"@graph\":[{\"@type\":\"WebPage\",\"@id\":\"https:\\\/\\\/insektenliebe.com\\\/de\\\/shop\\\/produkt\\\/hobby-torfplatten\\\/\",\"url\":\"https:\\\/\\\/insektenliebe.com\\\/de\\\/shop\\\/produkt\\\/hobby-torfplatten\\\/\",\"name\":\"Hobby Torfplatten - Insektenliebe\",\"isPartOf\":{\"@id\":\"https:\\\/\\\/insektenliebe.com\\\/de\\\/#website\"},\"primaryImageOfPage\":{\"@id\":\"https:\\\/\\\/insektenliebe.com\\\/de\\\/shop\\\/produkt\\\/hobby-torfplatten\\\/#primaryimage\"},\"image\":{\"@id\":\"https:\\\/\\\/insektenliebe.com\\\/de\\\/shop\\\/produkt\\\/hobby-torfplatten\\\/#primaryimage\"},\"thumbnailUrl\":\"https:\\\/\\\/insektenliebe.com\\\/wp-content\\\/uploads\\\/2025\\\/05\\\/Hobby-Torfplatten-2.jpg\",\"datePublished\":\"2021-08-13T09:38:00+00:00\",\"dateModified\":\"2026-04-06T05:51:49+00:00\",\"description\":\"G\u00fcnstige Hobby Torfplatten direkt online kaufen. Sekundengenaue Zeitschaltuhr mit bis zu neun Programmierungen t\u00e4glich!\",\"breadcrumb\":{\"@id\":\"https:\\\/\\\/insektenliebe.com\\\/de\\\/shop\\\/produkt\\\/hobby-torfplatten\\\/#breadcrumb\"},\"inLanguage\":\"de\",\"potentialAction\":[{\"@type\":\"ReadAction\",\"target\":[\"https:\\\/\\\/insektenliebe.com\\\/de\\\/shop\\\/produkt\\\/hobby-torfplatten\\\/\"]}]},{\"@type\":\"ImageObject\",\"inLanguage\":\"de\",\"@id\":\"https:\\\/\\\/insektenliebe.com\\\/de\\\/shop\\\/produkt\\\/hobby-torfplatten\\\/#primaryimage\",\"url\":\"https:\\\/\\\/insektenliebe.com\\\/wp-content\\\/uploads\\\/2025\\\/05\\\/Hobby-Torfplatten-2.jpg\",\"contentUrl\":\"https:\\\/\\\/insektenliebe.com\\\/wp-content\\\/uploads\\\/2025\\\/05\\\/Hobby-Torfplatten-2.jpg\",\"width\":820,\"height\":820,\"caption\":\"Hobby-Torfplatten-2.jpg\"},{\"@type\":\"BreadcrumbList\",\"@id\":\"https:\\\/\\\/insektenliebe.com\\\/de\\\/shop\\\/produkt\\\/hobby-torfplatten\\\/#breadcrumb\",\"itemListElement\":[{\"@type\":\"ListItem\",\"position\":1,\"name\":\"Startseite\",\"item\":\"https:\\\/\\\/insektenliebe.com\\\/de\\\/\"},{\"@type\":\"ListItem\",\"position\":2,\"name\":\"Shop\",\"item\":\"https:\\\/\\\/insektenliebe.com\\\/de\\\/shop\\\/\"},{\"@type\":\"ListItem\",\"position\":3,\"name\":\"Hobby Torfplatten\"}]},{\"@type\":\"WebSite\",\"@id\":\"https:\\\/\\\/insektenliebe.com\\\/de\\\/#website\",\"url\":\"https:\\\/\\\/insektenliebe.com\\\/de\\\/\",\"name\":\"Insektenliebe\",\"description\":\"Dein Zuhause f\u00fcr die kleinen Lebewesen\",\"publisher\":{\"@id\":\"https:\\\/\\\/insektenliebe.com\\\/de\\\/#organization\"},\"potentialAction\":[{\"@type\":\"SearchAction\",\"target\":{\"@type\":\"EntryPoint\",\"urlTemplate\":\"https:\\\/\\\/insektenliebe.com\\\/de\\\/?s={search_term_string}\"},\"query-input\":{\"@type\":\"PropertyValueSpecification\",\"valueRequired\":true,\"valueName\":\"search_term_string\"}}],\"inLanguage\":\"de\"},{\"@type\":\"Organization\",\"@id\":\"https:\\\/\\\/insektenliebe.com\\\/de\\\/#organization\",\"name\":\"Insektenliebe\",\"url\":\"https:\\\/\\\/insektenliebe.com\\\/de\\\/\",\"logo\":{\"@type\":\"ImageObject\",\"inLanguage\":\"de\",\"@id\":\"https:\\\/\\\/insektenliebe.com\\\/de\\\/#\\\/schema\\\/logo\\\/image\\\/\",\"url\":\"https:\\\/\\\/insektenliebe.com\\\/wp-content\\\/uploads\\\/2025\\\/03\\\/logo-white.png\",\"contentUrl\":\"https:\\\/\\\/insektenliebe.com\\\/wp-content\\\/uploads\\\/2025\\\/03\\\/logo-white.png\",\"width\":288,\"height\":188,\"caption\":\"Insektenliebe\"},\"image\":{\"@id\":\"https:\\\/\\\/insektenliebe.com\\\/de\\\/#\\\/schema\\\/logo\\\/image\\\/\"}}]}<\/script>\n<meta property=\"product:price:amount\" content=\"5.99\" \/>\n<meta property=\"product:price:currency\" content=\"EUR\" \/>\n<meta property=\"og:availability\" content=\"instock\" \/>\n<meta property=\"product:availability\" content=\"instock\" \/>\n<meta property=\"product:retailer_item_id\" content=\"40900\" \/>\n<meta property=\"product:condition\" content=\"new\" \/>\n<!-- \/ Yoast SEO Premium plugin. -->","yoast_head_json":{"title":"Hobby Torfplatten - Insektenliebe","description":"G\u00fcnstige Hobby Torfplatten direkt online kaufen. Sekundengenaue Zeitschaltuhr mit bis zu neun Programmierungen t\u00e4glich!","robots":{"index":"index","follow":"follow","max-snippet":"max-snippet:-1","max-image-preview":"max-image-preview:large","max-video-preview":"max-video-preview:-1"},"canonical":"https:\/\/insektenliebe.com\/de\/shop\/produkt\/hobby-torfplatten\/","og_locale":"de_DE","og_type":"article","og_title":"Hobby Torfplatten","og_description":"G\u00fcnstige Hobby Torfplatten direkt online kaufen. Sekundengenaue Zeitschaltuhr mit bis zu neun Programmierungen t\u00e4glich!","og_url":"https:\/\/insektenliebe.com\/de\/shop\/produkt\/hobby-torfplatten\/","og_site_name":"Insektenliebe","article_modified_time":"2026-04-06T05:51:49+00:00","og_image":[{"width":820,"height":820,"url":"https:\/\/insektenliebe.com\/wp-content\/uploads\/2025\/05\/Hobby-Torfplatten-2.jpg","type":"image\/jpeg"}],"twitter_card":"summary_large_image","twitter_misc":{"Preis":"5,99&nbsp;&euro; inkl. MwSt. zzgl. Versand","Verf\u00fcgbarkeit":"Auf Lager"},"schema":{"@context":"https:\/\/schema.org","@graph":[{"@type":"WebPage","@id":"https:\/\/insektenliebe.com\/de\/shop\/produkt\/hobby-torfplatten\/","url":"https:\/\/insektenliebe.com\/de\/shop\/produkt\/hobby-torfplatten\/","name":"Hobby Torfplatten - Insektenliebe","isPartOf":{"@id":"https:\/\/insektenliebe.com\/de\/#website"},"primaryImageOfPage":{"@id":"https:\/\/insektenliebe.com\/de\/shop\/produkt\/hobby-torfplatten\/#primaryimage"},"image":{"@id":"https:\/\/insektenliebe.com\/de\/shop\/produkt\/hobby-torfplatten\/#primaryimage"},"thumbnailUrl":"https:\/\/insektenliebe.com\/wp-content\/uploads\/2025\/05\/Hobby-Torfplatten-2.jpg","datePublished":"2021-08-13T09:38:00+00:00","dateModified":"2026-04-06T05:51:49+00:00","description":"G\u00fcnstige Hobby Torfplatten direkt online kaufen. Sekundengenaue Zeitschaltuhr mit bis zu neun Programmierungen t\u00e4glich!","breadcrumb":{"@id":"https:\/\/insektenliebe.com\/de\/shop\/produkt\/hobby-torfplatten\/#breadcrumb"},"inLanguage":"de","potentialAction":[{"@type":"ReadAction","target":["https:\/\/insektenliebe.com\/de\/shop\/produkt\/hobby-torfplatten\/"]}]},{"@type":"ImageObject","inLanguage":"de","@id":"https:\/\/insektenliebe.com\/de\/shop\/produkt\/hobby-torfplatten\/#primaryimage","url":"https:\/\/insektenliebe.com\/wp-content\/uploads\/2025\/05\/Hobby-Torfplatten-2.jpg","contentUrl":"https:\/\/insektenliebe.com\/wp-content\/uploads\/2025\/05\/Hobby-Torfplatten-2.jpg","width":820,"height":820,"caption":"Hobby-Torfplatten-2.jpg"},{"@type":"BreadcrumbList","@id":"https:\/\/insektenliebe.com\/de\/shop\/produkt\/hobby-torfplatten\/#breadcrumb","itemListElement":[{"@type":"ListItem","position":1,"name":"Startseite","item":"https:\/\/insektenliebe.com\/de\/"},{"@type":"ListItem","position":2,"name":"Shop","item":"https:\/\/insektenliebe.com\/de\/shop\/"},{"@type":"ListItem","position":3,"name":"Hobby Torfplatten"}]},{"@type":"WebSite","@id":"https:\/\/insektenliebe.com\/de\/#website","url":"https:\/\/insektenliebe.com\/de\/","name":"Insektenliebe","description":"Dein Zuhause f\u00fcr die kleinen Lebewesen","publisher":{"@id":"https:\/\/insektenliebe.com\/de\/#organization"},"potentialAction":[{"@type":"SearchAction","target":{"@type":"EntryPoint","urlTemplate":"https:\/\/insektenliebe.com\/de\/?s={search_term_string}"},"query-input":{"@type":"PropertyValueSpecification","valueRequired":true,"valueName":"search_term_string"}}],"inLanguage":"de"},{"@type":"Organization","@id":"https:\/\/insektenliebe.com\/de\/#organization","name":"Insektenliebe","url":"https:\/\/insektenliebe.com\/de\/","logo":{"@type":"ImageObject","inLanguage":"de","@id":"https:\/\/insektenliebe.com\/de\/#\/schema\/logo\/image\/","url":"https:\/\/insektenliebe.com\/wp-content\/uploads\/2025\/03\/logo-white.png","contentUrl":"https:\/\/insektenliebe.com\/wp-content\/uploads\/2025\/03\/logo-white.png","width":288,"height":188,"caption":"Insektenliebe"},"image":{"@id":"https:\/\/insektenliebe.com\/de\/#\/schema\/logo\/image\/"}}]},"product_price_amount":"5.99","product_price_currency":"EUR","og_availability":"instock","product_availability":"instock","product_retailer_item_id":"40900","product_condition":"new"},"_links":{"self":[{"href":"https:\/\/insektenliebe.com\/de\/wp-json\/wp\/v2\/product\/5128","targetHints":{"allow":["GET"]}}],"collection":[{"href":"https:\/\/insektenliebe.com\/de\/wp-json\/wp\/v2\/product"}],"about":[{"href":"https:\/\/insektenliebe.com\/de\/wp-json\/wp\/v2\/types\/product"}],"wp:featuredmedia":[{"embeddable":true,"href":"https:\/\/insektenliebe.com\/de\/wp-json\/wp\/v2\/media\/5155"}],"wp:attachment":[{"href":"https:\/\/insektenliebe.com\/de\/wp-json\/wp\/v2\/media?parent=5128"}],"wp:term":[{"taxonomy":"product-supplier","embeddable":true,"href":"https:\/\/insektenliebe.com\/de\/wp-json\/wp\/v2\/product-supplier?post=5128"},{"taxonomy":"product_brand","embeddable":true,"href":"https:\/\/insektenliebe.com\/de\/wp-json\/wp\/v2\/product_brand?post=5128"},{"taxonomy":"product_cat","embeddable":true,"href":"https:\/\/insektenliebe.com\/de\/wp-json\/wp\/v2\/product_cat?post=5128"},{"taxonomy":"product_tag","embeddable":true,"href":"https:\/\/insektenliebe.com\/de\/wp-json\/wp\/v2\/product_tag?post=5128"},{"taxonomy":"lce-checkout-addons","embeddable":true,"href":"https:\/\/insektenliebe.com\/de\/wp-json\/wp\/v2\/lce-checkout-addons?post=5128"}],"curies":[{"name":"wp","href":"https:\/\/api.w.org\/{rel}","templated":true}]}}