{"id":5122,"date":"2021-06-02T13:51:49","date_gmt":"2021-06-02T11:51:49","guid":{"rendered":"http:\/\/localhost\/ins-test\/?post_type=product&#038;p=5122"},"modified":"2026-02-07T21:52:41","modified_gmt":"2026-02-07T20:52:41","slug":"pachyiulus-krivolutskyi","status":"publish","type":"product","link":"https:\/\/insektenliebe.com\/de\/shop\/produkt\/pachyiulus-krivolutskyi\/","title":{"rendered":"Pachyiulus krivolutskyi"},"content":{"rendered":"<h3><span style=\"color: #99cc33\">Kurzbeschreibung:<\/span><\/h3>\n<p class=\"font_8\">Pachyiulus krivolutskyi geh\u00f6rt mit seinen 7 mm Durchmesser zu den schlanken Tausendf\u00fc\u00dfer-Arten. Mit seiner Endgr\u00f6\u00dfe von bis zu 9 cm geh\u00f6rt er zu den gr\u00f6\u00dften und vielleicht auch malerischsten Tausendf\u00fc\u00dfer-Art aus dem Kaukasus. Die gelb-elfenbeinfarbige Grundf\u00e4rbung der Tiere ist eindrucksvoll und auff\u00e4llig im Terrarium. Sie besitzen eine sehr d\u00fcnne schwarze Achsenlinie und ein schwarz gezeichnetes Muster an beiden Seiten. Die Beine sind gelb-elfenbeinfarbig und die Antennen sind kurz und schwarz.<\/p>\n<p>Aufgrund der relativ geringen Adultgr\u00f6\u00dfe eignet sich ein Terrarium mit der Gr\u00f6\u00dfe ab 30 x 30 x 30 cm. Es sollte jedoch darauf geachtet werden, dass genug Platz f\u00fcr ein ausreichend hoch eingef\u00fclltes Substrat zur Verf\u00fcgung steht. Die Substrath\u00f6he sollte bei dieser Art nicht unter 9 cm betragen! Das Substrat dient den Tieren als Lebensraum und Futter zugleich und wird auch zur H\u00e4utung aufgesucht.<\/p>\n<p>Tagestemperaturen von 17-25 \u00b0C haben sich bei der Haltung dieser Art bew\u00e4hrt. Eine Diapause ist nicht unbedingt notwendig, kann aber zur Paarungsbereitschaft beitragen. Der Bodengrund sollte stets halb feucht gehalten werden. Eine Luftfeuchtigkeit von 70 bis 85 % kommt am ehesten den Bedingungen ihres nat\u00fcrlichen Lebensraumes nach. Das Substrat kann man zus\u00e4tzlich mit Laub, Rindenst\u00fccken oder Moos abdecken. Das hilft dabei, es vor dem Austrocknen zu sch\u00fctzen.<\/p>\n<p>Pachyiulus krivolutskyi findet man in Russland immer in W\u00e4ldern. Dort kommen sie gerne bei Regen aus dem Boden und erkunden ihre Umgebung. Diese Art unterscheidet sich von anderen Tausendf\u00fc\u00dfer-Arten unter anderem durch ihren Geruch. Am besten l\u00e4sst sich dieser durch ein auffallend absto\u00dfenden Knoblauch-Gestank beschreiben. Daher ist diese Art nicht f\u00fcr das Wohnzimmer geeignet, sondern eher f\u00fcr einen Hobbyraum. Auch von einer Vergesellschaftung mit anderen Tausendf\u00fc\u00dfer-Arten oder Assel-Arten ist abzuraten.<\/p>\n","protected":false},"excerpt":{"rendered":"<p>Wundersch\u00f6ne Art, aber nichts f\u00fcr feine Nasen!<\/p>\n","protected":false},"featured_media":5149,"template":"","meta":{"_acf_changed":false},"product-supplier":[],"product_brand":[],"product_cat":[144],"product_tag":[],"lce-checkout-addons":[1202],"class_list":{"0":"post-5122","1":"product","2":"type-product","3":"status-publish","4":"has-post-thumbnail","6":"product_cat-tausendfuesser","7":"product_shipping_class-animal-shipping","8":"pa_herkunft-russland","9":"pa_kontinent-europa","10":"lce-checkout-addons-winterverpackung","12":"first","13":"outofstock","14":"taxable","15":"shipping-taxable","16":"product-type-simple"},"acf":[],"yoast_head":"<!-- This site is optimized with the Yoast SEO plugin v27.3 - https:\/\/yoast.com\/product\/yoast-seo-wordpress\/ -->\n<title>Pachyiulus krivolutskyi - Insektenliebe<\/title>\n<meta name=\"description\" content=\"Wundersch\u00f6ne Pachyiulus krivolutskyi online kaufen. Wir bieten Nachzuchten dieser tollen Tausendf\u00fcsser-Art an. Direkt beim Z\u00fcchter kaufen.\" \/>\n<meta name=\"robots\" content=\"index, follow, max-snippet:-1, max-image-preview:large, max-video-preview:-1\" \/>\n<link rel=\"canonical\" href=\"https:\/\/insektenliebe.com\/de\/shop\/produkt\/pachyiulus-krivolutskyi\/\" \/>\n<meta property=\"og:locale\" content=\"de_DE\" \/>\n<meta property=\"og:type\" content=\"article\" \/>\n<meta property=\"og:title\" content=\"Pachyiulus krivolutskyi - Insektenliebe\" \/>\n<meta property=\"og:description\" content=\"Wundersch\u00f6ne Pachyiulus krivolutskyi online kaufen. Wir bieten Nachzuchten dieser tollen Tausendf\u00fcsser-Art an. Direkt beim Z\u00fcchter kaufen.\" \/>\n<meta property=\"og:url\" content=\"https:\/\/insektenliebe.com\/de\/shop\/produkt\/pachyiulus-krivolutskyi\/\" \/>\n<meta property=\"og:site_name\" content=\"Insektenliebe\" \/>\n<meta property=\"article:modified_time\" content=\"2026-02-07T20:52:41+00:00\" \/>\n<meta property=\"og:image\" content=\"https:\/\/insektenliebe.com\/wp-content\/uploads\/2025\/05\/Pachyiulus-krivolutskyi-2.jpg\" \/>\n\t<meta property=\"og:image:width\" content=\"820\" \/>\n\t<meta property=\"og:image:height\" content=\"820\" \/>\n\t<meta property=\"og:image:type\" content=\"image\/jpeg\" \/>\n<meta name=\"twitter:card\" content=\"summary_large_image\" \/>\n<meta name=\"twitter:label1\" content=\"Gesch\u00e4tzte Lesezeit\" \/>\n\t<meta name=\"twitter:data1\" content=\"2\u00a0Minuten\" \/>\n<script type=\"application\/ld+json\" class=\"yoast-schema-graph\">{\"@context\":\"https:\\\/\\\/schema.org\",\"@graph\":[{\"@type\":\"WebPage\",\"@id\":\"https:\\\/\\\/insektenliebe.com\\\/de\\\/shop\\\/produkt\\\/pachyiulus-krivolutskyi\\\/\",\"url\":\"https:\\\/\\\/insektenliebe.com\\\/de\\\/shop\\\/produkt\\\/pachyiulus-krivolutskyi\\\/\",\"name\":\"Pachyiulus krivolutskyi - Insektenliebe\",\"isPartOf\":{\"@id\":\"https:\\\/\\\/insektenliebe.com\\\/de\\\/#website\"},\"primaryImageOfPage\":{\"@id\":\"https:\\\/\\\/insektenliebe.com\\\/de\\\/shop\\\/produkt\\\/pachyiulus-krivolutskyi\\\/#primaryimage\"},\"image\":{\"@id\":\"https:\\\/\\\/insektenliebe.com\\\/de\\\/shop\\\/produkt\\\/pachyiulus-krivolutskyi\\\/#primaryimage\"},\"thumbnailUrl\":\"https:\\\/\\\/insektenliebe.com\\\/wp-content\\\/uploads\\\/2025\\\/05\\\/Pachyiulus-krivolutskyi-2.jpg\",\"datePublished\":\"2021-06-02T11:51:49+00:00\",\"dateModified\":\"2026-02-07T20:52:41+00:00\",\"description\":\"Wundersch\u00f6ne Pachyiulus krivolutskyi online kaufen. Wir bieten Nachzuchten dieser tollen Tausendf\u00fcsser-Art an. Direkt beim Z\u00fcchter kaufen.\",\"breadcrumb\":{\"@id\":\"https:\\\/\\\/insektenliebe.com\\\/de\\\/shop\\\/produkt\\\/pachyiulus-krivolutskyi\\\/#breadcrumb\"},\"inLanguage\":\"de\",\"potentialAction\":[{\"@type\":\"ReadAction\",\"target\":[\"https:\\\/\\\/insektenliebe.com\\\/de\\\/shop\\\/produkt\\\/pachyiulus-krivolutskyi\\\/\"]}]},{\"@type\":\"ImageObject\",\"inLanguage\":\"de\",\"@id\":\"https:\\\/\\\/insektenliebe.com\\\/de\\\/shop\\\/produkt\\\/pachyiulus-krivolutskyi\\\/#primaryimage\",\"url\":\"https:\\\/\\\/insektenliebe.com\\\/wp-content\\\/uploads\\\/2025\\\/05\\\/Pachyiulus-krivolutskyi-2.jpg\",\"contentUrl\":\"https:\\\/\\\/insektenliebe.com\\\/wp-content\\\/uploads\\\/2025\\\/05\\\/Pachyiulus-krivolutskyi-2.jpg\",\"width\":820,\"height\":820,\"caption\":\"Pachyiulus-krivolutskyi-2.jpg\"},{\"@type\":\"BreadcrumbList\",\"@id\":\"https:\\\/\\\/insektenliebe.com\\\/de\\\/shop\\\/produkt\\\/pachyiulus-krivolutskyi\\\/#breadcrumb\",\"itemListElement\":[{\"@type\":\"ListItem\",\"position\":1,\"name\":\"Startseite\",\"item\":\"https:\\\/\\\/insektenliebe.com\\\/de\\\/\"},{\"@type\":\"ListItem\",\"position\":2,\"name\":\"Shop\",\"item\":\"https:\\\/\\\/insektenliebe.com\\\/de\\\/shop\\\/\"},{\"@type\":\"ListItem\",\"position\":3,\"name\":\"Pachyiulus krivolutskyi\"}]},{\"@type\":\"WebSite\",\"@id\":\"https:\\\/\\\/insektenliebe.com\\\/de\\\/#website\",\"url\":\"https:\\\/\\\/insektenliebe.com\\\/de\\\/\",\"name\":\"Insektenliebe\",\"description\":\"Dein Zuhause f\u00fcr die kleinen Lebewesen\",\"publisher\":{\"@id\":\"https:\\\/\\\/insektenliebe.com\\\/de\\\/#organization\"},\"potentialAction\":[{\"@type\":\"SearchAction\",\"target\":{\"@type\":\"EntryPoint\",\"urlTemplate\":\"https:\\\/\\\/insektenliebe.com\\\/de\\\/?s={search_term_string}\"},\"query-input\":{\"@type\":\"PropertyValueSpecification\",\"valueRequired\":true,\"valueName\":\"search_term_string\"}}],\"inLanguage\":\"de\"},{\"@type\":\"Organization\",\"@id\":\"https:\\\/\\\/insektenliebe.com\\\/de\\\/#organization\",\"name\":\"Insektenliebe\",\"url\":\"https:\\\/\\\/insektenliebe.com\\\/de\\\/\",\"logo\":{\"@type\":\"ImageObject\",\"inLanguage\":\"de\",\"@id\":\"https:\\\/\\\/insektenliebe.com\\\/de\\\/#\\\/schema\\\/logo\\\/image\\\/\",\"url\":\"https:\\\/\\\/insektenliebe.com\\\/wp-content\\\/uploads\\\/2025\\\/03\\\/logo-white.png\",\"contentUrl\":\"https:\\\/\\\/insektenliebe.com\\\/wp-content\\\/uploads\\\/2025\\\/03\\\/logo-white.png\",\"width\":288,\"height\":188,\"caption\":\"Insektenliebe\"},\"image\":{\"@id\":\"https:\\\/\\\/insektenliebe.com\\\/de\\\/#\\\/schema\\\/logo\\\/image\\\/\"}}]}<\/script>\n<!-- \/ Yoast SEO plugin. -->","yoast_head_json":{"title":"Pachyiulus krivolutskyi - Insektenliebe","description":"Wundersch\u00f6ne Pachyiulus krivolutskyi online kaufen. Wir bieten Nachzuchten dieser tollen Tausendf\u00fcsser-Art an. Direkt beim Z\u00fcchter kaufen.","robots":{"index":"index","follow":"follow","max-snippet":"max-snippet:-1","max-image-preview":"max-image-preview:large","max-video-preview":"max-video-preview:-1"},"canonical":"https:\/\/insektenliebe.com\/de\/shop\/produkt\/pachyiulus-krivolutskyi\/","og_locale":"de_DE","og_type":"article","og_title":"Pachyiulus krivolutskyi - Insektenliebe","og_description":"Wundersch\u00f6ne Pachyiulus krivolutskyi online kaufen. Wir bieten Nachzuchten dieser tollen Tausendf\u00fcsser-Art an. Direkt beim Z\u00fcchter kaufen.","og_url":"https:\/\/insektenliebe.com\/de\/shop\/produkt\/pachyiulus-krivolutskyi\/","og_site_name":"Insektenliebe","article_modified_time":"2026-02-07T20:52:41+00:00","og_image":[{"width":820,"height":820,"url":"https:\/\/insektenliebe.com\/wp-content\/uploads\/2025\/05\/Pachyiulus-krivolutskyi-2.jpg","type":"image\/jpeg"}],"twitter_card":"summary_large_image","twitter_misc":{"Gesch\u00e4tzte Lesezeit":"2\u00a0Minuten"},"schema":{"@context":"https:\/\/schema.org","@graph":[{"@type":"WebPage","@id":"https:\/\/insektenliebe.com\/de\/shop\/produkt\/pachyiulus-krivolutskyi\/","url":"https:\/\/insektenliebe.com\/de\/shop\/produkt\/pachyiulus-krivolutskyi\/","name":"Pachyiulus krivolutskyi - Insektenliebe","isPartOf":{"@id":"https:\/\/insektenliebe.com\/de\/#website"},"primaryImageOfPage":{"@id":"https:\/\/insektenliebe.com\/de\/shop\/produkt\/pachyiulus-krivolutskyi\/#primaryimage"},"image":{"@id":"https:\/\/insektenliebe.com\/de\/shop\/produkt\/pachyiulus-krivolutskyi\/#primaryimage"},"thumbnailUrl":"https:\/\/insektenliebe.com\/wp-content\/uploads\/2025\/05\/Pachyiulus-krivolutskyi-2.jpg","datePublished":"2021-06-02T11:51:49+00:00","dateModified":"2026-02-07T20:52:41+00:00","description":"Wundersch\u00f6ne Pachyiulus krivolutskyi online kaufen. Wir bieten Nachzuchten dieser tollen Tausendf\u00fcsser-Art an. Direkt beim Z\u00fcchter kaufen.","breadcrumb":{"@id":"https:\/\/insektenliebe.com\/de\/shop\/produkt\/pachyiulus-krivolutskyi\/#breadcrumb"},"inLanguage":"de","potentialAction":[{"@type":"ReadAction","target":["https:\/\/insektenliebe.com\/de\/shop\/produkt\/pachyiulus-krivolutskyi\/"]}]},{"@type":"ImageObject","inLanguage":"de","@id":"https:\/\/insektenliebe.com\/de\/shop\/produkt\/pachyiulus-krivolutskyi\/#primaryimage","url":"https:\/\/insektenliebe.com\/wp-content\/uploads\/2025\/05\/Pachyiulus-krivolutskyi-2.jpg","contentUrl":"https:\/\/insektenliebe.com\/wp-content\/uploads\/2025\/05\/Pachyiulus-krivolutskyi-2.jpg","width":820,"height":820,"caption":"Pachyiulus-krivolutskyi-2.jpg"},{"@type":"BreadcrumbList","@id":"https:\/\/insektenliebe.com\/de\/shop\/produkt\/pachyiulus-krivolutskyi\/#breadcrumb","itemListElement":[{"@type":"ListItem","position":1,"name":"Startseite","item":"https:\/\/insektenliebe.com\/de\/"},{"@type":"ListItem","position":2,"name":"Shop","item":"https:\/\/insektenliebe.com\/de\/shop\/"},{"@type":"ListItem","position":3,"name":"Pachyiulus krivolutskyi"}]},{"@type":"WebSite","@id":"https:\/\/insektenliebe.com\/de\/#website","url":"https:\/\/insektenliebe.com\/de\/","name":"Insektenliebe","description":"Dein Zuhause f\u00fcr die kleinen Lebewesen","publisher":{"@id":"https:\/\/insektenliebe.com\/de\/#organization"},"potentialAction":[{"@type":"SearchAction","target":{"@type":"EntryPoint","urlTemplate":"https:\/\/insektenliebe.com\/de\/?s={search_term_string}"},"query-input":{"@type":"PropertyValueSpecification","valueRequired":true,"valueName":"search_term_string"}}],"inLanguage":"de"},{"@type":"Organization","@id":"https:\/\/insektenliebe.com\/de\/#organization","name":"Insektenliebe","url":"https:\/\/insektenliebe.com\/de\/","logo":{"@type":"ImageObject","inLanguage":"de","@id":"https:\/\/insektenliebe.com\/de\/#\/schema\/logo\/image\/","url":"https:\/\/insektenliebe.com\/wp-content\/uploads\/2025\/03\/logo-white.png","contentUrl":"https:\/\/insektenliebe.com\/wp-content\/uploads\/2025\/03\/logo-white.png","width":288,"height":188,"caption":"Insektenliebe"},"image":{"@id":"https:\/\/insektenliebe.com\/de\/#\/schema\/logo\/image\/"}}]}},"_links":{"self":[{"href":"https:\/\/insektenliebe.com\/de\/wp-json\/wp\/v2\/product\/5122","targetHints":{"allow":["GET"]}}],"collection":[{"href":"https:\/\/insektenliebe.com\/de\/wp-json\/wp\/v2\/product"}],"about":[{"href":"https:\/\/insektenliebe.com\/de\/wp-json\/wp\/v2\/types\/product"}],"wp:featuredmedia":[{"embeddable":true,"href":"https:\/\/insektenliebe.com\/de\/wp-json\/wp\/v2\/media\/5149"}],"wp:attachment":[{"href":"https:\/\/insektenliebe.com\/de\/wp-json\/wp\/v2\/media?parent=5122"}],"wp:term":[{"taxonomy":"product-supplier","embeddable":true,"href":"https:\/\/insektenliebe.com\/de\/wp-json\/wp\/v2\/product-supplier?post=5122"},{"taxonomy":"product_brand","embeddable":true,"href":"https:\/\/insektenliebe.com\/de\/wp-json\/wp\/v2\/product_brand?post=5122"},{"taxonomy":"product_cat","embeddable":true,"href":"https:\/\/insektenliebe.com\/de\/wp-json\/wp\/v2\/product_cat?post=5122"},{"taxonomy":"product_tag","embeddable":true,"href":"https:\/\/insektenliebe.com\/de\/wp-json\/wp\/v2\/product_tag?post=5122"},{"taxonomy":"lce-checkout-addons","embeddable":true,"href":"https:\/\/insektenliebe.com\/de\/wp-json\/wp\/v2\/lce-checkout-addons?post=5122"}],"curies":[{"name":"wp","href":"https:\/\/api.w.org\/{rel}","templated":true}]}}