{"id":5120,"date":"2021-05-20T16:10:00","date_gmt":"2021-05-20T14:10:00","guid":{"rendered":"http:\/\/localhost\/ins-test\/?post_type=product&#038;p=5120"},"modified":"2026-03-08T02:18:44","modified_gmt":"2026-03-08T01:18:44","slug":"futternapf","status":"publish","type":"product","link":"https:\/\/insektenliebe.com\/de\/shop\/produkt\/futternapf\/","title":{"rendered":"Futternapf"},"content":{"rendered":"<p class=\"p1\">Der clever konzipierte <strong>Futternapf<\/strong> besticht durch seine einzigartige Form mit einem 90-Grad-Winkel an einer Seite, wodurch er perfekt in Ecken platziert werden kann. Diese platzsparende Eigenschaft erm\u00f6glicht es dir, den Napf optimal im Terrarium zu positionieren, ohne wertvollen Lebensraum f\u00fcr deine Tiere zu opfern. Er ist ideal f\u00fcr kleinere Terrarien, in denen jeder Zentimeter z\u00e4hlt.<\/p>\n<p class=\"p1\">Der Napf ist speziell so gestaltet, dass kleinere Tiere wie Asseln ohne Probleme hinein- und hinausgelangen k\u00f6nnen, dank einer integrierten Treppe. Diese erm\u00f6glicht einen stressfreien Zugang zum Futter oder Wasser und unterst\u00fctzt das nat\u00fcrliche Verhalten deiner Terrarienbewohner. Der einfache Zugang und die sichere Ausgangsm\u00f6glichkeit sind entscheidend, um das Wohlbefinden der Tiere zu gew\u00e4hrleisten.<\/p>\n<p class=\"p1\">Ein weiterer bedeutender Vorteil dieses Futternapfs ist seine spezielle Beschichtung, die nicht nur die Entwicklung von sch\u00e4dlichen Bakterien verhindert, sondern auch die Reinigung erheblich erleichtert. Ein schnelles Aussp\u00fclen gen\u00fcgt, um den Napf hygienisch sauber zu halten, ideal f\u00fcr die Verwendung als Wasserquelle.<\/p>\n<p><img decoding=\"async\" src=\"https:\/\/insektenliebe.com\/wp-content\/uploads\/2021\/05\/Futternapf-Terrarium.jpg\" alt=\"Futternapf-Terrarium\" \/><\/p>\n<p class=\"p1\">Die robuste Konstruktion und das hochwertige Material des Napfes garantieren Langlebigkeit, selbst unter den anspruchsvollen Bedingungen eines feuchten Terrariums. Die gelbliche Felsnachbildung an der Au\u00dfenseite des Napfes f\u00fcgt sich nahtlos in das nat\u00fcrliche Dekor deines Terrariums ein und tr\u00e4gt zur \u00e4sthetischen Bereicherung bei, indem sie ein St\u00fcck nat\u00fcrliche Umgebung simuliert.<\/p>\n<p class=\"p1\">Mit diesem multifunktionalen Futternapf schaffst du eine optimale Versorgungsstation f\u00fcr Futter und Wasser, die sowohl das Wohlbefinden als auch das visuelle Erlebnis deines Terrariums bereichert. Er ist ideal f\u00fcr alle, die Wert auf Gesundheit, Sicherheit und \u00c4sthetik legen und das Beste f\u00fcr ihre Terrarienbewohner suchen. \u00dcberzeug dich selbst von der Qualit\u00e4t und Funktionalit\u00e4t dieses Futternapfs und schaffe ein noch angenehmeres Zuhause f\u00fcr deine Terrarienbewohner.<\/p>\n<p>Farbabweichungen sind m\u00f6glich.<\/p>\n","protected":false},"excerpt":{"rendered":"<p>Der clever konzipierte Futternapf besticht durch seine einzigartige Form mit einem 90-Grad-Winkel an einer Seite, wodurch er perfekt in Ecken platziert werden kann. Diese platzsparende Eigenschaft erm\u00f6glicht es dir, den Napf optimal im Terrarium zu positionieren, ohne wertvollen Lebensraum f\u00fcr deine Tiere zu opfern. Er ist ideal f\u00fcr kleinere Terrarien, in denen jeder Zentimeter z\u00e4hlt. [&hellip;]<\/p>\n","protected":false},"featured_media":5148,"template":"","meta":{"_acf_changed":false},"product-supplier":[],"product_brand":[],"product_cat":[253],"product_tag":[],"lce-checkout-addons":[],"class_list":{"0":"post-5120","1":"product","2":"type-product","3":"status-publish","4":"has-post-thumbnail","6":"product_cat-einrichtung-dekoration","7":"product_shipping_class-equipment-shipping","9":"first","10":"instock","11":"sale","12":"taxable","13":"shipping-taxable","14":"purchasable","15":"product-type-simple"},"acf":[],"yoast_head":"<!-- This site is optimized with the Yoast SEO plugin v27.3 - https:\/\/yoast.com\/product\/yoast-seo-wordpress\/ -->\n<title>Futternapf - Insektenliebe<\/title>\n<meta name=\"description\" content=\"G\u00fcnstiger Futternapf online kaufen. Damit l\u00e4\u00dft sich jedes Terrarium dekorativ mit einem Futternapf mit Felsoptik ausstatten.\" \/>\n<meta name=\"robots\" content=\"index, follow, max-snippet:-1, max-image-preview:large, max-video-preview:-1\" \/>\n<link rel=\"canonical\" href=\"https:\/\/insektenliebe.com\/de\/shop\/produkt\/futternapf\/\" \/>\n<meta property=\"og:locale\" content=\"de_DE\" \/>\n<meta property=\"og:type\" content=\"article\" \/>\n<meta property=\"og:title\" content=\"Futternapf - Insektenliebe\" \/>\n<meta property=\"og:description\" content=\"G\u00fcnstiger Futternapf online kaufen. Damit l\u00e4\u00dft sich jedes Terrarium dekorativ mit einem Futternapf mit Felsoptik ausstatten.\" \/>\n<meta property=\"og:url\" content=\"https:\/\/insektenliebe.com\/de\/shop\/produkt\/futternapf\/\" \/>\n<meta property=\"og:site_name\" content=\"Insektenliebe\" \/>\n<meta property=\"article:modified_time\" content=\"2026-03-08T01:18:44+00:00\" \/>\n<meta property=\"og:image\" content=\"https:\/\/insektenliebe.com\/wp-content\/uploads\/2025\/05\/Futternapf-1-2.jpg\" \/>\n\t<meta property=\"og:image:width\" content=\"820\" \/>\n\t<meta property=\"og:image:height\" content=\"820\" \/>\n\t<meta property=\"og:image:type\" content=\"image\/jpeg\" \/>\n<meta name=\"twitter:card\" content=\"summary_large_image\" \/>\n<meta name=\"twitter:label1\" content=\"Gesch\u00e4tzte Lesezeit\" \/>\n\t<meta name=\"twitter:data1\" content=\"2\u00a0Minuten\" \/>\n<script type=\"application\/ld+json\" class=\"yoast-schema-graph\">{\"@context\":\"https:\\\/\\\/schema.org\",\"@graph\":[{\"@type\":\"WebPage\",\"@id\":\"https:\\\/\\\/insektenliebe.com\\\/de\\\/shop\\\/produkt\\\/futternapf\\\/\",\"url\":\"https:\\\/\\\/insektenliebe.com\\\/de\\\/shop\\\/produkt\\\/futternapf\\\/\",\"name\":\"Futternapf - Insektenliebe\",\"isPartOf\":{\"@id\":\"https:\\\/\\\/insektenliebe.com\\\/de\\\/#website\"},\"primaryImageOfPage\":{\"@id\":\"https:\\\/\\\/insektenliebe.com\\\/de\\\/shop\\\/produkt\\\/futternapf\\\/#primaryimage\"},\"image\":{\"@id\":\"https:\\\/\\\/insektenliebe.com\\\/de\\\/shop\\\/produkt\\\/futternapf\\\/#primaryimage\"},\"thumbnailUrl\":\"https:\\\/\\\/insektenliebe.com\\\/wp-content\\\/uploads\\\/2025\\\/05\\\/Futternapf-1-2.jpg\",\"datePublished\":\"2021-05-20T14:10:00+00:00\",\"dateModified\":\"2026-03-08T01:18:44+00:00\",\"description\":\"G\u00fcnstiger Futternapf online kaufen. Damit l\u00e4\u00dft sich jedes Terrarium dekorativ mit einem Futternapf mit Felsoptik ausstatten.\",\"breadcrumb\":{\"@id\":\"https:\\\/\\\/insektenliebe.com\\\/de\\\/shop\\\/produkt\\\/futternapf\\\/#breadcrumb\"},\"inLanguage\":\"de\",\"potentialAction\":[{\"@type\":\"ReadAction\",\"target\":[\"https:\\\/\\\/insektenliebe.com\\\/de\\\/shop\\\/produkt\\\/futternapf\\\/\"]}]},{\"@type\":\"ImageObject\",\"inLanguage\":\"de\",\"@id\":\"https:\\\/\\\/insektenliebe.com\\\/de\\\/shop\\\/produkt\\\/futternapf\\\/#primaryimage\",\"url\":\"https:\\\/\\\/insektenliebe.com\\\/wp-content\\\/uploads\\\/2025\\\/05\\\/Futternapf-1-2.jpg\",\"contentUrl\":\"https:\\\/\\\/insektenliebe.com\\\/wp-content\\\/uploads\\\/2025\\\/05\\\/Futternapf-1-2.jpg\",\"width\":820,\"height\":820,\"caption\":\"Futternapf-1-2.jpg\"},{\"@type\":\"BreadcrumbList\",\"@id\":\"https:\\\/\\\/insektenliebe.com\\\/de\\\/shop\\\/produkt\\\/futternapf\\\/#breadcrumb\",\"itemListElement\":[{\"@type\":\"ListItem\",\"position\":1,\"name\":\"Startseite\",\"item\":\"https:\\\/\\\/insektenliebe.com\\\/de\\\/\"},{\"@type\":\"ListItem\",\"position\":2,\"name\":\"Shop\",\"item\":\"https:\\\/\\\/insektenliebe.com\\\/de\\\/shop\\\/\"},{\"@type\":\"ListItem\",\"position\":3,\"name\":\"Futternapf\"}]},{\"@type\":\"WebSite\",\"@id\":\"https:\\\/\\\/insektenliebe.com\\\/de\\\/#website\",\"url\":\"https:\\\/\\\/insektenliebe.com\\\/de\\\/\",\"name\":\"Insektenliebe\",\"description\":\"Dein Zuhause f\u00fcr die kleinen Lebewesen\",\"publisher\":{\"@id\":\"https:\\\/\\\/insektenliebe.com\\\/de\\\/#organization\"},\"potentialAction\":[{\"@type\":\"SearchAction\",\"target\":{\"@type\":\"EntryPoint\",\"urlTemplate\":\"https:\\\/\\\/insektenliebe.com\\\/de\\\/?s={search_term_string}\"},\"query-input\":{\"@type\":\"PropertyValueSpecification\",\"valueRequired\":true,\"valueName\":\"search_term_string\"}}],\"inLanguage\":\"de\"},{\"@type\":\"Organization\",\"@id\":\"https:\\\/\\\/insektenliebe.com\\\/de\\\/#organization\",\"name\":\"Insektenliebe\",\"url\":\"https:\\\/\\\/insektenliebe.com\\\/de\\\/\",\"logo\":{\"@type\":\"ImageObject\",\"inLanguage\":\"de\",\"@id\":\"https:\\\/\\\/insektenliebe.com\\\/de\\\/#\\\/schema\\\/logo\\\/image\\\/\",\"url\":\"https:\\\/\\\/insektenliebe.com\\\/wp-content\\\/uploads\\\/2025\\\/03\\\/logo-white.png\",\"contentUrl\":\"https:\\\/\\\/insektenliebe.com\\\/wp-content\\\/uploads\\\/2025\\\/03\\\/logo-white.png\",\"width\":288,\"height\":188,\"caption\":\"Insektenliebe\"},\"image\":{\"@id\":\"https:\\\/\\\/insektenliebe.com\\\/de\\\/#\\\/schema\\\/logo\\\/image\\\/\"}}]}<\/script>\n<!-- \/ Yoast SEO plugin. -->","yoast_head_json":{"title":"Futternapf - Insektenliebe","description":"G\u00fcnstiger Futternapf online kaufen. Damit l\u00e4\u00dft sich jedes Terrarium dekorativ mit einem Futternapf mit Felsoptik ausstatten.","robots":{"index":"index","follow":"follow","max-snippet":"max-snippet:-1","max-image-preview":"max-image-preview:large","max-video-preview":"max-video-preview:-1"},"canonical":"https:\/\/insektenliebe.com\/de\/shop\/produkt\/futternapf\/","og_locale":"de_DE","og_type":"article","og_title":"Futternapf - Insektenliebe","og_description":"G\u00fcnstiger Futternapf online kaufen. Damit l\u00e4\u00dft sich jedes Terrarium dekorativ mit einem Futternapf mit Felsoptik ausstatten.","og_url":"https:\/\/insektenliebe.com\/de\/shop\/produkt\/futternapf\/","og_site_name":"Insektenliebe","article_modified_time":"2026-03-08T01:18:44+00:00","og_image":[{"width":820,"height":820,"url":"https:\/\/insektenliebe.com\/wp-content\/uploads\/2025\/05\/Futternapf-1-2.jpg","type":"image\/jpeg"}],"twitter_card":"summary_large_image","twitter_misc":{"Gesch\u00e4tzte Lesezeit":"2\u00a0Minuten"},"schema":{"@context":"https:\/\/schema.org","@graph":[{"@type":"WebPage","@id":"https:\/\/insektenliebe.com\/de\/shop\/produkt\/futternapf\/","url":"https:\/\/insektenliebe.com\/de\/shop\/produkt\/futternapf\/","name":"Futternapf - Insektenliebe","isPartOf":{"@id":"https:\/\/insektenliebe.com\/de\/#website"},"primaryImageOfPage":{"@id":"https:\/\/insektenliebe.com\/de\/shop\/produkt\/futternapf\/#primaryimage"},"image":{"@id":"https:\/\/insektenliebe.com\/de\/shop\/produkt\/futternapf\/#primaryimage"},"thumbnailUrl":"https:\/\/insektenliebe.com\/wp-content\/uploads\/2025\/05\/Futternapf-1-2.jpg","datePublished":"2021-05-20T14:10:00+00:00","dateModified":"2026-03-08T01:18:44+00:00","description":"G\u00fcnstiger Futternapf online kaufen. Damit l\u00e4\u00dft sich jedes Terrarium dekorativ mit einem Futternapf mit Felsoptik ausstatten.","breadcrumb":{"@id":"https:\/\/insektenliebe.com\/de\/shop\/produkt\/futternapf\/#breadcrumb"},"inLanguage":"de","potentialAction":[{"@type":"ReadAction","target":["https:\/\/insektenliebe.com\/de\/shop\/produkt\/futternapf\/"]}]},{"@type":"ImageObject","inLanguage":"de","@id":"https:\/\/insektenliebe.com\/de\/shop\/produkt\/futternapf\/#primaryimage","url":"https:\/\/insektenliebe.com\/wp-content\/uploads\/2025\/05\/Futternapf-1-2.jpg","contentUrl":"https:\/\/insektenliebe.com\/wp-content\/uploads\/2025\/05\/Futternapf-1-2.jpg","width":820,"height":820,"caption":"Futternapf-1-2.jpg"},{"@type":"BreadcrumbList","@id":"https:\/\/insektenliebe.com\/de\/shop\/produkt\/futternapf\/#breadcrumb","itemListElement":[{"@type":"ListItem","position":1,"name":"Startseite","item":"https:\/\/insektenliebe.com\/de\/"},{"@type":"ListItem","position":2,"name":"Shop","item":"https:\/\/insektenliebe.com\/de\/shop\/"},{"@type":"ListItem","position":3,"name":"Futternapf"}]},{"@type":"WebSite","@id":"https:\/\/insektenliebe.com\/de\/#website","url":"https:\/\/insektenliebe.com\/de\/","name":"Insektenliebe","description":"Dein Zuhause f\u00fcr die kleinen Lebewesen","publisher":{"@id":"https:\/\/insektenliebe.com\/de\/#organization"},"potentialAction":[{"@type":"SearchAction","target":{"@type":"EntryPoint","urlTemplate":"https:\/\/insektenliebe.com\/de\/?s={search_term_string}"},"query-input":{"@type":"PropertyValueSpecification","valueRequired":true,"valueName":"search_term_string"}}],"inLanguage":"de"},{"@type":"Organization","@id":"https:\/\/insektenliebe.com\/de\/#organization","name":"Insektenliebe","url":"https:\/\/insektenliebe.com\/de\/","logo":{"@type":"ImageObject","inLanguage":"de","@id":"https:\/\/insektenliebe.com\/de\/#\/schema\/logo\/image\/","url":"https:\/\/insektenliebe.com\/wp-content\/uploads\/2025\/03\/logo-white.png","contentUrl":"https:\/\/insektenliebe.com\/wp-content\/uploads\/2025\/03\/logo-white.png","width":288,"height":188,"caption":"Insektenliebe"},"image":{"@id":"https:\/\/insektenliebe.com\/de\/#\/schema\/logo\/image\/"}}]}},"_links":{"self":[{"href":"https:\/\/insektenliebe.com\/de\/wp-json\/wp\/v2\/product\/5120","targetHints":{"allow":["GET"]}}],"collection":[{"href":"https:\/\/insektenliebe.com\/de\/wp-json\/wp\/v2\/product"}],"about":[{"href":"https:\/\/insektenliebe.com\/de\/wp-json\/wp\/v2\/types\/product"}],"wp:featuredmedia":[{"embeddable":true,"href":"https:\/\/insektenliebe.com\/de\/wp-json\/wp\/v2\/media\/5148"}],"wp:attachment":[{"href":"https:\/\/insektenliebe.com\/de\/wp-json\/wp\/v2\/media?parent=5120"}],"wp:term":[{"taxonomy":"product-supplier","embeddable":true,"href":"https:\/\/insektenliebe.com\/de\/wp-json\/wp\/v2\/product-supplier?post=5120"},{"taxonomy":"product_brand","embeddable":true,"href":"https:\/\/insektenliebe.com\/de\/wp-json\/wp\/v2\/product_brand?post=5120"},{"taxonomy":"product_cat","embeddable":true,"href":"https:\/\/insektenliebe.com\/de\/wp-json\/wp\/v2\/product_cat?post=5120"},{"taxonomy":"product_tag","embeddable":true,"href":"https:\/\/insektenliebe.com\/de\/wp-json\/wp\/v2\/product_tag?post=5120"},{"taxonomy":"lce-checkout-addons","embeddable":true,"href":"https:\/\/insektenliebe.com\/de\/wp-json\/wp\/v2\/lce-checkout-addons?post=5120"}],"curies":[{"name":"wp","href":"https:\/\/api.w.org\/{rel}","templated":true}]}}