{"id":5116,"date":"2021-05-20T12:15:56","date_gmt":"2021-05-20T10:15:56","guid":{"rendered":"http:\/\/localhost\/ins-test\/?post_type=product&#038;p=5116"},"modified":"2026-04-16T19:36:48","modified_gmt":"2026-04-16T17:36:48","slug":"hobby-aqua-pearls-calcium","status":"publish","type":"product","link":"https:\/\/insektenliebe.com\/de\/shop\/produkt\/hobby-aqua-pearls-calcium\/","title":{"rendered":"Hobby Aqua Pearls Calcium"},"content":{"rendered":"<h3><span class=\"s1\" style=\"color: #99cc33;\">Hobby Aqua Pearls Calcium - Wasser und Kalzium in einer praktischen L\u00f6sung<\/span><\/h3>\n<p class=\"p1\"><span class=\"s1\">Die <\/span><strong><span class=\"s2\">Hobby Aqua Pearls Calcium<\/span><\/strong><span class=\"s1\"> bieten eine einfache und sichere M\u00f6glichkeit, <\/span><span class=\"s2\">Spinnentiere, Insekten und Futtertiere<\/span><span class=\"s1\"> mit Wasser zu versorgen. Gleichzeitig liefern die speziellen Wasserperlen zus\u00e4tzlich <\/span><span class=\"s2\">wertvolles Kalzium<\/span><span class=\"s1\">. Dadurch unterst\u00fctzt du den Mineralstoffhaushalt deiner Tiere und sorgst gleichzeitig f\u00fcr eine zuverl\u00e4ssige Wasserversorgung.<\/span><\/p>\n<p class=\"p1\"><span class=\"s1\">Viele Terrarianer kennen das Problem mit offenen Wassern\u00e4pfen. Kleine Tiere verschmutzen das Wasser schnell oder rutschen hinein. Besonders bei kleineren Arten besteht au\u00dferdem die Gefahr des Ertrinkens. Genau hier bieten die <\/span><span class=\"s2\">Aqua Pearls Calcium<\/span><span class=\"s1\"> eine praktische L\u00f6sung.<\/span><\/p>\n<p class=\"p1\"><span class=\"s1\">Die kleinen Gelperlen speichern Wasser \u00fcber einen langen Zeitraum. Gleichzeitig geben sie die Feuchtigkeit langsam wieder ab. Dadurch entsteht eine <\/span><span class=\"s2\">dauerhafte Wasserquelle<\/span><span class=\"s1\">, die deine Tiere jederzeit nutzen k\u00f6nnen.<\/span><\/p>\n<p class=\"p1\"><span class=\"s1\">Ein gro\u00dfer Vorteil liegt in der <\/span><span class=\"s2\">hohen Sicherheit f\u00fcr kleine Terrarienbewohner<\/span><span class=\"s1\">. Das Wasser bleibt im Gel gebunden. Deshalb k\u00f6nnen Spinnen, Skorpione oder Insekten nicht darin ertrinken. Besonders bei Jungtieren oder kleinen Arten ist diese Eigenschaft sehr hilfreich.<\/span><\/p>\n<p class=\"p1\"><span class=\"s1\">Zus\u00e4tzlich enthalten die Wasserperlen <\/span><span class=\"s2\">Kalzium<\/span><span class=\"s1\">, das viele wirbellose Tiere f\u00fcr den Aufbau ihres Exoskeletts ben\u00f6tigen. Auch Futterinsekten profitieren davon. Wenn du deine Futtertiere mit kalziumhaltigem Wasser versorgst, erh\u00f6hst du gleichzeitig deren N\u00e4hrwert f\u00fcr deine Terrarientiere.<\/span><\/p>\n<p class=\"p1\"><span class=\"s1\">Die Anwendung ist besonders einfach. Du gibst einfach eine kleine Menge <\/span><span class=\"s2\">Aqua Pearls Calcium in einen Futternapf oder eine flache Schale<\/span><span class=\"s1\">. Danach k\u00f6nnen deine Tiere die Feuchtigkeit direkt aufnehmen. Sobald die Perlen kleiner werden oder austrocknen, ersetzt du sie problemlos durch frische.<\/span><\/p>\n<p class=\"p1\"><span class=\"s1\">Au\u00dferdem eignen sich die Wasserperlen hervorragend f\u00fcr <\/span><span class=\"s2\">Zuchtboxen, Aufzuchtbeh\u00e4lter oder Transportboxen<\/span><span class=\"s1\">. Dort halten sie die Umgebung leicht feucht und verhindern gleichzeitig, dass Tiere austrocknen.<\/span><\/p>\n<p class=\"p1\"><span class=\"s1\">Mit den <strong><span class=\"s2\">Hobby Aqua Pearls Calcium<\/span><\/strong><\/span><span class=\"s1\">\u00a0erh\u00e4ltst du eine hygienische, sichere und praktische L\u00f6sung f\u00fcr die Wasserversorgung deiner Spinnen, Skorpione, Insekten und Futtertiere. Gleichzeitig unterst\u00fctzt du den Kalziumbedarf deiner Tiere und erleichterst dir den Pflegealltag im Terrarium.<\/span><\/p>\n","protected":false},"excerpt":{"rendered":"<p>Hobby Aqua Pearls Calcium - Wasser und Kalzium in einer praktischen L\u00f6sung Die Hobby Aqua Pearls Calcium bieten eine einfache und sichere M\u00f6glichkeit, Spinnentiere, Insekten und Futtertiere mit Wasser zu versorgen. Gleichzeitig liefern die speziellen Wasserperlen zus\u00e4tzlich wertvolles Kalzium. Dadurch unterst\u00fctzt du den Mineralstoffhaushalt deiner Tiere und sorgst gleichzeitig f\u00fcr eine zuverl\u00e4ssige Wasserversorgung. Viele Terrarianer [&hellip;]<\/p>\n","protected":false},"featured_media":5144,"template":"","meta":{"_acf_changed":false},"product-supplier":[2555],"product_brand":[92],"product_cat":[129],"product_tag":[],"lce-checkout-addons":[],"class_list":{"0":"post-5116","1":"product","2":"type-product","3":"status-publish","4":"has-post-thumbnail","6":"product_brand-hobby-terraristik","7":"product_cat-futter-kalzium","8":"product_shipping_class-equipment-shipping","10":"first","11":"instock","12":"sale","13":"taxable","14":"shipping-taxable","15":"purchasable","16":"product-type-variable"},"acf":[],"yoast_head":"<!-- This site is optimized with the Yoast SEO plugin v27.3 - https:\/\/yoast.com\/product\/yoast-seo-wordpress\/ -->\n<title>Hobby Aqua Pearls Calcium - Insektenliebe<\/title>\n<meta name=\"description\" content=\"Hobby Aqua Pearls Calcium \u2013 Wasserperlen mit Kalzium f\u00fcr Spinnen, Skorpione und Insekten. Langzeit-Wasserversorgung ohne Ertrinkungsgefahr.\" \/>\n<meta name=\"robots\" content=\"index, follow, max-snippet:-1, max-image-preview:large, max-video-preview:-1\" \/>\n<link rel=\"canonical\" href=\"https:\/\/insektenliebe.com\/de\/shop\/produkt\/hobby-aqua-pearls-calcium\/\" \/>\n<meta property=\"og:locale\" content=\"de_DE\" \/>\n<meta property=\"og:type\" content=\"article\" \/>\n<meta property=\"og:title\" content=\"Hobby Aqua Pearls Calcium - Insektenliebe\" \/>\n<meta property=\"og:description\" content=\"Hobby Aqua Pearls Calcium \u2013 Wasserperlen mit Kalzium f\u00fcr Spinnen, Skorpione und Insekten. Langzeit-Wasserversorgung ohne Ertrinkungsgefahr.\" \/>\n<meta property=\"og:url\" content=\"https:\/\/insektenliebe.com\/de\/shop\/produkt\/hobby-aqua-pearls-calcium\/\" \/>\n<meta property=\"og:site_name\" content=\"Insektenliebe\" \/>\n<meta property=\"article:modified_time\" content=\"2026-04-16T17:36:48+00:00\" \/>\n<meta property=\"og:image\" content=\"https:\/\/insektenliebe.com\/wp-content\/uploads\/2025\/05\/Hobby-Aqua-Pearls-Calcium-2.jpg\" \/>\n\t<meta property=\"og:image:width\" content=\"820\" \/>\n\t<meta property=\"og:image:height\" content=\"820\" \/>\n\t<meta property=\"og:image:type\" content=\"image\/jpeg\" \/>\n<meta name=\"twitter:card\" content=\"summary_large_image\" \/>\n<meta name=\"twitter:label1\" content=\"Gesch\u00e4tzte Lesezeit\" \/>\n\t<meta name=\"twitter:data1\" content=\"2\u00a0Minuten\" \/>\n<script type=\"application\/ld+json\" class=\"yoast-schema-graph\">{\"@context\":\"https:\\\/\\\/schema.org\",\"@graph\":[{\"@type\":\"WebPage\",\"@id\":\"https:\\\/\\\/insektenliebe.com\\\/de\\\/shop\\\/produkt\\\/hobby-aqua-pearls-calcium\\\/\",\"url\":\"https:\\\/\\\/insektenliebe.com\\\/de\\\/shop\\\/produkt\\\/hobby-aqua-pearls-calcium\\\/\",\"name\":\"Hobby Aqua Pearls Calcium - Insektenliebe\",\"isPartOf\":{\"@id\":\"https:\\\/\\\/insektenliebe.com\\\/de\\\/#website\"},\"primaryImageOfPage\":{\"@id\":\"https:\\\/\\\/insektenliebe.com\\\/de\\\/shop\\\/produkt\\\/hobby-aqua-pearls-calcium\\\/#primaryimage\"},\"image\":{\"@id\":\"https:\\\/\\\/insektenliebe.com\\\/de\\\/shop\\\/produkt\\\/hobby-aqua-pearls-calcium\\\/#primaryimage\"},\"thumbnailUrl\":\"https:\\\/\\\/insektenliebe.com\\\/wp-content\\\/uploads\\\/2025\\\/05\\\/Hobby-Aqua-Pearls-Calcium-2.jpg\",\"datePublished\":\"2021-05-20T10:15:56+00:00\",\"dateModified\":\"2026-04-16T17:36:48+00:00\",\"description\":\"Hobby Aqua Pearls Calcium \u2013 Wasserperlen mit Kalzium f\u00fcr Spinnen, Skorpione und Insekten. Langzeit-Wasserversorgung ohne Ertrinkungsgefahr.\",\"breadcrumb\":{\"@id\":\"https:\\\/\\\/insektenliebe.com\\\/de\\\/shop\\\/produkt\\\/hobby-aqua-pearls-calcium\\\/#breadcrumb\"},\"inLanguage\":\"de\",\"potentialAction\":[{\"@type\":\"ReadAction\",\"target\":[\"https:\\\/\\\/insektenliebe.com\\\/de\\\/shop\\\/produkt\\\/hobby-aqua-pearls-calcium\\\/\"]}]},{\"@type\":\"ImageObject\",\"inLanguage\":\"de\",\"@id\":\"https:\\\/\\\/insektenliebe.com\\\/de\\\/shop\\\/produkt\\\/hobby-aqua-pearls-calcium\\\/#primaryimage\",\"url\":\"https:\\\/\\\/insektenliebe.com\\\/wp-content\\\/uploads\\\/2025\\\/05\\\/Hobby-Aqua-Pearls-Calcium-2.jpg\",\"contentUrl\":\"https:\\\/\\\/insektenliebe.com\\\/wp-content\\\/uploads\\\/2025\\\/05\\\/Hobby-Aqua-Pearls-Calcium-2.jpg\",\"width\":820,\"height\":820,\"caption\":\"Hobby-Aqua-Pearls-Calcium-2.jpg\"},{\"@type\":\"BreadcrumbList\",\"@id\":\"https:\\\/\\\/insektenliebe.com\\\/de\\\/shop\\\/produkt\\\/hobby-aqua-pearls-calcium\\\/#breadcrumb\",\"itemListElement\":[{\"@type\":\"ListItem\",\"position\":1,\"name\":\"Startseite\",\"item\":\"https:\\\/\\\/insektenliebe.com\\\/de\\\/\"},{\"@type\":\"ListItem\",\"position\":2,\"name\":\"Shop\",\"item\":\"https:\\\/\\\/insektenliebe.com\\\/de\\\/shop\\\/\"},{\"@type\":\"ListItem\",\"position\":3,\"name\":\"Hobby Aqua Pearls Calcium\"}]},{\"@type\":\"WebSite\",\"@id\":\"https:\\\/\\\/insektenliebe.com\\\/de\\\/#website\",\"url\":\"https:\\\/\\\/insektenliebe.com\\\/de\\\/\",\"name\":\"Insektenliebe\",\"description\":\"Dein Zuhause f\u00fcr die kleinen Lebewesen\",\"publisher\":{\"@id\":\"https:\\\/\\\/insektenliebe.com\\\/de\\\/#organization\"},\"potentialAction\":[{\"@type\":\"SearchAction\",\"target\":{\"@type\":\"EntryPoint\",\"urlTemplate\":\"https:\\\/\\\/insektenliebe.com\\\/de\\\/?s={search_term_string}\"},\"query-input\":{\"@type\":\"PropertyValueSpecification\",\"valueRequired\":true,\"valueName\":\"search_term_string\"}}],\"inLanguage\":\"de\"},{\"@type\":\"Organization\",\"@id\":\"https:\\\/\\\/insektenliebe.com\\\/de\\\/#organization\",\"name\":\"Insektenliebe\",\"url\":\"https:\\\/\\\/insektenliebe.com\\\/de\\\/\",\"logo\":{\"@type\":\"ImageObject\",\"inLanguage\":\"de\",\"@id\":\"https:\\\/\\\/insektenliebe.com\\\/de\\\/#\\\/schema\\\/logo\\\/image\\\/\",\"url\":\"https:\\\/\\\/insektenliebe.com\\\/wp-content\\\/uploads\\\/2025\\\/03\\\/logo-white.png\",\"contentUrl\":\"https:\\\/\\\/insektenliebe.com\\\/wp-content\\\/uploads\\\/2025\\\/03\\\/logo-white.png\",\"width\":288,\"height\":188,\"caption\":\"Insektenliebe\"},\"image\":{\"@id\":\"https:\\\/\\\/insektenliebe.com\\\/de\\\/#\\\/schema\\\/logo\\\/image\\\/\"}}]}<\/script>\n<!-- \/ Yoast SEO plugin. -->","yoast_head_json":{"title":"Hobby Aqua Pearls Calcium - Insektenliebe","description":"Hobby Aqua Pearls Calcium \u2013 Wasserperlen mit Kalzium f\u00fcr Spinnen, Skorpione und Insekten. Langzeit-Wasserversorgung ohne Ertrinkungsgefahr.","robots":{"index":"index","follow":"follow","max-snippet":"max-snippet:-1","max-image-preview":"max-image-preview:large","max-video-preview":"max-video-preview:-1"},"canonical":"https:\/\/insektenliebe.com\/de\/shop\/produkt\/hobby-aqua-pearls-calcium\/","og_locale":"de_DE","og_type":"article","og_title":"Hobby Aqua Pearls Calcium - Insektenliebe","og_description":"Hobby Aqua Pearls Calcium \u2013 Wasserperlen mit Kalzium f\u00fcr Spinnen, Skorpione und Insekten. Langzeit-Wasserversorgung ohne Ertrinkungsgefahr.","og_url":"https:\/\/insektenliebe.com\/de\/shop\/produkt\/hobby-aqua-pearls-calcium\/","og_site_name":"Insektenliebe","article_modified_time":"2026-04-16T17:36:48+00:00","og_image":[{"width":820,"height":820,"url":"https:\/\/insektenliebe.com\/wp-content\/uploads\/2025\/05\/Hobby-Aqua-Pearls-Calcium-2.jpg","type":"image\/jpeg"}],"twitter_card":"summary_large_image","twitter_misc":{"Gesch\u00e4tzte Lesezeit":"2\u00a0Minuten"},"schema":{"@context":"https:\/\/schema.org","@graph":[{"@type":"WebPage","@id":"https:\/\/insektenliebe.com\/de\/shop\/produkt\/hobby-aqua-pearls-calcium\/","url":"https:\/\/insektenliebe.com\/de\/shop\/produkt\/hobby-aqua-pearls-calcium\/","name":"Hobby Aqua Pearls Calcium - Insektenliebe","isPartOf":{"@id":"https:\/\/insektenliebe.com\/de\/#website"},"primaryImageOfPage":{"@id":"https:\/\/insektenliebe.com\/de\/shop\/produkt\/hobby-aqua-pearls-calcium\/#primaryimage"},"image":{"@id":"https:\/\/insektenliebe.com\/de\/shop\/produkt\/hobby-aqua-pearls-calcium\/#primaryimage"},"thumbnailUrl":"https:\/\/insektenliebe.com\/wp-content\/uploads\/2025\/05\/Hobby-Aqua-Pearls-Calcium-2.jpg","datePublished":"2021-05-20T10:15:56+00:00","dateModified":"2026-04-16T17:36:48+00:00","description":"Hobby Aqua Pearls Calcium \u2013 Wasserperlen mit Kalzium f\u00fcr Spinnen, Skorpione und Insekten. Langzeit-Wasserversorgung ohne Ertrinkungsgefahr.","breadcrumb":{"@id":"https:\/\/insektenliebe.com\/de\/shop\/produkt\/hobby-aqua-pearls-calcium\/#breadcrumb"},"inLanguage":"de","potentialAction":[{"@type":"ReadAction","target":["https:\/\/insektenliebe.com\/de\/shop\/produkt\/hobby-aqua-pearls-calcium\/"]}]},{"@type":"ImageObject","inLanguage":"de","@id":"https:\/\/insektenliebe.com\/de\/shop\/produkt\/hobby-aqua-pearls-calcium\/#primaryimage","url":"https:\/\/insektenliebe.com\/wp-content\/uploads\/2025\/05\/Hobby-Aqua-Pearls-Calcium-2.jpg","contentUrl":"https:\/\/insektenliebe.com\/wp-content\/uploads\/2025\/05\/Hobby-Aqua-Pearls-Calcium-2.jpg","width":820,"height":820,"caption":"Hobby-Aqua-Pearls-Calcium-2.jpg"},{"@type":"BreadcrumbList","@id":"https:\/\/insektenliebe.com\/de\/shop\/produkt\/hobby-aqua-pearls-calcium\/#breadcrumb","itemListElement":[{"@type":"ListItem","position":1,"name":"Startseite","item":"https:\/\/insektenliebe.com\/de\/"},{"@type":"ListItem","position":2,"name":"Shop","item":"https:\/\/insektenliebe.com\/de\/shop\/"},{"@type":"ListItem","position":3,"name":"Hobby Aqua Pearls Calcium"}]},{"@type":"WebSite","@id":"https:\/\/insektenliebe.com\/de\/#website","url":"https:\/\/insektenliebe.com\/de\/","name":"Insektenliebe","description":"Dein Zuhause f\u00fcr die kleinen Lebewesen","publisher":{"@id":"https:\/\/insektenliebe.com\/de\/#organization"},"potentialAction":[{"@type":"SearchAction","target":{"@type":"EntryPoint","urlTemplate":"https:\/\/insektenliebe.com\/de\/?s={search_term_string}"},"query-input":{"@type":"PropertyValueSpecification","valueRequired":true,"valueName":"search_term_string"}}],"inLanguage":"de"},{"@type":"Organization","@id":"https:\/\/insektenliebe.com\/de\/#organization","name":"Insektenliebe","url":"https:\/\/insektenliebe.com\/de\/","logo":{"@type":"ImageObject","inLanguage":"de","@id":"https:\/\/insektenliebe.com\/de\/#\/schema\/logo\/image\/","url":"https:\/\/insektenliebe.com\/wp-content\/uploads\/2025\/03\/logo-white.png","contentUrl":"https:\/\/insektenliebe.com\/wp-content\/uploads\/2025\/03\/logo-white.png","width":288,"height":188,"caption":"Insektenliebe"},"image":{"@id":"https:\/\/insektenliebe.com\/de\/#\/schema\/logo\/image\/"}}]}},"_links":{"self":[{"href":"https:\/\/insektenliebe.com\/de\/wp-json\/wp\/v2\/product\/5116","targetHints":{"allow":["GET"]}}],"collection":[{"href":"https:\/\/insektenliebe.com\/de\/wp-json\/wp\/v2\/product"}],"about":[{"href":"https:\/\/insektenliebe.com\/de\/wp-json\/wp\/v2\/types\/product"}],"wp:featuredmedia":[{"embeddable":true,"href":"https:\/\/insektenliebe.com\/de\/wp-json\/wp\/v2\/media\/5144"}],"wp:attachment":[{"href":"https:\/\/insektenliebe.com\/de\/wp-json\/wp\/v2\/media?parent=5116"}],"wp:term":[{"taxonomy":"product-supplier","embeddable":true,"href":"https:\/\/insektenliebe.com\/de\/wp-json\/wp\/v2\/product-supplier?post=5116"},{"taxonomy":"product_brand","embeddable":true,"href":"https:\/\/insektenliebe.com\/de\/wp-json\/wp\/v2\/product_brand?post=5116"},{"taxonomy":"product_cat","embeddable":true,"href":"https:\/\/insektenliebe.com\/de\/wp-json\/wp\/v2\/product_cat?post=5116"},{"taxonomy":"product_tag","embeddable":true,"href":"https:\/\/insektenliebe.com\/de\/wp-json\/wp\/v2\/product_tag?post=5116"},{"taxonomy":"lce-checkout-addons","embeddable":true,"href":"https:\/\/insektenliebe.com\/de\/wp-json\/wp\/v2\/lce-checkout-addons?post=5116"}],"curies":[{"name":"wp","href":"https:\/\/api.w.org\/{rel}","templated":true}]}}