{"id":5114,"date":"2021-05-20T09:39:45","date_gmt":"2021-05-20T07:39:45","guid":{"rendered":"http:\/\/localhost\/ins-test\/?post_type=product&#038;p=5114"},"modified":"2026-03-21T08:30:31","modified_gmt":"2026-03-21T07:30:31","slug":"hobby-clamp-lamp","status":"publish","type":"product","link":"https:\/\/insektenliebe.com\/de\/shop\/produkt\/hobby-clamp-lamp\/","title":{"rendered":"Hobby Clamp Lamp"},"content":{"rendered":"<h3><span class=\"s1\" style=\"color: #99cc33;\">Hobby Clamp Lamp \u2013 Die sichere Lampenhalterung f\u00fcr dein Terrarium<\/span><\/h3>\n<p class=\"p1\"><span class=\"s1\">Die <\/span><strong><span class=\"s2\">Hobby Clamp Lamp<\/span><\/strong><span class=\"s1\"> ist eine sichere und zuverl\u00e4ssige Lampenhalterung f\u00fcr Terrarien. Sie erm\u00f6glicht eine flexible Beleuchtung und sorgt gleichzeitig f\u00fcr eine optimale Ausleuchtung des Terrariums. Dadurch eignet sie sich hervorragend f\u00fcr viele verschiedene Terrarientiere.<\/span><\/p>\n<p class=\"p1\"><span class=\"s1\">Die Lampe besitzt eine <\/span><span class=\"s2\">hitzebest\u00e4ndige Keramikfassung mit E27 Gewinde<\/span><span class=\"s1\">. Dadurch kannst du viele handels\u00fcbliche Terrarienlampen problemlos verwenden. Dazu z\u00e4hlen klassische Gl\u00fchlampen, W\u00e4rmestrahler sowie UV-Lampen f\u00fcr Reptilien.<\/span><\/p>\n<p class=\"p1\"><span class=\"s1\">Der <\/span><span class=\"s2\">robuste Lampenschirm aus Aluminium<\/span><span class=\"s1\"> sorgt f\u00fcr eine lange Lebensdauer. Gleichzeitig befindet sich im Inneren eine stark reflektierende Beschichtung. Dadurch wird das Licht effizient nach unten gelenkt. So erreichst du eine <\/span><span class=\"s2\">h\u00f6here Lichtausbeute und eine bessere Ausleuchtung des Terrariums<\/span><span class=\"s1\">.<\/span><\/p>\n<p class=\"p1\"><span class=\"s1\">Besonders praktisch ist die <\/span><span class=\"s2\">Befestigungsklammer mit 360\u00b0 drehbarem Kugelgelenk<\/span><span class=\"s1\">. Dadurch kannst du die Lampe flexibel ausrichten. So beleuchtest du gezielt bestimmte Bereiche im Terrarium, zum Beispiel Sonnenpl\u00e4tze oder W\u00e4rmeinseln.<\/span><\/p>\n<p class=\"p1\"><span class=\"s1\">Die Befestigung erfolgt direkt am Rand des Terrariums. Dabei sorgen <\/span><span class=\"s2\">silikonumantelte Halteb\u00fcgel<\/span><span class=\"s1\"> f\u00fcr einen sicheren und stabilen Halt. Gleichzeitig sch\u00fctzen sie die Glasfl\u00e4chen des Terrariums vor Besch\u00e4digungen.<\/span><\/p>\n<p class=\"p1\"><span class=\"s1\">Ein integrierter <\/span><span class=\"s2\">Schalter im Kabel<\/span><span class=\"s1\"> erleichtert au\u00dferdem die Bedienung im Alltag. Dadurch kannst du die Lampe bequem ein- und ausschalten, ohne den Stecker ziehen zu m\u00fcssen.<\/span><\/p>\n<p class=\"p1\"><span class=\"s1\">Auch beim Thema Sicherheit \u00fcberzeugt die <strong>Hobby Clamp Lamp<\/strong>. Sie ist <\/span><span class=\"s2\">T\u00dcV-gepr\u00fcft<\/span><span class=\"s1\"> und erf\u00fcllt damit hohe Sicherheitsstandards f\u00fcr den Einsatz im Terrarium.<\/span><\/p>\n<p class=\"p1\"><span class=\"s1\">Durch ihre stabile Konstruktion, die flexible Ausrichtung und die hohe Lichtausbeute ist die <\/span><strong><span class=\"s2\">Hobby Clamp Lamp<\/span><\/strong><span class=\"s1\"> eine ideale L\u00f6sung f\u00fcr die Beleuchtung von Terrarien. Sie eignet sich sowohl f\u00fcr Einsteiger als auch f\u00fcr erfahrene Terrarianer, die eine zuverl\u00e4ssige Lampenhalterung suchen.<\/span><\/p>\n","protected":false},"excerpt":{"rendered":"<p>Hobby Clamp Lamp \u2013 Die sichere Lampenhalterung f\u00fcr dein Terrarium Die Hobby Clamp Lamp ist eine sichere und zuverl\u00e4ssige Lampenhalterung f\u00fcr Terrarien. Sie erm\u00f6glicht eine flexible Beleuchtung und sorgt gleichzeitig f\u00fcr eine optimale Ausleuchtung des Terrariums. Dadurch eignet sie sich hervorragend f\u00fcr viele verschiedene Terrarientiere. Die Lampe besitzt eine hitzebest\u00e4ndige Keramikfassung mit E27 Gewinde. Dadurch [&hellip;]<\/p>\n","protected":false},"featured_media":5142,"template":"","meta":{"_acf_changed":false},"product-supplier":[2555],"product_brand":[92],"product_cat":[299],"product_tag":[],"lce-checkout-addons":[],"class_list":{"0":"post-5114","1":"product","2":"type-product","3":"status-publish","4":"has-post-thumbnail","6":"product_brand-hobby-terraristik","7":"product_cat-beleuchtung-klima","8":"product_shipping_class-equipment-shipping","10":"first","11":"instock","12":"sale","13":"taxable","14":"shipping-taxable","15":"purchasable","16":"product-type-variable"},"acf":[],"yoast_head":"<!-- This site is optimized with the Yoast SEO Premium plugin v26.8 (Yoast SEO v27.3) - https:\/\/yoast.com\/product\/yoast-seo-premium-wordpress\/ -->\n<title>Hobby Clamp Lamp - Insektenliebe<\/title>\n<meta name=\"description\" content=\"Hobby Clamp Lamp \u2013 sichere Terrarienlampenhalterung mit Keramikfassung, reflektierendem Aluminium-Schirm und 360\u00b0 Kugelgelenk.\" \/>\n<meta name=\"robots\" content=\"index, follow, max-snippet:-1, max-image-preview:large, max-video-preview:-1\" \/>\n<link rel=\"canonical\" href=\"https:\/\/insektenliebe.com\/de\/shop\/produkt\/hobby-clamp-lamp\/\" \/>\n<meta property=\"og:locale\" content=\"de_DE\" \/>\n<meta property=\"og:type\" content=\"article\" \/>\n<meta property=\"og:title\" content=\"Hobby Clamp Lamp\" \/>\n<meta property=\"og:description\" content=\"Hobby Clamp Lamp \u2013 sichere Terrarienlampenhalterung mit Keramikfassung, reflektierendem Aluminium-Schirm und 360\u00b0 Kugelgelenk.\" \/>\n<meta property=\"og:url\" content=\"https:\/\/insektenliebe.com\/de\/shop\/produkt\/hobby-clamp-lamp\/\" \/>\n<meta property=\"og:site_name\" content=\"Insektenliebe\" \/>\n<meta property=\"article:modified_time\" content=\"2026-03-21T07:30:31+00:00\" \/>\n<meta property=\"og:image\" content=\"https:\/\/insektenliebe.com\/wp-content\/uploads\/2025\/05\/Hobby-Clamp-Lamp-14-cm-1-2.jpg\" \/>\n\t<meta property=\"og:image:width\" content=\"820\" \/>\n\t<meta property=\"og:image:height\" content=\"820\" \/>\n\t<meta property=\"og:image:type\" content=\"image\/jpeg\" \/>\n<meta name=\"twitter:card\" content=\"summary_large_image\" \/>\n<meta name=\"twitter:label1\" content=\"Verf\u00fcgbarkeit\" \/>\n\t<meta name=\"twitter:data1\" content=\"Auf Lager\" \/>\n<script type=\"application\/ld+json\" class=\"yoast-schema-graph\">{\"@context\":\"https:\\\/\\\/schema.org\",\"@graph\":[{\"@type\":\"WebPage\",\"@id\":\"https:\\\/\\\/insektenliebe.com\\\/de\\\/shop\\\/produkt\\\/hobby-clamp-lamp\\\/\",\"url\":\"https:\\\/\\\/insektenliebe.com\\\/de\\\/shop\\\/produkt\\\/hobby-clamp-lamp\\\/\",\"name\":\"Hobby Clamp Lamp - Insektenliebe\",\"isPartOf\":{\"@id\":\"https:\\\/\\\/insektenliebe.com\\\/de\\\/#website\"},\"primaryImageOfPage\":{\"@id\":\"https:\\\/\\\/insektenliebe.com\\\/de\\\/shop\\\/produkt\\\/hobby-clamp-lamp\\\/#primaryimage\"},\"image\":{\"@id\":\"https:\\\/\\\/insektenliebe.com\\\/de\\\/shop\\\/produkt\\\/hobby-clamp-lamp\\\/#primaryimage\"},\"thumbnailUrl\":\"https:\\\/\\\/insektenliebe.com\\\/wp-content\\\/uploads\\\/2025\\\/05\\\/Hobby-Clamp-Lamp-14-cm-1-2.jpg\",\"datePublished\":\"2021-05-20T07:39:45+00:00\",\"dateModified\":\"2026-03-21T07:30:31+00:00\",\"description\":\"Hobby Clamp Lamp \u2013 sichere Terrarienlampenhalterung mit Keramikfassung, reflektierendem Aluminium-Schirm und 360\u00b0 Kugelgelenk.\",\"breadcrumb\":{\"@id\":\"https:\\\/\\\/insektenliebe.com\\\/de\\\/shop\\\/produkt\\\/hobby-clamp-lamp\\\/#breadcrumb\"},\"inLanguage\":\"de\",\"potentialAction\":[{\"@type\":\"ReadAction\",\"target\":[\"https:\\\/\\\/insektenliebe.com\\\/de\\\/shop\\\/produkt\\\/hobby-clamp-lamp\\\/\"]}]},{\"@type\":\"ImageObject\",\"inLanguage\":\"de\",\"@id\":\"https:\\\/\\\/insektenliebe.com\\\/de\\\/shop\\\/produkt\\\/hobby-clamp-lamp\\\/#primaryimage\",\"url\":\"https:\\\/\\\/insektenliebe.com\\\/wp-content\\\/uploads\\\/2025\\\/05\\\/Hobby-Clamp-Lamp-14-cm-1-2.jpg\",\"contentUrl\":\"https:\\\/\\\/insektenliebe.com\\\/wp-content\\\/uploads\\\/2025\\\/05\\\/Hobby-Clamp-Lamp-14-cm-1-2.jpg\",\"width\":820,\"height\":820,\"caption\":\"Hobby-Clamp-Lamp-14-cm-1-2.jpg\"},{\"@type\":\"BreadcrumbList\",\"@id\":\"https:\\\/\\\/insektenliebe.com\\\/de\\\/shop\\\/produkt\\\/hobby-clamp-lamp\\\/#breadcrumb\",\"itemListElement\":[{\"@type\":\"ListItem\",\"position\":1,\"name\":\"Startseite\",\"item\":\"https:\\\/\\\/insektenliebe.com\\\/de\\\/\"},{\"@type\":\"ListItem\",\"position\":2,\"name\":\"Shop\",\"item\":\"https:\\\/\\\/insektenliebe.com\\\/de\\\/shop\\\/\"},{\"@type\":\"ListItem\",\"position\":3,\"name\":\"Hobby Clamp Lamp\"}]},{\"@type\":\"WebSite\",\"@id\":\"https:\\\/\\\/insektenliebe.com\\\/de\\\/#website\",\"url\":\"https:\\\/\\\/insektenliebe.com\\\/de\\\/\",\"name\":\"Insektenliebe\",\"description\":\"Dein Zuhause f\u00fcr die kleinen Lebewesen\",\"publisher\":{\"@id\":\"https:\\\/\\\/insektenliebe.com\\\/de\\\/#organization\"},\"potentialAction\":[{\"@type\":\"SearchAction\",\"target\":{\"@type\":\"EntryPoint\",\"urlTemplate\":\"https:\\\/\\\/insektenliebe.com\\\/de\\\/?s={search_term_string}\"},\"query-input\":{\"@type\":\"PropertyValueSpecification\",\"valueRequired\":true,\"valueName\":\"search_term_string\"}}],\"inLanguage\":\"de\"},{\"@type\":\"Organization\",\"@id\":\"https:\\\/\\\/insektenliebe.com\\\/de\\\/#organization\",\"name\":\"Insektenliebe\",\"url\":\"https:\\\/\\\/insektenliebe.com\\\/de\\\/\",\"logo\":{\"@type\":\"ImageObject\",\"inLanguage\":\"de\",\"@id\":\"https:\\\/\\\/insektenliebe.com\\\/de\\\/#\\\/schema\\\/logo\\\/image\\\/\",\"url\":\"https:\\\/\\\/insektenliebe.com\\\/wp-content\\\/uploads\\\/2025\\\/03\\\/logo-white.png\",\"contentUrl\":\"https:\\\/\\\/insektenliebe.com\\\/wp-content\\\/uploads\\\/2025\\\/03\\\/logo-white.png\",\"width\":288,\"height\":188,\"caption\":\"Insektenliebe\"},\"image\":{\"@id\":\"https:\\\/\\\/insektenliebe.com\\\/de\\\/#\\\/schema\\\/logo\\\/image\\\/\"}}]}<\/script>\n<meta property=\"og:availability\" content=\"instock\" \/>\n<meta property=\"product:availability\" content=\"instock\" \/>\n<meta property=\"product:retailer_item_id\" content=\"315\" \/>\n<meta property=\"product:condition\" content=\"new\" \/>\n<!-- \/ Yoast SEO Premium plugin. -->","yoast_head_json":{"title":"Hobby Clamp Lamp - Insektenliebe","description":"Hobby Clamp Lamp \u2013 sichere Terrarienlampenhalterung mit Keramikfassung, reflektierendem Aluminium-Schirm und 360\u00b0 Kugelgelenk.","robots":{"index":"index","follow":"follow","max-snippet":"max-snippet:-1","max-image-preview":"max-image-preview:large","max-video-preview":"max-video-preview:-1"},"canonical":"https:\/\/insektenliebe.com\/de\/shop\/produkt\/hobby-clamp-lamp\/","og_locale":"de_DE","og_type":"article","og_title":"Hobby Clamp Lamp","og_description":"Hobby Clamp Lamp \u2013 sichere Terrarienlampenhalterung mit Keramikfassung, reflektierendem Aluminium-Schirm und 360\u00b0 Kugelgelenk.","og_url":"https:\/\/insektenliebe.com\/de\/shop\/produkt\/hobby-clamp-lamp\/","og_site_name":"Insektenliebe","article_modified_time":"2026-03-21T07:30:31+00:00","og_image":[{"width":820,"height":820,"url":"https:\/\/insektenliebe.com\/wp-content\/uploads\/2025\/05\/Hobby-Clamp-Lamp-14-cm-1-2.jpg","type":"image\/jpeg"}],"twitter_card":"summary_large_image","twitter_misc":{"Verf\u00fcgbarkeit":"Auf Lager"},"schema":{"@context":"https:\/\/schema.org","@graph":[{"@type":"WebPage","@id":"https:\/\/insektenliebe.com\/de\/shop\/produkt\/hobby-clamp-lamp\/","url":"https:\/\/insektenliebe.com\/de\/shop\/produkt\/hobby-clamp-lamp\/","name":"Hobby Clamp Lamp - Insektenliebe","isPartOf":{"@id":"https:\/\/insektenliebe.com\/de\/#website"},"primaryImageOfPage":{"@id":"https:\/\/insektenliebe.com\/de\/shop\/produkt\/hobby-clamp-lamp\/#primaryimage"},"image":{"@id":"https:\/\/insektenliebe.com\/de\/shop\/produkt\/hobby-clamp-lamp\/#primaryimage"},"thumbnailUrl":"https:\/\/insektenliebe.com\/wp-content\/uploads\/2025\/05\/Hobby-Clamp-Lamp-14-cm-1-2.jpg","datePublished":"2021-05-20T07:39:45+00:00","dateModified":"2026-03-21T07:30:31+00:00","description":"Hobby Clamp Lamp \u2013 sichere Terrarienlampenhalterung mit Keramikfassung, reflektierendem Aluminium-Schirm und 360\u00b0 Kugelgelenk.","breadcrumb":{"@id":"https:\/\/insektenliebe.com\/de\/shop\/produkt\/hobby-clamp-lamp\/#breadcrumb"},"inLanguage":"de","potentialAction":[{"@type":"ReadAction","target":["https:\/\/insektenliebe.com\/de\/shop\/produkt\/hobby-clamp-lamp\/"]}]},{"@type":"ImageObject","inLanguage":"de","@id":"https:\/\/insektenliebe.com\/de\/shop\/produkt\/hobby-clamp-lamp\/#primaryimage","url":"https:\/\/insektenliebe.com\/wp-content\/uploads\/2025\/05\/Hobby-Clamp-Lamp-14-cm-1-2.jpg","contentUrl":"https:\/\/insektenliebe.com\/wp-content\/uploads\/2025\/05\/Hobby-Clamp-Lamp-14-cm-1-2.jpg","width":820,"height":820,"caption":"Hobby-Clamp-Lamp-14-cm-1-2.jpg"},{"@type":"BreadcrumbList","@id":"https:\/\/insektenliebe.com\/de\/shop\/produkt\/hobby-clamp-lamp\/#breadcrumb","itemListElement":[{"@type":"ListItem","position":1,"name":"Startseite","item":"https:\/\/insektenliebe.com\/de\/"},{"@type":"ListItem","position":2,"name":"Shop","item":"https:\/\/insektenliebe.com\/de\/shop\/"},{"@type":"ListItem","position":3,"name":"Hobby Clamp Lamp"}]},{"@type":"WebSite","@id":"https:\/\/insektenliebe.com\/de\/#website","url":"https:\/\/insektenliebe.com\/de\/","name":"Insektenliebe","description":"Dein Zuhause f\u00fcr die kleinen Lebewesen","publisher":{"@id":"https:\/\/insektenliebe.com\/de\/#organization"},"potentialAction":[{"@type":"SearchAction","target":{"@type":"EntryPoint","urlTemplate":"https:\/\/insektenliebe.com\/de\/?s={search_term_string}"},"query-input":{"@type":"PropertyValueSpecification","valueRequired":true,"valueName":"search_term_string"}}],"inLanguage":"de"},{"@type":"Organization","@id":"https:\/\/insektenliebe.com\/de\/#organization","name":"Insektenliebe","url":"https:\/\/insektenliebe.com\/de\/","logo":{"@type":"ImageObject","inLanguage":"de","@id":"https:\/\/insektenliebe.com\/de\/#\/schema\/logo\/image\/","url":"https:\/\/insektenliebe.com\/wp-content\/uploads\/2025\/03\/logo-white.png","contentUrl":"https:\/\/insektenliebe.com\/wp-content\/uploads\/2025\/03\/logo-white.png","width":288,"height":188,"caption":"Insektenliebe"},"image":{"@id":"https:\/\/insektenliebe.com\/de\/#\/schema\/logo\/image\/"}}]},"og_availability":"instock","product_availability":"instock","product_retailer_item_id":"315","product_condition":"new"},"_links":{"self":[{"href":"https:\/\/insektenliebe.com\/de\/wp-json\/wp\/v2\/product\/5114","targetHints":{"allow":["GET"]}}],"collection":[{"href":"https:\/\/insektenliebe.com\/de\/wp-json\/wp\/v2\/product"}],"about":[{"href":"https:\/\/insektenliebe.com\/de\/wp-json\/wp\/v2\/types\/product"}],"wp:featuredmedia":[{"embeddable":true,"href":"https:\/\/insektenliebe.com\/de\/wp-json\/wp\/v2\/media\/5142"}],"wp:attachment":[{"href":"https:\/\/insektenliebe.com\/de\/wp-json\/wp\/v2\/media?parent=5114"}],"wp:term":[{"taxonomy":"product-supplier","embeddable":true,"href":"https:\/\/insektenliebe.com\/de\/wp-json\/wp\/v2\/product-supplier?post=5114"},{"taxonomy":"product_brand","embeddable":true,"href":"https:\/\/insektenliebe.com\/de\/wp-json\/wp\/v2\/product_brand?post=5114"},{"taxonomy":"product_cat","embeddable":true,"href":"https:\/\/insektenliebe.com\/de\/wp-json\/wp\/v2\/product_cat?post=5114"},{"taxonomy":"product_tag","embeddable":true,"href":"https:\/\/insektenliebe.com\/de\/wp-json\/wp\/v2\/product_tag?post=5114"},{"taxonomy":"lce-checkout-addons","embeddable":true,"href":"https:\/\/insektenliebe.com\/de\/wp-json\/wp\/v2\/lce-checkout-addons?post=5114"}],"curies":[{"name":"wp","href":"https:\/\/api.w.org\/{rel}","templated":true}]}}