{"id":5067,"date":"2021-04-29T12:53:20","date_gmt":"2021-04-29T10:53:20","guid":{"rendered":"http:\/\/localhost\/ins-test\/?post_type=product&#038;p=5067"},"modified":"2026-02-07T21:54:14","modified_gmt":"2026-02-07T20:54:14","slug":"benoitolus-siamensis","status":"publish","type":"product","link":"https:\/\/insektenliebe.com\/de\/shop\/produkt\/benoitolus-siamensis\/","title":{"rendered":"Benoitolus siamensis"},"content":{"rendered":"<h3><span style=\"color: #99cc33\">Kurzbeschreibung:<\/span><\/h3>\n<p class=\"font_8\"><span class=\"hiddenSpellError\">Benoitolus<\/span>\u00a0<span class=\"hiddenSpellError\">siamensis<\/span>\u00a0ist eine kleine schlanke Art. Sie besitzt eine dunkelgraue Grundfarbe, wobei die R\u00e4nder des Kopfschildes, der hintere Abschnitt der Doppelsegmente und des Analsegmentes schmal\u00a0blass\u00a0gelblich gef\u00e4rbt sind. Die Antennen und Beine von\u00a0<span class=\"hiddenSpellError\">Benoitolus<\/span>\u00a0<span class=\"hiddenSpellError\">siamensis<\/span>\u00a0sind ebenfalls\u00a0blass\u00a0Gelb.<\/p>\n<p>Aufgrund\u00a0der relativ geringen\u00a0<span class=\"hiddenSpellError\">Adultgr\u00f6\u00dfe<\/span> und ihrem Drang zu klettern, eignet sich ein Terrarium mit der Gr\u00f6\u00dfe ab 20 x 20 x\u00a030 cm. Es sollte jedoch darauf geachtet werden, dass genug Platz f\u00fcr ein ausreichend hoch eingef\u00fclltes Substrat zur Verf\u00fcgung steht. Die\u00a0<span class=\"hiddenSpellError\">Substrath\u00f6he<\/span>\u00a0sollte bei dieser Art nicht unter 6 cm betragen! Das Substrat dient den Tieren als Lebensraum und Futter zugleich und wird auch bei dieser Art hin und wieder zur H\u00e4utung aufgesucht. Oftmals h\u00e4utet sich\u00a0<span class=\"hiddenSpellError\">Benoitolus<\/span>\u00a0<span class=\"hiddenSpellError\">siamensis<\/span>\u00a0aber einfach an der Oberfl\u00e4che.<\/p>\n<p>Tagestemperaturen von 25-28\u00a0\u00b0C\u00a0haben sich bei der Haltung dieser Art bew\u00e4hrt. Die Tiere sind tagaktiv und daher f\u00fcr jeden, der seine Tiere gerne beobachtet sehr interessant. Beim Erreichen der Temperaturen im Terrarium ist es wichtig, die W\u00e4rmequelle immer von oben anzubringen und niemals von unten! Der Bodengrund sollte stets\u00a0halb feucht\u00a0gehalten werden. Eine Luftfeuchtigkeit von 70-85\u00a0%\u00a0kommt am ehesten den Bedingungen ihres nat\u00fcrlichen Lebensraumes nach. Das Substrat kann man zus\u00e4tzlich mit Laub, Rindenst\u00fccken oder Moos abdecken. Das hilft dabei, es vor dem Austrocknen zu sch\u00fctzen.<\/p>\n<p><span class=\"hiddenSpellError\">Benoitolus<\/span>\u00a0<span class=\"hiddenSpellError\">siamensis<\/span>\u00a0findet man in Thailand immer in Strandn\u00e4he. Dort leben sie auf B\u00e4umen und halten sich dort gerne an Astgabeln, die mit Humus und Laub bef\u00fcllt sind, auf. Dort legen sie auch vorzugsweise ihre Eier ab und der Nachwuchs verbringt die erste Zeit an diesem Aufenthaltsort. Solche Stellen kann man im Terrarium gerne simulieren und beobachten, ob die Tiere diese auch annehmen.<\/p>\n<p>Diese Art ist auch f\u00fcr den Einsteiger geeignet, da sie sehr aktiv ist und auch l\u00e4ngere trockenere Perioden unbeschadet \u00fcbersteht. Ein Gesellschaftsbecken aus\u00a0<span class=\"hiddenSpellError\">Benoitolus<\/span>\u00a0<span class=\"hiddenSpellError\">siamensis<\/span>\u00a0und die ebenfalls aus Thailand stammenden\u00a0<span class=\"hiddenSpellError\">Cubaris-<\/span>Arten bietet sich an.<\/p>\n","protected":false},"excerpt":{"rendered":"<p>F\u00fcr ein Gesellschaftsterrarium mit Cubaris-Arten geeignet!<\/p>\n","protected":false},"featured_media":5097,"template":"","meta":{"_acf_changed":false},"product-supplier":[],"product_brand":[],"product_cat":[144],"product_tag":[],"lce-checkout-addons":[1202],"class_list":{"0":"post-5067","1":"product","2":"type-product","3":"status-publish","4":"has-post-thumbnail","6":"product_cat-tausendfuesser","7":"product_shipping_class-animal-shipping","8":"pa_herkunft-thailand","9":"pa_kontinent-asien","10":"lce-checkout-addons-winterverpackung","12":"first","13":"outofstock","14":"sale","15":"taxable","16":"shipping-taxable","17":"purchasable","18":"product-type-simple"},"acf":[],"yoast_head":"<!-- This site is optimized with the Yoast SEO plugin v27.3 - https:\/\/yoast.com\/product\/yoast-seo-wordpress\/ -->\n<title>Benoitolus siamensis - Insektenliebe<\/title>\n<meta name=\"description\" content=\"Wundersch\u00f6ne Benoitolus siamensis online kaufen. Wir bieten Nachzuchten dieser tollen Tausendf\u00fcsser-Art an. Direkt beim Z\u00fcchter kaufen.\" \/>\n<meta name=\"robots\" content=\"index, follow, max-snippet:-1, max-image-preview:large, max-video-preview:-1\" \/>\n<link rel=\"canonical\" href=\"https:\/\/insektenliebe.com\/de\/shop\/produkt\/benoitolus-siamensis\/\" \/>\n<meta property=\"og:locale\" content=\"de_DE\" \/>\n<meta property=\"og:type\" content=\"article\" \/>\n<meta property=\"og:title\" content=\"Benoitolus siamensis - Insektenliebe\" \/>\n<meta property=\"og:description\" content=\"Wundersch\u00f6ne Benoitolus siamensis online kaufen. Wir bieten Nachzuchten dieser tollen Tausendf\u00fcsser-Art an. Direkt beim Z\u00fcchter kaufen.\" \/>\n<meta property=\"og:url\" content=\"https:\/\/insektenliebe.com\/de\/shop\/produkt\/benoitolus-siamensis\/\" \/>\n<meta property=\"og:site_name\" content=\"Insektenliebe\" \/>\n<meta property=\"article:modified_time\" content=\"2026-02-07T20:54:14+00:00\" \/>\n<meta property=\"og:image\" content=\"https:\/\/insektenliebe.com\/wp-content\/uploads\/2025\/05\/Benoitolus-siamensis-2-2.jpg\" \/>\n\t<meta property=\"og:image:width\" content=\"820\" \/>\n\t<meta property=\"og:image:height\" content=\"820\" \/>\n\t<meta property=\"og:image:type\" content=\"image\/jpeg\" \/>\n<meta name=\"twitter:card\" content=\"summary_large_image\" \/>\n<meta name=\"twitter:label1\" content=\"Gesch\u00e4tzte Lesezeit\" \/>\n\t<meta name=\"twitter:data1\" content=\"2\u00a0Minuten\" \/>\n<script type=\"application\/ld+json\" class=\"yoast-schema-graph\">{\"@context\":\"https:\\\/\\\/schema.org\",\"@graph\":[{\"@type\":\"WebPage\",\"@id\":\"https:\\\/\\\/insektenliebe.com\\\/de\\\/shop\\\/produkt\\\/benoitolus-siamensis\\\/\",\"url\":\"https:\\\/\\\/insektenliebe.com\\\/de\\\/shop\\\/produkt\\\/benoitolus-siamensis\\\/\",\"name\":\"Benoitolus siamensis - Insektenliebe\",\"isPartOf\":{\"@id\":\"https:\\\/\\\/insektenliebe.com\\\/de\\\/#website\"},\"primaryImageOfPage\":{\"@id\":\"https:\\\/\\\/insektenliebe.com\\\/de\\\/shop\\\/produkt\\\/benoitolus-siamensis\\\/#primaryimage\"},\"image\":{\"@id\":\"https:\\\/\\\/insektenliebe.com\\\/de\\\/shop\\\/produkt\\\/benoitolus-siamensis\\\/#primaryimage\"},\"thumbnailUrl\":\"https:\\\/\\\/insektenliebe.com\\\/wp-content\\\/uploads\\\/2025\\\/05\\\/Benoitolus-siamensis-2-2.jpg\",\"datePublished\":\"2021-04-29T10:53:20+00:00\",\"dateModified\":\"2026-02-07T20:54:14+00:00\",\"description\":\"Wundersch\u00f6ne Benoitolus siamensis online kaufen. Wir bieten Nachzuchten dieser tollen Tausendf\u00fcsser-Art an. Direkt beim Z\u00fcchter kaufen.\",\"breadcrumb\":{\"@id\":\"https:\\\/\\\/insektenliebe.com\\\/de\\\/shop\\\/produkt\\\/benoitolus-siamensis\\\/#breadcrumb\"},\"inLanguage\":\"de\",\"potentialAction\":[{\"@type\":\"ReadAction\",\"target\":[\"https:\\\/\\\/insektenliebe.com\\\/de\\\/shop\\\/produkt\\\/benoitolus-siamensis\\\/\"]}]},{\"@type\":\"ImageObject\",\"inLanguage\":\"de\",\"@id\":\"https:\\\/\\\/insektenliebe.com\\\/de\\\/shop\\\/produkt\\\/benoitolus-siamensis\\\/#primaryimage\",\"url\":\"https:\\\/\\\/insektenliebe.com\\\/wp-content\\\/uploads\\\/2025\\\/05\\\/Benoitolus-siamensis-2-2.jpg\",\"contentUrl\":\"https:\\\/\\\/insektenliebe.com\\\/wp-content\\\/uploads\\\/2025\\\/05\\\/Benoitolus-siamensis-2-2.jpg\",\"width\":820,\"height\":820,\"caption\":\"Benoitolus-siamensis-2-2.jpg\"},{\"@type\":\"BreadcrumbList\",\"@id\":\"https:\\\/\\\/insektenliebe.com\\\/de\\\/shop\\\/produkt\\\/benoitolus-siamensis\\\/#breadcrumb\",\"itemListElement\":[{\"@type\":\"ListItem\",\"position\":1,\"name\":\"Startseite\",\"item\":\"https:\\\/\\\/insektenliebe.com\\\/de\\\/\"},{\"@type\":\"ListItem\",\"position\":2,\"name\":\"Shop\",\"item\":\"https:\\\/\\\/insektenliebe.com\\\/de\\\/shop\\\/\"},{\"@type\":\"ListItem\",\"position\":3,\"name\":\"Benoitolus siamensis\"}]},{\"@type\":\"WebSite\",\"@id\":\"https:\\\/\\\/insektenliebe.com\\\/de\\\/#website\",\"url\":\"https:\\\/\\\/insektenliebe.com\\\/de\\\/\",\"name\":\"Insektenliebe\",\"description\":\"Dein Zuhause f\u00fcr die kleinen Lebewesen\",\"publisher\":{\"@id\":\"https:\\\/\\\/insektenliebe.com\\\/de\\\/#organization\"},\"potentialAction\":[{\"@type\":\"SearchAction\",\"target\":{\"@type\":\"EntryPoint\",\"urlTemplate\":\"https:\\\/\\\/insektenliebe.com\\\/de\\\/?s={search_term_string}\"},\"query-input\":{\"@type\":\"PropertyValueSpecification\",\"valueRequired\":true,\"valueName\":\"search_term_string\"}}],\"inLanguage\":\"de\"},{\"@type\":\"Organization\",\"@id\":\"https:\\\/\\\/insektenliebe.com\\\/de\\\/#organization\",\"name\":\"Insektenliebe\",\"url\":\"https:\\\/\\\/insektenliebe.com\\\/de\\\/\",\"logo\":{\"@type\":\"ImageObject\",\"inLanguage\":\"de\",\"@id\":\"https:\\\/\\\/insektenliebe.com\\\/de\\\/#\\\/schema\\\/logo\\\/image\\\/\",\"url\":\"https:\\\/\\\/insektenliebe.com\\\/wp-content\\\/uploads\\\/2025\\\/03\\\/logo-white.png\",\"contentUrl\":\"https:\\\/\\\/insektenliebe.com\\\/wp-content\\\/uploads\\\/2025\\\/03\\\/logo-white.png\",\"width\":288,\"height\":188,\"caption\":\"Insektenliebe\"},\"image\":{\"@id\":\"https:\\\/\\\/insektenliebe.com\\\/de\\\/#\\\/schema\\\/logo\\\/image\\\/\"}}]}<\/script>\n<!-- \/ Yoast SEO plugin. -->","yoast_head_json":{"title":"Benoitolus siamensis - Insektenliebe","description":"Wundersch\u00f6ne Benoitolus siamensis online kaufen. Wir bieten Nachzuchten dieser tollen Tausendf\u00fcsser-Art an. Direkt beim Z\u00fcchter kaufen.","robots":{"index":"index","follow":"follow","max-snippet":"max-snippet:-1","max-image-preview":"max-image-preview:large","max-video-preview":"max-video-preview:-1"},"canonical":"https:\/\/insektenliebe.com\/de\/shop\/produkt\/benoitolus-siamensis\/","og_locale":"de_DE","og_type":"article","og_title":"Benoitolus siamensis - Insektenliebe","og_description":"Wundersch\u00f6ne Benoitolus siamensis online kaufen. Wir bieten Nachzuchten dieser tollen Tausendf\u00fcsser-Art an. Direkt beim Z\u00fcchter kaufen.","og_url":"https:\/\/insektenliebe.com\/de\/shop\/produkt\/benoitolus-siamensis\/","og_site_name":"Insektenliebe","article_modified_time":"2026-02-07T20:54:14+00:00","og_image":[{"width":820,"height":820,"url":"https:\/\/insektenliebe.com\/wp-content\/uploads\/2025\/05\/Benoitolus-siamensis-2-2.jpg","type":"image\/jpeg"}],"twitter_card":"summary_large_image","twitter_misc":{"Gesch\u00e4tzte Lesezeit":"2\u00a0Minuten"},"schema":{"@context":"https:\/\/schema.org","@graph":[{"@type":"WebPage","@id":"https:\/\/insektenliebe.com\/de\/shop\/produkt\/benoitolus-siamensis\/","url":"https:\/\/insektenliebe.com\/de\/shop\/produkt\/benoitolus-siamensis\/","name":"Benoitolus siamensis - Insektenliebe","isPartOf":{"@id":"https:\/\/insektenliebe.com\/de\/#website"},"primaryImageOfPage":{"@id":"https:\/\/insektenliebe.com\/de\/shop\/produkt\/benoitolus-siamensis\/#primaryimage"},"image":{"@id":"https:\/\/insektenliebe.com\/de\/shop\/produkt\/benoitolus-siamensis\/#primaryimage"},"thumbnailUrl":"https:\/\/insektenliebe.com\/wp-content\/uploads\/2025\/05\/Benoitolus-siamensis-2-2.jpg","datePublished":"2021-04-29T10:53:20+00:00","dateModified":"2026-02-07T20:54:14+00:00","description":"Wundersch\u00f6ne Benoitolus siamensis online kaufen. Wir bieten Nachzuchten dieser tollen Tausendf\u00fcsser-Art an. Direkt beim Z\u00fcchter kaufen.","breadcrumb":{"@id":"https:\/\/insektenliebe.com\/de\/shop\/produkt\/benoitolus-siamensis\/#breadcrumb"},"inLanguage":"de","potentialAction":[{"@type":"ReadAction","target":["https:\/\/insektenliebe.com\/de\/shop\/produkt\/benoitolus-siamensis\/"]}]},{"@type":"ImageObject","inLanguage":"de","@id":"https:\/\/insektenliebe.com\/de\/shop\/produkt\/benoitolus-siamensis\/#primaryimage","url":"https:\/\/insektenliebe.com\/wp-content\/uploads\/2025\/05\/Benoitolus-siamensis-2-2.jpg","contentUrl":"https:\/\/insektenliebe.com\/wp-content\/uploads\/2025\/05\/Benoitolus-siamensis-2-2.jpg","width":820,"height":820,"caption":"Benoitolus-siamensis-2-2.jpg"},{"@type":"BreadcrumbList","@id":"https:\/\/insektenliebe.com\/de\/shop\/produkt\/benoitolus-siamensis\/#breadcrumb","itemListElement":[{"@type":"ListItem","position":1,"name":"Startseite","item":"https:\/\/insektenliebe.com\/de\/"},{"@type":"ListItem","position":2,"name":"Shop","item":"https:\/\/insektenliebe.com\/de\/shop\/"},{"@type":"ListItem","position":3,"name":"Benoitolus siamensis"}]},{"@type":"WebSite","@id":"https:\/\/insektenliebe.com\/de\/#website","url":"https:\/\/insektenliebe.com\/de\/","name":"Insektenliebe","description":"Dein Zuhause f\u00fcr die kleinen Lebewesen","publisher":{"@id":"https:\/\/insektenliebe.com\/de\/#organization"},"potentialAction":[{"@type":"SearchAction","target":{"@type":"EntryPoint","urlTemplate":"https:\/\/insektenliebe.com\/de\/?s={search_term_string}"},"query-input":{"@type":"PropertyValueSpecification","valueRequired":true,"valueName":"search_term_string"}}],"inLanguage":"de"},{"@type":"Organization","@id":"https:\/\/insektenliebe.com\/de\/#organization","name":"Insektenliebe","url":"https:\/\/insektenliebe.com\/de\/","logo":{"@type":"ImageObject","inLanguage":"de","@id":"https:\/\/insektenliebe.com\/de\/#\/schema\/logo\/image\/","url":"https:\/\/insektenliebe.com\/wp-content\/uploads\/2025\/03\/logo-white.png","contentUrl":"https:\/\/insektenliebe.com\/wp-content\/uploads\/2025\/03\/logo-white.png","width":288,"height":188,"caption":"Insektenliebe"},"image":{"@id":"https:\/\/insektenliebe.com\/de\/#\/schema\/logo\/image\/"}}]}},"_links":{"self":[{"href":"https:\/\/insektenliebe.com\/de\/wp-json\/wp\/v2\/product\/5067","targetHints":{"allow":["GET"]}}],"collection":[{"href":"https:\/\/insektenliebe.com\/de\/wp-json\/wp\/v2\/product"}],"about":[{"href":"https:\/\/insektenliebe.com\/de\/wp-json\/wp\/v2\/types\/product"}],"wp:featuredmedia":[{"embeddable":true,"href":"https:\/\/insektenliebe.com\/de\/wp-json\/wp\/v2\/media\/5097"}],"wp:attachment":[{"href":"https:\/\/insektenliebe.com\/de\/wp-json\/wp\/v2\/media?parent=5067"}],"wp:term":[{"taxonomy":"product-supplier","embeddable":true,"href":"https:\/\/insektenliebe.com\/de\/wp-json\/wp\/v2\/product-supplier?post=5067"},{"taxonomy":"product_brand","embeddable":true,"href":"https:\/\/insektenliebe.com\/de\/wp-json\/wp\/v2\/product_brand?post=5067"},{"taxonomy":"product_cat","embeddable":true,"href":"https:\/\/insektenliebe.com\/de\/wp-json\/wp\/v2\/product_cat?post=5067"},{"taxonomy":"product_tag","embeddable":true,"href":"https:\/\/insektenliebe.com\/de\/wp-json\/wp\/v2\/product_tag?post=5067"},{"taxonomy":"lce-checkout-addons","embeddable":true,"href":"https:\/\/insektenliebe.com\/de\/wp-json\/wp\/v2\/lce-checkout-addons?post=5067"}],"curies":[{"name":"wp","href":"https:\/\/api.w.org\/{rel}","templated":true}]}}