{"id":5060,"date":"2021-04-22T15:12:00","date_gmt":"2021-04-22T13:12:00","guid":{"rendered":"http:\/\/localhost\/ins-test\/?post_type=product&#038;p=5060"},"modified":"2026-04-17T22:50:03","modified_gmt":"2026-04-17T20:50:03","slug":"exo-terra-analogthermometer","status":"publish","type":"product","link":"https:\/\/insektenliebe.com\/de\/shop\/produkt\/exo-terra-analogthermometer\/","title":{"rendered":"Exo Terra Analogthermometer"},"content":{"rendered":"<h3><span class=\"s1\" style=\"color: #99cc33;\">Exo Terra Analogthermometer \u2013 Klare Anzeige auf einen Blick<\/span><\/h3>\n<p class=\"p1\"><span class=\"s1\">Das <\/span><strong><span class=\"s2\">Exo Terra Analogthermometer<\/span><\/strong><span class=\"s1\"> erm\u00f6glicht dir eine zuverl\u00e4ssige und pr\u00e4zise Temperatur\u00fcberwachung im Terrarium. Gerade bei Reptilien, Amphibien und wirbellosen Arten spielt die Temperatur eine entscheidende Rolle f\u00fcr Aktivit\u00e4t, Verdauung und allgemeines Wohlbefinden. Mit diesem kompakten Thermometer beh\u00e4ltst du die Werte jederzeit im Blick.<\/span><\/p>\n<p class=\"p1\"><span class=\"s1\">Der gro\u00dfz\u00fcgige Messbereich von -20 \u00b0C bis 50 \u00b0C deckt s\u00e4mtliche relevanten Temperaturzonen ab. Dadurch eignet sich das Thermometer sowohl f\u00fcr tropische als auch f\u00fcr subtropische oder gem\u00e4\u00dfigte Setups. Selbst in k\u00fchleren \u00dcbergangsphasen oder bei Nachtabsenkungen zeigt es zuverl\u00e4ssig den aktuellen Wert an.<\/span><\/p>\n<p class=\"p1\"><span class=\"s1\">Die gut ablesbare Skala erm\u00f6glicht dir eine schnelle Kontrolle auf einen Blick. Du erkennst sofort, ob deine W\u00e4rmequelle korrekt arbeitet oder ob eine Anpassung erforderlich ist. Gerade in Kombination mit W\u00e4rmelampen, Heizmatten oder Thermostaten sorgt die kontinuierliche Kontrolle f\u00fcr zus\u00e4tzliche Sicherheit.<\/span><\/p>\n<p class=\"p1\"><span class=\"s1\">Die Montage gestaltet sich besonders einfach. Mit dem beiliegenden doppelseitigen Klebestreifen befestigst du das Thermometer direkt an der Innenseite des Terrariums. Du ben\u00f6tigst weder Werkzeug noch zus\u00e4tzliche Halterungen. Selbst bei erh\u00f6hter Luftfeuchtigkeit bleibt die Haftung stabil, sodass das Ger\u00e4t sicher an seinem Platz bleibt.<\/span><\/p>\n<p class=\"p1\"><span class=\"s1\">Durch seine kompakte Bauweise integriert sich das <strong>Exo Terra Analogthermometer<\/strong> unauff\u00e4llig ins Terrarium. Gleichzeitig liefert es dauerhaft pr\u00e4zise Messwerte, ohne Batterien oder externe Stromquellen zu ben\u00f6tigen. Das macht es wartungsarm und besonders zuverl\u00e4ssig im t\u00e4glichen Einsatz.<\/span><\/p>\n<p class=\"p1\"><span class=\"s1\">Wer stabile Klimabedingungen schaffen m\u00f6chte, kommt an einer verl\u00e4sslichen Temperaturkontrolle nicht vorbei. Mit dem <\/span><strong><span class=\"s2\">Exo Terra Analogthermometer<\/span><\/strong><span class=\"s1\"> erh\u00e4ltst du ein einfaches, robustes und effektives Werkzeug, das dich bei der artgerechten Haltung deiner Tiere optimal unterst\u00fctzt.<\/span><\/p>\n","protected":false},"excerpt":{"rendered":"<p>Exo Terra Analogthermometer \u2013 Klare Anzeige auf einen Blick Das Exo Terra Analogthermometer erm\u00f6glicht dir eine zuverl\u00e4ssige und pr\u00e4zise Temperatur\u00fcberwachung im Terrarium. Gerade bei Reptilien, Amphibien und wirbellosen Arten spielt die Temperatur eine entscheidende Rolle f\u00fcr Aktivit\u00e4t, Verdauung und allgemeines Wohlbefinden. Mit diesem kompakten Thermometer beh\u00e4ltst du die Werte jederzeit im Blick. Der gro\u00dfz\u00fcgige Messbereich [&hellip;]<\/p>\n","protected":false},"featured_media":5090,"template":"","meta":{"_acf_changed":false},"product-supplier":[2554],"product_brand":[639],"product_cat":[299,253],"product_tag":[],"lce-checkout-addons":[],"class_list":{"0":"post-5060","1":"product","2":"type-product","3":"status-publish","4":"has-post-thumbnail","6":"product_brand-exo-terra","7":"product_cat-beleuchtung-klima","8":"product_cat-einrichtung-dekoration","9":"product_shipping_class-equipment-shipping","11":"first","12":"instock","13":"sale","14":"taxable","15":"shipping-taxable","16":"purchasable","17":"product-type-simple"},"acf":[],"yoast_head":"<!-- This site is optimized with the Yoast SEO plugin v27.3 - https:\/\/yoast.com\/product\/yoast-seo-wordpress\/ -->\n<title>Exo Terra Analogthermometer - Insektenliebe<\/title>\n<meta name=\"description\" content=\"Exo Terra Analogthermometer \u2013 pr\u00e4zise Temperaturkontrolle im Terrarium von -20 \u00b0C bis 50 \u00b0C. Einfach anzubringen, auch bei hoher Luftfeuchtigkeit.\" \/>\n<meta name=\"robots\" content=\"index, follow, max-snippet:-1, max-image-preview:large, max-video-preview:-1\" \/>\n<link rel=\"canonical\" href=\"https:\/\/insektenliebe.com\/de\/shop\/produkt\/exo-terra-analogthermometer\/\" \/>\n<meta property=\"og:locale\" content=\"de_DE\" \/>\n<meta property=\"og:type\" content=\"article\" \/>\n<meta property=\"og:title\" content=\"Exo Terra Analogthermometer - Insektenliebe\" \/>\n<meta property=\"og:description\" content=\"Exo Terra Analogthermometer \u2013 pr\u00e4zise Temperaturkontrolle im Terrarium von -20 \u00b0C bis 50 \u00b0C. Einfach anzubringen, auch bei hoher Luftfeuchtigkeit.\" \/>\n<meta property=\"og:url\" content=\"https:\/\/insektenliebe.com\/de\/shop\/produkt\/exo-terra-analogthermometer\/\" \/>\n<meta property=\"og:site_name\" content=\"Insektenliebe\" \/>\n<meta property=\"article:modified_time\" content=\"2026-04-17T20:50:03+00:00\" \/>\n<meta property=\"og:image\" content=\"https:\/\/insektenliebe.com\/wp-content\/uploads\/2025\/05\/Exo-Terra-Analogthermometer-2.jpg\" \/>\n\t<meta property=\"og:image:width\" content=\"820\" \/>\n\t<meta property=\"og:image:height\" content=\"820\" \/>\n\t<meta property=\"og:image:type\" content=\"image\/jpeg\" \/>\n<meta name=\"twitter:card\" content=\"summary_large_image\" \/>\n<meta name=\"twitter:label1\" content=\"Gesch\u00e4tzte Lesezeit\" \/>\n\t<meta name=\"twitter:data1\" content=\"2\u00a0Minuten\" \/>\n<script type=\"application\/ld+json\" class=\"yoast-schema-graph\">{\"@context\":\"https:\\\/\\\/schema.org\",\"@graph\":[{\"@type\":\"WebPage\",\"@id\":\"https:\\\/\\\/insektenliebe.com\\\/de\\\/shop\\\/produkt\\\/exo-terra-analogthermometer\\\/\",\"url\":\"https:\\\/\\\/insektenliebe.com\\\/de\\\/shop\\\/produkt\\\/exo-terra-analogthermometer\\\/\",\"name\":\"Exo Terra Analogthermometer - Insektenliebe\",\"isPartOf\":{\"@id\":\"https:\\\/\\\/insektenliebe.com\\\/de\\\/#website\"},\"primaryImageOfPage\":{\"@id\":\"https:\\\/\\\/insektenliebe.com\\\/de\\\/shop\\\/produkt\\\/exo-terra-analogthermometer\\\/#primaryimage\"},\"image\":{\"@id\":\"https:\\\/\\\/insektenliebe.com\\\/de\\\/shop\\\/produkt\\\/exo-terra-analogthermometer\\\/#primaryimage\"},\"thumbnailUrl\":\"https:\\\/\\\/insektenliebe.com\\\/wp-content\\\/uploads\\\/2025\\\/05\\\/Exo-Terra-Analogthermometer-2.jpg\",\"datePublished\":\"2021-04-22T13:12:00+00:00\",\"dateModified\":\"2026-04-17T20:50:03+00:00\",\"description\":\"Exo Terra Analogthermometer \u2013 pr\u00e4zise Temperaturkontrolle im Terrarium von -20 \u00b0C bis 50 \u00b0C. Einfach anzubringen, auch bei hoher Luftfeuchtigkeit.\",\"breadcrumb\":{\"@id\":\"https:\\\/\\\/insektenliebe.com\\\/de\\\/shop\\\/produkt\\\/exo-terra-analogthermometer\\\/#breadcrumb\"},\"inLanguage\":\"de\",\"potentialAction\":[{\"@type\":\"ReadAction\",\"target\":[\"https:\\\/\\\/insektenliebe.com\\\/de\\\/shop\\\/produkt\\\/exo-terra-analogthermometer\\\/\"]}]},{\"@type\":\"ImageObject\",\"inLanguage\":\"de\",\"@id\":\"https:\\\/\\\/insektenliebe.com\\\/de\\\/shop\\\/produkt\\\/exo-terra-analogthermometer\\\/#primaryimage\",\"url\":\"https:\\\/\\\/insektenliebe.com\\\/wp-content\\\/uploads\\\/2025\\\/05\\\/Exo-Terra-Analogthermometer-2.jpg\",\"contentUrl\":\"https:\\\/\\\/insektenliebe.com\\\/wp-content\\\/uploads\\\/2025\\\/05\\\/Exo-Terra-Analogthermometer-2.jpg\",\"width\":820,\"height\":820,\"caption\":\"Exo-Terra-Analogthermometer-2.jpg\"},{\"@type\":\"BreadcrumbList\",\"@id\":\"https:\\\/\\\/insektenliebe.com\\\/de\\\/shop\\\/produkt\\\/exo-terra-analogthermometer\\\/#breadcrumb\",\"itemListElement\":[{\"@type\":\"ListItem\",\"position\":1,\"name\":\"Startseite\",\"item\":\"https:\\\/\\\/insektenliebe.com\\\/de\\\/\"},{\"@type\":\"ListItem\",\"position\":2,\"name\":\"Shop\",\"item\":\"https:\\\/\\\/insektenliebe.com\\\/de\\\/shop\\\/\"},{\"@type\":\"ListItem\",\"position\":3,\"name\":\"Exo Terra Analogthermometer\"}]},{\"@type\":\"WebSite\",\"@id\":\"https:\\\/\\\/insektenliebe.com\\\/de\\\/#website\",\"url\":\"https:\\\/\\\/insektenliebe.com\\\/de\\\/\",\"name\":\"Insektenliebe\",\"description\":\"Dein Zuhause f\u00fcr die kleinen Lebewesen\",\"publisher\":{\"@id\":\"https:\\\/\\\/insektenliebe.com\\\/de\\\/#organization\"},\"potentialAction\":[{\"@type\":\"SearchAction\",\"target\":{\"@type\":\"EntryPoint\",\"urlTemplate\":\"https:\\\/\\\/insektenliebe.com\\\/de\\\/?s={search_term_string}\"},\"query-input\":{\"@type\":\"PropertyValueSpecification\",\"valueRequired\":true,\"valueName\":\"search_term_string\"}}],\"inLanguage\":\"de\"},{\"@type\":\"Organization\",\"@id\":\"https:\\\/\\\/insektenliebe.com\\\/de\\\/#organization\",\"name\":\"Insektenliebe\",\"url\":\"https:\\\/\\\/insektenliebe.com\\\/de\\\/\",\"logo\":{\"@type\":\"ImageObject\",\"inLanguage\":\"de\",\"@id\":\"https:\\\/\\\/insektenliebe.com\\\/de\\\/#\\\/schema\\\/logo\\\/image\\\/\",\"url\":\"https:\\\/\\\/insektenliebe.com\\\/wp-content\\\/uploads\\\/2025\\\/03\\\/logo-white.png\",\"contentUrl\":\"https:\\\/\\\/insektenliebe.com\\\/wp-content\\\/uploads\\\/2025\\\/03\\\/logo-white.png\",\"width\":288,\"height\":188,\"caption\":\"Insektenliebe\"},\"image\":{\"@id\":\"https:\\\/\\\/insektenliebe.com\\\/de\\\/#\\\/schema\\\/logo\\\/image\\\/\"}}]}<\/script>\n<!-- \/ Yoast SEO plugin. -->","yoast_head_json":{"title":"Exo Terra Analogthermometer - Insektenliebe","description":"Exo Terra Analogthermometer \u2013 pr\u00e4zise Temperaturkontrolle im Terrarium von -20 \u00b0C bis 50 \u00b0C. Einfach anzubringen, auch bei hoher Luftfeuchtigkeit.","robots":{"index":"index","follow":"follow","max-snippet":"max-snippet:-1","max-image-preview":"max-image-preview:large","max-video-preview":"max-video-preview:-1"},"canonical":"https:\/\/insektenliebe.com\/de\/shop\/produkt\/exo-terra-analogthermometer\/","og_locale":"de_DE","og_type":"article","og_title":"Exo Terra Analogthermometer - Insektenliebe","og_description":"Exo Terra Analogthermometer \u2013 pr\u00e4zise Temperaturkontrolle im Terrarium von -20 \u00b0C bis 50 \u00b0C. Einfach anzubringen, auch bei hoher Luftfeuchtigkeit.","og_url":"https:\/\/insektenliebe.com\/de\/shop\/produkt\/exo-terra-analogthermometer\/","og_site_name":"Insektenliebe","article_modified_time":"2026-04-17T20:50:03+00:00","og_image":[{"width":820,"height":820,"url":"https:\/\/insektenliebe.com\/wp-content\/uploads\/2025\/05\/Exo-Terra-Analogthermometer-2.jpg","type":"image\/jpeg"}],"twitter_card":"summary_large_image","twitter_misc":{"Gesch\u00e4tzte Lesezeit":"2\u00a0Minuten"},"schema":{"@context":"https:\/\/schema.org","@graph":[{"@type":"WebPage","@id":"https:\/\/insektenliebe.com\/de\/shop\/produkt\/exo-terra-analogthermometer\/","url":"https:\/\/insektenliebe.com\/de\/shop\/produkt\/exo-terra-analogthermometer\/","name":"Exo Terra Analogthermometer - Insektenliebe","isPartOf":{"@id":"https:\/\/insektenliebe.com\/de\/#website"},"primaryImageOfPage":{"@id":"https:\/\/insektenliebe.com\/de\/shop\/produkt\/exo-terra-analogthermometer\/#primaryimage"},"image":{"@id":"https:\/\/insektenliebe.com\/de\/shop\/produkt\/exo-terra-analogthermometer\/#primaryimage"},"thumbnailUrl":"https:\/\/insektenliebe.com\/wp-content\/uploads\/2025\/05\/Exo-Terra-Analogthermometer-2.jpg","datePublished":"2021-04-22T13:12:00+00:00","dateModified":"2026-04-17T20:50:03+00:00","description":"Exo Terra Analogthermometer \u2013 pr\u00e4zise Temperaturkontrolle im Terrarium von -20 \u00b0C bis 50 \u00b0C. Einfach anzubringen, auch bei hoher Luftfeuchtigkeit.","breadcrumb":{"@id":"https:\/\/insektenliebe.com\/de\/shop\/produkt\/exo-terra-analogthermometer\/#breadcrumb"},"inLanguage":"de","potentialAction":[{"@type":"ReadAction","target":["https:\/\/insektenliebe.com\/de\/shop\/produkt\/exo-terra-analogthermometer\/"]}]},{"@type":"ImageObject","inLanguage":"de","@id":"https:\/\/insektenliebe.com\/de\/shop\/produkt\/exo-terra-analogthermometer\/#primaryimage","url":"https:\/\/insektenliebe.com\/wp-content\/uploads\/2025\/05\/Exo-Terra-Analogthermometer-2.jpg","contentUrl":"https:\/\/insektenliebe.com\/wp-content\/uploads\/2025\/05\/Exo-Terra-Analogthermometer-2.jpg","width":820,"height":820,"caption":"Exo-Terra-Analogthermometer-2.jpg"},{"@type":"BreadcrumbList","@id":"https:\/\/insektenliebe.com\/de\/shop\/produkt\/exo-terra-analogthermometer\/#breadcrumb","itemListElement":[{"@type":"ListItem","position":1,"name":"Startseite","item":"https:\/\/insektenliebe.com\/de\/"},{"@type":"ListItem","position":2,"name":"Shop","item":"https:\/\/insektenliebe.com\/de\/shop\/"},{"@type":"ListItem","position":3,"name":"Exo Terra Analogthermometer"}]},{"@type":"WebSite","@id":"https:\/\/insektenliebe.com\/de\/#website","url":"https:\/\/insektenliebe.com\/de\/","name":"Insektenliebe","description":"Dein Zuhause f\u00fcr die kleinen Lebewesen","publisher":{"@id":"https:\/\/insektenliebe.com\/de\/#organization"},"potentialAction":[{"@type":"SearchAction","target":{"@type":"EntryPoint","urlTemplate":"https:\/\/insektenliebe.com\/de\/?s={search_term_string}"},"query-input":{"@type":"PropertyValueSpecification","valueRequired":true,"valueName":"search_term_string"}}],"inLanguage":"de"},{"@type":"Organization","@id":"https:\/\/insektenliebe.com\/de\/#organization","name":"Insektenliebe","url":"https:\/\/insektenliebe.com\/de\/","logo":{"@type":"ImageObject","inLanguage":"de","@id":"https:\/\/insektenliebe.com\/de\/#\/schema\/logo\/image\/","url":"https:\/\/insektenliebe.com\/wp-content\/uploads\/2025\/03\/logo-white.png","contentUrl":"https:\/\/insektenliebe.com\/wp-content\/uploads\/2025\/03\/logo-white.png","width":288,"height":188,"caption":"Insektenliebe"},"image":{"@id":"https:\/\/insektenliebe.com\/de\/#\/schema\/logo\/image\/"}}]}},"_links":{"self":[{"href":"https:\/\/insektenliebe.com\/de\/wp-json\/wp\/v2\/product\/5060","targetHints":{"allow":["GET"]}}],"collection":[{"href":"https:\/\/insektenliebe.com\/de\/wp-json\/wp\/v2\/product"}],"about":[{"href":"https:\/\/insektenliebe.com\/de\/wp-json\/wp\/v2\/types\/product"}],"wp:featuredmedia":[{"embeddable":true,"href":"https:\/\/insektenliebe.com\/de\/wp-json\/wp\/v2\/media\/5090"}],"wp:attachment":[{"href":"https:\/\/insektenliebe.com\/de\/wp-json\/wp\/v2\/media?parent=5060"}],"wp:term":[{"taxonomy":"product-supplier","embeddable":true,"href":"https:\/\/insektenliebe.com\/de\/wp-json\/wp\/v2\/product-supplier?post=5060"},{"taxonomy":"product_brand","embeddable":true,"href":"https:\/\/insektenliebe.com\/de\/wp-json\/wp\/v2\/product_brand?post=5060"},{"taxonomy":"product_cat","embeddable":true,"href":"https:\/\/insektenliebe.com\/de\/wp-json\/wp\/v2\/product_cat?post=5060"},{"taxonomy":"product_tag","embeddable":true,"href":"https:\/\/insektenliebe.com\/de\/wp-json\/wp\/v2\/product_tag?post=5060"},{"taxonomy":"lce-checkout-addons","embeddable":true,"href":"https:\/\/insektenliebe.com\/de\/wp-json\/wp\/v2\/lce-checkout-addons?post=5060"}],"curies":[{"name":"wp","href":"https:\/\/api.w.org\/{rel}","templated":true}]}}