{"id":5052,"date":"2021-03-26T10:01:11","date_gmt":"2021-03-26T08:01:11","guid":{"rendered":"http:\/\/localhost\/ins-test\/?post_type=product&#038;p=5052"},"modified":"2026-04-19T20:16:30","modified_gmt":"2026-04-19T18:16:30","slug":"exo-terra-terrarium","status":"publish","type":"product","link":"https:\/\/insektenliebe.com\/de\/shop\/produkt\/exo-terra-terrarium\/","title":{"rendered":"Exo Terra Terrarium"},"content":{"rendered":"<h3><span class=\"s1\" style=\"color: #99cc33;\">Exo Terra Terrarium \u2013 Durchdachtes Design f\u00fcr sichere Haltung<\/span><\/h3>\n<p class=\"p1\"><span class=\"s1\">Das <\/span><strong><span class=\"s2\">Exo Terra Terrarium<\/span><\/strong><span class=\"s1\"> bildet die Grundlage f\u00fcr eine erfolgreiche Haltung von Asseln, Tausendf\u00fc\u00dfern und anderen Wirbellosen. Da viele Arten unterschiedliche klimatische Anspr\u00fcche haben, brauchst du ein System, das sich flexibel anpassen l\u00e4sst. Genau hier \u00fcberzeugt dieses Terrarium durch seine durchdachte Konstruktion und vielseitige Einsatzm\u00f6glichkeiten.<\/span><\/p>\n<p class=\"p1\"><span class=\"s1\">Die nach vorne \u00f6ffnenden Doppelt\u00fcren erm\u00f6glichen dir einen bequemen Zugang f\u00fcr Pflege, F\u00fctterung und Wartung. Gleichzeitig verhindert ein integriertes Schloss zuverl\u00e4ssig unerw\u00fcnschte \u201eAusbr\u00fcche\u201c. Du kannst die T\u00fcren unabh\u00e4ngig voneinander \u00f6ffnen, wodurch du gezielt arbeiten kannst, ohne das komplette Klima im Inneren zu st\u00f6ren.<\/span><\/p>\n<p class=\"p1\"><span class=\"s1\">Das feinmaschige Edelstahl-Top sorgt f\u00fcr optimale Bel\u00fcftung. Gleichzeitig l\u00e4sst es UVB- und Infrarotstrahlung problemlos eindringen, sodass du moderne Beleuchtungssysteme effektiv nutzen kannst. F\u00fcr Reinigungsarbeiten oder Umgestaltungen nimmst du das Netzgitter einfach komplett ab. Dadurch arbeitest du komfortabel und flexibel.<\/span><\/p>\n<p class=\"p1\"><span class=\"s1\">An der R\u00fcckseite befinden sich mehrere verschlie\u00dfbare Kabel- und Schlauchdurchf\u00fchrungen. So installierst du W\u00e4rmesteine, Beregnungsanlagen, Wasserf\u00e4lle oder Sensoren sauber und sicher. Der angehobene Bodenrahmen erlaubt zus\u00e4tzlich die Montage einer Substratheizung, wodurch du gezielt Temperaturzonen schaffen kannst.<\/span><\/p>\n<p class=\"p1\"><span class=\"s1\">Besonders praktisch sind die extra hoch angesetzten Frontscheiben. Dadurch kannst du dicke Substratschichten einbringen, Wasserbereiche integrieren oder sogar ein Paludarium realisieren. Gleichzeitig bleibt der Boden wasserdicht, sodass du dauerhaft feuchte Setups sicher betreiben kannst.<\/span><\/p>\n<p class=\"p1\"><span class=\"s1\">Ein weiteres Highlight ist die mitgelieferte Steinmotivr\u00fcckwand. Sie wirkt \u00e4u\u00dferst naturgetreu und schafft eine mehrdimensionale Struktur im Terrarium. Kletternde Arten profitieren von zus\u00e4tzlichen Fl\u00e4chen, w\u00e4hrend das Gesamtbild harmonisch wirkt. Die Farbe passt perfekt zu weiteren Exo Terra Dekorationselementen, sodass ein stimmiges Gesamtbild entsteht.<\/span><\/p>\n<p class=\"p1\"><span class=\"s1\">Ob als Quarant\u00e4nebecken, \u00dcbergangsl\u00f6sung oder High-End-Biotop \u2013 das <\/span><strong><span class=\"s2\">Exo Terra Terrarium<\/span><\/strong><span class=\"s1\"> passt sich deinem Konzept an. Es kombiniert Sicherheit, Technikfreundlichkeit und naturnahe Optik in einem System und bietet damit die ideale Basis f\u00fcr moderne Terraristik.<\/span><\/p>\n","protected":false},"excerpt":{"rendered":"<p>Exo Terra Terrarium \u2013 Durchdachtes Design f\u00fcr sichere Haltung Das Exo Terra Terrarium bildet die Grundlage f\u00fcr eine erfolgreiche Haltung von Asseln, Tausendf\u00fc\u00dfern und anderen Wirbellosen. Da viele Arten unterschiedliche klimatische Anspr\u00fcche haben, brauchst du ein System, das sich flexibel anpassen l\u00e4sst. Genau hier \u00fcberzeugt dieses Terrarium durch seine durchdachte Konstruktion und vielseitige Einsatzm\u00f6glichkeiten. Die [&hellip;]<\/p>\n","protected":false},"featured_media":5082,"template":"","meta":{"_acf_changed":false},"product-supplier":[2554],"product_brand":[639],"product_cat":[130],"product_tag":[],"lce-checkout-addons":[],"class_list":{"0":"post-5052","1":"product","2":"type-product","3":"status-publish","4":"has-post-thumbnail","6":"product_brand-exo-terra","7":"product_cat-terrarien-behaelter","8":"product_shipping_class-equipment-shipping","10":"first","11":"instock","12":"sale","13":"taxable","14":"shipping-taxable","15":"purchasable","16":"product-type-variable"},"acf":[],"yoast_head":"<!-- This site is optimized with the Yoast SEO plugin v27.3 - https:\/\/yoast.com\/product\/yoast-seo-wordpress\/ -->\n<title>Exo Terra Terrarium - Insektenliebe<\/title>\n<meta name=\"description\" content=\"G\u00fcnstiges Exo Terra Terrarium mit Frontt\u00fcren, Edelstahlgitter und Hintergrund. Ideal f\u00fcr Wirbellose, Asseln &amp; bioaktive Setups.\" \/>\n<meta name=\"robots\" content=\"index, follow, max-snippet:-1, max-image-preview:large, max-video-preview:-1\" \/>\n<link rel=\"canonical\" href=\"https:\/\/insektenliebe.com\/de\/shop\/produkt\/exo-terra-terrarium\/\" \/>\n<meta property=\"og:locale\" content=\"de_DE\" \/>\n<meta property=\"og:type\" content=\"article\" \/>\n<meta property=\"og:title\" content=\"Exo Terra Terrarium - Insektenliebe\" \/>\n<meta property=\"og:description\" content=\"G\u00fcnstiges Exo Terra Terrarium mit Frontt\u00fcren, Edelstahlgitter und Hintergrund. Ideal f\u00fcr Wirbellose, Asseln &amp; bioaktive Setups.\" \/>\n<meta property=\"og:url\" content=\"https:\/\/insektenliebe.com\/de\/shop\/produkt\/exo-terra-terrarium\/\" \/>\n<meta property=\"og:site_name\" content=\"Insektenliebe\" \/>\n<meta property=\"article:modified_time\" content=\"2026-04-19T18:16:30+00:00\" \/>\n<meta property=\"og:image\" content=\"https:\/\/insektenliebe.com\/wp-content\/uploads\/2025\/05\/Exo-Terra-20-x-20-x-20-cm-2.jpg\" \/>\n\t<meta property=\"og:image:width\" content=\"820\" \/>\n\t<meta property=\"og:image:height\" content=\"820\" \/>\n\t<meta property=\"og:image:type\" content=\"image\/jpeg\" \/>\n<meta name=\"twitter:card\" content=\"summary_large_image\" \/>\n<meta name=\"twitter:label1\" content=\"Gesch\u00e4tzte Lesezeit\" \/>\n\t<meta name=\"twitter:data1\" content=\"2\u00a0Minuten\" \/>\n<script type=\"application\/ld+json\" class=\"yoast-schema-graph\">{\"@context\":\"https:\\\/\\\/schema.org\",\"@graph\":[{\"@type\":\"WebPage\",\"@id\":\"https:\\\/\\\/insektenliebe.com\\\/de\\\/shop\\\/produkt\\\/exo-terra-terrarium\\\/\",\"url\":\"https:\\\/\\\/insektenliebe.com\\\/de\\\/shop\\\/produkt\\\/exo-terra-terrarium\\\/\",\"name\":\"Exo Terra Terrarium - Insektenliebe\",\"isPartOf\":{\"@id\":\"https:\\\/\\\/insektenliebe.com\\\/de\\\/#website\"},\"primaryImageOfPage\":{\"@id\":\"https:\\\/\\\/insektenliebe.com\\\/de\\\/shop\\\/produkt\\\/exo-terra-terrarium\\\/#primaryimage\"},\"image\":{\"@id\":\"https:\\\/\\\/insektenliebe.com\\\/de\\\/shop\\\/produkt\\\/exo-terra-terrarium\\\/#primaryimage\"},\"thumbnailUrl\":\"https:\\\/\\\/insektenliebe.com\\\/wp-content\\\/uploads\\\/2025\\\/05\\\/Exo-Terra-20-x-20-x-20-cm-2.jpg\",\"datePublished\":\"2021-03-26T08:01:11+00:00\",\"dateModified\":\"2026-04-19T18:16:30+00:00\",\"description\":\"G\u00fcnstiges Exo Terra Terrarium mit Frontt\u00fcren, Edelstahlgitter und Hintergrund. Ideal f\u00fcr Wirbellose, Asseln & bioaktive Setups.\",\"breadcrumb\":{\"@id\":\"https:\\\/\\\/insektenliebe.com\\\/de\\\/shop\\\/produkt\\\/exo-terra-terrarium\\\/#breadcrumb\"},\"inLanguage\":\"de\",\"potentialAction\":[{\"@type\":\"ReadAction\",\"target\":[\"https:\\\/\\\/insektenliebe.com\\\/de\\\/shop\\\/produkt\\\/exo-terra-terrarium\\\/\"]}]},{\"@type\":\"ImageObject\",\"inLanguage\":\"de\",\"@id\":\"https:\\\/\\\/insektenliebe.com\\\/de\\\/shop\\\/produkt\\\/exo-terra-terrarium\\\/#primaryimage\",\"url\":\"https:\\\/\\\/insektenliebe.com\\\/wp-content\\\/uploads\\\/2025\\\/05\\\/Exo-Terra-20-x-20-x-20-cm-2.jpg\",\"contentUrl\":\"https:\\\/\\\/insektenliebe.com\\\/wp-content\\\/uploads\\\/2025\\\/05\\\/Exo-Terra-20-x-20-x-20-cm-2.jpg\",\"width\":820,\"height\":820,\"caption\":\"Exo-Terra-20-x-20-x-20-cm-2.jpg\"},{\"@type\":\"BreadcrumbList\",\"@id\":\"https:\\\/\\\/insektenliebe.com\\\/de\\\/shop\\\/produkt\\\/exo-terra-terrarium\\\/#breadcrumb\",\"itemListElement\":[{\"@type\":\"ListItem\",\"position\":1,\"name\":\"Startseite\",\"item\":\"https:\\\/\\\/insektenliebe.com\\\/de\\\/\"},{\"@type\":\"ListItem\",\"position\":2,\"name\":\"Shop\",\"item\":\"https:\\\/\\\/insektenliebe.com\\\/de\\\/shop\\\/\"},{\"@type\":\"ListItem\",\"position\":3,\"name\":\"Exo Terra Terrarium\"}]},{\"@type\":\"WebSite\",\"@id\":\"https:\\\/\\\/insektenliebe.com\\\/de\\\/#website\",\"url\":\"https:\\\/\\\/insektenliebe.com\\\/de\\\/\",\"name\":\"Insektenliebe\",\"description\":\"Dein Zuhause f\u00fcr die kleinen Lebewesen\",\"publisher\":{\"@id\":\"https:\\\/\\\/insektenliebe.com\\\/de\\\/#organization\"},\"potentialAction\":[{\"@type\":\"SearchAction\",\"target\":{\"@type\":\"EntryPoint\",\"urlTemplate\":\"https:\\\/\\\/insektenliebe.com\\\/de\\\/?s={search_term_string}\"},\"query-input\":{\"@type\":\"PropertyValueSpecification\",\"valueRequired\":true,\"valueName\":\"search_term_string\"}}],\"inLanguage\":\"de\"},{\"@type\":\"Organization\",\"@id\":\"https:\\\/\\\/insektenliebe.com\\\/de\\\/#organization\",\"name\":\"Insektenliebe\",\"url\":\"https:\\\/\\\/insektenliebe.com\\\/de\\\/\",\"logo\":{\"@type\":\"ImageObject\",\"inLanguage\":\"de\",\"@id\":\"https:\\\/\\\/insektenliebe.com\\\/de\\\/#\\\/schema\\\/logo\\\/image\\\/\",\"url\":\"https:\\\/\\\/insektenliebe.com\\\/wp-content\\\/uploads\\\/2025\\\/03\\\/logo-white.png\",\"contentUrl\":\"https:\\\/\\\/insektenliebe.com\\\/wp-content\\\/uploads\\\/2025\\\/03\\\/logo-white.png\",\"width\":288,\"height\":188,\"caption\":\"Insektenliebe\"},\"image\":{\"@id\":\"https:\\\/\\\/insektenliebe.com\\\/de\\\/#\\\/schema\\\/logo\\\/image\\\/\"}}]}<\/script>\n<!-- \/ Yoast SEO plugin. -->","yoast_head_json":{"title":"Exo Terra Terrarium - Insektenliebe","description":"G\u00fcnstiges Exo Terra Terrarium mit Frontt\u00fcren, Edelstahlgitter und Hintergrund. Ideal f\u00fcr Wirbellose, Asseln & bioaktive Setups.","robots":{"index":"index","follow":"follow","max-snippet":"max-snippet:-1","max-image-preview":"max-image-preview:large","max-video-preview":"max-video-preview:-1"},"canonical":"https:\/\/insektenliebe.com\/de\/shop\/produkt\/exo-terra-terrarium\/","og_locale":"de_DE","og_type":"article","og_title":"Exo Terra Terrarium - Insektenliebe","og_description":"G\u00fcnstiges Exo Terra Terrarium mit Frontt\u00fcren, Edelstahlgitter und Hintergrund. Ideal f\u00fcr Wirbellose, Asseln & bioaktive Setups.","og_url":"https:\/\/insektenliebe.com\/de\/shop\/produkt\/exo-terra-terrarium\/","og_site_name":"Insektenliebe","article_modified_time":"2026-04-19T18:16:30+00:00","og_image":[{"width":820,"height":820,"url":"https:\/\/insektenliebe.com\/wp-content\/uploads\/2025\/05\/Exo-Terra-20-x-20-x-20-cm-2.jpg","type":"image\/jpeg"}],"twitter_card":"summary_large_image","twitter_misc":{"Gesch\u00e4tzte Lesezeit":"2\u00a0Minuten"},"schema":{"@context":"https:\/\/schema.org","@graph":[{"@type":"WebPage","@id":"https:\/\/insektenliebe.com\/de\/shop\/produkt\/exo-terra-terrarium\/","url":"https:\/\/insektenliebe.com\/de\/shop\/produkt\/exo-terra-terrarium\/","name":"Exo Terra Terrarium - Insektenliebe","isPartOf":{"@id":"https:\/\/insektenliebe.com\/de\/#website"},"primaryImageOfPage":{"@id":"https:\/\/insektenliebe.com\/de\/shop\/produkt\/exo-terra-terrarium\/#primaryimage"},"image":{"@id":"https:\/\/insektenliebe.com\/de\/shop\/produkt\/exo-terra-terrarium\/#primaryimage"},"thumbnailUrl":"https:\/\/insektenliebe.com\/wp-content\/uploads\/2025\/05\/Exo-Terra-20-x-20-x-20-cm-2.jpg","datePublished":"2021-03-26T08:01:11+00:00","dateModified":"2026-04-19T18:16:30+00:00","description":"G\u00fcnstiges Exo Terra Terrarium mit Frontt\u00fcren, Edelstahlgitter und Hintergrund. Ideal f\u00fcr Wirbellose, Asseln & bioaktive Setups.","breadcrumb":{"@id":"https:\/\/insektenliebe.com\/de\/shop\/produkt\/exo-terra-terrarium\/#breadcrumb"},"inLanguage":"de","potentialAction":[{"@type":"ReadAction","target":["https:\/\/insektenliebe.com\/de\/shop\/produkt\/exo-terra-terrarium\/"]}]},{"@type":"ImageObject","inLanguage":"de","@id":"https:\/\/insektenliebe.com\/de\/shop\/produkt\/exo-terra-terrarium\/#primaryimage","url":"https:\/\/insektenliebe.com\/wp-content\/uploads\/2025\/05\/Exo-Terra-20-x-20-x-20-cm-2.jpg","contentUrl":"https:\/\/insektenliebe.com\/wp-content\/uploads\/2025\/05\/Exo-Terra-20-x-20-x-20-cm-2.jpg","width":820,"height":820,"caption":"Exo-Terra-20-x-20-x-20-cm-2.jpg"},{"@type":"BreadcrumbList","@id":"https:\/\/insektenliebe.com\/de\/shop\/produkt\/exo-terra-terrarium\/#breadcrumb","itemListElement":[{"@type":"ListItem","position":1,"name":"Startseite","item":"https:\/\/insektenliebe.com\/de\/"},{"@type":"ListItem","position":2,"name":"Shop","item":"https:\/\/insektenliebe.com\/de\/shop\/"},{"@type":"ListItem","position":3,"name":"Exo Terra Terrarium"}]},{"@type":"WebSite","@id":"https:\/\/insektenliebe.com\/de\/#website","url":"https:\/\/insektenliebe.com\/de\/","name":"Insektenliebe","description":"Dein Zuhause f\u00fcr die kleinen Lebewesen","publisher":{"@id":"https:\/\/insektenliebe.com\/de\/#organization"},"potentialAction":[{"@type":"SearchAction","target":{"@type":"EntryPoint","urlTemplate":"https:\/\/insektenliebe.com\/de\/?s={search_term_string}"},"query-input":{"@type":"PropertyValueSpecification","valueRequired":true,"valueName":"search_term_string"}}],"inLanguage":"de"},{"@type":"Organization","@id":"https:\/\/insektenliebe.com\/de\/#organization","name":"Insektenliebe","url":"https:\/\/insektenliebe.com\/de\/","logo":{"@type":"ImageObject","inLanguage":"de","@id":"https:\/\/insektenliebe.com\/de\/#\/schema\/logo\/image\/","url":"https:\/\/insektenliebe.com\/wp-content\/uploads\/2025\/03\/logo-white.png","contentUrl":"https:\/\/insektenliebe.com\/wp-content\/uploads\/2025\/03\/logo-white.png","width":288,"height":188,"caption":"Insektenliebe"},"image":{"@id":"https:\/\/insektenliebe.com\/de\/#\/schema\/logo\/image\/"}}]}},"_links":{"self":[{"href":"https:\/\/insektenliebe.com\/de\/wp-json\/wp\/v2\/product\/5052","targetHints":{"allow":["GET"]}}],"collection":[{"href":"https:\/\/insektenliebe.com\/de\/wp-json\/wp\/v2\/product"}],"about":[{"href":"https:\/\/insektenliebe.com\/de\/wp-json\/wp\/v2\/types\/product"}],"wp:featuredmedia":[{"embeddable":true,"href":"https:\/\/insektenliebe.com\/de\/wp-json\/wp\/v2\/media\/5082"}],"wp:attachment":[{"href":"https:\/\/insektenliebe.com\/de\/wp-json\/wp\/v2\/media?parent=5052"}],"wp:term":[{"taxonomy":"product-supplier","embeddable":true,"href":"https:\/\/insektenliebe.com\/de\/wp-json\/wp\/v2\/product-supplier?post=5052"},{"taxonomy":"product_brand","embeddable":true,"href":"https:\/\/insektenliebe.com\/de\/wp-json\/wp\/v2\/product_brand?post=5052"},{"taxonomy":"product_cat","embeddable":true,"href":"https:\/\/insektenliebe.com\/de\/wp-json\/wp\/v2\/product_cat?post=5052"},{"taxonomy":"product_tag","embeddable":true,"href":"https:\/\/insektenliebe.com\/de\/wp-json\/wp\/v2\/product_tag?post=5052"},{"taxonomy":"lce-checkout-addons","embeddable":true,"href":"https:\/\/insektenliebe.com\/de\/wp-json\/wp\/v2\/lce-checkout-addons?post=5052"}],"curies":[{"name":"wp","href":"https:\/\/api.w.org\/{rel}","templated":true}]}}