{"id":5049,"date":"2021-03-21T17:00:53","date_gmt":"2021-03-21T15:00:53","guid":{"rendered":"http:\/\/localhost\/ins-test\/?post_type=product&#038;p=5049"},"modified":"2026-03-07T11:15:14","modified_gmt":"2026-03-07T10:15:14","slug":"exo-terra-breeding-box","status":"publish","type":"product","link":"https:\/\/insektenliebe.com\/de\/shop\/produkt\/exo-terra-breeding-box\/","title":{"rendered":"Exo Terra Breeding Box"},"content":{"rendered":"<h3><span class=\"s1\" style=\"color: #99cc33;\">Exo Terra Breeding Box \u2013 Stapelbar und platzsparend<\/span><\/h3>\n<p class=\"p1\"><span class=\"s1\">Die <\/span><strong><span class=\"s2\">Exo Terra Breeding Box<\/span><\/strong><span class=\"s1\"> ist ein vielseitiges Kunststoffterrarium, das speziell f\u00fcr Zucht, Quarant\u00e4ne und Transport entwickelt wurde. Dank ihres durchdachten Designs bietet sie maximale Funktionalit\u00e4t auf kleinem Raum. Gleichzeitig bleibt sie stabil, transparent und einfach im Handling.<\/span><\/p>\n<p class=\"p1\"><span class=\"s1\">Ein besonderes Highlight ist die integrierte Futterluke an der Vorderseite des Deckels. Dadurch versorgst du deine Tiere mit Futter oder Wasser, ohne das gesamte Terrarium \u00f6ffnen zu m\u00fcssen. Selbst wenn mehrere Einheiten \u00fcbereinandergestapelt sind, erreichst du jede Box problemlos. Das spart Zeit und reduziert Stress bei den Tieren, da du sie nicht bewegen musst.<\/span><\/p>\n<p class=\"p1\"><span class=\"s1\">Die seitlichen L\u00fcftungsschlitze sorgen f\u00fcr eine konstante Luftzirkulation. Auch im gestapelten Zustand bleibt der Luftstrom optimal. Dadurch verhinderst du Hitzestau und schaffst stabile Bedingungen im Inneren. Gerade bei empfindlichen Jungtieren oder Futtertieren ist eine gute Bel\u00fcftung entscheidend.<\/span><\/p>\n<p class=\"p1\"><span class=\"s1\">Die Breeding Box eignet sich ideal als Aufzuchtterrarium. Du kannst mehrere Boxen platzsparend \u00fcbereinander stapeln und so deine Zucht \u00fcbersichtlich organisieren. Gleichzeitig bleibt jede Einheit einzeln zug\u00e4nglich. Auch f\u00fcr Ausstellungen oder Verkaufspr\u00e4sentationen bietet das transparente Design klare Vorteile, da du jederzeit freie Sicht auf die Tiere hast.<\/span><\/p>\n<p class=\"p1\"><span class=\"s1\">Neben der Zucht eignet sich das Kunststoffterrarium\u00a0hervorragend als Transportbeh\u00e4lter. Das robuste Kunststoffmaterial sch\u00fctzt die Tiere zuverl\u00e4ssig, w\u00e4hrend die gro\u00dfe Zugangst\u00fcr im Deckel eine einfache Handhabung erm\u00f6glicht.<\/span><\/p>\n<p class=\"p1\"><span class=\"s1\">Ob f\u00fcr Reptilien, Amphibien, Wirbellose oder lebendes Futter \u2013 die <\/span><span class=\"s2\">Zuchtbox<\/span><span class=\"s1\"> kombiniert Stapelbarkeit, Bel\u00fcftung und einfache F\u00fctterung in einem durchdachten System. Wer eine praktische, platzsparende und stressreduzierende L\u00f6sung sucht, erh\u00e4lt hier ein vielseitiges Terrarium f\u00fcr den professionellen Einsatz.<\/span><\/p>\n<p><strong>Ausf\u00fchrung:<\/strong><\/p>\n<p><strong>Exo Terra Box S: <\/strong>20,5 x 20,5 x 14 cm<\/p>\n<p><strong>Exo Terra Box M:<\/strong>\u00a030,2 x 19,6 x 14,7 cm<\/p>\n","protected":false},"excerpt":{"rendered":"<p>Exo Terra Breeding Box \u2013 Stapelbar und platzsparend Die Exo Terra Breeding Box ist ein vielseitiges Kunststoffterrarium, das speziell f\u00fcr Zucht, Quarant\u00e4ne und Transport entwickelt wurde. Dank ihres durchdachten Designs bietet sie maximale Funktionalit\u00e4t auf kleinem Raum. Gleichzeitig bleibt sie stabil, transparent und einfach im Handling. Ein besonderes Highlight ist die integrierte Futterluke an der [&hellip;]<\/p>\n","protected":false},"featured_media":5079,"template":"","meta":{"_acf_changed":false},"product-supplier":[2554],"product_brand":[639],"product_cat":[130],"product_tag":[],"lce-checkout-addons":[],"class_list":{"0":"post-5049","1":"product","2":"type-product","3":"status-publish","4":"has-post-thumbnail","6":"product_brand-exo-terra","7":"product_cat-terrarien-behaelter","8":"product_shipping_class-equipment-shipping","10":"first","11":"instock","12":"sale","13":"taxable","14":"shipping-taxable","15":"purchasable","16":"product-type-variable"},"acf":[],"yoast_head":"<!-- This site is optimized with the Yoast SEO plugin v27.3 - https:\/\/yoast.com\/product\/yoast-seo-wordpress\/ -->\n<title>Exo Terra Breeding Box - Insektenliebe<\/title>\n<meta name=\"description\" content=\"Exo Terra Breeding Box ist ein stapelbares Kunststoffterrarium mit Futterluke. Ideal f\u00fcr die Zucht, Transport und Quarant\u00e4ne.\" \/>\n<meta name=\"robots\" content=\"index, follow, max-snippet:-1, max-image-preview:large, max-video-preview:-1\" \/>\n<link rel=\"canonical\" href=\"https:\/\/insektenliebe.com\/de\/shop\/produkt\/exo-terra-breeding-box\/\" \/>\n<meta property=\"og:locale\" content=\"de_DE\" \/>\n<meta property=\"og:type\" content=\"article\" \/>\n<meta property=\"og:title\" content=\"Exo Terra Breeding Box - Insektenliebe\" \/>\n<meta property=\"og:description\" content=\"Exo Terra Breeding Box ist ein stapelbares Kunststoffterrarium mit Futterluke. Ideal f\u00fcr die Zucht, Transport und Quarant\u00e4ne.\" \/>\n<meta property=\"og:url\" content=\"https:\/\/insektenliebe.com\/de\/shop\/produkt\/exo-terra-breeding-box\/\" \/>\n<meta property=\"og:site_name\" content=\"Insektenliebe\" \/>\n<meta property=\"article:modified_time\" content=\"2026-03-07T10:15:14+00:00\" \/>\n<meta property=\"og:image\" content=\"https:\/\/insektenliebe.com\/wp-content\/uploads\/2025\/05\/Exo-Terra-Breeding-Box-M-2.jpg\" \/>\n\t<meta property=\"og:image:width\" content=\"820\" \/>\n\t<meta property=\"og:image:height\" content=\"820\" \/>\n\t<meta property=\"og:image:type\" content=\"image\/jpeg\" \/>\n<meta name=\"twitter:card\" content=\"summary_large_image\" \/>\n<meta name=\"twitter:label1\" content=\"Gesch\u00e4tzte Lesezeit\" \/>\n\t<meta name=\"twitter:data1\" content=\"2\u00a0Minuten\" \/>\n<script type=\"application\/ld+json\" class=\"yoast-schema-graph\">{\"@context\":\"https:\\\/\\\/schema.org\",\"@graph\":[{\"@type\":\"WebPage\",\"@id\":\"https:\\\/\\\/insektenliebe.com\\\/de\\\/shop\\\/produkt\\\/exo-terra-breeding-box\\\/\",\"url\":\"https:\\\/\\\/insektenliebe.com\\\/de\\\/shop\\\/produkt\\\/exo-terra-breeding-box\\\/\",\"name\":\"Exo Terra Breeding Box - Insektenliebe\",\"isPartOf\":{\"@id\":\"https:\\\/\\\/insektenliebe.com\\\/de\\\/#website\"},\"primaryImageOfPage\":{\"@id\":\"https:\\\/\\\/insektenliebe.com\\\/de\\\/shop\\\/produkt\\\/exo-terra-breeding-box\\\/#primaryimage\"},\"image\":{\"@id\":\"https:\\\/\\\/insektenliebe.com\\\/de\\\/shop\\\/produkt\\\/exo-terra-breeding-box\\\/#primaryimage\"},\"thumbnailUrl\":\"https:\\\/\\\/insektenliebe.com\\\/wp-content\\\/uploads\\\/2025\\\/05\\\/Exo-Terra-Breeding-Box-M-2.jpg\",\"datePublished\":\"2021-03-21T15:00:53+00:00\",\"dateModified\":\"2026-03-07T10:15:14+00:00\",\"description\":\"Exo Terra Breeding Box ist ein stapelbares Kunststoffterrarium mit Futterluke. Ideal f\u00fcr die Zucht, Transport und Quarant\u00e4ne.\",\"breadcrumb\":{\"@id\":\"https:\\\/\\\/insektenliebe.com\\\/de\\\/shop\\\/produkt\\\/exo-terra-breeding-box\\\/#breadcrumb\"},\"inLanguage\":\"de\",\"potentialAction\":[{\"@type\":\"ReadAction\",\"target\":[\"https:\\\/\\\/insektenliebe.com\\\/de\\\/shop\\\/produkt\\\/exo-terra-breeding-box\\\/\"]}]},{\"@type\":\"ImageObject\",\"inLanguage\":\"de\",\"@id\":\"https:\\\/\\\/insektenliebe.com\\\/de\\\/shop\\\/produkt\\\/exo-terra-breeding-box\\\/#primaryimage\",\"url\":\"https:\\\/\\\/insektenliebe.com\\\/wp-content\\\/uploads\\\/2025\\\/05\\\/Exo-Terra-Breeding-Box-M-2.jpg\",\"contentUrl\":\"https:\\\/\\\/insektenliebe.com\\\/wp-content\\\/uploads\\\/2025\\\/05\\\/Exo-Terra-Breeding-Box-M-2.jpg\",\"width\":820,\"height\":820,\"caption\":\"Exo-Terra-Breeding-Box-M-2.jpg\"},{\"@type\":\"BreadcrumbList\",\"@id\":\"https:\\\/\\\/insektenliebe.com\\\/de\\\/shop\\\/produkt\\\/exo-terra-breeding-box\\\/#breadcrumb\",\"itemListElement\":[{\"@type\":\"ListItem\",\"position\":1,\"name\":\"Startseite\",\"item\":\"https:\\\/\\\/insektenliebe.com\\\/de\\\/\"},{\"@type\":\"ListItem\",\"position\":2,\"name\":\"Shop\",\"item\":\"https:\\\/\\\/insektenliebe.com\\\/de\\\/shop\\\/\"},{\"@type\":\"ListItem\",\"position\":3,\"name\":\"Exo Terra Breeding Box\"}]},{\"@type\":\"WebSite\",\"@id\":\"https:\\\/\\\/insektenliebe.com\\\/de\\\/#website\",\"url\":\"https:\\\/\\\/insektenliebe.com\\\/de\\\/\",\"name\":\"Insektenliebe\",\"description\":\"Dein Zuhause f\u00fcr die kleinen Lebewesen\",\"publisher\":{\"@id\":\"https:\\\/\\\/insektenliebe.com\\\/de\\\/#organization\"},\"potentialAction\":[{\"@type\":\"SearchAction\",\"target\":{\"@type\":\"EntryPoint\",\"urlTemplate\":\"https:\\\/\\\/insektenliebe.com\\\/de\\\/?s={search_term_string}\"},\"query-input\":{\"@type\":\"PropertyValueSpecification\",\"valueRequired\":true,\"valueName\":\"search_term_string\"}}],\"inLanguage\":\"de\"},{\"@type\":\"Organization\",\"@id\":\"https:\\\/\\\/insektenliebe.com\\\/de\\\/#organization\",\"name\":\"Insektenliebe\",\"url\":\"https:\\\/\\\/insektenliebe.com\\\/de\\\/\",\"logo\":{\"@type\":\"ImageObject\",\"inLanguage\":\"de\",\"@id\":\"https:\\\/\\\/insektenliebe.com\\\/de\\\/#\\\/schema\\\/logo\\\/image\\\/\",\"url\":\"https:\\\/\\\/insektenliebe.com\\\/wp-content\\\/uploads\\\/2025\\\/03\\\/logo-white.png\",\"contentUrl\":\"https:\\\/\\\/insektenliebe.com\\\/wp-content\\\/uploads\\\/2025\\\/03\\\/logo-white.png\",\"width\":288,\"height\":188,\"caption\":\"Insektenliebe\"},\"image\":{\"@id\":\"https:\\\/\\\/insektenliebe.com\\\/de\\\/#\\\/schema\\\/logo\\\/image\\\/\"}}]}<\/script>\n<!-- \/ Yoast SEO plugin. -->","yoast_head_json":{"title":"Exo Terra Breeding Box - Insektenliebe","description":"Exo Terra Breeding Box ist ein stapelbares Kunststoffterrarium mit Futterluke. Ideal f\u00fcr die Zucht, Transport und Quarant\u00e4ne.","robots":{"index":"index","follow":"follow","max-snippet":"max-snippet:-1","max-image-preview":"max-image-preview:large","max-video-preview":"max-video-preview:-1"},"canonical":"https:\/\/insektenliebe.com\/de\/shop\/produkt\/exo-terra-breeding-box\/","og_locale":"de_DE","og_type":"article","og_title":"Exo Terra Breeding Box - Insektenliebe","og_description":"Exo Terra Breeding Box ist ein stapelbares Kunststoffterrarium mit Futterluke. Ideal f\u00fcr die Zucht, Transport und Quarant\u00e4ne.","og_url":"https:\/\/insektenliebe.com\/de\/shop\/produkt\/exo-terra-breeding-box\/","og_site_name":"Insektenliebe","article_modified_time":"2026-03-07T10:15:14+00:00","og_image":[{"width":820,"height":820,"url":"https:\/\/insektenliebe.com\/wp-content\/uploads\/2025\/05\/Exo-Terra-Breeding-Box-M-2.jpg","type":"image\/jpeg"}],"twitter_card":"summary_large_image","twitter_misc":{"Gesch\u00e4tzte Lesezeit":"2\u00a0Minuten"},"schema":{"@context":"https:\/\/schema.org","@graph":[{"@type":"WebPage","@id":"https:\/\/insektenliebe.com\/de\/shop\/produkt\/exo-terra-breeding-box\/","url":"https:\/\/insektenliebe.com\/de\/shop\/produkt\/exo-terra-breeding-box\/","name":"Exo Terra Breeding Box - Insektenliebe","isPartOf":{"@id":"https:\/\/insektenliebe.com\/de\/#website"},"primaryImageOfPage":{"@id":"https:\/\/insektenliebe.com\/de\/shop\/produkt\/exo-terra-breeding-box\/#primaryimage"},"image":{"@id":"https:\/\/insektenliebe.com\/de\/shop\/produkt\/exo-terra-breeding-box\/#primaryimage"},"thumbnailUrl":"https:\/\/insektenliebe.com\/wp-content\/uploads\/2025\/05\/Exo-Terra-Breeding-Box-M-2.jpg","datePublished":"2021-03-21T15:00:53+00:00","dateModified":"2026-03-07T10:15:14+00:00","description":"Exo Terra Breeding Box ist ein stapelbares Kunststoffterrarium mit Futterluke. Ideal f\u00fcr die Zucht, Transport und Quarant\u00e4ne.","breadcrumb":{"@id":"https:\/\/insektenliebe.com\/de\/shop\/produkt\/exo-terra-breeding-box\/#breadcrumb"},"inLanguage":"de","potentialAction":[{"@type":"ReadAction","target":["https:\/\/insektenliebe.com\/de\/shop\/produkt\/exo-terra-breeding-box\/"]}]},{"@type":"ImageObject","inLanguage":"de","@id":"https:\/\/insektenliebe.com\/de\/shop\/produkt\/exo-terra-breeding-box\/#primaryimage","url":"https:\/\/insektenliebe.com\/wp-content\/uploads\/2025\/05\/Exo-Terra-Breeding-Box-M-2.jpg","contentUrl":"https:\/\/insektenliebe.com\/wp-content\/uploads\/2025\/05\/Exo-Terra-Breeding-Box-M-2.jpg","width":820,"height":820,"caption":"Exo-Terra-Breeding-Box-M-2.jpg"},{"@type":"BreadcrumbList","@id":"https:\/\/insektenliebe.com\/de\/shop\/produkt\/exo-terra-breeding-box\/#breadcrumb","itemListElement":[{"@type":"ListItem","position":1,"name":"Startseite","item":"https:\/\/insektenliebe.com\/de\/"},{"@type":"ListItem","position":2,"name":"Shop","item":"https:\/\/insektenliebe.com\/de\/shop\/"},{"@type":"ListItem","position":3,"name":"Exo Terra Breeding Box"}]},{"@type":"WebSite","@id":"https:\/\/insektenliebe.com\/de\/#website","url":"https:\/\/insektenliebe.com\/de\/","name":"Insektenliebe","description":"Dein Zuhause f\u00fcr die kleinen Lebewesen","publisher":{"@id":"https:\/\/insektenliebe.com\/de\/#organization"},"potentialAction":[{"@type":"SearchAction","target":{"@type":"EntryPoint","urlTemplate":"https:\/\/insektenliebe.com\/de\/?s={search_term_string}"},"query-input":{"@type":"PropertyValueSpecification","valueRequired":true,"valueName":"search_term_string"}}],"inLanguage":"de"},{"@type":"Organization","@id":"https:\/\/insektenliebe.com\/de\/#organization","name":"Insektenliebe","url":"https:\/\/insektenliebe.com\/de\/","logo":{"@type":"ImageObject","inLanguage":"de","@id":"https:\/\/insektenliebe.com\/de\/#\/schema\/logo\/image\/","url":"https:\/\/insektenliebe.com\/wp-content\/uploads\/2025\/03\/logo-white.png","contentUrl":"https:\/\/insektenliebe.com\/wp-content\/uploads\/2025\/03\/logo-white.png","width":288,"height":188,"caption":"Insektenliebe"},"image":{"@id":"https:\/\/insektenliebe.com\/de\/#\/schema\/logo\/image\/"}}]}},"_links":{"self":[{"href":"https:\/\/insektenliebe.com\/de\/wp-json\/wp\/v2\/product\/5049","targetHints":{"allow":["GET"]}}],"collection":[{"href":"https:\/\/insektenliebe.com\/de\/wp-json\/wp\/v2\/product"}],"about":[{"href":"https:\/\/insektenliebe.com\/de\/wp-json\/wp\/v2\/types\/product"}],"wp:featuredmedia":[{"embeddable":true,"href":"https:\/\/insektenliebe.com\/de\/wp-json\/wp\/v2\/media\/5079"}],"wp:attachment":[{"href":"https:\/\/insektenliebe.com\/de\/wp-json\/wp\/v2\/media?parent=5049"}],"wp:term":[{"taxonomy":"product-supplier","embeddable":true,"href":"https:\/\/insektenliebe.com\/de\/wp-json\/wp\/v2\/product-supplier?post=5049"},{"taxonomy":"product_brand","embeddable":true,"href":"https:\/\/insektenliebe.com\/de\/wp-json\/wp\/v2\/product_brand?post=5049"},{"taxonomy":"product_cat","embeddable":true,"href":"https:\/\/insektenliebe.com\/de\/wp-json\/wp\/v2\/product_cat?post=5049"},{"taxonomy":"product_tag","embeddable":true,"href":"https:\/\/insektenliebe.com\/de\/wp-json\/wp\/v2\/product_tag?post=5049"},{"taxonomy":"lce-checkout-addons","embeddable":true,"href":"https:\/\/insektenliebe.com\/de\/wp-json\/wp\/v2\/lce-checkout-addons?post=5049"}],"curies":[{"name":"wp","href":"https:\/\/api.w.org\/{rel}","templated":true}]}}