{"id":5048,"date":"2021-03-21T16:49:28","date_gmt":"2021-03-21T14:49:28","guid":{"rendered":"http:\/\/localhost\/ins-test\/?post_type=product&#038;p=5048"},"modified":"2026-04-17T13:50:17","modified_gmt":"2026-04-17T11:50:17","slug":"exo-terra-faunarium","status":"publish","type":"product","link":"https:\/\/insektenliebe.com\/de\/shop\/produkt\/exo-terra-faunarium\/","title":{"rendered":"Exo Terra Faunarium"},"content":{"rendered":"<h3><span class=\"s1\" style=\"color: #99cc33;\">Exo Terra Faunarium \u2013 Vielseitige L\u00f6sung f\u00fcr Aufzucht und Pflege<\/span><\/h3>\n<p class=\"p1\"><span class=\"s1\">Das <\/span><strong><span class=\"s2\">Exo Terra Faunarium<\/span><\/strong><span class=\"s1\"> ist ein leichtes, stapelbares Allzweck-Terrarium aus robustem Kunststoff, das sich f\u00fcr zahlreiche Anwendungen eignet. Es bietet eine sichere und praktische L\u00f6sung f\u00fcr Reptilien, Amphibien, Spinnen, Asseln, Schaben, Tausendf\u00fc\u00dfer oder auch M\u00e4use. Gerade wenn du Tiere transportieren oder vor\u00fcbergehend unterbringen m\u00f6chtest, erleichtert dir dieses Faunarium den Alltag erheblich.<\/span><\/p>\n<p class=\"p1\"><span class=\"s1\">Besonders beim Transport von Terrarientieren sorgt die stabile Konstruktion f\u00fcr Sicherheit. Gleichzeitig erm\u00f6glicht die transparente Kunststofft\u00fcr einen schnellen und stressarmen Zugriff. Dadurch kannst du Tiere kontrollieren, f\u00fcttern oder umsetzen, ohne das gesamte Beh\u00e4ltnis \u00f6ffnen zu m\u00fcssen. Das reduziert Unruhe und minimiert das Risiko, dass Tiere entweichen.<\/span><\/p>\n<p class=\"p1\"><span class=\"s1\">Auch als Quarant\u00e4nebecken oder vor\u00fcbergehende Unterbringung leistet das <strong>Exo Terra Faunarium<\/strong> hervorragende Dienste. Wenn du neue Tiere beobachtest oder ein separates Setup f\u00fcr Reinigung und Wartung ben\u00f6tigst, bietet dir dieses Becken eine unkomplizierte L\u00f6sung. Dank der stapelbaren Bauweise kannst du mehrere Faunarien platzsparend \u00fcbereinander lagern, was besonders bei gr\u00f6\u00dferen Tierbest\u00e4nden praktisch ist.<\/span><\/p>\n<p class=\"p1\"><span class=\"s1\">Der hochwertige Kunststoff l\u00e4sst sich leicht reinigen und problemlos desinfizieren. Dadurch gew\u00e4hrleistest du hygienische Bedingungen, die gerade bei Futtertieren oder empfindlichen Arten entscheidend sind. Zudem ist das Material leicht, aber dennoch stabil genug f\u00fcr den t\u00e4glichen Gebrauch.<\/span><\/p>\n<p class=\"p1\"><span class=\"s1\">Das <\/span><strong><span class=\"s2\">Exo Terra Faunarium<\/span><\/strong><span class=\"s1\"> eignet sich nicht nur f\u00fcr die kurzfristige Haltung, sondern auch als Aufzuchtbeh\u00e4lter oder tempor\u00e4re Unterbringung w\u00e4hrend Umbauten im Hauptterrarium. Wer ein flexibles, langlebiges und vielseitig einsetzbares Kunststoff-Terrarium sucht, erh\u00e4lt hier eine durchdachte L\u00f6sung f\u00fcr viele Situationen im Terraristik-Alltag.<\/span><\/p>\n","protected":false},"excerpt":{"rendered":"<p>Exo Terra Faunarium \u2013 Vielseitige L\u00f6sung f\u00fcr Aufzucht und Pflege Das Exo Terra Faunarium ist ein leichtes, stapelbares Allzweck-Terrarium aus robustem Kunststoff, das sich f\u00fcr zahlreiche Anwendungen eignet. Es bietet eine sichere und praktische L\u00f6sung f\u00fcr Reptilien, Amphibien, Spinnen, Asseln, Schaben, Tausendf\u00fc\u00dfer oder auch M\u00e4use. Gerade wenn du Tiere transportieren oder vor\u00fcbergehend unterbringen m\u00f6chtest, erleichtert [&hellip;]<\/p>\n","protected":false},"featured_media":5078,"template":"","meta":{"_acf_changed":false},"product-supplier":[2554],"product_brand":[639],"product_cat":[130],"product_tag":[],"lce-checkout-addons":[],"class_list":{"0":"post-5048","1":"product","2":"type-product","3":"status-publish","4":"has-post-thumbnail","6":"product_brand-exo-terra","7":"product_cat-terrarien-behaelter","8":"product_shipping_class-equipment-shipping","10":"first","11":"instock","12":"sale","13":"taxable","14":"shipping-taxable","15":"purchasable","16":"product-type-variable"},"acf":[],"yoast_head":"<!-- This site is optimized with the Yoast SEO plugin v27.3 - https:\/\/yoast.com\/product\/yoast-seo-wordpress\/ -->\n<title>Exo Terra Faunarium - Insektenliebe<\/title>\n<meta name=\"description\" content=\"Exo Terra Faunarium \u2013 stapelbares Kunststoff-Terrarium f\u00fcr Transport, Quarant\u00e4ne oder Aufzucht. Leicht, hygienisch und vielseitig einsetzbar.\" \/>\n<meta name=\"robots\" content=\"index, follow, max-snippet:-1, max-image-preview:large, max-video-preview:-1\" \/>\n<link rel=\"canonical\" href=\"https:\/\/insektenliebe.com\/de\/shop\/produkt\/exo-terra-faunarium\/\" \/>\n<meta property=\"og:locale\" content=\"de_DE\" \/>\n<meta property=\"og:type\" content=\"article\" \/>\n<meta property=\"og:title\" content=\"Exo Terra Faunarium - Insektenliebe\" \/>\n<meta property=\"og:description\" content=\"Exo Terra Faunarium \u2013 stapelbares Kunststoff-Terrarium f\u00fcr Transport, Quarant\u00e4ne oder Aufzucht. Leicht, hygienisch und vielseitig einsetzbar.\" \/>\n<meta property=\"og:url\" content=\"https:\/\/insektenliebe.com\/de\/shop\/produkt\/exo-terra-faunarium\/\" \/>\n<meta property=\"og:site_name\" content=\"Insektenliebe\" \/>\n<meta property=\"article:modified_time\" content=\"2026-04-17T11:50:17+00:00\" \/>\n<meta property=\"og:image\" content=\"https:\/\/insektenliebe.com\/wp-content\/uploads\/2025\/05\/Exo-Terra-Faunarium-MINI-2.jpg\" \/>\n\t<meta property=\"og:image:width\" content=\"820\" \/>\n\t<meta property=\"og:image:height\" content=\"820\" \/>\n\t<meta property=\"og:image:type\" content=\"image\/jpeg\" \/>\n<meta name=\"twitter:card\" content=\"summary_large_image\" \/>\n<meta name=\"twitter:label1\" content=\"Gesch\u00e4tzte Lesezeit\" \/>\n\t<meta name=\"twitter:data1\" content=\"2\u00a0Minuten\" \/>\n<script type=\"application\/ld+json\" class=\"yoast-schema-graph\">{\"@context\":\"https:\\\/\\\/schema.org\",\"@graph\":[{\"@type\":\"WebPage\",\"@id\":\"https:\\\/\\\/insektenliebe.com\\\/de\\\/shop\\\/produkt\\\/exo-terra-faunarium\\\/\",\"url\":\"https:\\\/\\\/insektenliebe.com\\\/de\\\/shop\\\/produkt\\\/exo-terra-faunarium\\\/\",\"name\":\"Exo Terra Faunarium - Insektenliebe\",\"isPartOf\":{\"@id\":\"https:\\\/\\\/insektenliebe.com\\\/de\\\/#website\"},\"primaryImageOfPage\":{\"@id\":\"https:\\\/\\\/insektenliebe.com\\\/de\\\/shop\\\/produkt\\\/exo-terra-faunarium\\\/#primaryimage\"},\"image\":{\"@id\":\"https:\\\/\\\/insektenliebe.com\\\/de\\\/shop\\\/produkt\\\/exo-terra-faunarium\\\/#primaryimage\"},\"thumbnailUrl\":\"https:\\\/\\\/insektenliebe.com\\\/wp-content\\\/uploads\\\/2025\\\/05\\\/Exo-Terra-Faunarium-MINI-2.jpg\",\"datePublished\":\"2021-03-21T14:49:28+00:00\",\"dateModified\":\"2026-04-17T11:50:17+00:00\",\"description\":\"Exo Terra Faunarium \u2013 stapelbares Kunststoff-Terrarium f\u00fcr Transport, Quarant\u00e4ne oder Aufzucht. Leicht, hygienisch und vielseitig einsetzbar.\",\"breadcrumb\":{\"@id\":\"https:\\\/\\\/insektenliebe.com\\\/de\\\/shop\\\/produkt\\\/exo-terra-faunarium\\\/#breadcrumb\"},\"inLanguage\":\"de\",\"potentialAction\":[{\"@type\":\"ReadAction\",\"target\":[\"https:\\\/\\\/insektenliebe.com\\\/de\\\/shop\\\/produkt\\\/exo-terra-faunarium\\\/\"]}]},{\"@type\":\"ImageObject\",\"inLanguage\":\"de\",\"@id\":\"https:\\\/\\\/insektenliebe.com\\\/de\\\/shop\\\/produkt\\\/exo-terra-faunarium\\\/#primaryimage\",\"url\":\"https:\\\/\\\/insektenliebe.com\\\/wp-content\\\/uploads\\\/2025\\\/05\\\/Exo-Terra-Faunarium-MINI-2.jpg\",\"contentUrl\":\"https:\\\/\\\/insektenliebe.com\\\/wp-content\\\/uploads\\\/2025\\\/05\\\/Exo-Terra-Faunarium-MINI-2.jpg\",\"width\":820,\"height\":820,\"caption\":\"Exo-Terra-Faunarium-MINI-2.jpg\"},{\"@type\":\"BreadcrumbList\",\"@id\":\"https:\\\/\\\/insektenliebe.com\\\/de\\\/shop\\\/produkt\\\/exo-terra-faunarium\\\/#breadcrumb\",\"itemListElement\":[{\"@type\":\"ListItem\",\"position\":1,\"name\":\"Startseite\",\"item\":\"https:\\\/\\\/insektenliebe.com\\\/de\\\/\"},{\"@type\":\"ListItem\",\"position\":2,\"name\":\"Shop\",\"item\":\"https:\\\/\\\/insektenliebe.com\\\/de\\\/shop\\\/\"},{\"@type\":\"ListItem\",\"position\":3,\"name\":\"Exo Terra Faunarium\"}]},{\"@type\":\"WebSite\",\"@id\":\"https:\\\/\\\/insektenliebe.com\\\/de\\\/#website\",\"url\":\"https:\\\/\\\/insektenliebe.com\\\/de\\\/\",\"name\":\"Insektenliebe\",\"description\":\"Dein Zuhause f\u00fcr die kleinen Lebewesen\",\"publisher\":{\"@id\":\"https:\\\/\\\/insektenliebe.com\\\/de\\\/#organization\"},\"potentialAction\":[{\"@type\":\"SearchAction\",\"target\":{\"@type\":\"EntryPoint\",\"urlTemplate\":\"https:\\\/\\\/insektenliebe.com\\\/de\\\/?s={search_term_string}\"},\"query-input\":{\"@type\":\"PropertyValueSpecification\",\"valueRequired\":true,\"valueName\":\"search_term_string\"}}],\"inLanguage\":\"de\"},{\"@type\":\"Organization\",\"@id\":\"https:\\\/\\\/insektenliebe.com\\\/de\\\/#organization\",\"name\":\"Insektenliebe\",\"url\":\"https:\\\/\\\/insektenliebe.com\\\/de\\\/\",\"logo\":{\"@type\":\"ImageObject\",\"inLanguage\":\"de\",\"@id\":\"https:\\\/\\\/insektenliebe.com\\\/de\\\/#\\\/schema\\\/logo\\\/image\\\/\",\"url\":\"https:\\\/\\\/insektenliebe.com\\\/wp-content\\\/uploads\\\/2025\\\/03\\\/logo-white.png\",\"contentUrl\":\"https:\\\/\\\/insektenliebe.com\\\/wp-content\\\/uploads\\\/2025\\\/03\\\/logo-white.png\",\"width\":288,\"height\":188,\"caption\":\"Insektenliebe\"},\"image\":{\"@id\":\"https:\\\/\\\/insektenliebe.com\\\/de\\\/#\\\/schema\\\/logo\\\/image\\\/\"}}]}<\/script>\n<!-- \/ Yoast SEO plugin. -->","yoast_head_json":{"title":"Exo Terra Faunarium - Insektenliebe","description":"Exo Terra Faunarium \u2013 stapelbares Kunststoff-Terrarium f\u00fcr Transport, Quarant\u00e4ne oder Aufzucht. Leicht, hygienisch und vielseitig einsetzbar.","robots":{"index":"index","follow":"follow","max-snippet":"max-snippet:-1","max-image-preview":"max-image-preview:large","max-video-preview":"max-video-preview:-1"},"canonical":"https:\/\/insektenliebe.com\/de\/shop\/produkt\/exo-terra-faunarium\/","og_locale":"de_DE","og_type":"article","og_title":"Exo Terra Faunarium - Insektenliebe","og_description":"Exo Terra Faunarium \u2013 stapelbares Kunststoff-Terrarium f\u00fcr Transport, Quarant\u00e4ne oder Aufzucht. Leicht, hygienisch und vielseitig einsetzbar.","og_url":"https:\/\/insektenliebe.com\/de\/shop\/produkt\/exo-terra-faunarium\/","og_site_name":"Insektenliebe","article_modified_time":"2026-04-17T11:50:17+00:00","og_image":[{"width":820,"height":820,"url":"https:\/\/insektenliebe.com\/wp-content\/uploads\/2025\/05\/Exo-Terra-Faunarium-MINI-2.jpg","type":"image\/jpeg"}],"twitter_card":"summary_large_image","twitter_misc":{"Gesch\u00e4tzte Lesezeit":"2\u00a0Minuten"},"schema":{"@context":"https:\/\/schema.org","@graph":[{"@type":"WebPage","@id":"https:\/\/insektenliebe.com\/de\/shop\/produkt\/exo-terra-faunarium\/","url":"https:\/\/insektenliebe.com\/de\/shop\/produkt\/exo-terra-faunarium\/","name":"Exo Terra Faunarium - Insektenliebe","isPartOf":{"@id":"https:\/\/insektenliebe.com\/de\/#website"},"primaryImageOfPage":{"@id":"https:\/\/insektenliebe.com\/de\/shop\/produkt\/exo-terra-faunarium\/#primaryimage"},"image":{"@id":"https:\/\/insektenliebe.com\/de\/shop\/produkt\/exo-terra-faunarium\/#primaryimage"},"thumbnailUrl":"https:\/\/insektenliebe.com\/wp-content\/uploads\/2025\/05\/Exo-Terra-Faunarium-MINI-2.jpg","datePublished":"2021-03-21T14:49:28+00:00","dateModified":"2026-04-17T11:50:17+00:00","description":"Exo Terra Faunarium \u2013 stapelbares Kunststoff-Terrarium f\u00fcr Transport, Quarant\u00e4ne oder Aufzucht. Leicht, hygienisch und vielseitig einsetzbar.","breadcrumb":{"@id":"https:\/\/insektenliebe.com\/de\/shop\/produkt\/exo-terra-faunarium\/#breadcrumb"},"inLanguage":"de","potentialAction":[{"@type":"ReadAction","target":["https:\/\/insektenliebe.com\/de\/shop\/produkt\/exo-terra-faunarium\/"]}]},{"@type":"ImageObject","inLanguage":"de","@id":"https:\/\/insektenliebe.com\/de\/shop\/produkt\/exo-terra-faunarium\/#primaryimage","url":"https:\/\/insektenliebe.com\/wp-content\/uploads\/2025\/05\/Exo-Terra-Faunarium-MINI-2.jpg","contentUrl":"https:\/\/insektenliebe.com\/wp-content\/uploads\/2025\/05\/Exo-Terra-Faunarium-MINI-2.jpg","width":820,"height":820,"caption":"Exo-Terra-Faunarium-MINI-2.jpg"},{"@type":"BreadcrumbList","@id":"https:\/\/insektenliebe.com\/de\/shop\/produkt\/exo-terra-faunarium\/#breadcrumb","itemListElement":[{"@type":"ListItem","position":1,"name":"Startseite","item":"https:\/\/insektenliebe.com\/de\/"},{"@type":"ListItem","position":2,"name":"Shop","item":"https:\/\/insektenliebe.com\/de\/shop\/"},{"@type":"ListItem","position":3,"name":"Exo Terra Faunarium"}]},{"@type":"WebSite","@id":"https:\/\/insektenliebe.com\/de\/#website","url":"https:\/\/insektenliebe.com\/de\/","name":"Insektenliebe","description":"Dein Zuhause f\u00fcr die kleinen Lebewesen","publisher":{"@id":"https:\/\/insektenliebe.com\/de\/#organization"},"potentialAction":[{"@type":"SearchAction","target":{"@type":"EntryPoint","urlTemplate":"https:\/\/insektenliebe.com\/de\/?s={search_term_string}"},"query-input":{"@type":"PropertyValueSpecification","valueRequired":true,"valueName":"search_term_string"}}],"inLanguage":"de"},{"@type":"Organization","@id":"https:\/\/insektenliebe.com\/de\/#organization","name":"Insektenliebe","url":"https:\/\/insektenliebe.com\/de\/","logo":{"@type":"ImageObject","inLanguage":"de","@id":"https:\/\/insektenliebe.com\/de\/#\/schema\/logo\/image\/","url":"https:\/\/insektenliebe.com\/wp-content\/uploads\/2025\/03\/logo-white.png","contentUrl":"https:\/\/insektenliebe.com\/wp-content\/uploads\/2025\/03\/logo-white.png","width":288,"height":188,"caption":"Insektenliebe"},"image":{"@id":"https:\/\/insektenliebe.com\/de\/#\/schema\/logo\/image\/"}}]}},"_links":{"self":[{"href":"https:\/\/insektenliebe.com\/de\/wp-json\/wp\/v2\/product\/5048","targetHints":{"allow":["GET"]}}],"collection":[{"href":"https:\/\/insektenliebe.com\/de\/wp-json\/wp\/v2\/product"}],"about":[{"href":"https:\/\/insektenliebe.com\/de\/wp-json\/wp\/v2\/types\/product"}],"wp:featuredmedia":[{"embeddable":true,"href":"https:\/\/insektenliebe.com\/de\/wp-json\/wp\/v2\/media\/5078"}],"wp:attachment":[{"href":"https:\/\/insektenliebe.com\/de\/wp-json\/wp\/v2\/media?parent=5048"}],"wp:term":[{"taxonomy":"product-supplier","embeddable":true,"href":"https:\/\/insektenliebe.com\/de\/wp-json\/wp\/v2\/product-supplier?post=5048"},{"taxonomy":"product_brand","embeddable":true,"href":"https:\/\/insektenliebe.com\/de\/wp-json\/wp\/v2\/product_brand?post=5048"},{"taxonomy":"product_cat","embeddable":true,"href":"https:\/\/insektenliebe.com\/de\/wp-json\/wp\/v2\/product_cat?post=5048"},{"taxonomy":"product_tag","embeddable":true,"href":"https:\/\/insektenliebe.com\/de\/wp-json\/wp\/v2\/product_tag?post=5048"},{"taxonomy":"lce-checkout-addons","embeddable":true,"href":"https:\/\/insektenliebe.com\/de\/wp-json\/wp\/v2\/lce-checkout-addons?post=5048"}],"curies":[{"name":"wp","href":"https:\/\/api.w.org\/{rel}","templated":true}]}}