{"id":5047,"date":"2021-03-21T14:21:00","date_gmt":"2021-03-21T13:21:00","guid":{"rendered":"http:\/\/localhost\/ins-test\/?post_type=product&#038;p=5047"},"modified":"2026-03-26T12:40:52","modified_gmt":"2026-03-26T11:40:52","slug":"exo-terra-light-bracket","status":"publish","type":"product","link":"https:\/\/insektenliebe.com\/de\/shop\/produkt\/exo-terra-light-bracket\/","title":{"rendered":"Exo Terra Light Bracket"},"content":{"rendered":"<h3><span class=\"s1\" style=\"color: #99cc33;\">Exo Terra Light Bracket \u2013 Sichere Aufh\u00e4ngung f\u00fcr deine Terrarienbeleuchtung<\/span><\/h3>\n<p class=\"p1\"><span class=\"s1\">Der <\/span><span class=\"s2\"><strong>Exo Terra Light Bracket<\/strong><\/span><span class=\"s1\"> wurde speziell entwickelt, um Exo Terra Light Dome oder Wire Light Halterungen sicher \u00fcber einem Terrarium zu befestigen. Besonders bei Glasterrarien sorgt diese stabile Aufh\u00e4ngung f\u00fcr maximale Sicherheit und optimale Positionierung der Beleuchtung.<\/span><\/p>\n<p class=\"p1\"><span class=\"s1\">Statt die Lampen direkt auf dem Gitter zu platzieren, h\u00e4ngst du sie mit dem Light Bracket frei \u00fcber dem Terrarium auf. Dadurch verhinderst du ein versehentliches Umkippen der Beleuchtung. Gleichzeitig sch\u00fctzt du dein Terrarium vor Besch\u00e4digungen, die durch verrutschende Lampen entstehen k\u00f6nnten.<\/span><\/p>\n<p class=\"p1\"><span class=\"s1\">Die Licht-Klammer l\u00e4sst sich einfach anpassen und passt zu den meisten Beleuchtungshalterungen. Dank der verschiebbaren Gummischeibe stellst du die H\u00f6he flexibel ein. So regulierst du gezielt Abstand, W\u00e4rmeintensit\u00e4t und UV-Strahlung. Diese Anpassungsm\u00f6glichkeit erm\u00f6glicht es dir, die Beleuchtung exakt auf die Bed\u00fcrfnisse deiner Tiere abzustimmen.<\/span><\/p>\n<p class=\"p1\"><span class=\"s1\">Ein weiterer entscheidender Vorteil liegt in der verbesserten Bel\u00fcftung. Da die Lampen frei h\u00e4ngen, zirkuliert die Luft besser um das Leuchtmittel. Dadurch reduziert sich die Hitzeentwicklung direkt am Terrarium, und die Lampen arbeiten effizienter. Gleichzeitig verl\u00e4ngert sich die Lebensdauer deiner Leuchtmittel erheblich, weil sie nicht dauerhaft \u00fcberhitzen.<\/span><\/p>\n<p class=\"p1\"><span class=\"s1\">Sobald du die gew\u00fcnschte Position eingestellt hast, bleibt die Halterung stabil und sicher fixiert. Du musst die Lampen nach der Installation nicht st\u00e4ndig bewegen. Das sorgt f\u00fcr gleichbleibende Bedingungen im Terrarium und reduziert Stress f\u00fcr deine Tiere.<\/span><\/p>\n<p class=\"p1\"><span class=\"s1\">Der <\/span><strong><span class=\"s2\">Exo Terra Light Bracket<\/span><\/strong><span class=\"s1\"> kombiniert Sicherheit, Flexibilit\u00e4t und Langlebigkeit in einem durchdachten System. Er verhindert Umkippen, sch\u00fctzt dein Terrarium und optimiert die Lebensdauer deiner Beleuchtung. Wer eine professionelle und stabile L\u00f6sung f\u00fcr seine Terrarienlampen sucht, erh\u00e4lt hier eine zuverl\u00e4ssige und sichere Aufh\u00e4ngung.<\/span><\/p>\n","protected":false},"excerpt":{"rendered":"<p>Exo Terra Light Bracket \u2013 Sichere Aufh\u00e4ngung f\u00fcr deine Terrarienbeleuchtung Der Exo Terra Light Bracket wurde speziell entwickelt, um Exo Terra Light Dome oder Wire Light Halterungen sicher \u00fcber einem Terrarium zu befestigen. Besonders bei Glasterrarien sorgt diese stabile Aufh\u00e4ngung f\u00fcr maximale Sicherheit und optimale Positionierung der Beleuchtung. Statt die Lampen direkt auf dem Gitter [&hellip;]<\/p>\n","protected":false},"featured_media":5077,"template":"","meta":{"_acf_changed":false},"product-supplier":[2554],"product_brand":[639],"product_cat":[299],"product_tag":[],"lce-checkout-addons":[],"class_list":{"0":"post-5047","1":"product","2":"type-product","3":"status-publish","4":"has-post-thumbnail","6":"product_brand-exo-terra","7":"product_cat-beleuchtung-klima","8":"product_shipping_class-equipment-shipping","10":"first","11":"instock","12":"sale","13":"taxable","14":"shipping-taxable","15":"purchasable","16":"product-type-simple"},"acf":[],"yoast_head":"<!-- This site is optimized with the Yoast SEO plugin v27.3 - https:\/\/yoast.com\/product\/yoast-seo-wordpress\/ -->\n<title>Exo Terra Light Bracket - Insektenliebe<\/title>\n<meta name=\"description\" content=\"Exo Terra Light Bracket ist eine sichere Aufh\u00e4ngung f\u00fcr Light Dome &amp; Wire Light. Stabil, flexibel einstellbar und langlebig.\" \/>\n<meta name=\"robots\" content=\"index, follow, max-snippet:-1, max-image-preview:large, max-video-preview:-1\" \/>\n<link rel=\"canonical\" href=\"https:\/\/insektenliebe.com\/de\/shop\/produkt\/exo-terra-light-bracket\/\" \/>\n<meta property=\"og:locale\" content=\"de_DE\" \/>\n<meta property=\"og:type\" content=\"article\" \/>\n<meta property=\"og:title\" content=\"Exo Terra Light Bracket - Insektenliebe\" \/>\n<meta property=\"og:description\" content=\"Exo Terra Light Bracket ist eine sichere Aufh\u00e4ngung f\u00fcr Light Dome &amp; Wire Light. Stabil, flexibel einstellbar und langlebig.\" \/>\n<meta property=\"og:url\" content=\"https:\/\/insektenliebe.com\/de\/shop\/produkt\/exo-terra-light-bracket\/\" \/>\n<meta property=\"og:site_name\" content=\"Insektenliebe\" \/>\n<meta property=\"article:modified_time\" content=\"2026-03-26T11:40:52+00:00\" \/>\n<meta property=\"og:image\" content=\"https:\/\/insektenliebe.com\/wp-content\/uploads\/2025\/05\/Exo-Terra-Lichtklammer-2.jpg\" \/>\n\t<meta property=\"og:image:width\" content=\"820\" \/>\n\t<meta property=\"og:image:height\" content=\"820\" \/>\n\t<meta property=\"og:image:type\" content=\"image\/jpeg\" \/>\n<meta name=\"twitter:card\" content=\"summary_large_image\" \/>\n<meta name=\"twitter:label1\" content=\"Gesch\u00e4tzte Lesezeit\" \/>\n\t<meta name=\"twitter:data1\" content=\"2\u00a0Minuten\" \/>\n<script type=\"application\/ld+json\" class=\"yoast-schema-graph\">{\"@context\":\"https:\\\/\\\/schema.org\",\"@graph\":[{\"@type\":\"WebPage\",\"@id\":\"https:\\\/\\\/insektenliebe.com\\\/de\\\/shop\\\/produkt\\\/exo-terra-light-bracket\\\/\",\"url\":\"https:\\\/\\\/insektenliebe.com\\\/de\\\/shop\\\/produkt\\\/exo-terra-light-bracket\\\/\",\"name\":\"Exo Terra Light Bracket - Insektenliebe\",\"isPartOf\":{\"@id\":\"https:\\\/\\\/insektenliebe.com\\\/de\\\/#website\"},\"primaryImageOfPage\":{\"@id\":\"https:\\\/\\\/insektenliebe.com\\\/de\\\/shop\\\/produkt\\\/exo-terra-light-bracket\\\/#primaryimage\"},\"image\":{\"@id\":\"https:\\\/\\\/insektenliebe.com\\\/de\\\/shop\\\/produkt\\\/exo-terra-light-bracket\\\/#primaryimage\"},\"thumbnailUrl\":\"https:\\\/\\\/insektenliebe.com\\\/wp-content\\\/uploads\\\/2025\\\/05\\\/Exo-Terra-Lichtklammer-2.jpg\",\"datePublished\":\"2021-03-21T13:21:00+00:00\",\"dateModified\":\"2026-03-26T11:40:52+00:00\",\"description\":\"Exo Terra Light Bracket ist eine sichere Aufh\u00e4ngung f\u00fcr Light Dome & Wire Light. Stabil, flexibel einstellbar und langlebig.\",\"breadcrumb\":{\"@id\":\"https:\\\/\\\/insektenliebe.com\\\/de\\\/shop\\\/produkt\\\/exo-terra-light-bracket\\\/#breadcrumb\"},\"inLanguage\":\"de\",\"potentialAction\":[{\"@type\":\"ReadAction\",\"target\":[\"https:\\\/\\\/insektenliebe.com\\\/de\\\/shop\\\/produkt\\\/exo-terra-light-bracket\\\/\"]}]},{\"@type\":\"ImageObject\",\"inLanguage\":\"de\",\"@id\":\"https:\\\/\\\/insektenliebe.com\\\/de\\\/shop\\\/produkt\\\/exo-terra-light-bracket\\\/#primaryimage\",\"url\":\"https:\\\/\\\/insektenliebe.com\\\/wp-content\\\/uploads\\\/2025\\\/05\\\/Exo-Terra-Lichtklammer-2.jpg\",\"contentUrl\":\"https:\\\/\\\/insektenliebe.com\\\/wp-content\\\/uploads\\\/2025\\\/05\\\/Exo-Terra-Lichtklammer-2.jpg\",\"width\":820,\"height\":820,\"caption\":\"Exo-Terra-Lichtklammer-2.jpg\"},{\"@type\":\"BreadcrumbList\",\"@id\":\"https:\\\/\\\/insektenliebe.com\\\/de\\\/shop\\\/produkt\\\/exo-terra-light-bracket\\\/#breadcrumb\",\"itemListElement\":[{\"@type\":\"ListItem\",\"position\":1,\"name\":\"Startseite\",\"item\":\"https:\\\/\\\/insektenliebe.com\\\/de\\\/\"},{\"@type\":\"ListItem\",\"position\":2,\"name\":\"Shop\",\"item\":\"https:\\\/\\\/insektenliebe.com\\\/de\\\/shop\\\/\"},{\"@type\":\"ListItem\",\"position\":3,\"name\":\"Exo Terra Light Bracket\"}]},{\"@type\":\"WebSite\",\"@id\":\"https:\\\/\\\/insektenliebe.com\\\/de\\\/#website\",\"url\":\"https:\\\/\\\/insektenliebe.com\\\/de\\\/\",\"name\":\"Insektenliebe\",\"description\":\"Dein Zuhause f\u00fcr die kleinen Lebewesen\",\"publisher\":{\"@id\":\"https:\\\/\\\/insektenliebe.com\\\/de\\\/#organization\"},\"potentialAction\":[{\"@type\":\"SearchAction\",\"target\":{\"@type\":\"EntryPoint\",\"urlTemplate\":\"https:\\\/\\\/insektenliebe.com\\\/de\\\/?s={search_term_string}\"},\"query-input\":{\"@type\":\"PropertyValueSpecification\",\"valueRequired\":true,\"valueName\":\"search_term_string\"}}],\"inLanguage\":\"de\"},{\"@type\":\"Organization\",\"@id\":\"https:\\\/\\\/insektenliebe.com\\\/de\\\/#organization\",\"name\":\"Insektenliebe\",\"url\":\"https:\\\/\\\/insektenliebe.com\\\/de\\\/\",\"logo\":{\"@type\":\"ImageObject\",\"inLanguage\":\"de\",\"@id\":\"https:\\\/\\\/insektenliebe.com\\\/de\\\/#\\\/schema\\\/logo\\\/image\\\/\",\"url\":\"https:\\\/\\\/insektenliebe.com\\\/wp-content\\\/uploads\\\/2025\\\/03\\\/logo-white.png\",\"contentUrl\":\"https:\\\/\\\/insektenliebe.com\\\/wp-content\\\/uploads\\\/2025\\\/03\\\/logo-white.png\",\"width\":288,\"height\":188,\"caption\":\"Insektenliebe\"},\"image\":{\"@id\":\"https:\\\/\\\/insektenliebe.com\\\/de\\\/#\\\/schema\\\/logo\\\/image\\\/\"}}]}<\/script>\n<!-- \/ Yoast SEO plugin. -->","yoast_head_json":{"title":"Exo Terra Light Bracket - Insektenliebe","description":"Exo Terra Light Bracket ist eine sichere Aufh\u00e4ngung f\u00fcr Light Dome & Wire Light. Stabil, flexibel einstellbar und langlebig.","robots":{"index":"index","follow":"follow","max-snippet":"max-snippet:-1","max-image-preview":"max-image-preview:large","max-video-preview":"max-video-preview:-1"},"canonical":"https:\/\/insektenliebe.com\/de\/shop\/produkt\/exo-terra-light-bracket\/","og_locale":"de_DE","og_type":"article","og_title":"Exo Terra Light Bracket - Insektenliebe","og_description":"Exo Terra Light Bracket ist eine sichere Aufh\u00e4ngung f\u00fcr Light Dome & Wire Light. Stabil, flexibel einstellbar und langlebig.","og_url":"https:\/\/insektenliebe.com\/de\/shop\/produkt\/exo-terra-light-bracket\/","og_site_name":"Insektenliebe","article_modified_time":"2026-03-26T11:40:52+00:00","og_image":[{"width":820,"height":820,"url":"https:\/\/insektenliebe.com\/wp-content\/uploads\/2025\/05\/Exo-Terra-Lichtklammer-2.jpg","type":"image\/jpeg"}],"twitter_card":"summary_large_image","twitter_misc":{"Gesch\u00e4tzte Lesezeit":"2\u00a0Minuten"},"schema":{"@context":"https:\/\/schema.org","@graph":[{"@type":"WebPage","@id":"https:\/\/insektenliebe.com\/de\/shop\/produkt\/exo-terra-light-bracket\/","url":"https:\/\/insektenliebe.com\/de\/shop\/produkt\/exo-terra-light-bracket\/","name":"Exo Terra Light Bracket - Insektenliebe","isPartOf":{"@id":"https:\/\/insektenliebe.com\/de\/#website"},"primaryImageOfPage":{"@id":"https:\/\/insektenliebe.com\/de\/shop\/produkt\/exo-terra-light-bracket\/#primaryimage"},"image":{"@id":"https:\/\/insektenliebe.com\/de\/shop\/produkt\/exo-terra-light-bracket\/#primaryimage"},"thumbnailUrl":"https:\/\/insektenliebe.com\/wp-content\/uploads\/2025\/05\/Exo-Terra-Lichtklammer-2.jpg","datePublished":"2021-03-21T13:21:00+00:00","dateModified":"2026-03-26T11:40:52+00:00","description":"Exo Terra Light Bracket ist eine sichere Aufh\u00e4ngung f\u00fcr Light Dome & Wire Light. Stabil, flexibel einstellbar und langlebig.","breadcrumb":{"@id":"https:\/\/insektenliebe.com\/de\/shop\/produkt\/exo-terra-light-bracket\/#breadcrumb"},"inLanguage":"de","potentialAction":[{"@type":"ReadAction","target":["https:\/\/insektenliebe.com\/de\/shop\/produkt\/exo-terra-light-bracket\/"]}]},{"@type":"ImageObject","inLanguage":"de","@id":"https:\/\/insektenliebe.com\/de\/shop\/produkt\/exo-terra-light-bracket\/#primaryimage","url":"https:\/\/insektenliebe.com\/wp-content\/uploads\/2025\/05\/Exo-Terra-Lichtklammer-2.jpg","contentUrl":"https:\/\/insektenliebe.com\/wp-content\/uploads\/2025\/05\/Exo-Terra-Lichtklammer-2.jpg","width":820,"height":820,"caption":"Exo-Terra-Lichtklammer-2.jpg"},{"@type":"BreadcrumbList","@id":"https:\/\/insektenliebe.com\/de\/shop\/produkt\/exo-terra-light-bracket\/#breadcrumb","itemListElement":[{"@type":"ListItem","position":1,"name":"Startseite","item":"https:\/\/insektenliebe.com\/de\/"},{"@type":"ListItem","position":2,"name":"Shop","item":"https:\/\/insektenliebe.com\/de\/shop\/"},{"@type":"ListItem","position":3,"name":"Exo Terra Light Bracket"}]},{"@type":"WebSite","@id":"https:\/\/insektenliebe.com\/de\/#website","url":"https:\/\/insektenliebe.com\/de\/","name":"Insektenliebe","description":"Dein Zuhause f\u00fcr die kleinen Lebewesen","publisher":{"@id":"https:\/\/insektenliebe.com\/de\/#organization"},"potentialAction":[{"@type":"SearchAction","target":{"@type":"EntryPoint","urlTemplate":"https:\/\/insektenliebe.com\/de\/?s={search_term_string}"},"query-input":{"@type":"PropertyValueSpecification","valueRequired":true,"valueName":"search_term_string"}}],"inLanguage":"de"},{"@type":"Organization","@id":"https:\/\/insektenliebe.com\/de\/#organization","name":"Insektenliebe","url":"https:\/\/insektenliebe.com\/de\/","logo":{"@type":"ImageObject","inLanguage":"de","@id":"https:\/\/insektenliebe.com\/de\/#\/schema\/logo\/image\/","url":"https:\/\/insektenliebe.com\/wp-content\/uploads\/2025\/03\/logo-white.png","contentUrl":"https:\/\/insektenliebe.com\/wp-content\/uploads\/2025\/03\/logo-white.png","width":288,"height":188,"caption":"Insektenliebe"},"image":{"@id":"https:\/\/insektenliebe.com\/de\/#\/schema\/logo\/image\/"}}]}},"_links":{"self":[{"href":"https:\/\/insektenliebe.com\/de\/wp-json\/wp\/v2\/product\/5047","targetHints":{"allow":["GET"]}}],"collection":[{"href":"https:\/\/insektenliebe.com\/de\/wp-json\/wp\/v2\/product"}],"about":[{"href":"https:\/\/insektenliebe.com\/de\/wp-json\/wp\/v2\/types\/product"}],"wp:featuredmedia":[{"embeddable":true,"href":"https:\/\/insektenliebe.com\/de\/wp-json\/wp\/v2\/media\/5077"}],"wp:attachment":[{"href":"https:\/\/insektenliebe.com\/de\/wp-json\/wp\/v2\/media?parent=5047"}],"wp:term":[{"taxonomy":"product-supplier","embeddable":true,"href":"https:\/\/insektenliebe.com\/de\/wp-json\/wp\/v2\/product-supplier?post=5047"},{"taxonomy":"product_brand","embeddable":true,"href":"https:\/\/insektenliebe.com\/de\/wp-json\/wp\/v2\/product_brand?post=5047"},{"taxonomy":"product_cat","embeddable":true,"href":"https:\/\/insektenliebe.com\/de\/wp-json\/wp\/v2\/product_cat?post=5047"},{"taxonomy":"product_tag","embeddable":true,"href":"https:\/\/insektenliebe.com\/de\/wp-json\/wp\/v2\/product_tag?post=5047"},{"taxonomy":"lce-checkout-addons","embeddable":true,"href":"https:\/\/insektenliebe.com\/de\/wp-json\/wp\/v2\/lce-checkout-addons?post=5047"}],"curies":[{"name":"wp","href":"https:\/\/api.w.org\/{rel}","templated":true}]}}