{"id":5009,"date":"2021-02-26T10:06:00","date_gmt":"2021-02-26T09:06:00","guid":{"rendered":"http:\/\/localhost\/ins-test\/?post_type=product&#038;p=5009"},"modified":"2026-03-05T09:45:02","modified_gmt":"2026-03-05T08:45:02","slug":"armadillidium-granulatum-lemon","status":"publish","type":"product","link":"https:\/\/insektenliebe.com\/de\/shop\/produkt\/armadillidium-granulatum-lemon\/","title":{"rendered":"Armadillidium granulatum \"Lemon\""},"content":{"rendered":"<h3><span style=\"color: #99cc33\">Kurzbeschreibung:<\/span><\/h3>\n<p class=\"font_8\">Armadillidium granulatum \"Lemon\" ist die erste Farbmorph dieser Art. Es werden noch weitere Folgen, soviel ist jetzt schon sicher. Da Armadillidium granulatum durch ihre Gr\u00f6\u00dfe und der einfachen Haltung schon zahlreiche Halter begeistert, ist es f\u00fcr alle eine tolle Nachricht.<\/p>\n<p>Die Morphe hat eine braune Grundf\u00e4rbung mit gr\u00f6\u00dferen gelben Flecken als das Original. Die Gr\u00f6\u00dfe und auch die einfache Haltung hat sich durch die Mutation nicht ver\u00e4ndert. Im Zuchtstamm von Armadillidium granulatum \"Lemon\" tritt gelegentlich eine weitere Mutation mit dem Namen \"Magic Potion\" auf. Diese wird gerade von uns selektiert und herausgez\u00fcchtet. Daher bleibt die Art Armadillidium granulatum weiterhin spannend und man kann gespannt sein, was noch alles kommen wird.<\/p>\n<p>Die Haltung einer Gruppe Armadillidium granulatum \"Lemon\" ist bereits in Beh\u00e4ltern ab einem Fassungsverm\u00f6gen von 5l m\u00f6glich. Wichtig zu wissen ist hierbei, dass sich diese Asselart nicht weiter vermehrt, wenn das Platzangebot nicht ausreichend ist.\u00a0 Da der nat\u00fcrliche Lebensraum die Streuschicht in Laubw\u00e4ldern ist, sollte hierauf besonders Wert gelegt werden. Will man das Terrarium naturnah gestalten, so w\u00e4hlt man als Substrat eine ca. 10 cm hohe Schicht aus Laubwaldhumus, Laub und wei\u00dffaulem Holz. Auf dieser Schicht Substrat sollte man Moose, Rindenst\u00fccke und Laub verteilen. Zum einen dienen diese Dinge als Unterschlupf, zum anderen als Futter und zum Halten der Feuchtigkeit im Becken. Das Becken f\u00fcr Armadillidium granulatum \"Lemon\" sollte stets feucht gehalten werden. Staun\u00e4sse ist hierbei allerdings tunlichst zu vermeiden. Eine Luftfeuchtigkeit von 60-80% pendelt sich bei regelm\u00e4\u00dfigem Spr\u00fchen im Normalfall schnell von selbst ein. Die Tiere ben\u00f6tigen f\u00fcr den Aufbau ihres Panzers Kalk, welcher in Form von Sepia, zerriebenen Eierschalen oder \u00e4hnlichem gereicht werden kann. Als Futter dient das wei\u00dffaule Holz, sowie das im Substrat befindliche Laub. Zus\u00e4tzlich dazu wird Gem\u00fcse, Obst, Bl\u00fcten und Asselfutter gerne angenommen.<\/p>\n<p>&nbsp;<\/p>\n","protected":false},"excerpt":{"rendered":"<p>Neue Farbmorph mit hohen Gelbanteilen in brauner Grundf\u00e4rbung!<\/p>\n","protected":false},"featured_media":5038,"template":"","meta":{"_acf_changed":false},"product-supplier":[],"product_brand":[],"product_cat":[627,126],"product_tag":[],"lce-checkout-addons":[1202],"class_list":{"0":"post-5009","1":"product","2":"type-product","3":"status-publish","4":"has-post-thumbnail","6":"product_cat-asseln","7":"product_cat-rollasseln-armadillidium","8":"product_shipping_class-animal-shipping","9":"pa_herkunft-spanien","10":"pa_kontinent-europa","11":"lce-checkout-addons-winterverpackung","13":"first","14":"outofstock","15":"taxable","16":"shipping-taxable","17":"purchasable","18":"product-type-simple"},"acf":[],"yoast_head":"<!-- This site is optimized with the Yoast SEO plugin v27.3 - https:\/\/yoast.com\/product\/yoast-seo-wordpress\/ -->\n<title>Armadillidium granulatum &quot;Lemon&quot; - Insektenliebe<\/title>\n<meta name=\"description\" content=\"G\u00fcnstige Armadillidium granulatum &quot;Lemon&quot; online kaufen. Neue Morph, mit hohen Gelbanteile in brauner Grundf\u00e4rbung. Direkt vom Z\u00fcchter!\" \/>\n<meta name=\"robots\" content=\"index, follow, max-snippet:-1, max-image-preview:large, max-video-preview:-1\" \/>\n<link rel=\"canonical\" href=\"https:\/\/insektenliebe.com\/de\/shop\/produkt\/armadillidium-granulatum-lemon\/\" \/>\n<meta property=\"og:locale\" content=\"de_DE\" \/>\n<meta property=\"og:type\" content=\"article\" \/>\n<meta property=\"og:title\" content=\"Armadillidium granulatum &quot;Lemon&quot; - Insektenliebe\" \/>\n<meta property=\"og:description\" content=\"G\u00fcnstige Armadillidium granulatum &quot;Lemon&quot; online kaufen. Neue Morph, mit hohen Gelbanteile in brauner Grundf\u00e4rbung. Direkt vom Z\u00fcchter!\" \/>\n<meta property=\"og:url\" content=\"https:\/\/insektenliebe.com\/de\/shop\/produkt\/armadillidium-granulatum-lemon\/\" \/>\n<meta property=\"og:site_name\" content=\"Insektenliebe\" \/>\n<meta property=\"article:modified_time\" content=\"2026-03-05T08:45:02+00:00\" \/>\n<meta property=\"og:image\" content=\"https:\/\/insektenliebe.com\/wp-content\/uploads\/2025\/05\/Armadillidium-granulatum-22Lemon22-2.jpg\" \/>\n\t<meta property=\"og:image:width\" content=\"820\" \/>\n\t<meta property=\"og:image:height\" content=\"820\" \/>\n\t<meta property=\"og:image:type\" content=\"image\/jpeg\" \/>\n<meta name=\"twitter:card\" content=\"summary_large_image\" \/>\n<meta name=\"twitter:label1\" content=\"Gesch\u00e4tzte Lesezeit\" \/>\n\t<meta name=\"twitter:data1\" content=\"2\u00a0Minuten\" \/>\n<script type=\"application\/ld+json\" class=\"yoast-schema-graph\">{\"@context\":\"https:\\\/\\\/schema.org\",\"@graph\":[{\"@type\":\"WebPage\",\"@id\":\"https:\\\/\\\/insektenliebe.com\\\/de\\\/shop\\\/produkt\\\/armadillidium-granulatum-lemon\\\/\",\"url\":\"https:\\\/\\\/insektenliebe.com\\\/de\\\/shop\\\/produkt\\\/armadillidium-granulatum-lemon\\\/\",\"name\":\"Armadillidium granulatum \\\"Lemon\\\" - Insektenliebe\",\"isPartOf\":{\"@id\":\"https:\\\/\\\/insektenliebe.com\\\/de\\\/#website\"},\"primaryImageOfPage\":{\"@id\":\"https:\\\/\\\/insektenliebe.com\\\/de\\\/shop\\\/produkt\\\/armadillidium-granulatum-lemon\\\/#primaryimage\"},\"image\":{\"@id\":\"https:\\\/\\\/insektenliebe.com\\\/de\\\/shop\\\/produkt\\\/armadillidium-granulatum-lemon\\\/#primaryimage\"},\"thumbnailUrl\":\"https:\\\/\\\/insektenliebe.com\\\/wp-content\\\/uploads\\\/2025\\\/05\\\/Armadillidium-granulatum-22Lemon22-2.jpg\",\"datePublished\":\"2021-02-26T09:06:00+00:00\",\"dateModified\":\"2026-03-05T08:45:02+00:00\",\"description\":\"G\u00fcnstige Armadillidium granulatum \\\"Lemon\\\" online kaufen. Neue Morph, mit hohen Gelbanteile in brauner Grundf\u00e4rbung. Direkt vom Z\u00fcchter!\",\"breadcrumb\":{\"@id\":\"https:\\\/\\\/insektenliebe.com\\\/de\\\/shop\\\/produkt\\\/armadillidium-granulatum-lemon\\\/#breadcrumb\"},\"inLanguage\":\"de\",\"potentialAction\":[{\"@type\":\"ReadAction\",\"target\":[\"https:\\\/\\\/insektenliebe.com\\\/de\\\/shop\\\/produkt\\\/armadillidium-granulatum-lemon\\\/\"]}]},{\"@type\":\"ImageObject\",\"inLanguage\":\"de\",\"@id\":\"https:\\\/\\\/insektenliebe.com\\\/de\\\/shop\\\/produkt\\\/armadillidium-granulatum-lemon\\\/#primaryimage\",\"url\":\"https:\\\/\\\/insektenliebe.com\\\/wp-content\\\/uploads\\\/2025\\\/05\\\/Armadillidium-granulatum-22Lemon22-2.jpg\",\"contentUrl\":\"https:\\\/\\\/insektenliebe.com\\\/wp-content\\\/uploads\\\/2025\\\/05\\\/Armadillidium-granulatum-22Lemon22-2.jpg\",\"width\":820,\"height\":820,\"caption\":\"Armadillidium-granulatum-22Lemon22-2.jpg\"},{\"@type\":\"BreadcrumbList\",\"@id\":\"https:\\\/\\\/insektenliebe.com\\\/de\\\/shop\\\/produkt\\\/armadillidium-granulatum-lemon\\\/#breadcrumb\",\"itemListElement\":[{\"@type\":\"ListItem\",\"position\":1,\"name\":\"Startseite\",\"item\":\"https:\\\/\\\/insektenliebe.com\\\/de\\\/\"},{\"@type\":\"ListItem\",\"position\":2,\"name\":\"Shop\",\"item\":\"https:\\\/\\\/insektenliebe.com\\\/de\\\/shop\\\/\"},{\"@type\":\"ListItem\",\"position\":3,\"name\":\"Armadillidium granulatum \\\"Lemon\\\"\"}]},{\"@type\":\"WebSite\",\"@id\":\"https:\\\/\\\/insektenliebe.com\\\/de\\\/#website\",\"url\":\"https:\\\/\\\/insektenliebe.com\\\/de\\\/\",\"name\":\"Insektenliebe\",\"description\":\"Dein Zuhause f\u00fcr die kleinen Lebewesen\",\"publisher\":{\"@id\":\"https:\\\/\\\/insektenliebe.com\\\/de\\\/#organization\"},\"potentialAction\":[{\"@type\":\"SearchAction\",\"target\":{\"@type\":\"EntryPoint\",\"urlTemplate\":\"https:\\\/\\\/insektenliebe.com\\\/de\\\/?s={search_term_string}\"},\"query-input\":{\"@type\":\"PropertyValueSpecification\",\"valueRequired\":true,\"valueName\":\"search_term_string\"}}],\"inLanguage\":\"de\"},{\"@type\":\"Organization\",\"@id\":\"https:\\\/\\\/insektenliebe.com\\\/de\\\/#organization\",\"name\":\"Insektenliebe\",\"url\":\"https:\\\/\\\/insektenliebe.com\\\/de\\\/\",\"logo\":{\"@type\":\"ImageObject\",\"inLanguage\":\"de\",\"@id\":\"https:\\\/\\\/insektenliebe.com\\\/de\\\/#\\\/schema\\\/logo\\\/image\\\/\",\"url\":\"https:\\\/\\\/insektenliebe.com\\\/wp-content\\\/uploads\\\/2025\\\/03\\\/logo-white.png\",\"contentUrl\":\"https:\\\/\\\/insektenliebe.com\\\/wp-content\\\/uploads\\\/2025\\\/03\\\/logo-white.png\",\"width\":288,\"height\":188,\"caption\":\"Insektenliebe\"},\"image\":{\"@id\":\"https:\\\/\\\/insektenliebe.com\\\/de\\\/#\\\/schema\\\/logo\\\/image\\\/\"}}]}<\/script>\n<!-- \/ Yoast SEO plugin. -->","yoast_head_json":{"title":"Armadillidium granulatum \"Lemon\" - Insektenliebe","description":"G\u00fcnstige Armadillidium granulatum \"Lemon\" online kaufen. Neue Morph, mit hohen Gelbanteile in brauner Grundf\u00e4rbung. Direkt vom Z\u00fcchter!","robots":{"index":"index","follow":"follow","max-snippet":"max-snippet:-1","max-image-preview":"max-image-preview:large","max-video-preview":"max-video-preview:-1"},"canonical":"https:\/\/insektenliebe.com\/de\/shop\/produkt\/armadillidium-granulatum-lemon\/","og_locale":"de_DE","og_type":"article","og_title":"Armadillidium granulatum \"Lemon\" - Insektenliebe","og_description":"G\u00fcnstige Armadillidium granulatum \"Lemon\" online kaufen. Neue Morph, mit hohen Gelbanteile in brauner Grundf\u00e4rbung. Direkt vom Z\u00fcchter!","og_url":"https:\/\/insektenliebe.com\/de\/shop\/produkt\/armadillidium-granulatum-lemon\/","og_site_name":"Insektenliebe","article_modified_time":"2026-03-05T08:45:02+00:00","og_image":[{"width":820,"height":820,"url":"https:\/\/insektenliebe.com\/wp-content\/uploads\/2025\/05\/Armadillidium-granulatum-22Lemon22-2.jpg","type":"image\/jpeg"}],"twitter_card":"summary_large_image","twitter_misc":{"Gesch\u00e4tzte Lesezeit":"2\u00a0Minuten"},"schema":{"@context":"https:\/\/schema.org","@graph":[{"@type":"WebPage","@id":"https:\/\/insektenliebe.com\/de\/shop\/produkt\/armadillidium-granulatum-lemon\/","url":"https:\/\/insektenliebe.com\/de\/shop\/produkt\/armadillidium-granulatum-lemon\/","name":"Armadillidium granulatum \"Lemon\" - Insektenliebe","isPartOf":{"@id":"https:\/\/insektenliebe.com\/de\/#website"},"primaryImageOfPage":{"@id":"https:\/\/insektenliebe.com\/de\/shop\/produkt\/armadillidium-granulatum-lemon\/#primaryimage"},"image":{"@id":"https:\/\/insektenliebe.com\/de\/shop\/produkt\/armadillidium-granulatum-lemon\/#primaryimage"},"thumbnailUrl":"https:\/\/insektenliebe.com\/wp-content\/uploads\/2025\/05\/Armadillidium-granulatum-22Lemon22-2.jpg","datePublished":"2021-02-26T09:06:00+00:00","dateModified":"2026-03-05T08:45:02+00:00","description":"G\u00fcnstige Armadillidium granulatum \"Lemon\" online kaufen. Neue Morph, mit hohen Gelbanteile in brauner Grundf\u00e4rbung. Direkt vom Z\u00fcchter!","breadcrumb":{"@id":"https:\/\/insektenliebe.com\/de\/shop\/produkt\/armadillidium-granulatum-lemon\/#breadcrumb"},"inLanguage":"de","potentialAction":[{"@type":"ReadAction","target":["https:\/\/insektenliebe.com\/de\/shop\/produkt\/armadillidium-granulatum-lemon\/"]}]},{"@type":"ImageObject","inLanguage":"de","@id":"https:\/\/insektenliebe.com\/de\/shop\/produkt\/armadillidium-granulatum-lemon\/#primaryimage","url":"https:\/\/insektenliebe.com\/wp-content\/uploads\/2025\/05\/Armadillidium-granulatum-22Lemon22-2.jpg","contentUrl":"https:\/\/insektenliebe.com\/wp-content\/uploads\/2025\/05\/Armadillidium-granulatum-22Lemon22-2.jpg","width":820,"height":820,"caption":"Armadillidium-granulatum-22Lemon22-2.jpg"},{"@type":"BreadcrumbList","@id":"https:\/\/insektenliebe.com\/de\/shop\/produkt\/armadillidium-granulatum-lemon\/#breadcrumb","itemListElement":[{"@type":"ListItem","position":1,"name":"Startseite","item":"https:\/\/insektenliebe.com\/de\/"},{"@type":"ListItem","position":2,"name":"Shop","item":"https:\/\/insektenliebe.com\/de\/shop\/"},{"@type":"ListItem","position":3,"name":"Armadillidium granulatum \"Lemon\""}]},{"@type":"WebSite","@id":"https:\/\/insektenliebe.com\/de\/#website","url":"https:\/\/insektenliebe.com\/de\/","name":"Insektenliebe","description":"Dein Zuhause f\u00fcr die kleinen Lebewesen","publisher":{"@id":"https:\/\/insektenliebe.com\/de\/#organization"},"potentialAction":[{"@type":"SearchAction","target":{"@type":"EntryPoint","urlTemplate":"https:\/\/insektenliebe.com\/de\/?s={search_term_string}"},"query-input":{"@type":"PropertyValueSpecification","valueRequired":true,"valueName":"search_term_string"}}],"inLanguage":"de"},{"@type":"Organization","@id":"https:\/\/insektenliebe.com\/de\/#organization","name":"Insektenliebe","url":"https:\/\/insektenliebe.com\/de\/","logo":{"@type":"ImageObject","inLanguage":"de","@id":"https:\/\/insektenliebe.com\/de\/#\/schema\/logo\/image\/","url":"https:\/\/insektenliebe.com\/wp-content\/uploads\/2025\/03\/logo-white.png","contentUrl":"https:\/\/insektenliebe.com\/wp-content\/uploads\/2025\/03\/logo-white.png","width":288,"height":188,"caption":"Insektenliebe"},"image":{"@id":"https:\/\/insektenliebe.com\/de\/#\/schema\/logo\/image\/"}}]}},"_links":{"self":[{"href":"https:\/\/insektenliebe.com\/de\/wp-json\/wp\/v2\/product\/5009","targetHints":{"allow":["GET"]}}],"collection":[{"href":"https:\/\/insektenliebe.com\/de\/wp-json\/wp\/v2\/product"}],"about":[{"href":"https:\/\/insektenliebe.com\/de\/wp-json\/wp\/v2\/types\/product"}],"wp:featuredmedia":[{"embeddable":true,"href":"https:\/\/insektenliebe.com\/de\/wp-json\/wp\/v2\/media\/5038"}],"wp:attachment":[{"href":"https:\/\/insektenliebe.com\/de\/wp-json\/wp\/v2\/media?parent=5009"}],"wp:term":[{"taxonomy":"product-supplier","embeddable":true,"href":"https:\/\/insektenliebe.com\/de\/wp-json\/wp\/v2\/product-supplier?post=5009"},{"taxonomy":"product_brand","embeddable":true,"href":"https:\/\/insektenliebe.com\/de\/wp-json\/wp\/v2\/product_brand?post=5009"},{"taxonomy":"product_cat","embeddable":true,"href":"https:\/\/insektenliebe.com\/de\/wp-json\/wp\/v2\/product_cat?post=5009"},{"taxonomy":"product_tag","embeddable":true,"href":"https:\/\/insektenliebe.com\/de\/wp-json\/wp\/v2\/product_tag?post=5009"},{"taxonomy":"lce-checkout-addons","embeddable":true,"href":"https:\/\/insektenliebe.com\/de\/wp-json\/wp\/v2\/lce-checkout-addons?post=5009"}],"curies":[{"name":"wp","href":"https:\/\/api.w.org\/{rel}","templated":true}]}}