{"id":5008,"date":"2021-02-25T14:05:01","date_gmt":"2021-02-25T12:05:01","guid":{"rendered":"http:\/\/localhost\/ins-test\/?post_type=product&#038;p=5008"},"modified":"2026-01-29T08:47:41","modified_gmt":"2026-01-29T07:47:41","slug":"scolopendra-dehaani-orange-leg","status":"publish","type":"product","link":"https:\/\/insektenliebe.com\/de\/shop\/produkt\/scolopendra-dehaani-orange-leg\/","title":{"rendered":"Scolopendra dehaani \"Orange Leg\""},"content":{"rendered":"<h3><span style=\"color: #99cc33\">Kurzbeschreibung:<\/span><\/h3>\n<div>Die Tiere haben eine dunkelbraune K\u00f6rperfarbe, wohingegen die Beinfarben, je nach Herkunftsgebiet, von gelb bis rot variieren k\u00f6nnen. Scolopendra dehaani \"Orange Leg\" haben durchg\u00e4ngig orange farbige Beine, die einen sch\u00f6nen Kontrast zur K\u00f6rperfarbe bieten.<\/div>\n<div><\/div>\n<div>Diese Skolopender-Art ist recht agil und erkundet gerne die Umgebung. Sie sind J\u00e4ger und injizieren ihr Gift in Tiere, die sie als Futtertiere oder Angreifer halten. Beim Umgang mit Skolopender ist Vorsicht geboten, da das Gift auch f\u00fcr Menschen gef\u00e4hrlich werden kann. Ein Biss ist f\u00fcr einen gesunden ausgewachsenen Menschen nicht lebensbedrohlich, aber verursacht sehr starke Schmerzen. Eine ausreichend hohe Box mit min. 30 cm und einem Festschlie\u00dfenden Deckel ist aus diesem Grund absolut zu empfehlen.<\/div>\n<div><\/div>\n<div>Die Luftfeuchtigkeit sollte bei 70-80 % liegen. Allerdings sollte darauf geachtet werden, dass der Bodengrund nicht nass ist, da die Tiere bei zu nasser Haltung gerne Verpilzen. Seemandelbaumbl\u00e4tter als Deckschicht haben eine pilzhemmende Wirkung und sollten daher gro\u00dfz\u00fcgig ausgelegt werden.<\/div>\n<div><\/div>\n<div>Scolopendra dehaani \"Orange Leg\" sind nicht sehr w\u00e4hlerisch bei der Futteraufnahme und bew\u00e4ltigen auch Futtertiere die Gr\u00f6\u00dfer sind als sie selbst. Insekten wie Grillen, Heuschrecken oder Schaben haben sich in der Haltung bew\u00e4hrt. Nicht gefressene Futtertiere sollten nach einem Tag wieder entfernt werden, da auch Skolopender w\u00e4hrend der H\u00e4utungsphase schutzlos sind.<\/div>\n<div><\/div>\n<div>Wer mit dem Gedanken spielt sich einen Scolopendra dehaani \"Orange Leg\" zu kaufen, sollte sich der Verantwortung bewusst sein, dass es sich um ein Gifttier handelt und der Umgang sehr sorgf\u00e4ltig ausgef\u00fchrt werden muss. Daf\u00fcr bekommt er aber ein skurril aussehendes Urzeit-Tier, dass ein absolut faszinierendes Verhalten aufweist.<\/div>\n<div><\/div>\n","protected":false},"excerpt":{"rendered":"<p>Skurril aussehender Skolopender mit orangenen Beinen!<\/p>\n","protected":false},"featured_media":5037,"template":"","meta":{"_acf_changed":false},"product-supplier":[],"product_brand":[],"product_cat":[143],"product_tag":[],"lce-checkout-addons":[1202],"class_list":{"0":"post-5008","1":"product","2":"type-product","3":"status-publish","4":"has-post-thumbnail","6":"product_cat-sonstige-wirbellose","7":"product_shipping_class-animal-shipping","8":"pa_herkunft-vietnam","9":"pa_kontinent-asien","10":"lce-checkout-addons-winterverpackung","12":"first","13":"outofstock","14":"taxable","15":"shipping-taxable","16":"purchasable","17":"product-type-simple"},"acf":[],"yoast_head":"<!-- This site is optimized with the Yoast SEO Premium plugin v26.8 (Yoast SEO v27.3) - https:\/\/yoast.com\/product\/yoast-seo-premium-wordpress\/ -->\n<title>Scolopendra dehaani &quot;Orange Leg&quot; - Insektenliebe<\/title>\n<meta name=\"description\" content=\"G\u00fcnstige Scolopendra dehaani &quot;Orange Leg&quot; direkt online kaufen. Riesen Skolopender aus Vietnam die hier im Onlineshop angeboten werden.\" \/>\n<meta name=\"robots\" content=\"index, follow, max-snippet:-1, max-image-preview:large, max-video-preview:-1\" \/>\n<link rel=\"canonical\" href=\"https:\/\/insektenliebe.com\/de\/shop\/produkt\/scolopendra-dehaani-orange-leg\/\" \/>\n<meta property=\"og:locale\" content=\"de_DE\" \/>\n<meta property=\"og:type\" content=\"article\" \/>\n<meta property=\"og:title\" content=\"Scolopendra dehaani &quot;Orange Leg&quot;\" \/>\n<meta property=\"og:description\" content=\"G\u00fcnstige Scolopendra dehaani &quot;Orange Leg&quot; direkt online kaufen. Riesen Skolopender aus Vietnam die hier im Onlineshop angeboten werden.\" \/>\n<meta property=\"og:url\" content=\"https:\/\/insektenliebe.com\/de\/shop\/produkt\/scolopendra-dehaani-orange-leg\/\" \/>\n<meta property=\"og:site_name\" content=\"Insektenliebe\" \/>\n<meta property=\"article:modified_time\" content=\"2026-01-29T07:47:41+00:00\" \/>\n<meta property=\"og:image\" content=\"https:\/\/insektenliebe.com\/wp-content\/uploads\/2025\/05\/Scolopendra-dehaani-_Orange-Leg_-2.jpg\" \/>\n\t<meta property=\"og:image:width\" content=\"820\" \/>\n\t<meta property=\"og:image:height\" content=\"820\" \/>\n\t<meta property=\"og:image:type\" content=\"image\/jpeg\" \/>\n<meta name=\"twitter:card\" content=\"summary_large_image\" \/>\n<meta name=\"twitter:label1\" content=\"Preis\" \/>\n\t<meta name=\"twitter:data1\" content=\"36,00&nbsp;&euro; inkl. MwSt. zzgl. Versand\" \/>\n\t<meta name=\"twitter:label2\" content=\"Verf\u00fcgbarkeit\" \/>\n\t<meta name=\"twitter:data2\" content=\"ausverkauft\" \/>\n<script type=\"application\/ld+json\" class=\"yoast-schema-graph\">{\"@context\":\"https:\\\/\\\/schema.org\",\"@graph\":[{\"@type\":\"WebPage\",\"@id\":\"https:\\\/\\\/insektenliebe.com\\\/de\\\/shop\\\/produkt\\\/scolopendra-dehaani-orange-leg\\\/\",\"url\":\"https:\\\/\\\/insektenliebe.com\\\/de\\\/shop\\\/produkt\\\/scolopendra-dehaani-orange-leg\\\/\",\"name\":\"Scolopendra dehaani \\\"Orange Leg\\\" - Insektenliebe\",\"isPartOf\":{\"@id\":\"https:\\\/\\\/insektenliebe.com\\\/de\\\/#website\"},\"primaryImageOfPage\":{\"@id\":\"https:\\\/\\\/insektenliebe.com\\\/de\\\/shop\\\/produkt\\\/scolopendra-dehaani-orange-leg\\\/#primaryimage\"},\"image\":{\"@id\":\"https:\\\/\\\/insektenliebe.com\\\/de\\\/shop\\\/produkt\\\/scolopendra-dehaani-orange-leg\\\/#primaryimage\"},\"thumbnailUrl\":\"https:\\\/\\\/insektenliebe.com\\\/wp-content\\\/uploads\\\/2025\\\/05\\\/Scolopendra-dehaani-_Orange-Leg_-2.jpg\",\"datePublished\":\"2021-02-25T12:05:01+00:00\",\"dateModified\":\"2026-01-29T07:47:41+00:00\",\"description\":\"G\u00fcnstige Scolopendra dehaani \\\"Orange Leg\\\" direkt online kaufen. Riesen Skolopender aus Vietnam die hier im Onlineshop angeboten werden.\",\"breadcrumb\":{\"@id\":\"https:\\\/\\\/insektenliebe.com\\\/de\\\/shop\\\/produkt\\\/scolopendra-dehaani-orange-leg\\\/#breadcrumb\"},\"inLanguage\":\"de\",\"potentialAction\":[{\"@type\":\"ReadAction\",\"target\":[\"https:\\\/\\\/insektenliebe.com\\\/de\\\/shop\\\/produkt\\\/scolopendra-dehaani-orange-leg\\\/\"]}]},{\"@type\":\"ImageObject\",\"inLanguage\":\"de\",\"@id\":\"https:\\\/\\\/insektenliebe.com\\\/de\\\/shop\\\/produkt\\\/scolopendra-dehaani-orange-leg\\\/#primaryimage\",\"url\":\"https:\\\/\\\/insektenliebe.com\\\/wp-content\\\/uploads\\\/2025\\\/05\\\/Scolopendra-dehaani-_Orange-Leg_-2.jpg\",\"contentUrl\":\"https:\\\/\\\/insektenliebe.com\\\/wp-content\\\/uploads\\\/2025\\\/05\\\/Scolopendra-dehaani-_Orange-Leg_-2.jpg\",\"width\":820,\"height\":820,\"caption\":\"Scolopendra-dehaani-_Orange-Leg_-2.jpg\"},{\"@type\":\"BreadcrumbList\",\"@id\":\"https:\\\/\\\/insektenliebe.com\\\/de\\\/shop\\\/produkt\\\/scolopendra-dehaani-orange-leg\\\/#breadcrumb\",\"itemListElement\":[{\"@type\":\"ListItem\",\"position\":1,\"name\":\"Startseite\",\"item\":\"https:\\\/\\\/insektenliebe.com\\\/de\\\/\"},{\"@type\":\"ListItem\",\"position\":2,\"name\":\"Shop\",\"item\":\"https:\\\/\\\/insektenliebe.com\\\/de\\\/shop\\\/\"},{\"@type\":\"ListItem\",\"position\":3,\"name\":\"Scolopendra dehaani &#8222;Orange Leg&#8220;\"}]},{\"@type\":\"WebSite\",\"@id\":\"https:\\\/\\\/insektenliebe.com\\\/de\\\/#website\",\"url\":\"https:\\\/\\\/insektenliebe.com\\\/de\\\/\",\"name\":\"Insektenliebe\",\"description\":\"Dein Zuhause f\u00fcr die kleinen Lebewesen\",\"publisher\":{\"@id\":\"https:\\\/\\\/insektenliebe.com\\\/de\\\/#organization\"},\"potentialAction\":[{\"@type\":\"SearchAction\",\"target\":{\"@type\":\"EntryPoint\",\"urlTemplate\":\"https:\\\/\\\/insektenliebe.com\\\/de\\\/?s={search_term_string}\"},\"query-input\":{\"@type\":\"PropertyValueSpecification\",\"valueRequired\":true,\"valueName\":\"search_term_string\"}}],\"inLanguage\":\"de\"},{\"@type\":\"Organization\",\"@id\":\"https:\\\/\\\/insektenliebe.com\\\/de\\\/#organization\",\"name\":\"Insektenliebe\",\"url\":\"https:\\\/\\\/insektenliebe.com\\\/de\\\/\",\"logo\":{\"@type\":\"ImageObject\",\"inLanguage\":\"de\",\"@id\":\"https:\\\/\\\/insektenliebe.com\\\/de\\\/#\\\/schema\\\/logo\\\/image\\\/\",\"url\":\"https:\\\/\\\/insektenliebe.com\\\/wp-content\\\/uploads\\\/2025\\\/03\\\/logo-white.png\",\"contentUrl\":\"https:\\\/\\\/insektenliebe.com\\\/wp-content\\\/uploads\\\/2025\\\/03\\\/logo-white.png\",\"width\":288,\"height\":188,\"caption\":\"Insektenliebe\"},\"image\":{\"@id\":\"https:\\\/\\\/insektenliebe.com\\\/de\\\/#\\\/schema\\\/logo\\\/image\\\/\"}}]}<\/script>\n<meta property=\"product:price:amount\" content=\"36.00\" \/>\n<meta property=\"product:price:currency\" content=\"EUR\" \/>\n<meta property=\"og:availability\" content=\"out of stock\" \/>\n<meta property=\"product:availability\" content=\"out of stock\" \/>\n<meta property=\"product:retailer_item_id\" content=\"265\" \/>\n<meta property=\"product:condition\" content=\"new\" \/>\n<!-- \/ Yoast SEO Premium plugin. -->","yoast_head_json":{"title":"Scolopendra dehaani \"Orange Leg\" - Insektenliebe","description":"G\u00fcnstige Scolopendra dehaani \"Orange Leg\" direkt online kaufen. Riesen Skolopender aus Vietnam die hier im Onlineshop angeboten werden.","robots":{"index":"index","follow":"follow","max-snippet":"max-snippet:-1","max-image-preview":"max-image-preview:large","max-video-preview":"max-video-preview:-1"},"canonical":"https:\/\/insektenliebe.com\/de\/shop\/produkt\/scolopendra-dehaani-orange-leg\/","og_locale":"de_DE","og_type":"article","og_title":"Scolopendra dehaani \"Orange Leg\"","og_description":"G\u00fcnstige Scolopendra dehaani \"Orange Leg\" direkt online kaufen. Riesen Skolopender aus Vietnam die hier im Onlineshop angeboten werden.","og_url":"https:\/\/insektenliebe.com\/de\/shop\/produkt\/scolopendra-dehaani-orange-leg\/","og_site_name":"Insektenliebe","article_modified_time":"2026-01-29T07:47:41+00:00","og_image":[{"width":820,"height":820,"url":"https:\/\/insektenliebe.com\/wp-content\/uploads\/2025\/05\/Scolopendra-dehaani-_Orange-Leg_-2.jpg","type":"image\/jpeg"}],"twitter_card":"summary_large_image","twitter_misc":{"Preis":"36,00&nbsp;&euro; inkl. MwSt. zzgl. Versand","Verf\u00fcgbarkeit":"ausverkauft"},"schema":{"@context":"https:\/\/schema.org","@graph":[{"@type":"WebPage","@id":"https:\/\/insektenliebe.com\/de\/shop\/produkt\/scolopendra-dehaani-orange-leg\/","url":"https:\/\/insektenliebe.com\/de\/shop\/produkt\/scolopendra-dehaani-orange-leg\/","name":"Scolopendra dehaani \"Orange Leg\" - Insektenliebe","isPartOf":{"@id":"https:\/\/insektenliebe.com\/de\/#website"},"primaryImageOfPage":{"@id":"https:\/\/insektenliebe.com\/de\/shop\/produkt\/scolopendra-dehaani-orange-leg\/#primaryimage"},"image":{"@id":"https:\/\/insektenliebe.com\/de\/shop\/produkt\/scolopendra-dehaani-orange-leg\/#primaryimage"},"thumbnailUrl":"https:\/\/insektenliebe.com\/wp-content\/uploads\/2025\/05\/Scolopendra-dehaani-_Orange-Leg_-2.jpg","datePublished":"2021-02-25T12:05:01+00:00","dateModified":"2026-01-29T07:47:41+00:00","description":"G\u00fcnstige Scolopendra dehaani \"Orange Leg\" direkt online kaufen. Riesen Skolopender aus Vietnam die hier im Onlineshop angeboten werden.","breadcrumb":{"@id":"https:\/\/insektenliebe.com\/de\/shop\/produkt\/scolopendra-dehaani-orange-leg\/#breadcrumb"},"inLanguage":"de","potentialAction":[{"@type":"ReadAction","target":["https:\/\/insektenliebe.com\/de\/shop\/produkt\/scolopendra-dehaani-orange-leg\/"]}]},{"@type":"ImageObject","inLanguage":"de","@id":"https:\/\/insektenliebe.com\/de\/shop\/produkt\/scolopendra-dehaani-orange-leg\/#primaryimage","url":"https:\/\/insektenliebe.com\/wp-content\/uploads\/2025\/05\/Scolopendra-dehaani-_Orange-Leg_-2.jpg","contentUrl":"https:\/\/insektenliebe.com\/wp-content\/uploads\/2025\/05\/Scolopendra-dehaani-_Orange-Leg_-2.jpg","width":820,"height":820,"caption":"Scolopendra-dehaani-_Orange-Leg_-2.jpg"},{"@type":"BreadcrumbList","@id":"https:\/\/insektenliebe.com\/de\/shop\/produkt\/scolopendra-dehaani-orange-leg\/#breadcrumb","itemListElement":[{"@type":"ListItem","position":1,"name":"Startseite","item":"https:\/\/insektenliebe.com\/de\/"},{"@type":"ListItem","position":2,"name":"Shop","item":"https:\/\/insektenliebe.com\/de\/shop\/"},{"@type":"ListItem","position":3,"name":"Scolopendra dehaani &#8222;Orange Leg&#8220;"}]},{"@type":"WebSite","@id":"https:\/\/insektenliebe.com\/de\/#website","url":"https:\/\/insektenliebe.com\/de\/","name":"Insektenliebe","description":"Dein Zuhause f\u00fcr die kleinen Lebewesen","publisher":{"@id":"https:\/\/insektenliebe.com\/de\/#organization"},"potentialAction":[{"@type":"SearchAction","target":{"@type":"EntryPoint","urlTemplate":"https:\/\/insektenliebe.com\/de\/?s={search_term_string}"},"query-input":{"@type":"PropertyValueSpecification","valueRequired":true,"valueName":"search_term_string"}}],"inLanguage":"de"},{"@type":"Organization","@id":"https:\/\/insektenliebe.com\/de\/#organization","name":"Insektenliebe","url":"https:\/\/insektenliebe.com\/de\/","logo":{"@type":"ImageObject","inLanguage":"de","@id":"https:\/\/insektenliebe.com\/de\/#\/schema\/logo\/image\/","url":"https:\/\/insektenliebe.com\/wp-content\/uploads\/2025\/03\/logo-white.png","contentUrl":"https:\/\/insektenliebe.com\/wp-content\/uploads\/2025\/03\/logo-white.png","width":288,"height":188,"caption":"Insektenliebe"},"image":{"@id":"https:\/\/insektenliebe.com\/de\/#\/schema\/logo\/image\/"}}]},"product_price_amount":"36.00","product_price_currency":"EUR","og_availability":"out of stock","product_availability":"out of stock","product_retailer_item_id":"265","product_condition":"new"},"_links":{"self":[{"href":"https:\/\/insektenliebe.com\/de\/wp-json\/wp\/v2\/product\/5008","targetHints":{"allow":["GET"]}}],"collection":[{"href":"https:\/\/insektenliebe.com\/de\/wp-json\/wp\/v2\/product"}],"about":[{"href":"https:\/\/insektenliebe.com\/de\/wp-json\/wp\/v2\/types\/product"}],"wp:featuredmedia":[{"embeddable":true,"href":"https:\/\/insektenliebe.com\/de\/wp-json\/wp\/v2\/media\/5037"}],"wp:attachment":[{"href":"https:\/\/insektenliebe.com\/de\/wp-json\/wp\/v2\/media?parent=5008"}],"wp:term":[{"taxonomy":"product-supplier","embeddable":true,"href":"https:\/\/insektenliebe.com\/de\/wp-json\/wp\/v2\/product-supplier?post=5008"},{"taxonomy":"product_brand","embeddable":true,"href":"https:\/\/insektenliebe.com\/de\/wp-json\/wp\/v2\/product_brand?post=5008"},{"taxonomy":"product_cat","embeddable":true,"href":"https:\/\/insektenliebe.com\/de\/wp-json\/wp\/v2\/product_cat?post=5008"},{"taxonomy":"product_tag","embeddable":true,"href":"https:\/\/insektenliebe.com\/de\/wp-json\/wp\/v2\/product_tag?post=5008"},{"taxonomy":"lce-checkout-addons","embeddable":true,"href":"https:\/\/insektenliebe.com\/de\/wp-json\/wp\/v2\/lce-checkout-addons?post=5008"}],"curies":[{"name":"wp","href":"https:\/\/api.w.org\/{rel}","templated":true}]}}