{"id":4995,"date":"2021-01-21T11:05:47","date_gmt":"2021-01-21T09:05:47","guid":{"rendered":"http:\/\/localhost\/ins-test\/?post_type=product&#038;p=4995"},"modified":"2026-01-28T21:29:41","modified_gmt":"2026-01-28T20:29:41","slug":"archachatina-spec-calabar","status":"publish","type":"product","link":"https:\/\/insektenliebe.com\/de\/shop\/produkt\/archachatina-spec-calabar\/","title":{"rendered":"Archachatina spec. \"Calabar\""},"content":{"rendered":"<h3><span style=\"color: #99cc33\">Kurzbeschreibung:<\/span><\/h3>\n<p class=\"font_8\">Archachatina spec. \"Calabar\" ist relativ neu im Hobby. Sie stammen aus Nigeria, genauer aus der Stadt Calabar.<\/p>\n<p>Das Schneckenhaus variiert in der F\u00e4rbung. Teilweise ist es stark marmoriert, mit einer satten roten Spitze. Manchmal sind die Farben auch verblasst und man erkennt es nur noch im Ansatz. Der Schneckenk\u00f6rper ist hellgrau bis schwarz.<\/p>\n<p>Es ist es eine tolle Schneckenart, die problemlos an angebotenes Futter geht und keinerlei Probleme verursacht. Archachatina spec. \"Calabar\" ben\u00f6tigt ein Waldterrarium mit einer Substrath\u00f6he von min. 15 cm. Darin verbuddeln sie sich manchmal und gerade zur Eiablage ist die H\u00f6he sehr wichtig.<\/p>\n<p class=\"font_8\">Tagestemperaturen von 25-28\u00b0C und eine Luftfeuchtigkeit von 80-90% haben sich bei der Haltung dieser Art bew\u00e4hrt. Die Tiere sind sehr aktiv und erkunden ihre Umgebung tags\u00fcber. Wie fast alle Schneckenarten sollte sie in einer Gruppe von min. 3 Tieren gehalten werden.<\/p>\n","protected":false},"excerpt":{"rendered":"<p>Aktive Schneckenart!<\/p>\n","protected":false},"featured_media":5025,"template":"","meta":{"_acf_changed":false},"product-supplier":[],"product_brand":[],"product_cat":[279],"product_tag":[],"lce-checkout-addons":[1202],"class_list":{"0":"post-4995","1":"product","2":"type-product","3":"status-publish","4":"has-post-thumbnail","6":"product_cat-schnecken","7":"product_shipping_class-animal-shipping","8":"pa_herkunft-nigeria","9":"pa_kontinent-afrika","10":"lce-checkout-addons-winterverpackung","12":"first","13":"outofstock","14":"taxable","15":"shipping-taxable","16":"purchasable","17":"product-type-simple"},"acf":[],"yoast_head":"<!-- This site is optimized with the Yoast SEO plugin v27.3 - https:\/\/yoast.com\/product\/yoast-seo-wordpress\/ -->\n<title>Archachatina spec. &quot;Calabar&quot; - Insektenliebe<\/title>\n<meta name=\"description\" content=\"G\u00fcnstige Archachatina spec. &quot;Calabar&quot; direkt online kaufen! Die Tiere sind sehr aktiv und erkunden ihre Umgebung tags\u00fcber.\" \/>\n<meta name=\"robots\" content=\"index, follow, max-snippet:-1, max-image-preview:large, max-video-preview:-1\" \/>\n<link rel=\"canonical\" href=\"https:\/\/insektenliebe.com\/de\/shop\/produkt\/archachatina-spec-calabar\/\" \/>\n<meta property=\"og:locale\" content=\"de_DE\" \/>\n<meta property=\"og:type\" content=\"article\" \/>\n<meta property=\"og:title\" content=\"Archachatina spec. &quot;Calabar&quot; - Insektenliebe\" \/>\n<meta property=\"og:description\" content=\"G\u00fcnstige Archachatina spec. &quot;Calabar&quot; direkt online kaufen! Die Tiere sind sehr aktiv und erkunden ihre Umgebung tags\u00fcber.\" \/>\n<meta property=\"og:url\" content=\"https:\/\/insektenliebe.com\/de\/shop\/produkt\/archachatina-spec-calabar\/\" \/>\n<meta property=\"og:site_name\" content=\"Insektenliebe\" \/>\n<meta property=\"article:modified_time\" content=\"2026-01-28T20:29:41+00:00\" \/>\n<meta property=\"og:image\" content=\"https:\/\/insektenliebe.com\/wp-content\/uploads\/2025\/05\/Archachatina-spec.-_Calabar_-2.jpg\" \/>\n\t<meta property=\"og:image:width\" content=\"820\" \/>\n\t<meta property=\"og:image:height\" content=\"820\" \/>\n\t<meta property=\"og:image:type\" content=\"image\/jpeg\" \/>\n<meta name=\"twitter:card\" content=\"summary_large_image\" \/>\n<meta name=\"twitter:label1\" content=\"Gesch\u00e4tzte Lesezeit\" \/>\n\t<meta name=\"twitter:data1\" content=\"1\u00a0Minute\" \/>\n<script type=\"application\/ld+json\" class=\"yoast-schema-graph\">{\"@context\":\"https:\\\/\\\/schema.org\",\"@graph\":[{\"@type\":\"WebPage\",\"@id\":\"https:\\\/\\\/insektenliebe.com\\\/de\\\/shop\\\/produkt\\\/archachatina-spec-calabar\\\/\",\"url\":\"https:\\\/\\\/insektenliebe.com\\\/de\\\/shop\\\/produkt\\\/archachatina-spec-calabar\\\/\",\"name\":\"Archachatina spec. \\\"Calabar\\\" - Insektenliebe\",\"isPartOf\":{\"@id\":\"https:\\\/\\\/insektenliebe.com\\\/de\\\/#website\"},\"primaryImageOfPage\":{\"@id\":\"https:\\\/\\\/insektenliebe.com\\\/de\\\/shop\\\/produkt\\\/archachatina-spec-calabar\\\/#primaryimage\"},\"image\":{\"@id\":\"https:\\\/\\\/insektenliebe.com\\\/de\\\/shop\\\/produkt\\\/archachatina-spec-calabar\\\/#primaryimage\"},\"thumbnailUrl\":\"https:\\\/\\\/insektenliebe.com\\\/wp-content\\\/uploads\\\/2025\\\/05\\\/Archachatina-spec.-_Calabar_-2.jpg\",\"datePublished\":\"2021-01-21T09:05:47+00:00\",\"dateModified\":\"2026-01-28T20:29:41+00:00\",\"description\":\"G\u00fcnstige Archachatina spec. \\\"Calabar\\\" direkt online kaufen! Die Tiere sind sehr aktiv und erkunden ihre Umgebung tags\u00fcber.\",\"breadcrumb\":{\"@id\":\"https:\\\/\\\/insektenliebe.com\\\/de\\\/shop\\\/produkt\\\/archachatina-spec-calabar\\\/#breadcrumb\"},\"inLanguage\":\"de\",\"potentialAction\":[{\"@type\":\"ReadAction\",\"target\":[\"https:\\\/\\\/insektenliebe.com\\\/de\\\/shop\\\/produkt\\\/archachatina-spec-calabar\\\/\"]}]},{\"@type\":\"ImageObject\",\"inLanguage\":\"de\",\"@id\":\"https:\\\/\\\/insektenliebe.com\\\/de\\\/shop\\\/produkt\\\/archachatina-spec-calabar\\\/#primaryimage\",\"url\":\"https:\\\/\\\/insektenliebe.com\\\/wp-content\\\/uploads\\\/2025\\\/05\\\/Archachatina-spec.-_Calabar_-2.jpg\",\"contentUrl\":\"https:\\\/\\\/insektenliebe.com\\\/wp-content\\\/uploads\\\/2025\\\/05\\\/Archachatina-spec.-_Calabar_-2.jpg\",\"width\":820,\"height\":820,\"caption\":\"Archachatina-spec.-_Calabar_-2.jpg\"},{\"@type\":\"BreadcrumbList\",\"@id\":\"https:\\\/\\\/insektenliebe.com\\\/de\\\/shop\\\/produkt\\\/archachatina-spec-calabar\\\/#breadcrumb\",\"itemListElement\":[{\"@type\":\"ListItem\",\"position\":1,\"name\":\"Startseite\",\"item\":\"https:\\\/\\\/insektenliebe.com\\\/de\\\/\"},{\"@type\":\"ListItem\",\"position\":2,\"name\":\"Shop\",\"item\":\"https:\\\/\\\/insektenliebe.com\\\/de\\\/shop\\\/\"},{\"@type\":\"ListItem\",\"position\":3,\"name\":\"Archachatina spec. &#8222;Calabar&#8220;\"}]},{\"@type\":\"WebSite\",\"@id\":\"https:\\\/\\\/insektenliebe.com\\\/de\\\/#website\",\"url\":\"https:\\\/\\\/insektenliebe.com\\\/de\\\/\",\"name\":\"Insektenliebe\",\"description\":\"Dein Zuhause f\u00fcr die kleinen Lebewesen\",\"publisher\":{\"@id\":\"https:\\\/\\\/insektenliebe.com\\\/de\\\/#organization\"},\"potentialAction\":[{\"@type\":\"SearchAction\",\"target\":{\"@type\":\"EntryPoint\",\"urlTemplate\":\"https:\\\/\\\/insektenliebe.com\\\/de\\\/?s={search_term_string}\"},\"query-input\":{\"@type\":\"PropertyValueSpecification\",\"valueRequired\":true,\"valueName\":\"search_term_string\"}}],\"inLanguage\":\"de\"},{\"@type\":\"Organization\",\"@id\":\"https:\\\/\\\/insektenliebe.com\\\/de\\\/#organization\",\"name\":\"Insektenliebe\",\"url\":\"https:\\\/\\\/insektenliebe.com\\\/de\\\/\",\"logo\":{\"@type\":\"ImageObject\",\"inLanguage\":\"de\",\"@id\":\"https:\\\/\\\/insektenliebe.com\\\/de\\\/#\\\/schema\\\/logo\\\/image\\\/\",\"url\":\"https:\\\/\\\/insektenliebe.com\\\/wp-content\\\/uploads\\\/2025\\\/03\\\/logo-white.png\",\"contentUrl\":\"https:\\\/\\\/insektenliebe.com\\\/wp-content\\\/uploads\\\/2025\\\/03\\\/logo-white.png\",\"width\":288,\"height\":188,\"caption\":\"Insektenliebe\"},\"image\":{\"@id\":\"https:\\\/\\\/insektenliebe.com\\\/de\\\/#\\\/schema\\\/logo\\\/image\\\/\"}}]}<\/script>\n<!-- \/ Yoast SEO plugin. -->","yoast_head_json":{"title":"Archachatina spec. \"Calabar\" - Insektenliebe","description":"G\u00fcnstige Archachatina spec. \"Calabar\" direkt online kaufen! Die Tiere sind sehr aktiv und erkunden ihre Umgebung tags\u00fcber.","robots":{"index":"index","follow":"follow","max-snippet":"max-snippet:-1","max-image-preview":"max-image-preview:large","max-video-preview":"max-video-preview:-1"},"canonical":"https:\/\/insektenliebe.com\/de\/shop\/produkt\/archachatina-spec-calabar\/","og_locale":"de_DE","og_type":"article","og_title":"Archachatina spec. \"Calabar\" - Insektenliebe","og_description":"G\u00fcnstige Archachatina spec. \"Calabar\" direkt online kaufen! Die Tiere sind sehr aktiv und erkunden ihre Umgebung tags\u00fcber.","og_url":"https:\/\/insektenliebe.com\/de\/shop\/produkt\/archachatina-spec-calabar\/","og_site_name":"Insektenliebe","article_modified_time":"2026-01-28T20:29:41+00:00","og_image":[{"width":820,"height":820,"url":"https:\/\/insektenliebe.com\/wp-content\/uploads\/2025\/05\/Archachatina-spec.-_Calabar_-2.jpg","type":"image\/jpeg"}],"twitter_card":"summary_large_image","twitter_misc":{"Gesch\u00e4tzte Lesezeit":"1\u00a0Minute"},"schema":{"@context":"https:\/\/schema.org","@graph":[{"@type":"WebPage","@id":"https:\/\/insektenliebe.com\/de\/shop\/produkt\/archachatina-spec-calabar\/","url":"https:\/\/insektenliebe.com\/de\/shop\/produkt\/archachatina-spec-calabar\/","name":"Archachatina spec. \"Calabar\" - Insektenliebe","isPartOf":{"@id":"https:\/\/insektenliebe.com\/de\/#website"},"primaryImageOfPage":{"@id":"https:\/\/insektenliebe.com\/de\/shop\/produkt\/archachatina-spec-calabar\/#primaryimage"},"image":{"@id":"https:\/\/insektenliebe.com\/de\/shop\/produkt\/archachatina-spec-calabar\/#primaryimage"},"thumbnailUrl":"https:\/\/insektenliebe.com\/wp-content\/uploads\/2025\/05\/Archachatina-spec.-_Calabar_-2.jpg","datePublished":"2021-01-21T09:05:47+00:00","dateModified":"2026-01-28T20:29:41+00:00","description":"G\u00fcnstige Archachatina spec. \"Calabar\" direkt online kaufen! Die Tiere sind sehr aktiv und erkunden ihre Umgebung tags\u00fcber.","breadcrumb":{"@id":"https:\/\/insektenliebe.com\/de\/shop\/produkt\/archachatina-spec-calabar\/#breadcrumb"},"inLanguage":"de","potentialAction":[{"@type":"ReadAction","target":["https:\/\/insektenliebe.com\/de\/shop\/produkt\/archachatina-spec-calabar\/"]}]},{"@type":"ImageObject","inLanguage":"de","@id":"https:\/\/insektenliebe.com\/de\/shop\/produkt\/archachatina-spec-calabar\/#primaryimage","url":"https:\/\/insektenliebe.com\/wp-content\/uploads\/2025\/05\/Archachatina-spec.-_Calabar_-2.jpg","contentUrl":"https:\/\/insektenliebe.com\/wp-content\/uploads\/2025\/05\/Archachatina-spec.-_Calabar_-2.jpg","width":820,"height":820,"caption":"Archachatina-spec.-_Calabar_-2.jpg"},{"@type":"BreadcrumbList","@id":"https:\/\/insektenliebe.com\/de\/shop\/produkt\/archachatina-spec-calabar\/#breadcrumb","itemListElement":[{"@type":"ListItem","position":1,"name":"Startseite","item":"https:\/\/insektenliebe.com\/de\/"},{"@type":"ListItem","position":2,"name":"Shop","item":"https:\/\/insektenliebe.com\/de\/shop\/"},{"@type":"ListItem","position":3,"name":"Archachatina spec. &#8222;Calabar&#8220;"}]},{"@type":"WebSite","@id":"https:\/\/insektenliebe.com\/de\/#website","url":"https:\/\/insektenliebe.com\/de\/","name":"Insektenliebe","description":"Dein Zuhause f\u00fcr die kleinen Lebewesen","publisher":{"@id":"https:\/\/insektenliebe.com\/de\/#organization"},"potentialAction":[{"@type":"SearchAction","target":{"@type":"EntryPoint","urlTemplate":"https:\/\/insektenliebe.com\/de\/?s={search_term_string}"},"query-input":{"@type":"PropertyValueSpecification","valueRequired":true,"valueName":"search_term_string"}}],"inLanguage":"de"},{"@type":"Organization","@id":"https:\/\/insektenliebe.com\/de\/#organization","name":"Insektenliebe","url":"https:\/\/insektenliebe.com\/de\/","logo":{"@type":"ImageObject","inLanguage":"de","@id":"https:\/\/insektenliebe.com\/de\/#\/schema\/logo\/image\/","url":"https:\/\/insektenliebe.com\/wp-content\/uploads\/2025\/03\/logo-white.png","contentUrl":"https:\/\/insektenliebe.com\/wp-content\/uploads\/2025\/03\/logo-white.png","width":288,"height":188,"caption":"Insektenliebe"},"image":{"@id":"https:\/\/insektenliebe.com\/de\/#\/schema\/logo\/image\/"}}]}},"_links":{"self":[{"href":"https:\/\/insektenliebe.com\/de\/wp-json\/wp\/v2\/product\/4995","targetHints":{"allow":["GET"]}}],"collection":[{"href":"https:\/\/insektenliebe.com\/de\/wp-json\/wp\/v2\/product"}],"about":[{"href":"https:\/\/insektenliebe.com\/de\/wp-json\/wp\/v2\/types\/product"}],"wp:featuredmedia":[{"embeddable":true,"href":"https:\/\/insektenliebe.com\/de\/wp-json\/wp\/v2\/media\/5025"}],"wp:attachment":[{"href":"https:\/\/insektenliebe.com\/de\/wp-json\/wp\/v2\/media?parent=4995"}],"wp:term":[{"taxonomy":"product-supplier","embeddable":true,"href":"https:\/\/insektenliebe.com\/de\/wp-json\/wp\/v2\/product-supplier?post=4995"},{"taxonomy":"product_brand","embeddable":true,"href":"https:\/\/insektenliebe.com\/de\/wp-json\/wp\/v2\/product_brand?post=4995"},{"taxonomy":"product_cat","embeddable":true,"href":"https:\/\/insektenliebe.com\/de\/wp-json\/wp\/v2\/product_cat?post=4995"},{"taxonomy":"product_tag","embeddable":true,"href":"https:\/\/insektenliebe.com\/de\/wp-json\/wp\/v2\/product_tag?post=4995"},{"taxonomy":"lce-checkout-addons","embeddable":true,"href":"https:\/\/insektenliebe.com\/de\/wp-json\/wp\/v2\/lce-checkout-addons?post=4995"}],"curies":[{"name":"wp","href":"https:\/\/api.w.org\/{rel}","templated":true}]}}