{"id":4991,"date":"2021-01-20T11:20:12","date_gmt":"2021-01-20T09:20:12","guid":{"rendered":"http:\/\/localhost\/ins-test\/?post_type=product&#038;p=4991"},"modified":"2026-04-19T11:25:47","modified_gmt":"2026-04-19T09:25:47","slug":"phidippus-regius-nord-florida","status":"publish","type":"product","link":"https:\/\/insektenliebe.com\/de\/shop\/produkt\/phidippus-regius-nord-florida\/","title":{"rendered":"Phidippus regius \"Nord Florida\""},"content":{"rendered":"<h3><span style=\"color: #99cc33\">Kurzbeschreibung Phidippus regius \"Nord Florida\":<\/span><\/h3>\n<p><strong>Phidippus regius \"Nord Florida\"<\/strong> ist eine Springspinne, die in Florida beheimatet ist. Sie ist in erster Linie eine baumbewohnende Art. Die Weibchen erreichen eine K\u00f6rperl\u00e4nge von etwa 2,0 cm. Ihre schillernden Fangz\u00e4hne k\u00f6nnen in der Farbe von violett bis gr\u00fcn variieren. Die M\u00e4nnchen dieser Art haben unter anderem im Gegensatz zu den Weibchen eine schwarze Grundf\u00e4rbung.<\/p>\n<p>Die Tiere sind wie alle Springspinnen recht agil und man bekommt sie eigentlich immer zu sehen. Aus diesem Grund sollte man gen\u00fcgend Kletterm\u00f6glichkeiten im Terrarium anbieten. Kurz vor der H\u00e4utung klettern sie in ihr Gespinst und verharren dort, bis der Prozess beendet ist. <strong>Phidippus regius \"Nord Florida\"<\/strong> sind J\u00e4ger und erbeuten ihr Futter ohne Probleme, dabei ist es immer ein Spektakel sie dabei zu beobachten. Wir bieten unseren Springspinnen zweimal in der Woche Futter an. Bei einer Verf\u00fctterung von Schaben, Heimchen oder Heuschrecken sollten die nicht gefressenen Futtertiere am gleichen Tag wieder entfernt werden. Wenn sich Springspinnen h\u00e4uten sind sie wehrlos und k\u00f6nnen von Insekten angeknabbert werden. Eine Alternative zu diesen Futtertieren w\u00e4ren Drosophila, Terfly und Fleischfliegen.<\/p>\n<p>Die Luftfeuchtigkeit sollte bei 70% bei einer guten Durchl\u00fcftung liegen, wir spr\u00fchen daher alle zwei Tage kurz in eine Ecke des Terrariums. Das gen\u00fcgt vollkommen und man sollte lieber etwas sp\u00e4rlicher spr\u00fchen als zu viel. Die Tiere nehmen die Wassertropfen bei Bedarf auf und stillen so ihren Durst.<\/p>\n<p><strong>Achtung: Bei dieser Art gibt es drei faszinierende Farbvarianten, die von einem sanften, hellen Grau bis zu einem tiefen Dunkelgrau und sogar einem warmen Rotton reichen.<\/strong><\/p>\n","protected":false},"excerpt":{"rendered":"<p>Kurzbeschreibung Phidippus regius \"Nord Florida\": Phidippus regius \"Nord Florida\" ist eine Springspinne, die in Florida beheimatet ist. Sie ist in erster Linie eine baumbewohnende Art. Die Weibchen erreichen eine K\u00f6rperl\u00e4nge von etwa 2,0 cm. Ihre schillernden Fangz\u00e4hne k\u00f6nnen in der Farbe von violett bis gr\u00fcn variieren. Die M\u00e4nnchen dieser Art haben unter anderem im Gegensatz [&hellip;]<\/p>\n","protected":false},"featured_media":5021,"template":"","meta":{"_acf_changed":false},"product-supplier":[],"product_brand":[],"product_cat":[626,49],"product_tag":[],"lce-checkout-addons":[1202],"class_list":{"0":"post-4991","1":"product","2":"type-product","3":"status-publish","4":"has-post-thumbnail","6":"product_cat-spinnen","7":"product_cat-springspinnen","8":"product_shipping_class-animal-shipping","9":"pa_geschlecht-maennlich","10":"pa_geschlecht-unbestimmt","11":"pa_geschlecht-weiblich","12":"pa_herkunft-florida","13":"pa_kontinent-nordamerika","14":"lce-checkout-addons-winterverpackung","16":"first","17":"instock","18":"taxable","19":"shipping-taxable","20":"purchasable","21":"product-type-variable"},"acf":[],"yoast_head":"<!-- This site is optimized with the Yoast SEO Premium plugin v26.8 (Yoast SEO v27.3) - https:\/\/yoast.com\/product\/yoast-seo-premium-wordpress\/ -->\n<title>Phidippus regius &quot;Nord Florida&quot; - Insektenliebe<\/title>\n<meta name=\"description\" content=\"G\u00fcnstige Phidippus regius &quot;Nord Florida&quot; direkt online kaufen! Wir bieten wundersch\u00f6ne Phidippus regius &quot;Nord Florida&quot; Nachzuchten an.\" \/>\n<meta name=\"robots\" content=\"index, follow, max-snippet:-1, max-image-preview:large, max-video-preview:-1\" \/>\n<link rel=\"canonical\" href=\"https:\/\/insektenliebe.com\/de\/shop\/produkt\/phidippus-regius-nord-florida\/\" \/>\n<meta property=\"og:locale\" content=\"de_DE\" \/>\n<meta property=\"og:type\" content=\"article\" \/>\n<meta property=\"og:title\" content=\"Phidippus regius &quot;Nord Florida&quot;\" \/>\n<meta property=\"og:description\" content=\"G\u00fcnstige Phidippus regius &quot;Nord Florida&quot; direkt online kaufen! Wir bieten wundersch\u00f6ne Phidippus regius &quot;Nord Florida&quot; Nachzuchten an.\" \/>\n<meta property=\"og:url\" content=\"https:\/\/insektenliebe.com\/de\/shop\/produkt\/phidippus-regius-nord-florida\/\" \/>\n<meta property=\"og:site_name\" content=\"Insektenliebe\" \/>\n<meta property=\"article:modified_time\" content=\"2026-04-19T09:25:47+00:00\" \/>\n<meta property=\"og:image\" content=\"https:\/\/insektenliebe.com\/wp-content\/uploads\/2025\/05\/Phidippus-regius-_Nord-Florida_-2.jpg\" \/>\n\t<meta property=\"og:image:width\" content=\"820\" \/>\n\t<meta property=\"og:image:height\" content=\"820\" \/>\n\t<meta property=\"og:image:type\" content=\"image\/jpeg\" \/>\n<meta name=\"twitter:card\" content=\"summary_large_image\" \/>\n<meta name=\"twitter:label1\" content=\"Verf\u00fcgbarkeit\" \/>\n\t<meta name=\"twitter:data1\" content=\"Auf Lager\" \/>\n<script type=\"application\/ld+json\" class=\"yoast-schema-graph\">{\"@context\":\"https:\\\/\\\/schema.org\",\"@graph\":[{\"@type\":\"WebPage\",\"@id\":\"https:\\\/\\\/insektenliebe.com\\\/de\\\/shop\\\/produkt\\\/phidippus-regius-nord-florida\\\/\",\"url\":\"https:\\\/\\\/insektenliebe.com\\\/de\\\/shop\\\/produkt\\\/phidippus-regius-nord-florida\\\/\",\"name\":\"Phidippus regius \\\"Nord Florida\\\" - Insektenliebe\",\"isPartOf\":{\"@id\":\"https:\\\/\\\/insektenliebe.com\\\/de\\\/#website\"},\"primaryImageOfPage\":{\"@id\":\"https:\\\/\\\/insektenliebe.com\\\/de\\\/shop\\\/produkt\\\/phidippus-regius-nord-florida\\\/#primaryimage\"},\"image\":{\"@id\":\"https:\\\/\\\/insektenliebe.com\\\/de\\\/shop\\\/produkt\\\/phidippus-regius-nord-florida\\\/#primaryimage\"},\"thumbnailUrl\":\"https:\\\/\\\/insektenliebe.com\\\/wp-content\\\/uploads\\\/2025\\\/05\\\/Phidippus-regius-_Nord-Florida_-2.jpg\",\"datePublished\":\"2021-01-20T09:20:12+00:00\",\"dateModified\":\"2026-04-19T09:25:47+00:00\",\"description\":\"G\u00fcnstige Phidippus regius \\\"Nord Florida\\\" direkt online kaufen! Wir bieten wundersch\u00f6ne Phidippus regius \\\"Nord Florida\\\" Nachzuchten an.\",\"breadcrumb\":{\"@id\":\"https:\\\/\\\/insektenliebe.com\\\/de\\\/shop\\\/produkt\\\/phidippus-regius-nord-florida\\\/#breadcrumb\"},\"inLanguage\":\"de\",\"potentialAction\":[{\"@type\":\"ReadAction\",\"target\":[\"https:\\\/\\\/insektenliebe.com\\\/de\\\/shop\\\/produkt\\\/phidippus-regius-nord-florida\\\/\"]}]},{\"@type\":\"ImageObject\",\"inLanguage\":\"de\",\"@id\":\"https:\\\/\\\/insektenliebe.com\\\/de\\\/shop\\\/produkt\\\/phidippus-regius-nord-florida\\\/#primaryimage\",\"url\":\"https:\\\/\\\/insektenliebe.com\\\/wp-content\\\/uploads\\\/2025\\\/05\\\/Phidippus-regius-_Nord-Florida_-2.jpg\",\"contentUrl\":\"https:\\\/\\\/insektenliebe.com\\\/wp-content\\\/uploads\\\/2025\\\/05\\\/Phidippus-regius-_Nord-Florida_-2.jpg\",\"width\":820,\"height\":820,\"caption\":\"Phidippus-regius-_Nord-Florida_-2.jpg\"},{\"@type\":\"BreadcrumbList\",\"@id\":\"https:\\\/\\\/insektenliebe.com\\\/de\\\/shop\\\/produkt\\\/phidippus-regius-nord-florida\\\/#breadcrumb\",\"itemListElement\":[{\"@type\":\"ListItem\",\"position\":1,\"name\":\"Startseite\",\"item\":\"https:\\\/\\\/insektenliebe.com\\\/de\\\/\"},{\"@type\":\"ListItem\",\"position\":2,\"name\":\"Shop\",\"item\":\"https:\\\/\\\/insektenliebe.com\\\/de\\\/shop\\\/\"},{\"@type\":\"ListItem\",\"position\":3,\"name\":\"Phidippus regius &#8222;Nord Florida&#8220;\"}]},{\"@type\":\"WebSite\",\"@id\":\"https:\\\/\\\/insektenliebe.com\\\/de\\\/#website\",\"url\":\"https:\\\/\\\/insektenliebe.com\\\/de\\\/\",\"name\":\"Insektenliebe\",\"description\":\"Dein Zuhause f\u00fcr die kleinen Lebewesen\",\"publisher\":{\"@id\":\"https:\\\/\\\/insektenliebe.com\\\/de\\\/#organization\"},\"potentialAction\":[{\"@type\":\"SearchAction\",\"target\":{\"@type\":\"EntryPoint\",\"urlTemplate\":\"https:\\\/\\\/insektenliebe.com\\\/de\\\/?s={search_term_string}\"},\"query-input\":{\"@type\":\"PropertyValueSpecification\",\"valueRequired\":true,\"valueName\":\"search_term_string\"}}],\"inLanguage\":\"de\"},{\"@type\":\"Organization\",\"@id\":\"https:\\\/\\\/insektenliebe.com\\\/de\\\/#organization\",\"name\":\"Insektenliebe\",\"url\":\"https:\\\/\\\/insektenliebe.com\\\/de\\\/\",\"logo\":{\"@type\":\"ImageObject\",\"inLanguage\":\"de\",\"@id\":\"https:\\\/\\\/insektenliebe.com\\\/de\\\/#\\\/schema\\\/logo\\\/image\\\/\",\"url\":\"https:\\\/\\\/insektenliebe.com\\\/wp-content\\\/uploads\\\/2025\\\/03\\\/logo-white.png\",\"contentUrl\":\"https:\\\/\\\/insektenliebe.com\\\/wp-content\\\/uploads\\\/2025\\\/03\\\/logo-white.png\",\"width\":288,\"height\":188,\"caption\":\"Insektenliebe\"},\"image\":{\"@id\":\"https:\\\/\\\/insektenliebe.com\\\/de\\\/#\\\/schema\\\/logo\\\/image\\\/\"}}]}<\/script>\n<meta property=\"og:availability\" content=\"instock\" \/>\n<meta property=\"product:availability\" content=\"instock\" \/>\n<meta property=\"product:retailer_item_id\" content=\"249\" \/>\n<meta property=\"product:condition\" content=\"new\" \/>\n<!-- \/ Yoast SEO Premium plugin. -->","yoast_head_json":{"title":"Phidippus regius \"Nord Florida\" - Insektenliebe","description":"G\u00fcnstige Phidippus regius \"Nord Florida\" direkt online kaufen! Wir bieten wundersch\u00f6ne Phidippus regius \"Nord Florida\" Nachzuchten an.","robots":{"index":"index","follow":"follow","max-snippet":"max-snippet:-1","max-image-preview":"max-image-preview:large","max-video-preview":"max-video-preview:-1"},"canonical":"https:\/\/insektenliebe.com\/de\/shop\/produkt\/phidippus-regius-nord-florida\/","og_locale":"de_DE","og_type":"article","og_title":"Phidippus regius \"Nord Florida\"","og_description":"G\u00fcnstige Phidippus regius \"Nord Florida\" direkt online kaufen! Wir bieten wundersch\u00f6ne Phidippus regius \"Nord Florida\" Nachzuchten an.","og_url":"https:\/\/insektenliebe.com\/de\/shop\/produkt\/phidippus-regius-nord-florida\/","og_site_name":"Insektenliebe","article_modified_time":"2026-04-19T09:25:47+00:00","og_image":[{"width":820,"height":820,"url":"https:\/\/insektenliebe.com\/wp-content\/uploads\/2025\/05\/Phidippus-regius-_Nord-Florida_-2.jpg","type":"image\/jpeg"}],"twitter_card":"summary_large_image","twitter_misc":{"Verf\u00fcgbarkeit":"Auf Lager"},"schema":{"@context":"https:\/\/schema.org","@graph":[{"@type":"WebPage","@id":"https:\/\/insektenliebe.com\/de\/shop\/produkt\/phidippus-regius-nord-florida\/","url":"https:\/\/insektenliebe.com\/de\/shop\/produkt\/phidippus-regius-nord-florida\/","name":"Phidippus regius \"Nord Florida\" - Insektenliebe","isPartOf":{"@id":"https:\/\/insektenliebe.com\/de\/#website"},"primaryImageOfPage":{"@id":"https:\/\/insektenliebe.com\/de\/shop\/produkt\/phidippus-regius-nord-florida\/#primaryimage"},"image":{"@id":"https:\/\/insektenliebe.com\/de\/shop\/produkt\/phidippus-regius-nord-florida\/#primaryimage"},"thumbnailUrl":"https:\/\/insektenliebe.com\/wp-content\/uploads\/2025\/05\/Phidippus-regius-_Nord-Florida_-2.jpg","datePublished":"2021-01-20T09:20:12+00:00","dateModified":"2026-04-19T09:25:47+00:00","description":"G\u00fcnstige Phidippus regius \"Nord Florida\" direkt online kaufen! Wir bieten wundersch\u00f6ne Phidippus regius \"Nord Florida\" Nachzuchten an.","breadcrumb":{"@id":"https:\/\/insektenliebe.com\/de\/shop\/produkt\/phidippus-regius-nord-florida\/#breadcrumb"},"inLanguage":"de","potentialAction":[{"@type":"ReadAction","target":["https:\/\/insektenliebe.com\/de\/shop\/produkt\/phidippus-regius-nord-florida\/"]}]},{"@type":"ImageObject","inLanguage":"de","@id":"https:\/\/insektenliebe.com\/de\/shop\/produkt\/phidippus-regius-nord-florida\/#primaryimage","url":"https:\/\/insektenliebe.com\/wp-content\/uploads\/2025\/05\/Phidippus-regius-_Nord-Florida_-2.jpg","contentUrl":"https:\/\/insektenliebe.com\/wp-content\/uploads\/2025\/05\/Phidippus-regius-_Nord-Florida_-2.jpg","width":820,"height":820,"caption":"Phidippus-regius-_Nord-Florida_-2.jpg"},{"@type":"BreadcrumbList","@id":"https:\/\/insektenliebe.com\/de\/shop\/produkt\/phidippus-regius-nord-florida\/#breadcrumb","itemListElement":[{"@type":"ListItem","position":1,"name":"Startseite","item":"https:\/\/insektenliebe.com\/de\/"},{"@type":"ListItem","position":2,"name":"Shop","item":"https:\/\/insektenliebe.com\/de\/shop\/"},{"@type":"ListItem","position":3,"name":"Phidippus regius &#8222;Nord Florida&#8220;"}]},{"@type":"WebSite","@id":"https:\/\/insektenliebe.com\/de\/#website","url":"https:\/\/insektenliebe.com\/de\/","name":"Insektenliebe","description":"Dein Zuhause f\u00fcr die kleinen Lebewesen","publisher":{"@id":"https:\/\/insektenliebe.com\/de\/#organization"},"potentialAction":[{"@type":"SearchAction","target":{"@type":"EntryPoint","urlTemplate":"https:\/\/insektenliebe.com\/de\/?s={search_term_string}"},"query-input":{"@type":"PropertyValueSpecification","valueRequired":true,"valueName":"search_term_string"}}],"inLanguage":"de"},{"@type":"Organization","@id":"https:\/\/insektenliebe.com\/de\/#organization","name":"Insektenliebe","url":"https:\/\/insektenliebe.com\/de\/","logo":{"@type":"ImageObject","inLanguage":"de","@id":"https:\/\/insektenliebe.com\/de\/#\/schema\/logo\/image\/","url":"https:\/\/insektenliebe.com\/wp-content\/uploads\/2025\/03\/logo-white.png","contentUrl":"https:\/\/insektenliebe.com\/wp-content\/uploads\/2025\/03\/logo-white.png","width":288,"height":188,"caption":"Insektenliebe"},"image":{"@id":"https:\/\/insektenliebe.com\/de\/#\/schema\/logo\/image\/"}}]},"og_availability":"instock","product_availability":"instock","product_retailer_item_id":"249","product_condition":"new"},"_links":{"self":[{"href":"https:\/\/insektenliebe.com\/de\/wp-json\/wp\/v2\/product\/4991","targetHints":{"allow":["GET"]}}],"collection":[{"href":"https:\/\/insektenliebe.com\/de\/wp-json\/wp\/v2\/product"}],"about":[{"href":"https:\/\/insektenliebe.com\/de\/wp-json\/wp\/v2\/types\/product"}],"wp:featuredmedia":[{"embeddable":true,"href":"https:\/\/insektenliebe.com\/de\/wp-json\/wp\/v2\/media\/5021"}],"wp:attachment":[{"href":"https:\/\/insektenliebe.com\/de\/wp-json\/wp\/v2\/media?parent=4991"}],"wp:term":[{"taxonomy":"product-supplier","embeddable":true,"href":"https:\/\/insektenliebe.com\/de\/wp-json\/wp\/v2\/product-supplier?post=4991"},{"taxonomy":"product_brand","embeddable":true,"href":"https:\/\/insektenliebe.com\/de\/wp-json\/wp\/v2\/product_brand?post=4991"},{"taxonomy":"product_cat","embeddable":true,"href":"https:\/\/insektenliebe.com\/de\/wp-json\/wp\/v2\/product_cat?post=4991"},{"taxonomy":"product_tag","embeddable":true,"href":"https:\/\/insektenliebe.com\/de\/wp-json\/wp\/v2\/product_tag?post=4991"},{"taxonomy":"lce-checkout-addons","embeddable":true,"href":"https:\/\/insektenliebe.com\/de\/wp-json\/wp\/v2\/lce-checkout-addons?post=4991"}],"curies":[{"name":"wp","href":"https:\/\/api.w.org\/{rel}","templated":true}]}}