{"id":4990,"date":"2021-01-08T09:19:00","date_gmt":"2021-01-08T08:19:00","guid":{"rendered":"http:\/\/localhost\/ins-test\/?post_type=product&#038;p=4990"},"modified":"2026-03-08T17:23:57","modified_gmt":"2026-03-08T16:23:57","slug":"heimchen-grillenfutter","status":"publish","type":"product","link":"https:\/\/insektenliebe.com\/de\/shop\/produkt\/heimchen-grillenfutter\/","title":{"rendered":"Heimchen &#038; Grillenfutter"},"content":{"rendered":"<h3><span class=\"s1\" style=\"color: #99cc33;\">Heimchen &amp; Grillenfutter f\u00fcr n\u00e4hrstoffreiche Futtertiere<\/span><\/h3>\n<p class=\"p1\"><span class=\"s1\">Grillen und Heimchen<\/span><span class=\"s2\"> geh\u00f6ren zu den wichtigsten <\/span><span class=\"s1\">Futtertieren in der Terraristik<\/span><span class=\"s2\">. Viele Reptilien, Amphibien und Wirbellose werden regelm\u00e4\u00dfig mit diesen Insekten gef\u00fcttert. Deshalb spielt die <\/span><span class=\"s1\">Ern\u00e4hrung der Futtertiere<\/span><span class=\"s2\"> eine entscheidende Rolle.<\/span><\/p>\n<p class=\"p1\"><span class=\"s2\">Je besser die Futtertiere ern\u00e4hrt werden, desto <\/span><span class=\"s1\">wertvoller sind sie als Nahrungsquelle f\u00fcr deine Terrarientiere<\/span><span class=\"s2\">. Neben der nat\u00fcrlichen Zusammensetzung der Insekten beeinflusst vor allem ihre vorherige Ern\u00e4hrung den N\u00e4hrstoffgehalt.<\/span><\/p>\n<p class=\"p1\"><span class=\"s2\">Unser <\/span><strong><span class=\"s1\">Heimchen &amp; Grillenfutter<\/span><\/strong><span class=\"s2\"> sorgt daf\u00fcr, dass deine Futtertiere optimal versorgt werden. Es besteht zu <\/span><span class=\"s1\">100 % aus hochwertigen Luzerne-Pellets<\/span><span class=\"s2\"> und enth\u00e4lt keine chemischen Zus\u00e4tze oder k\u00fcnstlichen Bindemittel.<\/span><\/p>\n<p class=\"p1\"><span class=\"s2\">Die verwendete <\/span><span class=\"s1\">Luzerne (Alfalfa)<\/span><span class=\"s2\"> wird schonend <\/span><span class=\"s1\">warmluftgetrocknet<\/span><span class=\"s2\"> und anschlie\u00dfend zu Pellets verarbeitet. Dadurch bleiben viele wichtige N\u00e4hrstoffe erhalten, die f\u00fcr eine gesunde Entwicklung der Futterinsekten wichtig sind.<\/span><\/p>\n<p class=\"p1\"><span class=\"s2\">Luzerne ist besonders reich an <\/span><span class=\"s1\">Proteinen und Calcium<\/span><span class=\"s2\">. Diese N\u00e4hrstoffe werden von den Futtertieren aufgenommen und gelangen anschlie\u00dfend \u00fcber die F\u00fctterung auch zu deinen Terrarientieren.<\/span><\/p>\n<p class=\"p1\"><span class=\"s2\">Dadurch unterst\u00fctzt das Futter indirekt den <\/span><span class=\"s1\">gesunden Knochen- und Muskelaufbau deiner Reptilien<\/span><span class=\"s2\">. Gleichzeitig bleiben die Futterinsekten vital und aktiv, was sie zu einer hochwertigen Nahrungsquelle macht.<\/span><\/p>\n<p class=\"p1\"><span class=\"s2\">Die Pellets lassen sich au\u00dferdem <\/span><span class=\"s1\">einfach dosieren und sauber verf\u00fcttern<\/span><span class=\"s2\">. Sie k\u00f6nnen direkt in die Futterbox gegeben werden und werden von Heimchen und Grillen zuverl\u00e4ssig aufgenommen.<\/span><\/p>\n<p class=\"p1\"><span class=\"s2\">Durch die nat\u00fcrliche Zusammensetzung eignet sich das Futter sowohl f\u00fcr <\/span><span class=\"s1\">kleine Heimchenboxen als auch f\u00fcr gr\u00f6\u00dfere Zuchtans\u00e4tze<\/span><span class=\"s2\">.<\/span><\/p>\n<p class=\"p1\"><span class=\"s2\">Mit diesem <\/span><span class=\"s1\"><strong>Heimchen &amp; Grillenfutter<\/strong> aus 100 % Luzerne<\/span><span class=\"s2\"> sorgst du daf\u00fcr, dass deine Futterinsekten optimal versorgt werden und deine Terrarientiere hochwertige Nahrung erhalten.<\/span><\/p>\n<p>&nbsp;<\/p>\n<p><strong>Inhaltsstoffe: <\/strong>Rohprotein 17,6% Rohfett 3,5% Rohfaser 30,0% Rohasche 10,4%<\/p>\n","protected":false},"excerpt":{"rendered":"<p>Hochwertiges Futter f\u00fcr hochwertige Futtertiere!<\/p>\n","protected":false},"featured_media":5020,"template":"","meta":{"_acf_changed":false},"product-supplier":[],"product_brand":[],"product_cat":[129],"product_tag":[],"lce-checkout-addons":[],"class_list":{"0":"post-4990","1":"product","2":"type-product","3":"status-publish","4":"has-post-thumbnail","6":"product_cat-futter-kalzium","7":"product_shipping_class-equipment-shipping","9":"first","10":"instock","11":"taxable","12":"shipping-taxable","13":"purchasable","14":"product-type-simple"},"acf":[],"yoast_head":"<!-- This site is optimized with the Yoast SEO Premium plugin v26.8 (Yoast SEO v27.3) - https:\/\/yoast.com\/product\/yoast-seo-premium-wordpress\/ -->\n<title>Heimchen &amp; Grillenfutter - Insektenliebe<\/title>\n<meta name=\"description\" content=\"Heimchen &amp; Grillenfutter aus 100 % Luzerne-Pellets. Protein- und calciumreiches Futter zur optimalen Ern\u00e4hrung von Futterinsekten.\" \/>\n<meta name=\"robots\" content=\"index, follow, max-snippet:-1, max-image-preview:large, max-video-preview:-1\" \/>\n<link rel=\"canonical\" href=\"https:\/\/insektenliebe.com\/de\/shop\/produkt\/heimchen-grillenfutter\/\" \/>\n<meta property=\"og:locale\" content=\"de_DE\" \/>\n<meta property=\"og:type\" content=\"article\" \/>\n<meta property=\"og:title\" content=\"Heimchen &amp; Grillenfutter\" \/>\n<meta property=\"og:description\" content=\"Heimchen &amp; Grillenfutter aus 100 % Luzerne-Pellets. Protein- und calciumreiches Futter zur optimalen Ern\u00e4hrung von Futterinsekten.\" \/>\n<meta property=\"og:url\" content=\"https:\/\/insektenliebe.com\/de\/shop\/produkt\/heimchen-grillenfutter\/\" \/>\n<meta property=\"og:site_name\" content=\"Insektenliebe\" \/>\n<meta property=\"article:modified_time\" content=\"2026-03-08T16:23:57+00:00\" \/>\n<meta property=\"og:image\" content=\"https:\/\/insektenliebe.com\/wp-content\/uploads\/2025\/05\/heimchenfutter-2-2.jpg\" \/>\n\t<meta property=\"og:image:width\" content=\"820\" \/>\n\t<meta property=\"og:image:height\" content=\"820\" \/>\n\t<meta property=\"og:image:type\" content=\"image\/jpeg\" \/>\n<meta name=\"twitter:card\" content=\"summary_large_image\" \/>\n<meta name=\"twitter:label1\" content=\"Preis\" \/>\n\t<meta name=\"twitter:data1\" content=\"3,99&nbsp;&euro; inkl. MwSt. zzgl. Versand\" \/>\n\t<meta name=\"twitter:label2\" content=\"Verf\u00fcgbarkeit\" \/>\n\t<meta name=\"twitter:data2\" content=\"Auf Lager\" \/>\n<script type=\"application\/ld+json\" class=\"yoast-schema-graph\">{\"@context\":\"https:\\\/\\\/schema.org\",\"@graph\":[{\"@type\":\"WebPage\",\"@id\":\"https:\\\/\\\/insektenliebe.com\\\/de\\\/shop\\\/produkt\\\/heimchen-grillenfutter\\\/\",\"url\":\"https:\\\/\\\/insektenliebe.com\\\/de\\\/shop\\\/produkt\\\/heimchen-grillenfutter\\\/\",\"name\":\"Heimchen & Grillenfutter - Insektenliebe\",\"isPartOf\":{\"@id\":\"https:\\\/\\\/insektenliebe.com\\\/de\\\/#website\"},\"primaryImageOfPage\":{\"@id\":\"https:\\\/\\\/insektenliebe.com\\\/de\\\/shop\\\/produkt\\\/heimchen-grillenfutter\\\/#primaryimage\"},\"image\":{\"@id\":\"https:\\\/\\\/insektenliebe.com\\\/de\\\/shop\\\/produkt\\\/heimchen-grillenfutter\\\/#primaryimage\"},\"thumbnailUrl\":\"https:\\\/\\\/insektenliebe.com\\\/wp-content\\\/uploads\\\/2025\\\/05\\\/heimchenfutter-2-2.jpg\",\"datePublished\":\"2021-01-08T08:19:00+00:00\",\"dateModified\":\"2026-03-08T16:23:57+00:00\",\"description\":\"Heimchen & Grillenfutter aus 100 % Luzerne-Pellets. Protein- und calciumreiches Futter zur optimalen Ern\u00e4hrung von Futterinsekten.\",\"breadcrumb\":{\"@id\":\"https:\\\/\\\/insektenliebe.com\\\/de\\\/shop\\\/produkt\\\/heimchen-grillenfutter\\\/#breadcrumb\"},\"inLanguage\":\"de\",\"potentialAction\":[{\"@type\":\"ReadAction\",\"target\":[\"https:\\\/\\\/insektenliebe.com\\\/de\\\/shop\\\/produkt\\\/heimchen-grillenfutter\\\/\"]}]},{\"@type\":\"ImageObject\",\"inLanguage\":\"de\",\"@id\":\"https:\\\/\\\/insektenliebe.com\\\/de\\\/shop\\\/produkt\\\/heimchen-grillenfutter\\\/#primaryimage\",\"url\":\"https:\\\/\\\/insektenliebe.com\\\/wp-content\\\/uploads\\\/2025\\\/05\\\/heimchenfutter-2-2.jpg\",\"contentUrl\":\"https:\\\/\\\/insektenliebe.com\\\/wp-content\\\/uploads\\\/2025\\\/05\\\/heimchenfutter-2-2.jpg\",\"width\":820,\"height\":820,\"caption\":\"heimchenfutter-2-2.jpg\"},{\"@type\":\"BreadcrumbList\",\"@id\":\"https:\\\/\\\/insektenliebe.com\\\/de\\\/shop\\\/produkt\\\/heimchen-grillenfutter\\\/#breadcrumb\",\"itemListElement\":[{\"@type\":\"ListItem\",\"position\":1,\"name\":\"Startseite\",\"item\":\"https:\\\/\\\/insektenliebe.com\\\/de\\\/\"},{\"@type\":\"ListItem\",\"position\":2,\"name\":\"Shop\",\"item\":\"https:\\\/\\\/insektenliebe.com\\\/de\\\/shop\\\/\"},{\"@type\":\"ListItem\",\"position\":3,\"name\":\"Heimchen &#038; Grillenfutter\"}]},{\"@type\":\"WebSite\",\"@id\":\"https:\\\/\\\/insektenliebe.com\\\/de\\\/#website\",\"url\":\"https:\\\/\\\/insektenliebe.com\\\/de\\\/\",\"name\":\"Insektenliebe\",\"description\":\"Dein Zuhause f\u00fcr die kleinen Lebewesen\",\"publisher\":{\"@id\":\"https:\\\/\\\/insektenliebe.com\\\/de\\\/#organization\"},\"potentialAction\":[{\"@type\":\"SearchAction\",\"target\":{\"@type\":\"EntryPoint\",\"urlTemplate\":\"https:\\\/\\\/insektenliebe.com\\\/de\\\/?s={search_term_string}\"},\"query-input\":{\"@type\":\"PropertyValueSpecification\",\"valueRequired\":true,\"valueName\":\"search_term_string\"}}],\"inLanguage\":\"de\"},{\"@type\":\"Organization\",\"@id\":\"https:\\\/\\\/insektenliebe.com\\\/de\\\/#organization\",\"name\":\"Insektenliebe\",\"url\":\"https:\\\/\\\/insektenliebe.com\\\/de\\\/\",\"logo\":{\"@type\":\"ImageObject\",\"inLanguage\":\"de\",\"@id\":\"https:\\\/\\\/insektenliebe.com\\\/de\\\/#\\\/schema\\\/logo\\\/image\\\/\",\"url\":\"https:\\\/\\\/insektenliebe.com\\\/wp-content\\\/uploads\\\/2025\\\/03\\\/logo-white.png\",\"contentUrl\":\"https:\\\/\\\/insektenliebe.com\\\/wp-content\\\/uploads\\\/2025\\\/03\\\/logo-white.png\",\"width\":288,\"height\":188,\"caption\":\"Insektenliebe\"},\"image\":{\"@id\":\"https:\\\/\\\/insektenliebe.com\\\/de\\\/#\\\/schema\\\/logo\\\/image\\\/\"}}]}<\/script>\n<meta property=\"product:price:amount\" content=\"3.99\" \/>\n<meta property=\"product:price:currency\" content=\"EUR\" \/>\n<meta property=\"og:availability\" content=\"instock\" \/>\n<meta property=\"product:availability\" content=\"instock\" \/>\n<meta property=\"product:retailer_item_id\" content=\"248\" \/>\n<meta property=\"product:condition\" content=\"new\" \/>\n<!-- \/ Yoast SEO Premium plugin. -->","yoast_head_json":{"title":"Heimchen & Grillenfutter - Insektenliebe","description":"Heimchen & Grillenfutter aus 100 % Luzerne-Pellets. Protein- und calciumreiches Futter zur optimalen Ern\u00e4hrung von Futterinsekten.","robots":{"index":"index","follow":"follow","max-snippet":"max-snippet:-1","max-image-preview":"max-image-preview:large","max-video-preview":"max-video-preview:-1"},"canonical":"https:\/\/insektenliebe.com\/de\/shop\/produkt\/heimchen-grillenfutter\/","og_locale":"de_DE","og_type":"article","og_title":"Heimchen & Grillenfutter","og_description":"Heimchen & Grillenfutter aus 100 % Luzerne-Pellets. Protein- und calciumreiches Futter zur optimalen Ern\u00e4hrung von Futterinsekten.","og_url":"https:\/\/insektenliebe.com\/de\/shop\/produkt\/heimchen-grillenfutter\/","og_site_name":"Insektenliebe","article_modified_time":"2026-03-08T16:23:57+00:00","og_image":[{"width":820,"height":820,"url":"https:\/\/insektenliebe.com\/wp-content\/uploads\/2025\/05\/heimchenfutter-2-2.jpg","type":"image\/jpeg"}],"twitter_card":"summary_large_image","twitter_misc":{"Preis":"3,99&nbsp;&euro; inkl. MwSt. zzgl. Versand","Verf\u00fcgbarkeit":"Auf Lager"},"schema":{"@context":"https:\/\/schema.org","@graph":[{"@type":"WebPage","@id":"https:\/\/insektenliebe.com\/de\/shop\/produkt\/heimchen-grillenfutter\/","url":"https:\/\/insektenliebe.com\/de\/shop\/produkt\/heimchen-grillenfutter\/","name":"Heimchen & Grillenfutter - Insektenliebe","isPartOf":{"@id":"https:\/\/insektenliebe.com\/de\/#website"},"primaryImageOfPage":{"@id":"https:\/\/insektenliebe.com\/de\/shop\/produkt\/heimchen-grillenfutter\/#primaryimage"},"image":{"@id":"https:\/\/insektenliebe.com\/de\/shop\/produkt\/heimchen-grillenfutter\/#primaryimage"},"thumbnailUrl":"https:\/\/insektenliebe.com\/wp-content\/uploads\/2025\/05\/heimchenfutter-2-2.jpg","datePublished":"2021-01-08T08:19:00+00:00","dateModified":"2026-03-08T16:23:57+00:00","description":"Heimchen & Grillenfutter aus 100 % Luzerne-Pellets. Protein- und calciumreiches Futter zur optimalen Ern\u00e4hrung von Futterinsekten.","breadcrumb":{"@id":"https:\/\/insektenliebe.com\/de\/shop\/produkt\/heimchen-grillenfutter\/#breadcrumb"},"inLanguage":"de","potentialAction":[{"@type":"ReadAction","target":["https:\/\/insektenliebe.com\/de\/shop\/produkt\/heimchen-grillenfutter\/"]}]},{"@type":"ImageObject","inLanguage":"de","@id":"https:\/\/insektenliebe.com\/de\/shop\/produkt\/heimchen-grillenfutter\/#primaryimage","url":"https:\/\/insektenliebe.com\/wp-content\/uploads\/2025\/05\/heimchenfutter-2-2.jpg","contentUrl":"https:\/\/insektenliebe.com\/wp-content\/uploads\/2025\/05\/heimchenfutter-2-2.jpg","width":820,"height":820,"caption":"heimchenfutter-2-2.jpg"},{"@type":"BreadcrumbList","@id":"https:\/\/insektenliebe.com\/de\/shop\/produkt\/heimchen-grillenfutter\/#breadcrumb","itemListElement":[{"@type":"ListItem","position":1,"name":"Startseite","item":"https:\/\/insektenliebe.com\/de\/"},{"@type":"ListItem","position":2,"name":"Shop","item":"https:\/\/insektenliebe.com\/de\/shop\/"},{"@type":"ListItem","position":3,"name":"Heimchen &#038; Grillenfutter"}]},{"@type":"WebSite","@id":"https:\/\/insektenliebe.com\/de\/#website","url":"https:\/\/insektenliebe.com\/de\/","name":"Insektenliebe","description":"Dein Zuhause f\u00fcr die kleinen Lebewesen","publisher":{"@id":"https:\/\/insektenliebe.com\/de\/#organization"},"potentialAction":[{"@type":"SearchAction","target":{"@type":"EntryPoint","urlTemplate":"https:\/\/insektenliebe.com\/de\/?s={search_term_string}"},"query-input":{"@type":"PropertyValueSpecification","valueRequired":true,"valueName":"search_term_string"}}],"inLanguage":"de"},{"@type":"Organization","@id":"https:\/\/insektenliebe.com\/de\/#organization","name":"Insektenliebe","url":"https:\/\/insektenliebe.com\/de\/","logo":{"@type":"ImageObject","inLanguage":"de","@id":"https:\/\/insektenliebe.com\/de\/#\/schema\/logo\/image\/","url":"https:\/\/insektenliebe.com\/wp-content\/uploads\/2025\/03\/logo-white.png","contentUrl":"https:\/\/insektenliebe.com\/wp-content\/uploads\/2025\/03\/logo-white.png","width":288,"height":188,"caption":"Insektenliebe"},"image":{"@id":"https:\/\/insektenliebe.com\/de\/#\/schema\/logo\/image\/"}}]},"product_price_amount":"3.99","product_price_currency":"EUR","og_availability":"instock","product_availability":"instock","product_retailer_item_id":"248","product_condition":"new"},"_links":{"self":[{"href":"https:\/\/insektenliebe.com\/de\/wp-json\/wp\/v2\/product\/4990","targetHints":{"allow":["GET"]}}],"collection":[{"href":"https:\/\/insektenliebe.com\/de\/wp-json\/wp\/v2\/product"}],"about":[{"href":"https:\/\/insektenliebe.com\/de\/wp-json\/wp\/v2\/types\/product"}],"wp:featuredmedia":[{"embeddable":true,"href":"https:\/\/insektenliebe.com\/de\/wp-json\/wp\/v2\/media\/5020"}],"wp:attachment":[{"href":"https:\/\/insektenliebe.com\/de\/wp-json\/wp\/v2\/media?parent=4990"}],"wp:term":[{"taxonomy":"product-supplier","embeddable":true,"href":"https:\/\/insektenliebe.com\/de\/wp-json\/wp\/v2\/product-supplier?post=4990"},{"taxonomy":"product_brand","embeddable":true,"href":"https:\/\/insektenliebe.com\/de\/wp-json\/wp\/v2\/product_brand?post=4990"},{"taxonomy":"product_cat","embeddable":true,"href":"https:\/\/insektenliebe.com\/de\/wp-json\/wp\/v2\/product_cat?post=4990"},{"taxonomy":"product_tag","embeddable":true,"href":"https:\/\/insektenliebe.com\/de\/wp-json\/wp\/v2\/product_tag?post=4990"},{"taxonomy":"lce-checkout-addons","embeddable":true,"href":"https:\/\/insektenliebe.com\/de\/wp-json\/wp\/v2\/lce-checkout-addons?post=4990"}],"curies":[{"name":"wp","href":"https:\/\/api.w.org\/{rel}","templated":true}]}}