{"id":4989,"date":"2020-12-31T11:49:00","date_gmt":"2020-12-31T10:49:00","guid":{"rendered":"http:\/\/localhost\/ins-test\/?post_type=product&#038;p=4989"},"modified":"2026-03-12T07:48:59","modified_gmt":"2026-03-12T06:48:59","slug":"erlenzapfen-teebeutel","status":"publish","type":"product","link":"https:\/\/insektenliebe.com\/de\/shop\/produkt\/erlenzapfen-teebeutel\/","title":{"rendered":"Erlenzapfen Teebeutel"},"content":{"rendered":"<h3><span class=\"s1\" style=\"color: #99cc33;\">Naturpflege f\u00fcr dein Terrarium \u2013 Erlenzapfen im praktischen Teebeutel<\/span><\/h3>\n<p class=\"p1\"><span class=\"s1\">Erlenzapfen der Schwarzerle<\/span><span class=\"s2\"> unterst\u00fctzen auf nat\u00fcrliche Weise ein stabiles Mikroklima im Terrarium. Sie enthalten viele <\/span><span class=\"s1\">Huminstoffe und Gerbstoffe<\/span><span class=\"s2\">, die das Wachstum von Pilzen und Bakterien hemmen k\u00f6nnen. Dadurch profitieren besonders <\/span><span class=\"s1\">Wirbellose wie Asseln, Tausendf\u00fc\u00dfer oder Springschw\u00e4nze<\/span><span class=\"s2\">.<\/span><\/p>\n<p class=\"p1\"><span class=\"s2\">Zus\u00e4tzlich senken Erlenzapfen <\/span><span class=\"s1\">den pH-Wert im Substrat<\/span><span class=\"s2\">. Dadurch entsteht ein Bodenmilieu, das vielen Terrarienbewohnern entgegenkommt und nat\u00fcrlichen Lebensr\u00e4umen \u00e4hnelt.<\/span><\/p>\n<p class=\"p1\"><span class=\"s2\">Unsere Erlenzapfen stammen von <\/span><span class=\"s1\">Schwarzerlen aus nat\u00fcrlicher Umgebung<\/span><span class=\"s2\">. Wir sammeln sie <\/span><span class=\"s1\">per Hand<\/span><span class=\"s2\">, lassen sie vollst\u00e4ndig <\/span><span class=\"s1\">am Baum ausreifen<\/span><span class=\"s2\"> und trocknen sie anschlie\u00dfend <\/span><span class=\"s1\">schonend<\/span><span class=\"s2\">. Dadurch bleiben ihre nat\u00fcrlichen Inhaltsstoffe erhalten.<\/span><\/p>\n<p class=\"p1\"><span class=\"s2\">F\u00fcr viele Terrarianer eignen sich Erlenzapfen besonders gut zur Herstellung eines <\/span><span class=\"s1\">Erlenzapfen-Suds<\/span><span class=\"s2\">. Damit der Sud sp\u00e4ter sauber bleibt, liegen die Zapfen bereits <\/span><span class=\"s1\">im praktischen Teebeutel<\/span><span class=\"s2\">. Dadurch gelangen w\u00e4hrend der Ziehzeit kaum Schmutzpartikel ins Wasser.<\/span><\/p>\n<p class=\"p1\"><span class=\"s2\">F\u00fcr einen Sud gibst du den Erlenzapfen Teebeutel<\/span><span class=\"s2\">\u00a0in <\/span><span class=\"s1\">1 Liter kochendes Wasser<\/span><span class=\"s2\">. Danach l\u00e4sst du die Mischung <\/span><span class=\"s1\">etwa 24 Stunden ziehen<\/span><span class=\"s2\">.<\/span><\/p>\n<p class=\"p1\"><span class=\"s2\">W\u00e4hrend dieser Zeit f\u00e4rbt sich das Wasser <\/span><span class=\"s1\">br\u00e4unlich<\/span><span class=\"s2\">. Diese Farbe entsteht, weil sich die <\/span><span class=\"s1\">Huminstoffe der Erlenzapfen im Wasser l\u00f6sen<\/span><span class=\"s2\">.<\/span><\/p>\n<p class=\"p1\"><span class=\"s2\">Danach f\u00fcllst du den Sud einfach in eine <\/span><span class=\"s1\">Spr\u00fchflasche<\/span><span class=\"s2\"> und verteilst ihn im Terrarium. Falls du mehr Sud vorbereitet hast, kannst du ihn problemlos <\/span><span class=\"s1\">in einer geschlossenen Flasche lagern<\/span><span class=\"s2\">. Die enthaltenen Gerbstoffe hemmen Pilzwachstum, sodass der Sud nicht schimmelt.<\/span><\/p>\n<p class=\"p1\"><span class=\"s2\">Auch die ausgekochten Zapfen musst du nicht entsorgen. Du kannst sie direkt <\/span><span class=\"s1\">ins Terrarium legen<\/span><span class=\"s2\">, wo Asseln und andere Bodenbewohner sie gerne weiter zersetzen und fressen.<\/span><\/p>\n<p class=\"p1\"><span class=\"s2\">Gerade in <\/span><span class=\"s1\">st\u00e4rker besetzten Terrarien<\/span><span class=\"s2\"> unterst\u00fctzt der regelm\u00e4\u00dfige Einsatz von Erlenzapfen ein stabiles und gesundes Substratklima.<\/span><\/p>\n<p class=\"p1\"><span class=\"s2\">Da es sich um ein <\/span><span class=\"s1\">Naturprodukt<\/span><span class=\"s2\"> handelt, unterscheiden sich die einzelnen Zapfen in Form und Gr\u00f6\u00dfe.<\/span><\/p>\n<p>&nbsp;<\/p>\n<p class=\"p1\"><strong><span class=\"s1\">Inhalt: <\/span><\/strong><span class=\"s2\">1 Teebeutel mit <\/span><span class=\"s1\">6 Erlenzapfen der Schwarzerle<\/span><\/p>\n","protected":false},"excerpt":{"rendered":"<p>Schnell und einfach den pH-Wert im Boden regulieren!<\/p>\n","protected":false},"featured_media":5019,"template":"","meta":{"_acf_changed":false},"product-supplier":[],"product_brand":[],"product_cat":[129],"product_tag":[],"lce-checkout-addons":[],"class_list":{"0":"post-4989","1":"product","2":"type-product","3":"status-publish","4":"has-post-thumbnail","6":"product_cat-futter-kalzium","7":"product_shipping_class-equipment-shipping","9":"first","10":"instock","11":"taxable","12":"shipping-taxable","13":"purchasable","14":"product-type-simple"},"acf":[],"yoast_head":"<!-- This site is optimized with the Yoast SEO plugin v27.3 - https:\/\/yoast.com\/product\/yoast-seo-wordpress\/ -->\n<title>Erlenzapfen Teebeutel - Insektenliebe<\/title>\n<meta name=\"description\" content=\"Erlenzapfen im Teebeutel \u2013 nat\u00fcrliche Huminstoffquelle f\u00fcr Terrarien. Unterst\u00fctzt pH-Wert, wirkt gegen Pilze und Bakterien.\" \/>\n<meta name=\"robots\" content=\"index, follow, max-snippet:-1, max-image-preview:large, max-video-preview:-1\" \/>\n<link rel=\"canonical\" href=\"https:\/\/insektenliebe.com\/de\/shop\/produkt\/erlenzapfen-teebeutel\/\" \/>\n<meta property=\"og:locale\" content=\"de_DE\" \/>\n<meta property=\"og:type\" content=\"article\" \/>\n<meta property=\"og:title\" content=\"Erlenzapfen Teebeutel - Insektenliebe\" \/>\n<meta property=\"og:description\" content=\"Erlenzapfen im Teebeutel \u2013 nat\u00fcrliche Huminstoffquelle f\u00fcr Terrarien. Unterst\u00fctzt pH-Wert, wirkt gegen Pilze und Bakterien.\" \/>\n<meta property=\"og:url\" content=\"https:\/\/insektenliebe.com\/de\/shop\/produkt\/erlenzapfen-teebeutel\/\" \/>\n<meta property=\"og:site_name\" content=\"Insektenliebe\" \/>\n<meta property=\"article:modified_time\" content=\"2026-03-12T06:48:59+00:00\" \/>\n<meta property=\"og:image\" content=\"https:\/\/insektenliebe.com\/wp-content\/uploads\/2025\/05\/Erlenzapfen-Teebeutel-scaled-3.jpg\" \/>\n\t<meta property=\"og:image:width\" content=\"2560\" \/>\n\t<meta property=\"og:image:height\" content=\"2560\" \/>\n\t<meta property=\"og:image:type\" content=\"image\/jpeg\" \/>\n<meta name=\"twitter:card\" content=\"summary_large_image\" \/>\n<meta name=\"twitter:label1\" content=\"Gesch\u00e4tzte Lesezeit\" \/>\n\t<meta name=\"twitter:data1\" content=\"2\u00a0Minuten\" \/>\n<script type=\"application\/ld+json\" class=\"yoast-schema-graph\">{\"@context\":\"https:\\\/\\\/schema.org\",\"@graph\":[{\"@type\":\"WebPage\",\"@id\":\"https:\\\/\\\/insektenliebe.com\\\/de\\\/shop\\\/produkt\\\/erlenzapfen-teebeutel\\\/\",\"url\":\"https:\\\/\\\/insektenliebe.com\\\/de\\\/shop\\\/produkt\\\/erlenzapfen-teebeutel\\\/\",\"name\":\"Erlenzapfen Teebeutel - Insektenliebe\",\"isPartOf\":{\"@id\":\"https:\\\/\\\/insektenliebe.com\\\/de\\\/#website\"},\"primaryImageOfPage\":{\"@id\":\"https:\\\/\\\/insektenliebe.com\\\/de\\\/shop\\\/produkt\\\/erlenzapfen-teebeutel\\\/#primaryimage\"},\"image\":{\"@id\":\"https:\\\/\\\/insektenliebe.com\\\/de\\\/shop\\\/produkt\\\/erlenzapfen-teebeutel\\\/#primaryimage\"},\"thumbnailUrl\":\"https:\\\/\\\/insektenliebe.com\\\/wp-content\\\/uploads\\\/2025\\\/05\\\/Erlenzapfen-Teebeutel-scaled-3.jpg\",\"datePublished\":\"2020-12-31T10:49:00+00:00\",\"dateModified\":\"2026-03-12T06:48:59+00:00\",\"description\":\"Erlenzapfen im Teebeutel \u2013 nat\u00fcrliche Huminstoffquelle f\u00fcr Terrarien. Unterst\u00fctzt pH-Wert, wirkt gegen Pilze und Bakterien.\",\"breadcrumb\":{\"@id\":\"https:\\\/\\\/insektenliebe.com\\\/de\\\/shop\\\/produkt\\\/erlenzapfen-teebeutel\\\/#breadcrumb\"},\"inLanguage\":\"de\",\"potentialAction\":[{\"@type\":\"ReadAction\",\"target\":[\"https:\\\/\\\/insektenliebe.com\\\/de\\\/shop\\\/produkt\\\/erlenzapfen-teebeutel\\\/\"]}]},{\"@type\":\"ImageObject\",\"inLanguage\":\"de\",\"@id\":\"https:\\\/\\\/insektenliebe.com\\\/de\\\/shop\\\/produkt\\\/erlenzapfen-teebeutel\\\/#primaryimage\",\"url\":\"https:\\\/\\\/insektenliebe.com\\\/wp-content\\\/uploads\\\/2025\\\/05\\\/Erlenzapfen-Teebeutel-scaled-3.jpg\",\"contentUrl\":\"https:\\\/\\\/insektenliebe.com\\\/wp-content\\\/uploads\\\/2025\\\/05\\\/Erlenzapfen-Teebeutel-scaled-3.jpg\",\"width\":2560,\"height\":2560,\"caption\":\"Erlenzapfen-Teebeutel-scaled-3.jpg\"},{\"@type\":\"BreadcrumbList\",\"@id\":\"https:\\\/\\\/insektenliebe.com\\\/de\\\/shop\\\/produkt\\\/erlenzapfen-teebeutel\\\/#breadcrumb\",\"itemListElement\":[{\"@type\":\"ListItem\",\"position\":1,\"name\":\"Startseite\",\"item\":\"https:\\\/\\\/insektenliebe.com\\\/de\\\/\"},{\"@type\":\"ListItem\",\"position\":2,\"name\":\"Shop\",\"item\":\"https:\\\/\\\/insektenliebe.com\\\/de\\\/shop\\\/\"},{\"@type\":\"ListItem\",\"position\":3,\"name\":\"Erlenzapfen Teebeutel\"}]},{\"@type\":\"WebSite\",\"@id\":\"https:\\\/\\\/insektenliebe.com\\\/de\\\/#website\",\"url\":\"https:\\\/\\\/insektenliebe.com\\\/de\\\/\",\"name\":\"Insektenliebe\",\"description\":\"Dein Zuhause f\u00fcr die kleinen Lebewesen\",\"publisher\":{\"@id\":\"https:\\\/\\\/insektenliebe.com\\\/de\\\/#organization\"},\"potentialAction\":[{\"@type\":\"SearchAction\",\"target\":{\"@type\":\"EntryPoint\",\"urlTemplate\":\"https:\\\/\\\/insektenliebe.com\\\/de\\\/?s={search_term_string}\"},\"query-input\":{\"@type\":\"PropertyValueSpecification\",\"valueRequired\":true,\"valueName\":\"search_term_string\"}}],\"inLanguage\":\"de\"},{\"@type\":\"Organization\",\"@id\":\"https:\\\/\\\/insektenliebe.com\\\/de\\\/#organization\",\"name\":\"Insektenliebe\",\"url\":\"https:\\\/\\\/insektenliebe.com\\\/de\\\/\",\"logo\":{\"@type\":\"ImageObject\",\"inLanguage\":\"de\",\"@id\":\"https:\\\/\\\/insektenliebe.com\\\/de\\\/#\\\/schema\\\/logo\\\/image\\\/\",\"url\":\"https:\\\/\\\/insektenliebe.com\\\/wp-content\\\/uploads\\\/2025\\\/03\\\/logo-white.png\",\"contentUrl\":\"https:\\\/\\\/insektenliebe.com\\\/wp-content\\\/uploads\\\/2025\\\/03\\\/logo-white.png\",\"width\":288,\"height\":188,\"caption\":\"Insektenliebe\"},\"image\":{\"@id\":\"https:\\\/\\\/insektenliebe.com\\\/de\\\/#\\\/schema\\\/logo\\\/image\\\/\"}}]}<\/script>\n<!-- \/ Yoast SEO plugin. -->","yoast_head_json":{"title":"Erlenzapfen Teebeutel - Insektenliebe","description":"Erlenzapfen im Teebeutel \u2013 nat\u00fcrliche Huminstoffquelle f\u00fcr Terrarien. Unterst\u00fctzt pH-Wert, wirkt gegen Pilze und Bakterien.","robots":{"index":"index","follow":"follow","max-snippet":"max-snippet:-1","max-image-preview":"max-image-preview:large","max-video-preview":"max-video-preview:-1"},"canonical":"https:\/\/insektenliebe.com\/de\/shop\/produkt\/erlenzapfen-teebeutel\/","og_locale":"de_DE","og_type":"article","og_title":"Erlenzapfen Teebeutel - Insektenliebe","og_description":"Erlenzapfen im Teebeutel \u2013 nat\u00fcrliche Huminstoffquelle f\u00fcr Terrarien. Unterst\u00fctzt pH-Wert, wirkt gegen Pilze und Bakterien.","og_url":"https:\/\/insektenliebe.com\/de\/shop\/produkt\/erlenzapfen-teebeutel\/","og_site_name":"Insektenliebe","article_modified_time":"2026-03-12T06:48:59+00:00","og_image":[{"width":2560,"height":2560,"url":"https:\/\/insektenliebe.com\/wp-content\/uploads\/2025\/05\/Erlenzapfen-Teebeutel-scaled-3.jpg","type":"image\/jpeg"}],"twitter_card":"summary_large_image","twitter_misc":{"Gesch\u00e4tzte Lesezeit":"2\u00a0Minuten"},"schema":{"@context":"https:\/\/schema.org","@graph":[{"@type":"WebPage","@id":"https:\/\/insektenliebe.com\/de\/shop\/produkt\/erlenzapfen-teebeutel\/","url":"https:\/\/insektenliebe.com\/de\/shop\/produkt\/erlenzapfen-teebeutel\/","name":"Erlenzapfen Teebeutel - Insektenliebe","isPartOf":{"@id":"https:\/\/insektenliebe.com\/de\/#website"},"primaryImageOfPage":{"@id":"https:\/\/insektenliebe.com\/de\/shop\/produkt\/erlenzapfen-teebeutel\/#primaryimage"},"image":{"@id":"https:\/\/insektenliebe.com\/de\/shop\/produkt\/erlenzapfen-teebeutel\/#primaryimage"},"thumbnailUrl":"https:\/\/insektenliebe.com\/wp-content\/uploads\/2025\/05\/Erlenzapfen-Teebeutel-scaled-3.jpg","datePublished":"2020-12-31T10:49:00+00:00","dateModified":"2026-03-12T06:48:59+00:00","description":"Erlenzapfen im Teebeutel \u2013 nat\u00fcrliche Huminstoffquelle f\u00fcr Terrarien. Unterst\u00fctzt pH-Wert, wirkt gegen Pilze und Bakterien.","breadcrumb":{"@id":"https:\/\/insektenliebe.com\/de\/shop\/produkt\/erlenzapfen-teebeutel\/#breadcrumb"},"inLanguage":"de","potentialAction":[{"@type":"ReadAction","target":["https:\/\/insektenliebe.com\/de\/shop\/produkt\/erlenzapfen-teebeutel\/"]}]},{"@type":"ImageObject","inLanguage":"de","@id":"https:\/\/insektenliebe.com\/de\/shop\/produkt\/erlenzapfen-teebeutel\/#primaryimage","url":"https:\/\/insektenliebe.com\/wp-content\/uploads\/2025\/05\/Erlenzapfen-Teebeutel-scaled-3.jpg","contentUrl":"https:\/\/insektenliebe.com\/wp-content\/uploads\/2025\/05\/Erlenzapfen-Teebeutel-scaled-3.jpg","width":2560,"height":2560,"caption":"Erlenzapfen-Teebeutel-scaled-3.jpg"},{"@type":"BreadcrumbList","@id":"https:\/\/insektenliebe.com\/de\/shop\/produkt\/erlenzapfen-teebeutel\/#breadcrumb","itemListElement":[{"@type":"ListItem","position":1,"name":"Startseite","item":"https:\/\/insektenliebe.com\/de\/"},{"@type":"ListItem","position":2,"name":"Shop","item":"https:\/\/insektenliebe.com\/de\/shop\/"},{"@type":"ListItem","position":3,"name":"Erlenzapfen Teebeutel"}]},{"@type":"WebSite","@id":"https:\/\/insektenliebe.com\/de\/#website","url":"https:\/\/insektenliebe.com\/de\/","name":"Insektenliebe","description":"Dein Zuhause f\u00fcr die kleinen Lebewesen","publisher":{"@id":"https:\/\/insektenliebe.com\/de\/#organization"},"potentialAction":[{"@type":"SearchAction","target":{"@type":"EntryPoint","urlTemplate":"https:\/\/insektenliebe.com\/de\/?s={search_term_string}"},"query-input":{"@type":"PropertyValueSpecification","valueRequired":true,"valueName":"search_term_string"}}],"inLanguage":"de"},{"@type":"Organization","@id":"https:\/\/insektenliebe.com\/de\/#organization","name":"Insektenliebe","url":"https:\/\/insektenliebe.com\/de\/","logo":{"@type":"ImageObject","inLanguage":"de","@id":"https:\/\/insektenliebe.com\/de\/#\/schema\/logo\/image\/","url":"https:\/\/insektenliebe.com\/wp-content\/uploads\/2025\/03\/logo-white.png","contentUrl":"https:\/\/insektenliebe.com\/wp-content\/uploads\/2025\/03\/logo-white.png","width":288,"height":188,"caption":"Insektenliebe"},"image":{"@id":"https:\/\/insektenliebe.com\/de\/#\/schema\/logo\/image\/"}}]}},"_links":{"self":[{"href":"https:\/\/insektenliebe.com\/de\/wp-json\/wp\/v2\/product\/4989","targetHints":{"allow":["GET"]}}],"collection":[{"href":"https:\/\/insektenliebe.com\/de\/wp-json\/wp\/v2\/product"}],"about":[{"href":"https:\/\/insektenliebe.com\/de\/wp-json\/wp\/v2\/types\/product"}],"wp:featuredmedia":[{"embeddable":true,"href":"https:\/\/insektenliebe.com\/de\/wp-json\/wp\/v2\/media\/5019"}],"wp:attachment":[{"href":"https:\/\/insektenliebe.com\/de\/wp-json\/wp\/v2\/media?parent=4989"}],"wp:term":[{"taxonomy":"product-supplier","embeddable":true,"href":"https:\/\/insektenliebe.com\/de\/wp-json\/wp\/v2\/product-supplier?post=4989"},{"taxonomy":"product_brand","embeddable":true,"href":"https:\/\/insektenliebe.com\/de\/wp-json\/wp\/v2\/product_brand?post=4989"},{"taxonomy":"product_cat","embeddable":true,"href":"https:\/\/insektenliebe.com\/de\/wp-json\/wp\/v2\/product_cat?post=4989"},{"taxonomy":"product_tag","embeddable":true,"href":"https:\/\/insektenliebe.com\/de\/wp-json\/wp\/v2\/product_tag?post=4989"},{"taxonomy":"lce-checkout-addons","embeddable":true,"href":"https:\/\/insektenliebe.com\/de\/wp-json\/wp\/v2\/lce-checkout-addons?post=4989"}],"curies":[{"name":"wp","href":"https:\/\/api.w.org\/{rel}","templated":true}]}}