{"id":4988,"date":"2020-12-30T11:30:00","date_gmt":"2020-12-30T10:30:00","guid":{"rendered":"http:\/\/localhost\/ins-test\/?post_type=product&#038;p=4988"},"modified":"2026-04-06T10:09:29","modified_gmt":"2026-04-06T08:09:29","slug":"insektenliebe-druckspruehflasche-1-l","status":"publish","type":"product","link":"https:\/\/insektenliebe.com\/de\/shop\/produkt\/insektenliebe-druckspruehflasche-1-l\/","title":{"rendered":"Insektenliebe Druckspr\u00fchflasche 1 L"},"content":{"rendered":"<h3><span class=\"s1\" style=\"color: #99cc33\">Druckspr\u00fchflasche 1 L \u2013 Hochwertige Qualit\u00e4t Made in Germany<\/span><\/h3>\n<p class=\"p1\"><span class=\"s1\">Die <\/span><strong><span class=\"s2\">Insektenliebe Druckspr\u00fchflasche 1 L<\/span><\/strong><span class=\"s1\"> ist dein zuverl\u00e4ssiges Werkzeug, wenn es um die gezielte Regulierung der Luftfeuchtigkeit im Terrarium geht. Gerade bei tropischen Arten spielt ein stabiles Mikroklima eine entscheidende Rolle. Mit dieser hochwertigen Druckspr\u00fchflasche erzeugst du einen besonders feinen Spr\u00fchnebel, der sich gleichm\u00e4\u00dfig verteilt und das Substrat nicht durchn\u00e4sst.<\/span><\/p>\n<p class=\"p1\"><span class=\"s1\">Dank der verstellbaren D\u00fcse kannst du den Spr\u00fchgrad individuell anpassen. M\u00f6chtest du eine Moosfl\u00e4che sanft befeuchten oder eine gr\u00f6\u00dfere Fl\u00e4che gleichm\u00e4\u00dfig benebeln, stellst du die D\u00fcse einfach entsprechend ein. Der erzeugte Nebel legt sich fein auf Pflanzen, R\u00fcckw\u00e4nde und Bodengrund. Dadurch bleibt die Feuchtigkeit l\u00e4nger erhalten, ohne dass sich Pf\u00fctzen bilden.<\/span><\/p>\n<p class=\"p1\"><span class=\"s1\">Die hochwertige Messingd\u00fcse sorgt f\u00fcr Langlebigkeit und gleichbleibende Spr\u00fchqualit\u00e4t. Gleichzeitig sch\u00fctzt ein integrierter Ansaugfilter das System vor Verschmutzungen. So bleibt die Funktion auch bei regelm\u00e4\u00dfiger Nutzung zuverl\u00e4ssig erhalten. Die Fertigung in Deutschland steht zus\u00e4tzlich f\u00fcr saubere Verarbeitung und robuste Materialien.<\/span><\/p>\n<p class=\"p1\"><span class=\"s1\">Mit einem Fassungsverm\u00f6gen von einem Liter bietet die Spr\u00fchflasche ausreichend Volumen f\u00fcr mehrere Anwendungen. Gleichzeitig bleibt sie handlich und gut kontrollierbar. Durch den Druckmechanismus baust du vor dem Spr\u00fchen Spannung auf, sodass du kontinuierlich und gleichm\u00e4\u00dfig arbeiten kannst.<\/span><\/p>\n<p class=\"p1\"><span class=\"s1\">Die <\/span><strong><span class=\"s2\">Insektenliebe Druckspr\u00fchflasche 1 L<\/span><\/strong><span class=\"s1\"> eignet sich ideal f\u00fcr Asselterrarien, Spinnenbecken, Amphibien, Pflanzenarrangements oder Moosbereiche. Besonders bei Arten, die eine hohe Luftfeuchtigkeit ben\u00f6tigen, unterst\u00fctzt sie dich dabei, stabile Bedingungen zu schaffen.<\/span><\/p>\n<p class=\"p1\"><span class=\"s1\">Wer Wert auf Qualit\u00e4t, Kontrolle und langlebige Technik legt, findet mit dieser Druckspr\u00fchflasche ein durchdachtes Werkzeug f\u00fcr die t\u00e4gliche Terrarienpflege.<\/span><\/p>\n","protected":false},"excerpt":{"rendered":"<p>Druckspr\u00fchflasche 1 L \u2013 Hochwertige Qualit\u00e4t Made in Germany Die Insektenliebe Druckspr\u00fchflasche 1 L ist dein zuverl\u00e4ssiges Werkzeug, wenn es um die gezielte Regulierung der Luftfeuchtigkeit im Terrarium geht. Gerade bei tropischen Arten spielt ein stabiles Mikroklima eine entscheidende Rolle. Mit dieser hochwertigen Druckspr\u00fchflasche erzeugst du einen besonders feinen Spr\u00fchnebel, der sich gleichm\u00e4\u00dfig verteilt und [&hellip;]<\/p>\n","protected":false},"featured_media":5018,"template":"","meta":{"_acf_changed":false},"product-supplier":[],"product_brand":[1414],"product_cat":[299],"product_tag":[],"lce-checkout-addons":[],"class_list":{"0":"post-4988","1":"product","2":"type-product","3":"status-publish","4":"has-post-thumbnail","6":"product_brand-insektenliebe","7":"product_cat-beleuchtung-klima","8":"product_shipping_class-equipment-shipping","10":"first","11":"instock","12":"taxable","13":"shipping-taxable","14":"purchasable","15":"product-type-simple"},"acf":[],"yoast_head":"<!-- This site is optimized with the Yoast SEO plugin v27.3 - https:\/\/yoast.com\/product\/yoast-seo-wordpress\/ -->\n<title>Insektenliebe Druckspr\u00fchflasche 1 L - Insektenliebe<\/title>\n<meta name=\"description\" content=\"Insektenliebe Druckspr\u00fchflasche 1 L \u2013 feiner Spr\u00fchnebel f\u00fcr Terrarium &amp; Pflanzen. Hochwertige Messingd\u00fcse, Made in Germany.\" \/>\n<meta name=\"robots\" content=\"index, follow, max-snippet:-1, max-image-preview:large, max-video-preview:-1\" \/>\n<link rel=\"canonical\" href=\"https:\/\/insektenliebe.com\/de\/shop\/produkt\/insektenliebe-druckspruehflasche-1-l\/\" \/>\n<meta property=\"og:locale\" content=\"de_DE\" \/>\n<meta property=\"og:type\" content=\"article\" \/>\n<meta property=\"og:title\" content=\"Insektenliebe Druckspr\u00fchflasche 1 L - Insektenliebe\" \/>\n<meta property=\"og:description\" content=\"Insektenliebe Druckspr\u00fchflasche 1 L \u2013 feiner Spr\u00fchnebel f\u00fcr Terrarium &amp; Pflanzen. Hochwertige Messingd\u00fcse, Made in Germany.\" \/>\n<meta property=\"og:url\" content=\"https:\/\/insektenliebe.com\/de\/shop\/produkt\/insektenliebe-druckspruehflasche-1-l\/\" \/>\n<meta property=\"og:site_name\" content=\"Insektenliebe\" \/>\n<meta property=\"article:modified_time\" content=\"2026-04-06T08:09:29+00:00\" \/>\n<meta property=\"og:image\" content=\"https:\/\/insektenliebe.com\/wp-content\/uploads\/2025\/05\/Spruehflasche-scaled-3.jpg\" \/>\n\t<meta property=\"og:image:width\" content=\"2560\" \/>\n\t<meta property=\"og:image:height\" content=\"2560\" \/>\n\t<meta property=\"og:image:type\" content=\"image\/jpeg\" \/>\n<meta name=\"twitter:card\" content=\"summary_large_image\" \/>\n<meta name=\"twitter:label1\" content=\"Gesch\u00e4tzte Lesezeit\" \/>\n\t<meta name=\"twitter:data1\" content=\"2\u00a0Minuten\" \/>\n<script type=\"application\/ld+json\" class=\"yoast-schema-graph\">{\"@context\":\"https:\\\/\\\/schema.org\",\"@graph\":[{\"@type\":\"WebPage\",\"@id\":\"https:\\\/\\\/insektenliebe.com\\\/de\\\/shop\\\/produkt\\\/insektenliebe-druckspruehflasche-1-l\\\/\",\"url\":\"https:\\\/\\\/insektenliebe.com\\\/de\\\/shop\\\/produkt\\\/insektenliebe-druckspruehflasche-1-l\\\/\",\"name\":\"Insektenliebe Druckspr\u00fchflasche 1 L - Insektenliebe\",\"isPartOf\":{\"@id\":\"https:\\\/\\\/insektenliebe.com\\\/de\\\/#website\"},\"primaryImageOfPage\":{\"@id\":\"https:\\\/\\\/insektenliebe.com\\\/de\\\/shop\\\/produkt\\\/insektenliebe-druckspruehflasche-1-l\\\/#primaryimage\"},\"image\":{\"@id\":\"https:\\\/\\\/insektenliebe.com\\\/de\\\/shop\\\/produkt\\\/insektenliebe-druckspruehflasche-1-l\\\/#primaryimage\"},\"thumbnailUrl\":\"https:\\\/\\\/insektenliebe.com\\\/wp-content\\\/uploads\\\/2025\\\/05\\\/Spruehflasche-scaled-3.jpg\",\"datePublished\":\"2020-12-30T10:30:00+00:00\",\"dateModified\":\"2026-04-06T08:09:29+00:00\",\"description\":\"Insektenliebe Druckspr\u00fchflasche 1 L \u2013 feiner Spr\u00fchnebel f\u00fcr Terrarium & Pflanzen. Hochwertige Messingd\u00fcse, Made in Germany.\",\"breadcrumb\":{\"@id\":\"https:\\\/\\\/insektenliebe.com\\\/de\\\/shop\\\/produkt\\\/insektenliebe-druckspruehflasche-1-l\\\/#breadcrumb\"},\"inLanguage\":\"de\",\"potentialAction\":[{\"@type\":\"ReadAction\",\"target\":[\"https:\\\/\\\/insektenliebe.com\\\/de\\\/shop\\\/produkt\\\/insektenliebe-druckspruehflasche-1-l\\\/\"]}]},{\"@type\":\"ImageObject\",\"inLanguage\":\"de\",\"@id\":\"https:\\\/\\\/insektenliebe.com\\\/de\\\/shop\\\/produkt\\\/insektenliebe-druckspruehflasche-1-l\\\/#primaryimage\",\"url\":\"https:\\\/\\\/insektenliebe.com\\\/wp-content\\\/uploads\\\/2025\\\/05\\\/Spruehflasche-scaled-3.jpg\",\"contentUrl\":\"https:\\\/\\\/insektenliebe.com\\\/wp-content\\\/uploads\\\/2025\\\/05\\\/Spruehflasche-scaled-3.jpg\",\"width\":2560,\"height\":2560,\"caption\":\"Spruehflasche-scaled-3.jpg\"},{\"@type\":\"BreadcrumbList\",\"@id\":\"https:\\\/\\\/insektenliebe.com\\\/de\\\/shop\\\/produkt\\\/insektenliebe-druckspruehflasche-1-l\\\/#breadcrumb\",\"itemListElement\":[{\"@type\":\"ListItem\",\"position\":1,\"name\":\"Startseite\",\"item\":\"https:\\\/\\\/insektenliebe.com\\\/de\\\/\"},{\"@type\":\"ListItem\",\"position\":2,\"name\":\"Shop\",\"item\":\"https:\\\/\\\/insektenliebe.com\\\/de\\\/shop\\\/\"},{\"@type\":\"ListItem\",\"position\":3,\"name\":\"Insektenliebe Druckspr\u00fchflasche 1 L\"}]},{\"@type\":\"WebSite\",\"@id\":\"https:\\\/\\\/insektenliebe.com\\\/de\\\/#website\",\"url\":\"https:\\\/\\\/insektenliebe.com\\\/de\\\/\",\"name\":\"Insektenliebe\",\"description\":\"Dein Zuhause f\u00fcr die kleinen Lebewesen\",\"publisher\":{\"@id\":\"https:\\\/\\\/insektenliebe.com\\\/de\\\/#organization\"},\"potentialAction\":[{\"@type\":\"SearchAction\",\"target\":{\"@type\":\"EntryPoint\",\"urlTemplate\":\"https:\\\/\\\/insektenliebe.com\\\/de\\\/?s={search_term_string}\"},\"query-input\":{\"@type\":\"PropertyValueSpecification\",\"valueRequired\":true,\"valueName\":\"search_term_string\"}}],\"inLanguage\":\"de\"},{\"@type\":\"Organization\",\"@id\":\"https:\\\/\\\/insektenliebe.com\\\/de\\\/#organization\",\"name\":\"Insektenliebe\",\"url\":\"https:\\\/\\\/insektenliebe.com\\\/de\\\/\",\"logo\":{\"@type\":\"ImageObject\",\"inLanguage\":\"de\",\"@id\":\"https:\\\/\\\/insektenliebe.com\\\/de\\\/#\\\/schema\\\/logo\\\/image\\\/\",\"url\":\"https:\\\/\\\/insektenliebe.com\\\/wp-content\\\/uploads\\\/2025\\\/03\\\/logo-white.png\",\"contentUrl\":\"https:\\\/\\\/insektenliebe.com\\\/wp-content\\\/uploads\\\/2025\\\/03\\\/logo-white.png\",\"width\":288,\"height\":188,\"caption\":\"Insektenliebe\"},\"image\":{\"@id\":\"https:\\\/\\\/insektenliebe.com\\\/de\\\/#\\\/schema\\\/logo\\\/image\\\/\"}}]}<\/script>\n<!-- \/ Yoast SEO plugin. -->","yoast_head_json":{"title":"Insektenliebe Druckspr\u00fchflasche 1 L - Insektenliebe","description":"Insektenliebe Druckspr\u00fchflasche 1 L \u2013 feiner Spr\u00fchnebel f\u00fcr Terrarium & Pflanzen. Hochwertige Messingd\u00fcse, Made in Germany.","robots":{"index":"index","follow":"follow","max-snippet":"max-snippet:-1","max-image-preview":"max-image-preview:large","max-video-preview":"max-video-preview:-1"},"canonical":"https:\/\/insektenliebe.com\/de\/shop\/produkt\/insektenliebe-druckspruehflasche-1-l\/","og_locale":"de_DE","og_type":"article","og_title":"Insektenliebe Druckspr\u00fchflasche 1 L - Insektenliebe","og_description":"Insektenliebe Druckspr\u00fchflasche 1 L \u2013 feiner Spr\u00fchnebel f\u00fcr Terrarium & Pflanzen. Hochwertige Messingd\u00fcse, Made in Germany.","og_url":"https:\/\/insektenliebe.com\/de\/shop\/produkt\/insektenliebe-druckspruehflasche-1-l\/","og_site_name":"Insektenliebe","article_modified_time":"2026-04-06T08:09:29+00:00","og_image":[{"width":2560,"height":2560,"url":"https:\/\/insektenliebe.com\/wp-content\/uploads\/2025\/05\/Spruehflasche-scaled-3.jpg","type":"image\/jpeg"}],"twitter_card":"summary_large_image","twitter_misc":{"Gesch\u00e4tzte Lesezeit":"2\u00a0Minuten"},"schema":{"@context":"https:\/\/schema.org","@graph":[{"@type":"WebPage","@id":"https:\/\/insektenliebe.com\/de\/shop\/produkt\/insektenliebe-druckspruehflasche-1-l\/","url":"https:\/\/insektenliebe.com\/de\/shop\/produkt\/insektenliebe-druckspruehflasche-1-l\/","name":"Insektenliebe Druckspr\u00fchflasche 1 L - Insektenliebe","isPartOf":{"@id":"https:\/\/insektenliebe.com\/de\/#website"},"primaryImageOfPage":{"@id":"https:\/\/insektenliebe.com\/de\/shop\/produkt\/insektenliebe-druckspruehflasche-1-l\/#primaryimage"},"image":{"@id":"https:\/\/insektenliebe.com\/de\/shop\/produkt\/insektenliebe-druckspruehflasche-1-l\/#primaryimage"},"thumbnailUrl":"https:\/\/insektenliebe.com\/wp-content\/uploads\/2025\/05\/Spruehflasche-scaled-3.jpg","datePublished":"2020-12-30T10:30:00+00:00","dateModified":"2026-04-06T08:09:29+00:00","description":"Insektenliebe Druckspr\u00fchflasche 1 L \u2013 feiner Spr\u00fchnebel f\u00fcr Terrarium & Pflanzen. Hochwertige Messingd\u00fcse, Made in Germany.","breadcrumb":{"@id":"https:\/\/insektenliebe.com\/de\/shop\/produkt\/insektenliebe-druckspruehflasche-1-l\/#breadcrumb"},"inLanguage":"de","potentialAction":[{"@type":"ReadAction","target":["https:\/\/insektenliebe.com\/de\/shop\/produkt\/insektenliebe-druckspruehflasche-1-l\/"]}]},{"@type":"ImageObject","inLanguage":"de","@id":"https:\/\/insektenliebe.com\/de\/shop\/produkt\/insektenliebe-druckspruehflasche-1-l\/#primaryimage","url":"https:\/\/insektenliebe.com\/wp-content\/uploads\/2025\/05\/Spruehflasche-scaled-3.jpg","contentUrl":"https:\/\/insektenliebe.com\/wp-content\/uploads\/2025\/05\/Spruehflasche-scaled-3.jpg","width":2560,"height":2560,"caption":"Spruehflasche-scaled-3.jpg"},{"@type":"BreadcrumbList","@id":"https:\/\/insektenliebe.com\/de\/shop\/produkt\/insektenliebe-druckspruehflasche-1-l\/#breadcrumb","itemListElement":[{"@type":"ListItem","position":1,"name":"Startseite","item":"https:\/\/insektenliebe.com\/de\/"},{"@type":"ListItem","position":2,"name":"Shop","item":"https:\/\/insektenliebe.com\/de\/shop\/"},{"@type":"ListItem","position":3,"name":"Insektenliebe Druckspr\u00fchflasche 1 L"}]},{"@type":"WebSite","@id":"https:\/\/insektenliebe.com\/de\/#website","url":"https:\/\/insektenliebe.com\/de\/","name":"Insektenliebe","description":"Dein Zuhause f\u00fcr die kleinen Lebewesen","publisher":{"@id":"https:\/\/insektenliebe.com\/de\/#organization"},"potentialAction":[{"@type":"SearchAction","target":{"@type":"EntryPoint","urlTemplate":"https:\/\/insektenliebe.com\/de\/?s={search_term_string}"},"query-input":{"@type":"PropertyValueSpecification","valueRequired":true,"valueName":"search_term_string"}}],"inLanguage":"de"},{"@type":"Organization","@id":"https:\/\/insektenliebe.com\/de\/#organization","name":"Insektenliebe","url":"https:\/\/insektenliebe.com\/de\/","logo":{"@type":"ImageObject","inLanguage":"de","@id":"https:\/\/insektenliebe.com\/de\/#\/schema\/logo\/image\/","url":"https:\/\/insektenliebe.com\/wp-content\/uploads\/2025\/03\/logo-white.png","contentUrl":"https:\/\/insektenliebe.com\/wp-content\/uploads\/2025\/03\/logo-white.png","width":288,"height":188,"caption":"Insektenliebe"},"image":{"@id":"https:\/\/insektenliebe.com\/de\/#\/schema\/logo\/image\/"}}]}},"_links":{"self":[{"href":"https:\/\/insektenliebe.com\/de\/wp-json\/wp\/v2\/product\/4988","targetHints":{"allow":["GET"]}}],"collection":[{"href":"https:\/\/insektenliebe.com\/de\/wp-json\/wp\/v2\/product"}],"about":[{"href":"https:\/\/insektenliebe.com\/de\/wp-json\/wp\/v2\/types\/product"}],"wp:featuredmedia":[{"embeddable":true,"href":"https:\/\/insektenliebe.com\/de\/wp-json\/wp\/v2\/media\/5018"}],"wp:attachment":[{"href":"https:\/\/insektenliebe.com\/de\/wp-json\/wp\/v2\/media?parent=4988"}],"wp:term":[{"taxonomy":"product-supplier","embeddable":true,"href":"https:\/\/insektenliebe.com\/de\/wp-json\/wp\/v2\/product-supplier?post=4988"},{"taxonomy":"product_brand","embeddable":true,"href":"https:\/\/insektenliebe.com\/de\/wp-json\/wp\/v2\/product_brand?post=4988"},{"taxonomy":"product_cat","embeddable":true,"href":"https:\/\/insektenliebe.com\/de\/wp-json\/wp\/v2\/product_cat?post=4988"},{"taxonomy":"product_tag","embeddable":true,"href":"https:\/\/insektenliebe.com\/de\/wp-json\/wp\/v2\/product_tag?post=4988"},{"taxonomy":"lce-checkout-addons","embeddable":true,"href":"https:\/\/insektenliebe.com\/de\/wp-json\/wp\/v2\/lce-checkout-addons?post=4988"}],"curies":[{"name":"wp","href":"https:\/\/api.w.org\/{rel}","templated":true}]}}