{"id":4986,"date":"2020-12-11T17:34:12","date_gmt":"2020-12-11T17:34:12","guid":{"rendered":"http:\/\/localhost\/ins-test\/?post_type=product&#038;p=4986"},"modified":"2026-02-27T09:18:33","modified_gmt":"2026-02-27T08:18:33","slug":"muschelgrit","status":"publish","type":"product","link":"https:\/\/insektenliebe.com\/de\/shop\/produkt\/muschelgrit\/","title":{"rendered":"Muschelgrit"},"content":{"rendered":"<h3><span class=\"s1\" style=\"color: #99cc33;\">Muschelgrit \u2013 Mineralische Unterst\u00fctzung im Terrarium<\/span><\/h3>\n<p class=\"p1\"><span class=\"s1\">Eine ausgewogene Mineralstoffversorgung ist die Grundlage f\u00fcr gesunde und langlebige Terrarienbewohner. <strong>Muschelgrit<\/strong> bietet hier eine einfache und zugleich sehr effektive M\u00f6glichkeit, Calcium dauerhaft bereitzustellen. Das fein gebrochene Material besteht aus nat\u00fcrlichen Muschelschalen und liefert genau die Mineralien, die viele Wirbellose f\u00fcr ihren K\u00f6rperaufbau ben\u00f6tigen.<\/span><\/p>\n<p class=\"p1\"><span class=\"s1\">Besonders Schneckenarten wie afrikanische Riesenschnecken, Asseln und Tausendf\u00fc\u00dfer sind auf eine konstante Calciumzufuhr angewiesen. Nur wenn ausreichend Mineralstoffe vorhanden sind, w\u00e4chst das Geh\u00e4use gleichm\u00e4\u00dfig, stabil und ohne br\u00fcchige Stellen. Auch Asseln, Tausendf\u00fc\u00dfer und andere Gliederf\u00fc\u00dfer profitieren deutlich davon, da sie nach jeder H\u00e4utung ihren Panzer neu aufbauen m\u00fcssen. In Wachstumsphasen oder bei Jungtieren steigt dieser Bedarf zus\u00e4tzlich.<\/span><\/p>\n<p class=\"p1\"><span class=\"s1\">Du kannst den Grit entweder in einer separaten Futterschale anbieten oder gezielt an einer Stelle im Terrarium platzieren. Die Tiere regulieren ihre Aufnahme selbstst\u00e4ndig und bedienen sich bei Bedarf. Dadurch entsteht keine \u00dcberversorgung, sondern eine nat\u00fcrliche, bedarfsorientierte Nutzung. Gleichzeitig bleibt das Klima im Terrarium stabil, da das Material nicht schimmelt und keine Feuchtigkeit speichert. <\/span><span class=\"s1\">Du kannst ihn aber auch direkt unter das Substrat mischen, sodass deine Tiere im Bodengrund dauerhaft Zugang zu einer nat\u00fcrlichen Calciumquelle haben. So k\u00f6nnen Schnecken, Asseln oder Tausendf\u00fc\u00dfer die Schalen bei Bedarf direkt aufnehmen. Durch diese Kombination aus Beimischung und Oberfl\u00e4chenangebot stellst du eine konstante und gut erreichbare Mineralstoffversorgung sicher \u2013 auch in dauerhaft feuchten, tropischen Setups.<\/span><\/p>\n<p class=\"p1\"><span class=\"s1\">Auch in bioaktiven Terrarien f\u00fcgt sich dieses Naturprodukt harmonisch ein. Mikroorganismen und Bodenbewohner profitieren indirekt von der verbesserten N\u00e4hrstoffbasis, w\u00e4hrend das \u00f6kologische Gleichgewicht stabil bleibt. In Kombination mit Sepiaschale oder speziellem Mineralfutter entsteht eine zuverl\u00e4ssige Rundumversorgung.<\/span><\/p>\n<p class=\"p1\"><span class=\"s1\">Wer langfristig gesunde Tiere mit kr\u00e4ftigem Geh\u00e4use oder stabilem Exoskelett pflegen m\u00f6chte, sollte auf eine hochwertige Calciumquelle nicht verzichten. <strong>Muschelgrit<\/strong> ist dabei eine unkomplizierte, naturnahe und bew\u00e4hrte L\u00f6sung f\u00fcr verantwortungsvolle Halterinnen und Halter.<\/span><\/p>\n","protected":false},"excerpt":{"rendered":"<p>Nat\u00fcrlicher Calcium Lieferant!<\/p>\n","protected":false},"featured_media":5016,"template":"","meta":{"_acf_changed":false},"product-supplier":[],"product_brand":[],"product_cat":[129,127],"product_tag":[],"lce-checkout-addons":[],"class_list":{"0":"post-4986","1":"product","2":"type-product","3":"status-publish","4":"has-post-thumbnail","6":"product_cat-futter-kalzium","7":"product_cat-substrate-moose","8":"product_shipping_class-equipment-shipping","10":"first","11":"instock","12":"taxable","13":"shipping-taxable","14":"purchasable","15":"product-type-variable"},"acf":[],"yoast_head":"<!-- This site is optimized with the Yoast SEO plugin v27.3 - https:\/\/yoast.com\/product\/yoast-seo-wordpress\/ -->\n<title>Muschelgrit - Insektenliebe<\/title>\n<meta name=\"description\" content=\"Muschelgrit \u2013 nat\u00fcrliche Calciumquelle f\u00fcr Schnecken, Asseln und andere Wirbellose. Unterst\u00fctzt Panzer- und Geh\u00e4useaufbau.\" \/>\n<meta name=\"robots\" content=\"index, follow, max-snippet:-1, max-image-preview:large, max-video-preview:-1\" \/>\n<link rel=\"canonical\" href=\"https:\/\/insektenliebe.com\/de\/shop\/produkt\/muschelgrit\/\" \/>\n<meta property=\"og:locale\" content=\"de_DE\" \/>\n<meta property=\"og:type\" content=\"article\" \/>\n<meta property=\"og:title\" content=\"Muschelgrit - Insektenliebe\" \/>\n<meta property=\"og:description\" content=\"Muschelgrit \u2013 nat\u00fcrliche Calciumquelle f\u00fcr Schnecken, Asseln und andere Wirbellose. Unterst\u00fctzt Panzer- und Geh\u00e4useaufbau.\" \/>\n<meta property=\"og:url\" content=\"https:\/\/insektenliebe.com\/de\/shop\/produkt\/muschelgrit\/\" \/>\n<meta property=\"og:site_name\" content=\"Insektenliebe\" \/>\n<meta property=\"article:modified_time\" content=\"2026-02-27T08:18:33+00:00\" \/>\n<meta property=\"og:image\" content=\"https:\/\/insektenliebe.com\/wp-content\/uploads\/2025\/05\/Muschelgrit-1-2.jpg\" \/>\n\t<meta property=\"og:image:width\" content=\"820\" \/>\n\t<meta property=\"og:image:height\" content=\"820\" \/>\n\t<meta property=\"og:image:type\" content=\"image\/jpeg\" \/>\n<meta name=\"twitter:card\" content=\"summary_large_image\" \/>\n<meta name=\"twitter:label1\" content=\"Gesch\u00e4tzte Lesezeit\" \/>\n\t<meta name=\"twitter:data1\" content=\"2\u00a0Minuten\" \/>\n<script type=\"application\/ld+json\" class=\"yoast-schema-graph\">{\"@context\":\"https:\\\/\\\/schema.org\",\"@graph\":[{\"@type\":\"WebPage\",\"@id\":\"https:\\\/\\\/insektenliebe.com\\\/de\\\/shop\\\/produkt\\\/muschelgrit\\\/\",\"url\":\"https:\\\/\\\/insektenliebe.com\\\/de\\\/shop\\\/produkt\\\/muschelgrit\\\/\",\"name\":\"Muschelgrit - Insektenliebe\",\"isPartOf\":{\"@id\":\"https:\\\/\\\/insektenliebe.com\\\/de\\\/#website\"},\"primaryImageOfPage\":{\"@id\":\"https:\\\/\\\/insektenliebe.com\\\/de\\\/shop\\\/produkt\\\/muschelgrit\\\/#primaryimage\"},\"image\":{\"@id\":\"https:\\\/\\\/insektenliebe.com\\\/de\\\/shop\\\/produkt\\\/muschelgrit\\\/#primaryimage\"},\"thumbnailUrl\":\"https:\\\/\\\/insektenliebe.com\\\/wp-content\\\/uploads\\\/2025\\\/05\\\/Muschelgrit-1-2.jpg\",\"datePublished\":\"2020-12-11T17:34:12+00:00\",\"dateModified\":\"2026-02-27T08:18:33+00:00\",\"description\":\"Muschelgrit \u2013 nat\u00fcrliche Calciumquelle f\u00fcr Schnecken, Asseln und andere Wirbellose. Unterst\u00fctzt Panzer- und Geh\u00e4useaufbau.\",\"breadcrumb\":{\"@id\":\"https:\\\/\\\/insektenliebe.com\\\/de\\\/shop\\\/produkt\\\/muschelgrit\\\/#breadcrumb\"},\"inLanguage\":\"de\",\"potentialAction\":[{\"@type\":\"ReadAction\",\"target\":[\"https:\\\/\\\/insektenliebe.com\\\/de\\\/shop\\\/produkt\\\/muschelgrit\\\/\"]}]},{\"@type\":\"ImageObject\",\"inLanguage\":\"de\",\"@id\":\"https:\\\/\\\/insektenliebe.com\\\/de\\\/shop\\\/produkt\\\/muschelgrit\\\/#primaryimage\",\"url\":\"https:\\\/\\\/insektenliebe.com\\\/wp-content\\\/uploads\\\/2025\\\/05\\\/Muschelgrit-1-2.jpg\",\"contentUrl\":\"https:\\\/\\\/insektenliebe.com\\\/wp-content\\\/uploads\\\/2025\\\/05\\\/Muschelgrit-1-2.jpg\",\"width\":820,\"height\":820,\"caption\":\"Muschelgrit-1-2.jpg\"},{\"@type\":\"BreadcrumbList\",\"@id\":\"https:\\\/\\\/insektenliebe.com\\\/de\\\/shop\\\/produkt\\\/muschelgrit\\\/#breadcrumb\",\"itemListElement\":[{\"@type\":\"ListItem\",\"position\":1,\"name\":\"Startseite\",\"item\":\"https:\\\/\\\/insektenliebe.com\\\/de\\\/\"},{\"@type\":\"ListItem\",\"position\":2,\"name\":\"Shop\",\"item\":\"https:\\\/\\\/insektenliebe.com\\\/de\\\/shop\\\/\"},{\"@type\":\"ListItem\",\"position\":3,\"name\":\"Muschelgrit\"}]},{\"@type\":\"WebSite\",\"@id\":\"https:\\\/\\\/insektenliebe.com\\\/de\\\/#website\",\"url\":\"https:\\\/\\\/insektenliebe.com\\\/de\\\/\",\"name\":\"Insektenliebe\",\"description\":\"Dein Zuhause f\u00fcr die kleinen Lebewesen\",\"publisher\":{\"@id\":\"https:\\\/\\\/insektenliebe.com\\\/de\\\/#organization\"},\"potentialAction\":[{\"@type\":\"SearchAction\",\"target\":{\"@type\":\"EntryPoint\",\"urlTemplate\":\"https:\\\/\\\/insektenliebe.com\\\/de\\\/?s={search_term_string}\"},\"query-input\":{\"@type\":\"PropertyValueSpecification\",\"valueRequired\":true,\"valueName\":\"search_term_string\"}}],\"inLanguage\":\"de\"},{\"@type\":\"Organization\",\"@id\":\"https:\\\/\\\/insektenliebe.com\\\/de\\\/#organization\",\"name\":\"Insektenliebe\",\"url\":\"https:\\\/\\\/insektenliebe.com\\\/de\\\/\",\"logo\":{\"@type\":\"ImageObject\",\"inLanguage\":\"de\",\"@id\":\"https:\\\/\\\/insektenliebe.com\\\/de\\\/#\\\/schema\\\/logo\\\/image\\\/\",\"url\":\"https:\\\/\\\/insektenliebe.com\\\/wp-content\\\/uploads\\\/2025\\\/03\\\/logo-white.png\",\"contentUrl\":\"https:\\\/\\\/insektenliebe.com\\\/wp-content\\\/uploads\\\/2025\\\/03\\\/logo-white.png\",\"width\":288,\"height\":188,\"caption\":\"Insektenliebe\"},\"image\":{\"@id\":\"https:\\\/\\\/insektenliebe.com\\\/de\\\/#\\\/schema\\\/logo\\\/image\\\/\"}}]}<\/script>\n<!-- \/ Yoast SEO plugin. -->","yoast_head_json":{"title":"Muschelgrit - Insektenliebe","description":"Muschelgrit \u2013 nat\u00fcrliche Calciumquelle f\u00fcr Schnecken, Asseln und andere Wirbellose. Unterst\u00fctzt Panzer- und Geh\u00e4useaufbau.","robots":{"index":"index","follow":"follow","max-snippet":"max-snippet:-1","max-image-preview":"max-image-preview:large","max-video-preview":"max-video-preview:-1"},"canonical":"https:\/\/insektenliebe.com\/de\/shop\/produkt\/muschelgrit\/","og_locale":"de_DE","og_type":"article","og_title":"Muschelgrit - Insektenliebe","og_description":"Muschelgrit \u2013 nat\u00fcrliche Calciumquelle f\u00fcr Schnecken, Asseln und andere Wirbellose. Unterst\u00fctzt Panzer- und Geh\u00e4useaufbau.","og_url":"https:\/\/insektenliebe.com\/de\/shop\/produkt\/muschelgrit\/","og_site_name":"Insektenliebe","article_modified_time":"2026-02-27T08:18:33+00:00","og_image":[{"width":820,"height":820,"url":"https:\/\/insektenliebe.com\/wp-content\/uploads\/2025\/05\/Muschelgrit-1-2.jpg","type":"image\/jpeg"}],"twitter_card":"summary_large_image","twitter_misc":{"Gesch\u00e4tzte Lesezeit":"2\u00a0Minuten"},"schema":{"@context":"https:\/\/schema.org","@graph":[{"@type":"WebPage","@id":"https:\/\/insektenliebe.com\/de\/shop\/produkt\/muschelgrit\/","url":"https:\/\/insektenliebe.com\/de\/shop\/produkt\/muschelgrit\/","name":"Muschelgrit - Insektenliebe","isPartOf":{"@id":"https:\/\/insektenliebe.com\/de\/#website"},"primaryImageOfPage":{"@id":"https:\/\/insektenliebe.com\/de\/shop\/produkt\/muschelgrit\/#primaryimage"},"image":{"@id":"https:\/\/insektenliebe.com\/de\/shop\/produkt\/muschelgrit\/#primaryimage"},"thumbnailUrl":"https:\/\/insektenliebe.com\/wp-content\/uploads\/2025\/05\/Muschelgrit-1-2.jpg","datePublished":"2020-12-11T17:34:12+00:00","dateModified":"2026-02-27T08:18:33+00:00","description":"Muschelgrit \u2013 nat\u00fcrliche Calciumquelle f\u00fcr Schnecken, Asseln und andere Wirbellose. Unterst\u00fctzt Panzer- und Geh\u00e4useaufbau.","breadcrumb":{"@id":"https:\/\/insektenliebe.com\/de\/shop\/produkt\/muschelgrit\/#breadcrumb"},"inLanguage":"de","potentialAction":[{"@type":"ReadAction","target":["https:\/\/insektenliebe.com\/de\/shop\/produkt\/muschelgrit\/"]}]},{"@type":"ImageObject","inLanguage":"de","@id":"https:\/\/insektenliebe.com\/de\/shop\/produkt\/muschelgrit\/#primaryimage","url":"https:\/\/insektenliebe.com\/wp-content\/uploads\/2025\/05\/Muschelgrit-1-2.jpg","contentUrl":"https:\/\/insektenliebe.com\/wp-content\/uploads\/2025\/05\/Muschelgrit-1-2.jpg","width":820,"height":820,"caption":"Muschelgrit-1-2.jpg"},{"@type":"BreadcrumbList","@id":"https:\/\/insektenliebe.com\/de\/shop\/produkt\/muschelgrit\/#breadcrumb","itemListElement":[{"@type":"ListItem","position":1,"name":"Startseite","item":"https:\/\/insektenliebe.com\/de\/"},{"@type":"ListItem","position":2,"name":"Shop","item":"https:\/\/insektenliebe.com\/de\/shop\/"},{"@type":"ListItem","position":3,"name":"Muschelgrit"}]},{"@type":"WebSite","@id":"https:\/\/insektenliebe.com\/de\/#website","url":"https:\/\/insektenliebe.com\/de\/","name":"Insektenliebe","description":"Dein Zuhause f\u00fcr die kleinen Lebewesen","publisher":{"@id":"https:\/\/insektenliebe.com\/de\/#organization"},"potentialAction":[{"@type":"SearchAction","target":{"@type":"EntryPoint","urlTemplate":"https:\/\/insektenliebe.com\/de\/?s={search_term_string}"},"query-input":{"@type":"PropertyValueSpecification","valueRequired":true,"valueName":"search_term_string"}}],"inLanguage":"de"},{"@type":"Organization","@id":"https:\/\/insektenliebe.com\/de\/#organization","name":"Insektenliebe","url":"https:\/\/insektenliebe.com\/de\/","logo":{"@type":"ImageObject","inLanguage":"de","@id":"https:\/\/insektenliebe.com\/de\/#\/schema\/logo\/image\/","url":"https:\/\/insektenliebe.com\/wp-content\/uploads\/2025\/03\/logo-white.png","contentUrl":"https:\/\/insektenliebe.com\/wp-content\/uploads\/2025\/03\/logo-white.png","width":288,"height":188,"caption":"Insektenliebe"},"image":{"@id":"https:\/\/insektenliebe.com\/de\/#\/schema\/logo\/image\/"}}]}},"_links":{"self":[{"href":"https:\/\/insektenliebe.com\/de\/wp-json\/wp\/v2\/product\/4986","targetHints":{"allow":["GET"]}}],"collection":[{"href":"https:\/\/insektenliebe.com\/de\/wp-json\/wp\/v2\/product"}],"about":[{"href":"https:\/\/insektenliebe.com\/de\/wp-json\/wp\/v2\/types\/product"}],"wp:featuredmedia":[{"embeddable":true,"href":"https:\/\/insektenliebe.com\/de\/wp-json\/wp\/v2\/media\/5016"}],"wp:attachment":[{"href":"https:\/\/insektenliebe.com\/de\/wp-json\/wp\/v2\/media?parent=4986"}],"wp:term":[{"taxonomy":"product-supplier","embeddable":true,"href":"https:\/\/insektenliebe.com\/de\/wp-json\/wp\/v2\/product-supplier?post=4986"},{"taxonomy":"product_brand","embeddable":true,"href":"https:\/\/insektenliebe.com\/de\/wp-json\/wp\/v2\/product_brand?post=4986"},{"taxonomy":"product_cat","embeddable":true,"href":"https:\/\/insektenliebe.com\/de\/wp-json\/wp\/v2\/product_cat?post=4986"},{"taxonomy":"product_tag","embeddable":true,"href":"https:\/\/insektenliebe.com\/de\/wp-json\/wp\/v2\/product_tag?post=4986"},{"taxonomy":"lce-checkout-addons","embeddable":true,"href":"https:\/\/insektenliebe.com\/de\/wp-json\/wp\/v2\/lce-checkout-addons?post=4986"}],"curies":[{"name":"wp","href":"https:\/\/api.w.org\/{rel}","templated":true}]}}