{"id":4949,"date":"2020-11-27T14:27:14","date_gmt":"2020-11-27T14:27:14","guid":{"rendered":"http:\/\/localhost\/ins-test\/?post_type=product&#038;p=4949"},"modified":"2026-03-19T15:51:10","modified_gmt":"2026-03-19T14:51:10","slug":"phidippus-otiosus-orange-form","status":"publish","type":"product","link":"https:\/\/insektenliebe.com\/de\/shop\/produkt\/phidippus-otiosus-orange-form\/","title":{"rendered":"Phidippus otiosus \"Orange Form\""},"content":{"rendered":"<h3><span style=\"color: #99cc33;\">Kurzbeschreibung Phidippus otiosus \"Orange Form\":<\/span><\/h3>\n<p class=\"p1\"><span class=\"s1\">Die <\/span><strong><span class=\"s2\">Phidippus otiosus \u201cOrange Form\u201d<\/span><\/strong><span class=\"s1\"> ist weit mehr als nur eine Springspinne. Mit ihrer intensiven orangefarbenen Zeichnung wirkt sie wie ein kleines Naturkunstwerk, das sofort alle Blicke auf sich zieht. Besonders unter gutem Licht entfaltet sich ihre warme Farbgebung, w\u00e4hrend feine Strukturen auf dem K\u00f6rper zus\u00e4tzlich Tiefe verleihen. Dadurch entsteht ein faszinierender Kontrast zu gr\u00fcnen Pflanzen und nat\u00fcrlichen Dekorationselementen im Terrarium.<\/span><\/p>\n<p class=\"p1\"><span class=\"s1\">Diese Form stammt aus den warmen Regionen des S\u00fcdostens der USA, insbesondere aus Florida. Dort besiedelt sie lichte W\u00e4lder, Strauchlandschaften und Waldr\u00e4nder. Dank ihres ausgezeichneten Sehverm\u00f6gens z\u00e4hlt sie zu den effektivsten J\u00e4gern unter den Springspinnen. Ihre gro\u00dfen Frontaugen erm\u00f6glichen pr\u00e4zise Distanzabsch\u00e4tzungen, sodass sie Beute gezielt anspringt. Gleichzeitig beobachtet sie ihre Umgebung aufmerksam, denn sie reagiert neugierig auf Bewegungen au\u00dferhalb des Terrariums.<\/span><\/p>\n<p class=\"p1\"><span class=\"s1\">Im Terrarium zeigt sich die Art aktiv und erkundungsfreudig. Sie klettert gerne an \u00c4sten, Bl\u00e4ttern und R\u00fcckw\u00e4nden entlang. Deshalb solltest du ihr ein strukturiertes Habitat mit vertikalen Elementen anbieten. Korkst\u00fccke, Zweige und robuste Pflanzen bieten ideale Lauffl\u00e4chen. Zudem baut sie kleine Gespinstr\u00f6hren als R\u00fcckzugsort, besonders in gesch\u00fctzten Ecken.<\/span><\/p>\n<p class=\"p1\"><span class=\"s1\">F\u00fcr die Haltung empfiehlt sich ein gut bel\u00fcftetes Terrarium mit moderater Luftfeuchtigkeit. Temperaturen in der Nacht bei 22 und tags\u00fcber um die 28 \u00b0C haben sich bew\u00e4hrt. Eine leichte Feuchteecke unterst\u00fctzt die H\u00e4utung, w\u00e4hrend trockene Bereiche f\u00fcr ein stabiles Klima sorgen. Als Futter eignen sich Fruchtfliegen, kleine Heimchen oder Stubenfliegen. Nicht gefressene Futtertiere entfernst du am besten zeitnah.<\/span><\/p>\n<p class=\"p1\"><span class=\"s1\">Die <strong><span class=\"s2\">Phidippus otiosus \u201cOrange Form\u201d<\/span><\/strong><\/span><span class=\"s1\">\u00a0eignet sich sowohl f\u00fcr Einsteiger als auch f\u00fcr erfahrene Halter. Sie kombiniert auff\u00e4llige Optik mit spannendem Verhalten. Wer Freude an aktiven, gut beobachtbaren Tieren hat, findet in dieser Springspinne einen lebendigen und farbenpr\u00e4chtigen Terrarienbewohner, der t\u00e4glich neue Einblicke in die Welt der Spinnen bietet.<\/span><\/p>\n","protected":false},"excerpt":{"rendered":"<p>Kurzbeschreibung Phidippus otiosus \"Orange Form\": Die Phidippus otiosus \u201cOrange Form\u201d ist weit mehr als nur eine Springspinne. Mit ihrer intensiven orangefarbenen Zeichnung wirkt sie wie ein kleines Naturkunstwerk, das sofort alle Blicke auf sich zieht. Besonders unter gutem Licht entfaltet sich ihre warme Farbgebung, w\u00e4hrend feine Strukturen auf dem K\u00f6rper zus\u00e4tzlich Tiefe verleihen. Dadurch entsteht [&hellip;]<\/p>\n","protected":false},"featured_media":4979,"template":"","meta":{"_acf_changed":false},"product-supplier":[],"product_brand":[],"product_cat":[626,49],"product_tag":[],"lce-checkout-addons":[1202],"class_list":{"0":"post-4949","1":"product","2":"type-product","3":"status-publish","4":"has-post-thumbnail","6":"product_cat-spinnen","7":"product_cat-springspinnen","8":"product_shipping_class-animal-shipping","9":"pa_geschlecht-maennlich","10":"pa_geschlecht-unbestimmt","11":"pa_geschlecht-weiblich","12":"pa_herkunft-usa","13":"pa_kontinent-nordamerika","14":"lce-checkout-addons-winterverpackung","16":"first","17":"outofstock","18":"taxable","19":"shipping-taxable","20":"purchasable","21":"product-type-variable"},"acf":[],"yoast_head":"<!-- This site is optimized with the Yoast SEO plugin v27.3 - https:\/\/yoast.com\/product\/yoast-seo-wordpress\/ -->\n<title>Phidippus otiosus &quot;Orange Form&quot; - Insektenliebe<\/title>\n<meta name=\"description\" content=\"Phidippus otiosus \u201cOrange Form\u201d \u2013 leuchtend orange Springspinne aus S\u00fcdostamerika. Aktiv, neugierig und ideal f\u00fcr strukturierte Terrarien.\" \/>\n<meta name=\"robots\" content=\"index, follow, max-snippet:-1, max-image-preview:large, max-video-preview:-1\" \/>\n<link rel=\"canonical\" href=\"https:\/\/insektenliebe.com\/de\/shop\/produkt\/phidippus-otiosus-orange-form\/\" \/>\n<meta property=\"og:locale\" content=\"de_DE\" \/>\n<meta property=\"og:type\" content=\"article\" \/>\n<meta property=\"og:title\" content=\"Phidippus otiosus &quot;Orange Form&quot; - Insektenliebe\" \/>\n<meta property=\"og:description\" content=\"Phidippus otiosus \u201cOrange Form\u201d \u2013 leuchtend orange Springspinne aus S\u00fcdostamerika. Aktiv, neugierig und ideal f\u00fcr strukturierte Terrarien.\" \/>\n<meta property=\"og:url\" content=\"https:\/\/insektenliebe.com\/de\/shop\/produkt\/phidippus-otiosus-orange-form\/\" \/>\n<meta property=\"og:site_name\" content=\"Insektenliebe\" \/>\n<meta property=\"article:modified_time\" content=\"2026-03-19T14:51:10+00:00\" \/>\n<meta property=\"og:image\" content=\"https:\/\/insektenliebe.com\/wp-content\/uploads\/2025\/05\/Phidippus-otiosus-22Orange-Form22-Produkt-2.jpg\" \/>\n\t<meta property=\"og:image:width\" content=\"820\" \/>\n\t<meta property=\"og:image:height\" content=\"820\" \/>\n\t<meta property=\"og:image:type\" content=\"image\/jpeg\" \/>\n<meta name=\"twitter:card\" content=\"summary_large_image\" \/>\n<meta name=\"twitter:label1\" content=\"Gesch\u00e4tzte Lesezeit\" \/>\n\t<meta name=\"twitter:data1\" content=\"2\u00a0Minuten\" \/>\n<script type=\"application\/ld+json\" class=\"yoast-schema-graph\">{\"@context\":\"https:\\\/\\\/schema.org\",\"@graph\":[{\"@type\":\"WebPage\",\"@id\":\"https:\\\/\\\/insektenliebe.com\\\/de\\\/shop\\\/produkt\\\/phidippus-otiosus-orange-form\\\/\",\"url\":\"https:\\\/\\\/insektenliebe.com\\\/de\\\/shop\\\/produkt\\\/phidippus-otiosus-orange-form\\\/\",\"name\":\"Phidippus otiosus \\\"Orange Form\\\" - Insektenliebe\",\"isPartOf\":{\"@id\":\"https:\\\/\\\/insektenliebe.com\\\/de\\\/#website\"},\"primaryImageOfPage\":{\"@id\":\"https:\\\/\\\/insektenliebe.com\\\/de\\\/shop\\\/produkt\\\/phidippus-otiosus-orange-form\\\/#primaryimage\"},\"image\":{\"@id\":\"https:\\\/\\\/insektenliebe.com\\\/de\\\/shop\\\/produkt\\\/phidippus-otiosus-orange-form\\\/#primaryimage\"},\"thumbnailUrl\":\"https:\\\/\\\/insektenliebe.com\\\/wp-content\\\/uploads\\\/2025\\\/05\\\/Phidippus-otiosus-22Orange-Form22-Produkt-2.jpg\",\"datePublished\":\"2020-11-27T14:27:14+00:00\",\"dateModified\":\"2026-03-19T14:51:10+00:00\",\"description\":\"Phidippus otiosus \u201cOrange Form\u201d \u2013 leuchtend orange Springspinne aus S\u00fcdostamerika. Aktiv, neugierig und ideal f\u00fcr strukturierte Terrarien.\",\"breadcrumb\":{\"@id\":\"https:\\\/\\\/insektenliebe.com\\\/de\\\/shop\\\/produkt\\\/phidippus-otiosus-orange-form\\\/#breadcrumb\"},\"inLanguage\":\"de\",\"potentialAction\":[{\"@type\":\"ReadAction\",\"target\":[\"https:\\\/\\\/insektenliebe.com\\\/de\\\/shop\\\/produkt\\\/phidippus-otiosus-orange-form\\\/\"]}]},{\"@type\":\"ImageObject\",\"inLanguage\":\"de\",\"@id\":\"https:\\\/\\\/insektenliebe.com\\\/de\\\/shop\\\/produkt\\\/phidippus-otiosus-orange-form\\\/#primaryimage\",\"url\":\"https:\\\/\\\/insektenliebe.com\\\/wp-content\\\/uploads\\\/2025\\\/05\\\/Phidippus-otiosus-22Orange-Form22-Produkt-2.jpg\",\"contentUrl\":\"https:\\\/\\\/insektenliebe.com\\\/wp-content\\\/uploads\\\/2025\\\/05\\\/Phidippus-otiosus-22Orange-Form22-Produkt-2.jpg\",\"width\":820,\"height\":820,\"caption\":\"Phidippus-otiosus-22Orange-Form22-Produkt-2.jpg\"},{\"@type\":\"BreadcrumbList\",\"@id\":\"https:\\\/\\\/insektenliebe.com\\\/de\\\/shop\\\/produkt\\\/phidippus-otiosus-orange-form\\\/#breadcrumb\",\"itemListElement\":[{\"@type\":\"ListItem\",\"position\":1,\"name\":\"Startseite\",\"item\":\"https:\\\/\\\/insektenliebe.com\\\/de\\\/\"},{\"@type\":\"ListItem\",\"position\":2,\"name\":\"Shop\",\"item\":\"https:\\\/\\\/insektenliebe.com\\\/de\\\/shop\\\/\"},{\"@type\":\"ListItem\",\"position\":3,\"name\":\"Phidippus otiosus \\\"Orange Form\\\"\"}]},{\"@type\":\"WebSite\",\"@id\":\"https:\\\/\\\/insektenliebe.com\\\/de\\\/#website\",\"url\":\"https:\\\/\\\/insektenliebe.com\\\/de\\\/\",\"name\":\"Insektenliebe\",\"description\":\"Dein Zuhause f\u00fcr die kleinen Lebewesen\",\"publisher\":{\"@id\":\"https:\\\/\\\/insektenliebe.com\\\/de\\\/#organization\"},\"potentialAction\":[{\"@type\":\"SearchAction\",\"target\":{\"@type\":\"EntryPoint\",\"urlTemplate\":\"https:\\\/\\\/insektenliebe.com\\\/de\\\/?s={search_term_string}\"},\"query-input\":{\"@type\":\"PropertyValueSpecification\",\"valueRequired\":true,\"valueName\":\"search_term_string\"}}],\"inLanguage\":\"de\"},{\"@type\":\"Organization\",\"@id\":\"https:\\\/\\\/insektenliebe.com\\\/de\\\/#organization\",\"name\":\"Insektenliebe\",\"url\":\"https:\\\/\\\/insektenliebe.com\\\/de\\\/\",\"logo\":{\"@type\":\"ImageObject\",\"inLanguage\":\"de\",\"@id\":\"https:\\\/\\\/insektenliebe.com\\\/de\\\/#\\\/schema\\\/logo\\\/image\\\/\",\"url\":\"https:\\\/\\\/insektenliebe.com\\\/wp-content\\\/uploads\\\/2025\\\/03\\\/logo-white.png\",\"contentUrl\":\"https:\\\/\\\/insektenliebe.com\\\/wp-content\\\/uploads\\\/2025\\\/03\\\/logo-white.png\",\"width\":288,\"height\":188,\"caption\":\"Insektenliebe\"},\"image\":{\"@id\":\"https:\\\/\\\/insektenliebe.com\\\/de\\\/#\\\/schema\\\/logo\\\/image\\\/\"}}]}<\/script>\n<!-- \/ Yoast SEO plugin. -->","yoast_head_json":{"title":"Phidippus otiosus \"Orange Form\" - Insektenliebe","description":"Phidippus otiosus \u201cOrange Form\u201d \u2013 leuchtend orange Springspinne aus S\u00fcdostamerika. Aktiv, neugierig und ideal f\u00fcr strukturierte Terrarien.","robots":{"index":"index","follow":"follow","max-snippet":"max-snippet:-1","max-image-preview":"max-image-preview:large","max-video-preview":"max-video-preview:-1"},"canonical":"https:\/\/insektenliebe.com\/de\/shop\/produkt\/phidippus-otiosus-orange-form\/","og_locale":"de_DE","og_type":"article","og_title":"Phidippus otiosus \"Orange Form\" - Insektenliebe","og_description":"Phidippus otiosus \u201cOrange Form\u201d \u2013 leuchtend orange Springspinne aus S\u00fcdostamerika. Aktiv, neugierig und ideal f\u00fcr strukturierte Terrarien.","og_url":"https:\/\/insektenliebe.com\/de\/shop\/produkt\/phidippus-otiosus-orange-form\/","og_site_name":"Insektenliebe","article_modified_time":"2026-03-19T14:51:10+00:00","og_image":[{"width":820,"height":820,"url":"https:\/\/insektenliebe.com\/wp-content\/uploads\/2025\/05\/Phidippus-otiosus-22Orange-Form22-Produkt-2.jpg","type":"image\/jpeg"}],"twitter_card":"summary_large_image","twitter_misc":{"Gesch\u00e4tzte Lesezeit":"2\u00a0Minuten"},"schema":{"@context":"https:\/\/schema.org","@graph":[{"@type":"WebPage","@id":"https:\/\/insektenliebe.com\/de\/shop\/produkt\/phidippus-otiosus-orange-form\/","url":"https:\/\/insektenliebe.com\/de\/shop\/produkt\/phidippus-otiosus-orange-form\/","name":"Phidippus otiosus \"Orange Form\" - Insektenliebe","isPartOf":{"@id":"https:\/\/insektenliebe.com\/de\/#website"},"primaryImageOfPage":{"@id":"https:\/\/insektenliebe.com\/de\/shop\/produkt\/phidippus-otiosus-orange-form\/#primaryimage"},"image":{"@id":"https:\/\/insektenliebe.com\/de\/shop\/produkt\/phidippus-otiosus-orange-form\/#primaryimage"},"thumbnailUrl":"https:\/\/insektenliebe.com\/wp-content\/uploads\/2025\/05\/Phidippus-otiosus-22Orange-Form22-Produkt-2.jpg","datePublished":"2020-11-27T14:27:14+00:00","dateModified":"2026-03-19T14:51:10+00:00","description":"Phidippus otiosus \u201cOrange Form\u201d \u2013 leuchtend orange Springspinne aus S\u00fcdostamerika. Aktiv, neugierig und ideal f\u00fcr strukturierte Terrarien.","breadcrumb":{"@id":"https:\/\/insektenliebe.com\/de\/shop\/produkt\/phidippus-otiosus-orange-form\/#breadcrumb"},"inLanguage":"de","potentialAction":[{"@type":"ReadAction","target":["https:\/\/insektenliebe.com\/de\/shop\/produkt\/phidippus-otiosus-orange-form\/"]}]},{"@type":"ImageObject","inLanguage":"de","@id":"https:\/\/insektenliebe.com\/de\/shop\/produkt\/phidippus-otiosus-orange-form\/#primaryimage","url":"https:\/\/insektenliebe.com\/wp-content\/uploads\/2025\/05\/Phidippus-otiosus-22Orange-Form22-Produkt-2.jpg","contentUrl":"https:\/\/insektenliebe.com\/wp-content\/uploads\/2025\/05\/Phidippus-otiosus-22Orange-Form22-Produkt-2.jpg","width":820,"height":820,"caption":"Phidippus-otiosus-22Orange-Form22-Produkt-2.jpg"},{"@type":"BreadcrumbList","@id":"https:\/\/insektenliebe.com\/de\/shop\/produkt\/phidippus-otiosus-orange-form\/#breadcrumb","itemListElement":[{"@type":"ListItem","position":1,"name":"Startseite","item":"https:\/\/insektenliebe.com\/de\/"},{"@type":"ListItem","position":2,"name":"Shop","item":"https:\/\/insektenliebe.com\/de\/shop\/"},{"@type":"ListItem","position":3,"name":"Phidippus otiosus \"Orange Form\""}]},{"@type":"WebSite","@id":"https:\/\/insektenliebe.com\/de\/#website","url":"https:\/\/insektenliebe.com\/de\/","name":"Insektenliebe","description":"Dein Zuhause f\u00fcr die kleinen Lebewesen","publisher":{"@id":"https:\/\/insektenliebe.com\/de\/#organization"},"potentialAction":[{"@type":"SearchAction","target":{"@type":"EntryPoint","urlTemplate":"https:\/\/insektenliebe.com\/de\/?s={search_term_string}"},"query-input":{"@type":"PropertyValueSpecification","valueRequired":true,"valueName":"search_term_string"}}],"inLanguage":"de"},{"@type":"Organization","@id":"https:\/\/insektenliebe.com\/de\/#organization","name":"Insektenliebe","url":"https:\/\/insektenliebe.com\/de\/","logo":{"@type":"ImageObject","inLanguage":"de","@id":"https:\/\/insektenliebe.com\/de\/#\/schema\/logo\/image\/","url":"https:\/\/insektenliebe.com\/wp-content\/uploads\/2025\/03\/logo-white.png","contentUrl":"https:\/\/insektenliebe.com\/wp-content\/uploads\/2025\/03\/logo-white.png","width":288,"height":188,"caption":"Insektenliebe"},"image":{"@id":"https:\/\/insektenliebe.com\/de\/#\/schema\/logo\/image\/"}}]}},"_links":{"self":[{"href":"https:\/\/insektenliebe.com\/de\/wp-json\/wp\/v2\/product\/4949","targetHints":{"allow":["GET"]}}],"collection":[{"href":"https:\/\/insektenliebe.com\/de\/wp-json\/wp\/v2\/product"}],"about":[{"href":"https:\/\/insektenliebe.com\/de\/wp-json\/wp\/v2\/types\/product"}],"wp:featuredmedia":[{"embeddable":true,"href":"https:\/\/insektenliebe.com\/de\/wp-json\/wp\/v2\/media\/4979"}],"wp:attachment":[{"href":"https:\/\/insektenliebe.com\/de\/wp-json\/wp\/v2\/media?parent=4949"}],"wp:term":[{"taxonomy":"product-supplier","embeddable":true,"href":"https:\/\/insektenliebe.com\/de\/wp-json\/wp\/v2\/product-supplier?post=4949"},{"taxonomy":"product_brand","embeddable":true,"href":"https:\/\/insektenliebe.com\/de\/wp-json\/wp\/v2\/product_brand?post=4949"},{"taxonomy":"product_cat","embeddable":true,"href":"https:\/\/insektenliebe.com\/de\/wp-json\/wp\/v2\/product_cat?post=4949"},{"taxonomy":"product_tag","embeddable":true,"href":"https:\/\/insektenliebe.com\/de\/wp-json\/wp\/v2\/product_tag?post=4949"},{"taxonomy":"lce-checkout-addons","embeddable":true,"href":"https:\/\/insektenliebe.com\/de\/wp-json\/wp\/v2\/lce-checkout-addons?post=4949"}],"curies":[{"name":"wp","href":"https:\/\/api.w.org\/{rel}","templated":true}]}}