{"id":4948,"date":"2020-11-27T13:38:00","date_gmt":"2020-11-27T12:38:00","guid":{"rendered":"http:\/\/localhost\/ins-test\/?post_type=product&#038;p=4948"},"modified":"2026-03-08T17:37:42","modified_gmt":"2026-03-08T16:37:42","slug":"gemuesemix","status":"publish","type":"product","link":"https:\/\/insektenliebe.com\/de\/shop\/produkt\/gemuesemix\/","title":{"rendered":"Gem\u00fcsemix"},"content":{"rendered":"<h3><span class=\"s1\" style=\"color: #99cc33;\">Bunte Pflanzenpower f\u00fcr deine Wirbellosen \u2013 Unser nat\u00fcrlicher Gem\u00fcsemix<\/span><\/h3>\n<p class=\"p1\"><span class=\"s1\">Gem\u00fcse geh\u00f6rt zu den wichtigsten Nahrungsquellen vieler Wirbelloser<\/span><span class=\"s2\">. Besonders Asseln, Tausendf\u00fc\u00dfer, Schnecken oder andere Zersetzer nehmen pflanzliche Nahrung regelm\u00e4\u00dfig auf und profitieren von einer abwechslungsreichen Ern\u00e4hrung.<\/span><\/p>\n<p class=\"p1\"><span class=\"s2\">Frisches Gem\u00fcse hat jedoch einen entscheidenden Nachteil. Es <\/span><span class=\"s1\">verdirbt schnell, beginnt zu schimmeln oder zieht Fruchtfliegen an<\/span><span class=\"s2\">. Genau hier bietet unser <\/span><span class=\"s1\">getrockneter <strong>Gem\u00fcsemix<\/strong><\/span><span class=\"s2\"> eine praktische Alternative.<\/span><\/p>\n<p class=\"p1\"><span class=\"s2\">Durch die <\/span><span class=\"s1\">schonende Trocknung<\/span><span class=\"s2\"> bleibt das Gem\u00fcse lange haltbar und l\u00e4sst sich sauber im Terrarium verf\u00fcttern. Gleichzeitig entstehen deutlich weniger Probleme mit Fruchtfliegen oder anderen unliebsamen G\u00e4sten.<\/span><\/p>\n<p class=\"p1\"><span class=\"s2\">Unser <strong>Gem\u00fcsemix<\/strong> stammt aus <\/span><span class=\"s1\">regionalem Anbau<\/span><span class=\"s2\"> und enth\u00e4lt eine abwechslungsreiche Mischung verschiedener Gem\u00fcsesorten. Dadurch erhalten deine Tiere eine <\/span><span class=\"s1\">nat\u00fcrliche und vielseitige pflanzliche Nahrung<\/span><span class=\"s2\">.<\/span><\/p>\n<p class=\"p1\"><span class=\"s2\">Diese Kombination liefert eine <\/span><span class=\"s1\">breite Palette pflanzlicher N\u00e4hrstoffe<\/span><span class=\"s2\"> und sorgt f\u00fcr Abwechslung im Speiseplan deiner Terrarienbewohner. <\/span><span class=\"s2\">Du kannst den <strong>Gem\u00fcsemix<\/strong> einfach <\/span><span class=\"s1\">trocken ins Terrarium geben<\/span><span class=\"s2\"> oder bei Bedarf leicht anfeuchten. Viele Wirbellose beginnen sofort damit, die St\u00fccke zu zerkleinern und zu fressen.<\/span><\/p>\n<p class=\"p1\"><span class=\"s2\">Gerade in <\/span><span class=\"s1\">bioaktiven Terrarien<\/span><span class=\"s2\"> unterst\u00fctzt ein abwechslungsreiches Zusatzfutter das Wachstum der Bodenpolizei und sorgt f\u00fcr ein stabiles \u00f6kologisches Gleichgewicht.<\/span><\/p>\n<p class=\"p1\"><span class=\"s2\">Mit unserem <\/span><strong><span class=\"s1\">Gem\u00fcsemix<\/span><\/strong><span class=\"s2\"> bietest du deinen Wirbellosen eine nat\u00fcrliche, saubere und abwechslungsreiche pflanzliche Nahrung, die sich einfach dosieren l\u00e4sst und lange haltbar bleibt.<\/span><\/p>\n<p>&nbsp;<\/p>\n<p><strong>Pastinaken sind ein wertvoller Vitamin-, Mineral- und Spurenelementspender. Sie verf\u00fcgen \u00fcber hohe Gehalte an:<\/strong><\/p>\n<ul>\n<li>Vitamin E<\/li>\n<li>Vitamin B2<\/li>\n<li>Fols\u00e4ure<\/li>\n<li>Kalium<\/li>\n<li>Magnesium<\/li>\n<li>Zink<\/li>\n<li>Rohfaser 22 %<\/li>\n<li>Rohprotein 20 %<\/li>\n<\/ul>\n<p><strong>V<\/strong><span style=\"font-weight: 500;\"><strong>iel Vitamin C. Sie f\u00f6rdert den Stoffwechsel und hat einen hohen Gehalt an:<\/strong><\/span><\/p>\n<ul>\n<li><span style=\"font-size: 100%;\">Vitamin C<\/span><\/li>\n<li><span style=\"font-weight: 500; font-size: 100%;\">Provitamin A<\/span><\/li>\n<li><span style=\"font-weight: 500; font-size: 100%;\">Kalium<\/span><\/li>\n<li><span style=\"font-weight: 500; font-size: 100%;\">Rohfaser 20%<\/span><\/li>\n<li><span style=\"font-weight: 500; font-size: 100%;\">Rohprotein 7,50 %<\/span><\/li>\n<\/ul>\n<p><strong>Der Sellerie hat sehr hochwertige Inhaltsstoffe:<\/strong><\/p>\n<ul>\n<li>\u00c4therische \u00d6le<\/li>\n<li>Beta-Carotin<\/li>\n<li>Calcium<\/li>\n<li>Vitamin E<\/li>\n<li>Vitamin K<\/li>\n<li>Vitamin C<\/li>\n<li>Vitamin B9<\/li>\n<li>Vitamin B6<\/li>\n<li>Vitamin B5<\/li>\n<li>Vitamin B3<\/li>\n<li>Vitamin B2<\/li>\n<li>Vitamin B1<\/li>\n<li>Vitamin A<\/li>\n<li>Kalium<\/li>\n<li>Magnesium<\/li>\n<li>Natrium<\/li>\n<li>Zink<\/li>\n<li>Mangan<\/li>\n<li>Kupfer<\/li>\n<li>Eisen<\/li>\n<li>Schwefel<\/li>\n<li>Rohfaser 28,70 %<\/li>\n<li>Rohprotein 8,80 %<\/li>\n<\/ul>\n<p><strong>Enth\u00e4lt reichlich:<\/strong><\/p>\n<ul>\n<li>Eisen<\/li>\n<li>Kupfer<\/li>\n<li>Fols\u00e4ure<\/li>\n<li>Chrom<\/li>\n<li>Mangan<\/li>\n<li>Zink<\/li>\n<li>Selen<\/li>\n<li>Vitamin C<\/li>\n<li>Vitamin B<\/li>\n<li>Provitamin A<\/li>\n<li>Rohfaser 4,90 %<\/li>\n<li>Rohprotein 14,80 %<\/li>\n<\/ul>\n<p><strong>Reich an vielen Vitaminen! Besonders an:<\/strong><\/p>\n<ul>\n<li>Vitamin A<\/li>\n<li>Vitamin B<\/li>\n<li>Rohfaser 1,60 %<\/li>\n<li>Rohprotein 16,00 %<\/li>\n<\/ul>\n<p><strong>Hergestellt aus gr\u00fcnen und gelben Erbsen. Erbsenflocken sind reich an:<\/strong><\/p>\n<ul>\n<li>Proteinen<\/li>\n<li>Ballaststoffe<\/li>\n<li>Vitaminen<\/li>\n<li>Mineralien<\/li>\n<li>Rohprotein 21 %<\/li>\n<li>Rohfaser 6 %<\/li>\n<li>Rohfett 1,1 %<\/li>\n<li>Rohasche 3,4 %<\/li>\n<\/ul>\n<p><strong>Ackerbohnenflocken sind reich an:<\/strong><\/p>\n<ul>\n<li>Proteinen<\/li>\n<li>Ballaststoffen<\/li>\n<li>Vitaminen<\/li>\n<li>Mineralien<\/li>\n<\/ul>\n<p><strong>Hoher Energiegehalt, niedrigen Eiwei\u00dfgehalt, h\u00f6chste St\u00e4rkeverdaulichkeit.<\/strong><\/p>\n<p><strong>Die Petersilie hat einen hohen Gehalt an:<\/strong><\/p>\n<ul>\n<li>Vitamin C<\/li>\n<li>Provitamin A<\/li>\n<li>Kalium<\/li>\n<li>Rohfaser 24,40 %<\/li>\n<li>Rohprotein 12,60 %<\/li>\n<\/ul>\n<p>&nbsp;<\/p>\n","protected":false},"excerpt":{"rendered":"<p>Bunte Pflanzenpower f\u00fcr deine Wirbellosen \u2013 Unser nat\u00fcrlicher Gem\u00fcsemix Gem\u00fcse geh\u00f6rt zu den wichtigsten Nahrungsquellen vieler Wirbelloser. Besonders Asseln, Tausendf\u00fc\u00dfer, Schnecken oder andere Zersetzer nehmen pflanzliche Nahrung regelm\u00e4\u00dfig auf und profitieren von einer abwechslungsreichen Ern\u00e4hrung. Frisches Gem\u00fcse hat jedoch einen entscheidenden Nachteil. Es verdirbt schnell, beginnt zu schimmeln oder zieht Fruchtfliegen an. Genau hier bietet [&hellip;]<\/p>\n","protected":false},"featured_media":4978,"template":"","meta":{"_acf_changed":false},"product-supplier":[],"product_brand":[],"product_cat":[129],"product_tag":[],"lce-checkout-addons":[],"class_list":{"0":"post-4948","1":"product","2":"type-product","3":"status-publish","4":"has-post-thumbnail","6":"product_cat-futter-kalzium","7":"product_shipping_class-equipment-shipping","9":"first","10":"instock","11":"taxable","12":"shipping-taxable","13":"purchasable","14":"product-type-simple"},"acf":[],"yoast_head":"<!-- This site is optimized with the Yoast SEO plugin v27.3 - https:\/\/yoast.com\/product\/yoast-seo-wordpress\/ -->\n<title>Gem\u00fcsemix - Insektenliebe<\/title>\n<meta name=\"description\" content=\"Getrockneter Gem\u00fcsemix f\u00fcr Asseln und Wirbellose \u2013 nat\u00fcrliche Mischung aus regionalem Gem\u00fcse, lange haltbar und frei von Fruchtfliegen.\" \/>\n<meta name=\"robots\" content=\"index, follow, max-snippet:-1, max-image-preview:large, max-video-preview:-1\" \/>\n<link rel=\"canonical\" href=\"https:\/\/insektenliebe.com\/de\/shop\/produkt\/gemuesemix\/\" \/>\n<meta property=\"og:locale\" content=\"de_DE\" \/>\n<meta property=\"og:type\" content=\"article\" \/>\n<meta property=\"og:title\" content=\"Gem\u00fcsemix - Insektenliebe\" \/>\n<meta property=\"og:description\" content=\"Getrockneter Gem\u00fcsemix f\u00fcr Asseln und Wirbellose \u2013 nat\u00fcrliche Mischung aus regionalem Gem\u00fcse, lange haltbar und frei von Fruchtfliegen.\" \/>\n<meta property=\"og:url\" content=\"https:\/\/insektenliebe.com\/de\/shop\/produkt\/gemuesemix\/\" \/>\n<meta property=\"og:site_name\" content=\"Insektenliebe\" \/>\n<meta property=\"article:modified_time\" content=\"2026-03-08T16:37:42+00:00\" \/>\n<meta property=\"og:image\" content=\"https:\/\/insektenliebe.com\/wp-content\/uploads\/2025\/05\/gemuesemix-1-2.jpg\" \/>\n\t<meta property=\"og:image:width\" content=\"820\" \/>\n\t<meta property=\"og:image:height\" content=\"820\" \/>\n\t<meta property=\"og:image:type\" content=\"image\/jpeg\" \/>\n<meta name=\"twitter:card\" content=\"summary_large_image\" \/>\n<meta name=\"twitter:label1\" content=\"Gesch\u00e4tzte Lesezeit\" \/>\n\t<meta name=\"twitter:data1\" content=\"3\u00a0Minuten\" \/>\n<script type=\"application\/ld+json\" class=\"yoast-schema-graph\">{\"@context\":\"https:\\\/\\\/schema.org\",\"@graph\":[{\"@type\":\"WebPage\",\"@id\":\"https:\\\/\\\/insektenliebe.com\\\/de\\\/shop\\\/produkt\\\/gemuesemix\\\/\",\"url\":\"https:\\\/\\\/insektenliebe.com\\\/de\\\/shop\\\/produkt\\\/gemuesemix\\\/\",\"name\":\"Gem\u00fcsemix - Insektenliebe\",\"isPartOf\":{\"@id\":\"https:\\\/\\\/insektenliebe.com\\\/de\\\/#website\"},\"primaryImageOfPage\":{\"@id\":\"https:\\\/\\\/insektenliebe.com\\\/de\\\/shop\\\/produkt\\\/gemuesemix\\\/#primaryimage\"},\"image\":{\"@id\":\"https:\\\/\\\/insektenliebe.com\\\/de\\\/shop\\\/produkt\\\/gemuesemix\\\/#primaryimage\"},\"thumbnailUrl\":\"https:\\\/\\\/insektenliebe.com\\\/wp-content\\\/uploads\\\/2025\\\/05\\\/gemuesemix-1-2.jpg\",\"datePublished\":\"2020-11-27T12:38:00+00:00\",\"dateModified\":\"2026-03-08T16:37:42+00:00\",\"description\":\"Getrockneter Gem\u00fcsemix f\u00fcr Asseln und Wirbellose \u2013 nat\u00fcrliche Mischung aus regionalem Gem\u00fcse, lange haltbar und frei von Fruchtfliegen.\",\"breadcrumb\":{\"@id\":\"https:\\\/\\\/insektenliebe.com\\\/de\\\/shop\\\/produkt\\\/gemuesemix\\\/#breadcrumb\"},\"inLanguage\":\"de\",\"potentialAction\":[{\"@type\":\"ReadAction\",\"target\":[\"https:\\\/\\\/insektenliebe.com\\\/de\\\/shop\\\/produkt\\\/gemuesemix\\\/\"]}]},{\"@type\":\"ImageObject\",\"inLanguage\":\"de\",\"@id\":\"https:\\\/\\\/insektenliebe.com\\\/de\\\/shop\\\/produkt\\\/gemuesemix\\\/#primaryimage\",\"url\":\"https:\\\/\\\/insektenliebe.com\\\/wp-content\\\/uploads\\\/2025\\\/05\\\/gemuesemix-1-2.jpg\",\"contentUrl\":\"https:\\\/\\\/insektenliebe.com\\\/wp-content\\\/uploads\\\/2025\\\/05\\\/gemuesemix-1-2.jpg\",\"width\":820,\"height\":820,\"caption\":\"gemuesemix-1-2.jpg\"},{\"@type\":\"BreadcrumbList\",\"@id\":\"https:\\\/\\\/insektenliebe.com\\\/de\\\/shop\\\/produkt\\\/gemuesemix\\\/#breadcrumb\",\"itemListElement\":[{\"@type\":\"ListItem\",\"position\":1,\"name\":\"Startseite\",\"item\":\"https:\\\/\\\/insektenliebe.com\\\/de\\\/\"},{\"@type\":\"ListItem\",\"position\":2,\"name\":\"Shop\",\"item\":\"https:\\\/\\\/insektenliebe.com\\\/de\\\/shop\\\/\"},{\"@type\":\"ListItem\",\"position\":3,\"name\":\"Gem\u00fcsemix\"}]},{\"@type\":\"WebSite\",\"@id\":\"https:\\\/\\\/insektenliebe.com\\\/de\\\/#website\",\"url\":\"https:\\\/\\\/insektenliebe.com\\\/de\\\/\",\"name\":\"Insektenliebe\",\"description\":\"Dein Zuhause f\u00fcr die kleinen Lebewesen\",\"publisher\":{\"@id\":\"https:\\\/\\\/insektenliebe.com\\\/de\\\/#organization\"},\"potentialAction\":[{\"@type\":\"SearchAction\",\"target\":{\"@type\":\"EntryPoint\",\"urlTemplate\":\"https:\\\/\\\/insektenliebe.com\\\/de\\\/?s={search_term_string}\"},\"query-input\":{\"@type\":\"PropertyValueSpecification\",\"valueRequired\":true,\"valueName\":\"search_term_string\"}}],\"inLanguage\":\"de\"},{\"@type\":\"Organization\",\"@id\":\"https:\\\/\\\/insektenliebe.com\\\/de\\\/#organization\",\"name\":\"Insektenliebe\",\"url\":\"https:\\\/\\\/insektenliebe.com\\\/de\\\/\",\"logo\":{\"@type\":\"ImageObject\",\"inLanguage\":\"de\",\"@id\":\"https:\\\/\\\/insektenliebe.com\\\/de\\\/#\\\/schema\\\/logo\\\/image\\\/\",\"url\":\"https:\\\/\\\/insektenliebe.com\\\/wp-content\\\/uploads\\\/2025\\\/03\\\/logo-white.png\",\"contentUrl\":\"https:\\\/\\\/insektenliebe.com\\\/wp-content\\\/uploads\\\/2025\\\/03\\\/logo-white.png\",\"width\":288,\"height\":188,\"caption\":\"Insektenliebe\"},\"image\":{\"@id\":\"https:\\\/\\\/insektenliebe.com\\\/de\\\/#\\\/schema\\\/logo\\\/image\\\/\"}}]}<\/script>\n<!-- \/ Yoast SEO plugin. -->","yoast_head_json":{"title":"Gem\u00fcsemix - Insektenliebe","description":"Getrockneter Gem\u00fcsemix f\u00fcr Asseln und Wirbellose \u2013 nat\u00fcrliche Mischung aus regionalem Gem\u00fcse, lange haltbar und frei von Fruchtfliegen.","robots":{"index":"index","follow":"follow","max-snippet":"max-snippet:-1","max-image-preview":"max-image-preview:large","max-video-preview":"max-video-preview:-1"},"canonical":"https:\/\/insektenliebe.com\/de\/shop\/produkt\/gemuesemix\/","og_locale":"de_DE","og_type":"article","og_title":"Gem\u00fcsemix - Insektenliebe","og_description":"Getrockneter Gem\u00fcsemix f\u00fcr Asseln und Wirbellose \u2013 nat\u00fcrliche Mischung aus regionalem Gem\u00fcse, lange haltbar und frei von Fruchtfliegen.","og_url":"https:\/\/insektenliebe.com\/de\/shop\/produkt\/gemuesemix\/","og_site_name":"Insektenliebe","article_modified_time":"2026-03-08T16:37:42+00:00","og_image":[{"width":820,"height":820,"url":"https:\/\/insektenliebe.com\/wp-content\/uploads\/2025\/05\/gemuesemix-1-2.jpg","type":"image\/jpeg"}],"twitter_card":"summary_large_image","twitter_misc":{"Gesch\u00e4tzte Lesezeit":"3\u00a0Minuten"},"schema":{"@context":"https:\/\/schema.org","@graph":[{"@type":"WebPage","@id":"https:\/\/insektenliebe.com\/de\/shop\/produkt\/gemuesemix\/","url":"https:\/\/insektenliebe.com\/de\/shop\/produkt\/gemuesemix\/","name":"Gem\u00fcsemix - Insektenliebe","isPartOf":{"@id":"https:\/\/insektenliebe.com\/de\/#website"},"primaryImageOfPage":{"@id":"https:\/\/insektenliebe.com\/de\/shop\/produkt\/gemuesemix\/#primaryimage"},"image":{"@id":"https:\/\/insektenliebe.com\/de\/shop\/produkt\/gemuesemix\/#primaryimage"},"thumbnailUrl":"https:\/\/insektenliebe.com\/wp-content\/uploads\/2025\/05\/gemuesemix-1-2.jpg","datePublished":"2020-11-27T12:38:00+00:00","dateModified":"2026-03-08T16:37:42+00:00","description":"Getrockneter Gem\u00fcsemix f\u00fcr Asseln und Wirbellose \u2013 nat\u00fcrliche Mischung aus regionalem Gem\u00fcse, lange haltbar und frei von Fruchtfliegen.","breadcrumb":{"@id":"https:\/\/insektenliebe.com\/de\/shop\/produkt\/gemuesemix\/#breadcrumb"},"inLanguage":"de","potentialAction":[{"@type":"ReadAction","target":["https:\/\/insektenliebe.com\/de\/shop\/produkt\/gemuesemix\/"]}]},{"@type":"ImageObject","inLanguage":"de","@id":"https:\/\/insektenliebe.com\/de\/shop\/produkt\/gemuesemix\/#primaryimage","url":"https:\/\/insektenliebe.com\/wp-content\/uploads\/2025\/05\/gemuesemix-1-2.jpg","contentUrl":"https:\/\/insektenliebe.com\/wp-content\/uploads\/2025\/05\/gemuesemix-1-2.jpg","width":820,"height":820,"caption":"gemuesemix-1-2.jpg"},{"@type":"BreadcrumbList","@id":"https:\/\/insektenliebe.com\/de\/shop\/produkt\/gemuesemix\/#breadcrumb","itemListElement":[{"@type":"ListItem","position":1,"name":"Startseite","item":"https:\/\/insektenliebe.com\/de\/"},{"@type":"ListItem","position":2,"name":"Shop","item":"https:\/\/insektenliebe.com\/de\/shop\/"},{"@type":"ListItem","position":3,"name":"Gem\u00fcsemix"}]},{"@type":"WebSite","@id":"https:\/\/insektenliebe.com\/de\/#website","url":"https:\/\/insektenliebe.com\/de\/","name":"Insektenliebe","description":"Dein Zuhause f\u00fcr die kleinen Lebewesen","publisher":{"@id":"https:\/\/insektenliebe.com\/de\/#organization"},"potentialAction":[{"@type":"SearchAction","target":{"@type":"EntryPoint","urlTemplate":"https:\/\/insektenliebe.com\/de\/?s={search_term_string}"},"query-input":{"@type":"PropertyValueSpecification","valueRequired":true,"valueName":"search_term_string"}}],"inLanguage":"de"},{"@type":"Organization","@id":"https:\/\/insektenliebe.com\/de\/#organization","name":"Insektenliebe","url":"https:\/\/insektenliebe.com\/de\/","logo":{"@type":"ImageObject","inLanguage":"de","@id":"https:\/\/insektenliebe.com\/de\/#\/schema\/logo\/image\/","url":"https:\/\/insektenliebe.com\/wp-content\/uploads\/2025\/03\/logo-white.png","contentUrl":"https:\/\/insektenliebe.com\/wp-content\/uploads\/2025\/03\/logo-white.png","width":288,"height":188,"caption":"Insektenliebe"},"image":{"@id":"https:\/\/insektenliebe.com\/de\/#\/schema\/logo\/image\/"}}]}},"_links":{"self":[{"href":"https:\/\/insektenliebe.com\/de\/wp-json\/wp\/v2\/product\/4948","targetHints":{"allow":["GET"]}}],"collection":[{"href":"https:\/\/insektenliebe.com\/de\/wp-json\/wp\/v2\/product"}],"about":[{"href":"https:\/\/insektenliebe.com\/de\/wp-json\/wp\/v2\/types\/product"}],"wp:featuredmedia":[{"embeddable":true,"href":"https:\/\/insektenliebe.com\/de\/wp-json\/wp\/v2\/media\/4978"}],"wp:attachment":[{"href":"https:\/\/insektenliebe.com\/de\/wp-json\/wp\/v2\/media?parent=4948"}],"wp:term":[{"taxonomy":"product-supplier","embeddable":true,"href":"https:\/\/insektenliebe.com\/de\/wp-json\/wp\/v2\/product-supplier?post=4948"},{"taxonomy":"product_brand","embeddable":true,"href":"https:\/\/insektenliebe.com\/de\/wp-json\/wp\/v2\/product_brand?post=4948"},{"taxonomy":"product_cat","embeddable":true,"href":"https:\/\/insektenliebe.com\/de\/wp-json\/wp\/v2\/product_cat?post=4948"},{"taxonomy":"product_tag","embeddable":true,"href":"https:\/\/insektenliebe.com\/de\/wp-json\/wp\/v2\/product_tag?post=4948"},{"taxonomy":"lce-checkout-addons","embeddable":true,"href":"https:\/\/insektenliebe.com\/de\/wp-json\/wp\/v2\/lce-checkout-addons?post=4948"}],"curies":[{"name":"wp","href":"https:\/\/api.w.org\/{rel}","templated":true}]}}