{"id":4947,"date":"2020-11-27T12:47:00","date_gmt":"2020-11-27T11:47:00","guid":{"rendered":"http:\/\/localhost\/ins-test\/?post_type=product&#038;p=4947"},"modified":"2026-03-08T17:40:14","modified_gmt":"2026-03-08T16:40:14","slug":"bluetenmix","status":"publish","type":"product","link":"https:\/\/insektenliebe.com\/de\/shop\/produkt\/bluetenmix\/","title":{"rendered":"Bl\u00fctenmix"},"content":{"rendered":"<h3><span class=\"s1\" style=\"color: #99cc33;\">Bl\u00fctenmix \u2013 dekorativ und nahrhaft zugleich<\/span><\/h3>\n<p class=\"p1\"><span class=\"s1\">Viele <\/span><span class=\"s2\">Wirbellose im Terrarium<\/span><span class=\"s1\"> nehmen Bl\u00fcten besonders gerne als Nahrung auf. Sie liefern wertvolle pflanzliche N\u00e4hrstoffe und sorgen gleichzeitig f\u00fcr Abwechslung im Speiseplan deiner Tiere.<\/span><\/p>\n<p class=\"p1\"><span class=\"s1\">Unser <\/span><span class=\"s2\"><strong>Bl\u00fctenmix<\/strong> besteht zu 100 % aus getrockneten Bl\u00fcten<\/span><span class=\"s1\"> und eignet sich hervorragend als nat\u00fcrliches Zusatzfutter. Die Mischung enth\u00e4lt ausschlie\u00dflich hochwertige Bl\u00fctenbestandteile und kann <\/span><span class=\"s2\">unbedenklich im Terrarium verf\u00fcttert werden<\/span><span class=\"s1\">.<\/span><\/p>\n<p class=\"p1\"><span class=\"s1\">Bei der Zusammenstellung haben wir bewusst darauf geachtet, <\/span><span class=\"s2\">welche Bl\u00fcten von Wirbellosen besonders gerne gefressen werden<\/span><span class=\"s1\">. Gleichzeitig bringt der Mix noch einen praktischen Nebeneffekt mit.<\/span><\/p>\n<p class=\"p1\"><span class=\"s1\">Ein Bestandteil der Mischung sind <\/span><span class=\"s2\">Lavendelbl\u00fcten<\/span><span class=\"s1\">. Diese werden von vielen Wirbellosen meist <\/span><span class=\"s2\">nicht gefressen<\/span><span class=\"s1\"> und bleiben deshalb auf dem Bodengrund liegen. Genau hier kommt ihre besondere Eigenschaft ins Spiel.<\/span><\/p>\n<p class=\"p1\"><span class=\"s1\">Lavendel wirkt als <\/span><span class=\"s2\">nat\u00fcrlicher Abwehrstoff gegen Trauerm\u00fccken und Fruchtfliegen<\/span><span class=\"s1\">. Dadurch kann der <strong>Bl\u00fctenmix<\/strong> helfen, einen Befall im Terrarium <\/span><span class=\"s2\">vorbeugend zu reduzieren<\/span><span class=\"s1\">.<\/span><\/p>\n<p class=\"p1\"><span class=\"s1\">Neben der Funktion als Futter sorgt der <strong>Bl\u00fctenmix<\/strong> auch f\u00fcr eine <\/span><span class=\"s2\">nat\u00fcrliche und farbenfrohe Optik im Terrarium<\/span><span class=\"s1\">. Die verschiedenen Bl\u00fcten bringen Struktur und Farbe in das Substrat und verleihen dem Setup ein besonders nat\u00fcrliches Erscheinungsbild.<\/span><\/p>\n<p class=\"p1\"><span class=\"s1\">Der <strong>Bl\u00fctenmix<\/strong> enth\u00e4lt folgende Bl\u00fcten:<\/span><\/p>\n<ul>\n<li>\n<p class=\"p1\"><span class=\"s1\">Ringelblumenbl\u00fcten<\/span><\/p>\n<\/li>\n<li>\n<p class=\"p1\"><span class=\"s1\">Lavendelbl\u00fcten<\/span><\/p>\n<\/li>\n<li>\n<p class=\"p1\"><span class=\"s1\">Blaue Kornblumenbl\u00fcten<\/span><\/p>\n<\/li>\n<li>\n<p class=\"p1\"><span class=\"s1\">Rotkleebl\u00fcten<\/span><\/p>\n<\/li>\n<li>\n<p class=\"p1\"><span class=\"s1\">Hibiskusbl\u00fcten<\/span><\/p>\n<\/li>\n<li>\n<p class=\"p1\"><span class=\"s1\">Kamillenbl\u00fcten<\/span><\/p>\n<\/li>\n<li>\n<p class=\"p1\"><span class=\"s1\">Getrocknete Rosenbl\u00fctenbl\u00e4tter<\/span><\/p>\n<\/li>\n<\/ul>\n<p class=\"p1\"><span class=\"s1\">Du kannst den <strong>Bl\u00fctenmix<\/strong> einfach <\/span><span class=\"s2\">direkt auf den Bodengrund streuen<\/span><span class=\"s1\"> oder gezielt als Futter anbieten. Besonders <\/span><span class=\"s2\">Asseln, Tausendf\u00fc\u00dfer, Schnecken und andere Zersetzer<\/span><span class=\"s1\"> nehmen viele dieser Bl\u00fcten gerne an.<\/span><\/p>\n<p class=\"p1\"><span class=\"s1\">Gerade in <\/span><span class=\"s2\">bioaktiven Terrarien<\/span><span class=\"s1\"> sorgt ein abwechslungsreiches Zusatzfutter daf\u00fcr, dass die Bodenpolizei aktiv bleibt und organisches Material effizient verwertet.<\/span><\/p>\n<p class=\"p1\"><span class=\"s1\">Mit unserem <\/span><strong><span class=\"s2\">Bl\u00fctenmix<\/span><\/strong><span class=\"s1\"> erh\u00e4ltst du eine nat\u00fcrliche Kombination aus <\/span><span class=\"s2\">Futter, Dekoration und praktischem Nutzen<\/span><span class=\"s1\"> f\u00fcr dein Terrarium.<\/span><\/p>\n","protected":false},"excerpt":{"rendered":"<p>Abwechslungsreiches Futter mit Pr\u00e4vention!<\/p>\n","protected":false},"featured_media":4977,"template":"","meta":{"_acf_changed":false},"product-supplier":[],"product_brand":[],"product_cat":[129],"product_tag":[],"lce-checkout-addons":[],"class_list":{"0":"post-4947","1":"product","2":"type-product","3":"status-publish","4":"has-post-thumbnail","6":"product_cat-futter-kalzium","7":"product_shipping_class-equipment-shipping","9":"first","10":"instock","11":"taxable","12":"shipping-taxable","13":"purchasable","14":"product-type-simple"},"acf":[],"yoast_head":"<!-- This site is optimized with the Yoast SEO plugin v27.3 - https:\/\/yoast.com\/product\/yoast-seo-wordpress\/ -->\n<title>Bl\u00fctenmix - Insektenliebe<\/title>\n<meta name=\"description\" content=\"Bl\u00fctenmix f\u00fcr Asseln und Wirbellose \u2013 100 % getrocknete Bl\u00fcten. Nat\u00fcrliches Zusatzfutter mit Lavendel gegen Fruchtfliegen.\" \/>\n<meta name=\"robots\" content=\"index, follow, max-snippet:-1, max-image-preview:large, max-video-preview:-1\" \/>\n<link rel=\"canonical\" href=\"https:\/\/insektenliebe.com\/de\/shop\/produkt\/bluetenmix\/\" \/>\n<meta property=\"og:locale\" content=\"de_DE\" \/>\n<meta property=\"og:type\" content=\"article\" \/>\n<meta property=\"og:title\" content=\"Bl\u00fctenmix - Insektenliebe\" \/>\n<meta property=\"og:description\" content=\"Bl\u00fctenmix f\u00fcr Asseln und Wirbellose \u2013 100 % getrocknete Bl\u00fcten. Nat\u00fcrliches Zusatzfutter mit Lavendel gegen Fruchtfliegen.\" \/>\n<meta property=\"og:url\" content=\"https:\/\/insektenliebe.com\/de\/shop\/produkt\/bluetenmix\/\" \/>\n<meta property=\"og:site_name\" content=\"Insektenliebe\" \/>\n<meta property=\"article:modified_time\" content=\"2026-03-08T16:40:14+00:00\" \/>\n<meta property=\"og:image\" content=\"https:\/\/insektenliebe.com\/wp-content\/uploads\/2025\/05\/bluetenmix-2-2.jpg\" \/>\n\t<meta property=\"og:image:width\" content=\"820\" \/>\n\t<meta property=\"og:image:height\" content=\"820\" \/>\n\t<meta property=\"og:image:type\" content=\"image\/jpeg\" \/>\n<meta name=\"twitter:card\" content=\"summary_large_image\" \/>\n<meta name=\"twitter:label1\" content=\"Gesch\u00e4tzte Lesezeit\" \/>\n\t<meta name=\"twitter:data1\" content=\"2\u00a0Minuten\" \/>\n<script type=\"application\/ld+json\" class=\"yoast-schema-graph\">{\"@context\":\"https:\\\/\\\/schema.org\",\"@graph\":[{\"@type\":\"WebPage\",\"@id\":\"https:\\\/\\\/insektenliebe.com\\\/de\\\/shop\\\/produkt\\\/bluetenmix\\\/\",\"url\":\"https:\\\/\\\/insektenliebe.com\\\/de\\\/shop\\\/produkt\\\/bluetenmix\\\/\",\"name\":\"Bl\u00fctenmix - Insektenliebe\",\"isPartOf\":{\"@id\":\"https:\\\/\\\/insektenliebe.com\\\/de\\\/#website\"},\"primaryImageOfPage\":{\"@id\":\"https:\\\/\\\/insektenliebe.com\\\/de\\\/shop\\\/produkt\\\/bluetenmix\\\/#primaryimage\"},\"image\":{\"@id\":\"https:\\\/\\\/insektenliebe.com\\\/de\\\/shop\\\/produkt\\\/bluetenmix\\\/#primaryimage\"},\"thumbnailUrl\":\"https:\\\/\\\/insektenliebe.com\\\/wp-content\\\/uploads\\\/2025\\\/05\\\/bluetenmix-2-2.jpg\",\"datePublished\":\"2020-11-27T11:47:00+00:00\",\"dateModified\":\"2026-03-08T16:40:14+00:00\",\"description\":\"Bl\u00fctenmix f\u00fcr Asseln und Wirbellose \u2013 100 % getrocknete Bl\u00fcten. Nat\u00fcrliches Zusatzfutter mit Lavendel gegen Fruchtfliegen.\",\"breadcrumb\":{\"@id\":\"https:\\\/\\\/insektenliebe.com\\\/de\\\/shop\\\/produkt\\\/bluetenmix\\\/#breadcrumb\"},\"inLanguage\":\"de\",\"potentialAction\":[{\"@type\":\"ReadAction\",\"target\":[\"https:\\\/\\\/insektenliebe.com\\\/de\\\/shop\\\/produkt\\\/bluetenmix\\\/\"]}]},{\"@type\":\"ImageObject\",\"inLanguage\":\"de\",\"@id\":\"https:\\\/\\\/insektenliebe.com\\\/de\\\/shop\\\/produkt\\\/bluetenmix\\\/#primaryimage\",\"url\":\"https:\\\/\\\/insektenliebe.com\\\/wp-content\\\/uploads\\\/2025\\\/05\\\/bluetenmix-2-2.jpg\",\"contentUrl\":\"https:\\\/\\\/insektenliebe.com\\\/wp-content\\\/uploads\\\/2025\\\/05\\\/bluetenmix-2-2.jpg\",\"width\":820,\"height\":820,\"caption\":\"bluetenmix-2-2.jpg\"},{\"@type\":\"BreadcrumbList\",\"@id\":\"https:\\\/\\\/insektenliebe.com\\\/de\\\/shop\\\/produkt\\\/bluetenmix\\\/#breadcrumb\",\"itemListElement\":[{\"@type\":\"ListItem\",\"position\":1,\"name\":\"Startseite\",\"item\":\"https:\\\/\\\/insektenliebe.com\\\/de\\\/\"},{\"@type\":\"ListItem\",\"position\":2,\"name\":\"Shop\",\"item\":\"https:\\\/\\\/insektenliebe.com\\\/de\\\/shop\\\/\"},{\"@type\":\"ListItem\",\"position\":3,\"name\":\"Bl\u00fctenmix\"}]},{\"@type\":\"WebSite\",\"@id\":\"https:\\\/\\\/insektenliebe.com\\\/de\\\/#website\",\"url\":\"https:\\\/\\\/insektenliebe.com\\\/de\\\/\",\"name\":\"Insektenliebe\",\"description\":\"Dein Zuhause f\u00fcr die kleinen Lebewesen\",\"publisher\":{\"@id\":\"https:\\\/\\\/insektenliebe.com\\\/de\\\/#organization\"},\"potentialAction\":[{\"@type\":\"SearchAction\",\"target\":{\"@type\":\"EntryPoint\",\"urlTemplate\":\"https:\\\/\\\/insektenliebe.com\\\/de\\\/?s={search_term_string}\"},\"query-input\":{\"@type\":\"PropertyValueSpecification\",\"valueRequired\":true,\"valueName\":\"search_term_string\"}}],\"inLanguage\":\"de\"},{\"@type\":\"Organization\",\"@id\":\"https:\\\/\\\/insektenliebe.com\\\/de\\\/#organization\",\"name\":\"Insektenliebe\",\"url\":\"https:\\\/\\\/insektenliebe.com\\\/de\\\/\",\"logo\":{\"@type\":\"ImageObject\",\"inLanguage\":\"de\",\"@id\":\"https:\\\/\\\/insektenliebe.com\\\/de\\\/#\\\/schema\\\/logo\\\/image\\\/\",\"url\":\"https:\\\/\\\/insektenliebe.com\\\/wp-content\\\/uploads\\\/2025\\\/03\\\/logo-white.png\",\"contentUrl\":\"https:\\\/\\\/insektenliebe.com\\\/wp-content\\\/uploads\\\/2025\\\/03\\\/logo-white.png\",\"width\":288,\"height\":188,\"caption\":\"Insektenliebe\"},\"image\":{\"@id\":\"https:\\\/\\\/insektenliebe.com\\\/de\\\/#\\\/schema\\\/logo\\\/image\\\/\"}}]}<\/script>\n<!-- \/ Yoast SEO plugin. -->","yoast_head_json":{"title":"Bl\u00fctenmix - Insektenliebe","description":"Bl\u00fctenmix f\u00fcr Asseln und Wirbellose \u2013 100 % getrocknete Bl\u00fcten. Nat\u00fcrliches Zusatzfutter mit Lavendel gegen Fruchtfliegen.","robots":{"index":"index","follow":"follow","max-snippet":"max-snippet:-1","max-image-preview":"max-image-preview:large","max-video-preview":"max-video-preview:-1"},"canonical":"https:\/\/insektenliebe.com\/de\/shop\/produkt\/bluetenmix\/","og_locale":"de_DE","og_type":"article","og_title":"Bl\u00fctenmix - Insektenliebe","og_description":"Bl\u00fctenmix f\u00fcr Asseln und Wirbellose \u2013 100 % getrocknete Bl\u00fcten. Nat\u00fcrliches Zusatzfutter mit Lavendel gegen Fruchtfliegen.","og_url":"https:\/\/insektenliebe.com\/de\/shop\/produkt\/bluetenmix\/","og_site_name":"Insektenliebe","article_modified_time":"2026-03-08T16:40:14+00:00","og_image":[{"width":820,"height":820,"url":"https:\/\/insektenliebe.com\/wp-content\/uploads\/2025\/05\/bluetenmix-2-2.jpg","type":"image\/jpeg"}],"twitter_card":"summary_large_image","twitter_misc":{"Gesch\u00e4tzte Lesezeit":"2\u00a0Minuten"},"schema":{"@context":"https:\/\/schema.org","@graph":[{"@type":"WebPage","@id":"https:\/\/insektenliebe.com\/de\/shop\/produkt\/bluetenmix\/","url":"https:\/\/insektenliebe.com\/de\/shop\/produkt\/bluetenmix\/","name":"Bl\u00fctenmix - Insektenliebe","isPartOf":{"@id":"https:\/\/insektenliebe.com\/de\/#website"},"primaryImageOfPage":{"@id":"https:\/\/insektenliebe.com\/de\/shop\/produkt\/bluetenmix\/#primaryimage"},"image":{"@id":"https:\/\/insektenliebe.com\/de\/shop\/produkt\/bluetenmix\/#primaryimage"},"thumbnailUrl":"https:\/\/insektenliebe.com\/wp-content\/uploads\/2025\/05\/bluetenmix-2-2.jpg","datePublished":"2020-11-27T11:47:00+00:00","dateModified":"2026-03-08T16:40:14+00:00","description":"Bl\u00fctenmix f\u00fcr Asseln und Wirbellose \u2013 100 % getrocknete Bl\u00fcten. Nat\u00fcrliches Zusatzfutter mit Lavendel gegen Fruchtfliegen.","breadcrumb":{"@id":"https:\/\/insektenliebe.com\/de\/shop\/produkt\/bluetenmix\/#breadcrumb"},"inLanguage":"de","potentialAction":[{"@type":"ReadAction","target":["https:\/\/insektenliebe.com\/de\/shop\/produkt\/bluetenmix\/"]}]},{"@type":"ImageObject","inLanguage":"de","@id":"https:\/\/insektenliebe.com\/de\/shop\/produkt\/bluetenmix\/#primaryimage","url":"https:\/\/insektenliebe.com\/wp-content\/uploads\/2025\/05\/bluetenmix-2-2.jpg","contentUrl":"https:\/\/insektenliebe.com\/wp-content\/uploads\/2025\/05\/bluetenmix-2-2.jpg","width":820,"height":820,"caption":"bluetenmix-2-2.jpg"},{"@type":"BreadcrumbList","@id":"https:\/\/insektenliebe.com\/de\/shop\/produkt\/bluetenmix\/#breadcrumb","itemListElement":[{"@type":"ListItem","position":1,"name":"Startseite","item":"https:\/\/insektenliebe.com\/de\/"},{"@type":"ListItem","position":2,"name":"Shop","item":"https:\/\/insektenliebe.com\/de\/shop\/"},{"@type":"ListItem","position":3,"name":"Bl\u00fctenmix"}]},{"@type":"WebSite","@id":"https:\/\/insektenliebe.com\/de\/#website","url":"https:\/\/insektenliebe.com\/de\/","name":"Insektenliebe","description":"Dein Zuhause f\u00fcr die kleinen Lebewesen","publisher":{"@id":"https:\/\/insektenliebe.com\/de\/#organization"},"potentialAction":[{"@type":"SearchAction","target":{"@type":"EntryPoint","urlTemplate":"https:\/\/insektenliebe.com\/de\/?s={search_term_string}"},"query-input":{"@type":"PropertyValueSpecification","valueRequired":true,"valueName":"search_term_string"}}],"inLanguage":"de"},{"@type":"Organization","@id":"https:\/\/insektenliebe.com\/de\/#organization","name":"Insektenliebe","url":"https:\/\/insektenliebe.com\/de\/","logo":{"@type":"ImageObject","inLanguage":"de","@id":"https:\/\/insektenliebe.com\/de\/#\/schema\/logo\/image\/","url":"https:\/\/insektenliebe.com\/wp-content\/uploads\/2025\/03\/logo-white.png","contentUrl":"https:\/\/insektenliebe.com\/wp-content\/uploads\/2025\/03\/logo-white.png","width":288,"height":188,"caption":"Insektenliebe"},"image":{"@id":"https:\/\/insektenliebe.com\/de\/#\/schema\/logo\/image\/"}}]}},"_links":{"self":[{"href":"https:\/\/insektenliebe.com\/de\/wp-json\/wp\/v2\/product\/4947","targetHints":{"allow":["GET"]}}],"collection":[{"href":"https:\/\/insektenliebe.com\/de\/wp-json\/wp\/v2\/product"}],"about":[{"href":"https:\/\/insektenliebe.com\/de\/wp-json\/wp\/v2\/types\/product"}],"wp:featuredmedia":[{"embeddable":true,"href":"https:\/\/insektenliebe.com\/de\/wp-json\/wp\/v2\/media\/4977"}],"wp:attachment":[{"href":"https:\/\/insektenliebe.com\/de\/wp-json\/wp\/v2\/media?parent=4947"}],"wp:term":[{"taxonomy":"product-supplier","embeddable":true,"href":"https:\/\/insektenliebe.com\/de\/wp-json\/wp\/v2\/product-supplier?post=4947"},{"taxonomy":"product_brand","embeddable":true,"href":"https:\/\/insektenliebe.com\/de\/wp-json\/wp\/v2\/product_brand?post=4947"},{"taxonomy":"product_cat","embeddable":true,"href":"https:\/\/insektenliebe.com\/de\/wp-json\/wp\/v2\/product_cat?post=4947"},{"taxonomy":"product_tag","embeddable":true,"href":"https:\/\/insektenliebe.com\/de\/wp-json\/wp\/v2\/product_tag?post=4947"},{"taxonomy":"lce-checkout-addons","embeddable":true,"href":"https:\/\/insektenliebe.com\/de\/wp-json\/wp\/v2\/lce-checkout-addons?post=4947"}],"curies":[{"name":"wp","href":"https:\/\/api.w.org\/{rel}","templated":true}]}}