{"id":4941,"date":"2020-11-20T12:49:00","date_gmt":"2020-11-20T11:49:00","guid":{"rendered":"http:\/\/localhost\/ins-test\/?post_type=product&#038;p=4941"},"modified":"2026-03-10T08:02:11","modified_gmt":"2026-03-10T07:02:11","slug":"javamoos","status":"publish","type":"product","link":"https:\/\/insektenliebe.com\/de\/shop\/produkt\/javamoos\/","title":{"rendered":"Javamoos"},"content":{"rendered":"<p>Das aus der Aquaristik bekannte Javamoos (<em>Taxiphyllum barbieri<\/em>) stammt urspr\u00fcnglich aus S\u00fcdostasien. Dort w\u00e4chst es vor allem an Flussufern sowohl innerhalb als auch au\u00dferhalb des Gew\u00e4ssers. Aufgrund dieser Wachstumseigenschaft eignet sich das Javamoos ebenso f\u00fcr unsere Terrarien.<\/p>\n<p>Javamoos hat relativ geringe Lichtanspr\u00fcche, doch je mehr Licht es bekommt, desto \u00fcppiger w\u00e4chst es. Es gibt unterschiedliche M\u00f6glichkeiten Javamoos im Terrarium einzubinden. Es l\u00e4sst sich beispielsweise mit Hilfe einer Nylonschnur auf Wurzeln oder Steinen befestigen. Von dort aus \u00fcberzieht es den Gegenstand mit einem dichten Teppich und verleiht dem Terrarium so seinen nat\u00fcrlichen Charakter. Auf dem Bodengrund kann man einfach ein St\u00fcck auslegen, dass dann mit ein wenig Geduld zu einem dichten Rasen verw\u00e4chst. Javamoos bildet die Basis f\u00fcr eine nat\u00fcrliche Begr\u00fcnung, schafft wichtige Mikroklimazonen die gerne zur H\u00e4utung aufgesucht werden.<\/p>\n<p><strong>Flusswurzel kaufen<\/strong><\/p>\n<h5>\u2713 gut abgelagert<\/h5>\n<h5>\u2713 dekorative Einzelst\u00fccke<\/h5>\n<h5>\u2713 R\u00fcckzugsort<\/h5>\n","protected":false},"excerpt":{"rendered":"<p>Das aus der Aquaristik bekannte Javamoos (Taxiphyllum barbieri) stammt urspr\u00fcnglich aus S\u00fcdostasien. Dort w\u00e4chst es vor allem an Flussufern sowohl innerhalb als auch au\u00dferhalb des Gew\u00e4ssers. Aufgrund dieser Wachstumseigenschaft eignet sich das Javamoos ebenso f\u00fcr unsere Terrarien. Javamoos hat relativ geringe Lichtanspr\u00fcche, doch je mehr Licht es bekommt, desto \u00fcppiger w\u00e4chst es. Es gibt unterschiedliche [&hellip;]<\/p>\n","protected":false},"featured_media":4971,"template":"","meta":{"_acf_changed":false},"product-supplier":[],"product_brand":[],"product_cat":[127,83],"product_tag":[],"lce-checkout-addons":[],"class_list":{"0":"post-4941","1":"product","2":"type-product","3":"status-publish","4":"has-post-thumbnail","6":"product_cat-substrate-moose","7":"product_cat-zubehoer","8":"product_shipping_class-equipment-shipping","10":"first","11":"instock","12":"taxable","13":"shipping-taxable","14":"purchasable","15":"product-type-simple"},"acf":[],"yoast_head":"<!-- This site is optimized with the Yoast SEO plugin v27.3 - https:\/\/yoast.com\/product\/yoast-seo-wordpress\/ -->\n<title>Javamoos - Insektenliebe<\/title>\n<meta name=\"description\" content=\"G\u00fcnstiges Javamoos direkt online kaufen! Unser Javamoos stammt aus eigenem Anbau. Es handelt sich um ein lebendiges Moos.\" \/>\n<meta name=\"robots\" content=\"index, follow, max-snippet:-1, max-image-preview:large, max-video-preview:-1\" \/>\n<link rel=\"canonical\" href=\"https:\/\/insektenliebe.com\/de\/shop\/produkt\/javamoos\/\" \/>\n<meta property=\"og:locale\" content=\"de_DE\" \/>\n<meta property=\"og:type\" content=\"article\" \/>\n<meta property=\"og:title\" content=\"Javamoos - Insektenliebe\" \/>\n<meta property=\"og:description\" content=\"G\u00fcnstiges Javamoos direkt online kaufen! Unser Javamoos stammt aus eigenem Anbau. Es handelt sich um ein lebendiges Moos.\" \/>\n<meta property=\"og:url\" content=\"https:\/\/insektenliebe.com\/de\/shop\/produkt\/javamoos\/\" \/>\n<meta property=\"og:site_name\" content=\"Insektenliebe\" \/>\n<meta property=\"article:modified_time\" content=\"2026-03-10T07:02:11+00:00\" \/>\n<meta property=\"og:image\" content=\"https:\/\/insektenliebe.com\/wp-content\/uploads\/2025\/05\/Javamoos-2.jpg\" \/>\n\t<meta property=\"og:image:width\" content=\"820\" \/>\n\t<meta property=\"og:image:height\" content=\"820\" \/>\n\t<meta property=\"og:image:type\" content=\"image\/jpeg\" \/>\n<meta name=\"twitter:card\" content=\"summary_large_image\" \/>\n<meta name=\"twitter:label1\" content=\"Gesch\u00e4tzte Lesezeit\" \/>\n\t<meta name=\"twitter:data1\" content=\"1\u00a0Minute\" \/>\n<script type=\"application\/ld+json\" class=\"yoast-schema-graph\">{\"@context\":\"https:\\\/\\\/schema.org\",\"@graph\":[{\"@type\":\"WebPage\",\"@id\":\"https:\\\/\\\/insektenliebe.com\\\/de\\\/shop\\\/produkt\\\/javamoos\\\/\",\"url\":\"https:\\\/\\\/insektenliebe.com\\\/de\\\/shop\\\/produkt\\\/javamoos\\\/\",\"name\":\"Javamoos - Insektenliebe\",\"isPartOf\":{\"@id\":\"https:\\\/\\\/insektenliebe.com\\\/de\\\/#website\"},\"primaryImageOfPage\":{\"@id\":\"https:\\\/\\\/insektenliebe.com\\\/de\\\/shop\\\/produkt\\\/javamoos\\\/#primaryimage\"},\"image\":{\"@id\":\"https:\\\/\\\/insektenliebe.com\\\/de\\\/shop\\\/produkt\\\/javamoos\\\/#primaryimage\"},\"thumbnailUrl\":\"https:\\\/\\\/insektenliebe.com\\\/wp-content\\\/uploads\\\/2025\\\/05\\\/Javamoos-2.jpg\",\"datePublished\":\"2020-11-20T11:49:00+00:00\",\"dateModified\":\"2026-03-10T07:02:11+00:00\",\"description\":\"G\u00fcnstiges Javamoos direkt online kaufen! Unser Javamoos stammt aus eigenem Anbau. Es handelt sich um ein lebendiges Moos.\",\"breadcrumb\":{\"@id\":\"https:\\\/\\\/insektenliebe.com\\\/de\\\/shop\\\/produkt\\\/javamoos\\\/#breadcrumb\"},\"inLanguage\":\"de\",\"potentialAction\":[{\"@type\":\"ReadAction\",\"target\":[\"https:\\\/\\\/insektenliebe.com\\\/de\\\/shop\\\/produkt\\\/javamoos\\\/\"]}]},{\"@type\":\"ImageObject\",\"inLanguage\":\"de\",\"@id\":\"https:\\\/\\\/insektenliebe.com\\\/de\\\/shop\\\/produkt\\\/javamoos\\\/#primaryimage\",\"url\":\"https:\\\/\\\/insektenliebe.com\\\/wp-content\\\/uploads\\\/2025\\\/05\\\/Javamoos-2.jpg\",\"contentUrl\":\"https:\\\/\\\/insektenliebe.com\\\/wp-content\\\/uploads\\\/2025\\\/05\\\/Javamoos-2.jpg\",\"width\":820,\"height\":820,\"caption\":\"Javamoos-2.jpg\"},{\"@type\":\"BreadcrumbList\",\"@id\":\"https:\\\/\\\/insektenliebe.com\\\/de\\\/shop\\\/produkt\\\/javamoos\\\/#breadcrumb\",\"itemListElement\":[{\"@type\":\"ListItem\",\"position\":1,\"name\":\"Startseite\",\"item\":\"https:\\\/\\\/insektenliebe.com\\\/de\\\/\"},{\"@type\":\"ListItem\",\"position\":2,\"name\":\"Shop\",\"item\":\"https:\\\/\\\/insektenliebe.com\\\/de\\\/shop\\\/\"},{\"@type\":\"ListItem\",\"position\":3,\"name\":\"Javamoos\"}]},{\"@type\":\"WebSite\",\"@id\":\"https:\\\/\\\/insektenliebe.com\\\/de\\\/#website\",\"url\":\"https:\\\/\\\/insektenliebe.com\\\/de\\\/\",\"name\":\"Insektenliebe\",\"description\":\"Dein Zuhause f\u00fcr die kleinen Lebewesen\",\"publisher\":{\"@id\":\"https:\\\/\\\/insektenliebe.com\\\/de\\\/#organization\"},\"potentialAction\":[{\"@type\":\"SearchAction\",\"target\":{\"@type\":\"EntryPoint\",\"urlTemplate\":\"https:\\\/\\\/insektenliebe.com\\\/de\\\/?s={search_term_string}\"},\"query-input\":{\"@type\":\"PropertyValueSpecification\",\"valueRequired\":true,\"valueName\":\"search_term_string\"}}],\"inLanguage\":\"de\"},{\"@type\":\"Organization\",\"@id\":\"https:\\\/\\\/insektenliebe.com\\\/de\\\/#organization\",\"name\":\"Insektenliebe\",\"url\":\"https:\\\/\\\/insektenliebe.com\\\/de\\\/\",\"logo\":{\"@type\":\"ImageObject\",\"inLanguage\":\"de\",\"@id\":\"https:\\\/\\\/insektenliebe.com\\\/de\\\/#\\\/schema\\\/logo\\\/image\\\/\",\"url\":\"https:\\\/\\\/insektenliebe.com\\\/wp-content\\\/uploads\\\/2025\\\/03\\\/logo-white.png\",\"contentUrl\":\"https:\\\/\\\/insektenliebe.com\\\/wp-content\\\/uploads\\\/2025\\\/03\\\/logo-white.png\",\"width\":288,\"height\":188,\"caption\":\"Insektenliebe\"},\"image\":{\"@id\":\"https:\\\/\\\/insektenliebe.com\\\/de\\\/#\\\/schema\\\/logo\\\/image\\\/\"}}]}<\/script>\n<!-- \/ Yoast SEO plugin. -->","yoast_head_json":{"title":"Javamoos - Insektenliebe","description":"G\u00fcnstiges Javamoos direkt online kaufen! Unser Javamoos stammt aus eigenem Anbau. Es handelt sich um ein lebendiges Moos.","robots":{"index":"index","follow":"follow","max-snippet":"max-snippet:-1","max-image-preview":"max-image-preview:large","max-video-preview":"max-video-preview:-1"},"canonical":"https:\/\/insektenliebe.com\/de\/shop\/produkt\/javamoos\/","og_locale":"de_DE","og_type":"article","og_title":"Javamoos - Insektenliebe","og_description":"G\u00fcnstiges Javamoos direkt online kaufen! Unser Javamoos stammt aus eigenem Anbau. Es handelt sich um ein lebendiges Moos.","og_url":"https:\/\/insektenliebe.com\/de\/shop\/produkt\/javamoos\/","og_site_name":"Insektenliebe","article_modified_time":"2026-03-10T07:02:11+00:00","og_image":[{"width":820,"height":820,"url":"https:\/\/insektenliebe.com\/wp-content\/uploads\/2025\/05\/Javamoos-2.jpg","type":"image\/jpeg"}],"twitter_card":"summary_large_image","twitter_misc":{"Gesch\u00e4tzte Lesezeit":"1\u00a0Minute"},"schema":{"@context":"https:\/\/schema.org","@graph":[{"@type":"WebPage","@id":"https:\/\/insektenliebe.com\/de\/shop\/produkt\/javamoos\/","url":"https:\/\/insektenliebe.com\/de\/shop\/produkt\/javamoos\/","name":"Javamoos - Insektenliebe","isPartOf":{"@id":"https:\/\/insektenliebe.com\/de\/#website"},"primaryImageOfPage":{"@id":"https:\/\/insektenliebe.com\/de\/shop\/produkt\/javamoos\/#primaryimage"},"image":{"@id":"https:\/\/insektenliebe.com\/de\/shop\/produkt\/javamoos\/#primaryimage"},"thumbnailUrl":"https:\/\/insektenliebe.com\/wp-content\/uploads\/2025\/05\/Javamoos-2.jpg","datePublished":"2020-11-20T11:49:00+00:00","dateModified":"2026-03-10T07:02:11+00:00","description":"G\u00fcnstiges Javamoos direkt online kaufen! Unser Javamoos stammt aus eigenem Anbau. Es handelt sich um ein lebendiges Moos.","breadcrumb":{"@id":"https:\/\/insektenliebe.com\/de\/shop\/produkt\/javamoos\/#breadcrumb"},"inLanguage":"de","potentialAction":[{"@type":"ReadAction","target":["https:\/\/insektenliebe.com\/de\/shop\/produkt\/javamoos\/"]}]},{"@type":"ImageObject","inLanguage":"de","@id":"https:\/\/insektenliebe.com\/de\/shop\/produkt\/javamoos\/#primaryimage","url":"https:\/\/insektenliebe.com\/wp-content\/uploads\/2025\/05\/Javamoos-2.jpg","contentUrl":"https:\/\/insektenliebe.com\/wp-content\/uploads\/2025\/05\/Javamoos-2.jpg","width":820,"height":820,"caption":"Javamoos-2.jpg"},{"@type":"BreadcrumbList","@id":"https:\/\/insektenliebe.com\/de\/shop\/produkt\/javamoos\/#breadcrumb","itemListElement":[{"@type":"ListItem","position":1,"name":"Startseite","item":"https:\/\/insektenliebe.com\/de\/"},{"@type":"ListItem","position":2,"name":"Shop","item":"https:\/\/insektenliebe.com\/de\/shop\/"},{"@type":"ListItem","position":3,"name":"Javamoos"}]},{"@type":"WebSite","@id":"https:\/\/insektenliebe.com\/de\/#website","url":"https:\/\/insektenliebe.com\/de\/","name":"Insektenliebe","description":"Dein Zuhause f\u00fcr die kleinen Lebewesen","publisher":{"@id":"https:\/\/insektenliebe.com\/de\/#organization"},"potentialAction":[{"@type":"SearchAction","target":{"@type":"EntryPoint","urlTemplate":"https:\/\/insektenliebe.com\/de\/?s={search_term_string}"},"query-input":{"@type":"PropertyValueSpecification","valueRequired":true,"valueName":"search_term_string"}}],"inLanguage":"de"},{"@type":"Organization","@id":"https:\/\/insektenliebe.com\/de\/#organization","name":"Insektenliebe","url":"https:\/\/insektenliebe.com\/de\/","logo":{"@type":"ImageObject","inLanguage":"de","@id":"https:\/\/insektenliebe.com\/de\/#\/schema\/logo\/image\/","url":"https:\/\/insektenliebe.com\/wp-content\/uploads\/2025\/03\/logo-white.png","contentUrl":"https:\/\/insektenliebe.com\/wp-content\/uploads\/2025\/03\/logo-white.png","width":288,"height":188,"caption":"Insektenliebe"},"image":{"@id":"https:\/\/insektenliebe.com\/de\/#\/schema\/logo\/image\/"}}]}},"_links":{"self":[{"href":"https:\/\/insektenliebe.com\/de\/wp-json\/wp\/v2\/product\/4941","targetHints":{"allow":["GET"]}}],"collection":[{"href":"https:\/\/insektenliebe.com\/de\/wp-json\/wp\/v2\/product"}],"about":[{"href":"https:\/\/insektenliebe.com\/de\/wp-json\/wp\/v2\/types\/product"}],"wp:featuredmedia":[{"embeddable":true,"href":"https:\/\/insektenliebe.com\/de\/wp-json\/wp\/v2\/media\/4971"}],"wp:attachment":[{"href":"https:\/\/insektenliebe.com\/de\/wp-json\/wp\/v2\/media?parent=4941"}],"wp:term":[{"taxonomy":"product-supplier","embeddable":true,"href":"https:\/\/insektenliebe.com\/de\/wp-json\/wp\/v2\/product-supplier?post=4941"},{"taxonomy":"product_brand","embeddable":true,"href":"https:\/\/insektenliebe.com\/de\/wp-json\/wp\/v2\/product_brand?post=4941"},{"taxonomy":"product_cat","embeddable":true,"href":"https:\/\/insektenliebe.com\/de\/wp-json\/wp\/v2\/product_cat?post=4941"},{"taxonomy":"product_tag","embeddable":true,"href":"https:\/\/insektenliebe.com\/de\/wp-json\/wp\/v2\/product_tag?post=4941"},{"taxonomy":"lce-checkout-addons","embeddable":true,"href":"https:\/\/insektenliebe.com\/de\/wp-json\/wp\/v2\/lce-checkout-addons?post=4941"}],"curies":[{"name":"wp","href":"https:\/\/api.w.org\/{rel}","templated":true}]}}