{"id":4936,"date":"2020-10-25T17:37:19","date_gmt":"2020-10-25T17:37:19","guid":{"rendered":"http:\/\/localhost\/ins-test\/?post_type=product&#038;p=4936"},"modified":"2026-02-07T21:54:25","modified_gmt":"2026-02-07T20:54:25","slug":"coromus-vittatus-vittatus","status":"publish","type":"product","link":"https:\/\/insektenliebe.com\/de\/shop\/produkt\/coromus-vittatus-vittatus\/","title":{"rendered":"Coromus vittatus vittatus"},"content":{"rendered":"<h3><span style=\"color: #99cc33\">Kurzbeschreibung:<\/span><\/h3>\n<p class=\"font_8\">Coromus vittatus vittatus ist mit seinen bis zu 10 cm L\u00e4nge eine recht gro\u00dfe Bandf\u00fc\u00dferart. Er ist in nahezu ganz Afrika zu finden. Das Hauptvorkommen ist vor allem in Kamerun, Nigeria und Liberia.\u00a0 Dort bewohnt er feuchtwarme W\u00e4lder. Coromus vittatus vittatus ist eine relativ bekannte Art der Bandf\u00fc\u00dfer und wird des \u00d6fteren im Handel angeboten. Die Haltung ist f\u00fcr Polydesmida sehr einfach. Lediglich die Nachzucht gestaltet sich als Herausforderung. Nachzuchten sind bisher erst selten gelungen und wenn, dann mit hohen Ausfallraten.<\/p>\n<p class=\"font_8\">Der K\u00f6rper von Coromus vittatus vittatus ist dunkelbraun gef\u00e4rbt. Wie bei Bandf\u00fc\u00dfern \u00fcblich ist dieser abgeflacht und in deutlich sichtbare Glieder unterteilt. Die Beine, sowie die Antennen dieser Art sind rotbraun gef\u00e4rbt. \u00dcber den R\u00fccken zieht sich ein auff\u00e4lliger gelber Streifen.<\/p>\n<p class=\"font_8\">Auf Grund der relativ geringen Adultgr\u00f6\u00dfe dieser Art kann sie schon in Terrarien ab einer Kantenl\u00e4nge von 30 cm gehalten werden. Es sollte jedoch darauf geachtet werden, dass genug Platz f\u00fcr ein ausreichend hoch eingef\u00fclltes Substrat zur Verf\u00fcgung steht. Die Substrath\u00f6he sollte bei dieser Art nicht unter 8 cm betragen! Das Substrat dient den Tieren als Lebensraum und Futter zugleich und werden regelm\u00e4\u00dfig zur H\u00e4utung aufgesucht.<\/p>\n<p class=\"font_8\">Tagestemperaturen von 21-26\u00b0C haben sich bei der Haltung dieser Art bew\u00e4hrt. Die Tiere sind haupts\u00e4chlich d\u00e4mmerungs- und nachtaktiv, weshalb man auf eine zus\u00e4tzliche Lichtquelle verzichten kann. Beim Erreichen der Temperaturen im Terrarium ist es wichtig, die W\u00e4rmequelle immer von oben anzubringen und niemals von unten! Der Bodengrund sollte stets halbfeucht gehalten werden. Eine Luftfeuchtigkeit von 70-100% kommt am ehesten den Bedingungen ihres nat\u00fcrlichen Lebensraumes nach. Das Substrat kann man zus\u00e4tzlich mit Laub, Rindenst\u00fccken oder Moos abdecken. Das hilft dabei, es vor dem Austrocknen zu sch\u00fctzen. Bandf\u00fc\u00dfer aller Arten bevorzugen Waldterrarien. Kletter\u00e4ste werden von dieser Art gerne genutzt und besonders adulte Tiere kann man oft an der Oberfl\u00e4che beobachten. Wichtig f\u00fcr diese Art ist ein hoher Anteil an wei\u00dffaulem Holz im Terrarium, dieses wird mit Vorliebe gefressen. Daneben werden aber auch das im Substrat enthaltene Laub und ab und an mal Gem\u00fcse, Obst oder Tausendf\u00fcsser-Futter als Zusatzfutter angenommen.<\/p>\n","protected":false},"excerpt":{"rendered":"<p>Eine sehr gro\u00df-werdende Bandf\u00fc\u00dfer-Art.<\/p>\n","protected":false},"featured_media":4966,"template":"","meta":{"_acf_changed":false},"product-supplier":[],"product_brand":[],"product_cat":[144],"product_tag":[],"lce-checkout-addons":[1202],"class_list":{"0":"post-4936","1":"product","2":"type-product","3":"status-publish","4":"has-post-thumbnail","6":"product_cat-tausendfuesser","7":"product_shipping_class-animal-shipping","8":"pa_herkunft-nigeria","9":"pa_kontinent-afrika","10":"lce-checkout-addons-winterverpackung","12":"first","13":"outofstock","14":"taxable","15":"shipping-taxable","16":"purchasable","17":"product-type-simple"},"acf":[],"yoast_head":"<!-- This site is optimized with the Yoast SEO Premium plugin v26.8 (Yoast SEO v27.3) - https:\/\/yoast.com\/product\/yoast-seo-premium-wordpress\/ -->\n<title>Coromus vittatus vittatus - Insektenliebe<\/title>\n<meta name=\"description\" content=\"Wundersch\u00f6ne Coromus vittatus vittatus online kaufen. Wir bieten Nachzuchten dieser tollen Bandf\u00fc\u00dfer-Art an. Direkt beim Z\u00fcchter kaufen.\" \/>\n<meta name=\"robots\" content=\"index, follow, max-snippet:-1, max-image-preview:large, max-video-preview:-1\" \/>\n<link rel=\"canonical\" href=\"https:\/\/insektenliebe.com\/de\/shop\/produkt\/coromus-vittatus-vittatus\/\" \/>\n<meta property=\"og:locale\" content=\"de_DE\" \/>\n<meta property=\"og:type\" content=\"article\" \/>\n<meta property=\"og:title\" content=\"Coromus vittatus vittatus\" \/>\n<meta property=\"og:description\" content=\"Wundersch\u00f6ne Coromus vittatus vittatus online kaufen. Wir bieten Nachzuchten dieser tollen Bandf\u00fc\u00dfer-Art an. Direkt beim Z\u00fcchter kaufen.\" \/>\n<meta property=\"og:url\" content=\"https:\/\/insektenliebe.com\/de\/shop\/produkt\/coromus-vittatus-vittatus\/\" \/>\n<meta property=\"og:site_name\" content=\"Insektenliebe\" \/>\n<meta property=\"article:modified_time\" content=\"2026-02-07T20:54:25+00:00\" \/>\n<meta property=\"og:image\" content=\"https:\/\/insektenliebe.com\/wp-content\/uploads\/2025\/05\/Coromus-vittatus-vittatus-2.jpg\" \/>\n\t<meta property=\"og:image:width\" content=\"820\" \/>\n\t<meta property=\"og:image:height\" content=\"820\" \/>\n\t<meta property=\"og:image:type\" content=\"image\/jpeg\" \/>\n<meta name=\"twitter:card\" content=\"summary_large_image\" \/>\n<meta name=\"twitter:label1\" content=\"Preis\" \/>\n\t<meta name=\"twitter:data1\" content=\"10,50&nbsp;&euro; inkl. MwSt. zzgl. Versand\" \/>\n\t<meta name=\"twitter:label2\" content=\"Verf\u00fcgbarkeit\" \/>\n\t<meta name=\"twitter:data2\" content=\"ausverkauft\" \/>\n<script type=\"application\/ld+json\" class=\"yoast-schema-graph\">{\"@context\":\"https:\\\/\\\/schema.org\",\"@graph\":[{\"@type\":\"WebPage\",\"@id\":\"https:\\\/\\\/insektenliebe.com\\\/de\\\/shop\\\/produkt\\\/coromus-vittatus-vittatus\\\/\",\"url\":\"https:\\\/\\\/insektenliebe.com\\\/de\\\/shop\\\/produkt\\\/coromus-vittatus-vittatus\\\/\",\"name\":\"Coromus vittatus vittatus - Insektenliebe\",\"isPartOf\":{\"@id\":\"https:\\\/\\\/insektenliebe.com\\\/de\\\/#website\"},\"primaryImageOfPage\":{\"@id\":\"https:\\\/\\\/insektenliebe.com\\\/de\\\/shop\\\/produkt\\\/coromus-vittatus-vittatus\\\/#primaryimage\"},\"image\":{\"@id\":\"https:\\\/\\\/insektenliebe.com\\\/de\\\/shop\\\/produkt\\\/coromus-vittatus-vittatus\\\/#primaryimage\"},\"thumbnailUrl\":\"https:\\\/\\\/insektenliebe.com\\\/wp-content\\\/uploads\\\/2025\\\/05\\\/Coromus-vittatus-vittatus-2.jpg\",\"datePublished\":\"2020-10-25T17:37:19+00:00\",\"dateModified\":\"2026-02-07T20:54:25+00:00\",\"description\":\"Wundersch\u00f6ne Coromus vittatus vittatus online kaufen. Wir bieten Nachzuchten dieser tollen Bandf\u00fc\u00dfer-Art an. Direkt beim Z\u00fcchter kaufen.\",\"breadcrumb\":{\"@id\":\"https:\\\/\\\/insektenliebe.com\\\/de\\\/shop\\\/produkt\\\/coromus-vittatus-vittatus\\\/#breadcrumb\"},\"inLanguage\":\"de\",\"potentialAction\":[{\"@type\":\"ReadAction\",\"target\":[\"https:\\\/\\\/insektenliebe.com\\\/de\\\/shop\\\/produkt\\\/coromus-vittatus-vittatus\\\/\"]}]},{\"@type\":\"ImageObject\",\"inLanguage\":\"de\",\"@id\":\"https:\\\/\\\/insektenliebe.com\\\/de\\\/shop\\\/produkt\\\/coromus-vittatus-vittatus\\\/#primaryimage\",\"url\":\"https:\\\/\\\/insektenliebe.com\\\/wp-content\\\/uploads\\\/2025\\\/05\\\/Coromus-vittatus-vittatus-2.jpg\",\"contentUrl\":\"https:\\\/\\\/insektenliebe.com\\\/wp-content\\\/uploads\\\/2025\\\/05\\\/Coromus-vittatus-vittatus-2.jpg\",\"width\":820,\"height\":820,\"caption\":\"Coromus-vittatus-vittatus-2.jpg\"},{\"@type\":\"BreadcrumbList\",\"@id\":\"https:\\\/\\\/insektenliebe.com\\\/de\\\/shop\\\/produkt\\\/coromus-vittatus-vittatus\\\/#breadcrumb\",\"itemListElement\":[{\"@type\":\"ListItem\",\"position\":1,\"name\":\"Startseite\",\"item\":\"https:\\\/\\\/insektenliebe.com\\\/de\\\/\"},{\"@type\":\"ListItem\",\"position\":2,\"name\":\"Shop\",\"item\":\"https:\\\/\\\/insektenliebe.com\\\/de\\\/shop\\\/\"},{\"@type\":\"ListItem\",\"position\":3,\"name\":\"Coromus vittatus vittatus\"}]},{\"@type\":\"WebSite\",\"@id\":\"https:\\\/\\\/insektenliebe.com\\\/de\\\/#website\",\"url\":\"https:\\\/\\\/insektenliebe.com\\\/de\\\/\",\"name\":\"Insektenliebe\",\"description\":\"Dein Zuhause f\u00fcr die kleinen Lebewesen\",\"publisher\":{\"@id\":\"https:\\\/\\\/insektenliebe.com\\\/de\\\/#organization\"},\"potentialAction\":[{\"@type\":\"SearchAction\",\"target\":{\"@type\":\"EntryPoint\",\"urlTemplate\":\"https:\\\/\\\/insektenliebe.com\\\/de\\\/?s={search_term_string}\"},\"query-input\":{\"@type\":\"PropertyValueSpecification\",\"valueRequired\":true,\"valueName\":\"search_term_string\"}}],\"inLanguage\":\"de\"},{\"@type\":\"Organization\",\"@id\":\"https:\\\/\\\/insektenliebe.com\\\/de\\\/#organization\",\"name\":\"Insektenliebe\",\"url\":\"https:\\\/\\\/insektenliebe.com\\\/de\\\/\",\"logo\":{\"@type\":\"ImageObject\",\"inLanguage\":\"de\",\"@id\":\"https:\\\/\\\/insektenliebe.com\\\/de\\\/#\\\/schema\\\/logo\\\/image\\\/\",\"url\":\"https:\\\/\\\/insektenliebe.com\\\/wp-content\\\/uploads\\\/2025\\\/03\\\/logo-white.png\",\"contentUrl\":\"https:\\\/\\\/insektenliebe.com\\\/wp-content\\\/uploads\\\/2025\\\/03\\\/logo-white.png\",\"width\":288,\"height\":188,\"caption\":\"Insektenliebe\"},\"image\":{\"@id\":\"https:\\\/\\\/insektenliebe.com\\\/de\\\/#\\\/schema\\\/logo\\\/image\\\/\"}}]}<\/script>\n<meta property=\"product:price:amount\" content=\"10.50\" \/>\n<meta property=\"product:price:currency\" content=\"EUR\" \/>\n<meta property=\"og:availability\" content=\"out of stock\" \/>\n<meta property=\"product:availability\" content=\"out of stock\" \/>\n<meta property=\"product:retailer_item_id\" content=\"496\" \/>\n<meta property=\"product:condition\" content=\"new\" \/>\n<!-- \/ Yoast SEO Premium plugin. -->","yoast_head_json":{"title":"Coromus vittatus vittatus - Insektenliebe","description":"Wundersch\u00f6ne Coromus vittatus vittatus online kaufen. Wir bieten Nachzuchten dieser tollen Bandf\u00fc\u00dfer-Art an. Direkt beim Z\u00fcchter kaufen.","robots":{"index":"index","follow":"follow","max-snippet":"max-snippet:-1","max-image-preview":"max-image-preview:large","max-video-preview":"max-video-preview:-1"},"canonical":"https:\/\/insektenliebe.com\/de\/shop\/produkt\/coromus-vittatus-vittatus\/","og_locale":"de_DE","og_type":"article","og_title":"Coromus vittatus vittatus","og_description":"Wundersch\u00f6ne Coromus vittatus vittatus online kaufen. Wir bieten Nachzuchten dieser tollen Bandf\u00fc\u00dfer-Art an. Direkt beim Z\u00fcchter kaufen.","og_url":"https:\/\/insektenliebe.com\/de\/shop\/produkt\/coromus-vittatus-vittatus\/","og_site_name":"Insektenliebe","article_modified_time":"2026-02-07T20:54:25+00:00","og_image":[{"width":820,"height":820,"url":"https:\/\/insektenliebe.com\/wp-content\/uploads\/2025\/05\/Coromus-vittatus-vittatus-2.jpg","type":"image\/jpeg"}],"twitter_card":"summary_large_image","twitter_misc":{"Preis":"10,50&nbsp;&euro; inkl. MwSt. zzgl. Versand","Verf\u00fcgbarkeit":"ausverkauft"},"schema":{"@context":"https:\/\/schema.org","@graph":[{"@type":"WebPage","@id":"https:\/\/insektenliebe.com\/de\/shop\/produkt\/coromus-vittatus-vittatus\/","url":"https:\/\/insektenliebe.com\/de\/shop\/produkt\/coromus-vittatus-vittatus\/","name":"Coromus vittatus vittatus - Insektenliebe","isPartOf":{"@id":"https:\/\/insektenliebe.com\/de\/#website"},"primaryImageOfPage":{"@id":"https:\/\/insektenliebe.com\/de\/shop\/produkt\/coromus-vittatus-vittatus\/#primaryimage"},"image":{"@id":"https:\/\/insektenliebe.com\/de\/shop\/produkt\/coromus-vittatus-vittatus\/#primaryimage"},"thumbnailUrl":"https:\/\/insektenliebe.com\/wp-content\/uploads\/2025\/05\/Coromus-vittatus-vittatus-2.jpg","datePublished":"2020-10-25T17:37:19+00:00","dateModified":"2026-02-07T20:54:25+00:00","description":"Wundersch\u00f6ne Coromus vittatus vittatus online kaufen. Wir bieten Nachzuchten dieser tollen Bandf\u00fc\u00dfer-Art an. Direkt beim Z\u00fcchter kaufen.","breadcrumb":{"@id":"https:\/\/insektenliebe.com\/de\/shop\/produkt\/coromus-vittatus-vittatus\/#breadcrumb"},"inLanguage":"de","potentialAction":[{"@type":"ReadAction","target":["https:\/\/insektenliebe.com\/de\/shop\/produkt\/coromus-vittatus-vittatus\/"]}]},{"@type":"ImageObject","inLanguage":"de","@id":"https:\/\/insektenliebe.com\/de\/shop\/produkt\/coromus-vittatus-vittatus\/#primaryimage","url":"https:\/\/insektenliebe.com\/wp-content\/uploads\/2025\/05\/Coromus-vittatus-vittatus-2.jpg","contentUrl":"https:\/\/insektenliebe.com\/wp-content\/uploads\/2025\/05\/Coromus-vittatus-vittatus-2.jpg","width":820,"height":820,"caption":"Coromus-vittatus-vittatus-2.jpg"},{"@type":"BreadcrumbList","@id":"https:\/\/insektenliebe.com\/de\/shop\/produkt\/coromus-vittatus-vittatus\/#breadcrumb","itemListElement":[{"@type":"ListItem","position":1,"name":"Startseite","item":"https:\/\/insektenliebe.com\/de\/"},{"@type":"ListItem","position":2,"name":"Shop","item":"https:\/\/insektenliebe.com\/de\/shop\/"},{"@type":"ListItem","position":3,"name":"Coromus vittatus vittatus"}]},{"@type":"WebSite","@id":"https:\/\/insektenliebe.com\/de\/#website","url":"https:\/\/insektenliebe.com\/de\/","name":"Insektenliebe","description":"Dein Zuhause f\u00fcr die kleinen Lebewesen","publisher":{"@id":"https:\/\/insektenliebe.com\/de\/#organization"},"potentialAction":[{"@type":"SearchAction","target":{"@type":"EntryPoint","urlTemplate":"https:\/\/insektenliebe.com\/de\/?s={search_term_string}"},"query-input":{"@type":"PropertyValueSpecification","valueRequired":true,"valueName":"search_term_string"}}],"inLanguage":"de"},{"@type":"Organization","@id":"https:\/\/insektenliebe.com\/de\/#organization","name":"Insektenliebe","url":"https:\/\/insektenliebe.com\/de\/","logo":{"@type":"ImageObject","inLanguage":"de","@id":"https:\/\/insektenliebe.com\/de\/#\/schema\/logo\/image\/","url":"https:\/\/insektenliebe.com\/wp-content\/uploads\/2025\/03\/logo-white.png","contentUrl":"https:\/\/insektenliebe.com\/wp-content\/uploads\/2025\/03\/logo-white.png","width":288,"height":188,"caption":"Insektenliebe"},"image":{"@id":"https:\/\/insektenliebe.com\/de\/#\/schema\/logo\/image\/"}}]},"product_price_amount":"10.50","product_price_currency":"EUR","og_availability":"out of stock","product_availability":"out of stock","product_retailer_item_id":"496","product_condition":"new"},"_links":{"self":[{"href":"https:\/\/insektenliebe.com\/de\/wp-json\/wp\/v2\/product\/4936","targetHints":{"allow":["GET"]}}],"collection":[{"href":"https:\/\/insektenliebe.com\/de\/wp-json\/wp\/v2\/product"}],"about":[{"href":"https:\/\/insektenliebe.com\/de\/wp-json\/wp\/v2\/types\/product"}],"wp:featuredmedia":[{"embeddable":true,"href":"https:\/\/insektenliebe.com\/de\/wp-json\/wp\/v2\/media\/4966"}],"wp:attachment":[{"href":"https:\/\/insektenliebe.com\/de\/wp-json\/wp\/v2\/media?parent=4936"}],"wp:term":[{"taxonomy":"product-supplier","embeddable":true,"href":"https:\/\/insektenliebe.com\/de\/wp-json\/wp\/v2\/product-supplier?post=4936"},{"taxonomy":"product_brand","embeddable":true,"href":"https:\/\/insektenliebe.com\/de\/wp-json\/wp\/v2\/product_brand?post=4936"},{"taxonomy":"product_cat","embeddable":true,"href":"https:\/\/insektenliebe.com\/de\/wp-json\/wp\/v2\/product_cat?post=4936"},{"taxonomy":"product_tag","embeddable":true,"href":"https:\/\/insektenliebe.com\/de\/wp-json\/wp\/v2\/product_tag?post=4936"},{"taxonomy":"lce-checkout-addons","embeddable":true,"href":"https:\/\/insektenliebe.com\/de\/wp-json\/wp\/v2\/lce-checkout-addons?post=4936"}],"curies":[{"name":"wp","href":"https:\/\/api.w.org\/{rel}","templated":true}]}}