{"id":4933,"date":"2020-10-17T07:35:18","date_gmt":"2020-10-17T07:35:18","guid":{"rendered":"http:\/\/localhost\/ins-test\/?post_type=product&#038;p=4933"},"modified":"2026-04-14T14:41:47","modified_gmt":"2026-04-14T12:41:47","slug":"spirostreptus-spec-8-gruene-fee","status":"publish","type":"product","link":"https:\/\/insektenliebe.com\/de\/shop\/produkt\/spirostreptus-spec-8-gruene-fee\/","title":{"rendered":"Spirostreptus spec. 8 \"Gr\u00fcne Fee\""},"content":{"rendered":"<h3><span style=\"color: #99cc33\">Kurzbeschreibung:<\/span><\/h3>\n<p>Spirostreptus spec. 8 ist eine gro\u00dfe, aus Kamerun stammende Diplopodenart. Sie kann eine L\u00e4nge von bis zu 26 cm erreichen. In ihrer Heimat lebt diese Art bevorzugt in feuchten, schattigen W\u00e4ldern. Die Tiere sind einfach in der Haltung, jedoch nicht ganz ohne in der Nachzucht, weshalb wir sie unter der Schwierigkeitsstufe \u201emittel\u201c eingestuft haben. Leider wird diese sch\u00f6ne, gro\u00dfe Art nur selten in Deutschland angeboten. Manchmal findet man die Art auch unter dem Namen \u201eGreen-Striped-Millipede\u201c.<\/p>\n<p class=\"font_8\">Spirostreptus spec. 8 besitzt einen gr\u00fcn schwarz geringelten K\u00f6rper. Das hat dieser Art den Beinamen \u201egreen fairytale\u201c eingebracht. Die Beine sind leicht geringelt. Die F\u00fchler dieser Diplopoden sind dunkel, die Augen schwarz gef\u00e4rbt. Bei den m\u00e4nnlichen Tieren ist das 7. Segment verdickt. Spirostreptus spec. 8 entwickeln im zunehmenden Alter die Gr\u00fcne Farbe. Wenn sie noch jung sind, sind die Tiere meistens braun.<\/p>\n<p>Das Becken f\u00fcr Spirostreptus spec. 8 sollte 60 cm Kantenl\u00e4nge nicht unterschreiten. Das Substrat muss mindestens 10-15 cm hoch eingef\u00fcllt werden. Die Tiere sind als Jungtiere kaum an der Oberfl\u00e4che zu sehen, ab einer L\u00e4nge von ca. 5 cm \u00e4ndert sich dies allerdings und man kann sie des \u00d6fteren beobachten. Die Temperatur im Terrarium sollte zwischen 23\u00b0C und 26\u00b0C liegen und immer von oben in das Terrarium eingebracht werden. Die Luftfeuchtigkeit sollte bei ca. 80% liegen. Spirostreptus spec. 8 ist, wie die meisten anderen Arten auch, d\u00e4mmerungs- und nachtaktiv, weshalb auf eine zus\u00e4tzliche Beleuchtung verzichtet werden kann. Das Substrat kann man mit Laub, Korkrinde und Moosen vor dem Austrocknen sch\u00fctzen. Die Art ist kein besonders guter Kletterer, man sieht sie dennoch gerne auf \u00c4sten sitzen. Deshalb w\u00fcrde ich ihnen immer welche anbieten. Zusatzfutter in Form von Tausendf\u00fcsser-Futter, Pellets und Pollen wird gerne gefressen. Sollten sich Jungtiere im Terrarium befinden, ist darauf zu achten, dass immer ausreichend wei\u00dffaules Holz und Laub vorhanden ist. Abwehrsekret gibt die Art nur sehr selten und dann auch nur sehr wenig ab. Korkrinde oder Nussschalen werden gerne als Unterschlupf angenommen.<\/p>\n","protected":false},"excerpt":{"rendered":"<p>Kurzbeschreibung: Spirostreptus spec. 8 ist eine gro\u00dfe, aus Kamerun stammende Diplopodenart. Sie kann eine L\u00e4nge von bis zu 26 cm erreichen. In ihrer Heimat lebt diese Art bevorzugt in feuchten, schattigen W\u00e4ldern. Die Tiere sind einfach in der Haltung, jedoch nicht ganz ohne in der Nachzucht, weshalb wir sie unter der Schwierigkeitsstufe \u201emittel\u201c eingestuft haben. [&hellip;]<\/p>\n","protected":false},"featured_media":4963,"template":"","meta":{"_acf_changed":false},"product-supplier":[],"product_brand":[],"product_cat":[144],"product_tag":[],"lce-checkout-addons":[1202],"class_list":{"0":"post-4933","1":"product","2":"type-product","3":"status-publish","4":"has-post-thumbnail","6":"product_cat-tausendfuesser","7":"product_shipping_class-animal-shipping","8":"pa_geschlecht-maennlich","9":"pa_geschlecht-unbestimmt","10":"pa_geschlecht-weiblich","11":"pa_herkunft-nigeria","12":"pa_kontinent-afrika","13":"lce-checkout-addons-winterverpackung","15":"first","16":"instock","17":"taxable","18":"shipping-taxable","19":"purchasable","20":"product-type-variable"},"acf":[],"yoast_head":"<!-- This site is optimized with the Yoast SEO plugin v27.3 - https:\/\/yoast.com\/product\/yoast-seo-wordpress\/ -->\n<title>Spirostreptus spec. 8 &quot;Gr\u00fcne Fee&quot; - Insektenliebe<\/title>\n<meta name=\"description\" content=\"G\u00fcnstige Spirostreptus spec. 8 &quot;Gr\u00fcne Fee&quot; online kaufen. Eine gro\u00dfe und auffallend gr\u00fcne Tausendf\u00fcsser Art.\" \/>\n<meta name=\"robots\" content=\"index, follow, max-snippet:-1, max-image-preview:large, max-video-preview:-1\" \/>\n<link rel=\"canonical\" href=\"https:\/\/insektenliebe.com\/de\/shop\/produkt\/spirostreptus-spec-8-gruene-fee\/\" \/>\n<meta property=\"og:locale\" content=\"de_DE\" \/>\n<meta property=\"og:type\" content=\"article\" \/>\n<meta property=\"og:title\" content=\"Spirostreptus spec. 8 &quot;Gr\u00fcne Fee&quot; - Insektenliebe\" \/>\n<meta property=\"og:description\" content=\"G\u00fcnstige Spirostreptus spec. 8 &quot;Gr\u00fcne Fee&quot; online kaufen. Eine gro\u00dfe und auffallend gr\u00fcne Tausendf\u00fcsser Art.\" \/>\n<meta property=\"og:url\" content=\"https:\/\/insektenliebe.com\/de\/shop\/produkt\/spirostreptus-spec-8-gruene-fee\/\" \/>\n<meta property=\"og:site_name\" content=\"Insektenliebe\" \/>\n<meta property=\"article:modified_time\" content=\"2026-04-14T12:41:47+00:00\" \/>\n<meta property=\"og:image\" content=\"https:\/\/insektenliebe.com\/wp-content\/uploads\/2025\/05\/Spirostreptus-spec.-8-2.jpg\" \/>\n\t<meta property=\"og:image:width\" content=\"820\" \/>\n\t<meta property=\"og:image:height\" content=\"820\" \/>\n\t<meta property=\"og:image:type\" content=\"image\/jpeg\" \/>\n<meta name=\"twitter:card\" content=\"summary_large_image\" \/>\n<meta name=\"twitter:label1\" content=\"Gesch\u00e4tzte Lesezeit\" \/>\n\t<meta name=\"twitter:data1\" content=\"2\u00a0Minuten\" \/>\n<script type=\"application\/ld+json\" class=\"yoast-schema-graph\">{\"@context\":\"https:\\\/\\\/schema.org\",\"@graph\":[{\"@type\":\"WebPage\",\"@id\":\"https:\\\/\\\/insektenliebe.com\\\/de\\\/shop\\\/produkt\\\/spirostreptus-spec-8-gruene-fee\\\/\",\"url\":\"https:\\\/\\\/insektenliebe.com\\\/de\\\/shop\\\/produkt\\\/spirostreptus-spec-8-gruene-fee\\\/\",\"name\":\"Spirostreptus spec. 8 \\\"Gr\u00fcne Fee\\\" - Insektenliebe\",\"isPartOf\":{\"@id\":\"https:\\\/\\\/insektenliebe.com\\\/de\\\/#website\"},\"primaryImageOfPage\":{\"@id\":\"https:\\\/\\\/insektenliebe.com\\\/de\\\/shop\\\/produkt\\\/spirostreptus-spec-8-gruene-fee\\\/#primaryimage\"},\"image\":{\"@id\":\"https:\\\/\\\/insektenliebe.com\\\/de\\\/shop\\\/produkt\\\/spirostreptus-spec-8-gruene-fee\\\/#primaryimage\"},\"thumbnailUrl\":\"https:\\\/\\\/insektenliebe.com\\\/wp-content\\\/uploads\\\/2025\\\/05\\\/Spirostreptus-spec.-8-2.jpg\",\"datePublished\":\"2020-10-17T07:35:18+00:00\",\"dateModified\":\"2026-04-14T12:41:47+00:00\",\"description\":\"G\u00fcnstige Spirostreptus spec. 8 \\\"Gr\u00fcne Fee\\\" online kaufen. Eine gro\u00dfe und auffallend gr\u00fcne Tausendf\u00fcsser Art.\",\"breadcrumb\":{\"@id\":\"https:\\\/\\\/insektenliebe.com\\\/de\\\/shop\\\/produkt\\\/spirostreptus-spec-8-gruene-fee\\\/#breadcrumb\"},\"inLanguage\":\"de\",\"potentialAction\":[{\"@type\":\"ReadAction\",\"target\":[\"https:\\\/\\\/insektenliebe.com\\\/de\\\/shop\\\/produkt\\\/spirostreptus-spec-8-gruene-fee\\\/\"]}]},{\"@type\":\"ImageObject\",\"inLanguage\":\"de\",\"@id\":\"https:\\\/\\\/insektenliebe.com\\\/de\\\/shop\\\/produkt\\\/spirostreptus-spec-8-gruene-fee\\\/#primaryimage\",\"url\":\"https:\\\/\\\/insektenliebe.com\\\/wp-content\\\/uploads\\\/2025\\\/05\\\/Spirostreptus-spec.-8-2.jpg\",\"contentUrl\":\"https:\\\/\\\/insektenliebe.com\\\/wp-content\\\/uploads\\\/2025\\\/05\\\/Spirostreptus-spec.-8-2.jpg\",\"width\":820,\"height\":820,\"caption\":\"Spirostreptus-spec.-8-2.jpg\"},{\"@type\":\"BreadcrumbList\",\"@id\":\"https:\\\/\\\/insektenliebe.com\\\/de\\\/shop\\\/produkt\\\/spirostreptus-spec-8-gruene-fee\\\/#breadcrumb\",\"itemListElement\":[{\"@type\":\"ListItem\",\"position\":1,\"name\":\"Startseite\",\"item\":\"https:\\\/\\\/insektenliebe.com\\\/de\\\/\"},{\"@type\":\"ListItem\",\"position\":2,\"name\":\"Shop\",\"item\":\"https:\\\/\\\/insektenliebe.com\\\/de\\\/shop\\\/\"},{\"@type\":\"ListItem\",\"position\":3,\"name\":\"Spirostreptus spec. 8 &#8222;Gr\u00fcne Fee&#8220;\"}]},{\"@type\":\"WebSite\",\"@id\":\"https:\\\/\\\/insektenliebe.com\\\/de\\\/#website\",\"url\":\"https:\\\/\\\/insektenliebe.com\\\/de\\\/\",\"name\":\"Insektenliebe\",\"description\":\"Dein Zuhause f\u00fcr die kleinen Lebewesen\",\"publisher\":{\"@id\":\"https:\\\/\\\/insektenliebe.com\\\/de\\\/#organization\"},\"potentialAction\":[{\"@type\":\"SearchAction\",\"target\":{\"@type\":\"EntryPoint\",\"urlTemplate\":\"https:\\\/\\\/insektenliebe.com\\\/de\\\/?s={search_term_string}\"},\"query-input\":{\"@type\":\"PropertyValueSpecification\",\"valueRequired\":true,\"valueName\":\"search_term_string\"}}],\"inLanguage\":\"de\"},{\"@type\":\"Organization\",\"@id\":\"https:\\\/\\\/insektenliebe.com\\\/de\\\/#organization\",\"name\":\"Insektenliebe\",\"url\":\"https:\\\/\\\/insektenliebe.com\\\/de\\\/\",\"logo\":{\"@type\":\"ImageObject\",\"inLanguage\":\"de\",\"@id\":\"https:\\\/\\\/insektenliebe.com\\\/de\\\/#\\\/schema\\\/logo\\\/image\\\/\",\"url\":\"https:\\\/\\\/insektenliebe.com\\\/wp-content\\\/uploads\\\/2025\\\/03\\\/logo-white.png\",\"contentUrl\":\"https:\\\/\\\/insektenliebe.com\\\/wp-content\\\/uploads\\\/2025\\\/03\\\/logo-white.png\",\"width\":288,\"height\":188,\"caption\":\"Insektenliebe\"},\"image\":{\"@id\":\"https:\\\/\\\/insektenliebe.com\\\/de\\\/#\\\/schema\\\/logo\\\/image\\\/\"}}]}<\/script>\n<!-- \/ Yoast SEO plugin. -->","yoast_head_json":{"title":"Spirostreptus spec. 8 \"Gr\u00fcne Fee\" - Insektenliebe","description":"G\u00fcnstige Spirostreptus spec. 8 \"Gr\u00fcne Fee\" online kaufen. Eine gro\u00dfe und auffallend gr\u00fcne Tausendf\u00fcsser Art.","robots":{"index":"index","follow":"follow","max-snippet":"max-snippet:-1","max-image-preview":"max-image-preview:large","max-video-preview":"max-video-preview:-1"},"canonical":"https:\/\/insektenliebe.com\/de\/shop\/produkt\/spirostreptus-spec-8-gruene-fee\/","og_locale":"de_DE","og_type":"article","og_title":"Spirostreptus spec. 8 \"Gr\u00fcne Fee\" - Insektenliebe","og_description":"G\u00fcnstige Spirostreptus spec. 8 \"Gr\u00fcne Fee\" online kaufen. Eine gro\u00dfe und auffallend gr\u00fcne Tausendf\u00fcsser Art.","og_url":"https:\/\/insektenliebe.com\/de\/shop\/produkt\/spirostreptus-spec-8-gruene-fee\/","og_site_name":"Insektenliebe","article_modified_time":"2026-04-14T12:41:47+00:00","og_image":[{"width":820,"height":820,"url":"https:\/\/insektenliebe.com\/wp-content\/uploads\/2025\/05\/Spirostreptus-spec.-8-2.jpg","type":"image\/jpeg"}],"twitter_card":"summary_large_image","twitter_misc":{"Gesch\u00e4tzte Lesezeit":"2\u00a0Minuten"},"schema":{"@context":"https:\/\/schema.org","@graph":[{"@type":"WebPage","@id":"https:\/\/insektenliebe.com\/de\/shop\/produkt\/spirostreptus-spec-8-gruene-fee\/","url":"https:\/\/insektenliebe.com\/de\/shop\/produkt\/spirostreptus-spec-8-gruene-fee\/","name":"Spirostreptus spec. 8 \"Gr\u00fcne Fee\" - Insektenliebe","isPartOf":{"@id":"https:\/\/insektenliebe.com\/de\/#website"},"primaryImageOfPage":{"@id":"https:\/\/insektenliebe.com\/de\/shop\/produkt\/spirostreptus-spec-8-gruene-fee\/#primaryimage"},"image":{"@id":"https:\/\/insektenliebe.com\/de\/shop\/produkt\/spirostreptus-spec-8-gruene-fee\/#primaryimage"},"thumbnailUrl":"https:\/\/insektenliebe.com\/wp-content\/uploads\/2025\/05\/Spirostreptus-spec.-8-2.jpg","datePublished":"2020-10-17T07:35:18+00:00","dateModified":"2026-04-14T12:41:47+00:00","description":"G\u00fcnstige Spirostreptus spec. 8 \"Gr\u00fcne Fee\" online kaufen. Eine gro\u00dfe und auffallend gr\u00fcne Tausendf\u00fcsser Art.","breadcrumb":{"@id":"https:\/\/insektenliebe.com\/de\/shop\/produkt\/spirostreptus-spec-8-gruene-fee\/#breadcrumb"},"inLanguage":"de","potentialAction":[{"@type":"ReadAction","target":["https:\/\/insektenliebe.com\/de\/shop\/produkt\/spirostreptus-spec-8-gruene-fee\/"]}]},{"@type":"ImageObject","inLanguage":"de","@id":"https:\/\/insektenliebe.com\/de\/shop\/produkt\/spirostreptus-spec-8-gruene-fee\/#primaryimage","url":"https:\/\/insektenliebe.com\/wp-content\/uploads\/2025\/05\/Spirostreptus-spec.-8-2.jpg","contentUrl":"https:\/\/insektenliebe.com\/wp-content\/uploads\/2025\/05\/Spirostreptus-spec.-8-2.jpg","width":820,"height":820,"caption":"Spirostreptus-spec.-8-2.jpg"},{"@type":"BreadcrumbList","@id":"https:\/\/insektenliebe.com\/de\/shop\/produkt\/spirostreptus-spec-8-gruene-fee\/#breadcrumb","itemListElement":[{"@type":"ListItem","position":1,"name":"Startseite","item":"https:\/\/insektenliebe.com\/de\/"},{"@type":"ListItem","position":2,"name":"Shop","item":"https:\/\/insektenliebe.com\/de\/shop\/"},{"@type":"ListItem","position":3,"name":"Spirostreptus spec. 8 &#8222;Gr\u00fcne Fee&#8220;"}]},{"@type":"WebSite","@id":"https:\/\/insektenliebe.com\/de\/#website","url":"https:\/\/insektenliebe.com\/de\/","name":"Insektenliebe","description":"Dein Zuhause f\u00fcr die kleinen Lebewesen","publisher":{"@id":"https:\/\/insektenliebe.com\/de\/#organization"},"potentialAction":[{"@type":"SearchAction","target":{"@type":"EntryPoint","urlTemplate":"https:\/\/insektenliebe.com\/de\/?s={search_term_string}"},"query-input":{"@type":"PropertyValueSpecification","valueRequired":true,"valueName":"search_term_string"}}],"inLanguage":"de"},{"@type":"Organization","@id":"https:\/\/insektenliebe.com\/de\/#organization","name":"Insektenliebe","url":"https:\/\/insektenliebe.com\/de\/","logo":{"@type":"ImageObject","inLanguage":"de","@id":"https:\/\/insektenliebe.com\/de\/#\/schema\/logo\/image\/","url":"https:\/\/insektenliebe.com\/wp-content\/uploads\/2025\/03\/logo-white.png","contentUrl":"https:\/\/insektenliebe.com\/wp-content\/uploads\/2025\/03\/logo-white.png","width":288,"height":188,"caption":"Insektenliebe"},"image":{"@id":"https:\/\/insektenliebe.com\/de\/#\/schema\/logo\/image\/"}}]}},"_links":{"self":[{"href":"https:\/\/insektenliebe.com\/de\/wp-json\/wp\/v2\/product\/4933","targetHints":{"allow":["GET"]}}],"collection":[{"href":"https:\/\/insektenliebe.com\/de\/wp-json\/wp\/v2\/product"}],"about":[{"href":"https:\/\/insektenliebe.com\/de\/wp-json\/wp\/v2\/types\/product"}],"wp:featuredmedia":[{"embeddable":true,"href":"https:\/\/insektenliebe.com\/de\/wp-json\/wp\/v2\/media\/4963"}],"wp:attachment":[{"href":"https:\/\/insektenliebe.com\/de\/wp-json\/wp\/v2\/media?parent=4933"}],"wp:term":[{"taxonomy":"product-supplier","embeddable":true,"href":"https:\/\/insektenliebe.com\/de\/wp-json\/wp\/v2\/product-supplier?post=4933"},{"taxonomy":"product_brand","embeddable":true,"href":"https:\/\/insektenliebe.com\/de\/wp-json\/wp\/v2\/product_brand?post=4933"},{"taxonomy":"product_cat","embeddable":true,"href":"https:\/\/insektenliebe.com\/de\/wp-json\/wp\/v2\/product_cat?post=4933"},{"taxonomy":"product_tag","embeddable":true,"href":"https:\/\/insektenliebe.com\/de\/wp-json\/wp\/v2\/product_tag?post=4933"},{"taxonomy":"lce-checkout-addons","embeddable":true,"href":"https:\/\/insektenliebe.com\/de\/wp-json\/wp\/v2\/lce-checkout-addons?post=4933"}],"curies":[{"name":"wp","href":"https:\/\/api.w.org\/{rel}","templated":true}]}}