{"id":4932,"date":"2020-10-15T16:34:00","date_gmt":"2020-10-15T14:34:00","guid":{"rendered":"http:\/\/localhost\/ins-test\/?post_type=product&#038;p=4932"},"modified":"2026-02-12T20:38:13","modified_gmt":"2026-02-12T19:38:13","slug":"flake-soil","status":"publish","type":"product","link":"https:\/\/insektenliebe.com\/de\/shop\/produkt\/flake-soil\/","title":{"rendered":"Flake Soil"},"content":{"rendered":"<div class=\"flex-shrink-0 flex flex-col relative items-end\">\n<div>\n<div class=\"pt-0\">\n<div class=\"gizmo-bot-avatar flex h-8 w-8 items-center justify-center overflow-hidden rounded-full\">\n<h2 class=\"relative p-1 rounded-sm flex items-center justify-center bg-token-main-surface-primary text-token-text-primary h-8 w-8\"><span style=\"color: #99cc33\"><strong style=\"font-size: 20.16px\">Flake Soil: Das Premium-Zuchtsubstrat f\u00fcr Wirbellose<\/strong><\/span><\/h2>\n<\/div>\n<\/div>\n<\/div>\n<\/div>\n<p class=\"p1\">Unser <b>Flake Soil ist<\/b>\u00a0ein vielseitiges und hochgesch\u00e4tztes Zuchtsubstrat, das weit \u00fcber die Gemeinschaft der K\u00e4ferhalter hinaus f\u00fcr eine breite Palette von Wirbellosen gesch\u00e4tzt wird. Dieses innovative Substrat wird erfolgreich von Z\u00fcchtern von Schaben, Tausendf\u00fc\u00dfern, Asseln und Springschw\u00e4nzen genutzt, besonders von jenen Arten, die auf die Zersetzung von Wei\u00dffaulem Holz angewiesen sind.<\/p>\n<p class=\"p1\">Im Gegensatz zu herk\u00f6mmlichen Substraten wie Waldhumus bietet unser <b>Flake Soil<\/b> durch seinen hohen Anteil an Cellulose eine optimierte N\u00e4hrstoffzusammensetzung, die es zu einem Premium-Aufzuchtsubstrat macht. Diese einzigartige Zusammensetzung f\u00f6rdert nicht nur das Wachstum und die Gesundheit der darin lebenden Organismen, sondern unterst\u00fctzt auch effektiv den Abbau organischer Materialien, was wiederum das \u00f6kologische Gleichgewicht im Terrarium f\u00f6rdert.<\/p>\n<p class=\"p1\">Das Substrat wurde speziell entwickelt, um die nat\u00fcrlichen Lebensbedingungen dieser Wirbellosen nachzuahmen und zu verbessern, wodurch es eine \u00fcberlegene Alternative zu einfacheren Substraten darstellt. Es bietet eine reiche und nachhaltige Umgebung, die die Vitalit\u00e4t und Reproduktion der Tiere unterst\u00fctzt und gleichzeitig eine einfache Handhabung f\u00fcr den Z\u00fcchter gew\u00e4hrleistet.<\/p>\n<p class=\"p1\">Indem es eine stabile und kontrollierte Umgebung schafft, die reich an essentiellen N\u00e4hrstoffen ist, hebt sich unser <b>Flake Soil<\/b> von anderen Substraten ab und bietet sowohl f\u00fcr Amateurz\u00fcchter als auch f\u00fcr professionelle Terrarienbetreiber eine verl\u00e4ssliche L\u00f6sung f\u00fcr eine erfolgreiche Zucht.<\/p>\n<p>Wir stellen unser <strong>Flake Soil<\/strong> selbst her und kennen daher genau seine Bestandteile:<\/p>\n<ul>\n<li><strong>100% Buchensp\u00e4ne<\/strong>: Diese sorgen f\u00fcr die Struktur und die n\u00f6tige Porosit\u00e4t.<\/li>\n<li><strong>Bakterien aus dem Biokompost<\/strong>: Sie spielen eine entscheidende Rolle bei der Fermentierung und verbessern die N\u00e4hrstoffverf\u00fcgbarkeit.<\/li>\n<li><strong>Quellwasser aus der Lauter<\/strong>: Es gew\u00e4hrleistet die reine und unbelastete Feuchtigkeit des Substrats.<\/li>\n<\/ul>\n<p>Unser <strong>Flake Soil<\/strong> durchl\u00e4uft einen sorgf\u00e4ltigen Fermentationsprozess, der drei Monate im Gew\u00f6lbekeller stattfindet und danach einen weiteren Monat zur vollst\u00e4ndigen Fermentierung lagert. Anschlie\u00dfend sterilisieren wir das Substrat f\u00fcr 48 Stunden bei -30\u00b0 im Tiefk\u00fchlschrank, um eine optimale Qualit\u00e4t und Reinheit zu gew\u00e4hrleisten.<\/p>\n<p>Wir empfehlen, das <strong>Flake Soil<\/strong> nicht mit anderen Substrat-Arten zu mischen, um eine erneute Fermentierung zu vermeiden. Zudem sollte das Substrat ausschlie\u00dflich in Zuchtboxen mit Bel\u00fcftungen verwendet werden, um optimale Bedingungen zu sichern.<\/p>\n<p><strong>Flake Soil<\/strong> kaufen bedeutet, sich f\u00fcr ein Substrat zu entscheiden, das die Zucht und das Wohlbefinden deiner Wirbellosen nachhaltig unterst\u00fctzt. Mit seiner fein abgestimmten Zusammensetzung und der speziellen Behandlung bietet es die ideale Basis f\u00fcr eine erfolgreiche und gesunde Aufzucht.<\/p>\n","protected":false},"excerpt":{"rendered":"<p>Premium-Aufzuchtsubstrat f\u00fcr Wirbellose.<\/p>\n","protected":false},"featured_media":4962,"template":"","meta":{"_acf_changed":false},"product-supplier":[],"product_brand":[],"product_cat":[127],"product_tag":[],"lce-checkout-addons":[],"class_list":{"0":"post-4932","1":"product","2":"type-product","3":"status-publish","4":"has-post-thumbnail","6":"product_cat-substrate-moose","7":"product_shipping_class-equipment-shipping","9":"first","10":"instock","11":"taxable","12":"shipping-taxable","13":"purchasable","14":"product-type-variable","15":"has-default-attributes"},"acf":[],"yoast_head":"<!-- This site is optimized with the Yoast SEO plugin v27.3 - https:\/\/yoast.com\/product\/yoast-seo-wordpress\/ -->\n<title>Flake Soil - Insektenliebe<\/title>\n<meta name=\"description\" content=\"10 Liter hochwertiges Flake Soil direkt vom Hersteller g\u00fcnstig online kaufen. Premium-Aufzuchtsubstrat f\u00fcr K\u00e4fer, Larven und andere Wirbellose.\" \/>\n<meta name=\"robots\" content=\"index, follow, max-snippet:-1, max-image-preview:large, max-video-preview:-1\" \/>\n<link rel=\"canonical\" href=\"https:\/\/insektenliebe.com\/de\/shop\/produkt\/flake-soil\/\" \/>\n<meta property=\"og:locale\" content=\"de_DE\" \/>\n<meta property=\"og:type\" content=\"article\" \/>\n<meta property=\"og:title\" content=\"Flake Soil - Insektenliebe\" \/>\n<meta property=\"og:description\" content=\"10 Liter hochwertiges Flake Soil direkt vom Hersteller g\u00fcnstig online kaufen. Premium-Aufzuchtsubstrat f\u00fcr K\u00e4fer, Larven und andere Wirbellose.\" \/>\n<meta property=\"og:url\" content=\"https:\/\/insektenliebe.com\/de\/shop\/produkt\/flake-soil\/\" \/>\n<meta property=\"og:site_name\" content=\"Insektenliebe\" \/>\n<meta property=\"article:modified_time\" content=\"2026-02-12T19:38:13+00:00\" \/>\n<meta property=\"og:image\" content=\"https:\/\/insektenliebe.com\/wp-content\/uploads\/2025\/05\/Flake-Soil-1-2.jpg\" \/>\n\t<meta property=\"og:image:width\" content=\"820\" \/>\n\t<meta property=\"og:image:height\" content=\"820\" \/>\n\t<meta property=\"og:image:type\" content=\"image\/jpeg\" \/>\n<meta name=\"twitter:card\" content=\"summary_large_image\" \/>\n<meta name=\"twitter:label1\" content=\"Gesch\u00e4tzte Lesezeit\" \/>\n\t<meta name=\"twitter:data1\" content=\"3\u00a0Minuten\" \/>\n<script type=\"application\/ld+json\" class=\"yoast-schema-graph\">{\"@context\":\"https:\\\/\\\/schema.org\",\"@graph\":[{\"@type\":\"WebPage\",\"@id\":\"https:\\\/\\\/insektenliebe.com\\\/de\\\/shop\\\/produkt\\\/flake-soil\\\/\",\"url\":\"https:\\\/\\\/insektenliebe.com\\\/de\\\/shop\\\/produkt\\\/flake-soil\\\/\",\"name\":\"Flake Soil - Insektenliebe\",\"isPartOf\":{\"@id\":\"https:\\\/\\\/insektenliebe.com\\\/de\\\/#website\"},\"primaryImageOfPage\":{\"@id\":\"https:\\\/\\\/insektenliebe.com\\\/de\\\/shop\\\/produkt\\\/flake-soil\\\/#primaryimage\"},\"image\":{\"@id\":\"https:\\\/\\\/insektenliebe.com\\\/de\\\/shop\\\/produkt\\\/flake-soil\\\/#primaryimage\"},\"thumbnailUrl\":\"https:\\\/\\\/insektenliebe.com\\\/wp-content\\\/uploads\\\/2025\\\/05\\\/Flake-Soil-1-2.jpg\",\"datePublished\":\"2020-10-15T14:34:00+00:00\",\"dateModified\":\"2026-02-12T19:38:13+00:00\",\"description\":\"10 Liter hochwertiges Flake Soil direkt vom Hersteller g\u00fcnstig online kaufen. Premium-Aufzuchtsubstrat f\u00fcr K\u00e4fer, Larven und andere Wirbellose.\",\"breadcrumb\":{\"@id\":\"https:\\\/\\\/insektenliebe.com\\\/de\\\/shop\\\/produkt\\\/flake-soil\\\/#breadcrumb\"},\"inLanguage\":\"de\",\"potentialAction\":[{\"@type\":\"ReadAction\",\"target\":[\"https:\\\/\\\/insektenliebe.com\\\/de\\\/shop\\\/produkt\\\/flake-soil\\\/\"]}]},{\"@type\":\"ImageObject\",\"inLanguage\":\"de\",\"@id\":\"https:\\\/\\\/insektenliebe.com\\\/de\\\/shop\\\/produkt\\\/flake-soil\\\/#primaryimage\",\"url\":\"https:\\\/\\\/insektenliebe.com\\\/wp-content\\\/uploads\\\/2025\\\/05\\\/Flake-Soil-1-2.jpg\",\"contentUrl\":\"https:\\\/\\\/insektenliebe.com\\\/wp-content\\\/uploads\\\/2025\\\/05\\\/Flake-Soil-1-2.jpg\",\"width\":820,\"height\":820,\"caption\":\"Flake-Soil-1-2.jpg\"},{\"@type\":\"BreadcrumbList\",\"@id\":\"https:\\\/\\\/insektenliebe.com\\\/de\\\/shop\\\/produkt\\\/flake-soil\\\/#breadcrumb\",\"itemListElement\":[{\"@type\":\"ListItem\",\"position\":1,\"name\":\"Startseite\",\"item\":\"https:\\\/\\\/insektenliebe.com\\\/de\\\/\"},{\"@type\":\"ListItem\",\"position\":2,\"name\":\"Shop\",\"item\":\"https:\\\/\\\/insektenliebe.com\\\/de\\\/shop\\\/\"},{\"@type\":\"ListItem\",\"position\":3,\"name\":\"Flake Soil\"}]},{\"@type\":\"WebSite\",\"@id\":\"https:\\\/\\\/insektenliebe.com\\\/de\\\/#website\",\"url\":\"https:\\\/\\\/insektenliebe.com\\\/de\\\/\",\"name\":\"Insektenliebe\",\"description\":\"Dein Zuhause f\u00fcr die kleinen Lebewesen\",\"publisher\":{\"@id\":\"https:\\\/\\\/insektenliebe.com\\\/de\\\/#organization\"},\"potentialAction\":[{\"@type\":\"SearchAction\",\"target\":{\"@type\":\"EntryPoint\",\"urlTemplate\":\"https:\\\/\\\/insektenliebe.com\\\/de\\\/?s={search_term_string}\"},\"query-input\":{\"@type\":\"PropertyValueSpecification\",\"valueRequired\":true,\"valueName\":\"search_term_string\"}}],\"inLanguage\":\"de\"},{\"@type\":\"Organization\",\"@id\":\"https:\\\/\\\/insektenliebe.com\\\/de\\\/#organization\",\"name\":\"Insektenliebe\",\"url\":\"https:\\\/\\\/insektenliebe.com\\\/de\\\/\",\"logo\":{\"@type\":\"ImageObject\",\"inLanguage\":\"de\",\"@id\":\"https:\\\/\\\/insektenliebe.com\\\/de\\\/#\\\/schema\\\/logo\\\/image\\\/\",\"url\":\"https:\\\/\\\/insektenliebe.com\\\/wp-content\\\/uploads\\\/2025\\\/03\\\/logo-white.png\",\"contentUrl\":\"https:\\\/\\\/insektenliebe.com\\\/wp-content\\\/uploads\\\/2025\\\/03\\\/logo-white.png\",\"width\":288,\"height\":188,\"caption\":\"Insektenliebe\"},\"image\":{\"@id\":\"https:\\\/\\\/insektenliebe.com\\\/de\\\/#\\\/schema\\\/logo\\\/image\\\/\"}}]}<\/script>\n<!-- \/ Yoast SEO plugin. -->","yoast_head_json":{"title":"Flake Soil - Insektenliebe","description":"10 Liter hochwertiges Flake Soil direkt vom Hersteller g\u00fcnstig online kaufen. Premium-Aufzuchtsubstrat f\u00fcr K\u00e4fer, Larven und andere Wirbellose.","robots":{"index":"index","follow":"follow","max-snippet":"max-snippet:-1","max-image-preview":"max-image-preview:large","max-video-preview":"max-video-preview:-1"},"canonical":"https:\/\/insektenliebe.com\/de\/shop\/produkt\/flake-soil\/","og_locale":"de_DE","og_type":"article","og_title":"Flake Soil - Insektenliebe","og_description":"10 Liter hochwertiges Flake Soil direkt vom Hersteller g\u00fcnstig online kaufen. Premium-Aufzuchtsubstrat f\u00fcr K\u00e4fer, Larven und andere Wirbellose.","og_url":"https:\/\/insektenliebe.com\/de\/shop\/produkt\/flake-soil\/","og_site_name":"Insektenliebe","article_modified_time":"2026-02-12T19:38:13+00:00","og_image":[{"width":820,"height":820,"url":"https:\/\/insektenliebe.com\/wp-content\/uploads\/2025\/05\/Flake-Soil-1-2.jpg","type":"image\/jpeg"}],"twitter_card":"summary_large_image","twitter_misc":{"Gesch\u00e4tzte Lesezeit":"3\u00a0Minuten"},"schema":{"@context":"https:\/\/schema.org","@graph":[{"@type":"WebPage","@id":"https:\/\/insektenliebe.com\/de\/shop\/produkt\/flake-soil\/","url":"https:\/\/insektenliebe.com\/de\/shop\/produkt\/flake-soil\/","name":"Flake Soil - Insektenliebe","isPartOf":{"@id":"https:\/\/insektenliebe.com\/de\/#website"},"primaryImageOfPage":{"@id":"https:\/\/insektenliebe.com\/de\/shop\/produkt\/flake-soil\/#primaryimage"},"image":{"@id":"https:\/\/insektenliebe.com\/de\/shop\/produkt\/flake-soil\/#primaryimage"},"thumbnailUrl":"https:\/\/insektenliebe.com\/wp-content\/uploads\/2025\/05\/Flake-Soil-1-2.jpg","datePublished":"2020-10-15T14:34:00+00:00","dateModified":"2026-02-12T19:38:13+00:00","description":"10 Liter hochwertiges Flake Soil direkt vom Hersteller g\u00fcnstig online kaufen. Premium-Aufzuchtsubstrat f\u00fcr K\u00e4fer, Larven und andere Wirbellose.","breadcrumb":{"@id":"https:\/\/insektenliebe.com\/de\/shop\/produkt\/flake-soil\/#breadcrumb"},"inLanguage":"de","potentialAction":[{"@type":"ReadAction","target":["https:\/\/insektenliebe.com\/de\/shop\/produkt\/flake-soil\/"]}]},{"@type":"ImageObject","inLanguage":"de","@id":"https:\/\/insektenliebe.com\/de\/shop\/produkt\/flake-soil\/#primaryimage","url":"https:\/\/insektenliebe.com\/wp-content\/uploads\/2025\/05\/Flake-Soil-1-2.jpg","contentUrl":"https:\/\/insektenliebe.com\/wp-content\/uploads\/2025\/05\/Flake-Soil-1-2.jpg","width":820,"height":820,"caption":"Flake-Soil-1-2.jpg"},{"@type":"BreadcrumbList","@id":"https:\/\/insektenliebe.com\/de\/shop\/produkt\/flake-soil\/#breadcrumb","itemListElement":[{"@type":"ListItem","position":1,"name":"Startseite","item":"https:\/\/insektenliebe.com\/de\/"},{"@type":"ListItem","position":2,"name":"Shop","item":"https:\/\/insektenliebe.com\/de\/shop\/"},{"@type":"ListItem","position":3,"name":"Flake Soil"}]},{"@type":"WebSite","@id":"https:\/\/insektenliebe.com\/de\/#website","url":"https:\/\/insektenliebe.com\/de\/","name":"Insektenliebe","description":"Dein Zuhause f\u00fcr die kleinen Lebewesen","publisher":{"@id":"https:\/\/insektenliebe.com\/de\/#organization"},"potentialAction":[{"@type":"SearchAction","target":{"@type":"EntryPoint","urlTemplate":"https:\/\/insektenliebe.com\/de\/?s={search_term_string}"},"query-input":{"@type":"PropertyValueSpecification","valueRequired":true,"valueName":"search_term_string"}}],"inLanguage":"de"},{"@type":"Organization","@id":"https:\/\/insektenliebe.com\/de\/#organization","name":"Insektenliebe","url":"https:\/\/insektenliebe.com\/de\/","logo":{"@type":"ImageObject","inLanguage":"de","@id":"https:\/\/insektenliebe.com\/de\/#\/schema\/logo\/image\/","url":"https:\/\/insektenliebe.com\/wp-content\/uploads\/2025\/03\/logo-white.png","contentUrl":"https:\/\/insektenliebe.com\/wp-content\/uploads\/2025\/03\/logo-white.png","width":288,"height":188,"caption":"Insektenliebe"},"image":{"@id":"https:\/\/insektenliebe.com\/de\/#\/schema\/logo\/image\/"}}]}},"_links":{"self":[{"href":"https:\/\/insektenliebe.com\/de\/wp-json\/wp\/v2\/product\/4932","targetHints":{"allow":["GET"]}}],"collection":[{"href":"https:\/\/insektenliebe.com\/de\/wp-json\/wp\/v2\/product"}],"about":[{"href":"https:\/\/insektenliebe.com\/de\/wp-json\/wp\/v2\/types\/product"}],"wp:featuredmedia":[{"embeddable":true,"href":"https:\/\/insektenliebe.com\/de\/wp-json\/wp\/v2\/media\/4962"}],"wp:attachment":[{"href":"https:\/\/insektenliebe.com\/de\/wp-json\/wp\/v2\/media?parent=4932"}],"wp:term":[{"taxonomy":"product-supplier","embeddable":true,"href":"https:\/\/insektenliebe.com\/de\/wp-json\/wp\/v2\/product-supplier?post=4932"},{"taxonomy":"product_brand","embeddable":true,"href":"https:\/\/insektenliebe.com\/de\/wp-json\/wp\/v2\/product_brand?post=4932"},{"taxonomy":"product_cat","embeddable":true,"href":"https:\/\/insektenliebe.com\/de\/wp-json\/wp\/v2\/product_cat?post=4932"},{"taxonomy":"product_tag","embeddable":true,"href":"https:\/\/insektenliebe.com\/de\/wp-json\/wp\/v2\/product_tag?post=4932"},{"taxonomy":"lce-checkout-addons","embeddable":true,"href":"https:\/\/insektenliebe.com\/de\/wp-json\/wp\/v2\/lce-checkout-addons?post=4932"}],"curies":[{"name":"wp","href":"https:\/\/api.w.org\/{rel}","templated":true}]}}