{"id":4928,"date":"2020-09-11T13:05:44","date_gmt":"2020-09-11T13:05:44","guid":{"rendered":"http:\/\/localhost\/ins-test\/?post_type=product&#038;p=4928"},"modified":"2026-01-29T20:29:39","modified_gmt":"2026-01-29T19:29:39","slug":"tropidacris-collaris-riesenheuschrecke","status":"publish","type":"product","link":"https:\/\/insektenliebe.com\/de\/shop\/produkt\/tropidacris-collaris-riesenheuschrecke\/","title":{"rendered":"Tropidacris collaris \"Riesenheuschrecke\""},"content":{"rendered":"<p>Kurzbeschreibung zu Tropidacris collaris:<\/p>\n<p>Tropidacris collaris \"Riesenheuschrecke\" ben\u00f6tigen eine Temperatur von 22 bis 30 \u00b0C und eine Luftfeuchtigkeit zwischen 60 und 80 Prozent. Dies erreicht man, wenn man alle zwei Tage in das Terrarium spr\u00fcht. Die Wassermenge richtet sich an die Gr\u00f6\u00dfe des Terrariums und die Bel\u00fcftungsfl\u00e4chen. Tropidacris collaris \"Riesenheuschrecke\" sitzen tags\u00fcber gerne am h\u00f6chsten Punkt im Terrarium. Gefressen werden sehr gerne die ganzj\u00e4hrig leicht zu beschaffenden Brombeerbl\u00e4tter, wodurch sie als Terrarienpfleglinge sehr unkompliziert sind. Die Futterpflanzen werden als belaubte Zweige in am besten enghalsigen Vasen in das Terrarium gestellt. Die Eipakete, die 50-100 Eier enthalten, werden von den Weibchen in das Substrat gelegt. Dabei ist darauf zu achten, dass die H\u00f6he des Substrats 10 cm betr\u00e4gt. Die Eier haben eine Inkubationszeit von ca. 12 Monaten je nach Temperatur.<\/p>\n<p><strong>Luftfeuchtigkeit:\u00a0<\/strong>60-80%<\/p>\n<p><strong>Gr\u00f6\u00dfe:<\/strong><\/p>\n<ul>\n<li>Weibchen 9 cm<\/li>\n<li>M\u00e4nnchen 7 cm<\/li>\n<\/ul>\n<p><strong>Nahrung:\u00a0<\/strong><\/p>\n<ul>\n<li>Brombeerbl\u00e4tter<\/li>\n<li>Himbeerbl\u00e4tter<\/li>\n<li>Eichenbl\u00e4tter<\/li>\n<li>Haselnussbl\u00e4tter<\/li>\n<li>Rosenstrauchbl\u00e4tter<\/li>\n<\/ul>\n","protected":false},"excerpt":{"rendered":"<p>Eine ganz besondere Heuschrecke, die nicht nur durch ihre Gr\u00f6\u00dfe Akzente setzt.<\/p>\n","protected":false},"featured_media":4958,"template":"","meta":{"_acf_changed":false},"product-supplier":[],"product_brand":[],"product_cat":[143],"product_tag":[],"lce-checkout-addons":[1202],"class_list":{"0":"post-4928","1":"product","2":"type-product","3":"status-publish","4":"has-post-thumbnail","6":"product_cat-sonstige-wirbellose","7":"product_shipping_class-animal-shipping","8":"pa_herkunft-argentinien","9":"pa_herkunft-kolumbien","10":"pa_kontinent-suedamerika","11":"lce-checkout-addons-winterverpackung","13":"first","14":"outofstock","15":"taxable","16":"shipping-taxable","17":"product-type-variable","18":"has-default-attributes"},"acf":[],"yoast_head":"<!-- This site is optimized with the Yoast SEO Premium plugin v26.8 (Yoast SEO v27.3) - https:\/\/yoast.com\/product\/yoast-seo-premium-wordpress\/ -->\n<title>Tropidacris collaris &quot;Riesenheuschrecke&quot; - Insektenliebe<\/title>\n<meta name=\"description\" content=\"G\u00fcnstige Tropidacris collaris &quot;Riesenheuschrecke&quot; direkt online kaufen. Eine wundersch\u00f6ne Heuschrecke die man direkt vom Z\u00fcchter kaufen kann.\" \/>\n<meta name=\"robots\" content=\"index, follow, max-snippet:-1, max-image-preview:large, max-video-preview:-1\" \/>\n<link rel=\"canonical\" href=\"https:\/\/insektenliebe.com\/de\/shop\/produkt\/tropidacris-collaris-riesenheuschrecke\/\" \/>\n<meta property=\"og:locale\" content=\"de_DE\" \/>\n<meta property=\"og:type\" content=\"article\" \/>\n<meta property=\"og:title\" content=\"Tropidacris collaris &quot;Riesenheuschrecke&quot;\" \/>\n<meta property=\"og:description\" content=\"G\u00fcnstige Tropidacris collaris &quot;Riesenheuschrecke&quot; direkt online kaufen. Eine wundersch\u00f6ne Heuschrecke die man direkt vom Z\u00fcchter kaufen kann.\" \/>\n<meta property=\"og:url\" content=\"https:\/\/insektenliebe.com\/de\/shop\/produkt\/tropidacris-collaris-riesenheuschrecke\/\" \/>\n<meta property=\"og:site_name\" content=\"Insektenliebe\" \/>\n<meta property=\"article:modified_time\" content=\"2026-01-29T19:29:39+00:00\" \/>\n<meta property=\"og:image\" content=\"https:\/\/insektenliebe.com\/wp-content\/uploads\/2025\/05\/Tropidacris-collaris-2.jpg\" \/>\n\t<meta property=\"og:image:width\" content=\"820\" \/>\n\t<meta property=\"og:image:height\" content=\"820\" \/>\n\t<meta property=\"og:image:type\" content=\"image\/jpeg\" \/>\n<meta name=\"twitter:card\" content=\"summary_large_image\" \/>\n<meta name=\"twitter:label1\" content=\"Verf\u00fcgbarkeit\" \/>\n\t<meta name=\"twitter:data1\" content=\"ausverkauft\" \/>\n<script type=\"application\/ld+json\" class=\"yoast-schema-graph\">{\"@context\":\"https:\\\/\\\/schema.org\",\"@graph\":[{\"@type\":\"WebPage\",\"@id\":\"https:\\\/\\\/insektenliebe.com\\\/de\\\/shop\\\/produkt\\\/tropidacris-collaris-riesenheuschrecke\\\/\",\"url\":\"https:\\\/\\\/insektenliebe.com\\\/de\\\/shop\\\/produkt\\\/tropidacris-collaris-riesenheuschrecke\\\/\",\"name\":\"Tropidacris collaris \\\"Riesenheuschrecke\\\" - Insektenliebe\",\"isPartOf\":{\"@id\":\"https:\\\/\\\/insektenliebe.com\\\/de\\\/#website\"},\"primaryImageOfPage\":{\"@id\":\"https:\\\/\\\/insektenliebe.com\\\/de\\\/shop\\\/produkt\\\/tropidacris-collaris-riesenheuschrecke\\\/#primaryimage\"},\"image\":{\"@id\":\"https:\\\/\\\/insektenliebe.com\\\/de\\\/shop\\\/produkt\\\/tropidacris-collaris-riesenheuschrecke\\\/#primaryimage\"},\"thumbnailUrl\":\"https:\\\/\\\/insektenliebe.com\\\/wp-content\\\/uploads\\\/2025\\\/05\\\/Tropidacris-collaris-2.jpg\",\"datePublished\":\"2020-09-11T13:05:44+00:00\",\"dateModified\":\"2026-01-29T19:29:39+00:00\",\"description\":\"G\u00fcnstige Tropidacris collaris \\\"Riesenheuschrecke\\\" direkt online kaufen. Eine wundersch\u00f6ne Heuschrecke die man direkt vom Z\u00fcchter kaufen kann.\",\"breadcrumb\":{\"@id\":\"https:\\\/\\\/insektenliebe.com\\\/de\\\/shop\\\/produkt\\\/tropidacris-collaris-riesenheuschrecke\\\/#breadcrumb\"},\"inLanguage\":\"de\",\"potentialAction\":[{\"@type\":\"ReadAction\",\"target\":[\"https:\\\/\\\/insektenliebe.com\\\/de\\\/shop\\\/produkt\\\/tropidacris-collaris-riesenheuschrecke\\\/\"]}]},{\"@type\":\"ImageObject\",\"inLanguage\":\"de\",\"@id\":\"https:\\\/\\\/insektenliebe.com\\\/de\\\/shop\\\/produkt\\\/tropidacris-collaris-riesenheuschrecke\\\/#primaryimage\",\"url\":\"https:\\\/\\\/insektenliebe.com\\\/wp-content\\\/uploads\\\/2025\\\/05\\\/Tropidacris-collaris-2.jpg\",\"contentUrl\":\"https:\\\/\\\/insektenliebe.com\\\/wp-content\\\/uploads\\\/2025\\\/05\\\/Tropidacris-collaris-2.jpg\",\"width\":820,\"height\":820,\"caption\":\"Tropidacris-collaris-2.jpg\"},{\"@type\":\"BreadcrumbList\",\"@id\":\"https:\\\/\\\/insektenliebe.com\\\/de\\\/shop\\\/produkt\\\/tropidacris-collaris-riesenheuschrecke\\\/#breadcrumb\",\"itemListElement\":[{\"@type\":\"ListItem\",\"position\":1,\"name\":\"Startseite\",\"item\":\"https:\\\/\\\/insektenliebe.com\\\/de\\\/\"},{\"@type\":\"ListItem\",\"position\":2,\"name\":\"Shop\",\"item\":\"https:\\\/\\\/insektenliebe.com\\\/de\\\/shop\\\/\"},{\"@type\":\"ListItem\",\"position\":3,\"name\":\"Tropidacris collaris &#8222;Riesenheuschrecke&#8220;\"}]},{\"@type\":\"WebSite\",\"@id\":\"https:\\\/\\\/insektenliebe.com\\\/de\\\/#website\",\"url\":\"https:\\\/\\\/insektenliebe.com\\\/de\\\/\",\"name\":\"Insektenliebe\",\"description\":\"Dein Zuhause f\u00fcr die kleinen Lebewesen\",\"publisher\":{\"@id\":\"https:\\\/\\\/insektenliebe.com\\\/de\\\/#organization\"},\"potentialAction\":[{\"@type\":\"SearchAction\",\"target\":{\"@type\":\"EntryPoint\",\"urlTemplate\":\"https:\\\/\\\/insektenliebe.com\\\/de\\\/?s={search_term_string}\"},\"query-input\":{\"@type\":\"PropertyValueSpecification\",\"valueRequired\":true,\"valueName\":\"search_term_string\"}}],\"inLanguage\":\"de\"},{\"@type\":\"Organization\",\"@id\":\"https:\\\/\\\/insektenliebe.com\\\/de\\\/#organization\",\"name\":\"Insektenliebe\",\"url\":\"https:\\\/\\\/insektenliebe.com\\\/de\\\/\",\"logo\":{\"@type\":\"ImageObject\",\"inLanguage\":\"de\",\"@id\":\"https:\\\/\\\/insektenliebe.com\\\/de\\\/#\\\/schema\\\/logo\\\/image\\\/\",\"url\":\"https:\\\/\\\/insektenliebe.com\\\/wp-content\\\/uploads\\\/2025\\\/03\\\/logo-white.png\",\"contentUrl\":\"https:\\\/\\\/insektenliebe.com\\\/wp-content\\\/uploads\\\/2025\\\/03\\\/logo-white.png\",\"width\":288,\"height\":188,\"caption\":\"Insektenliebe\"},\"image\":{\"@id\":\"https:\\\/\\\/insektenliebe.com\\\/de\\\/#\\\/schema\\\/logo\\\/image\\\/\"}}]}<\/script>\n<meta property=\"og:availability\" content=\"out of stock\" \/>\n<meta property=\"product:availability\" content=\"out of stock\" \/>\n<meta property=\"product:retailer_item_id\" content=\"185\" \/>\n<meta property=\"product:condition\" content=\"new\" \/>\n<!-- \/ Yoast SEO Premium plugin. -->","yoast_head_json":{"title":"Tropidacris collaris \"Riesenheuschrecke\" - Insektenliebe","description":"G\u00fcnstige Tropidacris collaris \"Riesenheuschrecke\" direkt online kaufen. Eine wundersch\u00f6ne Heuschrecke die man direkt vom Z\u00fcchter kaufen kann.","robots":{"index":"index","follow":"follow","max-snippet":"max-snippet:-1","max-image-preview":"max-image-preview:large","max-video-preview":"max-video-preview:-1"},"canonical":"https:\/\/insektenliebe.com\/de\/shop\/produkt\/tropidacris-collaris-riesenheuschrecke\/","og_locale":"de_DE","og_type":"article","og_title":"Tropidacris collaris \"Riesenheuschrecke\"","og_description":"G\u00fcnstige Tropidacris collaris \"Riesenheuschrecke\" direkt online kaufen. Eine wundersch\u00f6ne Heuschrecke die man direkt vom Z\u00fcchter kaufen kann.","og_url":"https:\/\/insektenliebe.com\/de\/shop\/produkt\/tropidacris-collaris-riesenheuschrecke\/","og_site_name":"Insektenliebe","article_modified_time":"2026-01-29T19:29:39+00:00","og_image":[{"width":820,"height":820,"url":"https:\/\/insektenliebe.com\/wp-content\/uploads\/2025\/05\/Tropidacris-collaris-2.jpg","type":"image\/jpeg"}],"twitter_card":"summary_large_image","twitter_misc":{"Verf\u00fcgbarkeit":"ausverkauft"},"schema":{"@context":"https:\/\/schema.org","@graph":[{"@type":"WebPage","@id":"https:\/\/insektenliebe.com\/de\/shop\/produkt\/tropidacris-collaris-riesenheuschrecke\/","url":"https:\/\/insektenliebe.com\/de\/shop\/produkt\/tropidacris-collaris-riesenheuschrecke\/","name":"Tropidacris collaris \"Riesenheuschrecke\" - Insektenliebe","isPartOf":{"@id":"https:\/\/insektenliebe.com\/de\/#website"},"primaryImageOfPage":{"@id":"https:\/\/insektenliebe.com\/de\/shop\/produkt\/tropidacris-collaris-riesenheuschrecke\/#primaryimage"},"image":{"@id":"https:\/\/insektenliebe.com\/de\/shop\/produkt\/tropidacris-collaris-riesenheuschrecke\/#primaryimage"},"thumbnailUrl":"https:\/\/insektenliebe.com\/wp-content\/uploads\/2025\/05\/Tropidacris-collaris-2.jpg","datePublished":"2020-09-11T13:05:44+00:00","dateModified":"2026-01-29T19:29:39+00:00","description":"G\u00fcnstige Tropidacris collaris \"Riesenheuschrecke\" direkt online kaufen. Eine wundersch\u00f6ne Heuschrecke die man direkt vom Z\u00fcchter kaufen kann.","breadcrumb":{"@id":"https:\/\/insektenliebe.com\/de\/shop\/produkt\/tropidacris-collaris-riesenheuschrecke\/#breadcrumb"},"inLanguage":"de","potentialAction":[{"@type":"ReadAction","target":["https:\/\/insektenliebe.com\/de\/shop\/produkt\/tropidacris-collaris-riesenheuschrecke\/"]}]},{"@type":"ImageObject","inLanguage":"de","@id":"https:\/\/insektenliebe.com\/de\/shop\/produkt\/tropidacris-collaris-riesenheuschrecke\/#primaryimage","url":"https:\/\/insektenliebe.com\/wp-content\/uploads\/2025\/05\/Tropidacris-collaris-2.jpg","contentUrl":"https:\/\/insektenliebe.com\/wp-content\/uploads\/2025\/05\/Tropidacris-collaris-2.jpg","width":820,"height":820,"caption":"Tropidacris-collaris-2.jpg"},{"@type":"BreadcrumbList","@id":"https:\/\/insektenliebe.com\/de\/shop\/produkt\/tropidacris-collaris-riesenheuschrecke\/#breadcrumb","itemListElement":[{"@type":"ListItem","position":1,"name":"Startseite","item":"https:\/\/insektenliebe.com\/de\/"},{"@type":"ListItem","position":2,"name":"Shop","item":"https:\/\/insektenliebe.com\/de\/shop\/"},{"@type":"ListItem","position":3,"name":"Tropidacris collaris &#8222;Riesenheuschrecke&#8220;"}]},{"@type":"WebSite","@id":"https:\/\/insektenliebe.com\/de\/#website","url":"https:\/\/insektenliebe.com\/de\/","name":"Insektenliebe","description":"Dein Zuhause f\u00fcr die kleinen Lebewesen","publisher":{"@id":"https:\/\/insektenliebe.com\/de\/#organization"},"potentialAction":[{"@type":"SearchAction","target":{"@type":"EntryPoint","urlTemplate":"https:\/\/insektenliebe.com\/de\/?s={search_term_string}"},"query-input":{"@type":"PropertyValueSpecification","valueRequired":true,"valueName":"search_term_string"}}],"inLanguage":"de"},{"@type":"Organization","@id":"https:\/\/insektenliebe.com\/de\/#organization","name":"Insektenliebe","url":"https:\/\/insektenliebe.com\/de\/","logo":{"@type":"ImageObject","inLanguage":"de","@id":"https:\/\/insektenliebe.com\/de\/#\/schema\/logo\/image\/","url":"https:\/\/insektenliebe.com\/wp-content\/uploads\/2025\/03\/logo-white.png","contentUrl":"https:\/\/insektenliebe.com\/wp-content\/uploads\/2025\/03\/logo-white.png","width":288,"height":188,"caption":"Insektenliebe"},"image":{"@id":"https:\/\/insektenliebe.com\/de\/#\/schema\/logo\/image\/"}}]},"og_availability":"out of stock","product_availability":"out of stock","product_retailer_item_id":"185","product_condition":"new"},"_links":{"self":[{"href":"https:\/\/insektenliebe.com\/de\/wp-json\/wp\/v2\/product\/4928","targetHints":{"allow":["GET"]}}],"collection":[{"href":"https:\/\/insektenliebe.com\/de\/wp-json\/wp\/v2\/product"}],"about":[{"href":"https:\/\/insektenliebe.com\/de\/wp-json\/wp\/v2\/types\/product"}],"wp:featuredmedia":[{"embeddable":true,"href":"https:\/\/insektenliebe.com\/de\/wp-json\/wp\/v2\/media\/4958"}],"wp:attachment":[{"href":"https:\/\/insektenliebe.com\/de\/wp-json\/wp\/v2\/media?parent=4928"}],"wp:term":[{"taxonomy":"product-supplier","embeddable":true,"href":"https:\/\/insektenliebe.com\/de\/wp-json\/wp\/v2\/product-supplier?post=4928"},{"taxonomy":"product_brand","embeddable":true,"href":"https:\/\/insektenliebe.com\/de\/wp-json\/wp\/v2\/product_brand?post=4928"},{"taxonomy":"product_cat","embeddable":true,"href":"https:\/\/insektenliebe.com\/de\/wp-json\/wp\/v2\/product_cat?post=4928"},{"taxonomy":"product_tag","embeddable":true,"href":"https:\/\/insektenliebe.com\/de\/wp-json\/wp\/v2\/product_tag?post=4928"},{"taxonomy":"lce-checkout-addons","embeddable":true,"href":"https:\/\/insektenliebe.com\/de\/wp-json\/wp\/v2\/lce-checkout-addons?post=4928"}],"curies":[{"name":"wp","href":"https:\/\/api.w.org\/{rel}","templated":true}]}}