{"id":4927,"date":"2020-09-10T15:07:55","date_gmt":"2020-09-10T15:07:55","guid":{"rendered":"http:\/\/localhost\/ins-test\/?post_type=product&#038;p=4927"},"modified":"2026-02-10T20:43:13","modified_gmt":"2026-02-10T19:43:13","slug":"grashuepfer-tennissocken","status":"publish","type":"product","link":"https:\/\/insektenliebe.com\/de\/shop\/produkt\/grashuepfer-tennissocken\/","title":{"rendered":"Grash\u00fcpfer Tennissocken"},"content":{"rendered":"<p>Heuschrecken sind in vielen L\u00e4ndern ein Gl\u00fcckssymbol, weil sie nur vorw\u00e4rts und nicht r\u00fcckw\u00e4rts springen k\u00f6nnen! Wir finden dazu passt unser Insektenliebe Logo wunderbar auf ein Paar Socken. Unsere Grash\u00fcpfer Tennissocken sehen nicht nur stylisch aus, sondern tragen euch bequem zur\u00fcck in die 90er Fashion-Welt.<\/p>\n<p><span style=\"font-size: 14.4px\">Unsere<\/span><span style=\"font-size: 14.4px\"> Grash\u00fcpfer Tennissocken sind Unisex und Made in Germany!<\/span><\/p>\n<p>Material: 82% Baumwolle, 10% Polyamid, 8% Gummi<\/p>\n<p>EU Schuhgr\u00f6\u00dfen<\/p>\n","protected":false},"excerpt":{"rendered":"<p>The 90&#8217;s are back, Baby!<\/p>\n","protected":false},"featured_media":4957,"template":"","meta":{"_acf_changed":false},"product-supplier":[],"product_brand":[],"product_cat":[183],"product_tag":[],"lce-checkout-addons":[],"class_list":{"0":"post-4927","1":"product","2":"type-product","3":"status-publish","4":"has-post-thumbnail","6":"product_cat-merchandising-literatur","7":"product_shipping_class-equipment-shipping","9":"first","10":"instock","11":"taxable","12":"shipping-taxable","13":"purchasable","14":"product-type-variable"},"acf":[],"yoast_head":"<!-- This site is optimized with the Yoast SEO plugin v27.3 - https:\/\/yoast.com\/product\/yoast-seo-wordpress\/ -->\n<title>Grash\u00fcpfer Tennissocken - Insektenliebe<\/title>\n<meta name=\"description\" content=\"Grash\u00fcpfer Tennissocken im Shop online g\u00fcnstig kaufen. Du suchst ein einzigartiges Paar Socken? Dann besuche unsere Webseite!\" \/>\n<meta name=\"robots\" content=\"index, follow, max-snippet:-1, max-image-preview:large, max-video-preview:-1\" \/>\n<link rel=\"canonical\" href=\"https:\/\/insektenliebe.com\/de\/shop\/produkt\/grashuepfer-tennissocken\/\" \/>\n<meta property=\"og:locale\" content=\"de_DE\" \/>\n<meta property=\"og:type\" content=\"article\" \/>\n<meta property=\"og:title\" content=\"Grash\u00fcpfer Tennissocken - Insektenliebe\" \/>\n<meta property=\"og:description\" content=\"Grash\u00fcpfer Tennissocken im Shop online g\u00fcnstig kaufen. Du suchst ein einzigartiges Paar Socken? Dann besuche unsere Webseite!\" \/>\n<meta property=\"og:url\" content=\"https:\/\/insektenliebe.com\/de\/shop\/produkt\/grashuepfer-tennissocken\/\" \/>\n<meta property=\"og:site_name\" content=\"Insektenliebe\" \/>\n<meta property=\"article:modified_time\" content=\"2026-02-10T19:43:13+00:00\" \/>\n<meta property=\"og:image\" content=\"https:\/\/insektenliebe.com\/wp-content\/uploads\/2025\/05\/Insektenliebe-Tennissocken-1-2.jpg\" \/>\n\t<meta property=\"og:image:width\" content=\"820\" \/>\n\t<meta property=\"og:image:height\" content=\"820\" \/>\n\t<meta property=\"og:image:type\" content=\"image\/jpeg\" \/>\n<meta name=\"twitter:card\" content=\"summary_large_image\" \/>\n<meta name=\"twitter:label1\" content=\"Gesch\u00e4tzte Lesezeit\" \/>\n\t<meta name=\"twitter:data1\" content=\"1\u00a0Minute\" \/>\n<script type=\"application\/ld+json\" class=\"yoast-schema-graph\">{\"@context\":\"https:\\\/\\\/schema.org\",\"@graph\":[{\"@type\":\"WebPage\",\"@id\":\"https:\\\/\\\/insektenliebe.com\\\/de\\\/shop\\\/produkt\\\/grashuepfer-tennissocken\\\/\",\"url\":\"https:\\\/\\\/insektenliebe.com\\\/de\\\/shop\\\/produkt\\\/grashuepfer-tennissocken\\\/\",\"name\":\"Grash\u00fcpfer Tennissocken - Insektenliebe\",\"isPartOf\":{\"@id\":\"https:\\\/\\\/insektenliebe.com\\\/de\\\/#website\"},\"primaryImageOfPage\":{\"@id\":\"https:\\\/\\\/insektenliebe.com\\\/de\\\/shop\\\/produkt\\\/grashuepfer-tennissocken\\\/#primaryimage\"},\"image\":{\"@id\":\"https:\\\/\\\/insektenliebe.com\\\/de\\\/shop\\\/produkt\\\/grashuepfer-tennissocken\\\/#primaryimage\"},\"thumbnailUrl\":\"https:\\\/\\\/insektenliebe.com\\\/wp-content\\\/uploads\\\/2025\\\/05\\\/Insektenliebe-Tennissocken-1-2.jpg\",\"datePublished\":\"2020-09-10T15:07:55+00:00\",\"dateModified\":\"2026-02-10T19:43:13+00:00\",\"description\":\"Grash\u00fcpfer Tennissocken im Shop online g\u00fcnstig kaufen. Du suchst ein einzigartiges Paar Socken? Dann besuche unsere Webseite!\",\"breadcrumb\":{\"@id\":\"https:\\\/\\\/insektenliebe.com\\\/de\\\/shop\\\/produkt\\\/grashuepfer-tennissocken\\\/#breadcrumb\"},\"inLanguage\":\"de\",\"potentialAction\":[{\"@type\":\"ReadAction\",\"target\":[\"https:\\\/\\\/insektenliebe.com\\\/de\\\/shop\\\/produkt\\\/grashuepfer-tennissocken\\\/\"]}]},{\"@type\":\"ImageObject\",\"inLanguage\":\"de\",\"@id\":\"https:\\\/\\\/insektenliebe.com\\\/de\\\/shop\\\/produkt\\\/grashuepfer-tennissocken\\\/#primaryimage\",\"url\":\"https:\\\/\\\/insektenliebe.com\\\/wp-content\\\/uploads\\\/2025\\\/05\\\/Insektenliebe-Tennissocken-1-2.jpg\",\"contentUrl\":\"https:\\\/\\\/insektenliebe.com\\\/wp-content\\\/uploads\\\/2025\\\/05\\\/Insektenliebe-Tennissocken-1-2.jpg\",\"width\":820,\"height\":820,\"caption\":\"Insektenliebe-Tennissocken-1-2.jpg\"},{\"@type\":\"BreadcrumbList\",\"@id\":\"https:\\\/\\\/insektenliebe.com\\\/de\\\/shop\\\/produkt\\\/grashuepfer-tennissocken\\\/#breadcrumb\",\"itemListElement\":[{\"@type\":\"ListItem\",\"position\":1,\"name\":\"Startseite\",\"item\":\"https:\\\/\\\/insektenliebe.com\\\/de\\\/\"},{\"@type\":\"ListItem\",\"position\":2,\"name\":\"Shop\",\"item\":\"https:\\\/\\\/insektenliebe.com\\\/de\\\/shop\\\/\"},{\"@type\":\"ListItem\",\"position\":3,\"name\":\"Grash\u00fcpfer Tennissocken\"}]},{\"@type\":\"WebSite\",\"@id\":\"https:\\\/\\\/insektenliebe.com\\\/de\\\/#website\",\"url\":\"https:\\\/\\\/insektenliebe.com\\\/de\\\/\",\"name\":\"Insektenliebe\",\"description\":\"Dein Zuhause f\u00fcr die kleinen Lebewesen\",\"publisher\":{\"@id\":\"https:\\\/\\\/insektenliebe.com\\\/de\\\/#organization\"},\"potentialAction\":[{\"@type\":\"SearchAction\",\"target\":{\"@type\":\"EntryPoint\",\"urlTemplate\":\"https:\\\/\\\/insektenliebe.com\\\/de\\\/?s={search_term_string}\"},\"query-input\":{\"@type\":\"PropertyValueSpecification\",\"valueRequired\":true,\"valueName\":\"search_term_string\"}}],\"inLanguage\":\"de\"},{\"@type\":\"Organization\",\"@id\":\"https:\\\/\\\/insektenliebe.com\\\/de\\\/#organization\",\"name\":\"Insektenliebe\",\"url\":\"https:\\\/\\\/insektenliebe.com\\\/de\\\/\",\"logo\":{\"@type\":\"ImageObject\",\"inLanguage\":\"de\",\"@id\":\"https:\\\/\\\/insektenliebe.com\\\/de\\\/#\\\/schema\\\/logo\\\/image\\\/\",\"url\":\"https:\\\/\\\/insektenliebe.com\\\/wp-content\\\/uploads\\\/2025\\\/03\\\/logo-white.png\",\"contentUrl\":\"https:\\\/\\\/insektenliebe.com\\\/wp-content\\\/uploads\\\/2025\\\/03\\\/logo-white.png\",\"width\":288,\"height\":188,\"caption\":\"Insektenliebe\"},\"image\":{\"@id\":\"https:\\\/\\\/insektenliebe.com\\\/de\\\/#\\\/schema\\\/logo\\\/image\\\/\"}}]}<\/script>\n<!-- \/ Yoast SEO plugin. -->","yoast_head_json":{"title":"Grash\u00fcpfer Tennissocken - Insektenliebe","description":"Grash\u00fcpfer Tennissocken im Shop online g\u00fcnstig kaufen. Du suchst ein einzigartiges Paar Socken? Dann besuche unsere Webseite!","robots":{"index":"index","follow":"follow","max-snippet":"max-snippet:-1","max-image-preview":"max-image-preview:large","max-video-preview":"max-video-preview:-1"},"canonical":"https:\/\/insektenliebe.com\/de\/shop\/produkt\/grashuepfer-tennissocken\/","og_locale":"de_DE","og_type":"article","og_title":"Grash\u00fcpfer Tennissocken - Insektenliebe","og_description":"Grash\u00fcpfer Tennissocken im Shop online g\u00fcnstig kaufen. Du suchst ein einzigartiges Paar Socken? Dann besuche unsere Webseite!","og_url":"https:\/\/insektenliebe.com\/de\/shop\/produkt\/grashuepfer-tennissocken\/","og_site_name":"Insektenliebe","article_modified_time":"2026-02-10T19:43:13+00:00","og_image":[{"width":820,"height":820,"url":"https:\/\/insektenliebe.com\/wp-content\/uploads\/2025\/05\/Insektenliebe-Tennissocken-1-2.jpg","type":"image\/jpeg"}],"twitter_card":"summary_large_image","twitter_misc":{"Gesch\u00e4tzte Lesezeit":"1\u00a0Minute"},"schema":{"@context":"https:\/\/schema.org","@graph":[{"@type":"WebPage","@id":"https:\/\/insektenliebe.com\/de\/shop\/produkt\/grashuepfer-tennissocken\/","url":"https:\/\/insektenliebe.com\/de\/shop\/produkt\/grashuepfer-tennissocken\/","name":"Grash\u00fcpfer Tennissocken - Insektenliebe","isPartOf":{"@id":"https:\/\/insektenliebe.com\/de\/#website"},"primaryImageOfPage":{"@id":"https:\/\/insektenliebe.com\/de\/shop\/produkt\/grashuepfer-tennissocken\/#primaryimage"},"image":{"@id":"https:\/\/insektenliebe.com\/de\/shop\/produkt\/grashuepfer-tennissocken\/#primaryimage"},"thumbnailUrl":"https:\/\/insektenliebe.com\/wp-content\/uploads\/2025\/05\/Insektenliebe-Tennissocken-1-2.jpg","datePublished":"2020-09-10T15:07:55+00:00","dateModified":"2026-02-10T19:43:13+00:00","description":"Grash\u00fcpfer Tennissocken im Shop online g\u00fcnstig kaufen. Du suchst ein einzigartiges Paar Socken? Dann besuche unsere Webseite!","breadcrumb":{"@id":"https:\/\/insektenliebe.com\/de\/shop\/produkt\/grashuepfer-tennissocken\/#breadcrumb"},"inLanguage":"de","potentialAction":[{"@type":"ReadAction","target":["https:\/\/insektenliebe.com\/de\/shop\/produkt\/grashuepfer-tennissocken\/"]}]},{"@type":"ImageObject","inLanguage":"de","@id":"https:\/\/insektenliebe.com\/de\/shop\/produkt\/grashuepfer-tennissocken\/#primaryimage","url":"https:\/\/insektenliebe.com\/wp-content\/uploads\/2025\/05\/Insektenliebe-Tennissocken-1-2.jpg","contentUrl":"https:\/\/insektenliebe.com\/wp-content\/uploads\/2025\/05\/Insektenliebe-Tennissocken-1-2.jpg","width":820,"height":820,"caption":"Insektenliebe-Tennissocken-1-2.jpg"},{"@type":"BreadcrumbList","@id":"https:\/\/insektenliebe.com\/de\/shop\/produkt\/grashuepfer-tennissocken\/#breadcrumb","itemListElement":[{"@type":"ListItem","position":1,"name":"Startseite","item":"https:\/\/insektenliebe.com\/de\/"},{"@type":"ListItem","position":2,"name":"Shop","item":"https:\/\/insektenliebe.com\/de\/shop\/"},{"@type":"ListItem","position":3,"name":"Grash\u00fcpfer Tennissocken"}]},{"@type":"WebSite","@id":"https:\/\/insektenliebe.com\/de\/#website","url":"https:\/\/insektenliebe.com\/de\/","name":"Insektenliebe","description":"Dein Zuhause f\u00fcr die kleinen Lebewesen","publisher":{"@id":"https:\/\/insektenliebe.com\/de\/#organization"},"potentialAction":[{"@type":"SearchAction","target":{"@type":"EntryPoint","urlTemplate":"https:\/\/insektenliebe.com\/de\/?s={search_term_string}"},"query-input":{"@type":"PropertyValueSpecification","valueRequired":true,"valueName":"search_term_string"}}],"inLanguage":"de"},{"@type":"Organization","@id":"https:\/\/insektenliebe.com\/de\/#organization","name":"Insektenliebe","url":"https:\/\/insektenliebe.com\/de\/","logo":{"@type":"ImageObject","inLanguage":"de","@id":"https:\/\/insektenliebe.com\/de\/#\/schema\/logo\/image\/","url":"https:\/\/insektenliebe.com\/wp-content\/uploads\/2025\/03\/logo-white.png","contentUrl":"https:\/\/insektenliebe.com\/wp-content\/uploads\/2025\/03\/logo-white.png","width":288,"height":188,"caption":"Insektenliebe"},"image":{"@id":"https:\/\/insektenliebe.com\/de\/#\/schema\/logo\/image\/"}}]}},"_links":{"self":[{"href":"https:\/\/insektenliebe.com\/de\/wp-json\/wp\/v2\/product\/4927","targetHints":{"allow":["GET"]}}],"collection":[{"href":"https:\/\/insektenliebe.com\/de\/wp-json\/wp\/v2\/product"}],"about":[{"href":"https:\/\/insektenliebe.com\/de\/wp-json\/wp\/v2\/types\/product"}],"wp:featuredmedia":[{"embeddable":true,"href":"https:\/\/insektenliebe.com\/de\/wp-json\/wp\/v2\/media\/4957"}],"wp:attachment":[{"href":"https:\/\/insektenliebe.com\/de\/wp-json\/wp\/v2\/media?parent=4927"}],"wp:term":[{"taxonomy":"product-supplier","embeddable":true,"href":"https:\/\/insektenliebe.com\/de\/wp-json\/wp\/v2\/product-supplier?post=4927"},{"taxonomy":"product_brand","embeddable":true,"href":"https:\/\/insektenliebe.com\/de\/wp-json\/wp\/v2\/product_brand?post=4927"},{"taxonomy":"product_cat","embeddable":true,"href":"https:\/\/insektenliebe.com\/de\/wp-json\/wp\/v2\/product_cat?post=4927"},{"taxonomy":"product_tag","embeddable":true,"href":"https:\/\/insektenliebe.com\/de\/wp-json\/wp\/v2\/product_tag?post=4927"},{"taxonomy":"lce-checkout-addons","embeddable":true,"href":"https:\/\/insektenliebe.com\/de\/wp-json\/wp\/v2\/lce-checkout-addons?post=4927"}],"curies":[{"name":"wp","href":"https:\/\/api.w.org\/{rel}","templated":true}]}}