{"id":4893,"date":"2020-08-14T08:54:33","date_gmt":"2020-08-14T08:54:33","guid":{"rendered":"http:\/\/localhost\/ins-test\/?post_type=product&#038;p=4893"},"modified":"2026-03-08T16:47:41","modified_gmt":"2026-03-08T15:47:41","slug":"seemandelbaumblaetter","status":"publish","type":"product","link":"https:\/\/insektenliebe.com\/de\/shop\/produkt\/seemandelbaumblaetter\/","title":{"rendered":"Seemandelbaumbl\u00e4tter"},"content":{"rendered":"<h3><span class=\"s1\" style=\"color: #99cc33;\">Seemandelbaumbl\u00e4tter f\u00fcr ein stabiles Bodenklima<\/span><\/h3>\n<p class=\"p1\"><strong><span class=\"s1\">Seemandelbaumbl\u00e4tter<\/span><\/strong><span class=\"s2\"> sind ein vielseitiges Naturprodukt und eine wertvolle Erg\u00e4nzung f\u00fcr viele Terrarien. Sie sorgen nicht nur f\u00fcr eine nat\u00fcrliche Optik, sondern unterst\u00fctzen gleichzeitig das <\/span><span class=\"s1\">\u00f6kologische Gleichgewicht im Terrarium<\/span><span class=\"s2\">.<\/span><\/p>\n<p class=\"p1\"><span class=\"s2\">Die Bl\u00e4tter sind besonders beliebt als <\/span><span class=\"s1\">Deckschicht auf dem Bodensubstrat<\/span><span class=\"s2\">. Dadurch entsteht eine Umgebung, die dem nat\u00fcrlichen Lebensraum vieler tropischer Tiere sehr nahekommt. Gleichzeitig verhindert die Laubschicht, dass das Substrat zu schnell austrocknet.<\/span><\/p>\n<p class=\"p1\"><span class=\"s2\">Unsere <\/span><span class=\"s1\">Nano <strong>Seemandelbaumbl\u00e4tter<\/strong><\/span><span class=\"s2\"> sind speziell f\u00fcr <\/span><span class=\"s1\">kleinere Terrarien, Aufzuchtboxen oder BraPlast-Dosen<\/span><span class=\"s2\"> geeignet. Sie werden aus gro\u00dfen <strong>Seemandelbaumbl\u00e4ttern<\/strong> gestanzt und besitzen dadurch eine <\/span><span class=\"s1\">gleichm\u00e4\u00dfige Form und Gr\u00f6\u00dfe<\/span><span class=\"s2\">. Dadurch lassen sie sich besonders einfach im Terrarium platzieren.<\/span><\/p>\n<p class=\"p1\"><span class=\"s2\">In der Aquaristik werden <strong>Seemandelbaumbl\u00e4tter<\/strong> bereits seit vielen Jahren eingesetzt. Sie enthalten <\/span><span class=\"s1\">hohe Mengen an Gerbstoffen<\/span><span class=\"s2\">, die eine <\/span><span class=\"s1\">pH-senkende Wirkung<\/span><span class=\"s2\"> haben k\u00f6nnen. Gleichzeitig wirken diese nat\u00fcrlichen Stoffe <\/span><span class=\"s1\">hemmend auf Pilze und Bakterien<\/span><span class=\"s2\">.<\/span><\/p>\n<p class=\"p1\"><span class=\"s2\">Auch im Terrarium k\u00f6nnen diese Eigenschaften von Vorteil sein. Die Bl\u00e4tter geben langsam <\/span><span class=\"s1\">Gerb- und Huminstoffe<\/span><span class=\"s2\"> ab und unterst\u00fctzen so ein <\/span><span class=\"s1\">nat\u00fcrliches Gleichgewicht im Bodensubstrat<\/span><span class=\"s2\">. Dadurch kann das Risiko von Verpilzungen reduziert werden.<\/span><\/p>\n<p class=\"p1\"><span class=\"s2\">Dar\u00fcber hinaus sind <strong>Seemandelbaumbl\u00e4tter<\/strong> eine <\/span><span class=\"s1\">wertvolle Nahrungserg\u00e4nzung f\u00fcr viele Wirbellose<\/span><span class=\"s2\">. Besonders <\/span><span class=\"s1\">Asseln, Tausendf\u00fc\u00dfer, Schnecken, Krabben und Krebse<\/span><span class=\"s2\"> nehmen die Bl\u00e4tter gerne an.<\/span><\/p>\n<p class=\"p1\"><span class=\"s2\">Nach einiger Zeit bildet sich auf der Oberfl\u00e4che der Bl\u00e4tter ein <\/span><span class=\"s1\">Biofilm<\/span><span class=\"s2\">, der von vielen Bodenbewohnern besonders gerne gefressen wird. Sp\u00e4ter beginnen die Tiere h\u00e4ufig auch damit, das Blattgewebe selbst zu zersetzen und zu fressen.<\/span><\/p>\n<p class=\"p1\"><span class=\"s2\">Neben ihren funktionalen Eigenschaften wirken <strong>Seemandelbaumbl\u00e4tter<\/strong> auch als <\/span><span class=\"s1\">nat\u00fcrliche Terrariendekoration<\/span><span class=\"s2\">. Sie verleihen dem Terrarium eine authentische Waldbodenoptik und passen besonders gut in tropische oder bioaktive Terrarien.<\/span><\/p>\n<p class=\"p1\"><span class=\"s2\">Da es sich um ein <\/span><span class=\"s1\">Naturprodukt<\/span><span class=\"s2\"> handelt, k\u00f6nnen Form, Farbe und Struktur der Bl\u00e4tter leicht variieren. Genau diese Unterschiede sorgen jedoch f\u00fcr eine besonders nat\u00fcrliche Wirkung im Terrarium.<\/span><\/p>\n","protected":false},"excerpt":{"rendered":"<p>Seemandelbaumbl\u00e4tter f\u00fcr ein stabiles Bodenklima Seemandelbaumbl\u00e4tter sind ein vielseitiges Naturprodukt und eine wertvolle Erg\u00e4nzung f\u00fcr viele Terrarien. Sie sorgen nicht nur f\u00fcr eine nat\u00fcrliche Optik, sondern unterst\u00fctzen gleichzeitig das \u00f6kologische Gleichgewicht im Terrarium. Die Bl\u00e4tter sind besonders beliebt als Deckschicht auf dem Bodensubstrat. Dadurch entsteht eine Umgebung, die dem nat\u00fcrlichen Lebensraum vieler tropischer Tiere sehr [&hellip;]<\/p>\n","protected":false},"featured_media":137999,"template":"","meta":{"_acf_changed":false},"product-supplier":[],"product_brand":[],"product_cat":[253,129],"product_tag":[],"lce-checkout-addons":[],"class_list":{"0":"post-4893","1":"product","2":"type-product","3":"status-publish","4":"has-post-thumbnail","6":"product_cat-einrichtung-dekoration","7":"product_cat-futter-kalzium","8":"product_shipping_class-equipment-shipping","9":"pa_herkunft-malaysia","11":"first","12":"instock","13":"taxable","14":"shipping-taxable","15":"purchasable","16":"product-type-variable"},"acf":[],"yoast_head":"<!-- This site is optimized with the Yoast SEO plugin v27.3 - https:\/\/yoast.com\/product\/yoast-seo-wordpress\/ -->\n<title>Seemandelbaumbl\u00e4tter - Insektenliebe<\/title>\n<meta name=\"description\" content=\"Seemandelbaumbl\u00e4tter f\u00fcr Terrarien \u2013 nat\u00fcrliche Deckschicht mit Gerbstoffen. Unterst\u00fctzt pH-Gleichgewicht und dient als Nahrung f\u00fcr Asseln.\" \/>\n<meta name=\"robots\" content=\"index, follow, max-snippet:-1, max-image-preview:large, max-video-preview:-1\" \/>\n<link rel=\"canonical\" href=\"https:\/\/insektenliebe.com\/de\/shop\/produkt\/seemandelbaumblaetter\/\" \/>\n<meta property=\"og:locale\" content=\"de_DE\" \/>\n<meta property=\"og:type\" content=\"article\" \/>\n<meta property=\"og:title\" content=\"Seemandelbaumbl\u00e4tter - Insektenliebe\" \/>\n<meta property=\"og:description\" content=\"Seemandelbaumbl\u00e4tter f\u00fcr Terrarien \u2013 nat\u00fcrliche Deckschicht mit Gerbstoffen. Unterst\u00fctzt pH-Gleichgewicht und dient als Nahrung f\u00fcr Asseln.\" \/>\n<meta property=\"og:url\" content=\"https:\/\/insektenliebe.com\/de\/shop\/produkt\/seemandelbaumblaetter\/\" \/>\n<meta property=\"og:site_name\" content=\"Insektenliebe\" \/>\n<meta property=\"article:modified_time\" content=\"2026-03-08T15:47:41+00:00\" \/>\n<meta property=\"og:image\" content=\"https:\/\/insektenliebe.com\/wp-content\/uploads\/2023\/01\/Seemandelbaumblaetter.jpg\" \/>\n\t<meta property=\"og:image:width\" content=\"820\" \/>\n\t<meta property=\"og:image:height\" content=\"820\" \/>\n\t<meta property=\"og:image:type\" content=\"image\/jpeg\" \/>\n<meta name=\"twitter:card\" content=\"summary_large_image\" \/>\n<meta name=\"twitter:label1\" content=\"Gesch\u00e4tzte Lesezeit\" \/>\n\t<meta name=\"twitter:data1\" content=\"2\u00a0Minuten\" \/>\n<script type=\"application\/ld+json\" class=\"yoast-schema-graph\">{\"@context\":\"https:\\\/\\\/schema.org\",\"@graph\":[{\"@type\":\"WebPage\",\"@id\":\"https:\\\/\\\/insektenliebe.com\\\/de\\\/shop\\\/produkt\\\/seemandelbaumblaetter\\\/\",\"url\":\"https:\\\/\\\/insektenliebe.com\\\/de\\\/shop\\\/produkt\\\/seemandelbaumblaetter\\\/\",\"name\":\"Seemandelbaumbl\u00e4tter - Insektenliebe\",\"isPartOf\":{\"@id\":\"https:\\\/\\\/insektenliebe.com\\\/de\\\/#website\"},\"primaryImageOfPage\":{\"@id\":\"https:\\\/\\\/insektenliebe.com\\\/de\\\/shop\\\/produkt\\\/seemandelbaumblaetter\\\/#primaryimage\"},\"image\":{\"@id\":\"https:\\\/\\\/insektenliebe.com\\\/de\\\/shop\\\/produkt\\\/seemandelbaumblaetter\\\/#primaryimage\"},\"thumbnailUrl\":\"https:\\\/\\\/insektenliebe.com\\\/wp-content\\\/uploads\\\/2023\\\/01\\\/Seemandelbaumblaetter.jpg\",\"datePublished\":\"2020-08-14T08:54:33+00:00\",\"dateModified\":\"2026-03-08T15:47:41+00:00\",\"description\":\"Seemandelbaumbl\u00e4tter f\u00fcr Terrarien \u2013 nat\u00fcrliche Deckschicht mit Gerbstoffen. Unterst\u00fctzt pH-Gleichgewicht und dient als Nahrung f\u00fcr Asseln.\",\"breadcrumb\":{\"@id\":\"https:\\\/\\\/insektenliebe.com\\\/de\\\/shop\\\/produkt\\\/seemandelbaumblaetter\\\/#breadcrumb\"},\"inLanguage\":\"de\",\"potentialAction\":[{\"@type\":\"ReadAction\",\"target\":[\"https:\\\/\\\/insektenliebe.com\\\/de\\\/shop\\\/produkt\\\/seemandelbaumblaetter\\\/\"]}]},{\"@type\":\"ImageObject\",\"inLanguage\":\"de\",\"@id\":\"https:\\\/\\\/insektenliebe.com\\\/de\\\/shop\\\/produkt\\\/seemandelbaumblaetter\\\/#primaryimage\",\"url\":\"https:\\\/\\\/insektenliebe.com\\\/wp-content\\\/uploads\\\/2023\\\/01\\\/Seemandelbaumblaetter.jpg\",\"contentUrl\":\"https:\\\/\\\/insektenliebe.com\\\/wp-content\\\/uploads\\\/2023\\\/01\\\/Seemandelbaumblaetter.jpg\",\"width\":820,\"height\":820,\"caption\":\"Seemandelbaumblaetter\"},{\"@type\":\"BreadcrumbList\",\"@id\":\"https:\\\/\\\/insektenliebe.com\\\/de\\\/shop\\\/produkt\\\/seemandelbaumblaetter\\\/#breadcrumb\",\"itemListElement\":[{\"@type\":\"ListItem\",\"position\":1,\"name\":\"Startseite\",\"item\":\"https:\\\/\\\/insektenliebe.com\\\/de\\\/\"},{\"@type\":\"ListItem\",\"position\":2,\"name\":\"Shop\",\"item\":\"https:\\\/\\\/insektenliebe.com\\\/de\\\/shop\\\/\"},{\"@type\":\"ListItem\",\"position\":3,\"name\":\"Seemandelbaumbl\u00e4tter\"}]},{\"@type\":\"WebSite\",\"@id\":\"https:\\\/\\\/insektenliebe.com\\\/de\\\/#website\",\"url\":\"https:\\\/\\\/insektenliebe.com\\\/de\\\/\",\"name\":\"Insektenliebe\",\"description\":\"Dein Zuhause f\u00fcr die kleinen Lebewesen\",\"publisher\":{\"@id\":\"https:\\\/\\\/insektenliebe.com\\\/de\\\/#organization\"},\"potentialAction\":[{\"@type\":\"SearchAction\",\"target\":{\"@type\":\"EntryPoint\",\"urlTemplate\":\"https:\\\/\\\/insektenliebe.com\\\/de\\\/?s={search_term_string}\"},\"query-input\":{\"@type\":\"PropertyValueSpecification\",\"valueRequired\":true,\"valueName\":\"search_term_string\"}}],\"inLanguage\":\"de\"},{\"@type\":\"Organization\",\"@id\":\"https:\\\/\\\/insektenliebe.com\\\/de\\\/#organization\",\"name\":\"Insektenliebe\",\"url\":\"https:\\\/\\\/insektenliebe.com\\\/de\\\/\",\"logo\":{\"@type\":\"ImageObject\",\"inLanguage\":\"de\",\"@id\":\"https:\\\/\\\/insektenliebe.com\\\/de\\\/#\\\/schema\\\/logo\\\/image\\\/\",\"url\":\"https:\\\/\\\/insektenliebe.com\\\/wp-content\\\/uploads\\\/2025\\\/03\\\/logo-white.png\",\"contentUrl\":\"https:\\\/\\\/insektenliebe.com\\\/wp-content\\\/uploads\\\/2025\\\/03\\\/logo-white.png\",\"width\":288,\"height\":188,\"caption\":\"Insektenliebe\"},\"image\":{\"@id\":\"https:\\\/\\\/insektenliebe.com\\\/de\\\/#\\\/schema\\\/logo\\\/image\\\/\"}}]}<\/script>\n<!-- \/ Yoast SEO plugin. -->","yoast_head_json":{"title":"Seemandelbaumbl\u00e4tter - Insektenliebe","description":"Seemandelbaumbl\u00e4tter f\u00fcr Terrarien \u2013 nat\u00fcrliche Deckschicht mit Gerbstoffen. Unterst\u00fctzt pH-Gleichgewicht und dient als Nahrung f\u00fcr Asseln.","robots":{"index":"index","follow":"follow","max-snippet":"max-snippet:-1","max-image-preview":"max-image-preview:large","max-video-preview":"max-video-preview:-1"},"canonical":"https:\/\/insektenliebe.com\/de\/shop\/produkt\/seemandelbaumblaetter\/","og_locale":"de_DE","og_type":"article","og_title":"Seemandelbaumbl\u00e4tter - Insektenliebe","og_description":"Seemandelbaumbl\u00e4tter f\u00fcr Terrarien \u2013 nat\u00fcrliche Deckschicht mit Gerbstoffen. Unterst\u00fctzt pH-Gleichgewicht und dient als Nahrung f\u00fcr Asseln.","og_url":"https:\/\/insektenliebe.com\/de\/shop\/produkt\/seemandelbaumblaetter\/","og_site_name":"Insektenliebe","article_modified_time":"2026-03-08T15:47:41+00:00","og_image":[{"width":820,"height":820,"url":"https:\/\/insektenliebe.com\/wp-content\/uploads\/2023\/01\/Seemandelbaumblaetter.jpg","type":"image\/jpeg"}],"twitter_card":"summary_large_image","twitter_misc":{"Gesch\u00e4tzte Lesezeit":"2\u00a0Minuten"},"schema":{"@context":"https:\/\/schema.org","@graph":[{"@type":"WebPage","@id":"https:\/\/insektenliebe.com\/de\/shop\/produkt\/seemandelbaumblaetter\/","url":"https:\/\/insektenliebe.com\/de\/shop\/produkt\/seemandelbaumblaetter\/","name":"Seemandelbaumbl\u00e4tter - Insektenliebe","isPartOf":{"@id":"https:\/\/insektenliebe.com\/de\/#website"},"primaryImageOfPage":{"@id":"https:\/\/insektenliebe.com\/de\/shop\/produkt\/seemandelbaumblaetter\/#primaryimage"},"image":{"@id":"https:\/\/insektenliebe.com\/de\/shop\/produkt\/seemandelbaumblaetter\/#primaryimage"},"thumbnailUrl":"https:\/\/insektenliebe.com\/wp-content\/uploads\/2023\/01\/Seemandelbaumblaetter.jpg","datePublished":"2020-08-14T08:54:33+00:00","dateModified":"2026-03-08T15:47:41+00:00","description":"Seemandelbaumbl\u00e4tter f\u00fcr Terrarien \u2013 nat\u00fcrliche Deckschicht mit Gerbstoffen. Unterst\u00fctzt pH-Gleichgewicht und dient als Nahrung f\u00fcr Asseln.","breadcrumb":{"@id":"https:\/\/insektenliebe.com\/de\/shop\/produkt\/seemandelbaumblaetter\/#breadcrumb"},"inLanguage":"de","potentialAction":[{"@type":"ReadAction","target":["https:\/\/insektenliebe.com\/de\/shop\/produkt\/seemandelbaumblaetter\/"]}]},{"@type":"ImageObject","inLanguage":"de","@id":"https:\/\/insektenliebe.com\/de\/shop\/produkt\/seemandelbaumblaetter\/#primaryimage","url":"https:\/\/insektenliebe.com\/wp-content\/uploads\/2023\/01\/Seemandelbaumblaetter.jpg","contentUrl":"https:\/\/insektenliebe.com\/wp-content\/uploads\/2023\/01\/Seemandelbaumblaetter.jpg","width":820,"height":820,"caption":"Seemandelbaumblaetter"},{"@type":"BreadcrumbList","@id":"https:\/\/insektenliebe.com\/de\/shop\/produkt\/seemandelbaumblaetter\/#breadcrumb","itemListElement":[{"@type":"ListItem","position":1,"name":"Startseite","item":"https:\/\/insektenliebe.com\/de\/"},{"@type":"ListItem","position":2,"name":"Shop","item":"https:\/\/insektenliebe.com\/de\/shop\/"},{"@type":"ListItem","position":3,"name":"Seemandelbaumbl\u00e4tter"}]},{"@type":"WebSite","@id":"https:\/\/insektenliebe.com\/de\/#website","url":"https:\/\/insektenliebe.com\/de\/","name":"Insektenliebe","description":"Dein Zuhause f\u00fcr die kleinen Lebewesen","publisher":{"@id":"https:\/\/insektenliebe.com\/de\/#organization"},"potentialAction":[{"@type":"SearchAction","target":{"@type":"EntryPoint","urlTemplate":"https:\/\/insektenliebe.com\/de\/?s={search_term_string}"},"query-input":{"@type":"PropertyValueSpecification","valueRequired":true,"valueName":"search_term_string"}}],"inLanguage":"de"},{"@type":"Organization","@id":"https:\/\/insektenliebe.com\/de\/#organization","name":"Insektenliebe","url":"https:\/\/insektenliebe.com\/de\/","logo":{"@type":"ImageObject","inLanguage":"de","@id":"https:\/\/insektenliebe.com\/de\/#\/schema\/logo\/image\/","url":"https:\/\/insektenliebe.com\/wp-content\/uploads\/2025\/03\/logo-white.png","contentUrl":"https:\/\/insektenliebe.com\/wp-content\/uploads\/2025\/03\/logo-white.png","width":288,"height":188,"caption":"Insektenliebe"},"image":{"@id":"https:\/\/insektenliebe.com\/de\/#\/schema\/logo\/image\/"}}]}},"_links":{"self":[{"href":"https:\/\/insektenliebe.com\/de\/wp-json\/wp\/v2\/product\/4893","targetHints":{"allow":["GET"]}}],"collection":[{"href":"https:\/\/insektenliebe.com\/de\/wp-json\/wp\/v2\/product"}],"about":[{"href":"https:\/\/insektenliebe.com\/de\/wp-json\/wp\/v2\/types\/product"}],"wp:featuredmedia":[{"embeddable":true,"href":"https:\/\/insektenliebe.com\/de\/wp-json\/wp\/v2\/media\/137999"}],"wp:attachment":[{"href":"https:\/\/insektenliebe.com\/de\/wp-json\/wp\/v2\/media?parent=4893"}],"wp:term":[{"taxonomy":"product-supplier","embeddable":true,"href":"https:\/\/insektenliebe.com\/de\/wp-json\/wp\/v2\/product-supplier?post=4893"},{"taxonomy":"product_brand","embeddable":true,"href":"https:\/\/insektenliebe.com\/de\/wp-json\/wp\/v2\/product_brand?post=4893"},{"taxonomy":"product_cat","embeddable":true,"href":"https:\/\/insektenliebe.com\/de\/wp-json\/wp\/v2\/product_cat?post=4893"},{"taxonomy":"product_tag","embeddable":true,"href":"https:\/\/insektenliebe.com\/de\/wp-json\/wp\/v2\/product_tag?post=4893"},{"taxonomy":"lce-checkout-addons","embeddable":true,"href":"https:\/\/insektenliebe.com\/de\/wp-json\/wp\/v2\/lce-checkout-addons?post=4893"}],"curies":[{"name":"wp","href":"https:\/\/api.w.org\/{rel}","templated":true}]}}