{"id":4889,"date":"2020-08-13T13:54:00","date_gmt":"2020-08-13T11:54:00","guid":{"rendered":"http:\/\/localhost\/ins-test\/?post_type=product&#038;p=4889"},"modified":"2026-03-08T16:56:55","modified_gmt":"2026-03-08T15:56:55","slug":"kalkstein-geschnitten","status":"publish","type":"product","link":"https:\/\/insektenliebe.com\/de\/shop\/produkt\/kalkstein-geschnitten\/","title":{"rendered":"Kalkstein geschnitten"},"content":{"rendered":"<div id=\"cc-m-12719937849\" class=\"j-module n j-hgrid \">\n<div class=\"cc-m-hgrid-column last\">\n<div id=\"cc-matrix-3557208649\">\n<div id=\"cc-m-12719945849\" class=\"j-module n j-text \"><\/div>\n<\/div>\n<\/div>\n<\/div>\n<h3><span class=\"s1\" style=\"color: #99cc33;\">Stabiler Kalkstein f\u00fcr Asseln und Bodenbewohner<\/span><\/h3>\n<p class=\"p1\"><span class=\"s1\">Der <\/span><strong><span class=\"s2\">Kalkstein geschnitten<\/span><\/strong><span class=\"s1\"> ist eine besonders praktische und nat\u00fcrliche Erg\u00e4nzung f\u00fcr Assel-Terrarien. Neben seiner dekorativen Wirkung erf\u00fcllt er gleichzeitig eine wichtige Funktion f\u00fcr viele Wirbellose.<\/span><\/p>\n<p class=\"p1\"><span class=\"s1\">Asseln bevorzugen <\/span><span class=\"s2\">kalkhaltige Umgebungen<\/span><span class=\"s1\">, da sie den enthaltenen Kalk f\u00fcr den Aufbau ihres Panzers ben\u00f6tigen. Genau deshalb wird Kalkgestein in vielen nat\u00fcrlichen Lebensr\u00e4umen regelm\u00e4\u00dfig aufgesucht. Auch im Terrarium knabbern viele Asselarten gerne am relativ <\/span><span class=\"s2\">weichen Kalkstein<\/span><span class=\"s1\">, um ihren Calciumbedarf zu decken.<\/span><\/p>\n<p class=\"p1\"><span class=\"s1\">Besonders <\/span><span class=\"s2\">Cubaris-Arten<\/span><span class=\"s1\"> nutzen solche Kalkquellen h\u00e4ufig. In ihrem nat\u00fcrlichen Habitat suchen sie kalkhaltige B\u00f6den oder Gesteine aktiv auf. Deshalb hat sich Kalkstein auch im Terrarium als <\/span><span class=\"s2\">sehr sinnvolle Erg\u00e4nzung<\/span><span class=\"s1\"> bew\u00e4hrt.<\/span><\/p>\n<p class=\"p1\"><span class=\"s1\">Neben der Funktion als Calciumquelle bietet der Stein gleichzeitig <\/span><span class=\"s2\">zahlreiche Versteckm\u00f6glichkeiten<\/span><span class=\"s1\">. Die nat\u00fcrlichen Ritzen und Strukturen schaffen kleine R\u00fcckzugsorte f\u00fcr die Tiere. Vor allem <\/span><span class=\"s2\">junge Asseln<\/span><span class=\"s1\"> nutzen diese engen Spalten gerne, weil sie dort besonders gut gesch\u00fctzt sind.<\/span><\/p>\n<p class=\"p1\"><span class=\"s1\">Ein weiterer Vorteil unseres Kalksteins ist seine <\/span><span class=\"s2\">geschnittene Unterseite<\/span><span class=\"s1\">. Dadurch besitzt der Stein eine <\/span><span class=\"s2\">gerade Standfl\u00e4che<\/span><span class=\"s1\"> und kann stabil auf dem Terrariumboden platziert werden. Idealerweise stellst du ihn direkt auf den Boden des Terrariums und nicht auf das Substrat. So kann der Stein sp\u00e4ter nicht verrutschen oder von den Tieren untergraben werden.<\/span><\/p>\n<p class=\"p1\"><span class=\"s1\">Wenn der Kalkstein einmal seinen Platz gefunden hat, l\u00e4sst man ihn am besten <\/span><span class=\"s2\">dauerhaft stehen<\/span><span class=\"s1\">. Nur beim Wechsel des Substrats wird der Stein kurz entfernt und danach wieder an seinen Platz gesetzt.<\/span><\/p>\n<p class=\"p1\"><span class=\"s1\">Optisch f\u00fcgt sich Kalkstein au\u00dferdem sehr gut in <\/span><span class=\"s2\">naturnahe Terrarienlandschaften<\/span><span class=\"s1\"> ein. Die helle Farbe bildet einen sch\u00f6nen Kontrast zu Substrat, Holz oder Pflanzen und verleiht dem Terrarium eine besonders nat\u00fcrliche Struktur.<\/span><\/p>\n<p class=\"p1\"><span class=\"s1\">Da es sich um ein <\/span><span class=\"s2\">Naturprodukt<\/span><span class=\"s1\"> handelt, unterscheiden sich die einzelnen Steine in Form, Farbe und Struktur. Genau diese Unterschiede machen jeden Kalkstein einzigartig und sorgen f\u00fcr eine besonders nat\u00fcrliche Gestaltung im Terrarium.<\/span><\/p>\n<p>&nbsp;<\/p>\n","protected":false},"excerpt":{"rendered":"<p>Stabiler Kalkstein f\u00fcr Asseln und Bodenbewohner Der Kalkstein geschnitten ist eine besonders praktische und nat\u00fcrliche Erg\u00e4nzung f\u00fcr Assel-Terrarien. Neben seiner dekorativen Wirkung erf\u00fcllt er gleichzeitig eine wichtige Funktion f\u00fcr viele Wirbellose. Asseln bevorzugen kalkhaltige Umgebungen, da sie den enthaltenen Kalk f\u00fcr den Aufbau ihres Panzers ben\u00f6tigen. Genau deshalb wird Kalkgestein in vielen nat\u00fcrlichen Lebensr\u00e4umen regelm\u00e4\u00dfig [&hellip;]<\/p>\n","protected":false},"featured_media":4919,"template":"","meta":{"_acf_changed":false},"product-supplier":[],"product_brand":[],"product_cat":[253],"product_tag":[],"lce-checkout-addons":[],"class_list":{"0":"post-4889","1":"product","2":"type-product","3":"status-publish","4":"has-post-thumbnail","6":"product_cat-einrichtung-dekoration","7":"product_shipping_class-equipment-shipping","9":"first","10":"outofstock","11":"taxable","12":"shipping-taxable","13":"purchasable","14":"product-type-simple"},"acf":[],"yoast_head":"<!-- This site is optimized with the Yoast SEO plugin v27.3 - https:\/\/yoast.com\/product\/yoast-seo-wordpress\/ -->\n<title>Kalkstein geschnitten - Insektenliebe<\/title>\n<meta name=\"description\" content=\"Kalkstein geschnitten f\u00fcr Assel-Terrarien \u2013 nat\u00fcrliche Calciumquelle mit Verstecken. Stabiler Stand durch gerade Unterseite.\" \/>\n<meta name=\"robots\" content=\"index, follow, max-snippet:-1, max-image-preview:large, max-video-preview:-1\" \/>\n<link rel=\"canonical\" href=\"https:\/\/insektenliebe.com\/de\/shop\/produkt\/kalkstein-geschnitten\/\" \/>\n<meta property=\"og:locale\" content=\"de_DE\" \/>\n<meta property=\"og:type\" content=\"article\" \/>\n<meta property=\"og:title\" content=\"Kalkstein geschnitten - Insektenliebe\" \/>\n<meta property=\"og:description\" content=\"Kalkstein geschnitten f\u00fcr Assel-Terrarien \u2013 nat\u00fcrliche Calciumquelle mit Verstecken. Stabiler Stand durch gerade Unterseite.\" \/>\n<meta property=\"og:url\" content=\"https:\/\/insektenliebe.com\/de\/shop\/produkt\/kalkstein-geschnitten\/\" \/>\n<meta property=\"og:site_name\" content=\"Insektenliebe\" \/>\n<meta property=\"article:modified_time\" content=\"2026-03-08T15:56:55+00:00\" \/>\n<meta property=\"og:image\" content=\"https:\/\/insektenliebe.com\/wp-content\/uploads\/2025\/05\/Stein-2.jpg\" \/>\n\t<meta property=\"og:image:width\" content=\"820\" \/>\n\t<meta property=\"og:image:height\" content=\"820\" \/>\n\t<meta property=\"og:image:type\" content=\"image\/jpeg\" \/>\n<meta name=\"twitter:card\" content=\"summary_large_image\" \/>\n<meta name=\"twitter:label1\" content=\"Gesch\u00e4tzte Lesezeit\" \/>\n\t<meta name=\"twitter:data1\" content=\"2\u00a0Minuten\" \/>\n<script type=\"application\/ld+json\" class=\"yoast-schema-graph\">{\"@context\":\"https:\\\/\\\/schema.org\",\"@graph\":[{\"@type\":\"WebPage\",\"@id\":\"https:\\\/\\\/insektenliebe.com\\\/de\\\/shop\\\/produkt\\\/kalkstein-geschnitten\\\/\",\"url\":\"https:\\\/\\\/insektenliebe.com\\\/de\\\/shop\\\/produkt\\\/kalkstein-geschnitten\\\/\",\"name\":\"Kalkstein geschnitten - Insektenliebe\",\"isPartOf\":{\"@id\":\"https:\\\/\\\/insektenliebe.com\\\/de\\\/#website\"},\"primaryImageOfPage\":{\"@id\":\"https:\\\/\\\/insektenliebe.com\\\/de\\\/shop\\\/produkt\\\/kalkstein-geschnitten\\\/#primaryimage\"},\"image\":{\"@id\":\"https:\\\/\\\/insektenliebe.com\\\/de\\\/shop\\\/produkt\\\/kalkstein-geschnitten\\\/#primaryimage\"},\"thumbnailUrl\":\"https:\\\/\\\/insektenliebe.com\\\/wp-content\\\/uploads\\\/2025\\\/05\\\/Stein-2.jpg\",\"datePublished\":\"2020-08-13T11:54:00+00:00\",\"dateModified\":\"2026-03-08T15:56:55+00:00\",\"description\":\"Kalkstein geschnitten f\u00fcr Assel-Terrarien \u2013 nat\u00fcrliche Calciumquelle mit Verstecken. Stabiler Stand durch gerade Unterseite.\",\"breadcrumb\":{\"@id\":\"https:\\\/\\\/insektenliebe.com\\\/de\\\/shop\\\/produkt\\\/kalkstein-geschnitten\\\/#breadcrumb\"},\"inLanguage\":\"de\",\"potentialAction\":[{\"@type\":\"ReadAction\",\"target\":[\"https:\\\/\\\/insektenliebe.com\\\/de\\\/shop\\\/produkt\\\/kalkstein-geschnitten\\\/\"]}]},{\"@type\":\"ImageObject\",\"inLanguage\":\"de\",\"@id\":\"https:\\\/\\\/insektenliebe.com\\\/de\\\/shop\\\/produkt\\\/kalkstein-geschnitten\\\/#primaryimage\",\"url\":\"https:\\\/\\\/insektenliebe.com\\\/wp-content\\\/uploads\\\/2025\\\/05\\\/Stein-2.jpg\",\"contentUrl\":\"https:\\\/\\\/insektenliebe.com\\\/wp-content\\\/uploads\\\/2025\\\/05\\\/Stein-2.jpg\",\"width\":820,\"height\":820,\"caption\":\"Kalkstein geschnitten\"},{\"@type\":\"BreadcrumbList\",\"@id\":\"https:\\\/\\\/insektenliebe.com\\\/de\\\/shop\\\/produkt\\\/kalkstein-geschnitten\\\/#breadcrumb\",\"itemListElement\":[{\"@type\":\"ListItem\",\"position\":1,\"name\":\"Startseite\",\"item\":\"https:\\\/\\\/insektenliebe.com\\\/de\\\/\"},{\"@type\":\"ListItem\",\"position\":2,\"name\":\"Shop\",\"item\":\"https:\\\/\\\/insektenliebe.com\\\/de\\\/shop\\\/\"},{\"@type\":\"ListItem\",\"position\":3,\"name\":\"Kalkstein geschnitten\"}]},{\"@type\":\"WebSite\",\"@id\":\"https:\\\/\\\/insektenliebe.com\\\/de\\\/#website\",\"url\":\"https:\\\/\\\/insektenliebe.com\\\/de\\\/\",\"name\":\"Insektenliebe\",\"description\":\"Dein Zuhause f\u00fcr die kleinen Lebewesen\",\"publisher\":{\"@id\":\"https:\\\/\\\/insektenliebe.com\\\/de\\\/#organization\"},\"potentialAction\":[{\"@type\":\"SearchAction\",\"target\":{\"@type\":\"EntryPoint\",\"urlTemplate\":\"https:\\\/\\\/insektenliebe.com\\\/de\\\/?s={search_term_string}\"},\"query-input\":{\"@type\":\"PropertyValueSpecification\",\"valueRequired\":true,\"valueName\":\"search_term_string\"}}],\"inLanguage\":\"de\"},{\"@type\":\"Organization\",\"@id\":\"https:\\\/\\\/insektenliebe.com\\\/de\\\/#organization\",\"name\":\"Insektenliebe\",\"url\":\"https:\\\/\\\/insektenliebe.com\\\/de\\\/\",\"logo\":{\"@type\":\"ImageObject\",\"inLanguage\":\"de\",\"@id\":\"https:\\\/\\\/insektenliebe.com\\\/de\\\/#\\\/schema\\\/logo\\\/image\\\/\",\"url\":\"https:\\\/\\\/insektenliebe.com\\\/wp-content\\\/uploads\\\/2025\\\/03\\\/logo-white.png\",\"contentUrl\":\"https:\\\/\\\/insektenliebe.com\\\/wp-content\\\/uploads\\\/2025\\\/03\\\/logo-white.png\",\"width\":288,\"height\":188,\"caption\":\"Insektenliebe\"},\"image\":{\"@id\":\"https:\\\/\\\/insektenliebe.com\\\/de\\\/#\\\/schema\\\/logo\\\/image\\\/\"}}]}<\/script>\n<!-- \/ Yoast SEO plugin. -->","yoast_head_json":{"title":"Kalkstein geschnitten - Insektenliebe","description":"Kalkstein geschnitten f\u00fcr Assel-Terrarien \u2013 nat\u00fcrliche Calciumquelle mit Verstecken. Stabiler Stand durch gerade Unterseite.","robots":{"index":"index","follow":"follow","max-snippet":"max-snippet:-1","max-image-preview":"max-image-preview:large","max-video-preview":"max-video-preview:-1"},"canonical":"https:\/\/insektenliebe.com\/de\/shop\/produkt\/kalkstein-geschnitten\/","og_locale":"de_DE","og_type":"article","og_title":"Kalkstein geschnitten - Insektenliebe","og_description":"Kalkstein geschnitten f\u00fcr Assel-Terrarien \u2013 nat\u00fcrliche Calciumquelle mit Verstecken. Stabiler Stand durch gerade Unterseite.","og_url":"https:\/\/insektenliebe.com\/de\/shop\/produkt\/kalkstein-geschnitten\/","og_site_name":"Insektenliebe","article_modified_time":"2026-03-08T15:56:55+00:00","og_image":[{"width":820,"height":820,"url":"https:\/\/insektenliebe.com\/wp-content\/uploads\/2025\/05\/Stein-2.jpg","type":"image\/jpeg"}],"twitter_card":"summary_large_image","twitter_misc":{"Gesch\u00e4tzte Lesezeit":"2\u00a0Minuten"},"schema":{"@context":"https:\/\/schema.org","@graph":[{"@type":"WebPage","@id":"https:\/\/insektenliebe.com\/de\/shop\/produkt\/kalkstein-geschnitten\/","url":"https:\/\/insektenliebe.com\/de\/shop\/produkt\/kalkstein-geschnitten\/","name":"Kalkstein geschnitten - Insektenliebe","isPartOf":{"@id":"https:\/\/insektenliebe.com\/de\/#website"},"primaryImageOfPage":{"@id":"https:\/\/insektenliebe.com\/de\/shop\/produkt\/kalkstein-geschnitten\/#primaryimage"},"image":{"@id":"https:\/\/insektenliebe.com\/de\/shop\/produkt\/kalkstein-geschnitten\/#primaryimage"},"thumbnailUrl":"https:\/\/insektenliebe.com\/wp-content\/uploads\/2025\/05\/Stein-2.jpg","datePublished":"2020-08-13T11:54:00+00:00","dateModified":"2026-03-08T15:56:55+00:00","description":"Kalkstein geschnitten f\u00fcr Assel-Terrarien \u2013 nat\u00fcrliche Calciumquelle mit Verstecken. Stabiler Stand durch gerade Unterseite.","breadcrumb":{"@id":"https:\/\/insektenliebe.com\/de\/shop\/produkt\/kalkstein-geschnitten\/#breadcrumb"},"inLanguage":"de","potentialAction":[{"@type":"ReadAction","target":["https:\/\/insektenliebe.com\/de\/shop\/produkt\/kalkstein-geschnitten\/"]}]},{"@type":"ImageObject","inLanguage":"de","@id":"https:\/\/insektenliebe.com\/de\/shop\/produkt\/kalkstein-geschnitten\/#primaryimage","url":"https:\/\/insektenliebe.com\/wp-content\/uploads\/2025\/05\/Stein-2.jpg","contentUrl":"https:\/\/insektenliebe.com\/wp-content\/uploads\/2025\/05\/Stein-2.jpg","width":820,"height":820,"caption":"Kalkstein geschnitten"},{"@type":"BreadcrumbList","@id":"https:\/\/insektenliebe.com\/de\/shop\/produkt\/kalkstein-geschnitten\/#breadcrumb","itemListElement":[{"@type":"ListItem","position":1,"name":"Startseite","item":"https:\/\/insektenliebe.com\/de\/"},{"@type":"ListItem","position":2,"name":"Shop","item":"https:\/\/insektenliebe.com\/de\/shop\/"},{"@type":"ListItem","position":3,"name":"Kalkstein geschnitten"}]},{"@type":"WebSite","@id":"https:\/\/insektenliebe.com\/de\/#website","url":"https:\/\/insektenliebe.com\/de\/","name":"Insektenliebe","description":"Dein Zuhause f\u00fcr die kleinen Lebewesen","publisher":{"@id":"https:\/\/insektenliebe.com\/de\/#organization"},"potentialAction":[{"@type":"SearchAction","target":{"@type":"EntryPoint","urlTemplate":"https:\/\/insektenliebe.com\/de\/?s={search_term_string}"},"query-input":{"@type":"PropertyValueSpecification","valueRequired":true,"valueName":"search_term_string"}}],"inLanguage":"de"},{"@type":"Organization","@id":"https:\/\/insektenliebe.com\/de\/#organization","name":"Insektenliebe","url":"https:\/\/insektenliebe.com\/de\/","logo":{"@type":"ImageObject","inLanguage":"de","@id":"https:\/\/insektenliebe.com\/de\/#\/schema\/logo\/image\/","url":"https:\/\/insektenliebe.com\/wp-content\/uploads\/2025\/03\/logo-white.png","contentUrl":"https:\/\/insektenliebe.com\/wp-content\/uploads\/2025\/03\/logo-white.png","width":288,"height":188,"caption":"Insektenliebe"},"image":{"@id":"https:\/\/insektenliebe.com\/de\/#\/schema\/logo\/image\/"}}]}},"_links":{"self":[{"href":"https:\/\/insektenliebe.com\/de\/wp-json\/wp\/v2\/product\/4889","targetHints":{"allow":["GET"]}}],"collection":[{"href":"https:\/\/insektenliebe.com\/de\/wp-json\/wp\/v2\/product"}],"about":[{"href":"https:\/\/insektenliebe.com\/de\/wp-json\/wp\/v2\/types\/product"}],"wp:featuredmedia":[{"embeddable":true,"href":"https:\/\/insektenliebe.com\/de\/wp-json\/wp\/v2\/media\/4919"}],"wp:attachment":[{"href":"https:\/\/insektenliebe.com\/de\/wp-json\/wp\/v2\/media?parent=4889"}],"wp:term":[{"taxonomy":"product-supplier","embeddable":true,"href":"https:\/\/insektenliebe.com\/de\/wp-json\/wp\/v2\/product-supplier?post=4889"},{"taxonomy":"product_brand","embeddable":true,"href":"https:\/\/insektenliebe.com\/de\/wp-json\/wp\/v2\/product_brand?post=4889"},{"taxonomy":"product_cat","embeddable":true,"href":"https:\/\/insektenliebe.com\/de\/wp-json\/wp\/v2\/product_cat?post=4889"},{"taxonomy":"product_tag","embeddable":true,"href":"https:\/\/insektenliebe.com\/de\/wp-json\/wp\/v2\/product_tag?post=4889"},{"taxonomy":"lce-checkout-addons","embeddable":true,"href":"https:\/\/insektenliebe.com\/de\/wp-json\/wp\/v2\/lce-checkout-addons?post=4889"}],"curies":[{"name":"wp","href":"https:\/\/api.w.org\/{rel}","templated":true}]}}