{"id":4880,"date":"2020-07-23T13:10:46","date_gmt":"2020-07-23T13:10:46","guid":{"rendered":"http:\/\/localhost\/ins-test\/?post_type=product&#038;p=4880"},"modified":"2026-02-10T20:50:06","modified_gmt":"2026-02-10T19:50:06","slug":"reptilia-134-asiatische-gottesanbeterinnen","status":"publish","type":"product","link":"https:\/\/insektenliebe.com\/de\/shop\/produkt\/reptilia-134-asiatische-gottesanbeterinnen\/","title":{"rendered":"REPTILIA 134 Asiatische Gottesanbeterinnen"},"content":{"rendered":"<p>Von klassischen Generalisten \u00fcber Nachahmer von Zweigen und Bl\u00e4ttern bis hin zu diversen Bl\u00fcten- und \u201eBoxer\u201c-Mantiden hat Asien jedem Fan von Gottesanbeterinnen etwas zu bieten. Solche Arten stehen auf den Wunschlisten der Mantodeenliebhaber immer ganz oben und werden auch regelm\u00e4\u00dfig nachgez\u00fcchtet \u2013 wir stellen sie ausf\u00fchrlich in Wort und Bild vor!<\/p>\n","protected":false},"excerpt":{"rendered":"<p>Ausgabe verpasst? Wir haben noch welche da!<\/p>\n","protected":false},"featured_media":4910,"template":"","meta":{"_acf_changed":false},"product-supplier":[],"product_brand":[],"product_cat":[183],"product_tag":[],"lce-checkout-addons":[],"class_list":{"0":"post-4880","1":"product","2":"type-product","3":"status-publish","4":"has-post-thumbnail","6":"product_cat-merchandising-literatur","7":"product_shipping_class-equipment-shipping","9":"first","10":"outofstock","11":"taxable","12":"shipping-taxable","13":"purchasable","14":"product-type-simple"},"acf":[],"yoast_head":"<!-- This site is optimized with the Yoast SEO plugin v27.3 - https:\/\/yoast.com\/product\/yoast-seo-wordpress\/ -->\n<title>REPTILIA 134 Asiatische Gottesanbeterinnen - Insektenliebe<\/title>\n<meta name=\"description\" content=\"Hier k\u00f6nnen sie g\u00fcnstig die Ausgabe REPTILIA 134 Asiatische Gottesanbeterinnen direkt online kaufen. Ausgabe verpasst? Wir haben noch welche da!\" \/>\n<meta name=\"robots\" content=\"index, follow, max-snippet:-1, max-image-preview:large, max-video-preview:-1\" \/>\n<link rel=\"canonical\" href=\"https:\/\/insektenliebe.com\/de\/shop\/produkt\/reptilia-134-asiatische-gottesanbeterinnen\/\" \/>\n<meta property=\"og:locale\" content=\"de_DE\" \/>\n<meta property=\"og:type\" content=\"article\" \/>\n<meta property=\"og:title\" content=\"REPTILIA 134 Asiatische Gottesanbeterinnen - Insektenliebe\" \/>\n<meta property=\"og:description\" content=\"Hier k\u00f6nnen sie g\u00fcnstig die Ausgabe REPTILIA 134 Asiatische Gottesanbeterinnen direkt online kaufen. Ausgabe verpasst? Wir haben noch welche da!\" \/>\n<meta property=\"og:url\" content=\"https:\/\/insektenliebe.com\/de\/shop\/produkt\/reptilia-134-asiatische-gottesanbeterinnen\/\" \/>\n<meta property=\"og:site_name\" content=\"Insektenliebe\" \/>\n<meta property=\"article:modified_time\" content=\"2026-02-10T19:50:06+00:00\" \/>\n<meta property=\"og:image\" content=\"https:\/\/insektenliebe.com\/wp-content\/uploads\/2025\/05\/REPTILIA-134-Asiatische-Gottesanbeterinnen-2.jpg\" \/>\n\t<meta property=\"og:image:width\" content=\"1280\" \/>\n\t<meta property=\"og:image:height\" content=\"853\" \/>\n\t<meta property=\"og:image:type\" content=\"image\/jpeg\" \/>\n<meta name=\"twitter:card\" content=\"summary_large_image\" \/>\n<meta name=\"twitter:label1\" content=\"Gesch\u00e4tzte Lesezeit\" \/>\n\t<meta name=\"twitter:data1\" content=\"1\u00a0Minute\" \/>\n<script type=\"application\/ld+json\" class=\"yoast-schema-graph\">{\"@context\":\"https:\\\/\\\/schema.org\",\"@graph\":[{\"@type\":\"WebPage\",\"@id\":\"https:\\\/\\\/insektenliebe.com\\\/de\\\/shop\\\/produkt\\\/reptilia-134-asiatische-gottesanbeterinnen\\\/\",\"url\":\"https:\\\/\\\/insektenliebe.com\\\/de\\\/shop\\\/produkt\\\/reptilia-134-asiatische-gottesanbeterinnen\\\/\",\"name\":\"REPTILIA 134 Asiatische Gottesanbeterinnen - Insektenliebe\",\"isPartOf\":{\"@id\":\"https:\\\/\\\/insektenliebe.com\\\/de\\\/#website\"},\"primaryImageOfPage\":{\"@id\":\"https:\\\/\\\/insektenliebe.com\\\/de\\\/shop\\\/produkt\\\/reptilia-134-asiatische-gottesanbeterinnen\\\/#primaryimage\"},\"image\":{\"@id\":\"https:\\\/\\\/insektenliebe.com\\\/de\\\/shop\\\/produkt\\\/reptilia-134-asiatische-gottesanbeterinnen\\\/#primaryimage\"},\"thumbnailUrl\":\"https:\\\/\\\/insektenliebe.com\\\/wp-content\\\/uploads\\\/2025\\\/05\\\/REPTILIA-134-Asiatische-Gottesanbeterinnen-2.jpg\",\"datePublished\":\"2020-07-23T13:10:46+00:00\",\"dateModified\":\"2026-02-10T19:50:06+00:00\",\"description\":\"Hier k\u00f6nnen sie g\u00fcnstig die Ausgabe REPTILIA 134 Asiatische Gottesanbeterinnen direkt online kaufen. Ausgabe verpasst? Wir haben noch welche da!\",\"breadcrumb\":{\"@id\":\"https:\\\/\\\/insektenliebe.com\\\/de\\\/shop\\\/produkt\\\/reptilia-134-asiatische-gottesanbeterinnen\\\/#breadcrumb\"},\"inLanguage\":\"de\",\"potentialAction\":[{\"@type\":\"ReadAction\",\"target\":[\"https:\\\/\\\/insektenliebe.com\\\/de\\\/shop\\\/produkt\\\/reptilia-134-asiatische-gottesanbeterinnen\\\/\"]}]},{\"@type\":\"ImageObject\",\"inLanguage\":\"de\",\"@id\":\"https:\\\/\\\/insektenliebe.com\\\/de\\\/shop\\\/produkt\\\/reptilia-134-asiatische-gottesanbeterinnen\\\/#primaryimage\",\"url\":\"https:\\\/\\\/insektenliebe.com\\\/wp-content\\\/uploads\\\/2025\\\/05\\\/REPTILIA-134-Asiatische-Gottesanbeterinnen-2.jpg\",\"contentUrl\":\"https:\\\/\\\/insektenliebe.com\\\/wp-content\\\/uploads\\\/2025\\\/05\\\/REPTILIA-134-Asiatische-Gottesanbeterinnen-2.jpg\",\"width\":1280,\"height\":853,\"caption\":\"REPTILIA-134-Asiatische-Gottesanbeterinnen-2.jpg\"},{\"@type\":\"BreadcrumbList\",\"@id\":\"https:\\\/\\\/insektenliebe.com\\\/de\\\/shop\\\/produkt\\\/reptilia-134-asiatische-gottesanbeterinnen\\\/#breadcrumb\",\"itemListElement\":[{\"@type\":\"ListItem\",\"position\":1,\"name\":\"Startseite\",\"item\":\"https:\\\/\\\/insektenliebe.com\\\/de\\\/\"},{\"@type\":\"ListItem\",\"position\":2,\"name\":\"Shop\",\"item\":\"https:\\\/\\\/insektenliebe.com\\\/de\\\/shop\\\/\"},{\"@type\":\"ListItem\",\"position\":3,\"name\":\"REPTILIA 134 Asiatische Gottesanbeterinnen\"}]},{\"@type\":\"WebSite\",\"@id\":\"https:\\\/\\\/insektenliebe.com\\\/de\\\/#website\",\"url\":\"https:\\\/\\\/insektenliebe.com\\\/de\\\/\",\"name\":\"Insektenliebe\",\"description\":\"Dein Zuhause f\u00fcr die kleinen Lebewesen\",\"publisher\":{\"@id\":\"https:\\\/\\\/insektenliebe.com\\\/de\\\/#organization\"},\"potentialAction\":[{\"@type\":\"SearchAction\",\"target\":{\"@type\":\"EntryPoint\",\"urlTemplate\":\"https:\\\/\\\/insektenliebe.com\\\/de\\\/?s={search_term_string}\"},\"query-input\":{\"@type\":\"PropertyValueSpecification\",\"valueRequired\":true,\"valueName\":\"search_term_string\"}}],\"inLanguage\":\"de\"},{\"@type\":\"Organization\",\"@id\":\"https:\\\/\\\/insektenliebe.com\\\/de\\\/#organization\",\"name\":\"Insektenliebe\",\"url\":\"https:\\\/\\\/insektenliebe.com\\\/de\\\/\",\"logo\":{\"@type\":\"ImageObject\",\"inLanguage\":\"de\",\"@id\":\"https:\\\/\\\/insektenliebe.com\\\/de\\\/#\\\/schema\\\/logo\\\/image\\\/\",\"url\":\"https:\\\/\\\/insektenliebe.com\\\/wp-content\\\/uploads\\\/2025\\\/03\\\/logo-white.png\",\"contentUrl\":\"https:\\\/\\\/insektenliebe.com\\\/wp-content\\\/uploads\\\/2025\\\/03\\\/logo-white.png\",\"width\":288,\"height\":188,\"caption\":\"Insektenliebe\"},\"image\":{\"@id\":\"https:\\\/\\\/insektenliebe.com\\\/de\\\/#\\\/schema\\\/logo\\\/image\\\/\"}}]}<\/script>\n<!-- \/ Yoast SEO plugin. -->","yoast_head_json":{"title":"REPTILIA 134 Asiatische Gottesanbeterinnen - Insektenliebe","description":"Hier k\u00f6nnen sie g\u00fcnstig die Ausgabe REPTILIA 134 Asiatische Gottesanbeterinnen direkt online kaufen. Ausgabe verpasst? Wir haben noch welche da!","robots":{"index":"index","follow":"follow","max-snippet":"max-snippet:-1","max-image-preview":"max-image-preview:large","max-video-preview":"max-video-preview:-1"},"canonical":"https:\/\/insektenliebe.com\/de\/shop\/produkt\/reptilia-134-asiatische-gottesanbeterinnen\/","og_locale":"de_DE","og_type":"article","og_title":"REPTILIA 134 Asiatische Gottesanbeterinnen - Insektenliebe","og_description":"Hier k\u00f6nnen sie g\u00fcnstig die Ausgabe REPTILIA 134 Asiatische Gottesanbeterinnen direkt online kaufen. Ausgabe verpasst? Wir haben noch welche da!","og_url":"https:\/\/insektenliebe.com\/de\/shop\/produkt\/reptilia-134-asiatische-gottesanbeterinnen\/","og_site_name":"Insektenliebe","article_modified_time":"2026-02-10T19:50:06+00:00","og_image":[{"width":1280,"height":853,"url":"https:\/\/insektenliebe.com\/wp-content\/uploads\/2025\/05\/REPTILIA-134-Asiatische-Gottesanbeterinnen-2.jpg","type":"image\/jpeg"}],"twitter_card":"summary_large_image","twitter_misc":{"Gesch\u00e4tzte Lesezeit":"1\u00a0Minute"},"schema":{"@context":"https:\/\/schema.org","@graph":[{"@type":"WebPage","@id":"https:\/\/insektenliebe.com\/de\/shop\/produkt\/reptilia-134-asiatische-gottesanbeterinnen\/","url":"https:\/\/insektenliebe.com\/de\/shop\/produkt\/reptilia-134-asiatische-gottesanbeterinnen\/","name":"REPTILIA 134 Asiatische Gottesanbeterinnen - Insektenliebe","isPartOf":{"@id":"https:\/\/insektenliebe.com\/de\/#website"},"primaryImageOfPage":{"@id":"https:\/\/insektenliebe.com\/de\/shop\/produkt\/reptilia-134-asiatische-gottesanbeterinnen\/#primaryimage"},"image":{"@id":"https:\/\/insektenliebe.com\/de\/shop\/produkt\/reptilia-134-asiatische-gottesanbeterinnen\/#primaryimage"},"thumbnailUrl":"https:\/\/insektenliebe.com\/wp-content\/uploads\/2025\/05\/REPTILIA-134-Asiatische-Gottesanbeterinnen-2.jpg","datePublished":"2020-07-23T13:10:46+00:00","dateModified":"2026-02-10T19:50:06+00:00","description":"Hier k\u00f6nnen sie g\u00fcnstig die Ausgabe REPTILIA 134 Asiatische Gottesanbeterinnen direkt online kaufen. Ausgabe verpasst? Wir haben noch welche da!","breadcrumb":{"@id":"https:\/\/insektenliebe.com\/de\/shop\/produkt\/reptilia-134-asiatische-gottesanbeterinnen\/#breadcrumb"},"inLanguage":"de","potentialAction":[{"@type":"ReadAction","target":["https:\/\/insektenliebe.com\/de\/shop\/produkt\/reptilia-134-asiatische-gottesanbeterinnen\/"]}]},{"@type":"ImageObject","inLanguage":"de","@id":"https:\/\/insektenliebe.com\/de\/shop\/produkt\/reptilia-134-asiatische-gottesanbeterinnen\/#primaryimage","url":"https:\/\/insektenliebe.com\/wp-content\/uploads\/2025\/05\/REPTILIA-134-Asiatische-Gottesanbeterinnen-2.jpg","contentUrl":"https:\/\/insektenliebe.com\/wp-content\/uploads\/2025\/05\/REPTILIA-134-Asiatische-Gottesanbeterinnen-2.jpg","width":1280,"height":853,"caption":"REPTILIA-134-Asiatische-Gottesanbeterinnen-2.jpg"},{"@type":"BreadcrumbList","@id":"https:\/\/insektenliebe.com\/de\/shop\/produkt\/reptilia-134-asiatische-gottesanbeterinnen\/#breadcrumb","itemListElement":[{"@type":"ListItem","position":1,"name":"Startseite","item":"https:\/\/insektenliebe.com\/de\/"},{"@type":"ListItem","position":2,"name":"Shop","item":"https:\/\/insektenliebe.com\/de\/shop\/"},{"@type":"ListItem","position":3,"name":"REPTILIA 134 Asiatische Gottesanbeterinnen"}]},{"@type":"WebSite","@id":"https:\/\/insektenliebe.com\/de\/#website","url":"https:\/\/insektenliebe.com\/de\/","name":"Insektenliebe","description":"Dein Zuhause f\u00fcr die kleinen Lebewesen","publisher":{"@id":"https:\/\/insektenliebe.com\/de\/#organization"},"potentialAction":[{"@type":"SearchAction","target":{"@type":"EntryPoint","urlTemplate":"https:\/\/insektenliebe.com\/de\/?s={search_term_string}"},"query-input":{"@type":"PropertyValueSpecification","valueRequired":true,"valueName":"search_term_string"}}],"inLanguage":"de"},{"@type":"Organization","@id":"https:\/\/insektenliebe.com\/de\/#organization","name":"Insektenliebe","url":"https:\/\/insektenliebe.com\/de\/","logo":{"@type":"ImageObject","inLanguage":"de","@id":"https:\/\/insektenliebe.com\/de\/#\/schema\/logo\/image\/","url":"https:\/\/insektenliebe.com\/wp-content\/uploads\/2025\/03\/logo-white.png","contentUrl":"https:\/\/insektenliebe.com\/wp-content\/uploads\/2025\/03\/logo-white.png","width":288,"height":188,"caption":"Insektenliebe"},"image":{"@id":"https:\/\/insektenliebe.com\/de\/#\/schema\/logo\/image\/"}}]}},"_links":{"self":[{"href":"https:\/\/insektenliebe.com\/de\/wp-json\/wp\/v2\/product\/4880","targetHints":{"allow":["GET"]}}],"collection":[{"href":"https:\/\/insektenliebe.com\/de\/wp-json\/wp\/v2\/product"}],"about":[{"href":"https:\/\/insektenliebe.com\/de\/wp-json\/wp\/v2\/types\/product"}],"wp:featuredmedia":[{"embeddable":true,"href":"https:\/\/insektenliebe.com\/de\/wp-json\/wp\/v2\/media\/4910"}],"wp:attachment":[{"href":"https:\/\/insektenliebe.com\/de\/wp-json\/wp\/v2\/media?parent=4880"}],"wp:term":[{"taxonomy":"product-supplier","embeddable":true,"href":"https:\/\/insektenliebe.com\/de\/wp-json\/wp\/v2\/product-supplier?post=4880"},{"taxonomy":"product_brand","embeddable":true,"href":"https:\/\/insektenliebe.com\/de\/wp-json\/wp\/v2\/product_brand?post=4880"},{"taxonomy":"product_cat","embeddable":true,"href":"https:\/\/insektenliebe.com\/de\/wp-json\/wp\/v2\/product_cat?post=4880"},{"taxonomy":"product_tag","embeddable":true,"href":"https:\/\/insektenliebe.com\/de\/wp-json\/wp\/v2\/product_tag?post=4880"},{"taxonomy":"lce-checkout-addons","embeddable":true,"href":"https:\/\/insektenliebe.com\/de\/wp-json\/wp\/v2\/lce-checkout-addons?post=4880"}],"curies":[{"name":"wp","href":"https:\/\/api.w.org\/{rel}","templated":true}]}}