{"id":4849,"date":"2020-06-27T14:13:27","date_gmt":"2020-06-27T14:13:27","guid":{"rendered":"http:\/\/localhost\/ins-test\/?post_type=product&#038;p=4849"},"modified":"2026-01-28T21:30:24","modified_gmt":"2026-01-28T20:30:24","slug":"lissachatina-fulica-vollalbino","status":"publish","type":"product","link":"https:\/\/insektenliebe.com\/de\/shop\/produkt\/lissachatina-fulica-vollalbino\/","title":{"rendered":"Lissachatina fulica \"Vollalbino\""},"content":{"rendered":"<p>Kurzbeschreibung \u00fcber Lissachatina fulica \"Vollalbino\":<\/p>\n<p>Bei der Farbvariante \"Vollalbino\" handelt es sich um eine in der Hobbyhaltung entstandene Zuchtform, die nicht in der Natur vorkommt. Das helle Haus entstammt aus der Kreuzung der Lissachatina fulica hamilei var. rodatzii und der albinotische farblose Weichk\u00f6rper der Lissachatina fulica \"White Jade\".<\/p>\n<p>Schnecken sind gesellig und sind auch in ihren nat\u00fcrlichen Lebensr\u00e4umen meist mehr oder weniger zahlreich anzutreffen. Daher empfehlen wir sie in 3er Gruppen zu halten.<\/p>\n<div class=\"vc_row wpb_row vc_row-fluid prrow\">\n<div class=\"wpb_column vc_column_container vc_col-sm-3\">\n<div class=\"vc_column-inner \">\n<div class=\"wpb_wrapper\">\n<div class=\"wpb_text_column wpb_content_element \">\n<div class=\"wpb_wrapper\">\n<p><strong>Nahrung:\u00a0<\/strong><\/p>\n<ul>\n<li>Obst<\/li>\n<li>Gem\u00fcse<\/li>\n<li><a href=\"https:\/\/insektenliebe.com\/shop\/assel-futter\/\">Proteine<\/a><\/li>\n<li><a href=\"https:\/\/insektenliebe.com\/shop\/beetle-jelly\/\">Beetle Jelly<\/a><\/li>\n<li><a href=\"https:\/\/insektenliebe.com\/shop\/sepiaschalen\/\">Sepia<\/a><\/li>\n<li>Kr\u00e4uter<\/li>\n<li><a href=\"https:\/\/insektenliebe.com\/shop\/flechten\/\">Flechten<\/a><\/li>\n<\/ul>\n<\/div>\n<\/div>\n<\/div>\n<\/div>\n<\/div>\n<\/div>\n","protected":false},"excerpt":{"rendered":"<p>Kurzbeschreibung \u00fcber Lissachatina fulica \"Vollalbino\": Bei der Farbvariante \"Vollalbino\" handelt es sich um eine in der Hobbyhaltung entstandene Zuchtform, die nicht in der Natur vorkommt. Das helle Haus entstammt aus der Kreuzung der Lissachatina fulica hamilei var. rodatzii und der albinotische farblose Weichk\u00f6rper der Lissachatina fulica \"White Jade\". Schnecken sind gesellig und sind auch in [&hellip;]<\/p>\n","protected":false},"featured_media":4902,"template":"","meta":{"_acf_changed":false},"product-supplier":[],"product_brand":[],"product_cat":[279],"product_tag":[],"lce-checkout-addons":[1202],"class_list":{"0":"post-4849","1":"product","2":"type-product","3":"status-publish","4":"has-post-thumbnail","6":"product_cat-schnecken","7":"product_shipping_class-animal-shipping","8":"pa_herkunft-kenia","9":"pa_kontinent-afrika","10":"lce-checkout-addons-winterverpackung","12":"first","13":"outofstock","14":"taxable","15":"shipping-taxable","16":"product-type-variable"},"acf":[],"yoast_head":"<!-- This site is optimized with the Yoast SEO plugin v27.3 - https:\/\/yoast.com\/product\/yoast-seo-wordpress\/ -->\n<title>Lissachatina fulica &quot;Vollalbino&quot; - Insektenliebe<\/title>\n<meta name=\"description\" content=\"G\u00fcnstige Lissachatina fulica &quot;Vollalbino&quot; online kaufen. Hierbei handelt es sich um wundersch\u00f6ne Nachzuchten, die man direkt beim Z\u00fcchter kaufen kann.\" \/>\n<meta name=\"robots\" content=\"index, follow, max-snippet:-1, max-image-preview:large, max-video-preview:-1\" \/>\n<link rel=\"canonical\" href=\"https:\/\/insektenliebe.com\/de\/shop\/produkt\/lissachatina-fulica-vollalbino\/\" \/>\n<meta property=\"og:locale\" content=\"de_DE\" \/>\n<meta property=\"og:type\" content=\"article\" \/>\n<meta property=\"og:title\" content=\"Lissachatina fulica &quot;Vollalbino&quot; - Insektenliebe\" \/>\n<meta property=\"og:description\" content=\"G\u00fcnstige Lissachatina fulica &quot;Vollalbino&quot; online kaufen. Hierbei handelt es sich um wundersch\u00f6ne Nachzuchten, die man direkt beim Z\u00fcchter kaufen kann.\" \/>\n<meta property=\"og:url\" content=\"https:\/\/insektenliebe.com\/de\/shop\/produkt\/lissachatina-fulica-vollalbino\/\" \/>\n<meta property=\"og:site_name\" content=\"Insektenliebe\" \/>\n<meta property=\"article:modified_time\" content=\"2026-01-28T20:30:24+00:00\" \/>\n<meta property=\"og:image\" content=\"https:\/\/insektenliebe.com\/wp-content\/uploads\/2025\/05\/Lissachatina-fulica-_Vollalbino_-scaled-3.jpg\" \/>\n\t<meta property=\"og:image:width\" content=\"2560\" \/>\n\t<meta property=\"og:image:height\" content=\"1707\" \/>\n\t<meta property=\"og:image:type\" content=\"image\/jpeg\" \/>\n<meta name=\"twitter:card\" content=\"summary_large_image\" \/>\n<meta name=\"twitter:label1\" content=\"Gesch\u00e4tzte Lesezeit\" \/>\n\t<meta name=\"twitter:data1\" content=\"1\u00a0Minute\" \/>\n<script type=\"application\/ld+json\" class=\"yoast-schema-graph\">{\"@context\":\"https:\\\/\\\/schema.org\",\"@graph\":[{\"@type\":\"WebPage\",\"@id\":\"https:\\\/\\\/insektenliebe.com\\\/de\\\/shop\\\/produkt\\\/lissachatina-fulica-vollalbino\\\/\",\"url\":\"https:\\\/\\\/insektenliebe.com\\\/de\\\/shop\\\/produkt\\\/lissachatina-fulica-vollalbino\\\/\",\"name\":\"Lissachatina fulica \\\"Vollalbino\\\" - Insektenliebe\",\"isPartOf\":{\"@id\":\"https:\\\/\\\/insektenliebe.com\\\/de\\\/#website\"},\"primaryImageOfPage\":{\"@id\":\"https:\\\/\\\/insektenliebe.com\\\/de\\\/shop\\\/produkt\\\/lissachatina-fulica-vollalbino\\\/#primaryimage\"},\"image\":{\"@id\":\"https:\\\/\\\/insektenliebe.com\\\/de\\\/shop\\\/produkt\\\/lissachatina-fulica-vollalbino\\\/#primaryimage\"},\"thumbnailUrl\":\"https:\\\/\\\/insektenliebe.com\\\/wp-content\\\/uploads\\\/2025\\\/05\\\/Lissachatina-fulica-_Vollalbino_-scaled-3.jpg\",\"datePublished\":\"2020-06-27T14:13:27+00:00\",\"dateModified\":\"2026-01-28T20:30:24+00:00\",\"description\":\"G\u00fcnstige Lissachatina fulica \\\"Vollalbino\\\" online kaufen. Hierbei handelt es sich um wundersch\u00f6ne Nachzuchten, die man direkt beim Z\u00fcchter kaufen kann.\",\"breadcrumb\":{\"@id\":\"https:\\\/\\\/insektenliebe.com\\\/de\\\/shop\\\/produkt\\\/lissachatina-fulica-vollalbino\\\/#breadcrumb\"},\"inLanguage\":\"de\",\"potentialAction\":[{\"@type\":\"ReadAction\",\"target\":[\"https:\\\/\\\/insektenliebe.com\\\/de\\\/shop\\\/produkt\\\/lissachatina-fulica-vollalbino\\\/\"]}]},{\"@type\":\"ImageObject\",\"inLanguage\":\"de\",\"@id\":\"https:\\\/\\\/insektenliebe.com\\\/de\\\/shop\\\/produkt\\\/lissachatina-fulica-vollalbino\\\/#primaryimage\",\"url\":\"https:\\\/\\\/insektenliebe.com\\\/wp-content\\\/uploads\\\/2025\\\/05\\\/Lissachatina-fulica-_Vollalbino_-scaled-3.jpg\",\"contentUrl\":\"https:\\\/\\\/insektenliebe.com\\\/wp-content\\\/uploads\\\/2025\\\/05\\\/Lissachatina-fulica-_Vollalbino_-scaled-3.jpg\",\"width\":2560,\"height\":1707,\"caption\":\"Lissachatina-fulica-_Vollalbino_-scaled-3.jpg\"},{\"@type\":\"BreadcrumbList\",\"@id\":\"https:\\\/\\\/insektenliebe.com\\\/de\\\/shop\\\/produkt\\\/lissachatina-fulica-vollalbino\\\/#breadcrumb\",\"itemListElement\":[{\"@type\":\"ListItem\",\"position\":1,\"name\":\"Startseite\",\"item\":\"https:\\\/\\\/insektenliebe.com\\\/de\\\/\"},{\"@type\":\"ListItem\",\"position\":2,\"name\":\"Shop\",\"item\":\"https:\\\/\\\/insektenliebe.com\\\/de\\\/shop\\\/\"},{\"@type\":\"ListItem\",\"position\":3,\"name\":\"Lissachatina fulica &#8222;Vollalbino&#8220;\"}]},{\"@type\":\"WebSite\",\"@id\":\"https:\\\/\\\/insektenliebe.com\\\/de\\\/#website\",\"url\":\"https:\\\/\\\/insektenliebe.com\\\/de\\\/\",\"name\":\"Insektenliebe\",\"description\":\"Dein Zuhause f\u00fcr die kleinen Lebewesen\",\"publisher\":{\"@id\":\"https:\\\/\\\/insektenliebe.com\\\/de\\\/#organization\"},\"potentialAction\":[{\"@type\":\"SearchAction\",\"target\":{\"@type\":\"EntryPoint\",\"urlTemplate\":\"https:\\\/\\\/insektenliebe.com\\\/de\\\/?s={search_term_string}\"},\"query-input\":{\"@type\":\"PropertyValueSpecification\",\"valueRequired\":true,\"valueName\":\"search_term_string\"}}],\"inLanguage\":\"de\"},{\"@type\":\"Organization\",\"@id\":\"https:\\\/\\\/insektenliebe.com\\\/de\\\/#organization\",\"name\":\"Insektenliebe\",\"url\":\"https:\\\/\\\/insektenliebe.com\\\/de\\\/\",\"logo\":{\"@type\":\"ImageObject\",\"inLanguage\":\"de\",\"@id\":\"https:\\\/\\\/insektenliebe.com\\\/de\\\/#\\\/schema\\\/logo\\\/image\\\/\",\"url\":\"https:\\\/\\\/insektenliebe.com\\\/wp-content\\\/uploads\\\/2025\\\/03\\\/logo-white.png\",\"contentUrl\":\"https:\\\/\\\/insektenliebe.com\\\/wp-content\\\/uploads\\\/2025\\\/03\\\/logo-white.png\",\"width\":288,\"height\":188,\"caption\":\"Insektenliebe\"},\"image\":{\"@id\":\"https:\\\/\\\/insektenliebe.com\\\/de\\\/#\\\/schema\\\/logo\\\/image\\\/\"}}]}<\/script>\n<!-- \/ Yoast SEO plugin. -->","yoast_head_json":{"title":"Lissachatina fulica \"Vollalbino\" - Insektenliebe","description":"G\u00fcnstige Lissachatina fulica \"Vollalbino\" online kaufen. Hierbei handelt es sich um wundersch\u00f6ne Nachzuchten, die man direkt beim Z\u00fcchter kaufen kann.","robots":{"index":"index","follow":"follow","max-snippet":"max-snippet:-1","max-image-preview":"max-image-preview:large","max-video-preview":"max-video-preview:-1"},"canonical":"https:\/\/insektenliebe.com\/de\/shop\/produkt\/lissachatina-fulica-vollalbino\/","og_locale":"de_DE","og_type":"article","og_title":"Lissachatina fulica \"Vollalbino\" - Insektenliebe","og_description":"G\u00fcnstige Lissachatina fulica \"Vollalbino\" online kaufen. Hierbei handelt es sich um wundersch\u00f6ne Nachzuchten, die man direkt beim Z\u00fcchter kaufen kann.","og_url":"https:\/\/insektenliebe.com\/de\/shop\/produkt\/lissachatina-fulica-vollalbino\/","og_site_name":"Insektenliebe","article_modified_time":"2026-01-28T20:30:24+00:00","og_image":[{"width":2560,"height":1707,"url":"https:\/\/insektenliebe.com\/wp-content\/uploads\/2025\/05\/Lissachatina-fulica-_Vollalbino_-scaled-3.jpg","type":"image\/jpeg"}],"twitter_card":"summary_large_image","twitter_misc":{"Gesch\u00e4tzte Lesezeit":"1\u00a0Minute"},"schema":{"@context":"https:\/\/schema.org","@graph":[{"@type":"WebPage","@id":"https:\/\/insektenliebe.com\/de\/shop\/produkt\/lissachatina-fulica-vollalbino\/","url":"https:\/\/insektenliebe.com\/de\/shop\/produkt\/lissachatina-fulica-vollalbino\/","name":"Lissachatina fulica \"Vollalbino\" - Insektenliebe","isPartOf":{"@id":"https:\/\/insektenliebe.com\/de\/#website"},"primaryImageOfPage":{"@id":"https:\/\/insektenliebe.com\/de\/shop\/produkt\/lissachatina-fulica-vollalbino\/#primaryimage"},"image":{"@id":"https:\/\/insektenliebe.com\/de\/shop\/produkt\/lissachatina-fulica-vollalbino\/#primaryimage"},"thumbnailUrl":"https:\/\/insektenliebe.com\/wp-content\/uploads\/2025\/05\/Lissachatina-fulica-_Vollalbino_-scaled-3.jpg","datePublished":"2020-06-27T14:13:27+00:00","dateModified":"2026-01-28T20:30:24+00:00","description":"G\u00fcnstige Lissachatina fulica \"Vollalbino\" online kaufen. Hierbei handelt es sich um wundersch\u00f6ne Nachzuchten, die man direkt beim Z\u00fcchter kaufen kann.","breadcrumb":{"@id":"https:\/\/insektenliebe.com\/de\/shop\/produkt\/lissachatina-fulica-vollalbino\/#breadcrumb"},"inLanguage":"de","potentialAction":[{"@type":"ReadAction","target":["https:\/\/insektenliebe.com\/de\/shop\/produkt\/lissachatina-fulica-vollalbino\/"]}]},{"@type":"ImageObject","inLanguage":"de","@id":"https:\/\/insektenliebe.com\/de\/shop\/produkt\/lissachatina-fulica-vollalbino\/#primaryimage","url":"https:\/\/insektenliebe.com\/wp-content\/uploads\/2025\/05\/Lissachatina-fulica-_Vollalbino_-scaled-3.jpg","contentUrl":"https:\/\/insektenliebe.com\/wp-content\/uploads\/2025\/05\/Lissachatina-fulica-_Vollalbino_-scaled-3.jpg","width":2560,"height":1707,"caption":"Lissachatina-fulica-_Vollalbino_-scaled-3.jpg"},{"@type":"BreadcrumbList","@id":"https:\/\/insektenliebe.com\/de\/shop\/produkt\/lissachatina-fulica-vollalbino\/#breadcrumb","itemListElement":[{"@type":"ListItem","position":1,"name":"Startseite","item":"https:\/\/insektenliebe.com\/de\/"},{"@type":"ListItem","position":2,"name":"Shop","item":"https:\/\/insektenliebe.com\/de\/shop\/"},{"@type":"ListItem","position":3,"name":"Lissachatina fulica &#8222;Vollalbino&#8220;"}]},{"@type":"WebSite","@id":"https:\/\/insektenliebe.com\/de\/#website","url":"https:\/\/insektenliebe.com\/de\/","name":"Insektenliebe","description":"Dein Zuhause f\u00fcr die kleinen Lebewesen","publisher":{"@id":"https:\/\/insektenliebe.com\/de\/#organization"},"potentialAction":[{"@type":"SearchAction","target":{"@type":"EntryPoint","urlTemplate":"https:\/\/insektenliebe.com\/de\/?s={search_term_string}"},"query-input":{"@type":"PropertyValueSpecification","valueRequired":true,"valueName":"search_term_string"}}],"inLanguage":"de"},{"@type":"Organization","@id":"https:\/\/insektenliebe.com\/de\/#organization","name":"Insektenliebe","url":"https:\/\/insektenliebe.com\/de\/","logo":{"@type":"ImageObject","inLanguage":"de","@id":"https:\/\/insektenliebe.com\/de\/#\/schema\/logo\/image\/","url":"https:\/\/insektenliebe.com\/wp-content\/uploads\/2025\/03\/logo-white.png","contentUrl":"https:\/\/insektenliebe.com\/wp-content\/uploads\/2025\/03\/logo-white.png","width":288,"height":188,"caption":"Insektenliebe"},"image":{"@id":"https:\/\/insektenliebe.com\/de\/#\/schema\/logo\/image\/"}}]}},"_links":{"self":[{"href":"https:\/\/insektenliebe.com\/de\/wp-json\/wp\/v2\/product\/4849","targetHints":{"allow":["GET"]}}],"collection":[{"href":"https:\/\/insektenliebe.com\/de\/wp-json\/wp\/v2\/product"}],"about":[{"href":"https:\/\/insektenliebe.com\/de\/wp-json\/wp\/v2\/types\/product"}],"wp:featuredmedia":[{"embeddable":true,"href":"https:\/\/insektenliebe.com\/de\/wp-json\/wp\/v2\/media\/4902"}],"wp:attachment":[{"href":"https:\/\/insektenliebe.com\/de\/wp-json\/wp\/v2\/media?parent=4849"}],"wp:term":[{"taxonomy":"product-supplier","embeddable":true,"href":"https:\/\/insektenliebe.com\/de\/wp-json\/wp\/v2\/product-supplier?post=4849"},{"taxonomy":"product_brand","embeddable":true,"href":"https:\/\/insektenliebe.com\/de\/wp-json\/wp\/v2\/product_brand?post=4849"},{"taxonomy":"product_cat","embeddable":true,"href":"https:\/\/insektenliebe.com\/de\/wp-json\/wp\/v2\/product_cat?post=4849"},{"taxonomy":"product_tag","embeddable":true,"href":"https:\/\/insektenliebe.com\/de\/wp-json\/wp\/v2\/product_tag?post=4849"},{"taxonomy":"lce-checkout-addons","embeddable":true,"href":"https:\/\/insektenliebe.com\/de\/wp-json\/wp\/v2\/lce-checkout-addons?post=4849"}],"curies":[{"name":"wp","href":"https:\/\/api.w.org\/{rel}","templated":true}]}}