{"id":4848,"date":"2023-09-12T10:08:00","date_gmt":"2023-09-12T08:08:00","guid":{"rendered":"http:\/\/localhost\/ins-test\/?post_type=product&#038;p=4848"},"modified":"2026-02-05T13:28:56","modified_gmt":"2026-02-05T12:28:56","slug":"assel-terrarium-komplettset","status":"publish","type":"product","link":"https:\/\/insektenliebe.com\/de\/shop\/produkt\/assel-terrarium-komplettset\/","title":{"rendered":"Assel Terrarium Komplettset"},"content":{"rendered":"<h3><span style=\"color: #99cc33;\">Das Assel Terrarium Komplettset: Dein idealer Einstieg in die Welt der Asselhaltung!<\/span><\/h3>\n<p>Du m\u00f6chtest in die faszinierende Welt der Asseln eintauchen? Mit unserem <strong>Assel Terrarium Komplettset<\/strong> bist du bestens ausger\u00fcstet. Es eignet sich f\u00fcr alle Asselarten und bietet dir eine perfekte Grundlage, um deinen kleinen Krabbeltieren ein behagliches Zuhause zu bieten.<\/p>\n<p>Das <strong>Assel Terrarium Komplettset<\/strong> mit einer Gr\u00f6\u00dfe von 30 x 30 x 30 cm gibt dir ausreichend Raum f\u00fcr die kreative Gestaltung deiner eigenen kleinen Asselwelt. Der innovative Gazedeckel erm\u00f6glicht es, das Terrarium super praktisch von oben zu \u00f6ffnen. Dies ist besonders vorteilhaft, wenn du Futter nachlegen m\u00f6chtest oder einfach mal nach deinen Tieren schauen willst, ohne sie zu st\u00f6ren. Dank des Gazedeckels kannst du au\u00dferdem die Substrath\u00f6he individuell gestalten und sorgst gleichzeitig f\u00fcr eine optimale Bel\u00fcftung. Bef\u00fcrchtest du eine zu schnelle Verdunstung? Kein Problem! Einfach mit einer Plexiglasplatte oder Frischhaltefolie abdecken und die Feuchtigkeit bleibt erhalten.<\/p>\n<p>Mit unserem sterilisierten Waldhumus schaffst du die ideale Basis f\u00fcr dein Asselheim. 6L dieses hochwertigen Substrats f\u00fcllen die Einf\u00fcllh\u00f6he ideal aus. Und da Asseln Kalk f\u00fcr ihr Exoskelett brauchen, haben wir an eine Dose Muschelgrit gedacht. Diesen mischst du unter den Waldhumus, sodass ein perfektes kalkhaltiges Bodensubstrat entsteht.<\/p>\n<p>Zum Schlemmen bieten wir deinen Asseln 1 Liter Wei\u00dffaules Holz und 1 Liter Laub. Eine k\u00f6stliche Mahlzeit, die du an einer festen Stelle im Terrarium immer wieder nachlegen kannst. Und die Sepiaschale ist nicht nur eine zus\u00e4tzliche Kalkquelle, sie wird von den Asseln auch besonders gerne angenommen, da sie so weich ist.<\/p>\n<p>F\u00fcr den perfekten R\u00fcckzugsort sorgt das Hobby Natural Moos. Einfach in Wasser aufweichen und schon kannst du eine feuchte Ecke im <strong>Assel Terrarium Komplettset<\/strong> einrichten. Ein sicherer Ort, vor allem w\u00e4hrend der H\u00e4utung der Asseln.<\/p>\n<p>Unser Hobby Kalkstein ist nicht nur eine Augenweide, er bietet mit seinen vielen L\u00f6chern und Verstecken auch optimalen Raum f\u00fcr die Asseln zum Verstecken und Spielen. Und die Buddahnuss \u2013 eine nat\u00fcrliche Nussschale \u2013 wird sicherlich schnell zum Lieblingsplatz deiner Asseln werden. Ein dunkles, gem\u00fctliches Versteck, das sich zudem hervorragend ins nat\u00fcrliche Design deines <strong>Assel Terrarium Komplettset<\/strong> einf\u00fcgt.<\/p>\n<p>Verwandle dein Zuhause in ein Paradies f\u00fcr Asseln. Mit unserem <strong>Assel Terrarium Komplettset<\/strong> gelingt dir der Einstieg m\u00fchelos!<\/p>\n","protected":false},"excerpt":{"rendered":"<p>Das Assel Terrarium Komplettset: Dein idealer Einstieg in die Welt der Asselhaltung! Du m\u00f6chtest in die faszinierende Welt der Asseln eintauchen? Mit unserem Assel Terrarium Komplettset bist du bestens ausger\u00fcstet. Es eignet sich f\u00fcr alle Asselarten und bietet dir eine perfekte Grundlage, um deinen kleinen Krabbeltieren ein behagliches Zuhause zu bieten. Das Assel Terrarium Komplettset [&hellip;]<\/p>\n","protected":false},"featured_media":4901,"template":"","meta":{"_acf_changed":false},"product-supplier":[],"product_brand":[],"product_cat":[2656],"product_tag":[],"lce-checkout-addons":[],"class_list":{"0":"post-4848","1":"product","2":"type-product","3":"status-publish","4":"has-post-thumbnail","6":"product_cat-komplettsets","7":"product_shipping_class-equipment-shipping","9":"first","10":"instock","11":"sale","12":"taxable","13":"shipping-taxable","14":"purchasable","15":"product-type-bundle"},"acf":[],"yoast_head":"<!-- This site is optimized with the Yoast SEO plugin v27.3 - https:\/\/yoast.com\/product\/yoast-seo-wordpress\/ -->\n<title>Assel Terrarium Komplettset - Insektenliebe<\/title>\n<meta name=\"description\" content=\"Hier kannst du ein Assel Terrarium Komplettset direkt online kaufen. Unser Assel Terrarium Komplettset eignen sich f\u00fcr alle Asselarten.\" \/>\n<meta name=\"robots\" content=\"index, follow, max-snippet:-1, max-image-preview:large, max-video-preview:-1\" \/>\n<link rel=\"canonical\" href=\"https:\/\/insektenliebe.com\/de\/shop\/produkt\/assel-terrarium-komplettset\/\" \/>\n<meta property=\"og:locale\" content=\"de_DE\" \/>\n<meta property=\"og:type\" content=\"article\" \/>\n<meta property=\"og:title\" content=\"Assel Terrarium Komplettset - Insektenliebe\" \/>\n<meta property=\"og:description\" content=\"Hier kannst du ein Assel Terrarium Komplettset direkt online kaufen. Unser Assel Terrarium Komplettset eignen sich f\u00fcr alle Asselarten.\" \/>\n<meta property=\"og:url\" content=\"https:\/\/insektenliebe.com\/de\/shop\/produkt\/assel-terrarium-komplettset\/\" \/>\n<meta property=\"og:site_name\" content=\"Insektenliebe\" \/>\n<meta property=\"article:modified_time\" content=\"2026-02-05T12:28:56+00:00\" \/>\n<meta property=\"og:image\" content=\"https:\/\/insektenliebe.com\/wp-content\/uploads\/2025\/05\/Assel-Terrarium-Komplettset-eingerichtet-2.jpg\" \/>\n\t<meta property=\"og:image:width\" content=\"820\" \/>\n\t<meta property=\"og:image:height\" content=\"820\" \/>\n\t<meta property=\"og:image:type\" content=\"image\/jpeg\" \/>\n<meta name=\"twitter:card\" content=\"summary_large_image\" \/>\n<meta name=\"twitter:label1\" content=\"Gesch\u00e4tzte Lesezeit\" \/>\n\t<meta name=\"twitter:data1\" content=\"3\u00a0Minuten\" \/>\n<script type=\"application\/ld+json\" class=\"yoast-schema-graph\">{\"@context\":\"https:\\\/\\\/schema.org\",\"@graph\":[{\"@type\":\"WebPage\",\"@id\":\"https:\\\/\\\/insektenliebe.com\\\/de\\\/shop\\\/produkt\\\/assel-terrarium-komplettset\\\/\",\"url\":\"https:\\\/\\\/insektenliebe.com\\\/de\\\/shop\\\/produkt\\\/assel-terrarium-komplettset\\\/\",\"name\":\"Assel Terrarium Komplettset - Insektenliebe\",\"isPartOf\":{\"@id\":\"https:\\\/\\\/insektenliebe.com\\\/de\\\/#website\"},\"primaryImageOfPage\":{\"@id\":\"https:\\\/\\\/insektenliebe.com\\\/de\\\/shop\\\/produkt\\\/assel-terrarium-komplettset\\\/#primaryimage\"},\"image\":{\"@id\":\"https:\\\/\\\/insektenliebe.com\\\/de\\\/shop\\\/produkt\\\/assel-terrarium-komplettset\\\/#primaryimage\"},\"thumbnailUrl\":\"https:\\\/\\\/insektenliebe.com\\\/wp-content\\\/uploads\\\/2025\\\/05\\\/Assel-Terrarium-Komplettset-eingerichtet-2.jpg\",\"datePublished\":\"2023-09-12T08:08:00+00:00\",\"dateModified\":\"2026-02-05T12:28:56+00:00\",\"description\":\"Hier kannst du ein Assel Terrarium Komplettset direkt online kaufen. Unser Assel Terrarium Komplettset eignen sich f\u00fcr alle Asselarten.\",\"breadcrumb\":{\"@id\":\"https:\\\/\\\/insektenliebe.com\\\/de\\\/shop\\\/produkt\\\/assel-terrarium-komplettset\\\/#breadcrumb\"},\"inLanguage\":\"de\",\"potentialAction\":[{\"@type\":\"ReadAction\",\"target\":[\"https:\\\/\\\/insektenliebe.com\\\/de\\\/shop\\\/produkt\\\/assel-terrarium-komplettset\\\/\"]}]},{\"@type\":\"ImageObject\",\"inLanguage\":\"de\",\"@id\":\"https:\\\/\\\/insektenliebe.com\\\/de\\\/shop\\\/produkt\\\/assel-terrarium-komplettset\\\/#primaryimage\",\"url\":\"https:\\\/\\\/insektenliebe.com\\\/wp-content\\\/uploads\\\/2025\\\/05\\\/Assel-Terrarium-Komplettset-eingerichtet-2.jpg\",\"contentUrl\":\"https:\\\/\\\/insektenliebe.com\\\/wp-content\\\/uploads\\\/2025\\\/05\\\/Assel-Terrarium-Komplettset-eingerichtet-2.jpg\",\"width\":820,\"height\":820,\"caption\":\"Assel-Terrarium-Komplettset-eingerichtet-2.jpg\"},{\"@type\":\"BreadcrumbList\",\"@id\":\"https:\\\/\\\/insektenliebe.com\\\/de\\\/shop\\\/produkt\\\/assel-terrarium-komplettset\\\/#breadcrumb\",\"itemListElement\":[{\"@type\":\"ListItem\",\"position\":1,\"name\":\"Startseite\",\"item\":\"https:\\\/\\\/insektenliebe.com\\\/de\\\/\"},{\"@type\":\"ListItem\",\"position\":2,\"name\":\"Shop\",\"item\":\"https:\\\/\\\/insektenliebe.com\\\/de\\\/shop\\\/\"},{\"@type\":\"ListItem\",\"position\":3,\"name\":\"Assel Terrarium Komplettset\"}]},{\"@type\":\"WebSite\",\"@id\":\"https:\\\/\\\/insektenliebe.com\\\/de\\\/#website\",\"url\":\"https:\\\/\\\/insektenliebe.com\\\/de\\\/\",\"name\":\"Insektenliebe\",\"description\":\"Dein Zuhause f\u00fcr die kleinen Lebewesen\",\"publisher\":{\"@id\":\"https:\\\/\\\/insektenliebe.com\\\/de\\\/#organization\"},\"potentialAction\":[{\"@type\":\"SearchAction\",\"target\":{\"@type\":\"EntryPoint\",\"urlTemplate\":\"https:\\\/\\\/insektenliebe.com\\\/de\\\/?s={search_term_string}\"},\"query-input\":{\"@type\":\"PropertyValueSpecification\",\"valueRequired\":true,\"valueName\":\"search_term_string\"}}],\"inLanguage\":\"de\"},{\"@type\":\"Organization\",\"@id\":\"https:\\\/\\\/insektenliebe.com\\\/de\\\/#organization\",\"name\":\"Insektenliebe\",\"url\":\"https:\\\/\\\/insektenliebe.com\\\/de\\\/\",\"logo\":{\"@type\":\"ImageObject\",\"inLanguage\":\"de\",\"@id\":\"https:\\\/\\\/insektenliebe.com\\\/de\\\/#\\\/schema\\\/logo\\\/image\\\/\",\"url\":\"https:\\\/\\\/insektenliebe.com\\\/wp-content\\\/uploads\\\/2025\\\/03\\\/logo-white.png\",\"contentUrl\":\"https:\\\/\\\/insektenliebe.com\\\/wp-content\\\/uploads\\\/2025\\\/03\\\/logo-white.png\",\"width\":288,\"height\":188,\"caption\":\"Insektenliebe\"},\"image\":{\"@id\":\"https:\\\/\\\/insektenliebe.com\\\/de\\\/#\\\/schema\\\/logo\\\/image\\\/\"}}]}<\/script>\n<!-- \/ Yoast SEO plugin. -->","yoast_head_json":{"title":"Assel Terrarium Komplettset - Insektenliebe","description":"Hier kannst du ein Assel Terrarium Komplettset direkt online kaufen. Unser Assel Terrarium Komplettset eignen sich f\u00fcr alle Asselarten.","robots":{"index":"index","follow":"follow","max-snippet":"max-snippet:-1","max-image-preview":"max-image-preview:large","max-video-preview":"max-video-preview:-1"},"canonical":"https:\/\/insektenliebe.com\/de\/shop\/produkt\/assel-terrarium-komplettset\/","og_locale":"de_DE","og_type":"article","og_title":"Assel Terrarium Komplettset - Insektenliebe","og_description":"Hier kannst du ein Assel Terrarium Komplettset direkt online kaufen. Unser Assel Terrarium Komplettset eignen sich f\u00fcr alle Asselarten.","og_url":"https:\/\/insektenliebe.com\/de\/shop\/produkt\/assel-terrarium-komplettset\/","og_site_name":"Insektenliebe","article_modified_time":"2026-02-05T12:28:56+00:00","og_image":[{"width":820,"height":820,"url":"https:\/\/insektenliebe.com\/wp-content\/uploads\/2025\/05\/Assel-Terrarium-Komplettset-eingerichtet-2.jpg","type":"image\/jpeg"}],"twitter_card":"summary_large_image","twitter_misc":{"Gesch\u00e4tzte Lesezeit":"3\u00a0Minuten"},"schema":{"@context":"https:\/\/schema.org","@graph":[{"@type":"WebPage","@id":"https:\/\/insektenliebe.com\/de\/shop\/produkt\/assel-terrarium-komplettset\/","url":"https:\/\/insektenliebe.com\/de\/shop\/produkt\/assel-terrarium-komplettset\/","name":"Assel Terrarium Komplettset - Insektenliebe","isPartOf":{"@id":"https:\/\/insektenliebe.com\/de\/#website"},"primaryImageOfPage":{"@id":"https:\/\/insektenliebe.com\/de\/shop\/produkt\/assel-terrarium-komplettset\/#primaryimage"},"image":{"@id":"https:\/\/insektenliebe.com\/de\/shop\/produkt\/assel-terrarium-komplettset\/#primaryimage"},"thumbnailUrl":"https:\/\/insektenliebe.com\/wp-content\/uploads\/2025\/05\/Assel-Terrarium-Komplettset-eingerichtet-2.jpg","datePublished":"2023-09-12T08:08:00+00:00","dateModified":"2026-02-05T12:28:56+00:00","description":"Hier kannst du ein Assel Terrarium Komplettset direkt online kaufen. Unser Assel Terrarium Komplettset eignen sich f\u00fcr alle Asselarten.","breadcrumb":{"@id":"https:\/\/insektenliebe.com\/de\/shop\/produkt\/assel-terrarium-komplettset\/#breadcrumb"},"inLanguage":"de","potentialAction":[{"@type":"ReadAction","target":["https:\/\/insektenliebe.com\/de\/shop\/produkt\/assel-terrarium-komplettset\/"]}]},{"@type":"ImageObject","inLanguage":"de","@id":"https:\/\/insektenliebe.com\/de\/shop\/produkt\/assel-terrarium-komplettset\/#primaryimage","url":"https:\/\/insektenliebe.com\/wp-content\/uploads\/2025\/05\/Assel-Terrarium-Komplettset-eingerichtet-2.jpg","contentUrl":"https:\/\/insektenliebe.com\/wp-content\/uploads\/2025\/05\/Assel-Terrarium-Komplettset-eingerichtet-2.jpg","width":820,"height":820,"caption":"Assel-Terrarium-Komplettset-eingerichtet-2.jpg"},{"@type":"BreadcrumbList","@id":"https:\/\/insektenliebe.com\/de\/shop\/produkt\/assel-terrarium-komplettset\/#breadcrumb","itemListElement":[{"@type":"ListItem","position":1,"name":"Startseite","item":"https:\/\/insektenliebe.com\/de\/"},{"@type":"ListItem","position":2,"name":"Shop","item":"https:\/\/insektenliebe.com\/de\/shop\/"},{"@type":"ListItem","position":3,"name":"Assel Terrarium Komplettset"}]},{"@type":"WebSite","@id":"https:\/\/insektenliebe.com\/de\/#website","url":"https:\/\/insektenliebe.com\/de\/","name":"Insektenliebe","description":"Dein Zuhause f\u00fcr die kleinen Lebewesen","publisher":{"@id":"https:\/\/insektenliebe.com\/de\/#organization"},"potentialAction":[{"@type":"SearchAction","target":{"@type":"EntryPoint","urlTemplate":"https:\/\/insektenliebe.com\/de\/?s={search_term_string}"},"query-input":{"@type":"PropertyValueSpecification","valueRequired":true,"valueName":"search_term_string"}}],"inLanguage":"de"},{"@type":"Organization","@id":"https:\/\/insektenliebe.com\/de\/#organization","name":"Insektenliebe","url":"https:\/\/insektenliebe.com\/de\/","logo":{"@type":"ImageObject","inLanguage":"de","@id":"https:\/\/insektenliebe.com\/de\/#\/schema\/logo\/image\/","url":"https:\/\/insektenliebe.com\/wp-content\/uploads\/2025\/03\/logo-white.png","contentUrl":"https:\/\/insektenliebe.com\/wp-content\/uploads\/2025\/03\/logo-white.png","width":288,"height":188,"caption":"Insektenliebe"},"image":{"@id":"https:\/\/insektenliebe.com\/de\/#\/schema\/logo\/image\/"}}]}},"_links":{"self":[{"href":"https:\/\/insektenliebe.com\/de\/wp-json\/wp\/v2\/product\/4848","targetHints":{"allow":["GET"]}}],"collection":[{"href":"https:\/\/insektenliebe.com\/de\/wp-json\/wp\/v2\/product"}],"about":[{"href":"https:\/\/insektenliebe.com\/de\/wp-json\/wp\/v2\/types\/product"}],"wp:featuredmedia":[{"embeddable":true,"href":"https:\/\/insektenliebe.com\/de\/wp-json\/wp\/v2\/media\/4901"}],"wp:attachment":[{"href":"https:\/\/insektenliebe.com\/de\/wp-json\/wp\/v2\/media?parent=4848"}],"wp:term":[{"taxonomy":"product-supplier","embeddable":true,"href":"https:\/\/insektenliebe.com\/de\/wp-json\/wp\/v2\/product-supplier?post=4848"},{"taxonomy":"product_brand","embeddable":true,"href":"https:\/\/insektenliebe.com\/de\/wp-json\/wp\/v2\/product_brand?post=4848"},{"taxonomy":"product_cat","embeddable":true,"href":"https:\/\/insektenliebe.com\/de\/wp-json\/wp\/v2\/product_cat?post=4848"},{"taxonomy":"product_tag","embeddable":true,"href":"https:\/\/insektenliebe.com\/de\/wp-json\/wp\/v2\/product_tag?post=4848"},{"taxonomy":"lce-checkout-addons","embeddable":true,"href":"https:\/\/insektenliebe.com\/de\/wp-json\/wp\/v2\/lce-checkout-addons?post=4848"}],"curies":[{"name":"wp","href":"https:\/\/api.w.org\/{rel}","templated":true}]}}