{"id":4847,"date":"2020-06-25T21:20:00","date_gmt":"2020-06-25T19:20:00","guid":{"rendered":"http:\/\/localhost\/ins-test\/?post_type=product&#038;p=4847"},"modified":"2026-01-30T07:22:42","modified_gmt":"2026-01-30T06:22:42","slug":"vogelspinnen-skorpion-terrarium-komplettset","status":"publish","type":"product","link":"https:\/\/insektenliebe.com\/de\/shop\/produkt\/vogelspinnen-skorpion-terrarium-komplettset\/","title":{"rendered":"Vogelspinnen &#038; Skorpion Terrarium Komplettset"},"content":{"rendered":"<h3><span style=\"color: #99cc33;\">Das Premium Terrarium Komplettset f\u00fcr Vogelspinnen &amp; Skorpione: Naturgetreu, Funktionell &amp; Stilvoll!<\/span><\/h3>\n<p>Hast du eine Leidenschaft f\u00fcr die faszinierenden Welten von Vogelspinnen und Skorpionen? Tr\u00e4umst du davon, ihnen ein artgerechtes Zuhause zu bieten, ohne dich durch den Dschungel an Ausstattungsoptionen k\u00e4mpfen zu m\u00fcssen? Dann haben wir mit dem <strong>Vogelspinnen &amp; Skorpion Terrarium Komplettset <\/strong>genau das Richtige f\u00fcr dich!<\/p>\n<p>Das Kernst\u00fcck des <strong>Vogelspinnen &amp; Skorpion Terrarium Komplettsets<\/strong> ist ein funktional gestaltetes Terrarium mit den Ma\u00dfen 30 x 30 x 30 cm. Perfekt dimensioniert, um deinen Tieren gen\u00fcgend Raum zur Entfaltung zu bieten, ohne wertvollen Platz in deinem Zuhause zu beanspruchen.<\/p>\n<p>Mit dem <strong>Vogelspinnen &amp; Skorpion Terrarium Komplettset<\/strong> erh\u00e4ltst du nicht nur einen Lebensraum f\u00fcr deine Tiere, sondern auch ein durchdachtes Bel\u00fcftungssystem. Der Gazedeckel l\u00e4sst sich einfach aufschieben und gew\u00e4hrleistet eine stets optimale Luftzirkulation. Bei Bedarf kann das Terrarium zus\u00e4tzlich mit einer Plexiglasplatte oder Frischhaltefolie abgedeckt werden, um die Feuchtigkeitsbedingungen perfekt zu regulieren.<\/p>\n<p>Im Herzen des <strong>Vogelspinnen &amp; Skorpion Terrarium Komplettsets<\/strong> findet sich unser 6L sterilisiertes Waldhumus Gebinde. Dies bietet den perfekten Ausgangspunkt f\u00fcr ein artgerechtes Substrat, das das Wohlbefinden deiner Tiere steigert. Zus\u00e4tzliche Elemente wie das Hobby Natural Moos, Korkrinden und die unverw\u00fcstliche Kunstpflanze Amapallo runden das Set ab und verleihen ihm ein naturgetreues Flair.<\/p>\n<p>Der praktische Aspekt des <strong>Vogelspinnen &amp; Skorpion Terrarium Komplettsets<\/strong> zeigt sich in seiner einfachen Handhabung. Mit der von oben zu \u00f6ffnenden Futterluke und dem Fog Pond wird die Pflege deiner Tiere zum Kinderspiel. Dieses Set vereint Funktionalit\u00e4t mit Design, sodass sowohl Einsteiger als auch Profis begeistert sein werden.<\/p>\n<p>Ganz gleich, ob du ein langj\u00e4hriger Enthusiast oder ein neugieriger Anf\u00e4nger bist: Unser <strong>Vogelspinnen &amp; Skorpion Terrarium Komplettset<\/strong> ist die perfekte Wahl, um deinen Tieren ein komfortables und stilvolles Zuhause zu bieten.<\/p>\n","protected":false},"excerpt":{"rendered":"<p>Das Premium Terrarium Komplettset f\u00fcr Vogelspinnen &amp; Skorpione: Naturgetreu, Funktionell &amp; Stilvoll! Hast du eine Leidenschaft f\u00fcr die faszinierenden Welten von Vogelspinnen und Skorpionen? Tr\u00e4umst du davon, ihnen ein artgerechtes Zuhause zu bieten, ohne dich durch den Dschungel an Ausstattungsoptionen k\u00e4mpfen zu m\u00fcssen? Dann haben wir mit dem Vogelspinnen &amp; Skorpion Terrarium Komplettset genau das [&hellip;]<\/p>\n","protected":false},"featured_media":4900,"template":"","meta":{"_acf_changed":false},"product-supplier":[],"product_brand":[],"product_cat":[2656],"product_tag":[],"lce-checkout-addons":[],"class_list":{"0":"post-4847","1":"product","2":"type-product","3":"status-publish","4":"has-post-thumbnail","6":"product_cat-komplettsets","7":"product_shipping_class-equipment-shipping","9":"first","10":"instock","11":"taxable","12":"shipping-taxable","13":"purchasable","14":"product-type-bundle"},"acf":[],"yoast_head":"<!-- This site is optimized with the Yoast SEO Premium plugin v26.8 (Yoast SEO v27.3) - https:\/\/yoast.com\/product\/yoast-seo-premium-wordpress\/ -->\n<title>Vogelspinnen &amp; Skorpion Terrarium Komplettset - Insektenliebe<\/title>\n<meta name=\"robots\" content=\"index, follow, max-snippet:-1, max-image-preview:large, max-video-preview:-1\" \/>\n<link rel=\"canonical\" href=\"https:\/\/insektenliebe.com\/de\/shop\/produkt\/vogelspinnen-skorpion-terrarium-komplettset\/\" \/>\n<meta property=\"og:locale\" content=\"de_DE\" \/>\n<meta property=\"og:type\" content=\"article\" \/>\n<meta property=\"og:title\" content=\"Vogelspinnen &amp; Skorpion Terrarium Komplettset\" \/>\n<meta property=\"og:description\" content=\"Das Premium Terrarium Komplettset f\u00fcr Vogelspinnen &amp; Skorpione: Naturgetreu, Funktionell &amp; Stilvoll! Hast du eine Leidenschaft f\u00fcr die faszinierenden Welten von Vogelspinnen und Skorpionen? Tr\u00e4umst du davon, ihnen ein artgerechtes Zuhause zu bieten, ohne dich durch den Dschungel an Ausstattungsoptionen k\u00e4mpfen zu m\u00fcssen? Dann haben wir mit dem Vogelspinnen &amp; Skorpion Terrarium Komplettset genau das [&hellip;]\" \/>\n<meta property=\"og:url\" content=\"https:\/\/insektenliebe.com\/de\/shop\/produkt\/vogelspinnen-skorpion-terrarium-komplettset\/\" \/>\n<meta property=\"og:site_name\" content=\"Insektenliebe\" \/>\n<meta property=\"article:modified_time\" content=\"2026-01-30T06:22:42+00:00\" \/>\n<meta property=\"og:image\" content=\"https:\/\/insektenliebe.com\/wp-content\/uploads\/2025\/05\/Vogelspinnen-Skorpion-Terrarium-Komplettset-2.jpg\" \/>\n\t<meta property=\"og:image:width\" content=\"820\" \/>\n\t<meta property=\"og:image:height\" content=\"820\" \/>\n\t<meta property=\"og:image:type\" content=\"image\/jpeg\" \/>\n<meta name=\"twitter:card\" content=\"summary_large_image\" \/>\n<meta name=\"twitter:label1\" content=\"Preis\" \/>\n\t<meta name=\"twitter:data1\" content=\"100,81&nbsp;&euro; inkl. MwSt. zzgl. Versand\" \/>\n\t<meta name=\"twitter:label2\" content=\"Verf\u00fcgbarkeit\" \/>\n\t<meta name=\"twitter:data2\" content=\"Auf Lager\" \/>\n<script type=\"application\/ld+json\" class=\"yoast-schema-graph\">{\"@context\":\"https:\\\/\\\/schema.org\",\"@graph\":[{\"@type\":\"WebPage\",\"@id\":\"https:\\\/\\\/insektenliebe.com\\\/de\\\/shop\\\/produkt\\\/vogelspinnen-skorpion-terrarium-komplettset\\\/\",\"url\":\"https:\\\/\\\/insektenliebe.com\\\/de\\\/shop\\\/produkt\\\/vogelspinnen-skorpion-terrarium-komplettset\\\/\",\"name\":\"Vogelspinnen & Skorpion Terrarium Komplettset - Insektenliebe\",\"isPartOf\":{\"@id\":\"https:\\\/\\\/insektenliebe.com\\\/de\\\/#website\"},\"primaryImageOfPage\":{\"@id\":\"https:\\\/\\\/insektenliebe.com\\\/de\\\/shop\\\/produkt\\\/vogelspinnen-skorpion-terrarium-komplettset\\\/#primaryimage\"},\"image\":{\"@id\":\"https:\\\/\\\/insektenliebe.com\\\/de\\\/shop\\\/produkt\\\/vogelspinnen-skorpion-terrarium-komplettset\\\/#primaryimage\"},\"thumbnailUrl\":\"https:\\\/\\\/insektenliebe.com\\\/wp-content\\\/uploads\\\/2025\\\/05\\\/Vogelspinnen-Skorpion-Terrarium-Komplettset-2.jpg\",\"datePublished\":\"2020-06-25T19:20:00+00:00\",\"dateModified\":\"2026-01-30T06:22:42+00:00\",\"breadcrumb\":{\"@id\":\"https:\\\/\\\/insektenliebe.com\\\/de\\\/shop\\\/produkt\\\/vogelspinnen-skorpion-terrarium-komplettset\\\/#breadcrumb\"},\"inLanguage\":\"de\",\"potentialAction\":[{\"@type\":\"ReadAction\",\"target\":[\"https:\\\/\\\/insektenliebe.com\\\/de\\\/shop\\\/produkt\\\/vogelspinnen-skorpion-terrarium-komplettset\\\/\"]}]},{\"@type\":\"ImageObject\",\"inLanguage\":\"de\",\"@id\":\"https:\\\/\\\/insektenliebe.com\\\/de\\\/shop\\\/produkt\\\/vogelspinnen-skorpion-terrarium-komplettset\\\/#primaryimage\",\"url\":\"https:\\\/\\\/insektenliebe.com\\\/wp-content\\\/uploads\\\/2025\\\/05\\\/Vogelspinnen-Skorpion-Terrarium-Komplettset-2.jpg\",\"contentUrl\":\"https:\\\/\\\/insektenliebe.com\\\/wp-content\\\/uploads\\\/2025\\\/05\\\/Vogelspinnen-Skorpion-Terrarium-Komplettset-2.jpg\",\"width\":820,\"height\":820,\"caption\":\"Vogelspinnen-Skorpion-Terrarium-Komplettset-2.jpg\"},{\"@type\":\"BreadcrumbList\",\"@id\":\"https:\\\/\\\/insektenliebe.com\\\/de\\\/shop\\\/produkt\\\/vogelspinnen-skorpion-terrarium-komplettset\\\/#breadcrumb\",\"itemListElement\":[{\"@type\":\"ListItem\",\"position\":1,\"name\":\"Startseite\",\"item\":\"https:\\\/\\\/insektenliebe.com\\\/de\\\/\"},{\"@type\":\"ListItem\",\"position\":2,\"name\":\"Shop\",\"item\":\"https:\\\/\\\/insektenliebe.com\\\/de\\\/shop\\\/\"},{\"@type\":\"ListItem\",\"position\":3,\"name\":\"Vogelspinnen &#038; Skorpion Terrarium Komplettset\"}]},{\"@type\":\"WebSite\",\"@id\":\"https:\\\/\\\/insektenliebe.com\\\/de\\\/#website\",\"url\":\"https:\\\/\\\/insektenliebe.com\\\/de\\\/\",\"name\":\"Insektenliebe\",\"description\":\"Dein Zuhause f\u00fcr die kleinen Lebewesen\",\"publisher\":{\"@id\":\"https:\\\/\\\/insektenliebe.com\\\/de\\\/#organization\"},\"potentialAction\":[{\"@type\":\"SearchAction\",\"target\":{\"@type\":\"EntryPoint\",\"urlTemplate\":\"https:\\\/\\\/insektenliebe.com\\\/de\\\/?s={search_term_string}\"},\"query-input\":{\"@type\":\"PropertyValueSpecification\",\"valueRequired\":true,\"valueName\":\"search_term_string\"}}],\"inLanguage\":\"de\"},{\"@type\":\"Organization\",\"@id\":\"https:\\\/\\\/insektenliebe.com\\\/de\\\/#organization\",\"name\":\"Insektenliebe\",\"url\":\"https:\\\/\\\/insektenliebe.com\\\/de\\\/\",\"logo\":{\"@type\":\"ImageObject\",\"inLanguage\":\"de\",\"@id\":\"https:\\\/\\\/insektenliebe.com\\\/de\\\/#\\\/schema\\\/logo\\\/image\\\/\",\"url\":\"https:\\\/\\\/insektenliebe.com\\\/wp-content\\\/uploads\\\/2025\\\/03\\\/logo-white.png\",\"contentUrl\":\"https:\\\/\\\/insektenliebe.com\\\/wp-content\\\/uploads\\\/2025\\\/03\\\/logo-white.png\",\"width\":288,\"height\":188,\"caption\":\"Insektenliebe\"},\"image\":{\"@id\":\"https:\\\/\\\/insektenliebe.com\\\/de\\\/#\\\/schema\\\/logo\\\/image\\\/\"}}]}<\/script>\n<meta property=\"product:price:amount\" content=\"100.81\" \/>\n<meta property=\"product:price:currency\" content=\"EUR\" \/>\n<meta property=\"og:availability\" content=\"instock\" \/>\n<meta property=\"product:availability\" content=\"instock\" \/>\n<meta property=\"product:retailer_item_id\" content=\"168\" \/>\n<meta property=\"product:condition\" content=\"new\" \/>\n<!-- \/ Yoast SEO Premium plugin. -->","yoast_head_json":{"title":"Vogelspinnen & Skorpion Terrarium Komplettset - Insektenliebe","robots":{"index":"index","follow":"follow","max-snippet":"max-snippet:-1","max-image-preview":"max-image-preview:large","max-video-preview":"max-video-preview:-1"},"canonical":"https:\/\/insektenliebe.com\/de\/shop\/produkt\/vogelspinnen-skorpion-terrarium-komplettset\/","og_locale":"de_DE","og_type":"article","og_title":"Vogelspinnen & Skorpion Terrarium Komplettset","og_description":"Das Premium Terrarium Komplettset f\u00fcr Vogelspinnen &amp; Skorpione: Naturgetreu, Funktionell &amp; Stilvoll! Hast du eine Leidenschaft f\u00fcr die faszinierenden Welten von Vogelspinnen und Skorpionen? Tr\u00e4umst du davon, ihnen ein artgerechtes Zuhause zu bieten, ohne dich durch den Dschungel an Ausstattungsoptionen k\u00e4mpfen zu m\u00fcssen? Dann haben wir mit dem Vogelspinnen &amp; Skorpion Terrarium Komplettset genau das [&hellip;]","og_url":"https:\/\/insektenliebe.com\/de\/shop\/produkt\/vogelspinnen-skorpion-terrarium-komplettset\/","og_site_name":"Insektenliebe","article_modified_time":"2026-01-30T06:22:42+00:00","og_image":[{"width":820,"height":820,"url":"https:\/\/insektenliebe.com\/wp-content\/uploads\/2025\/05\/Vogelspinnen-Skorpion-Terrarium-Komplettset-2.jpg","type":"image\/jpeg"}],"twitter_card":"summary_large_image","twitter_misc":{"Preis":"100,81&nbsp;&euro; inkl. MwSt. zzgl. Versand","Verf\u00fcgbarkeit":"Auf Lager"},"schema":{"@context":"https:\/\/schema.org","@graph":[{"@type":"WebPage","@id":"https:\/\/insektenliebe.com\/de\/shop\/produkt\/vogelspinnen-skorpion-terrarium-komplettset\/","url":"https:\/\/insektenliebe.com\/de\/shop\/produkt\/vogelspinnen-skorpion-terrarium-komplettset\/","name":"Vogelspinnen & Skorpion Terrarium Komplettset - Insektenliebe","isPartOf":{"@id":"https:\/\/insektenliebe.com\/de\/#website"},"primaryImageOfPage":{"@id":"https:\/\/insektenliebe.com\/de\/shop\/produkt\/vogelspinnen-skorpion-terrarium-komplettset\/#primaryimage"},"image":{"@id":"https:\/\/insektenliebe.com\/de\/shop\/produkt\/vogelspinnen-skorpion-terrarium-komplettset\/#primaryimage"},"thumbnailUrl":"https:\/\/insektenliebe.com\/wp-content\/uploads\/2025\/05\/Vogelspinnen-Skorpion-Terrarium-Komplettset-2.jpg","datePublished":"2020-06-25T19:20:00+00:00","dateModified":"2026-01-30T06:22:42+00:00","breadcrumb":{"@id":"https:\/\/insektenliebe.com\/de\/shop\/produkt\/vogelspinnen-skorpion-terrarium-komplettset\/#breadcrumb"},"inLanguage":"de","potentialAction":[{"@type":"ReadAction","target":["https:\/\/insektenliebe.com\/de\/shop\/produkt\/vogelspinnen-skorpion-terrarium-komplettset\/"]}]},{"@type":"ImageObject","inLanguage":"de","@id":"https:\/\/insektenliebe.com\/de\/shop\/produkt\/vogelspinnen-skorpion-terrarium-komplettset\/#primaryimage","url":"https:\/\/insektenliebe.com\/wp-content\/uploads\/2025\/05\/Vogelspinnen-Skorpion-Terrarium-Komplettset-2.jpg","contentUrl":"https:\/\/insektenliebe.com\/wp-content\/uploads\/2025\/05\/Vogelspinnen-Skorpion-Terrarium-Komplettset-2.jpg","width":820,"height":820,"caption":"Vogelspinnen-Skorpion-Terrarium-Komplettset-2.jpg"},{"@type":"BreadcrumbList","@id":"https:\/\/insektenliebe.com\/de\/shop\/produkt\/vogelspinnen-skorpion-terrarium-komplettset\/#breadcrumb","itemListElement":[{"@type":"ListItem","position":1,"name":"Startseite","item":"https:\/\/insektenliebe.com\/de\/"},{"@type":"ListItem","position":2,"name":"Shop","item":"https:\/\/insektenliebe.com\/de\/shop\/"},{"@type":"ListItem","position":3,"name":"Vogelspinnen &#038; Skorpion Terrarium Komplettset"}]},{"@type":"WebSite","@id":"https:\/\/insektenliebe.com\/de\/#website","url":"https:\/\/insektenliebe.com\/de\/","name":"Insektenliebe","description":"Dein Zuhause f\u00fcr die kleinen Lebewesen","publisher":{"@id":"https:\/\/insektenliebe.com\/de\/#organization"},"potentialAction":[{"@type":"SearchAction","target":{"@type":"EntryPoint","urlTemplate":"https:\/\/insektenliebe.com\/de\/?s={search_term_string}"},"query-input":{"@type":"PropertyValueSpecification","valueRequired":true,"valueName":"search_term_string"}}],"inLanguage":"de"},{"@type":"Organization","@id":"https:\/\/insektenliebe.com\/de\/#organization","name":"Insektenliebe","url":"https:\/\/insektenliebe.com\/de\/","logo":{"@type":"ImageObject","inLanguage":"de","@id":"https:\/\/insektenliebe.com\/de\/#\/schema\/logo\/image\/","url":"https:\/\/insektenliebe.com\/wp-content\/uploads\/2025\/03\/logo-white.png","contentUrl":"https:\/\/insektenliebe.com\/wp-content\/uploads\/2025\/03\/logo-white.png","width":288,"height":188,"caption":"Insektenliebe"},"image":{"@id":"https:\/\/insektenliebe.com\/de\/#\/schema\/logo\/image\/"}}]},"product_price_amount":"100.81","product_price_currency":"EUR","og_availability":"instock","product_availability":"instock","product_retailer_item_id":"168","product_condition":"new"},"_links":{"self":[{"href":"https:\/\/insektenliebe.com\/de\/wp-json\/wp\/v2\/product\/4847","targetHints":{"allow":["GET"]}}],"collection":[{"href":"https:\/\/insektenliebe.com\/de\/wp-json\/wp\/v2\/product"}],"about":[{"href":"https:\/\/insektenliebe.com\/de\/wp-json\/wp\/v2\/types\/product"}],"wp:featuredmedia":[{"embeddable":true,"href":"https:\/\/insektenliebe.com\/de\/wp-json\/wp\/v2\/media\/4900"}],"wp:attachment":[{"href":"https:\/\/insektenliebe.com\/de\/wp-json\/wp\/v2\/media?parent=4847"}],"wp:term":[{"taxonomy":"product-supplier","embeddable":true,"href":"https:\/\/insektenliebe.com\/de\/wp-json\/wp\/v2\/product-supplier?post=4847"},{"taxonomy":"product_brand","embeddable":true,"href":"https:\/\/insektenliebe.com\/de\/wp-json\/wp\/v2\/product_brand?post=4847"},{"taxonomy":"product_cat","embeddable":true,"href":"https:\/\/insektenliebe.com\/de\/wp-json\/wp\/v2\/product_cat?post=4847"},{"taxonomy":"product_tag","embeddable":true,"href":"https:\/\/insektenliebe.com\/de\/wp-json\/wp\/v2\/product_tag?post=4847"},{"taxonomy":"lce-checkout-addons","embeddable":true,"href":"https:\/\/insektenliebe.com\/de\/wp-json\/wp\/v2\/lce-checkout-addons?post=4847"}],"curies":[{"name":"wp","href":"https:\/\/api.w.org\/{rel}","templated":true}]}}