{"id":4846,"date":"2020-06-25T11:49:53","date_gmt":"2020-06-25T11:49:53","guid":{"rendered":"http:\/\/localhost\/ins-test\/?post_type=product&#038;p=4846"},"modified":"2026-02-10T20:53:55","modified_gmt":"2026-02-10T19:53:55","slug":"reptilia-140-asseln-als-futter-und-terrarientiere","status":"publish","type":"product","link":"https:\/\/insektenliebe.com\/de\/shop\/produkt\/reptilia-140-asseln-als-futter-und-terrarientiere\/","title":{"rendered":"REPTILIA 140 Asseln als Futter- und Terrarientiere"},"content":{"rendered":"<p>Asseln \u2013 klein, grau und h\u00e4sslich? Von wegen! In den letzten Jahren brach eine wahre Flut erstaunlich farbenfroher sowie teils bemerkenswert gro\u00dfer Arten und Farbformen \u00fcber die Terraristik herein. Wir stellen Ihnen ausf\u00fchrlich vor, was derzeit alles in Zucht ist, und zeigen,\u00a0wie Sie diese charismatischen Krebstierchen erfolgreich pflegen und vermehren k\u00f6nnen \u2013 die attraktiven Formen als wundervolle Schautiere, einige besonders vermehrungsfreudige Arten als extrem hochwertige Futtertiere.<\/p>\n","protected":false},"excerpt":{"rendered":"<p>Ausgabe verpasst? Wir haben noch welche da!<\/p>\n","protected":false},"featured_media":4899,"template":"","meta":{"_acf_changed":false},"product-supplier":[],"product_brand":[],"product_cat":[183],"product_tag":[],"lce-checkout-addons":[],"class_list":{"0":"post-4846","1":"product","2":"type-product","3":"status-publish","4":"has-post-thumbnail","6":"product_cat-merchandising-literatur","7":"product_shipping_class-equipment-shipping","9":"first","10":"outofstock","11":"taxable","12":"shipping-taxable","13":"purchasable","14":"product-type-simple"},"acf":[],"yoast_head":"<!-- This site is optimized with the Yoast SEO Premium plugin v26.8 (Yoast SEO v27.3) - https:\/\/yoast.com\/product\/yoast-seo-premium-wordpress\/ -->\n<title>REPTILIA 140 Asseln als Futter- und Terrarientiere - Insektenliebe<\/title>\n<meta name=\"description\" content=\"G\u00fcnstig REPTILIA 140 Asseln als Futter- und Terrarientiere online kaufen. Asseln \u2013 klein, grau und h\u00e4sslich? Von wegen! In den letzten Jahren brach eine...\" \/>\n<meta name=\"robots\" content=\"index, follow, max-snippet:-1, max-image-preview:large, max-video-preview:-1\" \/>\n<link rel=\"canonical\" href=\"https:\/\/insektenliebe.com\/de\/shop\/produkt\/reptilia-140-asseln-als-futter-und-terrarientiere\/\" \/>\n<meta property=\"og:locale\" content=\"de_DE\" \/>\n<meta property=\"og:type\" content=\"article\" \/>\n<meta property=\"og:title\" content=\"REPTILIA 140 Asseln als Futter- und Terrarientiere\" \/>\n<meta property=\"og:description\" content=\"G\u00fcnstig REPTILIA 140 Asseln als Futter- und Terrarientiere online kaufen. Asseln \u2013 klein, grau und h\u00e4sslich? Von wegen! In den letzten Jahren brach eine...\" \/>\n<meta property=\"og:url\" content=\"https:\/\/insektenliebe.com\/de\/shop\/produkt\/reptilia-140-asseln-als-futter-und-terrarientiere\/\" \/>\n<meta property=\"og:site_name\" content=\"Insektenliebe\" \/>\n<meta property=\"article:modified_time\" content=\"2026-02-10T19:53:55+00:00\" \/>\n<meta property=\"og:image\" content=\"https:\/\/insektenliebe.com\/wp-content\/uploads\/2025\/05\/REPTILIA-140-Asseln-als-Futter-und-Terrarientiere-2.jpg\" \/>\n\t<meta property=\"og:image:width\" content=\"1280\" \/>\n\t<meta property=\"og:image:height\" content=\"853\" \/>\n\t<meta property=\"og:image:type\" content=\"image\/jpeg\" \/>\n<meta name=\"twitter:card\" content=\"summary_large_image\" \/>\n<meta name=\"twitter:label1\" content=\"Preis\" \/>\n\t<meta name=\"twitter:data1\" content=\"7,80&nbsp;&euro; inkl. MwSt. zzgl. Versand\" \/>\n\t<meta name=\"twitter:label2\" content=\"Verf\u00fcgbarkeit\" \/>\n\t<meta name=\"twitter:data2\" content=\"ausverkauft\" \/>\n<script type=\"application\/ld+json\" class=\"yoast-schema-graph\">{\"@context\":\"https:\\\/\\\/schema.org\",\"@graph\":[{\"@type\":\"WebPage\",\"@id\":\"https:\\\/\\\/insektenliebe.com\\\/de\\\/shop\\\/produkt\\\/reptilia-140-asseln-als-futter-und-terrarientiere\\\/\",\"url\":\"https:\\\/\\\/insektenliebe.com\\\/de\\\/shop\\\/produkt\\\/reptilia-140-asseln-als-futter-und-terrarientiere\\\/\",\"name\":\"REPTILIA 140 Asseln als Futter- und Terrarientiere - Insektenliebe\",\"isPartOf\":{\"@id\":\"https:\\\/\\\/insektenliebe.com\\\/de\\\/#website\"},\"primaryImageOfPage\":{\"@id\":\"https:\\\/\\\/insektenliebe.com\\\/de\\\/shop\\\/produkt\\\/reptilia-140-asseln-als-futter-und-terrarientiere\\\/#primaryimage\"},\"image\":{\"@id\":\"https:\\\/\\\/insektenliebe.com\\\/de\\\/shop\\\/produkt\\\/reptilia-140-asseln-als-futter-und-terrarientiere\\\/#primaryimage\"},\"thumbnailUrl\":\"https:\\\/\\\/insektenliebe.com\\\/wp-content\\\/uploads\\\/2025\\\/05\\\/REPTILIA-140-Asseln-als-Futter-und-Terrarientiere-2.jpg\",\"datePublished\":\"2020-06-25T11:49:53+00:00\",\"dateModified\":\"2026-02-10T19:53:55+00:00\",\"description\":\"G\u00fcnstig REPTILIA 140 Asseln als Futter- und Terrarientiere online kaufen. Asseln \u2013 klein, grau und h\u00e4sslich? Von wegen! In den letzten Jahren brach eine...\",\"breadcrumb\":{\"@id\":\"https:\\\/\\\/insektenliebe.com\\\/de\\\/shop\\\/produkt\\\/reptilia-140-asseln-als-futter-und-terrarientiere\\\/#breadcrumb\"},\"inLanguage\":\"de\",\"potentialAction\":[{\"@type\":\"ReadAction\",\"target\":[\"https:\\\/\\\/insektenliebe.com\\\/de\\\/shop\\\/produkt\\\/reptilia-140-asseln-als-futter-und-terrarientiere\\\/\"]}]},{\"@type\":\"ImageObject\",\"inLanguage\":\"de\",\"@id\":\"https:\\\/\\\/insektenliebe.com\\\/de\\\/shop\\\/produkt\\\/reptilia-140-asseln-als-futter-und-terrarientiere\\\/#primaryimage\",\"url\":\"https:\\\/\\\/insektenliebe.com\\\/wp-content\\\/uploads\\\/2025\\\/05\\\/REPTILIA-140-Asseln-als-Futter-und-Terrarientiere-2.jpg\",\"contentUrl\":\"https:\\\/\\\/insektenliebe.com\\\/wp-content\\\/uploads\\\/2025\\\/05\\\/REPTILIA-140-Asseln-als-Futter-und-Terrarientiere-2.jpg\",\"width\":1280,\"height\":853,\"caption\":\"REPTILIA-140-Asseln-als-Futter-und-Terrarientiere-2.jpg\"},{\"@type\":\"BreadcrumbList\",\"@id\":\"https:\\\/\\\/insektenliebe.com\\\/de\\\/shop\\\/produkt\\\/reptilia-140-asseln-als-futter-und-terrarientiere\\\/#breadcrumb\",\"itemListElement\":[{\"@type\":\"ListItem\",\"position\":1,\"name\":\"Startseite\",\"item\":\"https:\\\/\\\/insektenliebe.com\\\/de\\\/\"},{\"@type\":\"ListItem\",\"position\":2,\"name\":\"Shop\",\"item\":\"https:\\\/\\\/insektenliebe.com\\\/de\\\/shop\\\/\"},{\"@type\":\"ListItem\",\"position\":3,\"name\":\"REPTILIA 140 Asseln als Futter- und Terrarientiere\"}]},{\"@type\":\"WebSite\",\"@id\":\"https:\\\/\\\/insektenliebe.com\\\/de\\\/#website\",\"url\":\"https:\\\/\\\/insektenliebe.com\\\/de\\\/\",\"name\":\"Insektenliebe\",\"description\":\"Dein Zuhause f\u00fcr die kleinen Lebewesen\",\"publisher\":{\"@id\":\"https:\\\/\\\/insektenliebe.com\\\/de\\\/#organization\"},\"potentialAction\":[{\"@type\":\"SearchAction\",\"target\":{\"@type\":\"EntryPoint\",\"urlTemplate\":\"https:\\\/\\\/insektenliebe.com\\\/de\\\/?s={search_term_string}\"},\"query-input\":{\"@type\":\"PropertyValueSpecification\",\"valueRequired\":true,\"valueName\":\"search_term_string\"}}],\"inLanguage\":\"de\"},{\"@type\":\"Organization\",\"@id\":\"https:\\\/\\\/insektenliebe.com\\\/de\\\/#organization\",\"name\":\"Insektenliebe\",\"url\":\"https:\\\/\\\/insektenliebe.com\\\/de\\\/\",\"logo\":{\"@type\":\"ImageObject\",\"inLanguage\":\"de\",\"@id\":\"https:\\\/\\\/insektenliebe.com\\\/de\\\/#\\\/schema\\\/logo\\\/image\\\/\",\"url\":\"https:\\\/\\\/insektenliebe.com\\\/wp-content\\\/uploads\\\/2025\\\/03\\\/logo-white.png\",\"contentUrl\":\"https:\\\/\\\/insektenliebe.com\\\/wp-content\\\/uploads\\\/2025\\\/03\\\/logo-white.png\",\"width\":288,\"height\":188,\"caption\":\"Insektenliebe\"},\"image\":{\"@id\":\"https:\\\/\\\/insektenliebe.com\\\/de\\\/#\\\/schema\\\/logo\\\/image\\\/\"}}]}<\/script>\n<meta property=\"product:price:amount\" content=\"7.80\" \/>\n<meta property=\"product:price:currency\" content=\"EUR\" \/>\n<meta property=\"og:availability\" content=\"out of stock\" \/>\n<meta property=\"product:availability\" content=\"out of stock\" \/>\n<meta property=\"product:retailer_item_id\" content=\"167\" \/>\n<meta property=\"product:condition\" content=\"new\" \/>\n<!-- \/ Yoast SEO Premium plugin. -->","yoast_head_json":{"title":"REPTILIA 140 Asseln als Futter- und Terrarientiere - Insektenliebe","description":"G\u00fcnstig REPTILIA 140 Asseln als Futter- und Terrarientiere online kaufen. Asseln \u2013 klein, grau und h\u00e4sslich? Von wegen! In den letzten Jahren brach eine...","robots":{"index":"index","follow":"follow","max-snippet":"max-snippet:-1","max-image-preview":"max-image-preview:large","max-video-preview":"max-video-preview:-1"},"canonical":"https:\/\/insektenliebe.com\/de\/shop\/produkt\/reptilia-140-asseln-als-futter-und-terrarientiere\/","og_locale":"de_DE","og_type":"article","og_title":"REPTILIA 140 Asseln als Futter- und Terrarientiere","og_description":"G\u00fcnstig REPTILIA 140 Asseln als Futter- und Terrarientiere online kaufen. Asseln \u2013 klein, grau und h\u00e4sslich? Von wegen! In den letzten Jahren brach eine...","og_url":"https:\/\/insektenliebe.com\/de\/shop\/produkt\/reptilia-140-asseln-als-futter-und-terrarientiere\/","og_site_name":"Insektenliebe","article_modified_time":"2026-02-10T19:53:55+00:00","og_image":[{"width":1280,"height":853,"url":"https:\/\/insektenliebe.com\/wp-content\/uploads\/2025\/05\/REPTILIA-140-Asseln-als-Futter-und-Terrarientiere-2.jpg","type":"image\/jpeg"}],"twitter_card":"summary_large_image","twitter_misc":{"Preis":"7,80&nbsp;&euro; inkl. MwSt. zzgl. Versand","Verf\u00fcgbarkeit":"ausverkauft"},"schema":{"@context":"https:\/\/schema.org","@graph":[{"@type":"WebPage","@id":"https:\/\/insektenliebe.com\/de\/shop\/produkt\/reptilia-140-asseln-als-futter-und-terrarientiere\/","url":"https:\/\/insektenliebe.com\/de\/shop\/produkt\/reptilia-140-asseln-als-futter-und-terrarientiere\/","name":"REPTILIA 140 Asseln als Futter- und Terrarientiere - Insektenliebe","isPartOf":{"@id":"https:\/\/insektenliebe.com\/de\/#website"},"primaryImageOfPage":{"@id":"https:\/\/insektenliebe.com\/de\/shop\/produkt\/reptilia-140-asseln-als-futter-und-terrarientiere\/#primaryimage"},"image":{"@id":"https:\/\/insektenliebe.com\/de\/shop\/produkt\/reptilia-140-asseln-als-futter-und-terrarientiere\/#primaryimage"},"thumbnailUrl":"https:\/\/insektenliebe.com\/wp-content\/uploads\/2025\/05\/REPTILIA-140-Asseln-als-Futter-und-Terrarientiere-2.jpg","datePublished":"2020-06-25T11:49:53+00:00","dateModified":"2026-02-10T19:53:55+00:00","description":"G\u00fcnstig REPTILIA 140 Asseln als Futter- und Terrarientiere online kaufen. Asseln \u2013 klein, grau und h\u00e4sslich? Von wegen! In den letzten Jahren brach eine...","breadcrumb":{"@id":"https:\/\/insektenliebe.com\/de\/shop\/produkt\/reptilia-140-asseln-als-futter-und-terrarientiere\/#breadcrumb"},"inLanguage":"de","potentialAction":[{"@type":"ReadAction","target":["https:\/\/insektenliebe.com\/de\/shop\/produkt\/reptilia-140-asseln-als-futter-und-terrarientiere\/"]}]},{"@type":"ImageObject","inLanguage":"de","@id":"https:\/\/insektenliebe.com\/de\/shop\/produkt\/reptilia-140-asseln-als-futter-und-terrarientiere\/#primaryimage","url":"https:\/\/insektenliebe.com\/wp-content\/uploads\/2025\/05\/REPTILIA-140-Asseln-als-Futter-und-Terrarientiere-2.jpg","contentUrl":"https:\/\/insektenliebe.com\/wp-content\/uploads\/2025\/05\/REPTILIA-140-Asseln-als-Futter-und-Terrarientiere-2.jpg","width":1280,"height":853,"caption":"REPTILIA-140-Asseln-als-Futter-und-Terrarientiere-2.jpg"},{"@type":"BreadcrumbList","@id":"https:\/\/insektenliebe.com\/de\/shop\/produkt\/reptilia-140-asseln-als-futter-und-terrarientiere\/#breadcrumb","itemListElement":[{"@type":"ListItem","position":1,"name":"Startseite","item":"https:\/\/insektenliebe.com\/de\/"},{"@type":"ListItem","position":2,"name":"Shop","item":"https:\/\/insektenliebe.com\/de\/shop\/"},{"@type":"ListItem","position":3,"name":"REPTILIA 140 Asseln als Futter- und Terrarientiere"}]},{"@type":"WebSite","@id":"https:\/\/insektenliebe.com\/de\/#website","url":"https:\/\/insektenliebe.com\/de\/","name":"Insektenliebe","description":"Dein Zuhause f\u00fcr die kleinen Lebewesen","publisher":{"@id":"https:\/\/insektenliebe.com\/de\/#organization"},"potentialAction":[{"@type":"SearchAction","target":{"@type":"EntryPoint","urlTemplate":"https:\/\/insektenliebe.com\/de\/?s={search_term_string}"},"query-input":{"@type":"PropertyValueSpecification","valueRequired":true,"valueName":"search_term_string"}}],"inLanguage":"de"},{"@type":"Organization","@id":"https:\/\/insektenliebe.com\/de\/#organization","name":"Insektenliebe","url":"https:\/\/insektenliebe.com\/de\/","logo":{"@type":"ImageObject","inLanguage":"de","@id":"https:\/\/insektenliebe.com\/de\/#\/schema\/logo\/image\/","url":"https:\/\/insektenliebe.com\/wp-content\/uploads\/2025\/03\/logo-white.png","contentUrl":"https:\/\/insektenliebe.com\/wp-content\/uploads\/2025\/03\/logo-white.png","width":288,"height":188,"caption":"Insektenliebe"},"image":{"@id":"https:\/\/insektenliebe.com\/de\/#\/schema\/logo\/image\/"}}]},"product_price_amount":"7.80","product_price_currency":"EUR","og_availability":"out of stock","product_availability":"out of stock","product_retailer_item_id":"167","product_condition":"new"},"_links":{"self":[{"href":"https:\/\/insektenliebe.com\/de\/wp-json\/wp\/v2\/product\/4846","targetHints":{"allow":["GET"]}}],"collection":[{"href":"https:\/\/insektenliebe.com\/de\/wp-json\/wp\/v2\/product"}],"about":[{"href":"https:\/\/insektenliebe.com\/de\/wp-json\/wp\/v2\/types\/product"}],"wp:featuredmedia":[{"embeddable":true,"href":"https:\/\/insektenliebe.com\/de\/wp-json\/wp\/v2\/media\/4899"}],"wp:attachment":[{"href":"https:\/\/insektenliebe.com\/de\/wp-json\/wp\/v2\/media?parent=4846"}],"wp:term":[{"taxonomy":"product-supplier","embeddable":true,"href":"https:\/\/insektenliebe.com\/de\/wp-json\/wp\/v2\/product-supplier?post=4846"},{"taxonomy":"product_brand","embeddable":true,"href":"https:\/\/insektenliebe.com\/de\/wp-json\/wp\/v2\/product_brand?post=4846"},{"taxonomy":"product_cat","embeddable":true,"href":"https:\/\/insektenliebe.com\/de\/wp-json\/wp\/v2\/product_cat?post=4846"},{"taxonomy":"product_tag","embeddable":true,"href":"https:\/\/insektenliebe.com\/de\/wp-json\/wp\/v2\/product_tag?post=4846"},{"taxonomy":"lce-checkout-addons","embeddable":true,"href":"https:\/\/insektenliebe.com\/de\/wp-json\/wp\/v2\/lce-checkout-addons?post=4846"}],"curies":[{"name":"wp","href":"https:\/\/api.w.org\/{rel}","templated":true}]}}