{"id":4842,"date":"2020-06-11T14:07:34","date_gmt":"2020-06-11T12:07:34","guid":{"rendered":"http:\/\/localhost\/ins-test\/?post_type=product&#038;p=4842"},"modified":"2026-03-06T18:44:33","modified_gmt":"2026-03-06T17:44:33","slug":"hysterocrates-gigas-afrikanische-riesenvogelspinne","status":"publish","type":"product","link":"https:\/\/insektenliebe.com\/de\/shop\/produkt\/hysterocrates-gigas-afrikanische-riesenvogelspinne\/","title":{"rendered":"Hysterocrates gigas \"Afrikanische Riesenvogelspinne\""},"content":{"rendered":"<p>Kurzbeschreibung zu Hysterocrates gigas:<\/p>\n<div class=\"page\" title=\"Page 1\">\n<div class=\"layoutArea\">\n<div class=\"column\">\n<p>Hyserocrates gigas halten sich bevorzugt in unterirdischen G\u00e4ngen auf und ben\u00f6tigen daher auch einen h\u00f6heren Bodengrund.\u00a0Die Substrath\u00f6he aus <a href=\"https:\/\/insektenliebe.com\/shop\/waldhumus\/\">Waldhumus<\/a> sollte bei 10-15 cm H\u00f6he liegen. Die Terrariumgr\u00f6\u00dfe sollte mindestens 35x35x35 cm betragen.<\/p>\n<p>Eine Schale zur Wasseraufnahme muss zus\u00e4tzlich angeboten werden.<\/p>\n<\/div>\n<\/div>\n<\/div>\n<p><strong>Herkunft: <\/strong>Kamerun<\/p>\n<p><strong>Temperatur: <\/strong>Tag\u00a027-30 \u00b0C \/ Nacht 20 \u00b0C<\/p>\n<p><strong>Luftfeuchtigkeit: <\/strong>75-80%<\/p>\n<p><strong>Gr\u00f6\u00dfe: <\/strong>9 cm<\/p>\n<p><strong>Nahrung:\u00a0<\/strong><\/p>\n<ul>\n<li><a href=\"https:\/\/insektenliebe.com\/shop\/blaptica-dubia-argentinische-waldschabe\/\">Blaptica dubia \"Argentinische Waldschaben\"<\/a><\/li>\n<li><a href=\"https:\/\/insektenliebe.com\/shop\/shelfordella-lateralis-schokoschaben\/\">Shelfordella lateralis \"Schokoschaben\"<\/a><\/li>\n<li><a href=\"https:\/\/insektenliebe.com\/shop\/ofenfischchen-thermobia-domestica\/\">Ofenfischchen<\/a><\/li>\n<li><a href=\"https:\/\/insektenliebe.com\/shop\/gromphadorhina-portentosa-madagaskar-fauchschabe\/\">Gromphadorhina portentosa \"Madagaskar Fauchschaben\"<\/a><\/li>\n<li>Grillen<\/li>\n<\/ul>\n<p><img decoding=\"async\" src=\"https:\/\/insektenliebe.com\/wp-content\/uploads\/2019\/01\/IMG_8486-bearbeitet.jpg\" alt=\"Assel Komplettset\" \/><\/p>\n<p><strong>Komplettset kaufen<\/strong><\/p>\n<h5>\u2713 Bereits voll ausgestattet<\/h5>\n<h5>\u2713 Leichter Einstieg<\/h5>\n<h5>\u2713 G\u00fcnstiger Preis<\/h5>\n<p><strong>Vogelspinnen Terrarium kaufen<\/strong><\/p>\n<h5>\u2713 Bereits voll ausgestattet<\/h5>\n<h5>\u2713 Leichter Einstieg<\/h5>\n<h5>\u2713\u00a0Hohe Qualit\u00e4t<\/h5>\n","protected":false},"excerpt":{"rendered":"<p>Kurzbeschreibung zu Hysterocrates gigas: Hyserocrates gigas halten sich bevorzugt in unterirdischen G\u00e4ngen auf und ben\u00f6tigen daher auch einen h\u00f6heren Bodengrund.\u00a0Die Substrath\u00f6he aus Waldhumus sollte bei 10-15 cm H\u00f6he liegen. Die Terrariumgr\u00f6\u00dfe sollte mindestens 35x35x35 cm betragen. Eine Schale zur Wasseraufnahme muss zus\u00e4tzlich angeboten werden. Herkunft: Kamerun Temperatur: Tag\u00a027-30 \u00b0C \/ Nacht 20 \u00b0C Luftfeuchtigkeit: 75-80% [&hellip;]<\/p>\n","protected":false},"featured_media":4872,"template":"","meta":{"_acf_changed":false},"product-supplier":[],"product_brand":[],"product_cat":[626,48],"product_tag":[],"lce-checkout-addons":[1202],"class_list":{"0":"post-4842","1":"product","2":"type-product","3":"status-publish","4":"has-post-thumbnail","6":"product_cat-spinnen","7":"product_cat-vogelspinnen","8":"product_shipping_class-animal-shipping","9":"lce-checkout-addons-winterverpackung","11":"first","12":"outofstock","13":"taxable","14":"shipping-taxable","15":"product-type-variable","16":"has-default-attributes"},"acf":[],"yoast_head":"<!-- This site is optimized with the Yoast SEO Premium plugin v26.8 (Yoast SEO v27.3) - https:\/\/yoast.com\/product\/yoast-seo-premium-wordpress\/ -->\n<title>Hysterocrates gigas &quot;Afrikanische Riesenvogelspinne&quot; - Insektenliebe<\/title>\n<meta name=\"description\" content=\"G\u00fcnstige Hysterocrates gigas direkt online kaufen. Die Afrikanische Riesenvogelspinne kann hier direkt vom Z\u00fcchter gekauft werden.\" \/>\n<meta name=\"robots\" content=\"index, follow, max-snippet:-1, max-image-preview:large, max-video-preview:-1\" \/>\n<link rel=\"canonical\" href=\"https:\/\/insektenliebe.com\/de\/shop\/produkt\/hysterocrates-gigas-afrikanische-riesenvogelspinne\/\" \/>\n<meta property=\"og:locale\" content=\"de_DE\" \/>\n<meta property=\"og:type\" content=\"article\" \/>\n<meta property=\"og:title\" content=\"Hysterocrates gigas &quot;Afrikanische Riesenvogelspinne&quot;\" \/>\n<meta property=\"og:description\" content=\"G\u00fcnstige Hysterocrates gigas direkt online kaufen. Die Afrikanische Riesenvogelspinne kann hier direkt vom Z\u00fcchter gekauft werden.\" \/>\n<meta property=\"og:url\" content=\"https:\/\/insektenliebe.com\/de\/shop\/produkt\/hysterocrates-gigas-afrikanische-riesenvogelspinne\/\" \/>\n<meta property=\"og:site_name\" content=\"Insektenliebe\" \/>\n<meta property=\"article:modified_time\" content=\"2026-03-06T17:44:33+00:00\" \/>\n<meta property=\"og:image\" content=\"https:\/\/insektenliebe.com\/wp-content\/uploads\/2025\/05\/Hysterocrates-gigas-scaled-3.jpg\" \/>\n\t<meta property=\"og:image:width\" content=\"2560\" \/>\n\t<meta property=\"og:image:height\" content=\"1707\" \/>\n\t<meta property=\"og:image:type\" content=\"image\/jpeg\" \/>\n<meta name=\"twitter:card\" content=\"summary_large_image\" \/>\n<meta name=\"twitter:label1\" content=\"Verf\u00fcgbarkeit\" \/>\n\t<meta name=\"twitter:data1\" content=\"ausverkauft\" \/>\n<script type=\"application\/ld+json\" class=\"yoast-schema-graph\">{\"@context\":\"https:\\\/\\\/schema.org\",\"@graph\":[{\"@type\":\"WebPage\",\"@id\":\"https:\\\/\\\/insektenliebe.com\\\/de\\\/shop\\\/produkt\\\/hysterocrates-gigas-afrikanische-riesenvogelspinne\\\/\",\"url\":\"https:\\\/\\\/insektenliebe.com\\\/de\\\/shop\\\/produkt\\\/hysterocrates-gigas-afrikanische-riesenvogelspinne\\\/\",\"name\":\"Hysterocrates gigas \\\"Afrikanische Riesenvogelspinne\\\" - Insektenliebe\",\"isPartOf\":{\"@id\":\"https:\\\/\\\/insektenliebe.com\\\/de\\\/#website\"},\"primaryImageOfPage\":{\"@id\":\"https:\\\/\\\/insektenliebe.com\\\/de\\\/shop\\\/produkt\\\/hysterocrates-gigas-afrikanische-riesenvogelspinne\\\/#primaryimage\"},\"image\":{\"@id\":\"https:\\\/\\\/insektenliebe.com\\\/de\\\/shop\\\/produkt\\\/hysterocrates-gigas-afrikanische-riesenvogelspinne\\\/#primaryimage\"},\"thumbnailUrl\":\"https:\\\/\\\/insektenliebe.com\\\/wp-content\\\/uploads\\\/2025\\\/05\\\/Hysterocrates-gigas-scaled-3.jpg\",\"datePublished\":\"2020-06-11T12:07:34+00:00\",\"dateModified\":\"2026-03-06T17:44:33+00:00\",\"description\":\"G\u00fcnstige Hysterocrates gigas direkt online kaufen. Die Afrikanische Riesenvogelspinne kann hier direkt vom Z\u00fcchter gekauft werden.\",\"breadcrumb\":{\"@id\":\"https:\\\/\\\/insektenliebe.com\\\/de\\\/shop\\\/produkt\\\/hysterocrates-gigas-afrikanische-riesenvogelspinne\\\/#breadcrumb\"},\"inLanguage\":\"de\",\"potentialAction\":[{\"@type\":\"ReadAction\",\"target\":[\"https:\\\/\\\/insektenliebe.com\\\/de\\\/shop\\\/produkt\\\/hysterocrates-gigas-afrikanische-riesenvogelspinne\\\/\"]}]},{\"@type\":\"ImageObject\",\"inLanguage\":\"de\",\"@id\":\"https:\\\/\\\/insektenliebe.com\\\/de\\\/shop\\\/produkt\\\/hysterocrates-gigas-afrikanische-riesenvogelspinne\\\/#primaryimage\",\"url\":\"https:\\\/\\\/insektenliebe.com\\\/wp-content\\\/uploads\\\/2025\\\/05\\\/Hysterocrates-gigas-scaled-3.jpg\",\"contentUrl\":\"https:\\\/\\\/insektenliebe.com\\\/wp-content\\\/uploads\\\/2025\\\/05\\\/Hysterocrates-gigas-scaled-3.jpg\",\"width\":2560,\"height\":1707,\"caption\":\"Hysterocrates-gigas-scaled-3.jpg\"},{\"@type\":\"BreadcrumbList\",\"@id\":\"https:\\\/\\\/insektenliebe.com\\\/de\\\/shop\\\/produkt\\\/hysterocrates-gigas-afrikanische-riesenvogelspinne\\\/#breadcrumb\",\"itemListElement\":[{\"@type\":\"ListItem\",\"position\":1,\"name\":\"Startseite\",\"item\":\"https:\\\/\\\/insektenliebe.com\\\/de\\\/\"},{\"@type\":\"ListItem\",\"position\":2,\"name\":\"Shop\",\"item\":\"https:\\\/\\\/insektenliebe.com\\\/de\\\/shop\\\/\"},{\"@type\":\"ListItem\",\"position\":3,\"name\":\"Hysterocrates gigas \\\"Afrikanische Riesenvogelspinne\\\"\"}]},{\"@type\":\"WebSite\",\"@id\":\"https:\\\/\\\/insektenliebe.com\\\/de\\\/#website\",\"url\":\"https:\\\/\\\/insektenliebe.com\\\/de\\\/\",\"name\":\"Insektenliebe\",\"description\":\"Dein Zuhause f\u00fcr die kleinen Lebewesen\",\"publisher\":{\"@id\":\"https:\\\/\\\/insektenliebe.com\\\/de\\\/#organization\"},\"potentialAction\":[{\"@type\":\"SearchAction\",\"target\":{\"@type\":\"EntryPoint\",\"urlTemplate\":\"https:\\\/\\\/insektenliebe.com\\\/de\\\/?s={search_term_string}\"},\"query-input\":{\"@type\":\"PropertyValueSpecification\",\"valueRequired\":true,\"valueName\":\"search_term_string\"}}],\"inLanguage\":\"de\"},{\"@type\":\"Organization\",\"@id\":\"https:\\\/\\\/insektenliebe.com\\\/de\\\/#organization\",\"name\":\"Insektenliebe\",\"url\":\"https:\\\/\\\/insektenliebe.com\\\/de\\\/\",\"logo\":{\"@type\":\"ImageObject\",\"inLanguage\":\"de\",\"@id\":\"https:\\\/\\\/insektenliebe.com\\\/de\\\/#\\\/schema\\\/logo\\\/image\\\/\",\"url\":\"https:\\\/\\\/insektenliebe.com\\\/wp-content\\\/uploads\\\/2025\\\/03\\\/logo-white.png\",\"contentUrl\":\"https:\\\/\\\/insektenliebe.com\\\/wp-content\\\/uploads\\\/2025\\\/03\\\/logo-white.png\",\"width\":288,\"height\":188,\"caption\":\"Insektenliebe\"},\"image\":{\"@id\":\"https:\\\/\\\/insektenliebe.com\\\/de\\\/#\\\/schema\\\/logo\\\/image\\\/\"}}]}<\/script>\n<meta property=\"og:availability\" content=\"out of stock\" \/>\n<meta property=\"product:availability\" content=\"out of stock\" \/>\n<meta property=\"product:retailer_item_id\" content=\"166\" \/>\n<meta property=\"product:condition\" content=\"new\" \/>\n<!-- \/ Yoast SEO Premium plugin. -->","yoast_head_json":{"title":"Hysterocrates gigas \"Afrikanische Riesenvogelspinne\" - Insektenliebe","description":"G\u00fcnstige Hysterocrates gigas direkt online kaufen. Die Afrikanische Riesenvogelspinne kann hier direkt vom Z\u00fcchter gekauft werden.","robots":{"index":"index","follow":"follow","max-snippet":"max-snippet:-1","max-image-preview":"max-image-preview:large","max-video-preview":"max-video-preview:-1"},"canonical":"https:\/\/insektenliebe.com\/de\/shop\/produkt\/hysterocrates-gigas-afrikanische-riesenvogelspinne\/","og_locale":"de_DE","og_type":"article","og_title":"Hysterocrates gigas \"Afrikanische Riesenvogelspinne\"","og_description":"G\u00fcnstige Hysterocrates gigas direkt online kaufen. Die Afrikanische Riesenvogelspinne kann hier direkt vom Z\u00fcchter gekauft werden.","og_url":"https:\/\/insektenliebe.com\/de\/shop\/produkt\/hysterocrates-gigas-afrikanische-riesenvogelspinne\/","og_site_name":"Insektenliebe","article_modified_time":"2026-03-06T17:44:33+00:00","og_image":[{"width":2560,"height":1707,"url":"https:\/\/insektenliebe.com\/wp-content\/uploads\/2025\/05\/Hysterocrates-gigas-scaled-3.jpg","type":"image\/jpeg"}],"twitter_card":"summary_large_image","twitter_misc":{"Verf\u00fcgbarkeit":"ausverkauft"},"schema":{"@context":"https:\/\/schema.org","@graph":[{"@type":"WebPage","@id":"https:\/\/insektenliebe.com\/de\/shop\/produkt\/hysterocrates-gigas-afrikanische-riesenvogelspinne\/","url":"https:\/\/insektenliebe.com\/de\/shop\/produkt\/hysterocrates-gigas-afrikanische-riesenvogelspinne\/","name":"Hysterocrates gigas \"Afrikanische Riesenvogelspinne\" - Insektenliebe","isPartOf":{"@id":"https:\/\/insektenliebe.com\/de\/#website"},"primaryImageOfPage":{"@id":"https:\/\/insektenliebe.com\/de\/shop\/produkt\/hysterocrates-gigas-afrikanische-riesenvogelspinne\/#primaryimage"},"image":{"@id":"https:\/\/insektenliebe.com\/de\/shop\/produkt\/hysterocrates-gigas-afrikanische-riesenvogelspinne\/#primaryimage"},"thumbnailUrl":"https:\/\/insektenliebe.com\/wp-content\/uploads\/2025\/05\/Hysterocrates-gigas-scaled-3.jpg","datePublished":"2020-06-11T12:07:34+00:00","dateModified":"2026-03-06T17:44:33+00:00","description":"G\u00fcnstige Hysterocrates gigas direkt online kaufen. Die Afrikanische Riesenvogelspinne kann hier direkt vom Z\u00fcchter gekauft werden.","breadcrumb":{"@id":"https:\/\/insektenliebe.com\/de\/shop\/produkt\/hysterocrates-gigas-afrikanische-riesenvogelspinne\/#breadcrumb"},"inLanguage":"de","potentialAction":[{"@type":"ReadAction","target":["https:\/\/insektenliebe.com\/de\/shop\/produkt\/hysterocrates-gigas-afrikanische-riesenvogelspinne\/"]}]},{"@type":"ImageObject","inLanguage":"de","@id":"https:\/\/insektenliebe.com\/de\/shop\/produkt\/hysterocrates-gigas-afrikanische-riesenvogelspinne\/#primaryimage","url":"https:\/\/insektenliebe.com\/wp-content\/uploads\/2025\/05\/Hysterocrates-gigas-scaled-3.jpg","contentUrl":"https:\/\/insektenliebe.com\/wp-content\/uploads\/2025\/05\/Hysterocrates-gigas-scaled-3.jpg","width":2560,"height":1707,"caption":"Hysterocrates-gigas-scaled-3.jpg"},{"@type":"BreadcrumbList","@id":"https:\/\/insektenliebe.com\/de\/shop\/produkt\/hysterocrates-gigas-afrikanische-riesenvogelspinne\/#breadcrumb","itemListElement":[{"@type":"ListItem","position":1,"name":"Startseite","item":"https:\/\/insektenliebe.com\/de\/"},{"@type":"ListItem","position":2,"name":"Shop","item":"https:\/\/insektenliebe.com\/de\/shop\/"},{"@type":"ListItem","position":3,"name":"Hysterocrates gigas \"Afrikanische Riesenvogelspinne\""}]},{"@type":"WebSite","@id":"https:\/\/insektenliebe.com\/de\/#website","url":"https:\/\/insektenliebe.com\/de\/","name":"Insektenliebe","description":"Dein Zuhause f\u00fcr die kleinen Lebewesen","publisher":{"@id":"https:\/\/insektenliebe.com\/de\/#organization"},"potentialAction":[{"@type":"SearchAction","target":{"@type":"EntryPoint","urlTemplate":"https:\/\/insektenliebe.com\/de\/?s={search_term_string}"},"query-input":{"@type":"PropertyValueSpecification","valueRequired":true,"valueName":"search_term_string"}}],"inLanguage":"de"},{"@type":"Organization","@id":"https:\/\/insektenliebe.com\/de\/#organization","name":"Insektenliebe","url":"https:\/\/insektenliebe.com\/de\/","logo":{"@type":"ImageObject","inLanguage":"de","@id":"https:\/\/insektenliebe.com\/de\/#\/schema\/logo\/image\/","url":"https:\/\/insektenliebe.com\/wp-content\/uploads\/2025\/03\/logo-white.png","contentUrl":"https:\/\/insektenliebe.com\/wp-content\/uploads\/2025\/03\/logo-white.png","width":288,"height":188,"caption":"Insektenliebe"},"image":{"@id":"https:\/\/insektenliebe.com\/de\/#\/schema\/logo\/image\/"}}]},"og_availability":"out of stock","product_availability":"out of stock","product_retailer_item_id":"166","product_condition":"new"},"_links":{"self":[{"href":"https:\/\/insektenliebe.com\/de\/wp-json\/wp\/v2\/product\/4842","targetHints":{"allow":["GET"]}}],"collection":[{"href":"https:\/\/insektenliebe.com\/de\/wp-json\/wp\/v2\/product"}],"about":[{"href":"https:\/\/insektenliebe.com\/de\/wp-json\/wp\/v2\/types\/product"}],"wp:featuredmedia":[{"embeddable":true,"href":"https:\/\/insektenliebe.com\/de\/wp-json\/wp\/v2\/media\/4872"}],"wp:attachment":[{"href":"https:\/\/insektenliebe.com\/de\/wp-json\/wp\/v2\/media?parent=4842"}],"wp:term":[{"taxonomy":"product-supplier","embeddable":true,"href":"https:\/\/insektenliebe.com\/de\/wp-json\/wp\/v2\/product-supplier?post=4842"},{"taxonomy":"product_brand","embeddable":true,"href":"https:\/\/insektenliebe.com\/de\/wp-json\/wp\/v2\/product_brand?post=4842"},{"taxonomy":"product_cat","embeddable":true,"href":"https:\/\/insektenliebe.com\/de\/wp-json\/wp\/v2\/product_cat?post=4842"},{"taxonomy":"product_tag","embeddable":true,"href":"https:\/\/insektenliebe.com\/de\/wp-json\/wp\/v2\/product_tag?post=4842"},{"taxonomy":"lce-checkout-addons","embeddable":true,"href":"https:\/\/insektenliebe.com\/de\/wp-json\/wp\/v2\/lce-checkout-addons?post=4842"}],"curies":[{"name":"wp","href":"https:\/\/api.w.org\/{rel}","templated":true}]}}